{"id":6659,"date":"2025-11-20T16:09:20","date_gmt":"2025-11-20T16:09:20","guid":{"rendered":"https:\/\/www.venisecollection.com\/shop\/women\/unkategorisiert\/rock-negro\/"},"modified":"2026-04-29T01:41:44","modified_gmt":"2026-04-29T01:41:44","slug":"rock-negro","status":"publish","type":"product","link":"https:\/\/www.venisecollection.com\/de\/shop\/women\/loafer-und-derbys\/rock-negro","title":{"rendered":"ROCK NEGRO"},"content":{"rendered":"<p style=\"text-align: justify;\">Die ROCK NEGRO Damen-Loafer verk\u00f6rpern zeitlose Eleganz mit einem Hauch moderner Raffinesse. Diese Loafer sind aus hochwertigem, gl\u00e4nzendem, schwarzen Leder gefertigt und verf\u00fcgen \u00fcber ein schickes, goldfarbenes Metalldetail auf der Vorderseite, das f\u00fcr ein luxuri\u00f6ses Finish sorgt. Der niedrige, eckige Absatz bietet ausgezeichneten Komfort f\u00fcr den Alltag und sorgt gleichzeitig f\u00fcr eine elegante Silhouette, die sowohl f\u00fcr professionelle als auch f\u00fcr legere Looks geeignet ist.  <\/p>\n<p style=\"text-align: justify;\">ROCK NEGRO kombiniert minimalistisches Design mit exquisiter Handwerkskunst und ist ein raffiniertes Basic in jeder Damengarderobe.<\/p>\n<p style=\"text-align: justify;\">Eigenschaften: Obermaterial: Echtes schwarzes Leder \u2013 Futter: Weiches, atmungsaktives Leder \u2013 Innensohle: Anatomisches Lederfu\u00dfbett \u2013 Absatzh\u00f6he: 3 cm \u2013 Detail: Elegantes, goldfarbenes Metalldetail<\/p>\n","protected":false},"excerpt":{"rendered":"<p>Die ROCK NEGRO Damen-Loafer verk\u00f6rpern zeitlose Eleganz mit einem Hauch moderner Raffinesse. Diese Loafer sind aus hochwertigem, gl\u00e4nzendem, schwarzen Leder gefertigt und verf\u00fcgen \u00fcber ein schickes, goldfarbenes Metalldetail auf der Vorderseite, das f\u00fcr ein luxuri\u00f6ses Finish sorgt. Der niedrige, eckige Absatz bietet ausgezeichneten Komfort f\u00fcr den Alltag und sorgt gleichzeitig f\u00fcr eine elegante Silhouette, die &hellip;<\/p>\n","protected":false},"featured_media":6660,"template":"","meta":[],"product_brand":[357],"product_cat":[125],"product_tag":[],"class_list":{"0":"post-6659","1":"product","2":"type-product","3":"status-publish","4":"has-post-thumbnail","6":"product_brand-venise-collection","7":"product_cat-loafer-und-derbys","9":"first","10":"instock","11":"shipping-taxable","12":"purchasable","13":"product-type-variable","14":"has-default-attributes"},"yoast_head":"<!-- This site is optimized with the Yoast SEO plugin v27.5 - https:\/\/yoast.com\/product\/yoast-seo-wordpress\/ -->\n<title>ROCK NEGRO - VENISE COLLECTION<\/title>\n<meta name=\"robots\" content=\"index, follow, max-snippet:-1, max-image-preview:large, max-video-preview:-1\" \/>\n<link rel=\"canonical\" href=\"https:\/\/www.venisecollection.com\/de\/shop\/women\/loafer-und-derbys\/rock-negro\" \/>\n<meta property=\"og:locale\" content=\"de_DE\" \/>\n<meta property=\"og:type\" content=\"article\" \/>\n<meta property=\"og:title\" content=\"ROCK NEGRO - VENISE COLLECTION\" \/>\n<meta property=\"og:description\" content=\"Die ROCK NEGRO Damen-Loafer verk\u00f6rpern zeitlose Eleganz mit einem Hauch moderner Raffinesse. Diese Loafer sind aus hochwertigem, gl\u00e4nzendem, schwarzen Leder gefertigt und verf\u00fcgen \u00fcber ein schickes, goldfarbenes Metalldetail auf der Vorderseite, das f\u00fcr ein luxuri\u00f6ses Finish sorgt. Der niedrige, eckige Absatz bietet ausgezeichneten Komfort f\u00fcr den Alltag und sorgt gleichzeitig f\u00fcr eine elegante Silhouette, die &hellip;\" \/>\n<meta property=\"og:url\" content=\"https:\/\/www.venisecollection.com\/de\/shop\/women\/loafer-und-derbys\/rock-negro\" \/>\n<meta property=\"og:site_name\" content=\"VENISE COLLECTION\" \/>\n<meta property=\"article:modified_time\" content=\"2026-04-29T01:41:44+00:00\" \/>\n<meta property=\"og:image\" content=\"https:\/\/www.venisecollection.com\/cdn\/image.psd-163.webp\" \/>\n\t<meta property=\"og:image:width\" content=\"1280\" \/>\n\t<meta property=\"og:image:height\" content=\"1588\" \/>\n\t<meta property=\"og:image:type\" content=\"image\/webp\" \/>\n<meta name=\"twitter:card\" content=\"summary_large_image\" \/>\n<meta name=\"twitter:label1\" content=\"Gesch\u00e4tzte Lesezeit\" \/>\n\t<meta name=\"twitter:data1\" content=\"1\u00a0Minute\" \/>\n<script type=\"application\/ld+json\" class=\"yoast-schema-graph\">{\"@context\":\"https:\\\/\\\/schema.org\",\"@graph\":[{\"@type\":\"WebPage\",\"@id\":\"https:\\\/\\\/www.venisecollection.com\\\/de\\\/shop\\\/women\\\/loafer-und-derbys\\\/rock-negro\",\"url\":\"https:\\\/\\\/www.venisecollection.com\\\/de\\\/shop\\\/women\\\/loafer-und-derbys\\\/rock-negro\",\"name\":\"ROCK NEGRO - VENISE COLLECTION\",\"isPartOf\":{\"@id\":\"https:\\\/\\\/www.venisecollection.com\\\/de#website\"},\"primaryImageOfPage\":{\"@id\":\"https:\\\/\\\/www.venisecollection.com\\\/de\\\/shop\\\/women\\\/loafer-und-derbys\\\/rock-negro#primaryimage\"},\"image\":{\"@id\":\"https:\\\/\\\/www.venisecollection.com\\\/de\\\/shop\\\/women\\\/loafer-und-derbys\\\/rock-negro#primaryimage\"},\"thumbnailUrl\":\"https:\\\/\\\/www.venisecollection.com\\\/cdn\\\/image.psd-163.webp\",\"datePublished\":\"2025-11-20T16:09:20+00:00\",\"dateModified\":\"2026-04-29T01:41:44+00:00\",\"breadcrumb\":{\"@id\":\"https:\\\/\\\/www.venisecollection.com\\\/de\\\/shop\\\/women\\\/loafer-und-derbys\\\/rock-negro#breadcrumb\"},\"inLanguage\":\"de\",\"potentialAction\":[{\"@type\":\"ReadAction\",\"target\":[\"https:\\\/\\\/www.venisecollection.com\\\/de\\\/shop\\\/women\\\/loafer-und-derbys\\\/rock-negro\"]}]},{\"@type\":\"ImageObject\",\"inLanguage\":\"de\",\"@id\":\"https:\\\/\\\/www.venisecollection.com\\\/de\\\/shop\\\/women\\\/loafer-und-derbys\\\/rock-negro#primaryimage\",\"url\":\"https:\\\/\\\/www.venisecollection.com\\\/cdn\\\/image.psd-163.webp\",\"contentUrl\":\"https:\\\/\\\/www.venisecollection.com\\\/cdn\\\/image.psd-163.webp\",\"width\":1280,\"height\":1588},{\"@type\":\"BreadcrumbList\",\"@id\":\"https:\\\/\\\/www.venisecollection.com\\\/de\\\/shop\\\/women\\\/loafer-und-derbys\\\/rock-negro#breadcrumb\",\"itemListElement\":[{\"@type\":\"ListItem\",\"position\":1,\"name\":\"Home\",\"item\":\"https:\\\/\\\/www.venisecollection.com\\\/de\\\/shop\"},{\"@type\":\"ListItem\",\"position\":2,\"name\":\"Startseite\",\"item\":\"https:\\\/\\\/www.venisecollection.com\\\/de\\\/shop\"},{\"@type\":\"ListItem\",\"position\":3,\"name\":\"ROCK NEGRO\"}]},{\"@type\":\"WebSite\",\"@id\":\"https:\\\/\\\/www.venisecollection.com\\\/de#website\",\"url\":\"https:\\\/\\\/www.venisecollection.com\\\/de\",\"name\":\"VENISE COLLECTION\",\"description\":\"\",\"publisher\":{\"@id\":\"https:\\\/\\\/www.venisecollection.com\\\/de#organization\"},\"potentialAction\":[{\"@type\":\"SearchAction\",\"target\":{\"@type\":\"EntryPoint\",\"urlTemplate\":\"https:\\\/\\\/www.venisecollection.com\\\/de?s={search_term_string}\"},\"query-input\":{\"@type\":\"PropertyValueSpecification\",\"valueRequired\":true,\"valueName\":\"search_term_string\"}}],\"inLanguage\":\"de\"},{\"@type\":\"Organization\",\"@id\":\"https:\\\/\\\/www.venisecollection.com\\\/de#organization\",\"name\":\"VENISE COLLECTION\",\"url\":\"https:\\\/\\\/www.venisecollection.com\\\/de\",\"logo\":{\"@type\":\"ImageObject\",\"inLanguage\":\"de\",\"@id\":\"https:\\\/\\\/www.venisecollection.com\\\/de#\\\/schema\\\/logo\\\/image\\\/\",\"url\":\"https:\\\/\\\/www.venisecollection.com\\\/cdn\\\/seo.png\",\"contentUrl\":\"https:\\\/\\\/www.venisecollection.com\\\/cdn\\\/seo.png\",\"width\":1080,\"height\":1080,\"caption\":\"VENISE COLLECTION\"},\"image\":{\"@id\":\"https:\\\/\\\/www.venisecollection.com\\\/de#\\\/schema\\\/logo\\\/image\\\/\"},\"sameAs\":[\"https:\\\/\\\/www.instagram.com\\\/venisecollection\\\/\",\"https:\\\/\\\/fr.pinterest.com\\\/venisecollection\\\/\"]}]}<\/script>\n<!-- \/ Yoast SEO plugin. -->","yoast_head_json":{"title":"ROCK NEGRO - VENISE COLLECTION","robots":{"index":"index","follow":"follow","max-snippet":"max-snippet:-1","max-image-preview":"max-image-preview:large","max-video-preview":"max-video-preview:-1"},"canonical":"https:\/\/www.venisecollection.com\/de\/shop\/women\/loafer-und-derbys\/rock-negro","og_locale":"de_DE","og_type":"article","og_title":"ROCK NEGRO - VENISE COLLECTION","og_description":"Die ROCK NEGRO Damen-Loafer verk\u00f6rpern zeitlose Eleganz mit einem Hauch moderner Raffinesse. Diese Loafer sind aus hochwertigem, gl\u00e4nzendem, schwarzen Leder gefertigt und verf\u00fcgen \u00fcber ein schickes, goldfarbenes Metalldetail auf der Vorderseite, das f\u00fcr ein luxuri\u00f6ses Finish sorgt. Der niedrige, eckige Absatz bietet ausgezeichneten Komfort f\u00fcr den Alltag und sorgt gleichzeitig f\u00fcr eine elegante Silhouette, die &hellip;","og_url":"https:\/\/www.venisecollection.com\/de\/shop\/women\/loafer-und-derbys\/rock-negro","og_site_name":"VENISE COLLECTION","article_modified_time":"2026-04-29T01:41:44+00:00","og_image":[{"width":1280,"height":1588,"url":"https:\/\/www.venisecollection.com\/cdn\/image.psd-163.webp","type":"image\/webp"}],"twitter_card":"summary_large_image","twitter_misc":{"Gesch\u00e4tzte Lesezeit":"1\u00a0Minute"},"schema":{"@context":"https:\/\/schema.org","@graph":[{"@type":"WebPage","@id":"https:\/\/www.venisecollection.com\/de\/shop\/women\/loafer-und-derbys\/rock-negro","url":"https:\/\/www.venisecollection.com\/de\/shop\/women\/loafer-und-derbys\/rock-negro","name":"ROCK NEGRO - VENISE COLLECTION","isPartOf":{"@id":"https:\/\/www.venisecollection.com\/de#website"},"primaryImageOfPage":{"@id":"https:\/\/www.venisecollection.com\/de\/shop\/women\/loafer-und-derbys\/rock-negro#primaryimage"},"image":{"@id":"https:\/\/www.venisecollection.com\/de\/shop\/women\/loafer-und-derbys\/rock-negro#primaryimage"},"thumbnailUrl":"https:\/\/www.venisecollection.com\/cdn\/image.psd-163.webp","datePublished":"2025-11-20T16:09:20+00:00","dateModified":"2026-04-29T01:41:44+00:00","breadcrumb":{"@id":"https:\/\/www.venisecollection.com\/de\/shop\/women\/loafer-und-derbys\/rock-negro#breadcrumb"},"inLanguage":"de","potentialAction":[{"@type":"ReadAction","target":["https:\/\/www.venisecollection.com\/de\/shop\/women\/loafer-und-derbys\/rock-negro"]}]},{"@type":"ImageObject","inLanguage":"de","@id":"https:\/\/www.venisecollection.com\/de\/shop\/women\/loafer-und-derbys\/rock-negro#primaryimage","url":"https:\/\/www.venisecollection.com\/cdn\/image.psd-163.webp","contentUrl":"https:\/\/www.venisecollection.com\/cdn\/image.psd-163.webp","width":1280,"height":1588},{"@type":"BreadcrumbList","@id":"https:\/\/www.venisecollection.com\/de\/shop\/women\/loafer-und-derbys\/rock-negro#breadcrumb","itemListElement":[{"@type":"ListItem","position":1,"name":"Home","item":"https:\/\/www.venisecollection.com\/de\/shop"},{"@type":"ListItem","position":2,"name":"Startseite","item":"https:\/\/www.venisecollection.com\/de\/shop"},{"@type":"ListItem","position":3,"name":"ROCK NEGRO"}]},{"@type":"WebSite","@id":"https:\/\/www.venisecollection.com\/de#website","url":"https:\/\/www.venisecollection.com\/de","name":"VENISE COLLECTION","description":"","publisher":{"@id":"https:\/\/www.venisecollection.com\/de#organization"},"potentialAction":[{"@type":"SearchAction","target":{"@type":"EntryPoint","urlTemplate":"https:\/\/www.venisecollection.com\/de?s={search_term_string}"},"query-input":{"@type":"PropertyValueSpecification","valueRequired":true,"valueName":"search_term_string"}}],"inLanguage":"de"},{"@type":"Organization","@id":"https:\/\/www.venisecollection.com\/de#organization","name":"VENISE COLLECTION","url":"https:\/\/www.venisecollection.com\/de","logo":{"@type":"ImageObject","inLanguage":"de","@id":"https:\/\/www.venisecollection.com\/de#\/schema\/logo\/image\/","url":"https:\/\/www.venisecollection.com\/cdn\/seo.png","contentUrl":"https:\/\/www.venisecollection.com\/cdn\/seo.png","width":1080,"height":1080,"caption":"VENISE COLLECTION"},"image":{"@id":"https:\/\/www.venisecollection.com\/de#\/schema\/logo\/image\/"},"sameAs":["https:\/\/www.instagram.com\/venisecollection\/","https:\/\/fr.pinterest.com\/venisecollection\/"]}]}},"_links":{"self":[{"href":"https:\/\/www.venisecollection.com\/de\/wp-json\/wp\/v2\/product\/6659","targetHints":{"allow":["GET"]}}],"collection":[{"href":"https:\/\/www.venisecollection.com\/de\/wp-json\/wp\/v2\/product"}],"about":[{"href":"https:\/\/www.venisecollection.com\/de\/wp-json\/wp\/v2\/types\/product"}],"wp:featuredmedia":[{"embeddable":true,"href":"https:\/\/www.venisecollection.com\/de\/wp-json\/wp\/v2\/media\/6660"}],"wp:attachment":[{"href":"https:\/\/www.venisecollection.com\/de\/wp-json\/wp\/v2\/media?parent=6659"}],"wp:term":[{"taxonomy":"product_brand","embeddable":true,"href":"https:\/\/www.venisecollection.com\/de\/wp-json\/wp\/v2\/product_brand?post=6659"},{"taxonomy":"product_cat","embeddable":true,"href":"https:\/\/www.venisecollection.com\/de\/wp-json\/wp\/v2\/product_cat?post=6659"},{"taxonomy":"product_tag","embeddable":true,"href":"https:\/\/www.venisecollection.com\/de\/wp-json\/wp\/v2\/product_tag?post=6659"}],"curies":[{"name":"wp","href":"https:\/\/api.w.org\/{rel}","templated":true}]}}