{"id":6807,"date":"2025-12-20T16:08:44","date_gmt":"2025-12-20T16:08:44","guid":{"rendered":"https:\/\/www.venisecollection.com\/shop\/women\/unkategorisiert\/sisko-jaguar-miele\/"},"modified":"2026-04-16T00:38:11","modified_gmt":"2026-04-16T00:38:11","slug":"sisko-jaguar-miele","status":"publish","type":"product","link":"https:\/\/www.venisecollection.com\/de\/shop\/women\/ballerinas\/sisko-jaguar-miele","title":{"rendered":"SISKO JAGUAR MIELE"},"content":{"rendered":"<p style=\"text-align: justify;\">Tauchen Sie ein in italienische Eleganz mit den VENISE COLLECTION SISKO JAGUAR MIELE Ballerinas, einem k\u00fchnen und doch raffinierten Statement aus Kalbshaar mit Leopardenmuster. Handgefertigt in Italien aus feinem Leder und Textilfasern, verf\u00fcgen diese Ballerinas \u00fcber eine charmante Schleife vorne, eine runde Zehenpartie und einen niedrigen Blockabsatz f\u00fcr ganzt\u00e4gigen Komfort und Eleganz. Das Lederfutter und die strapazierf\u00e4hige Gummisohle machen sie perfekt f\u00fcr die t\u00e4gliche Eleganz. Dieses Modell f\u00e4llt gro\u00df aus; wir empfehlen, eine Nummer kleiner zu w\u00e4hlen.   <\/p>\n","protected":false},"excerpt":{"rendered":"<p>Tauchen Sie ein in italienische Eleganz mit den VENISE COLLECTION SISKO JAGUAR MIELE Ballerinas, einem k\u00fchnen und doch raffinierten Statement aus Kalbshaar mit Leopardenmuster. Handgefertigt in Italien aus feinem Leder und Textilfasern, verf\u00fcgen diese Ballerinas \u00fcber eine charmante Schleife vorne, eine runde Zehenpartie und einen niedrigen Blockabsatz f\u00fcr ganzt\u00e4gigen Komfort und Eleganz. Das Lederfutter und &hellip;<\/p>\n","protected":false},"featured_media":6808,"template":"","meta":[],"product_brand":[69],"product_cat":[68],"product_tag":[],"class_list":{"0":"post-6807","1":"product","2":"type-product","3":"status-publish","4":"has-post-thumbnail","6":"product_brand-venise-collection","7":"product_cat-ballerinas","9":"first","10":"instock","11":"shipping-taxable","12":"purchasable","13":"product-type-variable","14":"has-default-attributes"},"yoast_head":"<!-- This site is optimized with the Yoast SEO plugin v27.4 - https:\/\/yoast.com\/product\/yoast-seo-wordpress\/ -->\n<title>SISKO JAGUAR MIELE - VENISE COLLECTION<\/title>\n<meta name=\"robots\" content=\"index, follow, max-snippet:-1, max-image-preview:large, max-video-preview:-1\" \/>\n<link rel=\"canonical\" href=\"https:\/\/www.venisecollection.com\/de\/shop\/women\/ballerinas\/sisko-jaguar-miele\" \/>\n<meta property=\"og:locale\" content=\"de_DE\" \/>\n<meta property=\"og:type\" content=\"article\" \/>\n<meta property=\"og:title\" content=\"SISKO JAGUAR MIELE - VENISE COLLECTION\" \/>\n<meta property=\"og:description\" content=\"Tauchen Sie ein in italienische Eleganz mit den VENISE COLLECTION SISKO JAGUAR MIELE Ballerinas, einem k\u00fchnen und doch raffinierten Statement aus Kalbshaar mit Leopardenmuster. Handgefertigt in Italien aus feinem Leder und Textilfasern, verf\u00fcgen diese Ballerinas \u00fcber eine charmante Schleife vorne, eine runde Zehenpartie und einen niedrigen Blockabsatz f\u00fcr ganzt\u00e4gigen Komfort und Eleganz. Das Lederfutter und &hellip;\" \/>\n<meta property=\"og:url\" content=\"https:\/\/www.venisecollection.com\/de\/shop\/women\/ballerinas\/sisko-jaguar-miele\" \/>\n<meta property=\"og:site_name\" content=\"VENISE COLLECTION\" \/>\n<meta property=\"article:modified_time\" content=\"2026-04-16T00:38:11+00:00\" \/>\n<meta property=\"og:image\" content=\"https:\/\/www.venisecollection.com\/cdn\/image.psd-221.webp\" \/>\n\t<meta property=\"og:image:width\" content=\"1280\" \/>\n\t<meta property=\"og:image:height\" content=\"1588\" \/>\n\t<meta property=\"og:image:type\" content=\"image\/webp\" \/>\n<meta name=\"twitter:card\" content=\"summary_large_image\" \/>\n<script type=\"application\/ld+json\" class=\"yoast-schema-graph\">{\"@context\":\"https:\\\/\\\/schema.org\",\"@graph\":[{\"@type\":\"WebPage\",\"@id\":\"https:\\\/\\\/www.venisecollection.com\\\/de\\\/shop\\\/women\\\/ballerinas\\\/sisko-jaguar-miele\",\"url\":\"https:\\\/\\\/www.venisecollection.com\\\/de\\\/shop\\\/women\\\/ballerinas\\\/sisko-jaguar-miele\",\"name\":\"SISKO JAGUAR MIELE - VENISE COLLECTION\",\"isPartOf\":{\"@id\":\"https:\\\/\\\/www.venisecollection.com\\\/de#website\"},\"primaryImageOfPage\":{\"@id\":\"https:\\\/\\\/www.venisecollection.com\\\/de\\\/shop\\\/women\\\/ballerinas\\\/sisko-jaguar-miele#primaryimage\"},\"image\":{\"@id\":\"https:\\\/\\\/www.venisecollection.com\\\/de\\\/shop\\\/women\\\/ballerinas\\\/sisko-jaguar-miele#primaryimage\"},\"thumbnailUrl\":\"https:\\\/\\\/www.venisecollection.com\\\/cdn\\\/image.psd-221.webp\",\"datePublished\":\"2025-12-20T16:08:44+00:00\",\"dateModified\":\"2026-04-16T00:38:11+00:00\",\"breadcrumb\":{\"@id\":\"https:\\\/\\\/www.venisecollection.com\\\/de\\\/shop\\\/women\\\/ballerinas\\\/sisko-jaguar-miele#breadcrumb\"},\"inLanguage\":\"de\",\"potentialAction\":[{\"@type\":\"ReadAction\",\"target\":[\"https:\\\/\\\/www.venisecollection.com\\\/de\\\/shop\\\/women\\\/ballerinas\\\/sisko-jaguar-miele\"]}]},{\"@type\":\"ImageObject\",\"inLanguage\":\"de\",\"@id\":\"https:\\\/\\\/www.venisecollection.com\\\/de\\\/shop\\\/women\\\/ballerinas\\\/sisko-jaguar-miele#primaryimage\",\"url\":\"https:\\\/\\\/www.venisecollection.com\\\/cdn\\\/image.psd-221.webp\",\"contentUrl\":\"https:\\\/\\\/www.venisecollection.com\\\/cdn\\\/image.psd-221.webp\",\"width\":1280,\"height\":1588},{\"@type\":\"BreadcrumbList\",\"@id\":\"https:\\\/\\\/www.venisecollection.com\\\/de\\\/shop\\\/women\\\/ballerinas\\\/sisko-jaguar-miele#breadcrumb\",\"itemListElement\":[{\"@type\":\"ListItem\",\"position\":1,\"name\":\"Home\",\"item\":\"https:\\\/\\\/www.venisecollection.com\\\/de\\\/shop\"},{\"@type\":\"ListItem\",\"position\":2,\"name\":\"Startseite\",\"item\":\"https:\\\/\\\/www.venisecollection.com\\\/de\\\/shop\"},{\"@type\":\"ListItem\",\"position\":3,\"name\":\"SISKO JAGUAR MIELE\"}]},{\"@type\":\"WebSite\",\"@id\":\"https:\\\/\\\/www.venisecollection.com\\\/de#website\",\"url\":\"https:\\\/\\\/www.venisecollection.com\\\/de\",\"name\":\"VENISE COLLECTION\",\"description\":\"\",\"publisher\":{\"@id\":\"https:\\\/\\\/www.venisecollection.com\\\/de#organization\"},\"potentialAction\":[{\"@type\":\"SearchAction\",\"target\":{\"@type\":\"EntryPoint\",\"urlTemplate\":\"https:\\\/\\\/www.venisecollection.com\\\/de?s={search_term_string}\"},\"query-input\":{\"@type\":\"PropertyValueSpecification\",\"valueRequired\":true,\"valueName\":\"search_term_string\"}}],\"inLanguage\":\"de\"},{\"@type\":\"Organization\",\"@id\":\"https:\\\/\\\/www.venisecollection.com\\\/de#organization\",\"name\":\"VENISE COLLECTION\",\"url\":\"https:\\\/\\\/www.venisecollection.com\\\/de\",\"logo\":{\"@type\":\"ImageObject\",\"inLanguage\":\"de\",\"@id\":\"https:\\\/\\\/www.venisecollection.com\\\/de#\\\/schema\\\/logo\\\/image\\\/\",\"url\":\"https:\\\/\\\/www.venisecollection.com\\\/cdn\\\/seo.png\",\"contentUrl\":\"https:\\\/\\\/www.venisecollection.com\\\/cdn\\\/seo.png\",\"width\":1080,\"height\":1080,\"caption\":\"VENISE COLLECTION\"},\"image\":{\"@id\":\"https:\\\/\\\/www.venisecollection.com\\\/de#\\\/schema\\\/logo\\\/image\\\/\"},\"sameAs\":[\"https:\\\/\\\/www.instagram.com\\\/venisecollection\\\/\",\"https:\\\/\\\/fr.pinterest.com\\\/venisecollection\\\/\"]}]}<\/script>\n<!-- \/ Yoast SEO plugin. -->","yoast_head_json":{"title":"SISKO JAGUAR MIELE - VENISE COLLECTION","robots":{"index":"index","follow":"follow","max-snippet":"max-snippet:-1","max-image-preview":"max-image-preview:large","max-video-preview":"max-video-preview:-1"},"canonical":"https:\/\/www.venisecollection.com\/de\/shop\/women\/ballerinas\/sisko-jaguar-miele","og_locale":"de_DE","og_type":"article","og_title":"SISKO JAGUAR MIELE - VENISE COLLECTION","og_description":"Tauchen Sie ein in italienische Eleganz mit den VENISE COLLECTION SISKO JAGUAR MIELE Ballerinas, einem k\u00fchnen und doch raffinierten Statement aus Kalbshaar mit Leopardenmuster. Handgefertigt in Italien aus feinem Leder und Textilfasern, verf\u00fcgen diese Ballerinas \u00fcber eine charmante Schleife vorne, eine runde Zehenpartie und einen niedrigen Blockabsatz f\u00fcr ganzt\u00e4gigen Komfort und Eleganz. Das Lederfutter und &hellip;","og_url":"https:\/\/www.venisecollection.com\/de\/shop\/women\/ballerinas\/sisko-jaguar-miele","og_site_name":"VENISE COLLECTION","article_modified_time":"2026-04-16T00:38:11+00:00","og_image":[{"width":1280,"height":1588,"url":"https:\/\/www.venisecollection.com\/cdn\/image.psd-221.webp","type":"image\/webp"}],"twitter_card":"summary_large_image","schema":{"@context":"https:\/\/schema.org","@graph":[{"@type":"WebPage","@id":"https:\/\/www.venisecollection.com\/de\/shop\/women\/ballerinas\/sisko-jaguar-miele","url":"https:\/\/www.venisecollection.com\/de\/shop\/women\/ballerinas\/sisko-jaguar-miele","name":"SISKO JAGUAR MIELE - VENISE COLLECTION","isPartOf":{"@id":"https:\/\/www.venisecollection.com\/de#website"},"primaryImageOfPage":{"@id":"https:\/\/www.venisecollection.com\/de\/shop\/women\/ballerinas\/sisko-jaguar-miele#primaryimage"},"image":{"@id":"https:\/\/www.venisecollection.com\/de\/shop\/women\/ballerinas\/sisko-jaguar-miele#primaryimage"},"thumbnailUrl":"https:\/\/www.venisecollection.com\/cdn\/image.psd-221.webp","datePublished":"2025-12-20T16:08:44+00:00","dateModified":"2026-04-16T00:38:11+00:00","breadcrumb":{"@id":"https:\/\/www.venisecollection.com\/de\/shop\/women\/ballerinas\/sisko-jaguar-miele#breadcrumb"},"inLanguage":"de","potentialAction":[{"@type":"ReadAction","target":["https:\/\/www.venisecollection.com\/de\/shop\/women\/ballerinas\/sisko-jaguar-miele"]}]},{"@type":"ImageObject","inLanguage":"de","@id":"https:\/\/www.venisecollection.com\/de\/shop\/women\/ballerinas\/sisko-jaguar-miele#primaryimage","url":"https:\/\/www.venisecollection.com\/cdn\/image.psd-221.webp","contentUrl":"https:\/\/www.venisecollection.com\/cdn\/image.psd-221.webp","width":1280,"height":1588},{"@type":"BreadcrumbList","@id":"https:\/\/www.venisecollection.com\/de\/shop\/women\/ballerinas\/sisko-jaguar-miele#breadcrumb","itemListElement":[{"@type":"ListItem","position":1,"name":"Home","item":"https:\/\/www.venisecollection.com\/de\/shop"},{"@type":"ListItem","position":2,"name":"Startseite","item":"https:\/\/www.venisecollection.com\/de\/shop"},{"@type":"ListItem","position":3,"name":"SISKO JAGUAR MIELE"}]},{"@type":"WebSite","@id":"https:\/\/www.venisecollection.com\/de#website","url":"https:\/\/www.venisecollection.com\/de","name":"VENISE COLLECTION","description":"","publisher":{"@id":"https:\/\/www.venisecollection.com\/de#organization"},"potentialAction":[{"@type":"SearchAction","target":{"@type":"EntryPoint","urlTemplate":"https:\/\/www.venisecollection.com\/de?s={search_term_string}"},"query-input":{"@type":"PropertyValueSpecification","valueRequired":true,"valueName":"search_term_string"}}],"inLanguage":"de"},{"@type":"Organization","@id":"https:\/\/www.venisecollection.com\/de#organization","name":"VENISE COLLECTION","url":"https:\/\/www.venisecollection.com\/de","logo":{"@type":"ImageObject","inLanguage":"de","@id":"https:\/\/www.venisecollection.com\/de#\/schema\/logo\/image\/","url":"https:\/\/www.venisecollection.com\/cdn\/seo.png","contentUrl":"https:\/\/www.venisecollection.com\/cdn\/seo.png","width":1080,"height":1080,"caption":"VENISE COLLECTION"},"image":{"@id":"https:\/\/www.venisecollection.com\/de#\/schema\/logo\/image\/"},"sameAs":["https:\/\/www.instagram.com\/venisecollection\/","https:\/\/fr.pinterest.com\/venisecollection\/"]}]}},"_links":{"self":[{"href":"https:\/\/www.venisecollection.com\/de\/wp-json\/wp\/v2\/product\/6807","targetHints":{"allow":["GET"]}}],"collection":[{"href":"https:\/\/www.venisecollection.com\/de\/wp-json\/wp\/v2\/product"}],"about":[{"href":"https:\/\/www.venisecollection.com\/de\/wp-json\/wp\/v2\/types\/product"}],"wp:featuredmedia":[{"embeddable":true,"href":"https:\/\/www.venisecollection.com\/de\/wp-json\/wp\/v2\/media\/6808"}],"wp:attachment":[{"href":"https:\/\/www.venisecollection.com\/de\/wp-json\/wp\/v2\/media?parent=6807"}],"wp:term":[{"taxonomy":"product_brand","embeddable":true,"href":"https:\/\/www.venisecollection.com\/de\/wp-json\/wp\/v2\/product_brand?post=6807"},{"taxonomy":"product_cat","embeddable":true,"href":"https:\/\/www.venisecollection.com\/de\/wp-json\/wp\/v2\/product_cat?post=6807"},{"taxonomy":"product_tag","embeddable":true,"href":"https:\/\/www.venisecollection.com\/de\/wp-json\/wp\/v2\/product_tag?post=6807"}],"curies":[{"name":"wp","href":"https:\/\/api.w.org\/{rel}","templated":true}]}}