{"id":6892,"date":"2025-12-20T16:07:40","date_gmt":"2025-12-20T16:07:40","guid":{"rendered":"https:\/\/www.venisecollection.com\/shop\/women\/unkategorisiert\/warmbat-durack-damen-plateau-reissverschluss\/"},"modified":"2026-04-29T01:44:30","modified_gmt":"2026-04-29T01:44:30","slug":"warmbat-durack-damen-plateau-reissverschluss","status":"publish","type":"product","link":"https:\/\/www.venisecollection.com\/de\/shop\/women\/stiefel\/warmbat-durack-damen-plateau-reissverschluss","title":{"rendered":"Warmbat DURACK DAMEN PLATEAU REISSVERSCHLUSS"},"content":{"rendered":"<p style=\"text-align: justify;\">Der Warmbat Durack Damen Wildleder Stiefel Plateau ist die perfekte Mischung aus W\u00e4rme, Komfort und m\u00fchelosem Stil. Diese Stiefel wurden f\u00fcr die Herbst-\/Wintersaison entworfen und verf\u00fcgen \u00fcber ein weiches Wildleder-Obermaterial, eine runde Zehenpartie und ein Design ohne Verschluss f\u00fcr einfaches Tragen. Im Inneren h\u00e4lt luxuri\u00f6ses Merinowollfutter Ihre F\u00fc\u00dfe auch an den k\u00e4ltesten Tagen warm, w\u00e4hrend die thermoplastische Gummisohle f\u00fcr dauerhafte Traktion und Stabilit\u00e4t sorgt.  <\/p>\n","protected":false},"excerpt":{"rendered":"<p>Der Warmbat Durack Damen Wildleder Stiefel Plateau ist die perfekte Mischung aus W\u00e4rme, Komfort und m\u00fchelosem Stil. Diese Stiefel wurden f\u00fcr die Herbst-\/Wintersaison entworfen und verf\u00fcgen \u00fcber ein weiches Wildleder-Obermaterial, eine runde Zehenpartie und ein Design ohne Verschluss f\u00fcr einfaches Tragen. Im Inneren h\u00e4lt luxuri\u00f6ses Merinowollfutter Ihre F\u00fc\u00dfe auch an den k\u00e4ltesten Tagen warm, w\u00e4hrend &hellip;<\/p>\n","protected":false},"featured_media":6898,"template":"","meta":[],"product_brand":[370],"product_cat":[115],"product_tag":[],"class_list":{"0":"post-6892","1":"product","2":"type-product","3":"status-publish","4":"has-post-thumbnail","6":"product_brand-warmbat","7":"product_cat-stiefel","9":"first","10":"instock","11":"shipping-taxable","12":"purchasable","13":"product-type-variable","14":"has-default-attributes"},"yoast_head":"<!-- This site is optimized with the Yoast SEO plugin v27.5 - https:\/\/yoast.com\/product\/yoast-seo-wordpress\/ -->\n<title>Warmbat DURACK DAMEN PLATEAU REISSVERSCHLUSS - VENISE COLLECTION<\/title>\n<meta name=\"robots\" content=\"index, follow, max-snippet:-1, max-image-preview:large, max-video-preview:-1\" \/>\n<link rel=\"canonical\" href=\"https:\/\/www.venisecollection.com\/de\/shop\/women\/stiefel\/warmbat-durack-damen-plateau-reissverschluss\" \/>\n<meta property=\"og:locale\" content=\"de_DE\" \/>\n<meta property=\"og:type\" content=\"article\" \/>\n<meta property=\"og:title\" content=\"Warmbat DURACK DAMEN PLATEAU REISSVERSCHLUSS - VENISE COLLECTION\" \/>\n<meta property=\"og:description\" content=\"Der Warmbat Durack Damen Wildleder Stiefel Plateau ist die perfekte Mischung aus W\u00e4rme, Komfort und m\u00fchelosem Stil. Diese Stiefel wurden f\u00fcr die Herbst-\/Wintersaison entworfen und verf\u00fcgen \u00fcber ein weiches Wildleder-Obermaterial, eine runde Zehenpartie und ein Design ohne Verschluss f\u00fcr einfaches Tragen. Im Inneren h\u00e4lt luxuri\u00f6ses Merinowollfutter Ihre F\u00fc\u00dfe auch an den k\u00e4ltesten Tagen warm, w\u00e4hrend &hellip;\" \/>\n<meta property=\"og:url\" content=\"https:\/\/www.venisecollection.com\/de\/shop\/women\/stiefel\/warmbat-durack-damen-plateau-reissverschluss\" \/>\n<meta property=\"og:site_name\" content=\"VENISE COLLECTION\" \/>\n<meta property=\"article:modified_time\" content=\"2026-04-29T01:44:30+00:00\" \/>\n<meta property=\"og:image\" content=\"https:\/\/www.venisecollection.com\/cdn\/image.psd-62.webp\" \/>\n\t<meta property=\"og:image:width\" content=\"1280\" \/>\n\t<meta property=\"og:image:height\" content=\"1588\" \/>\n\t<meta property=\"og:image:type\" content=\"image\/webp\" \/>\n<meta name=\"twitter:card\" content=\"summary_large_image\" \/>\n<script type=\"application\/ld+json\" class=\"yoast-schema-graph\">{\"@context\":\"https:\\\/\\\/schema.org\",\"@graph\":[{\"@type\":\"WebPage\",\"@id\":\"https:\\\/\\\/www.venisecollection.com\\\/de\\\/shop\\\/women\\\/stiefel\\\/warmbat-durack-damen-plateau-reissverschluss\",\"url\":\"https:\\\/\\\/www.venisecollection.com\\\/de\\\/shop\\\/women\\\/stiefel\\\/warmbat-durack-damen-plateau-reissverschluss\",\"name\":\"Warmbat DURACK DAMEN PLATEAU REISSVERSCHLUSS - VENISE COLLECTION\",\"isPartOf\":{\"@id\":\"https:\\\/\\\/www.venisecollection.com\\\/de#website\"},\"primaryImageOfPage\":{\"@id\":\"https:\\\/\\\/www.venisecollection.com\\\/de\\\/shop\\\/women\\\/stiefel\\\/warmbat-durack-damen-plateau-reissverschluss#primaryimage\"},\"image\":{\"@id\":\"https:\\\/\\\/www.venisecollection.com\\\/de\\\/shop\\\/women\\\/stiefel\\\/warmbat-durack-damen-plateau-reissverschluss#primaryimage\"},\"thumbnailUrl\":\"https:\\\/\\\/www.venisecollection.com\\\/cdn\\\/image.psd-62.webp\",\"datePublished\":\"2025-12-20T16:07:40+00:00\",\"dateModified\":\"2026-04-29T01:44:30+00:00\",\"breadcrumb\":{\"@id\":\"https:\\\/\\\/www.venisecollection.com\\\/de\\\/shop\\\/women\\\/stiefel\\\/warmbat-durack-damen-plateau-reissverschluss#breadcrumb\"},\"inLanguage\":\"de\",\"potentialAction\":[{\"@type\":\"ReadAction\",\"target\":[\"https:\\\/\\\/www.venisecollection.com\\\/de\\\/shop\\\/women\\\/stiefel\\\/warmbat-durack-damen-plateau-reissverschluss\"]}]},{\"@type\":\"ImageObject\",\"inLanguage\":\"de\",\"@id\":\"https:\\\/\\\/www.venisecollection.com\\\/de\\\/shop\\\/women\\\/stiefel\\\/warmbat-durack-damen-plateau-reissverschluss#primaryimage\",\"url\":\"https:\\\/\\\/www.venisecollection.com\\\/cdn\\\/image.psd-62.webp\",\"contentUrl\":\"https:\\\/\\\/www.venisecollection.com\\\/cdn\\\/image.psd-62.webp\",\"width\":1280,\"height\":1588},{\"@type\":\"BreadcrumbList\",\"@id\":\"https:\\\/\\\/www.venisecollection.com\\\/de\\\/shop\\\/women\\\/stiefel\\\/warmbat-durack-damen-plateau-reissverschluss#breadcrumb\",\"itemListElement\":[{\"@type\":\"ListItem\",\"position\":1,\"name\":\"Home\",\"item\":\"https:\\\/\\\/www.venisecollection.com\\\/de\\\/shop\"},{\"@type\":\"ListItem\",\"position\":2,\"name\":\"Startseite\",\"item\":\"https:\\\/\\\/www.venisecollection.com\\\/de\\\/shop\"},{\"@type\":\"ListItem\",\"position\":3,\"name\":\"Warmbat DURACK DAMEN PLATEAU REISSVERSCHLUSS\"}]},{\"@type\":\"WebSite\",\"@id\":\"https:\\\/\\\/www.venisecollection.com\\\/de#website\",\"url\":\"https:\\\/\\\/www.venisecollection.com\\\/de\",\"name\":\"VENISE COLLECTION\",\"description\":\"\",\"publisher\":{\"@id\":\"https:\\\/\\\/www.venisecollection.com\\\/de#organization\"},\"potentialAction\":[{\"@type\":\"SearchAction\",\"target\":{\"@type\":\"EntryPoint\",\"urlTemplate\":\"https:\\\/\\\/www.venisecollection.com\\\/de?s={search_term_string}\"},\"query-input\":{\"@type\":\"PropertyValueSpecification\",\"valueRequired\":true,\"valueName\":\"search_term_string\"}}],\"inLanguage\":\"de\"},{\"@type\":\"Organization\",\"@id\":\"https:\\\/\\\/www.venisecollection.com\\\/de#organization\",\"name\":\"VENISE COLLECTION\",\"url\":\"https:\\\/\\\/www.venisecollection.com\\\/de\",\"logo\":{\"@type\":\"ImageObject\",\"inLanguage\":\"de\",\"@id\":\"https:\\\/\\\/www.venisecollection.com\\\/de#\\\/schema\\\/logo\\\/image\\\/\",\"url\":\"https:\\\/\\\/www.venisecollection.com\\\/cdn\\\/seo.png\",\"contentUrl\":\"https:\\\/\\\/www.venisecollection.com\\\/cdn\\\/seo.png\",\"width\":1080,\"height\":1080,\"caption\":\"VENISE COLLECTION\"},\"image\":{\"@id\":\"https:\\\/\\\/www.venisecollection.com\\\/de#\\\/schema\\\/logo\\\/image\\\/\"},\"sameAs\":[\"https:\\\/\\\/www.instagram.com\\\/venisecollection\\\/\",\"https:\\\/\\\/fr.pinterest.com\\\/venisecollection\\\/\"]}]}<\/script>\n<!-- \/ Yoast SEO plugin. -->","yoast_head_json":{"title":"Warmbat DURACK DAMEN PLATEAU REISSVERSCHLUSS - VENISE COLLECTION","robots":{"index":"index","follow":"follow","max-snippet":"max-snippet:-1","max-image-preview":"max-image-preview:large","max-video-preview":"max-video-preview:-1"},"canonical":"https:\/\/www.venisecollection.com\/de\/shop\/women\/stiefel\/warmbat-durack-damen-plateau-reissverschluss","og_locale":"de_DE","og_type":"article","og_title":"Warmbat DURACK DAMEN PLATEAU REISSVERSCHLUSS - VENISE COLLECTION","og_description":"Der Warmbat Durack Damen Wildleder Stiefel Plateau ist die perfekte Mischung aus W\u00e4rme, Komfort und m\u00fchelosem Stil. Diese Stiefel wurden f\u00fcr die Herbst-\/Wintersaison entworfen und verf\u00fcgen \u00fcber ein weiches Wildleder-Obermaterial, eine runde Zehenpartie und ein Design ohne Verschluss f\u00fcr einfaches Tragen. Im Inneren h\u00e4lt luxuri\u00f6ses Merinowollfutter Ihre F\u00fc\u00dfe auch an den k\u00e4ltesten Tagen warm, w\u00e4hrend &hellip;","og_url":"https:\/\/www.venisecollection.com\/de\/shop\/women\/stiefel\/warmbat-durack-damen-plateau-reissverschluss","og_site_name":"VENISE COLLECTION","article_modified_time":"2026-04-29T01:44:30+00:00","og_image":[{"width":1280,"height":1588,"url":"https:\/\/www.venisecollection.com\/cdn\/image.psd-62.webp","type":"image\/webp"}],"twitter_card":"summary_large_image","schema":{"@context":"https:\/\/schema.org","@graph":[{"@type":"WebPage","@id":"https:\/\/www.venisecollection.com\/de\/shop\/women\/stiefel\/warmbat-durack-damen-plateau-reissverschluss","url":"https:\/\/www.venisecollection.com\/de\/shop\/women\/stiefel\/warmbat-durack-damen-plateau-reissverschluss","name":"Warmbat DURACK DAMEN PLATEAU REISSVERSCHLUSS - VENISE COLLECTION","isPartOf":{"@id":"https:\/\/www.venisecollection.com\/de#website"},"primaryImageOfPage":{"@id":"https:\/\/www.venisecollection.com\/de\/shop\/women\/stiefel\/warmbat-durack-damen-plateau-reissverschluss#primaryimage"},"image":{"@id":"https:\/\/www.venisecollection.com\/de\/shop\/women\/stiefel\/warmbat-durack-damen-plateau-reissverschluss#primaryimage"},"thumbnailUrl":"https:\/\/www.venisecollection.com\/cdn\/image.psd-62.webp","datePublished":"2025-12-20T16:07:40+00:00","dateModified":"2026-04-29T01:44:30+00:00","breadcrumb":{"@id":"https:\/\/www.venisecollection.com\/de\/shop\/women\/stiefel\/warmbat-durack-damen-plateau-reissverschluss#breadcrumb"},"inLanguage":"de","potentialAction":[{"@type":"ReadAction","target":["https:\/\/www.venisecollection.com\/de\/shop\/women\/stiefel\/warmbat-durack-damen-plateau-reissverschluss"]}]},{"@type":"ImageObject","inLanguage":"de","@id":"https:\/\/www.venisecollection.com\/de\/shop\/women\/stiefel\/warmbat-durack-damen-plateau-reissverschluss#primaryimage","url":"https:\/\/www.venisecollection.com\/cdn\/image.psd-62.webp","contentUrl":"https:\/\/www.venisecollection.com\/cdn\/image.psd-62.webp","width":1280,"height":1588},{"@type":"BreadcrumbList","@id":"https:\/\/www.venisecollection.com\/de\/shop\/women\/stiefel\/warmbat-durack-damen-plateau-reissverschluss#breadcrumb","itemListElement":[{"@type":"ListItem","position":1,"name":"Home","item":"https:\/\/www.venisecollection.com\/de\/shop"},{"@type":"ListItem","position":2,"name":"Startseite","item":"https:\/\/www.venisecollection.com\/de\/shop"},{"@type":"ListItem","position":3,"name":"Warmbat DURACK DAMEN PLATEAU REISSVERSCHLUSS"}]},{"@type":"WebSite","@id":"https:\/\/www.venisecollection.com\/de#website","url":"https:\/\/www.venisecollection.com\/de","name":"VENISE COLLECTION","description":"","publisher":{"@id":"https:\/\/www.venisecollection.com\/de#organization"},"potentialAction":[{"@type":"SearchAction","target":{"@type":"EntryPoint","urlTemplate":"https:\/\/www.venisecollection.com\/de?s={search_term_string}"},"query-input":{"@type":"PropertyValueSpecification","valueRequired":true,"valueName":"search_term_string"}}],"inLanguage":"de"},{"@type":"Organization","@id":"https:\/\/www.venisecollection.com\/de#organization","name":"VENISE COLLECTION","url":"https:\/\/www.venisecollection.com\/de","logo":{"@type":"ImageObject","inLanguage":"de","@id":"https:\/\/www.venisecollection.com\/de#\/schema\/logo\/image\/","url":"https:\/\/www.venisecollection.com\/cdn\/seo.png","contentUrl":"https:\/\/www.venisecollection.com\/cdn\/seo.png","width":1080,"height":1080,"caption":"VENISE COLLECTION"},"image":{"@id":"https:\/\/www.venisecollection.com\/de#\/schema\/logo\/image\/"},"sameAs":["https:\/\/www.instagram.com\/venisecollection\/","https:\/\/fr.pinterest.com\/venisecollection\/"]}]}},"_links":{"self":[{"href":"https:\/\/www.venisecollection.com\/de\/wp-json\/wp\/v2\/product\/6892","targetHints":{"allow":["GET"]}}],"collection":[{"href":"https:\/\/www.venisecollection.com\/de\/wp-json\/wp\/v2\/product"}],"about":[{"href":"https:\/\/www.venisecollection.com\/de\/wp-json\/wp\/v2\/types\/product"}],"wp:featuredmedia":[{"embeddable":true,"href":"https:\/\/www.venisecollection.com\/de\/wp-json\/wp\/v2\/media\/6898"}],"wp:attachment":[{"href":"https:\/\/www.venisecollection.com\/de\/wp-json\/wp\/v2\/media?parent=6892"}],"wp:term":[{"taxonomy":"product_brand","embeddable":true,"href":"https:\/\/www.venisecollection.com\/de\/wp-json\/wp\/v2\/product_brand?post=6892"},{"taxonomy":"product_cat","embeddable":true,"href":"https:\/\/www.venisecollection.com\/de\/wp-json\/wp\/v2\/product_cat?post=6892"},{"taxonomy":"product_tag","embeddable":true,"href":"https:\/\/www.venisecollection.com\/de\/wp-json\/wp\/v2\/product_tag?post=6892"}],"curies":[{"name":"wp","href":"https:\/\/api.w.org\/{rel}","templated":true}]}}