{"id":6905,"date":"2025-12-20T16:07:36","date_gmt":"2025-12-20T16:07:36","guid":{"rendered":"https:\/\/www.venisecollection.com\/shop\/women\/unkategorisiert\/agl-andrea\/"},"modified":"2026-04-29T01:38:37","modified_gmt":"2026-04-29T01:38:37","slug":"agl-andrea","status":"publish","type":"product","link":"https:\/\/www.venisecollection.com\/de\/shop\/women\/loafer-und-derbys\/agl-andrea","title":{"rendered":"AGL Andrea"},"content":{"rendered":"<p style=\"text-align: justify;\">Die Andrea Lace Up Derby-Schuhe f\u00fcr Damen verleihen der allt\u00e4glichen Eleganz eine britisch inspirierte Raffinesse. Gefertigt aus hochwertigem Kalbsleder und verziert mit traditioneller Broguierung, bieten sie eine edle, zeitlose \u00c4sthetik. <\/p>\n<p style=\"text-align: justify;\">Die anatomische Lederinnensohle sorgt f\u00fcr eine weiche, anpassungsf\u00e4hige Passform, w\u00e4hrend die ultraleichte, luftgesch\u00e4umte Gummisohle bei jedem Schritt hervorragenden Komfort und Flexibilit\u00e4t bietet.<br \/>\nStolz in Italien entworfen und hergestellt, sind diese Derbys die perfekte Wahl sowohl f\u00fcr gesch\u00e4ftliche als auch f\u00fcr elegante Freizeit-Anl\u00e4sse.<\/p>\n<p style=\"text-align: justify;\">Details: Obermaterial: Kalbsleder \u2013 Innensohle: Anatomisch, ledergef\u00fcttert \u2013 Sohle: Ultraleichte, luftgesch\u00e4umte Gummisohle \u2013 Hergestellt in Italien<\/p>\n","protected":false},"excerpt":{"rendered":"<p>Die Andrea Lace Up Derby-Schuhe f\u00fcr Damen verleihen der allt\u00e4glichen Eleganz eine britisch inspirierte Raffinesse. Gefertigt aus hochwertigem Kalbsleder und verziert mit traditioneller Broguierung, bieten sie eine edle, zeitlose \u00c4sthetik. Die anatomische Lederinnensohle sorgt f\u00fcr eine weiche, anpassungsf\u00e4hige Passform, w\u00e4hrend die ultraleichte, luftgesch\u00e4umte Gummisohle bei jedem Schritt hervorragenden Komfort und Flexibilit\u00e4t bietet. Stolz in Italien &hellip;<\/p>\n","protected":false},"featured_media":6910,"template":"","meta":[],"product_brand":[373,357],"product_cat":[125],"product_tag":[],"class_list":{"0":"post-6905","1":"product","2":"type-product","3":"status-publish","4":"has-post-thumbnail","6":"product_brand-agl","7":"product_brand-venise-collection","8":"product_cat-loafer-und-derbys","10":"first","11":"instock","12":"shipping-taxable","13":"purchasable","14":"product-type-variable","15":"has-default-attributes"},"yoast_head":"<!-- This site is optimized with the Yoast SEO plugin v27.5 - https:\/\/yoast.com\/product\/yoast-seo-wordpress\/ -->\n<title>AGL Andrea - VENISE COLLECTION<\/title>\n<meta name=\"robots\" content=\"index, follow, max-snippet:-1, max-image-preview:large, max-video-preview:-1\" \/>\n<link rel=\"canonical\" href=\"https:\/\/www.venisecollection.com\/de\/shop\/women\/loafer-und-derbys\/agl-andrea\" \/>\n<meta property=\"og:locale\" content=\"de_DE\" \/>\n<meta property=\"og:type\" content=\"article\" \/>\n<meta property=\"og:title\" content=\"AGL Andrea - VENISE COLLECTION\" \/>\n<meta property=\"og:description\" content=\"Die Andrea Lace Up Derby-Schuhe f\u00fcr Damen verleihen der allt\u00e4glichen Eleganz eine britisch inspirierte Raffinesse. Gefertigt aus hochwertigem Kalbsleder und verziert mit traditioneller Broguierung, bieten sie eine edle, zeitlose \u00c4sthetik. Die anatomische Lederinnensohle sorgt f\u00fcr eine weiche, anpassungsf\u00e4hige Passform, w\u00e4hrend die ultraleichte, luftgesch\u00e4umte Gummisohle bei jedem Schritt hervorragenden Komfort und Flexibilit\u00e4t bietet. Stolz in Italien &hellip;\" \/>\n<meta property=\"og:url\" content=\"https:\/\/www.venisecollection.com\/de\/shop\/women\/loafer-und-derbys\/agl-andrea\" \/>\n<meta property=\"og:site_name\" content=\"VENISE COLLECTION\" \/>\n<meta property=\"article:modified_time\" content=\"2026-04-29T01:38:37+00:00\" \/>\n<meta property=\"og:image\" content=\"https:\/\/www.venisecollection.com\/cdn\/image-59-10.webp\" \/>\n\t<meta property=\"og:image:width\" content=\"1280\" \/>\n\t<meta property=\"og:image:height\" content=\"1588\" \/>\n\t<meta property=\"og:image:type\" content=\"image\/webp\" \/>\n<meta name=\"twitter:card\" content=\"summary_large_image\" \/>\n<script type=\"application\/ld+json\" class=\"yoast-schema-graph\">{\"@context\":\"https:\\\/\\\/schema.org\",\"@graph\":[{\"@type\":\"WebPage\",\"@id\":\"https:\\\/\\\/www.venisecollection.com\\\/de\\\/shop\\\/women\\\/loafer-und-derbys\\\/agl-andrea\",\"url\":\"https:\\\/\\\/www.venisecollection.com\\\/de\\\/shop\\\/women\\\/loafer-und-derbys\\\/agl-andrea\",\"name\":\"AGL Andrea - VENISE COLLECTION\",\"isPartOf\":{\"@id\":\"https:\\\/\\\/www.venisecollection.com\\\/de#website\"},\"primaryImageOfPage\":{\"@id\":\"https:\\\/\\\/www.venisecollection.com\\\/de\\\/shop\\\/women\\\/loafer-und-derbys\\\/agl-andrea#primaryimage\"},\"image\":{\"@id\":\"https:\\\/\\\/www.venisecollection.com\\\/de\\\/shop\\\/women\\\/loafer-und-derbys\\\/agl-andrea#primaryimage\"},\"thumbnailUrl\":\"https:\\\/\\\/www.venisecollection.com\\\/cdn\\\/image-59-10.webp\",\"datePublished\":\"2025-12-20T16:07:36+00:00\",\"dateModified\":\"2026-04-29T01:38:37+00:00\",\"breadcrumb\":{\"@id\":\"https:\\\/\\\/www.venisecollection.com\\\/de\\\/shop\\\/women\\\/loafer-und-derbys\\\/agl-andrea#breadcrumb\"},\"inLanguage\":\"de\",\"potentialAction\":[{\"@type\":\"ReadAction\",\"target\":[\"https:\\\/\\\/www.venisecollection.com\\\/de\\\/shop\\\/women\\\/loafer-und-derbys\\\/agl-andrea\"]}]},{\"@type\":\"ImageObject\",\"inLanguage\":\"de\",\"@id\":\"https:\\\/\\\/www.venisecollection.com\\\/de\\\/shop\\\/women\\\/loafer-und-derbys\\\/agl-andrea#primaryimage\",\"url\":\"https:\\\/\\\/www.venisecollection.com\\\/cdn\\\/image-59-10.webp\",\"contentUrl\":\"https:\\\/\\\/www.venisecollection.com\\\/cdn\\\/image-59-10.webp\",\"width\":1280,\"height\":1588},{\"@type\":\"BreadcrumbList\",\"@id\":\"https:\\\/\\\/www.venisecollection.com\\\/de\\\/shop\\\/women\\\/loafer-und-derbys\\\/agl-andrea#breadcrumb\",\"itemListElement\":[{\"@type\":\"ListItem\",\"position\":1,\"name\":\"Home\",\"item\":\"https:\\\/\\\/www.venisecollection.com\\\/de\\\/shop\"},{\"@type\":\"ListItem\",\"position\":2,\"name\":\"Startseite\",\"item\":\"https:\\\/\\\/www.venisecollection.com\\\/de\\\/shop\"},{\"@type\":\"ListItem\",\"position\":3,\"name\":\"AGL Andrea\"}]},{\"@type\":\"WebSite\",\"@id\":\"https:\\\/\\\/www.venisecollection.com\\\/de#website\",\"url\":\"https:\\\/\\\/www.venisecollection.com\\\/de\",\"name\":\"VENISE COLLECTION\",\"description\":\"\",\"publisher\":{\"@id\":\"https:\\\/\\\/www.venisecollection.com\\\/de#organization\"},\"potentialAction\":[{\"@type\":\"SearchAction\",\"target\":{\"@type\":\"EntryPoint\",\"urlTemplate\":\"https:\\\/\\\/www.venisecollection.com\\\/de?s={search_term_string}\"},\"query-input\":{\"@type\":\"PropertyValueSpecification\",\"valueRequired\":true,\"valueName\":\"search_term_string\"}}],\"inLanguage\":\"de\"},{\"@type\":\"Organization\",\"@id\":\"https:\\\/\\\/www.venisecollection.com\\\/de#organization\",\"name\":\"VENISE COLLECTION\",\"url\":\"https:\\\/\\\/www.venisecollection.com\\\/de\",\"logo\":{\"@type\":\"ImageObject\",\"inLanguage\":\"de\",\"@id\":\"https:\\\/\\\/www.venisecollection.com\\\/de#\\\/schema\\\/logo\\\/image\\\/\",\"url\":\"https:\\\/\\\/www.venisecollection.com\\\/cdn\\\/seo.png\",\"contentUrl\":\"https:\\\/\\\/www.venisecollection.com\\\/cdn\\\/seo.png\",\"width\":1080,\"height\":1080,\"caption\":\"VENISE COLLECTION\"},\"image\":{\"@id\":\"https:\\\/\\\/www.venisecollection.com\\\/de#\\\/schema\\\/logo\\\/image\\\/\"},\"sameAs\":[\"https:\\\/\\\/www.instagram.com\\\/venisecollection\\\/\",\"https:\\\/\\\/fr.pinterest.com\\\/venisecollection\\\/\"]}]}<\/script>\n<!-- \/ Yoast SEO plugin. -->","yoast_head_json":{"title":"AGL Andrea - VENISE COLLECTION","robots":{"index":"index","follow":"follow","max-snippet":"max-snippet:-1","max-image-preview":"max-image-preview:large","max-video-preview":"max-video-preview:-1"},"canonical":"https:\/\/www.venisecollection.com\/de\/shop\/women\/loafer-und-derbys\/agl-andrea","og_locale":"de_DE","og_type":"article","og_title":"AGL Andrea - VENISE COLLECTION","og_description":"Die Andrea Lace Up Derby-Schuhe f\u00fcr Damen verleihen der allt\u00e4glichen Eleganz eine britisch inspirierte Raffinesse. Gefertigt aus hochwertigem Kalbsleder und verziert mit traditioneller Broguierung, bieten sie eine edle, zeitlose \u00c4sthetik. Die anatomische Lederinnensohle sorgt f\u00fcr eine weiche, anpassungsf\u00e4hige Passform, w\u00e4hrend die ultraleichte, luftgesch\u00e4umte Gummisohle bei jedem Schritt hervorragenden Komfort und Flexibilit\u00e4t bietet. Stolz in Italien &hellip;","og_url":"https:\/\/www.venisecollection.com\/de\/shop\/women\/loafer-und-derbys\/agl-andrea","og_site_name":"VENISE COLLECTION","article_modified_time":"2026-04-29T01:38:37+00:00","og_image":[{"width":1280,"height":1588,"url":"https:\/\/www.venisecollection.com\/cdn\/image-59-10.webp","type":"image\/webp"}],"twitter_card":"summary_large_image","schema":{"@context":"https:\/\/schema.org","@graph":[{"@type":"WebPage","@id":"https:\/\/www.venisecollection.com\/de\/shop\/women\/loafer-und-derbys\/agl-andrea","url":"https:\/\/www.venisecollection.com\/de\/shop\/women\/loafer-und-derbys\/agl-andrea","name":"AGL Andrea - VENISE COLLECTION","isPartOf":{"@id":"https:\/\/www.venisecollection.com\/de#website"},"primaryImageOfPage":{"@id":"https:\/\/www.venisecollection.com\/de\/shop\/women\/loafer-und-derbys\/agl-andrea#primaryimage"},"image":{"@id":"https:\/\/www.venisecollection.com\/de\/shop\/women\/loafer-und-derbys\/agl-andrea#primaryimage"},"thumbnailUrl":"https:\/\/www.venisecollection.com\/cdn\/image-59-10.webp","datePublished":"2025-12-20T16:07:36+00:00","dateModified":"2026-04-29T01:38:37+00:00","breadcrumb":{"@id":"https:\/\/www.venisecollection.com\/de\/shop\/women\/loafer-und-derbys\/agl-andrea#breadcrumb"},"inLanguage":"de","potentialAction":[{"@type":"ReadAction","target":["https:\/\/www.venisecollection.com\/de\/shop\/women\/loafer-und-derbys\/agl-andrea"]}]},{"@type":"ImageObject","inLanguage":"de","@id":"https:\/\/www.venisecollection.com\/de\/shop\/women\/loafer-und-derbys\/agl-andrea#primaryimage","url":"https:\/\/www.venisecollection.com\/cdn\/image-59-10.webp","contentUrl":"https:\/\/www.venisecollection.com\/cdn\/image-59-10.webp","width":1280,"height":1588},{"@type":"BreadcrumbList","@id":"https:\/\/www.venisecollection.com\/de\/shop\/women\/loafer-und-derbys\/agl-andrea#breadcrumb","itemListElement":[{"@type":"ListItem","position":1,"name":"Home","item":"https:\/\/www.venisecollection.com\/de\/shop"},{"@type":"ListItem","position":2,"name":"Startseite","item":"https:\/\/www.venisecollection.com\/de\/shop"},{"@type":"ListItem","position":3,"name":"AGL Andrea"}]},{"@type":"WebSite","@id":"https:\/\/www.venisecollection.com\/de#website","url":"https:\/\/www.venisecollection.com\/de","name":"VENISE COLLECTION","description":"","publisher":{"@id":"https:\/\/www.venisecollection.com\/de#organization"},"potentialAction":[{"@type":"SearchAction","target":{"@type":"EntryPoint","urlTemplate":"https:\/\/www.venisecollection.com\/de?s={search_term_string}"},"query-input":{"@type":"PropertyValueSpecification","valueRequired":true,"valueName":"search_term_string"}}],"inLanguage":"de"},{"@type":"Organization","@id":"https:\/\/www.venisecollection.com\/de#organization","name":"VENISE COLLECTION","url":"https:\/\/www.venisecollection.com\/de","logo":{"@type":"ImageObject","inLanguage":"de","@id":"https:\/\/www.venisecollection.com\/de#\/schema\/logo\/image\/","url":"https:\/\/www.venisecollection.com\/cdn\/seo.png","contentUrl":"https:\/\/www.venisecollection.com\/cdn\/seo.png","width":1080,"height":1080,"caption":"VENISE COLLECTION"},"image":{"@id":"https:\/\/www.venisecollection.com\/de#\/schema\/logo\/image\/"},"sameAs":["https:\/\/www.instagram.com\/venisecollection\/","https:\/\/fr.pinterest.com\/venisecollection\/"]}]}},"_links":{"self":[{"href":"https:\/\/www.venisecollection.com\/de\/wp-json\/wp\/v2\/product\/6905","targetHints":{"allow":["GET"]}}],"collection":[{"href":"https:\/\/www.venisecollection.com\/de\/wp-json\/wp\/v2\/product"}],"about":[{"href":"https:\/\/www.venisecollection.com\/de\/wp-json\/wp\/v2\/types\/product"}],"wp:featuredmedia":[{"embeddable":true,"href":"https:\/\/www.venisecollection.com\/de\/wp-json\/wp\/v2\/media\/6910"}],"wp:attachment":[{"href":"https:\/\/www.venisecollection.com\/de\/wp-json\/wp\/v2\/media?parent=6905"}],"wp:term":[{"taxonomy":"product_brand","embeddable":true,"href":"https:\/\/www.venisecollection.com\/de\/wp-json\/wp\/v2\/product_brand?post=6905"},{"taxonomy":"product_cat","embeddable":true,"href":"https:\/\/www.venisecollection.com\/de\/wp-json\/wp\/v2\/product_cat?post=6905"},{"taxonomy":"product_tag","embeddable":true,"href":"https:\/\/www.venisecollection.com\/de\/wp-json\/wp\/v2\/product_tag?post=6905"}],"curies":[{"name":"wp","href":"https:\/\/api.w.org\/{rel}","templated":true}]}}