{"id":6939,"date":"2025-12-20T16:07:05","date_gmt":"2025-12-20T16:07:05","guid":{"rendered":"https:\/\/www.venisecollection.com\/shop\/women\/unkategorisiert\/via-roma-hoher-stiefel\/"},"modified":"2026-04-29T01:38:49","modified_gmt":"2026-04-29T01:38:49","slug":"via-roma-hoher-stiefel","status":"publish","type":"product","link":"https:\/\/www.venisecollection.com\/de\/shop\/women\/hohe-stiefel\/via-roma-hoher-stiefel","title":{"rendered":"VIA ROMA hoher Stiefel"},"content":{"rendered":"<p style=\"text-align: justify;\">Betreten Sie zeitlose Eleganz mit den kniehohen Damenstiefeln VIA ROMA. Diese Stiefel wurden fachm\u00e4nnisch aus geschmeidigem Nappaleder in einem satten Braunton gefertigt und verf\u00fcgen \u00fcber ein elegantes Schlupfdesign und eine elegante, abgerundete Spitze f\u00fcr ein raffiniertes Finish. <\/p>\n<p style=\"text-align: justify;\">Der 8,5 cm hohe Blockabsatz bietet sowohl H\u00f6he als auch Stabilit\u00e4t und macht sie zur perfekten Wahl f\u00fcr den Tag und die Nacht. Ihre minimalistische Silhouette erg\u00e4nzt sowohl moderne als auch klassische Garderoben m\u00fchelos. (Ref. NOCE SANTA 3434)  <\/p>\n<p style=\"text-align: justify;\">Genie\u00dfen Sie Eleganz und Komfort mit jedem Schritt in VIA ROMA Stiefeln.<\/p>\n","protected":false},"excerpt":{"rendered":"<p>Betreten Sie zeitlose Eleganz mit den kniehohen Damenstiefeln VIA ROMA. Diese Stiefel wurden fachm\u00e4nnisch aus geschmeidigem Nappaleder in einem satten Braunton gefertigt und verf\u00fcgen \u00fcber ein elegantes Schlupfdesign und eine elegante, abgerundete Spitze f\u00fcr ein raffiniertes Finish. Der 8,5 cm hohe Blockabsatz bietet sowohl H\u00f6he als auch Stabilit\u00e4t und macht sie zur perfekten Wahl f\u00fcr &hellip;<\/p>\n","protected":false},"featured_media":6950,"template":"","meta":[],"product_brand":[364],"product_cat":[113],"product_tag":[],"class_list":{"0":"post-6939","1":"product","2":"type-product","3":"status-publish","4":"has-post-thumbnail","6":"product_brand-via-roma","7":"product_cat-hohe-stiefel","9":"first","10":"instock","11":"shipping-taxable","12":"purchasable","13":"product-type-variable","14":"has-default-attributes"},"yoast_head":"<!-- This site is optimized with the Yoast SEO plugin v27.5 - https:\/\/yoast.com\/product\/yoast-seo-wordpress\/ -->\n<title>VIA ROMA hoher Stiefel - VENISE COLLECTION<\/title>\n<meta name=\"robots\" content=\"index, follow, max-snippet:-1, max-image-preview:large, max-video-preview:-1\" \/>\n<link rel=\"canonical\" href=\"https:\/\/www.venisecollection.com\/de\/shop\/women\/hohe-stiefel\/via-roma-hoher-stiefel\" \/>\n<meta property=\"og:locale\" content=\"de_DE\" \/>\n<meta property=\"og:type\" content=\"article\" \/>\n<meta property=\"og:title\" content=\"VIA ROMA hoher Stiefel - VENISE COLLECTION\" \/>\n<meta property=\"og:description\" content=\"Betreten Sie zeitlose Eleganz mit den kniehohen Damenstiefeln VIA ROMA. Diese Stiefel wurden fachm\u00e4nnisch aus geschmeidigem Nappaleder in einem satten Braunton gefertigt und verf\u00fcgen \u00fcber ein elegantes Schlupfdesign und eine elegante, abgerundete Spitze f\u00fcr ein raffiniertes Finish. Der 8,5 cm hohe Blockabsatz bietet sowohl H\u00f6he als auch Stabilit\u00e4t und macht sie zur perfekten Wahl f\u00fcr &hellip;\" \/>\n<meta property=\"og:url\" content=\"https:\/\/www.venisecollection.com\/de\/shop\/women\/hohe-stiefel\/via-roma-hoher-stiefel\" \/>\n<meta property=\"og:site_name\" content=\"VENISE COLLECTION\" \/>\n<meta property=\"article:modified_time\" content=\"2026-04-29T01:38:49+00:00\" \/>\n<meta property=\"og:image\" content=\"https:\/\/www.venisecollection.com\/cdn\/image-79.webp\" \/>\n\t<meta property=\"og:image:width\" content=\"1280\" \/>\n\t<meta property=\"og:image:height\" content=\"1588\" \/>\n\t<meta property=\"og:image:type\" content=\"image\/webp\" \/>\n<meta name=\"twitter:card\" content=\"summary_large_image\" \/>\n<script type=\"application\/ld+json\" class=\"yoast-schema-graph\">{\"@context\":\"https:\\\/\\\/schema.org\",\"@graph\":[{\"@type\":\"WebPage\",\"@id\":\"https:\\\/\\\/www.venisecollection.com\\\/de\\\/shop\\\/women\\\/hohe-stiefel\\\/via-roma-hoher-stiefel\",\"url\":\"https:\\\/\\\/www.venisecollection.com\\\/de\\\/shop\\\/women\\\/hohe-stiefel\\\/via-roma-hoher-stiefel\",\"name\":\"VIA ROMA hoher Stiefel - VENISE COLLECTION\",\"isPartOf\":{\"@id\":\"https:\\\/\\\/www.venisecollection.com\\\/de#website\"},\"primaryImageOfPage\":{\"@id\":\"https:\\\/\\\/www.venisecollection.com\\\/de\\\/shop\\\/women\\\/hohe-stiefel\\\/via-roma-hoher-stiefel#primaryimage\"},\"image\":{\"@id\":\"https:\\\/\\\/www.venisecollection.com\\\/de\\\/shop\\\/women\\\/hohe-stiefel\\\/via-roma-hoher-stiefel#primaryimage\"},\"thumbnailUrl\":\"https:\\\/\\\/www.venisecollection.com\\\/cdn\\\/image-79.webp\",\"datePublished\":\"2025-12-20T16:07:05+00:00\",\"dateModified\":\"2026-04-29T01:38:49+00:00\",\"breadcrumb\":{\"@id\":\"https:\\\/\\\/www.venisecollection.com\\\/de\\\/shop\\\/women\\\/hohe-stiefel\\\/via-roma-hoher-stiefel#breadcrumb\"},\"inLanguage\":\"de\",\"potentialAction\":[{\"@type\":\"ReadAction\",\"target\":[\"https:\\\/\\\/www.venisecollection.com\\\/de\\\/shop\\\/women\\\/hohe-stiefel\\\/via-roma-hoher-stiefel\"]}]},{\"@type\":\"ImageObject\",\"inLanguage\":\"de\",\"@id\":\"https:\\\/\\\/www.venisecollection.com\\\/de\\\/shop\\\/women\\\/hohe-stiefel\\\/via-roma-hoher-stiefel#primaryimage\",\"url\":\"https:\\\/\\\/www.venisecollection.com\\\/cdn\\\/image-79.webp\",\"contentUrl\":\"https:\\\/\\\/www.venisecollection.com\\\/cdn\\\/image-79.webp\",\"width\":1280,\"height\":1588},{\"@type\":\"BreadcrumbList\",\"@id\":\"https:\\\/\\\/www.venisecollection.com\\\/de\\\/shop\\\/women\\\/hohe-stiefel\\\/via-roma-hoher-stiefel#breadcrumb\",\"itemListElement\":[{\"@type\":\"ListItem\",\"position\":1,\"name\":\"Home\",\"item\":\"https:\\\/\\\/www.venisecollection.com\\\/de\\\/shop\"},{\"@type\":\"ListItem\",\"position\":2,\"name\":\"Startseite\",\"item\":\"https:\\\/\\\/www.venisecollection.com\\\/de\\\/shop\"},{\"@type\":\"ListItem\",\"position\":3,\"name\":\"VIA ROMA hoher Stiefel\"}]},{\"@type\":\"WebSite\",\"@id\":\"https:\\\/\\\/www.venisecollection.com\\\/de#website\",\"url\":\"https:\\\/\\\/www.venisecollection.com\\\/de\",\"name\":\"VENISE COLLECTION\",\"description\":\"\",\"publisher\":{\"@id\":\"https:\\\/\\\/www.venisecollection.com\\\/de#organization\"},\"potentialAction\":[{\"@type\":\"SearchAction\",\"target\":{\"@type\":\"EntryPoint\",\"urlTemplate\":\"https:\\\/\\\/www.venisecollection.com\\\/de?s={search_term_string}\"},\"query-input\":{\"@type\":\"PropertyValueSpecification\",\"valueRequired\":true,\"valueName\":\"search_term_string\"}}],\"inLanguage\":\"de\"},{\"@type\":\"Organization\",\"@id\":\"https:\\\/\\\/www.venisecollection.com\\\/de#organization\",\"name\":\"VENISE COLLECTION\",\"url\":\"https:\\\/\\\/www.venisecollection.com\\\/de\",\"logo\":{\"@type\":\"ImageObject\",\"inLanguage\":\"de\",\"@id\":\"https:\\\/\\\/www.venisecollection.com\\\/de#\\\/schema\\\/logo\\\/image\\\/\",\"url\":\"https:\\\/\\\/www.venisecollection.com\\\/cdn\\\/seo.png\",\"contentUrl\":\"https:\\\/\\\/www.venisecollection.com\\\/cdn\\\/seo.png\",\"width\":1080,\"height\":1080,\"caption\":\"VENISE COLLECTION\"},\"image\":{\"@id\":\"https:\\\/\\\/www.venisecollection.com\\\/de#\\\/schema\\\/logo\\\/image\\\/\"},\"sameAs\":[\"https:\\\/\\\/www.instagram.com\\\/venisecollection\\\/\",\"https:\\\/\\\/fr.pinterest.com\\\/venisecollection\\\/\"]}]}<\/script>\n<!-- \/ Yoast SEO plugin. -->","yoast_head_json":{"title":"VIA ROMA hoher Stiefel - VENISE COLLECTION","robots":{"index":"index","follow":"follow","max-snippet":"max-snippet:-1","max-image-preview":"max-image-preview:large","max-video-preview":"max-video-preview:-1"},"canonical":"https:\/\/www.venisecollection.com\/de\/shop\/women\/hohe-stiefel\/via-roma-hoher-stiefel","og_locale":"de_DE","og_type":"article","og_title":"VIA ROMA hoher Stiefel - VENISE COLLECTION","og_description":"Betreten Sie zeitlose Eleganz mit den kniehohen Damenstiefeln VIA ROMA. Diese Stiefel wurden fachm\u00e4nnisch aus geschmeidigem Nappaleder in einem satten Braunton gefertigt und verf\u00fcgen \u00fcber ein elegantes Schlupfdesign und eine elegante, abgerundete Spitze f\u00fcr ein raffiniertes Finish. Der 8,5 cm hohe Blockabsatz bietet sowohl H\u00f6he als auch Stabilit\u00e4t und macht sie zur perfekten Wahl f\u00fcr &hellip;","og_url":"https:\/\/www.venisecollection.com\/de\/shop\/women\/hohe-stiefel\/via-roma-hoher-stiefel","og_site_name":"VENISE COLLECTION","article_modified_time":"2026-04-29T01:38:49+00:00","og_image":[{"width":1280,"height":1588,"url":"https:\/\/www.venisecollection.com\/cdn\/image-79.webp","type":"image\/webp"}],"twitter_card":"summary_large_image","schema":{"@context":"https:\/\/schema.org","@graph":[{"@type":"WebPage","@id":"https:\/\/www.venisecollection.com\/de\/shop\/women\/hohe-stiefel\/via-roma-hoher-stiefel","url":"https:\/\/www.venisecollection.com\/de\/shop\/women\/hohe-stiefel\/via-roma-hoher-stiefel","name":"VIA ROMA hoher Stiefel - VENISE COLLECTION","isPartOf":{"@id":"https:\/\/www.venisecollection.com\/de#website"},"primaryImageOfPage":{"@id":"https:\/\/www.venisecollection.com\/de\/shop\/women\/hohe-stiefel\/via-roma-hoher-stiefel#primaryimage"},"image":{"@id":"https:\/\/www.venisecollection.com\/de\/shop\/women\/hohe-stiefel\/via-roma-hoher-stiefel#primaryimage"},"thumbnailUrl":"https:\/\/www.venisecollection.com\/cdn\/image-79.webp","datePublished":"2025-12-20T16:07:05+00:00","dateModified":"2026-04-29T01:38:49+00:00","breadcrumb":{"@id":"https:\/\/www.venisecollection.com\/de\/shop\/women\/hohe-stiefel\/via-roma-hoher-stiefel#breadcrumb"},"inLanguage":"de","potentialAction":[{"@type":"ReadAction","target":["https:\/\/www.venisecollection.com\/de\/shop\/women\/hohe-stiefel\/via-roma-hoher-stiefel"]}]},{"@type":"ImageObject","inLanguage":"de","@id":"https:\/\/www.venisecollection.com\/de\/shop\/women\/hohe-stiefel\/via-roma-hoher-stiefel#primaryimage","url":"https:\/\/www.venisecollection.com\/cdn\/image-79.webp","contentUrl":"https:\/\/www.venisecollection.com\/cdn\/image-79.webp","width":1280,"height":1588},{"@type":"BreadcrumbList","@id":"https:\/\/www.venisecollection.com\/de\/shop\/women\/hohe-stiefel\/via-roma-hoher-stiefel#breadcrumb","itemListElement":[{"@type":"ListItem","position":1,"name":"Home","item":"https:\/\/www.venisecollection.com\/de\/shop"},{"@type":"ListItem","position":2,"name":"Startseite","item":"https:\/\/www.venisecollection.com\/de\/shop"},{"@type":"ListItem","position":3,"name":"VIA ROMA hoher Stiefel"}]},{"@type":"WebSite","@id":"https:\/\/www.venisecollection.com\/de#website","url":"https:\/\/www.venisecollection.com\/de","name":"VENISE COLLECTION","description":"","publisher":{"@id":"https:\/\/www.venisecollection.com\/de#organization"},"potentialAction":[{"@type":"SearchAction","target":{"@type":"EntryPoint","urlTemplate":"https:\/\/www.venisecollection.com\/de?s={search_term_string}"},"query-input":{"@type":"PropertyValueSpecification","valueRequired":true,"valueName":"search_term_string"}}],"inLanguage":"de"},{"@type":"Organization","@id":"https:\/\/www.venisecollection.com\/de#organization","name":"VENISE COLLECTION","url":"https:\/\/www.venisecollection.com\/de","logo":{"@type":"ImageObject","inLanguage":"de","@id":"https:\/\/www.venisecollection.com\/de#\/schema\/logo\/image\/","url":"https:\/\/www.venisecollection.com\/cdn\/seo.png","contentUrl":"https:\/\/www.venisecollection.com\/cdn\/seo.png","width":1080,"height":1080,"caption":"VENISE COLLECTION"},"image":{"@id":"https:\/\/www.venisecollection.com\/de#\/schema\/logo\/image\/"},"sameAs":["https:\/\/www.instagram.com\/venisecollection\/","https:\/\/fr.pinterest.com\/venisecollection\/"]}]}},"_links":{"self":[{"href":"https:\/\/www.venisecollection.com\/de\/wp-json\/wp\/v2\/product\/6939","targetHints":{"allow":["GET"]}}],"collection":[{"href":"https:\/\/www.venisecollection.com\/de\/wp-json\/wp\/v2\/product"}],"about":[{"href":"https:\/\/www.venisecollection.com\/de\/wp-json\/wp\/v2\/types\/product"}],"wp:featuredmedia":[{"embeddable":true,"href":"https:\/\/www.venisecollection.com\/de\/wp-json\/wp\/v2\/media\/6950"}],"wp:attachment":[{"href":"https:\/\/www.venisecollection.com\/de\/wp-json\/wp\/v2\/media?parent=6939"}],"wp:term":[{"taxonomy":"product_brand","embeddable":true,"href":"https:\/\/www.venisecollection.com\/de\/wp-json\/wp\/v2\/product_brand?post=6939"},{"taxonomy":"product_cat","embeddable":true,"href":"https:\/\/www.venisecollection.com\/de\/wp-json\/wp\/v2\/product_cat?post=6939"},{"taxonomy":"product_tag","embeddable":true,"href":"https:\/\/www.venisecollection.com\/de\/wp-json\/wp\/v2\/product_tag?post=6939"}],"curies":[{"name":"wp","href":"https:\/\/api.w.org\/{rel}","templated":true}]}}