{"id":7027,"date":"2025-11-20T16:06:32","date_gmt":"2025-11-20T16:06:32","guid":{"rendered":"https:\/\/www.venisecollection.com\/shop\/women\/unkategorisiert\/naplak-dunkelblau\/"},"modified":"2026-04-29T01:42:11","modified_gmt":"2026-04-29T01:42:11","slug":"naplak-dunkelblau","status":"publish","type":"product","link":"https:\/\/www.venisecollection.com\/de\/shop\/women\/hohe-stiefel\/naplak-dunkelblau","title":{"rendered":"NAPLAK DUNKELBLAU"},"content":{"rendered":"<p style=\"text-align: justify;\">Die langen Lederstiefel NAPLAK DUNKELBLAU von Venise Collection vereinen auf perfekte Weise italienische Handwerkskunst, raffiniertes Design und allt\u00e4glichen Komfort. Dieses in Italien aus hochgl\u00e4nzendem Naplak-Echtleder gefertigte, tiefblaue Modell strahlt zeitgen\u00f6ssische Eleganz und Selbstbewusstsein aus. <\/p>\n<p style=\"text-align: justify;\">Seine markante Chevron-Panel-Struktur betont die Silhouette, w\u00e4hrend der abgerundete, dicke Absatz f\u00fcr mehr Balance, Stabilit\u00e4t und Komfort sorgt und den ganzen Tag \u00fcber Bewegungsfreiheit erm\u00f6glicht. Diese einzigartige Konstruktion macht diese Stiefel ideal f\u00fcr dynamische Frauen, die sowohl Wert auf Stil als auch auf Funktionalit\u00e4t legen. <\/p>\n<p style=\"text-align: justify;\">Eigenschaften: 100 % echtes italienisches Naplak-Leder \u2013 Tiefblaue Farbe mit Chevron-Panel-Design \u2013 Abgerundeter, dicker Absatz f\u00fcr Balance und Gehkomfort \u2013 Handgefertigte Steppn\u00e4hte f\u00fcr Strapazierf\u00e4higkeit \u2013 Geeignet f\u00fcr den t\u00e4glichen Gebrauch und schicke City-Outfits<\/p>\n","protected":false},"excerpt":{"rendered":"<p>Die langen Lederstiefel NAPLAK DUNKELBLAU von Venise Collection vereinen auf perfekte Weise italienische Handwerkskunst, raffiniertes Design und allt\u00e4glichen Komfort. Dieses in Italien aus hochgl\u00e4nzendem Naplak-Echtleder gefertigte, tiefblaue Modell strahlt zeitgen\u00f6ssische Eleganz und Selbstbewusstsein aus. Seine markante Chevron-Panel-Struktur betont die Silhouette, w\u00e4hrend der abgerundete, dicke Absatz f\u00fcr mehr Balance, Stabilit\u00e4t und Komfort sorgt und den ganzen &hellip;<\/p>\n","protected":false},"featured_media":7034,"template":"","meta":[],"product_brand":[357],"product_cat":[113],"product_tag":[],"class_list":{"0":"post-7027","1":"product","2":"type-product","3":"status-publish","4":"has-post-thumbnail","6":"product_brand-venise-collection","7":"product_cat-hohe-stiefel","9":"first","10":"instock","11":"shipping-taxable","12":"purchasable","13":"product-type-variable","14":"has-default-attributes"},"yoast_head":"<!-- This site is optimized with the Yoast SEO plugin v27.5 - https:\/\/yoast.com\/product\/yoast-seo-wordpress\/ -->\n<title>NAPLAK DUNKELBLAU - VENISE COLLECTION<\/title>\n<meta name=\"robots\" content=\"index, follow, max-snippet:-1, max-image-preview:large, max-video-preview:-1\" \/>\n<link rel=\"canonical\" href=\"https:\/\/www.venisecollection.com\/de\/shop\/women\/hohe-stiefel\/naplak-dunkelblau\" \/>\n<meta property=\"og:locale\" content=\"de_DE\" \/>\n<meta property=\"og:type\" content=\"article\" \/>\n<meta property=\"og:title\" content=\"NAPLAK DUNKELBLAU - VENISE COLLECTION\" \/>\n<meta property=\"og:description\" content=\"Die langen Lederstiefel NAPLAK DUNKELBLAU von Venise Collection vereinen auf perfekte Weise italienische Handwerkskunst, raffiniertes Design und allt\u00e4glichen Komfort. Dieses in Italien aus hochgl\u00e4nzendem Naplak-Echtleder gefertigte, tiefblaue Modell strahlt zeitgen\u00f6ssische Eleganz und Selbstbewusstsein aus. Seine markante Chevron-Panel-Struktur betont die Silhouette, w\u00e4hrend der abgerundete, dicke Absatz f\u00fcr mehr Balance, Stabilit\u00e4t und Komfort sorgt und den ganzen &hellip;\" \/>\n<meta property=\"og:url\" content=\"https:\/\/www.venisecollection.com\/de\/shop\/women\/hohe-stiefel\/naplak-dunkelblau\" \/>\n<meta property=\"og:site_name\" content=\"VENISE COLLECTION\" \/>\n<meta property=\"article:modified_time\" content=\"2026-04-29T01:42:11+00:00\" \/>\n<meta property=\"og:image\" content=\"https:\/\/www.venisecollection.com\/cdn\/image.psd-42.webp\" \/>\n\t<meta property=\"og:image:width\" content=\"1280\" \/>\n\t<meta property=\"og:image:height\" content=\"1588\" \/>\n\t<meta property=\"og:image:type\" content=\"image\/webp\" \/>\n<meta name=\"twitter:card\" content=\"summary_large_image\" \/>\n<meta name=\"twitter:label1\" content=\"Gesch\u00e4tzte Lesezeit\" \/>\n\t<meta name=\"twitter:data1\" content=\"1\u00a0Minute\" \/>\n<script type=\"application\/ld+json\" class=\"yoast-schema-graph\">{\"@context\":\"https:\\\/\\\/schema.org\",\"@graph\":[{\"@type\":\"WebPage\",\"@id\":\"https:\\\/\\\/www.venisecollection.com\\\/de\\\/shop\\\/women\\\/hohe-stiefel\\\/naplak-dunkelblau\",\"url\":\"https:\\\/\\\/www.venisecollection.com\\\/de\\\/shop\\\/women\\\/hohe-stiefel\\\/naplak-dunkelblau\",\"name\":\"NAPLAK DUNKELBLAU - VENISE COLLECTION\",\"isPartOf\":{\"@id\":\"https:\\\/\\\/www.venisecollection.com\\\/de#website\"},\"primaryImageOfPage\":{\"@id\":\"https:\\\/\\\/www.venisecollection.com\\\/de\\\/shop\\\/women\\\/hohe-stiefel\\\/naplak-dunkelblau#primaryimage\"},\"image\":{\"@id\":\"https:\\\/\\\/www.venisecollection.com\\\/de\\\/shop\\\/women\\\/hohe-stiefel\\\/naplak-dunkelblau#primaryimage\"},\"thumbnailUrl\":\"https:\\\/\\\/www.venisecollection.com\\\/cdn\\\/image.psd-42.webp\",\"datePublished\":\"2025-11-20T16:06:32+00:00\",\"dateModified\":\"2026-04-29T01:42:11+00:00\",\"breadcrumb\":{\"@id\":\"https:\\\/\\\/www.venisecollection.com\\\/de\\\/shop\\\/women\\\/hohe-stiefel\\\/naplak-dunkelblau#breadcrumb\"},\"inLanguage\":\"de\",\"potentialAction\":[{\"@type\":\"ReadAction\",\"target\":[\"https:\\\/\\\/www.venisecollection.com\\\/de\\\/shop\\\/women\\\/hohe-stiefel\\\/naplak-dunkelblau\"]}]},{\"@type\":\"ImageObject\",\"inLanguage\":\"de\",\"@id\":\"https:\\\/\\\/www.venisecollection.com\\\/de\\\/shop\\\/women\\\/hohe-stiefel\\\/naplak-dunkelblau#primaryimage\",\"url\":\"https:\\\/\\\/www.venisecollection.com\\\/cdn\\\/image.psd-42.webp\",\"contentUrl\":\"https:\\\/\\\/www.venisecollection.com\\\/cdn\\\/image.psd-42.webp\",\"width\":1280,\"height\":1588},{\"@type\":\"BreadcrumbList\",\"@id\":\"https:\\\/\\\/www.venisecollection.com\\\/de\\\/shop\\\/women\\\/hohe-stiefel\\\/naplak-dunkelblau#breadcrumb\",\"itemListElement\":[{\"@type\":\"ListItem\",\"position\":1,\"name\":\"Home\",\"item\":\"https:\\\/\\\/www.venisecollection.com\\\/de\\\/shop\"},{\"@type\":\"ListItem\",\"position\":2,\"name\":\"Startseite\",\"item\":\"https:\\\/\\\/www.venisecollection.com\\\/de\\\/shop\"},{\"@type\":\"ListItem\",\"position\":3,\"name\":\"NAPLAK DUNKELBLAU\"}]},{\"@type\":\"WebSite\",\"@id\":\"https:\\\/\\\/www.venisecollection.com\\\/de#website\",\"url\":\"https:\\\/\\\/www.venisecollection.com\\\/de\",\"name\":\"VENISE COLLECTION\",\"description\":\"\",\"publisher\":{\"@id\":\"https:\\\/\\\/www.venisecollection.com\\\/de#organization\"},\"potentialAction\":[{\"@type\":\"SearchAction\",\"target\":{\"@type\":\"EntryPoint\",\"urlTemplate\":\"https:\\\/\\\/www.venisecollection.com\\\/de?s={search_term_string}\"},\"query-input\":{\"@type\":\"PropertyValueSpecification\",\"valueRequired\":true,\"valueName\":\"search_term_string\"}}],\"inLanguage\":\"de\"},{\"@type\":\"Organization\",\"@id\":\"https:\\\/\\\/www.venisecollection.com\\\/de#organization\",\"name\":\"VENISE COLLECTION\",\"url\":\"https:\\\/\\\/www.venisecollection.com\\\/de\",\"logo\":{\"@type\":\"ImageObject\",\"inLanguage\":\"de\",\"@id\":\"https:\\\/\\\/www.venisecollection.com\\\/de#\\\/schema\\\/logo\\\/image\\\/\",\"url\":\"https:\\\/\\\/www.venisecollection.com\\\/cdn\\\/seo.png\",\"contentUrl\":\"https:\\\/\\\/www.venisecollection.com\\\/cdn\\\/seo.png\",\"width\":1080,\"height\":1080,\"caption\":\"VENISE COLLECTION\"},\"image\":{\"@id\":\"https:\\\/\\\/www.venisecollection.com\\\/de#\\\/schema\\\/logo\\\/image\\\/\"},\"sameAs\":[\"https:\\\/\\\/www.instagram.com\\\/venisecollection\\\/\",\"https:\\\/\\\/fr.pinterest.com\\\/venisecollection\\\/\"]}]}<\/script>\n<!-- \/ Yoast SEO plugin. -->","yoast_head_json":{"title":"NAPLAK DUNKELBLAU - VENISE COLLECTION","robots":{"index":"index","follow":"follow","max-snippet":"max-snippet:-1","max-image-preview":"max-image-preview:large","max-video-preview":"max-video-preview:-1"},"canonical":"https:\/\/www.venisecollection.com\/de\/shop\/women\/hohe-stiefel\/naplak-dunkelblau","og_locale":"de_DE","og_type":"article","og_title":"NAPLAK DUNKELBLAU - VENISE COLLECTION","og_description":"Die langen Lederstiefel NAPLAK DUNKELBLAU von Venise Collection vereinen auf perfekte Weise italienische Handwerkskunst, raffiniertes Design und allt\u00e4glichen Komfort. Dieses in Italien aus hochgl\u00e4nzendem Naplak-Echtleder gefertigte, tiefblaue Modell strahlt zeitgen\u00f6ssische Eleganz und Selbstbewusstsein aus. Seine markante Chevron-Panel-Struktur betont die Silhouette, w\u00e4hrend der abgerundete, dicke Absatz f\u00fcr mehr Balance, Stabilit\u00e4t und Komfort sorgt und den ganzen &hellip;","og_url":"https:\/\/www.venisecollection.com\/de\/shop\/women\/hohe-stiefel\/naplak-dunkelblau","og_site_name":"VENISE COLLECTION","article_modified_time":"2026-04-29T01:42:11+00:00","og_image":[{"width":1280,"height":1588,"url":"https:\/\/www.venisecollection.com\/cdn\/image.psd-42.webp","type":"image\/webp"}],"twitter_card":"summary_large_image","twitter_misc":{"Gesch\u00e4tzte Lesezeit":"1\u00a0Minute"},"schema":{"@context":"https:\/\/schema.org","@graph":[{"@type":"WebPage","@id":"https:\/\/www.venisecollection.com\/de\/shop\/women\/hohe-stiefel\/naplak-dunkelblau","url":"https:\/\/www.venisecollection.com\/de\/shop\/women\/hohe-stiefel\/naplak-dunkelblau","name":"NAPLAK DUNKELBLAU - VENISE COLLECTION","isPartOf":{"@id":"https:\/\/www.venisecollection.com\/de#website"},"primaryImageOfPage":{"@id":"https:\/\/www.venisecollection.com\/de\/shop\/women\/hohe-stiefel\/naplak-dunkelblau#primaryimage"},"image":{"@id":"https:\/\/www.venisecollection.com\/de\/shop\/women\/hohe-stiefel\/naplak-dunkelblau#primaryimage"},"thumbnailUrl":"https:\/\/www.venisecollection.com\/cdn\/image.psd-42.webp","datePublished":"2025-11-20T16:06:32+00:00","dateModified":"2026-04-29T01:42:11+00:00","breadcrumb":{"@id":"https:\/\/www.venisecollection.com\/de\/shop\/women\/hohe-stiefel\/naplak-dunkelblau#breadcrumb"},"inLanguage":"de","potentialAction":[{"@type":"ReadAction","target":["https:\/\/www.venisecollection.com\/de\/shop\/women\/hohe-stiefel\/naplak-dunkelblau"]}]},{"@type":"ImageObject","inLanguage":"de","@id":"https:\/\/www.venisecollection.com\/de\/shop\/women\/hohe-stiefel\/naplak-dunkelblau#primaryimage","url":"https:\/\/www.venisecollection.com\/cdn\/image.psd-42.webp","contentUrl":"https:\/\/www.venisecollection.com\/cdn\/image.psd-42.webp","width":1280,"height":1588},{"@type":"BreadcrumbList","@id":"https:\/\/www.venisecollection.com\/de\/shop\/women\/hohe-stiefel\/naplak-dunkelblau#breadcrumb","itemListElement":[{"@type":"ListItem","position":1,"name":"Home","item":"https:\/\/www.venisecollection.com\/de\/shop"},{"@type":"ListItem","position":2,"name":"Startseite","item":"https:\/\/www.venisecollection.com\/de\/shop"},{"@type":"ListItem","position":3,"name":"NAPLAK DUNKELBLAU"}]},{"@type":"WebSite","@id":"https:\/\/www.venisecollection.com\/de#website","url":"https:\/\/www.venisecollection.com\/de","name":"VENISE COLLECTION","description":"","publisher":{"@id":"https:\/\/www.venisecollection.com\/de#organization"},"potentialAction":[{"@type":"SearchAction","target":{"@type":"EntryPoint","urlTemplate":"https:\/\/www.venisecollection.com\/de?s={search_term_string}"},"query-input":{"@type":"PropertyValueSpecification","valueRequired":true,"valueName":"search_term_string"}}],"inLanguage":"de"},{"@type":"Organization","@id":"https:\/\/www.venisecollection.com\/de#organization","name":"VENISE COLLECTION","url":"https:\/\/www.venisecollection.com\/de","logo":{"@type":"ImageObject","inLanguage":"de","@id":"https:\/\/www.venisecollection.com\/de#\/schema\/logo\/image\/","url":"https:\/\/www.venisecollection.com\/cdn\/seo.png","contentUrl":"https:\/\/www.venisecollection.com\/cdn\/seo.png","width":1080,"height":1080,"caption":"VENISE COLLECTION"},"image":{"@id":"https:\/\/www.venisecollection.com\/de#\/schema\/logo\/image\/"},"sameAs":["https:\/\/www.instagram.com\/venisecollection\/","https:\/\/fr.pinterest.com\/venisecollection\/"]}]}},"_links":{"self":[{"href":"https:\/\/www.venisecollection.com\/de\/wp-json\/wp\/v2\/product\/7027","targetHints":{"allow":["GET"]}}],"collection":[{"href":"https:\/\/www.venisecollection.com\/de\/wp-json\/wp\/v2\/product"}],"about":[{"href":"https:\/\/www.venisecollection.com\/de\/wp-json\/wp\/v2\/types\/product"}],"wp:featuredmedia":[{"embeddable":true,"href":"https:\/\/www.venisecollection.com\/de\/wp-json\/wp\/v2\/media\/7034"}],"wp:attachment":[{"href":"https:\/\/www.venisecollection.com\/de\/wp-json\/wp\/v2\/media?parent=7027"}],"wp:term":[{"taxonomy":"product_brand","embeddable":true,"href":"https:\/\/www.venisecollection.com\/de\/wp-json\/wp\/v2\/product_brand?post=7027"},{"taxonomy":"product_cat","embeddable":true,"href":"https:\/\/www.venisecollection.com\/de\/wp-json\/wp\/v2\/product_cat?post=7027"},{"taxonomy":"product_tag","embeddable":true,"href":"https:\/\/www.venisecollection.com\/de\/wp-json\/wp\/v2\/product_tag?post=7027"}],"curies":[{"name":"wp","href":"https:\/\/api.w.org\/{rel}","templated":true}]}}