{"id":7038,"date":"2025-12-20T16:06:35","date_gmt":"2025-12-20T16:06:35","guid":{"rendered":"https:\/\/www.venisecollection.com\/shop\/women\/unkategorisiert\/orla\/"},"modified":"2025-12-26T15:08:55","modified_gmt":"2025-12-26T15:08:55","slug":"orla","status":"publish","type":"product","link":"https:\/\/www.venisecollection.com\/de\/shop\/women\/pumps\/orla","title":{"rendered":"ORLA"},"content":{"rendered":"<p style=\"text-align: justify;\" data-start=\"113\" data-end=\"590\">Betreten Sie die Welt raffinierter Eleganz mit den ORLA Damen-Pumps, einer Hommage an zeitlose italienische Handwerkskunst und moderne Eleganz. Diese Damen-Pumps mit Kitten-Heel sind aus luxuri\u00f6sem, hochgl\u00e4nzendem, schwarzem Leder gefertigt und verspr\u00fchen einen eleganten Charme, der perfekt f\u00fcr formelle Anl\u00e4sse, Gesch\u00e4ftstreffen und elegante Soir\u00e9en geeignet ist. <\/p>\n<p style=\"text-align: justify;\" data-start=\"113\" data-end=\"590\">Die spitze Silhouette verl\u00e4ngert das Bein, w\u00e4hrend die zarte dekorative Schleife mit Metallic-Detail einen Hauch von Vintage-Femininit\u00e4t verleiht.<\/p>\n<p style=\"text-align: justify;\" data-start=\"592\" data-end=\"887\">ORLA ist mit einem weichen Ziegenlederfutter und einer geschmeidigen Ledersohle ausgestattet und garantiert ganzt\u00e4gigen Komfort und m\u00fchelose Eleganz. Inspiriert von der \u00c4sthetik des \u201eQuiet Luxury\u201c l\u00e4sst sich dieses Modell wunderbar mit ma\u00dfgeschneiderten Hosen oder minimalistischen Kleidern kombinieren und bietet dezente Raffinesse f\u00fcr jeden Anlass. <\/p>\n","protected":false},"excerpt":{"rendered":"<p>Betreten Sie die Welt raffinierter Eleganz mit den ORLA Damen-Pumps, einer Hommage an zeitlose italienische Handwerkskunst und moderne Eleganz. Diese Damen-Pumps mit Kitten-Heel sind aus luxuri\u00f6sem, hochgl\u00e4nzendem, schwarzem Leder gefertigt und verspr\u00fchen einen eleganten Charme, der perfekt f\u00fcr formelle Anl\u00e4sse, Gesch\u00e4ftstreffen und elegante Soir\u00e9en geeignet ist. Die spitze Silhouette verl\u00e4ngert das Bein, w\u00e4hrend die zarte &hellip;<\/p>\n","protected":false},"featured_media":7046,"template":"","meta":[],"product_brand":[357],"product_cat":[110],"product_tag":[],"class_list":{"0":"post-7038","1":"product","2":"type-product","3":"status-publish","4":"has-post-thumbnail","6":"product_brand-venise-collection","7":"product_cat-pumps","9":"first","10":"instock","11":"shipping-taxable","12":"purchasable","13":"product-type-variable"},"yoast_head":"<!-- This site is optimized with the Yoast SEO plugin v27.4 - https:\/\/yoast.com\/product\/yoast-seo-wordpress\/ -->\n<title>ORLA - VENISE COLLECTION<\/title>\n<meta name=\"robots\" content=\"index, follow, max-snippet:-1, max-image-preview:large, max-video-preview:-1\" \/>\n<link rel=\"canonical\" href=\"https:\/\/www.venisecollection.com\/de\/shop\/women\/pumps\/orla\" \/>\n<meta property=\"og:locale\" content=\"de_DE\" \/>\n<meta property=\"og:type\" content=\"article\" \/>\n<meta property=\"og:title\" content=\"ORLA - VENISE COLLECTION\" \/>\n<meta property=\"og:description\" content=\"Betreten Sie die Welt raffinierter Eleganz mit den ORLA Damen-Pumps, einer Hommage an zeitlose italienische Handwerkskunst und moderne Eleganz. Diese Damen-Pumps mit Kitten-Heel sind aus luxuri\u00f6sem, hochgl\u00e4nzendem, schwarzem Leder gefertigt und verspr\u00fchen einen eleganten Charme, der perfekt f\u00fcr formelle Anl\u00e4sse, Gesch\u00e4ftstreffen und elegante Soir\u00e9en geeignet ist. Die spitze Silhouette verl\u00e4ngert das Bein, w\u00e4hrend die zarte &hellip;\" \/>\n<meta property=\"og:url\" content=\"https:\/\/www.venisecollection.com\/de\/shop\/women\/pumps\/orla\" \/>\n<meta property=\"og:site_name\" content=\"VENISE COLLECTION\" \/>\n<meta property=\"article:modified_time\" content=\"2025-12-26T15:08:55+00:00\" \/>\n<meta property=\"og:image\" content=\"https:\/\/www.venisecollection.com\/cdn\/image-75.webp\" \/>\n\t<meta property=\"og:image:width\" content=\"1280\" \/>\n\t<meta property=\"og:image:height\" content=\"1588\" \/>\n\t<meta property=\"og:image:type\" content=\"image\/webp\" \/>\n<meta name=\"twitter:card\" content=\"summary_large_image\" \/>\n<meta name=\"twitter:label1\" content=\"Gesch\u00e4tzte Lesezeit\" \/>\n\t<meta name=\"twitter:data1\" content=\"1\u00a0Minute\" \/>\n<script type=\"application\/ld+json\" class=\"yoast-schema-graph\">{\"@context\":\"https:\\\/\\\/schema.org\",\"@graph\":[{\"@type\":\"WebPage\",\"@id\":\"https:\\\/\\\/www.venisecollection.com\\\/de\\\/shop\\\/women\\\/pumps\\\/orla\",\"url\":\"https:\\\/\\\/www.venisecollection.com\\\/de\\\/shop\\\/women\\\/pumps\\\/orla\",\"name\":\"ORLA - VENISE COLLECTION\",\"isPartOf\":{\"@id\":\"https:\\\/\\\/www.venisecollection.com\\\/de#website\"},\"primaryImageOfPage\":{\"@id\":\"https:\\\/\\\/www.venisecollection.com\\\/de\\\/shop\\\/women\\\/pumps\\\/orla#primaryimage\"},\"image\":{\"@id\":\"https:\\\/\\\/www.venisecollection.com\\\/de\\\/shop\\\/women\\\/pumps\\\/orla#primaryimage\"},\"thumbnailUrl\":\"https:\\\/\\\/www.venisecollection.com\\\/cdn\\\/image-75.webp\",\"datePublished\":\"2025-12-20T16:06:35+00:00\",\"dateModified\":\"2025-12-26T15:08:55+00:00\",\"breadcrumb\":{\"@id\":\"https:\\\/\\\/www.venisecollection.com\\\/de\\\/shop\\\/women\\\/pumps\\\/orla#breadcrumb\"},\"inLanguage\":\"de\",\"potentialAction\":[{\"@type\":\"ReadAction\",\"target\":[\"https:\\\/\\\/www.venisecollection.com\\\/de\\\/shop\\\/women\\\/pumps\\\/orla\"]}]},{\"@type\":\"ImageObject\",\"inLanguage\":\"de\",\"@id\":\"https:\\\/\\\/www.venisecollection.com\\\/de\\\/shop\\\/women\\\/pumps\\\/orla#primaryimage\",\"url\":\"https:\\\/\\\/www.venisecollection.com\\\/cdn\\\/image-75.webp\",\"contentUrl\":\"https:\\\/\\\/www.venisecollection.com\\\/cdn\\\/image-75.webp\",\"width\":1280,\"height\":1588},{\"@type\":\"BreadcrumbList\",\"@id\":\"https:\\\/\\\/www.venisecollection.com\\\/de\\\/shop\\\/women\\\/pumps\\\/orla#breadcrumb\",\"itemListElement\":[{\"@type\":\"ListItem\",\"position\":1,\"name\":\"Home\",\"item\":\"https:\\\/\\\/www.venisecollection.com\\\/de\\\/shop\"},{\"@type\":\"ListItem\",\"position\":2,\"name\":\"Startseite\",\"item\":\"https:\\\/\\\/www.venisecollection.com\\\/de\\\/shop\"},{\"@type\":\"ListItem\",\"position\":3,\"name\":\"ORLA\"}]},{\"@type\":\"WebSite\",\"@id\":\"https:\\\/\\\/www.venisecollection.com\\\/de#website\",\"url\":\"https:\\\/\\\/www.venisecollection.com\\\/de\",\"name\":\"VENISE COLLECTION\",\"description\":\"\",\"publisher\":{\"@id\":\"https:\\\/\\\/www.venisecollection.com\\\/de#organization\"},\"potentialAction\":[{\"@type\":\"SearchAction\",\"target\":{\"@type\":\"EntryPoint\",\"urlTemplate\":\"https:\\\/\\\/www.venisecollection.com\\\/de?s={search_term_string}\"},\"query-input\":{\"@type\":\"PropertyValueSpecification\",\"valueRequired\":true,\"valueName\":\"search_term_string\"}}],\"inLanguage\":\"de\"},{\"@type\":\"Organization\",\"@id\":\"https:\\\/\\\/www.venisecollection.com\\\/de#organization\",\"name\":\"VENISE COLLECTION\",\"url\":\"https:\\\/\\\/www.venisecollection.com\\\/de\",\"logo\":{\"@type\":\"ImageObject\",\"inLanguage\":\"de\",\"@id\":\"https:\\\/\\\/www.venisecollection.com\\\/de#\\\/schema\\\/logo\\\/image\\\/\",\"url\":\"https:\\\/\\\/www.venisecollection.com\\\/cdn\\\/seo.png\",\"contentUrl\":\"https:\\\/\\\/www.venisecollection.com\\\/cdn\\\/seo.png\",\"width\":1080,\"height\":1080,\"caption\":\"VENISE COLLECTION\"},\"image\":{\"@id\":\"https:\\\/\\\/www.venisecollection.com\\\/de#\\\/schema\\\/logo\\\/image\\\/\"},\"sameAs\":[\"https:\\\/\\\/www.instagram.com\\\/venisecollection\\\/\",\"https:\\\/\\\/fr.pinterest.com\\\/venisecollection\\\/\"]}]}<\/script>\n<!-- \/ Yoast SEO plugin. -->","yoast_head_json":{"title":"ORLA - VENISE COLLECTION","robots":{"index":"index","follow":"follow","max-snippet":"max-snippet:-1","max-image-preview":"max-image-preview:large","max-video-preview":"max-video-preview:-1"},"canonical":"https:\/\/www.venisecollection.com\/de\/shop\/women\/pumps\/orla","og_locale":"de_DE","og_type":"article","og_title":"ORLA - VENISE COLLECTION","og_description":"Betreten Sie die Welt raffinierter Eleganz mit den ORLA Damen-Pumps, einer Hommage an zeitlose italienische Handwerkskunst und moderne Eleganz. Diese Damen-Pumps mit Kitten-Heel sind aus luxuri\u00f6sem, hochgl\u00e4nzendem, schwarzem Leder gefertigt und verspr\u00fchen einen eleganten Charme, der perfekt f\u00fcr formelle Anl\u00e4sse, Gesch\u00e4ftstreffen und elegante Soir\u00e9en geeignet ist. Die spitze Silhouette verl\u00e4ngert das Bein, w\u00e4hrend die zarte &hellip;","og_url":"https:\/\/www.venisecollection.com\/de\/shop\/women\/pumps\/orla","og_site_name":"VENISE COLLECTION","article_modified_time":"2025-12-26T15:08:55+00:00","og_image":[{"width":1280,"height":1588,"url":"https:\/\/www.venisecollection.com\/cdn\/image-75.webp","type":"image\/webp"}],"twitter_card":"summary_large_image","twitter_misc":{"Gesch\u00e4tzte Lesezeit":"1\u00a0Minute"},"schema":{"@context":"https:\/\/schema.org","@graph":[{"@type":"WebPage","@id":"https:\/\/www.venisecollection.com\/de\/shop\/women\/pumps\/orla","url":"https:\/\/www.venisecollection.com\/de\/shop\/women\/pumps\/orla","name":"ORLA - VENISE COLLECTION","isPartOf":{"@id":"https:\/\/www.venisecollection.com\/de#website"},"primaryImageOfPage":{"@id":"https:\/\/www.venisecollection.com\/de\/shop\/women\/pumps\/orla#primaryimage"},"image":{"@id":"https:\/\/www.venisecollection.com\/de\/shop\/women\/pumps\/orla#primaryimage"},"thumbnailUrl":"https:\/\/www.venisecollection.com\/cdn\/image-75.webp","datePublished":"2025-12-20T16:06:35+00:00","dateModified":"2025-12-26T15:08:55+00:00","breadcrumb":{"@id":"https:\/\/www.venisecollection.com\/de\/shop\/women\/pumps\/orla#breadcrumb"},"inLanguage":"de","potentialAction":[{"@type":"ReadAction","target":["https:\/\/www.venisecollection.com\/de\/shop\/women\/pumps\/orla"]}]},{"@type":"ImageObject","inLanguage":"de","@id":"https:\/\/www.venisecollection.com\/de\/shop\/women\/pumps\/orla#primaryimage","url":"https:\/\/www.venisecollection.com\/cdn\/image-75.webp","contentUrl":"https:\/\/www.venisecollection.com\/cdn\/image-75.webp","width":1280,"height":1588},{"@type":"BreadcrumbList","@id":"https:\/\/www.venisecollection.com\/de\/shop\/women\/pumps\/orla#breadcrumb","itemListElement":[{"@type":"ListItem","position":1,"name":"Home","item":"https:\/\/www.venisecollection.com\/de\/shop"},{"@type":"ListItem","position":2,"name":"Startseite","item":"https:\/\/www.venisecollection.com\/de\/shop"},{"@type":"ListItem","position":3,"name":"ORLA"}]},{"@type":"WebSite","@id":"https:\/\/www.venisecollection.com\/de#website","url":"https:\/\/www.venisecollection.com\/de","name":"VENISE COLLECTION","description":"","publisher":{"@id":"https:\/\/www.venisecollection.com\/de#organization"},"potentialAction":[{"@type":"SearchAction","target":{"@type":"EntryPoint","urlTemplate":"https:\/\/www.venisecollection.com\/de?s={search_term_string}"},"query-input":{"@type":"PropertyValueSpecification","valueRequired":true,"valueName":"search_term_string"}}],"inLanguage":"de"},{"@type":"Organization","@id":"https:\/\/www.venisecollection.com\/de#organization","name":"VENISE COLLECTION","url":"https:\/\/www.venisecollection.com\/de","logo":{"@type":"ImageObject","inLanguage":"de","@id":"https:\/\/www.venisecollection.com\/de#\/schema\/logo\/image\/","url":"https:\/\/www.venisecollection.com\/cdn\/seo.png","contentUrl":"https:\/\/www.venisecollection.com\/cdn\/seo.png","width":1080,"height":1080,"caption":"VENISE COLLECTION"},"image":{"@id":"https:\/\/www.venisecollection.com\/de#\/schema\/logo\/image\/"},"sameAs":["https:\/\/www.instagram.com\/venisecollection\/","https:\/\/fr.pinterest.com\/venisecollection\/"]}]}},"_links":{"self":[{"href":"https:\/\/www.venisecollection.com\/de\/wp-json\/wp\/v2\/product\/7038","targetHints":{"allow":["GET"]}}],"collection":[{"href":"https:\/\/www.venisecollection.com\/de\/wp-json\/wp\/v2\/product"}],"about":[{"href":"https:\/\/www.venisecollection.com\/de\/wp-json\/wp\/v2\/types\/product"}],"wp:featuredmedia":[{"embeddable":true,"href":"https:\/\/www.venisecollection.com\/de\/wp-json\/wp\/v2\/media\/7046"}],"wp:attachment":[{"href":"https:\/\/www.venisecollection.com\/de\/wp-json\/wp\/v2\/media?parent=7038"}],"wp:term":[{"taxonomy":"product_brand","embeddable":true,"href":"https:\/\/www.venisecollection.com\/de\/wp-json\/wp\/v2\/product_brand?post=7038"},{"taxonomy":"product_cat","embeddable":true,"href":"https:\/\/www.venisecollection.com\/de\/wp-json\/wp\/v2\/product_cat?post=7038"},{"taxonomy":"product_tag","embeddable":true,"href":"https:\/\/www.venisecollection.com\/de\/wp-json\/wp\/v2\/product_tag?post=7038"}],"curies":[{"name":"wp","href":"https:\/\/api.w.org\/{rel}","templated":true}]}}