{"id":7228,"date":"2025-11-20T16:05:27","date_gmt":"2025-11-20T16:05:27","guid":{"rendered":"https:\/\/www.venisecollection.com\/shop\/women\/unkategorisiert\/lunama\/"},"modified":"2026-04-29T01:42:22","modified_gmt":"2026-04-29T01:42:22","slug":"lunama","status":"publish","type":"product","link":"https:\/\/www.venisecollection.com\/de\/shop\/women\/loafer-und-derbys\/lunama","title":{"rendered":"Lunama"},"content":{"rendered":"<p style=\"text-align: justify;\">Lunama Damen-Outdoor-Mokassins vereinen modernen Stil, Strapazierf\u00e4higkeit und h\u00f6chsten Komfort. Das vordere Obermaterial weist ein strukturiertes Schlangenmuster auf, w\u00e4hrend der gesamte Schuh aus hochwertigem Echtleder gefertigt ist. <\/p>\n<p style=\"text-align: justify;\">Ein weiches Shearling-Futter h\u00e4lt Ihre F\u00fc\u00dfe bei k\u00e4lterem Wetter warm. Die dicke, robuste Laufsohle mit Profil bietet hervorragenden Halt f\u00fcr den Au\u00dfeneinsatz, und der niedrige Blockabsatz sorgt f\u00fcr bequemen Tragekomfort den ganzen Tag \u00fcber. <\/p>\n","protected":false},"excerpt":{"rendered":"<p>Lunama Damen-Outdoor-Mokassins vereinen modernen Stil, Strapazierf\u00e4higkeit und h\u00f6chsten Komfort. Das vordere Obermaterial weist ein strukturiertes Schlangenmuster auf, w\u00e4hrend der gesamte Schuh aus hochwertigem Echtleder gefertigt ist. Ein weiches Shearling-Futter h\u00e4lt Ihre F\u00fc\u00dfe bei k\u00e4lterem Wetter warm. Die dicke, robuste Laufsohle mit Profil bietet hervorragenden Halt f\u00fcr den Au\u00dfeneinsatz, und der niedrige Blockabsatz sorgt f\u00fcr bequemen &hellip;<\/p>\n","protected":false},"featured_media":7229,"template":"","meta":[],"product_brand":[357],"product_cat":[125],"product_tag":[],"class_list":{"0":"post-7228","1":"product","2":"type-product","3":"status-publish","4":"has-post-thumbnail","6":"product_brand-venise-collection","7":"product_cat-loafer-und-derbys","9":"first","10":"instock","11":"shipping-taxable","12":"purchasable","13":"product-type-variable","14":"has-default-attributes"},"yoast_head":"<!-- This site is optimized with the Yoast SEO plugin v27.5 - https:\/\/yoast.com\/product\/yoast-seo-wordpress\/ -->\n<title>Lunama - VENISE COLLECTION<\/title>\n<meta name=\"robots\" content=\"index, follow, max-snippet:-1, max-image-preview:large, max-video-preview:-1\" \/>\n<link rel=\"canonical\" href=\"https:\/\/www.venisecollection.com\/de\/shop\/women\/loafer-und-derbys\/lunama\" \/>\n<meta property=\"og:locale\" content=\"de_DE\" \/>\n<meta property=\"og:type\" content=\"article\" \/>\n<meta property=\"og:title\" content=\"Lunama - VENISE COLLECTION\" \/>\n<meta property=\"og:description\" content=\"Lunama Damen-Outdoor-Mokassins vereinen modernen Stil, Strapazierf\u00e4higkeit und h\u00f6chsten Komfort. Das vordere Obermaterial weist ein strukturiertes Schlangenmuster auf, w\u00e4hrend der gesamte Schuh aus hochwertigem Echtleder gefertigt ist. Ein weiches Shearling-Futter h\u00e4lt Ihre F\u00fc\u00dfe bei k\u00e4lterem Wetter warm. Die dicke, robuste Laufsohle mit Profil bietet hervorragenden Halt f\u00fcr den Au\u00dfeneinsatz, und der niedrige Blockabsatz sorgt f\u00fcr bequemen &hellip;\" \/>\n<meta property=\"og:url\" content=\"https:\/\/www.venisecollection.com\/de\/shop\/women\/loafer-und-derbys\/lunama\" \/>\n<meta property=\"og:site_name\" content=\"VENISE COLLECTION\" \/>\n<meta property=\"article:modified_time\" content=\"2026-04-29T01:42:22+00:00\" \/>\n<meta property=\"og:image\" content=\"https:\/\/www.venisecollection.com\/cdn\/image-59.webp\" \/>\n\t<meta property=\"og:image:width\" content=\"1280\" \/>\n\t<meta property=\"og:image:height\" content=\"1588\" \/>\n\t<meta property=\"og:image:type\" content=\"image\/webp\" \/>\n<meta name=\"twitter:card\" content=\"summary_large_image\" \/>\n<script type=\"application\/ld+json\" class=\"yoast-schema-graph\">{\"@context\":\"https:\\\/\\\/schema.org\",\"@graph\":[{\"@type\":\"WebPage\",\"@id\":\"https:\\\/\\\/www.venisecollection.com\\\/de\\\/shop\\\/women\\\/loafer-und-derbys\\\/lunama\",\"url\":\"https:\\\/\\\/www.venisecollection.com\\\/de\\\/shop\\\/women\\\/loafer-und-derbys\\\/lunama\",\"name\":\"Lunama - VENISE COLLECTION\",\"isPartOf\":{\"@id\":\"https:\\\/\\\/www.venisecollection.com\\\/de#website\"},\"primaryImageOfPage\":{\"@id\":\"https:\\\/\\\/www.venisecollection.com\\\/de\\\/shop\\\/women\\\/loafer-und-derbys\\\/lunama#primaryimage\"},\"image\":{\"@id\":\"https:\\\/\\\/www.venisecollection.com\\\/de\\\/shop\\\/women\\\/loafer-und-derbys\\\/lunama#primaryimage\"},\"thumbnailUrl\":\"https:\\\/\\\/www.venisecollection.com\\\/cdn\\\/image-59.webp\",\"datePublished\":\"2025-11-20T16:05:27+00:00\",\"dateModified\":\"2026-04-29T01:42:22+00:00\",\"breadcrumb\":{\"@id\":\"https:\\\/\\\/www.venisecollection.com\\\/de\\\/shop\\\/women\\\/loafer-und-derbys\\\/lunama#breadcrumb\"},\"inLanguage\":\"de\",\"potentialAction\":[{\"@type\":\"ReadAction\",\"target\":[\"https:\\\/\\\/www.venisecollection.com\\\/de\\\/shop\\\/women\\\/loafer-und-derbys\\\/lunama\"]}]},{\"@type\":\"ImageObject\",\"inLanguage\":\"de\",\"@id\":\"https:\\\/\\\/www.venisecollection.com\\\/de\\\/shop\\\/women\\\/loafer-und-derbys\\\/lunama#primaryimage\",\"url\":\"https:\\\/\\\/www.venisecollection.com\\\/cdn\\\/image-59.webp\",\"contentUrl\":\"https:\\\/\\\/www.venisecollection.com\\\/cdn\\\/image-59.webp\",\"width\":1280,\"height\":1588},{\"@type\":\"BreadcrumbList\",\"@id\":\"https:\\\/\\\/www.venisecollection.com\\\/de\\\/shop\\\/women\\\/loafer-und-derbys\\\/lunama#breadcrumb\",\"itemListElement\":[{\"@type\":\"ListItem\",\"position\":1,\"name\":\"Home\",\"item\":\"https:\\\/\\\/www.venisecollection.com\\\/de\\\/shop\"},{\"@type\":\"ListItem\",\"position\":2,\"name\":\"Startseite\",\"item\":\"https:\\\/\\\/www.venisecollection.com\\\/de\\\/shop\"},{\"@type\":\"ListItem\",\"position\":3,\"name\":\"Lunama\"}]},{\"@type\":\"WebSite\",\"@id\":\"https:\\\/\\\/www.venisecollection.com\\\/de#website\",\"url\":\"https:\\\/\\\/www.venisecollection.com\\\/de\",\"name\":\"VENISE COLLECTION\",\"description\":\"\",\"publisher\":{\"@id\":\"https:\\\/\\\/www.venisecollection.com\\\/de#organization\"},\"potentialAction\":[{\"@type\":\"SearchAction\",\"target\":{\"@type\":\"EntryPoint\",\"urlTemplate\":\"https:\\\/\\\/www.venisecollection.com\\\/de?s={search_term_string}\"},\"query-input\":{\"@type\":\"PropertyValueSpecification\",\"valueRequired\":true,\"valueName\":\"search_term_string\"}}],\"inLanguage\":\"de\"},{\"@type\":\"Organization\",\"@id\":\"https:\\\/\\\/www.venisecollection.com\\\/de#organization\",\"name\":\"VENISE COLLECTION\",\"url\":\"https:\\\/\\\/www.venisecollection.com\\\/de\",\"logo\":{\"@type\":\"ImageObject\",\"inLanguage\":\"de\",\"@id\":\"https:\\\/\\\/www.venisecollection.com\\\/de#\\\/schema\\\/logo\\\/image\\\/\",\"url\":\"https:\\\/\\\/www.venisecollection.com\\\/cdn\\\/seo.png\",\"contentUrl\":\"https:\\\/\\\/www.venisecollection.com\\\/cdn\\\/seo.png\",\"width\":1080,\"height\":1080,\"caption\":\"VENISE COLLECTION\"},\"image\":{\"@id\":\"https:\\\/\\\/www.venisecollection.com\\\/de#\\\/schema\\\/logo\\\/image\\\/\"},\"sameAs\":[\"https:\\\/\\\/www.instagram.com\\\/venisecollection\\\/\",\"https:\\\/\\\/fr.pinterest.com\\\/venisecollection\\\/\"]}]}<\/script>\n<!-- \/ Yoast SEO plugin. -->","yoast_head_json":{"title":"Lunama - VENISE COLLECTION","robots":{"index":"index","follow":"follow","max-snippet":"max-snippet:-1","max-image-preview":"max-image-preview:large","max-video-preview":"max-video-preview:-1"},"canonical":"https:\/\/www.venisecollection.com\/de\/shop\/women\/loafer-und-derbys\/lunama","og_locale":"de_DE","og_type":"article","og_title":"Lunama - VENISE COLLECTION","og_description":"Lunama Damen-Outdoor-Mokassins vereinen modernen Stil, Strapazierf\u00e4higkeit und h\u00f6chsten Komfort. Das vordere Obermaterial weist ein strukturiertes Schlangenmuster auf, w\u00e4hrend der gesamte Schuh aus hochwertigem Echtleder gefertigt ist. Ein weiches Shearling-Futter h\u00e4lt Ihre F\u00fc\u00dfe bei k\u00e4lterem Wetter warm. Die dicke, robuste Laufsohle mit Profil bietet hervorragenden Halt f\u00fcr den Au\u00dfeneinsatz, und der niedrige Blockabsatz sorgt f\u00fcr bequemen &hellip;","og_url":"https:\/\/www.venisecollection.com\/de\/shop\/women\/loafer-und-derbys\/lunama","og_site_name":"VENISE COLLECTION","article_modified_time":"2026-04-29T01:42:22+00:00","og_image":[{"width":1280,"height":1588,"url":"https:\/\/www.venisecollection.com\/cdn\/image-59.webp","type":"image\/webp"}],"twitter_card":"summary_large_image","schema":{"@context":"https:\/\/schema.org","@graph":[{"@type":"WebPage","@id":"https:\/\/www.venisecollection.com\/de\/shop\/women\/loafer-und-derbys\/lunama","url":"https:\/\/www.venisecollection.com\/de\/shop\/women\/loafer-und-derbys\/lunama","name":"Lunama - VENISE COLLECTION","isPartOf":{"@id":"https:\/\/www.venisecollection.com\/de#website"},"primaryImageOfPage":{"@id":"https:\/\/www.venisecollection.com\/de\/shop\/women\/loafer-und-derbys\/lunama#primaryimage"},"image":{"@id":"https:\/\/www.venisecollection.com\/de\/shop\/women\/loafer-und-derbys\/lunama#primaryimage"},"thumbnailUrl":"https:\/\/www.venisecollection.com\/cdn\/image-59.webp","datePublished":"2025-11-20T16:05:27+00:00","dateModified":"2026-04-29T01:42:22+00:00","breadcrumb":{"@id":"https:\/\/www.venisecollection.com\/de\/shop\/women\/loafer-und-derbys\/lunama#breadcrumb"},"inLanguage":"de","potentialAction":[{"@type":"ReadAction","target":["https:\/\/www.venisecollection.com\/de\/shop\/women\/loafer-und-derbys\/lunama"]}]},{"@type":"ImageObject","inLanguage":"de","@id":"https:\/\/www.venisecollection.com\/de\/shop\/women\/loafer-und-derbys\/lunama#primaryimage","url":"https:\/\/www.venisecollection.com\/cdn\/image-59.webp","contentUrl":"https:\/\/www.venisecollection.com\/cdn\/image-59.webp","width":1280,"height":1588},{"@type":"BreadcrumbList","@id":"https:\/\/www.venisecollection.com\/de\/shop\/women\/loafer-und-derbys\/lunama#breadcrumb","itemListElement":[{"@type":"ListItem","position":1,"name":"Home","item":"https:\/\/www.venisecollection.com\/de\/shop"},{"@type":"ListItem","position":2,"name":"Startseite","item":"https:\/\/www.venisecollection.com\/de\/shop"},{"@type":"ListItem","position":3,"name":"Lunama"}]},{"@type":"WebSite","@id":"https:\/\/www.venisecollection.com\/de#website","url":"https:\/\/www.venisecollection.com\/de","name":"VENISE COLLECTION","description":"","publisher":{"@id":"https:\/\/www.venisecollection.com\/de#organization"},"potentialAction":[{"@type":"SearchAction","target":{"@type":"EntryPoint","urlTemplate":"https:\/\/www.venisecollection.com\/de?s={search_term_string}"},"query-input":{"@type":"PropertyValueSpecification","valueRequired":true,"valueName":"search_term_string"}}],"inLanguage":"de"},{"@type":"Organization","@id":"https:\/\/www.venisecollection.com\/de#organization","name":"VENISE COLLECTION","url":"https:\/\/www.venisecollection.com\/de","logo":{"@type":"ImageObject","inLanguage":"de","@id":"https:\/\/www.venisecollection.com\/de#\/schema\/logo\/image\/","url":"https:\/\/www.venisecollection.com\/cdn\/seo.png","contentUrl":"https:\/\/www.venisecollection.com\/cdn\/seo.png","width":1080,"height":1080,"caption":"VENISE COLLECTION"},"image":{"@id":"https:\/\/www.venisecollection.com\/de#\/schema\/logo\/image\/"},"sameAs":["https:\/\/www.instagram.com\/venisecollection\/","https:\/\/fr.pinterest.com\/venisecollection\/"]}]}},"_links":{"self":[{"href":"https:\/\/www.venisecollection.com\/de\/wp-json\/wp\/v2\/product\/7228","targetHints":{"allow":["GET"]}}],"collection":[{"href":"https:\/\/www.venisecollection.com\/de\/wp-json\/wp\/v2\/product"}],"about":[{"href":"https:\/\/www.venisecollection.com\/de\/wp-json\/wp\/v2\/types\/product"}],"wp:featuredmedia":[{"embeddable":true,"href":"https:\/\/www.venisecollection.com\/de\/wp-json\/wp\/v2\/media\/7229"}],"wp:attachment":[{"href":"https:\/\/www.venisecollection.com\/de\/wp-json\/wp\/v2\/media?parent=7228"}],"wp:term":[{"taxonomy":"product_brand","embeddable":true,"href":"https:\/\/www.venisecollection.com\/de\/wp-json\/wp\/v2\/product_brand?post=7228"},{"taxonomy":"product_cat","embeddable":true,"href":"https:\/\/www.venisecollection.com\/de\/wp-json\/wp\/v2\/product_cat?post=7228"},{"taxonomy":"product_tag","embeddable":true,"href":"https:\/\/www.venisecollection.com\/de\/wp-json\/wp\/v2\/product_tag?post=7228"}],"curies":[{"name":"wp","href":"https:\/\/api.w.org\/{rel}","templated":true}]}}