{"id":7364,"date":"2025-11-20T16:03:18","date_gmt":"2025-11-20T16:03:18","guid":{"rendered":"https:\/\/www.venisecollection.com\/shop\/women\/unkategorisiert\/lunaria\/"},"modified":"2025-11-20T16:03:18","modified_gmt":"2025-11-20T16:03:18","slug":"lunaria","status":"publish","type":"product","link":"https:\/\/www.venisecollection.com\/de\/shop\/women\/pumps\/lunaria","title":{"rendered":"Lunaria"},"content":{"rendered":"<p style=\"text-align: justify;\">Die Lunaria Pumps sind ein zeitloses Statement femininer Eleganz. Gefertigt aus hochwertigem schwarzem Leder mit einem anmutigen, tief ausgeschnittenen Dekollet\u00e9 und einem eleganten 85-mm-Absatz, vereinen sie m\u00fchelos Komfort und Stil. <\/p>\n<p style=\"text-align: justify;\">Das Futter aus nudefarbenem Leder erh\u00f6ht den Tragekomfort, w\u00e4hrend die raffinierte Silhouette die Beine optisch verl\u00e4ngert und jedes formelle oder Abend-Outfit erg\u00e4nzt. Lunaria verk\u00f6rpert pure Eleganz und ist perfekt f\u00fcr Gesch\u00e4ftstreffen und schicke Soir\u00e9en. <\/p>\n","protected":false},"excerpt":{"rendered":"<p>Die Lunaria Pumps sind ein zeitloses Statement femininer Eleganz. Gefertigt aus hochwertigem schwarzem Leder mit einem anmutigen, tief ausgeschnittenen Dekollet\u00e9 und einem eleganten 85-mm-Absatz, vereinen sie m\u00fchelos Komfort und Stil. Das Futter aus nudefarbenem Leder erh\u00f6ht den Tragekomfort, w\u00e4hrend die raffinierte Silhouette die Beine optisch verl\u00e4ngert und jedes formelle oder Abend-Outfit erg\u00e4nzt. Lunaria verk\u00f6rpert pure &hellip;<\/p>\n","protected":false},"featured_media":7365,"template":"","meta":[],"product_brand":[357],"product_cat":[110],"product_tag":[],"class_list":{"0":"post-7364","1":"product","2":"type-product","3":"status-publish","4":"has-post-thumbnail","6":"product_brand-venise-collection","7":"product_cat-pumps","9":"first","10":"outofstock","11":"shipping-taxable","12":"product-type-variable"},"yoast_head":"<!-- This site is optimized with the Yoast SEO plugin v27.4 - https:\/\/yoast.com\/product\/yoast-seo-wordpress\/ -->\n<title>Lunaria - VENISE COLLECTION<\/title>\n<meta name=\"robots\" content=\"index, follow, max-snippet:-1, max-image-preview:large, max-video-preview:-1\" \/>\n<link rel=\"canonical\" href=\"https:\/\/www.venisecollection.com\/de\/shop\/women\/pumps\/lunaria\" \/>\n<meta property=\"og:locale\" content=\"de_DE\" \/>\n<meta property=\"og:type\" content=\"article\" \/>\n<meta property=\"og:title\" content=\"Lunaria - VENISE COLLECTION\" \/>\n<meta property=\"og:description\" content=\"Die Lunaria Pumps sind ein zeitloses Statement femininer Eleganz. Gefertigt aus hochwertigem schwarzem Leder mit einem anmutigen, tief ausgeschnittenen Dekollet\u00e9 und einem eleganten 85-mm-Absatz, vereinen sie m\u00fchelos Komfort und Stil. Das Futter aus nudefarbenem Leder erh\u00f6ht den Tragekomfort, w\u00e4hrend die raffinierte Silhouette die Beine optisch verl\u00e4ngert und jedes formelle oder Abend-Outfit erg\u00e4nzt. Lunaria verk\u00f6rpert pure &hellip;\" \/>\n<meta property=\"og:url\" content=\"https:\/\/www.venisecollection.com\/de\/shop\/women\/pumps\/lunaria\" \/>\n<meta property=\"og:site_name\" content=\"VENISE COLLECTION\" \/>\n<meta property=\"og:image\" content=\"https:\/\/www.venisecollection.com\/cdn\/image-14-1.webp\" \/>\n\t<meta property=\"og:image:width\" content=\"1280\" \/>\n\t<meta property=\"og:image:height\" content=\"1588\" \/>\n\t<meta property=\"og:image:type\" content=\"image\/webp\" \/>\n<meta name=\"twitter:card\" content=\"summary_large_image\" \/>\n<script type=\"application\/ld+json\" class=\"yoast-schema-graph\">{\"@context\":\"https:\\\/\\\/schema.org\",\"@graph\":[{\"@type\":\"WebPage\",\"@id\":\"https:\\\/\\\/www.venisecollection.com\\\/de\\\/shop\\\/women\\\/pumps\\\/lunaria\",\"url\":\"https:\\\/\\\/www.venisecollection.com\\\/de\\\/shop\\\/women\\\/pumps\\\/lunaria\",\"name\":\"Lunaria - VENISE COLLECTION\",\"isPartOf\":{\"@id\":\"https:\\\/\\\/www.venisecollection.com\\\/de#website\"},\"primaryImageOfPage\":{\"@id\":\"https:\\\/\\\/www.venisecollection.com\\\/de\\\/shop\\\/women\\\/pumps\\\/lunaria#primaryimage\"},\"image\":{\"@id\":\"https:\\\/\\\/www.venisecollection.com\\\/de\\\/shop\\\/women\\\/pumps\\\/lunaria#primaryimage\"},\"thumbnailUrl\":\"https:\\\/\\\/www.venisecollection.com\\\/cdn\\\/image-14-1.webp\",\"datePublished\":\"2025-11-20T16:03:18+00:00\",\"breadcrumb\":{\"@id\":\"https:\\\/\\\/www.venisecollection.com\\\/de\\\/shop\\\/women\\\/pumps\\\/lunaria#breadcrumb\"},\"inLanguage\":\"de\",\"potentialAction\":[{\"@type\":\"ReadAction\",\"target\":[\"https:\\\/\\\/www.venisecollection.com\\\/de\\\/shop\\\/women\\\/pumps\\\/lunaria\"]}]},{\"@type\":\"ImageObject\",\"inLanguage\":\"de\",\"@id\":\"https:\\\/\\\/www.venisecollection.com\\\/de\\\/shop\\\/women\\\/pumps\\\/lunaria#primaryimage\",\"url\":\"https:\\\/\\\/www.venisecollection.com\\\/cdn\\\/image-14-1.webp\",\"contentUrl\":\"https:\\\/\\\/www.venisecollection.com\\\/cdn\\\/image-14-1.webp\",\"width\":1280,\"height\":1588},{\"@type\":\"BreadcrumbList\",\"@id\":\"https:\\\/\\\/www.venisecollection.com\\\/de\\\/shop\\\/women\\\/pumps\\\/lunaria#breadcrumb\",\"itemListElement\":[{\"@type\":\"ListItem\",\"position\":1,\"name\":\"Home\",\"item\":\"https:\\\/\\\/www.venisecollection.com\\\/de\\\/shop\"},{\"@type\":\"ListItem\",\"position\":2,\"name\":\"Startseite\",\"item\":\"https:\\\/\\\/www.venisecollection.com\\\/de\\\/shop\"},{\"@type\":\"ListItem\",\"position\":3,\"name\":\"Lunaria\"}]},{\"@type\":\"WebSite\",\"@id\":\"https:\\\/\\\/www.venisecollection.com\\\/de#website\",\"url\":\"https:\\\/\\\/www.venisecollection.com\\\/de\",\"name\":\"VENISE COLLECTION\",\"description\":\"\",\"publisher\":{\"@id\":\"https:\\\/\\\/www.venisecollection.com\\\/de#organization\"},\"potentialAction\":[{\"@type\":\"SearchAction\",\"target\":{\"@type\":\"EntryPoint\",\"urlTemplate\":\"https:\\\/\\\/www.venisecollection.com\\\/de?s={search_term_string}\"},\"query-input\":{\"@type\":\"PropertyValueSpecification\",\"valueRequired\":true,\"valueName\":\"search_term_string\"}}],\"inLanguage\":\"de\"},{\"@type\":\"Organization\",\"@id\":\"https:\\\/\\\/www.venisecollection.com\\\/de#organization\",\"name\":\"VENISE COLLECTION\",\"url\":\"https:\\\/\\\/www.venisecollection.com\\\/de\",\"logo\":{\"@type\":\"ImageObject\",\"inLanguage\":\"de\",\"@id\":\"https:\\\/\\\/www.venisecollection.com\\\/de#\\\/schema\\\/logo\\\/image\\\/\",\"url\":\"https:\\\/\\\/www.venisecollection.com\\\/cdn\\\/seo.png\",\"contentUrl\":\"https:\\\/\\\/www.venisecollection.com\\\/cdn\\\/seo.png\",\"width\":1080,\"height\":1080,\"caption\":\"VENISE COLLECTION\"},\"image\":{\"@id\":\"https:\\\/\\\/www.venisecollection.com\\\/de#\\\/schema\\\/logo\\\/image\\\/\"},\"sameAs\":[\"https:\\\/\\\/www.instagram.com\\\/venisecollection\\\/\",\"https:\\\/\\\/fr.pinterest.com\\\/venisecollection\\\/\"]}]}<\/script>\n<!-- \/ Yoast SEO plugin. -->","yoast_head_json":{"title":"Lunaria - VENISE COLLECTION","robots":{"index":"index","follow":"follow","max-snippet":"max-snippet:-1","max-image-preview":"max-image-preview:large","max-video-preview":"max-video-preview:-1"},"canonical":"https:\/\/www.venisecollection.com\/de\/shop\/women\/pumps\/lunaria","og_locale":"de_DE","og_type":"article","og_title":"Lunaria - VENISE COLLECTION","og_description":"Die Lunaria Pumps sind ein zeitloses Statement femininer Eleganz. Gefertigt aus hochwertigem schwarzem Leder mit einem anmutigen, tief ausgeschnittenen Dekollet\u00e9 und einem eleganten 85-mm-Absatz, vereinen sie m\u00fchelos Komfort und Stil. Das Futter aus nudefarbenem Leder erh\u00f6ht den Tragekomfort, w\u00e4hrend die raffinierte Silhouette die Beine optisch verl\u00e4ngert und jedes formelle oder Abend-Outfit erg\u00e4nzt. Lunaria verk\u00f6rpert pure &hellip;","og_url":"https:\/\/www.venisecollection.com\/de\/shop\/women\/pumps\/lunaria","og_site_name":"VENISE COLLECTION","og_image":[{"width":1280,"height":1588,"url":"https:\/\/www.venisecollection.com\/cdn\/image-14-1.webp","type":"image\/webp"}],"twitter_card":"summary_large_image","schema":{"@context":"https:\/\/schema.org","@graph":[{"@type":"WebPage","@id":"https:\/\/www.venisecollection.com\/de\/shop\/women\/pumps\/lunaria","url":"https:\/\/www.venisecollection.com\/de\/shop\/women\/pumps\/lunaria","name":"Lunaria - VENISE COLLECTION","isPartOf":{"@id":"https:\/\/www.venisecollection.com\/de#website"},"primaryImageOfPage":{"@id":"https:\/\/www.venisecollection.com\/de\/shop\/women\/pumps\/lunaria#primaryimage"},"image":{"@id":"https:\/\/www.venisecollection.com\/de\/shop\/women\/pumps\/lunaria#primaryimage"},"thumbnailUrl":"https:\/\/www.venisecollection.com\/cdn\/image-14-1.webp","datePublished":"2025-11-20T16:03:18+00:00","breadcrumb":{"@id":"https:\/\/www.venisecollection.com\/de\/shop\/women\/pumps\/lunaria#breadcrumb"},"inLanguage":"de","potentialAction":[{"@type":"ReadAction","target":["https:\/\/www.venisecollection.com\/de\/shop\/women\/pumps\/lunaria"]}]},{"@type":"ImageObject","inLanguage":"de","@id":"https:\/\/www.venisecollection.com\/de\/shop\/women\/pumps\/lunaria#primaryimage","url":"https:\/\/www.venisecollection.com\/cdn\/image-14-1.webp","contentUrl":"https:\/\/www.venisecollection.com\/cdn\/image-14-1.webp","width":1280,"height":1588},{"@type":"BreadcrumbList","@id":"https:\/\/www.venisecollection.com\/de\/shop\/women\/pumps\/lunaria#breadcrumb","itemListElement":[{"@type":"ListItem","position":1,"name":"Home","item":"https:\/\/www.venisecollection.com\/de\/shop"},{"@type":"ListItem","position":2,"name":"Startseite","item":"https:\/\/www.venisecollection.com\/de\/shop"},{"@type":"ListItem","position":3,"name":"Lunaria"}]},{"@type":"WebSite","@id":"https:\/\/www.venisecollection.com\/de#website","url":"https:\/\/www.venisecollection.com\/de","name":"VENISE COLLECTION","description":"","publisher":{"@id":"https:\/\/www.venisecollection.com\/de#organization"},"potentialAction":[{"@type":"SearchAction","target":{"@type":"EntryPoint","urlTemplate":"https:\/\/www.venisecollection.com\/de?s={search_term_string}"},"query-input":{"@type":"PropertyValueSpecification","valueRequired":true,"valueName":"search_term_string"}}],"inLanguage":"de"},{"@type":"Organization","@id":"https:\/\/www.venisecollection.com\/de#organization","name":"VENISE COLLECTION","url":"https:\/\/www.venisecollection.com\/de","logo":{"@type":"ImageObject","inLanguage":"de","@id":"https:\/\/www.venisecollection.com\/de#\/schema\/logo\/image\/","url":"https:\/\/www.venisecollection.com\/cdn\/seo.png","contentUrl":"https:\/\/www.venisecollection.com\/cdn\/seo.png","width":1080,"height":1080,"caption":"VENISE COLLECTION"},"image":{"@id":"https:\/\/www.venisecollection.com\/de#\/schema\/logo\/image\/"},"sameAs":["https:\/\/www.instagram.com\/venisecollection\/","https:\/\/fr.pinterest.com\/venisecollection\/"]}]}},"_links":{"self":[{"href":"https:\/\/www.venisecollection.com\/de\/wp-json\/wp\/v2\/product\/7364","targetHints":{"allow":["GET"]}}],"collection":[{"href":"https:\/\/www.venisecollection.com\/de\/wp-json\/wp\/v2\/product"}],"about":[{"href":"https:\/\/www.venisecollection.com\/de\/wp-json\/wp\/v2\/types\/product"}],"wp:featuredmedia":[{"embeddable":true,"href":"https:\/\/www.venisecollection.com\/de\/wp-json\/wp\/v2\/media\/7365"}],"wp:attachment":[{"href":"https:\/\/www.venisecollection.com\/de\/wp-json\/wp\/v2\/media?parent=7364"}],"wp:term":[{"taxonomy":"product_brand","embeddable":true,"href":"https:\/\/www.venisecollection.com\/de\/wp-json\/wp\/v2\/product_brand?post=7364"},{"taxonomy":"product_cat","embeddable":true,"href":"https:\/\/www.venisecollection.com\/de\/wp-json\/wp\/v2\/product_cat?post=7364"},{"taxonomy":"product_tag","embeddable":true,"href":"https:\/\/www.venisecollection.com\/de\/wp-json\/wp\/v2\/product_tag?post=7364"}],"curies":[{"name":"wp","href":"https:\/\/api.w.org\/{rel}","templated":true}]}}