{"id":7435,"date":"2025-12-20T16:02:45","date_gmt":"2025-12-20T16:02:45","guid":{"rendered":"https:\/\/www.venisecollection.com\/shop\/women\/unkategorisiert\/bellanova\/"},"modified":"2026-04-29T01:46:40","modified_gmt":"2026-04-29T01:46:40","slug":"bellanova","status":"publish","type":"product","link":"https:\/\/www.venisecollection.com\/de\/shop\/women\/hohe-stiefel\/bellanova","title":{"rendered":"Bellanova"},"content":{"rendered":"<p style=\"text-align: justify;\">Mit Bellanova, den eleganten Damen-Stiefeletten mit spitzer Zehenpartie und schickem Schlangenmuster, treten Sie stilvoll auf. Diese Stiefel werden aus hochwertigem italienischem Leder gefertigt und gew\u00e4hrleisten maximalen Komfort mit einem Futter und einer Sohle aus Vollleder. <\/p>\n<p style=\"text-align: justify;\">Der 80 mm hohe Absatz und der elegante Schaft sorgen f\u00fcr einen raffinierten, femininen Look, der sich perfekt f\u00fcr den Tag und den Abend eignet. Genie\u00dfen Sie ein mutiges, luxuri\u00f6ses Statement und bleiben Sie gleichzeitig komfortabel. <\/p>\n","protected":false},"excerpt":{"rendered":"<p>Mit Bellanova, den eleganten Damen-Stiefeletten mit spitzer Zehenpartie und schickem Schlangenmuster, treten Sie stilvoll auf. Diese Stiefel werden aus hochwertigem italienischem Leder gefertigt und gew\u00e4hrleisten maximalen Komfort mit einem Futter und einer Sohle aus Vollleder. Der 80 mm hohe Absatz und der elegante Schaft sorgen f\u00fcr einen raffinierten, femininen Look, der sich perfekt f\u00fcr den &hellip;<\/p>\n","protected":false},"featured_media":7439,"template":"","meta":[],"product_brand":[360,360,357],"product_cat":[113],"product_tag":[],"class_list":{"0":"post-7435","1":"product","2":"type-product","3":"status-publish","4":"has-post-thumbnail","6":"product_brand-roberto-festa","8":"product_brand-venise-collection","9":"product_cat-hohe-stiefel","11":"first","12":"instock","13":"shipping-taxable","14":"purchasable","15":"product-type-variable","16":"has-default-attributes"},"yoast_head":"<!-- This site is optimized with the Yoast SEO plugin v27.5 - https:\/\/yoast.com\/product\/yoast-seo-wordpress\/ -->\n<title>Bellanova - VENISE COLLECTION<\/title>\n<meta name=\"robots\" content=\"index, follow, max-snippet:-1, max-image-preview:large, max-video-preview:-1\" \/>\n<link rel=\"canonical\" href=\"https:\/\/www.venisecollection.com\/de\/shop\/women\/hohe-stiefel\/bellanova\" \/>\n<meta property=\"og:locale\" content=\"de_DE\" \/>\n<meta property=\"og:type\" content=\"article\" \/>\n<meta property=\"og:title\" content=\"Bellanova - VENISE COLLECTION\" \/>\n<meta property=\"og:description\" content=\"Mit Bellanova, den eleganten Damen-Stiefeletten mit spitzer Zehenpartie und schickem Schlangenmuster, treten Sie stilvoll auf. Diese Stiefel werden aus hochwertigem italienischem Leder gefertigt und gew\u00e4hrleisten maximalen Komfort mit einem Futter und einer Sohle aus Vollleder. Der 80 mm hohe Absatz und der elegante Schaft sorgen f\u00fcr einen raffinierten, femininen Look, der sich perfekt f\u00fcr den &hellip;\" \/>\n<meta property=\"og:url\" content=\"https:\/\/www.venisecollection.com\/de\/shop\/women\/hohe-stiefel\/bellanova\" \/>\n<meta property=\"og:site_name\" content=\"VENISE COLLECTION\" \/>\n<meta property=\"article:modified_time\" content=\"2026-04-29T01:46:40+00:00\" \/>\n<meta property=\"og:image\" content=\"https:\/\/www.venisecollection.com\/cdn\/image.psd-247.webp\" \/>\n\t<meta property=\"og:image:width\" content=\"1280\" \/>\n\t<meta property=\"og:image:height\" content=\"1588\" \/>\n\t<meta property=\"og:image:type\" content=\"image\/webp\" \/>\n<meta name=\"twitter:card\" content=\"summary_large_image\" \/>\n<script type=\"application\/ld+json\" class=\"yoast-schema-graph\">{\"@context\":\"https:\\\/\\\/schema.org\",\"@graph\":[{\"@type\":\"WebPage\",\"@id\":\"https:\\\/\\\/www.venisecollection.com\\\/de\\\/shop\\\/women\\\/hohe-stiefel\\\/bellanova\",\"url\":\"https:\\\/\\\/www.venisecollection.com\\\/de\\\/shop\\\/women\\\/hohe-stiefel\\\/bellanova\",\"name\":\"Bellanova - VENISE COLLECTION\",\"isPartOf\":{\"@id\":\"https:\\\/\\\/www.venisecollection.com\\\/de#website\"},\"primaryImageOfPage\":{\"@id\":\"https:\\\/\\\/www.venisecollection.com\\\/de\\\/shop\\\/women\\\/hohe-stiefel\\\/bellanova#primaryimage\"},\"image\":{\"@id\":\"https:\\\/\\\/www.venisecollection.com\\\/de\\\/shop\\\/women\\\/hohe-stiefel\\\/bellanova#primaryimage\"},\"thumbnailUrl\":\"https:\\\/\\\/www.venisecollection.com\\\/cdn\\\/image.psd-247.webp\",\"datePublished\":\"2025-12-20T16:02:45+00:00\",\"dateModified\":\"2026-04-29T01:46:40+00:00\",\"breadcrumb\":{\"@id\":\"https:\\\/\\\/www.venisecollection.com\\\/de\\\/shop\\\/women\\\/hohe-stiefel\\\/bellanova#breadcrumb\"},\"inLanguage\":\"de\",\"potentialAction\":[{\"@type\":\"ReadAction\",\"target\":[\"https:\\\/\\\/www.venisecollection.com\\\/de\\\/shop\\\/women\\\/hohe-stiefel\\\/bellanova\"]}]},{\"@type\":\"ImageObject\",\"inLanguage\":\"de\",\"@id\":\"https:\\\/\\\/www.venisecollection.com\\\/de\\\/shop\\\/women\\\/hohe-stiefel\\\/bellanova#primaryimage\",\"url\":\"https:\\\/\\\/www.venisecollection.com\\\/cdn\\\/image.psd-247.webp\",\"contentUrl\":\"https:\\\/\\\/www.venisecollection.com\\\/cdn\\\/image.psd-247.webp\",\"width\":1280,\"height\":1588},{\"@type\":\"BreadcrumbList\",\"@id\":\"https:\\\/\\\/www.venisecollection.com\\\/de\\\/shop\\\/women\\\/hohe-stiefel\\\/bellanova#breadcrumb\",\"itemListElement\":[{\"@type\":\"ListItem\",\"position\":1,\"name\":\"Home\",\"item\":\"https:\\\/\\\/www.venisecollection.com\\\/de\\\/shop\"},{\"@type\":\"ListItem\",\"position\":2,\"name\":\"Startseite\",\"item\":\"https:\\\/\\\/www.venisecollection.com\\\/de\\\/shop\"},{\"@type\":\"ListItem\",\"position\":3,\"name\":\"Bellanova\"}]},{\"@type\":\"WebSite\",\"@id\":\"https:\\\/\\\/www.venisecollection.com\\\/de#website\",\"url\":\"https:\\\/\\\/www.venisecollection.com\\\/de\",\"name\":\"VENISE COLLECTION\",\"description\":\"\",\"publisher\":{\"@id\":\"https:\\\/\\\/www.venisecollection.com\\\/de#organization\"},\"potentialAction\":[{\"@type\":\"SearchAction\",\"target\":{\"@type\":\"EntryPoint\",\"urlTemplate\":\"https:\\\/\\\/www.venisecollection.com\\\/de?s={search_term_string}\"},\"query-input\":{\"@type\":\"PropertyValueSpecification\",\"valueRequired\":true,\"valueName\":\"search_term_string\"}}],\"inLanguage\":\"de\"},{\"@type\":\"Organization\",\"@id\":\"https:\\\/\\\/www.venisecollection.com\\\/de#organization\",\"name\":\"VENISE COLLECTION\",\"url\":\"https:\\\/\\\/www.venisecollection.com\\\/de\",\"logo\":{\"@type\":\"ImageObject\",\"inLanguage\":\"de\",\"@id\":\"https:\\\/\\\/www.venisecollection.com\\\/de#\\\/schema\\\/logo\\\/image\\\/\",\"url\":\"https:\\\/\\\/www.venisecollection.com\\\/cdn\\\/seo.png\",\"contentUrl\":\"https:\\\/\\\/www.venisecollection.com\\\/cdn\\\/seo.png\",\"width\":1080,\"height\":1080,\"caption\":\"VENISE COLLECTION\"},\"image\":{\"@id\":\"https:\\\/\\\/www.venisecollection.com\\\/de#\\\/schema\\\/logo\\\/image\\\/\"},\"sameAs\":[\"https:\\\/\\\/www.instagram.com\\\/venisecollection\\\/\",\"https:\\\/\\\/fr.pinterest.com\\\/venisecollection\\\/\"]}]}<\/script>\n<!-- \/ Yoast SEO plugin. -->","yoast_head_json":{"title":"Bellanova - VENISE COLLECTION","robots":{"index":"index","follow":"follow","max-snippet":"max-snippet:-1","max-image-preview":"max-image-preview:large","max-video-preview":"max-video-preview:-1"},"canonical":"https:\/\/www.venisecollection.com\/de\/shop\/women\/hohe-stiefel\/bellanova","og_locale":"de_DE","og_type":"article","og_title":"Bellanova - VENISE COLLECTION","og_description":"Mit Bellanova, den eleganten Damen-Stiefeletten mit spitzer Zehenpartie und schickem Schlangenmuster, treten Sie stilvoll auf. Diese Stiefel werden aus hochwertigem italienischem Leder gefertigt und gew\u00e4hrleisten maximalen Komfort mit einem Futter und einer Sohle aus Vollleder. Der 80 mm hohe Absatz und der elegante Schaft sorgen f\u00fcr einen raffinierten, femininen Look, der sich perfekt f\u00fcr den &hellip;","og_url":"https:\/\/www.venisecollection.com\/de\/shop\/women\/hohe-stiefel\/bellanova","og_site_name":"VENISE COLLECTION","article_modified_time":"2026-04-29T01:46:40+00:00","og_image":[{"width":1280,"height":1588,"url":"https:\/\/www.venisecollection.com\/cdn\/image.psd-247.webp","type":"image\/webp"}],"twitter_card":"summary_large_image","schema":{"@context":"https:\/\/schema.org","@graph":[{"@type":"WebPage","@id":"https:\/\/www.venisecollection.com\/de\/shop\/women\/hohe-stiefel\/bellanova","url":"https:\/\/www.venisecollection.com\/de\/shop\/women\/hohe-stiefel\/bellanova","name":"Bellanova - VENISE COLLECTION","isPartOf":{"@id":"https:\/\/www.venisecollection.com\/de#website"},"primaryImageOfPage":{"@id":"https:\/\/www.venisecollection.com\/de\/shop\/women\/hohe-stiefel\/bellanova#primaryimage"},"image":{"@id":"https:\/\/www.venisecollection.com\/de\/shop\/women\/hohe-stiefel\/bellanova#primaryimage"},"thumbnailUrl":"https:\/\/www.venisecollection.com\/cdn\/image.psd-247.webp","datePublished":"2025-12-20T16:02:45+00:00","dateModified":"2026-04-29T01:46:40+00:00","breadcrumb":{"@id":"https:\/\/www.venisecollection.com\/de\/shop\/women\/hohe-stiefel\/bellanova#breadcrumb"},"inLanguage":"de","potentialAction":[{"@type":"ReadAction","target":["https:\/\/www.venisecollection.com\/de\/shop\/women\/hohe-stiefel\/bellanova"]}]},{"@type":"ImageObject","inLanguage":"de","@id":"https:\/\/www.venisecollection.com\/de\/shop\/women\/hohe-stiefel\/bellanova#primaryimage","url":"https:\/\/www.venisecollection.com\/cdn\/image.psd-247.webp","contentUrl":"https:\/\/www.venisecollection.com\/cdn\/image.psd-247.webp","width":1280,"height":1588},{"@type":"BreadcrumbList","@id":"https:\/\/www.venisecollection.com\/de\/shop\/women\/hohe-stiefel\/bellanova#breadcrumb","itemListElement":[{"@type":"ListItem","position":1,"name":"Home","item":"https:\/\/www.venisecollection.com\/de\/shop"},{"@type":"ListItem","position":2,"name":"Startseite","item":"https:\/\/www.venisecollection.com\/de\/shop"},{"@type":"ListItem","position":3,"name":"Bellanova"}]},{"@type":"WebSite","@id":"https:\/\/www.venisecollection.com\/de#website","url":"https:\/\/www.venisecollection.com\/de","name":"VENISE COLLECTION","description":"","publisher":{"@id":"https:\/\/www.venisecollection.com\/de#organization"},"potentialAction":[{"@type":"SearchAction","target":{"@type":"EntryPoint","urlTemplate":"https:\/\/www.venisecollection.com\/de?s={search_term_string}"},"query-input":{"@type":"PropertyValueSpecification","valueRequired":true,"valueName":"search_term_string"}}],"inLanguage":"de"},{"@type":"Organization","@id":"https:\/\/www.venisecollection.com\/de#organization","name":"VENISE COLLECTION","url":"https:\/\/www.venisecollection.com\/de","logo":{"@type":"ImageObject","inLanguage":"de","@id":"https:\/\/www.venisecollection.com\/de#\/schema\/logo\/image\/","url":"https:\/\/www.venisecollection.com\/cdn\/seo.png","contentUrl":"https:\/\/www.venisecollection.com\/cdn\/seo.png","width":1080,"height":1080,"caption":"VENISE COLLECTION"},"image":{"@id":"https:\/\/www.venisecollection.com\/de#\/schema\/logo\/image\/"},"sameAs":["https:\/\/www.instagram.com\/venisecollection\/","https:\/\/fr.pinterest.com\/venisecollection\/"]}]}},"_links":{"self":[{"href":"https:\/\/www.venisecollection.com\/de\/wp-json\/wp\/v2\/product\/7435","targetHints":{"allow":["GET"]}}],"collection":[{"href":"https:\/\/www.venisecollection.com\/de\/wp-json\/wp\/v2\/product"}],"about":[{"href":"https:\/\/www.venisecollection.com\/de\/wp-json\/wp\/v2\/types\/product"}],"wp:featuredmedia":[{"embeddable":true,"href":"https:\/\/www.venisecollection.com\/de\/wp-json\/wp\/v2\/media\/7439"}],"wp:attachment":[{"href":"https:\/\/www.venisecollection.com\/de\/wp-json\/wp\/v2\/media?parent=7435"}],"wp:term":[{"taxonomy":"product_brand","embeddable":true,"href":"https:\/\/www.venisecollection.com\/de\/wp-json\/wp\/v2\/product_brand?post=7435"},{"taxonomy":"product_cat","embeddable":true,"href":"https:\/\/www.venisecollection.com\/de\/wp-json\/wp\/v2\/product_cat?post=7435"},{"taxonomy":"product_tag","embeddable":true,"href":"https:\/\/www.venisecollection.com\/de\/wp-json\/wp\/v2\/product_tag?post=7435"}],"curies":[{"name":"wp","href":"https:\/\/api.w.org\/{rel}","templated":true}]}}