{"id":7553,"date":"2025-11-20T16:01:43","date_gmt":"2025-11-20T16:01:43","guid":{"rendered":"https:\/\/www.venisecollection.com\/shop\/women\/unkategorisiert\/cowboystiefel\/"},"modified":"2025-11-28T15:24:47","modified_gmt":"2025-11-28T15:24:47","slug":"cowboystiefel","status":"publish","type":"product","link":"https:\/\/www.venisecollection.com\/de\/shop\/women\/santiags\/cowboystiefel","title":{"rendered":"Cowboystiefel"},"content":{"rendered":"<p style=\"text-align: justify;\">Die Cowboystiefel definieren den zeitlosen Cowboy-Geist mit einer femininen Note neu. Sie sind fachm\u00e4nnisch aus geschmeidigem schwarzem Kalbsleder gefertigt und verf\u00fcgen \u00fcber dekorative Ziern\u00e4hte, einen Lederriemen mit einem metallischen Ring und Kettenverzierung sowie eine eckige Spitze f\u00fcr eine moderne Silhouette. <\/p>\n<p style=\"text-align: justify;\">Der niedrige Blockabsatz sorgt f\u00fcr Komfort und Stil bei jedem Schritt, w\u00e4hrend das Lederfutter und die strapazierf\u00e4hige Gummisohle eine lange Lebensdauer garantieren. Perfekt, um jedem Outfit eine k\u00fchne und dennoch elegante Note zu verleihen \u2013 von allt\u00e4glichen Jeans bis hin zu auff\u00e4lligen Looks. <\/p>\n","protected":false},"excerpt":{"rendered":"<p>Die Cowboystiefel definieren den zeitlosen Cowboy-Geist mit einer femininen Note neu. Sie sind fachm\u00e4nnisch aus geschmeidigem schwarzem Kalbsleder gefertigt und verf\u00fcgen \u00fcber dekorative Ziern\u00e4hte, einen Lederriemen mit einem metallischen Ring und Kettenverzierung sowie eine eckige Spitze f\u00fcr eine moderne Silhouette. Der niedrige Blockabsatz sorgt f\u00fcr Komfort und Stil bei jedem Schritt, w\u00e4hrend das Lederfutter und &hellip;<\/p>\n","protected":false},"featured_media":7559,"template":"","meta":[],"product_brand":[357],"product_cat":[116],"product_tag":[],"class_list":{"0":"post-7553","1":"product","2":"type-product","3":"status-publish","4":"has-post-thumbnail","6":"product_brand-venise-collection","7":"product_cat-santiags","9":"first","10":"instock","11":"shipping-taxable","12":"purchasable","13":"product-type-variable","14":"has-default-attributes"},"yoast_head":"<!-- This site is optimized with the Yoast SEO plugin v27.4 - https:\/\/yoast.com\/product\/yoast-seo-wordpress\/ -->\n<title>Cowboystiefel - VENISE COLLECTION<\/title>\n<meta name=\"robots\" content=\"index, follow, max-snippet:-1, max-image-preview:large, max-video-preview:-1\" \/>\n<link rel=\"canonical\" href=\"https:\/\/www.venisecollection.com\/de\/shop\/women\/santiags\/cowboystiefel\" \/>\n<meta property=\"og:locale\" content=\"de_DE\" \/>\n<meta property=\"og:type\" content=\"article\" \/>\n<meta property=\"og:title\" content=\"Cowboystiefel - VENISE COLLECTION\" \/>\n<meta property=\"og:description\" content=\"Die Cowboystiefel definieren den zeitlosen Cowboy-Geist mit einer femininen Note neu. Sie sind fachm\u00e4nnisch aus geschmeidigem schwarzem Kalbsleder gefertigt und verf\u00fcgen \u00fcber dekorative Ziern\u00e4hte, einen Lederriemen mit einem metallischen Ring und Kettenverzierung sowie eine eckige Spitze f\u00fcr eine moderne Silhouette. Der niedrige Blockabsatz sorgt f\u00fcr Komfort und Stil bei jedem Schritt, w\u00e4hrend das Lederfutter und &hellip;\" \/>\n<meta property=\"og:url\" content=\"https:\/\/www.venisecollection.com\/de\/shop\/women\/santiags\/cowboystiefel\" \/>\n<meta property=\"og:site_name\" content=\"VENISE COLLECTION\" \/>\n<meta property=\"article:modified_time\" content=\"2025-11-28T15:24:47+00:00\" \/>\n<meta property=\"og:image\" content=\"https:\/\/www.venisecollection.com\/cdn\/image.psd-9.webp\" \/>\n\t<meta property=\"og:image:width\" content=\"1280\" \/>\n\t<meta property=\"og:image:height\" content=\"1588\" \/>\n\t<meta property=\"og:image:type\" content=\"image\/webp\" \/>\n<meta name=\"twitter:card\" content=\"summary_large_image\" \/>\n<script type=\"application\/ld+json\" class=\"yoast-schema-graph\">{\"@context\":\"https:\\\/\\\/schema.org\",\"@graph\":[{\"@type\":\"WebPage\",\"@id\":\"https:\\\/\\\/www.venisecollection.com\\\/de\\\/shop\\\/women\\\/santiags\\\/cowboystiefel\",\"url\":\"https:\\\/\\\/www.venisecollection.com\\\/de\\\/shop\\\/women\\\/santiags\\\/cowboystiefel\",\"name\":\"Cowboystiefel - VENISE COLLECTION\",\"isPartOf\":{\"@id\":\"https:\\\/\\\/www.venisecollection.com\\\/de#website\"},\"primaryImageOfPage\":{\"@id\":\"https:\\\/\\\/www.venisecollection.com\\\/de\\\/shop\\\/women\\\/santiags\\\/cowboystiefel#primaryimage\"},\"image\":{\"@id\":\"https:\\\/\\\/www.venisecollection.com\\\/de\\\/shop\\\/women\\\/santiags\\\/cowboystiefel#primaryimage\"},\"thumbnailUrl\":\"https:\\\/\\\/www.venisecollection.com\\\/cdn\\\/image.psd-9.webp\",\"datePublished\":\"2025-11-20T16:01:43+00:00\",\"dateModified\":\"2025-11-28T15:24:47+00:00\",\"breadcrumb\":{\"@id\":\"https:\\\/\\\/www.venisecollection.com\\\/de\\\/shop\\\/women\\\/santiags\\\/cowboystiefel#breadcrumb\"},\"inLanguage\":\"de\",\"potentialAction\":[{\"@type\":\"ReadAction\",\"target\":[\"https:\\\/\\\/www.venisecollection.com\\\/de\\\/shop\\\/women\\\/santiags\\\/cowboystiefel\"]}]},{\"@type\":\"ImageObject\",\"inLanguage\":\"de\",\"@id\":\"https:\\\/\\\/www.venisecollection.com\\\/de\\\/shop\\\/women\\\/santiags\\\/cowboystiefel#primaryimage\",\"url\":\"https:\\\/\\\/www.venisecollection.com\\\/cdn\\\/image.psd-9.webp\",\"contentUrl\":\"https:\\\/\\\/www.venisecollection.com\\\/cdn\\\/image.psd-9.webp\",\"width\":1280,\"height\":1588},{\"@type\":\"BreadcrumbList\",\"@id\":\"https:\\\/\\\/www.venisecollection.com\\\/de\\\/shop\\\/women\\\/santiags\\\/cowboystiefel#breadcrumb\",\"itemListElement\":[{\"@type\":\"ListItem\",\"position\":1,\"name\":\"Home\",\"item\":\"https:\\\/\\\/www.venisecollection.com\\\/de\\\/shop\"},{\"@type\":\"ListItem\",\"position\":2,\"name\":\"Startseite\",\"item\":\"https:\\\/\\\/www.venisecollection.com\\\/de\\\/shop\"},{\"@type\":\"ListItem\",\"position\":3,\"name\":\"Cowboystiefel\"}]},{\"@type\":\"WebSite\",\"@id\":\"https:\\\/\\\/www.venisecollection.com\\\/de#website\",\"url\":\"https:\\\/\\\/www.venisecollection.com\\\/de\",\"name\":\"VENISE COLLECTION\",\"description\":\"\",\"publisher\":{\"@id\":\"https:\\\/\\\/www.venisecollection.com\\\/de#organization\"},\"potentialAction\":[{\"@type\":\"SearchAction\",\"target\":{\"@type\":\"EntryPoint\",\"urlTemplate\":\"https:\\\/\\\/www.venisecollection.com\\\/de?s={search_term_string}\"},\"query-input\":{\"@type\":\"PropertyValueSpecification\",\"valueRequired\":true,\"valueName\":\"search_term_string\"}}],\"inLanguage\":\"de\"},{\"@type\":\"Organization\",\"@id\":\"https:\\\/\\\/www.venisecollection.com\\\/de#organization\",\"name\":\"VENISE COLLECTION\",\"url\":\"https:\\\/\\\/www.venisecollection.com\\\/de\",\"logo\":{\"@type\":\"ImageObject\",\"inLanguage\":\"de\",\"@id\":\"https:\\\/\\\/www.venisecollection.com\\\/de#\\\/schema\\\/logo\\\/image\\\/\",\"url\":\"https:\\\/\\\/www.venisecollection.com\\\/cdn\\\/seo.png\",\"contentUrl\":\"https:\\\/\\\/www.venisecollection.com\\\/cdn\\\/seo.png\",\"width\":1080,\"height\":1080,\"caption\":\"VENISE COLLECTION\"},\"image\":{\"@id\":\"https:\\\/\\\/www.venisecollection.com\\\/de#\\\/schema\\\/logo\\\/image\\\/\"},\"sameAs\":[\"https:\\\/\\\/www.instagram.com\\\/venisecollection\\\/\",\"https:\\\/\\\/fr.pinterest.com\\\/venisecollection\\\/\"]}]}<\/script>\n<!-- \/ Yoast SEO plugin. -->","yoast_head_json":{"title":"Cowboystiefel - VENISE COLLECTION","robots":{"index":"index","follow":"follow","max-snippet":"max-snippet:-1","max-image-preview":"max-image-preview:large","max-video-preview":"max-video-preview:-1"},"canonical":"https:\/\/www.venisecollection.com\/de\/shop\/women\/santiags\/cowboystiefel","og_locale":"de_DE","og_type":"article","og_title":"Cowboystiefel - VENISE COLLECTION","og_description":"Die Cowboystiefel definieren den zeitlosen Cowboy-Geist mit einer femininen Note neu. Sie sind fachm\u00e4nnisch aus geschmeidigem schwarzem Kalbsleder gefertigt und verf\u00fcgen \u00fcber dekorative Ziern\u00e4hte, einen Lederriemen mit einem metallischen Ring und Kettenverzierung sowie eine eckige Spitze f\u00fcr eine moderne Silhouette. Der niedrige Blockabsatz sorgt f\u00fcr Komfort und Stil bei jedem Schritt, w\u00e4hrend das Lederfutter und &hellip;","og_url":"https:\/\/www.venisecollection.com\/de\/shop\/women\/santiags\/cowboystiefel","og_site_name":"VENISE COLLECTION","article_modified_time":"2025-11-28T15:24:47+00:00","og_image":[{"width":1280,"height":1588,"url":"https:\/\/www.venisecollection.com\/cdn\/image.psd-9.webp","type":"image\/webp"}],"twitter_card":"summary_large_image","schema":{"@context":"https:\/\/schema.org","@graph":[{"@type":"WebPage","@id":"https:\/\/www.venisecollection.com\/de\/shop\/women\/santiags\/cowboystiefel","url":"https:\/\/www.venisecollection.com\/de\/shop\/women\/santiags\/cowboystiefel","name":"Cowboystiefel - VENISE COLLECTION","isPartOf":{"@id":"https:\/\/www.venisecollection.com\/de#website"},"primaryImageOfPage":{"@id":"https:\/\/www.venisecollection.com\/de\/shop\/women\/santiags\/cowboystiefel#primaryimage"},"image":{"@id":"https:\/\/www.venisecollection.com\/de\/shop\/women\/santiags\/cowboystiefel#primaryimage"},"thumbnailUrl":"https:\/\/www.venisecollection.com\/cdn\/image.psd-9.webp","datePublished":"2025-11-20T16:01:43+00:00","dateModified":"2025-11-28T15:24:47+00:00","breadcrumb":{"@id":"https:\/\/www.venisecollection.com\/de\/shop\/women\/santiags\/cowboystiefel#breadcrumb"},"inLanguage":"de","potentialAction":[{"@type":"ReadAction","target":["https:\/\/www.venisecollection.com\/de\/shop\/women\/santiags\/cowboystiefel"]}]},{"@type":"ImageObject","inLanguage":"de","@id":"https:\/\/www.venisecollection.com\/de\/shop\/women\/santiags\/cowboystiefel#primaryimage","url":"https:\/\/www.venisecollection.com\/cdn\/image.psd-9.webp","contentUrl":"https:\/\/www.venisecollection.com\/cdn\/image.psd-9.webp","width":1280,"height":1588},{"@type":"BreadcrumbList","@id":"https:\/\/www.venisecollection.com\/de\/shop\/women\/santiags\/cowboystiefel#breadcrumb","itemListElement":[{"@type":"ListItem","position":1,"name":"Home","item":"https:\/\/www.venisecollection.com\/de\/shop"},{"@type":"ListItem","position":2,"name":"Startseite","item":"https:\/\/www.venisecollection.com\/de\/shop"},{"@type":"ListItem","position":3,"name":"Cowboystiefel"}]},{"@type":"WebSite","@id":"https:\/\/www.venisecollection.com\/de#website","url":"https:\/\/www.venisecollection.com\/de","name":"VENISE COLLECTION","description":"","publisher":{"@id":"https:\/\/www.venisecollection.com\/de#organization"},"potentialAction":[{"@type":"SearchAction","target":{"@type":"EntryPoint","urlTemplate":"https:\/\/www.venisecollection.com\/de?s={search_term_string}"},"query-input":{"@type":"PropertyValueSpecification","valueRequired":true,"valueName":"search_term_string"}}],"inLanguage":"de"},{"@type":"Organization","@id":"https:\/\/www.venisecollection.com\/de#organization","name":"VENISE COLLECTION","url":"https:\/\/www.venisecollection.com\/de","logo":{"@type":"ImageObject","inLanguage":"de","@id":"https:\/\/www.venisecollection.com\/de#\/schema\/logo\/image\/","url":"https:\/\/www.venisecollection.com\/cdn\/seo.png","contentUrl":"https:\/\/www.venisecollection.com\/cdn\/seo.png","width":1080,"height":1080,"caption":"VENISE COLLECTION"},"image":{"@id":"https:\/\/www.venisecollection.com\/de#\/schema\/logo\/image\/"},"sameAs":["https:\/\/www.instagram.com\/venisecollection\/","https:\/\/fr.pinterest.com\/venisecollection\/"]}]}},"_links":{"self":[{"href":"https:\/\/www.venisecollection.com\/de\/wp-json\/wp\/v2\/product\/7553","targetHints":{"allow":["GET"]}}],"collection":[{"href":"https:\/\/www.venisecollection.com\/de\/wp-json\/wp\/v2\/product"}],"about":[{"href":"https:\/\/www.venisecollection.com\/de\/wp-json\/wp\/v2\/types\/product"}],"wp:featuredmedia":[{"embeddable":true,"href":"https:\/\/www.venisecollection.com\/de\/wp-json\/wp\/v2\/media\/7559"}],"wp:attachment":[{"href":"https:\/\/www.venisecollection.com\/de\/wp-json\/wp\/v2\/media?parent=7553"}],"wp:term":[{"taxonomy":"product_brand","embeddable":true,"href":"https:\/\/www.venisecollection.com\/de\/wp-json\/wp\/v2\/product_brand?post=7553"},{"taxonomy":"product_cat","embeddable":true,"href":"https:\/\/www.venisecollection.com\/de\/wp-json\/wp\/v2\/product_cat?post=7553"},{"taxonomy":"product_tag","embeddable":true,"href":"https:\/\/www.venisecollection.com\/de\/wp-json\/wp\/v2\/product_tag?post=7553"}],"curies":[{"name":"wp","href":"https:\/\/api.w.org\/{rel}","templated":true}]}}