{"id":7637,"date":"2025-12-23T16:01:00","date_gmt":"2025-12-23T16:01:00","guid":{"rendered":"https:\/\/www.venisecollection.com\/shop\/women\/unkategorisiert\/talloria-westernstiefel\/"},"modified":"2026-04-17T00:39:37","modified_gmt":"2026-04-17T00:39:37","slug":"talloria-westernstiefel","status":"publish","type":"product","link":"https:\/\/www.venisecollection.com\/de\/shop\/women\/santiags\/talloria-westernstiefel","title":{"rendered":"Talloria Westernstiefel"},"content":{"rendered":"<p style=\"text-align: justify;\" data-start=\"1344\" data-end=\"1932\">Der Talloria Westernstiefel definiert Western Chic mit einem k\u00fchnen, femininen Flair neu. Dieser hohe Stiefel ist aus glattem, schwarzem Leder gefertigt und mit warmen, braunen Wildledereins\u00e4tzen versehen. Er zieht mit seiner markanten Silhouette alle Blicke auf sich. <\/p>\n<p style=\"text-align: justify;\" data-start=\"1344\" data-end=\"1932\"><br data-start=\"1564\" data-end=\"1567\">Der hohe Schaft und die spitze Zehenpartie verl\u00e4ngern das Bein, w\u00e4hrend der ausgestellte, hohe Absatz eine moderne Note verleiht. Das Schlupfdesign mit seitlichen Laschen spiegelt authentische Western-Handwerkskunst wider und sorgt f\u00fcr Komfort und Selbstvertrauen von Tag bis Nacht. <\/p>\n<p style=\"text-align: justify;\" data-start=\"1344\" data-end=\"1932\"><br data-start=\"1795\" data-end=\"1798\">Lederfutter und -innensohle garantieren erstklassigen Komfort und Haltbarkeit und machen ihn zu einer eleganten Wahl f\u00fcr sowohl l\u00e4ssige als auch auff\u00e4llige Looks.<\/p>\n<p style=\"text-align: justify;\" data-start=\"1934\" data-end=\"1952\">Eigenschaften: Glattes, schwarzes Leder mit warmen, braunen Wildlederdetails \u2013 Western-inspirierter, hoher Schaft \u2013 Spitze Zehenpartie \u2013 Schlupfstil mit seitlichen Laschen \u2013 Ausgestellter, hoher, lederbezogener Absatz \u2013 Lederfutter und -innensohle<\/p>\n","protected":false},"excerpt":{"rendered":"<p>Der Talloria Westernstiefel definiert Western Chic mit einem k\u00fchnen, femininen Flair neu. Dieser hohe Stiefel ist aus glattem, schwarzem Leder gefertigt und mit warmen, braunen Wildledereins\u00e4tzen versehen. Er zieht mit seiner markanten Silhouette alle Blicke auf sich. Der hohe Schaft und die spitze Zehenpartie verl\u00e4ngern das Bein, w\u00e4hrend der ausgestellte, hohe Absatz eine moderne Note &hellip;<\/p>\n","protected":false},"featured_media":7638,"template":"","meta":[],"product_brand":[378,356],"product_cat":[107],"product_tag":[],"class_list":{"0":"post-7637","1":"product","2":"type-product","3":"status-publish","4":"has-post-thumbnail","6":"product_brand-toral","7":"product_brand-venise-collection","8":"product_cat-santiags","10":"first","11":"instock","12":"shipping-taxable","13":"purchasable","14":"product-type-variable","15":"has-default-attributes"},"yoast_head":"<!-- This site is optimized with the Yoast SEO plugin v27.4 - https:\/\/yoast.com\/product\/yoast-seo-wordpress\/ -->\n<title>Talloria Westernstiefel - VENISE COLLECTION<\/title>\n<meta name=\"robots\" content=\"index, follow, max-snippet:-1, max-image-preview:large, max-video-preview:-1\" \/>\n<link rel=\"canonical\" href=\"https:\/\/www.venisecollection.com\/de\/shop\/women\/santiags\/talloria-westernstiefel\" \/>\n<meta property=\"og:locale\" content=\"de_DE\" \/>\n<meta property=\"og:type\" content=\"article\" \/>\n<meta property=\"og:title\" content=\"Talloria Westernstiefel - VENISE COLLECTION\" \/>\n<meta property=\"og:description\" content=\"Der Talloria Westernstiefel definiert Western Chic mit einem k\u00fchnen, femininen Flair neu. Dieser hohe Stiefel ist aus glattem, schwarzem Leder gefertigt und mit warmen, braunen Wildledereins\u00e4tzen versehen. Er zieht mit seiner markanten Silhouette alle Blicke auf sich. Der hohe Schaft und die spitze Zehenpartie verl\u00e4ngern das Bein, w\u00e4hrend der ausgestellte, hohe Absatz eine moderne Note &hellip;\" \/>\n<meta property=\"og:url\" content=\"https:\/\/www.venisecollection.com\/de\/shop\/women\/santiags\/talloria-westernstiefel\" \/>\n<meta property=\"og:site_name\" content=\"VENISE COLLECTION\" \/>\n<meta property=\"article:modified_time\" content=\"2026-04-17T00:39:37+00:00\" \/>\n<meta property=\"og:image\" content=\"https:\/\/www.venisecollection.com\/cdn\/image.psd.webp\" \/>\n\t<meta property=\"og:image:width\" content=\"1280\" \/>\n\t<meta property=\"og:image:height\" content=\"1588\" \/>\n\t<meta property=\"og:image:type\" content=\"image\/webp\" \/>\n<meta name=\"twitter:card\" content=\"summary_large_image\" \/>\n<meta name=\"twitter:label1\" content=\"Gesch\u00e4tzte Lesezeit\" \/>\n\t<meta name=\"twitter:data1\" content=\"1\u00a0Minute\" \/>\n<script type=\"application\/ld+json\" class=\"yoast-schema-graph\">{\"@context\":\"https:\\\/\\\/schema.org\",\"@graph\":[{\"@type\":\"WebPage\",\"@id\":\"https:\\\/\\\/www.venisecollection.com\\\/de\\\/shop\\\/women\\\/santiags\\\/talloria-westernstiefel\",\"url\":\"https:\\\/\\\/www.venisecollection.com\\\/de\\\/shop\\\/women\\\/santiags\\\/talloria-westernstiefel\",\"name\":\"Talloria Westernstiefel - VENISE COLLECTION\",\"isPartOf\":{\"@id\":\"https:\\\/\\\/www.venisecollection.com\\\/de#website\"},\"primaryImageOfPage\":{\"@id\":\"https:\\\/\\\/www.venisecollection.com\\\/de\\\/shop\\\/women\\\/santiags\\\/talloria-westernstiefel#primaryimage\"},\"image\":{\"@id\":\"https:\\\/\\\/www.venisecollection.com\\\/de\\\/shop\\\/women\\\/santiags\\\/talloria-westernstiefel#primaryimage\"},\"thumbnailUrl\":\"https:\\\/\\\/www.venisecollection.com\\\/cdn\\\/image.psd.webp\",\"datePublished\":\"2025-12-23T16:01:00+00:00\",\"dateModified\":\"2026-04-17T00:39:37+00:00\",\"breadcrumb\":{\"@id\":\"https:\\\/\\\/www.venisecollection.com\\\/de\\\/shop\\\/women\\\/santiags\\\/talloria-westernstiefel#breadcrumb\"},\"inLanguage\":\"de\",\"potentialAction\":[{\"@type\":\"ReadAction\",\"target\":[\"https:\\\/\\\/www.venisecollection.com\\\/de\\\/shop\\\/women\\\/santiags\\\/talloria-westernstiefel\"]}]},{\"@type\":\"ImageObject\",\"inLanguage\":\"de\",\"@id\":\"https:\\\/\\\/www.venisecollection.com\\\/de\\\/shop\\\/women\\\/santiags\\\/talloria-westernstiefel#primaryimage\",\"url\":\"https:\\\/\\\/www.venisecollection.com\\\/cdn\\\/image.psd.webp\",\"contentUrl\":\"https:\\\/\\\/www.venisecollection.com\\\/cdn\\\/image.psd.webp\",\"width\":1280,\"height\":1588},{\"@type\":\"BreadcrumbList\",\"@id\":\"https:\\\/\\\/www.venisecollection.com\\\/de\\\/shop\\\/women\\\/santiags\\\/talloria-westernstiefel#breadcrumb\",\"itemListElement\":[{\"@type\":\"ListItem\",\"position\":1,\"name\":\"Home\",\"item\":\"https:\\\/\\\/www.venisecollection.com\\\/de\\\/shop\"},{\"@type\":\"ListItem\",\"position\":2,\"name\":\"Startseite\",\"item\":\"https:\\\/\\\/www.venisecollection.com\\\/de\\\/shop\"},{\"@type\":\"ListItem\",\"position\":3,\"name\":\"Talloria Westernstiefel\"}]},{\"@type\":\"WebSite\",\"@id\":\"https:\\\/\\\/www.venisecollection.com\\\/de#website\",\"url\":\"https:\\\/\\\/www.venisecollection.com\\\/de\",\"name\":\"VENISE COLLECTION\",\"description\":\"\",\"publisher\":{\"@id\":\"https:\\\/\\\/www.venisecollection.com\\\/de#organization\"},\"potentialAction\":[{\"@type\":\"SearchAction\",\"target\":{\"@type\":\"EntryPoint\",\"urlTemplate\":\"https:\\\/\\\/www.venisecollection.com\\\/de?s={search_term_string}\"},\"query-input\":{\"@type\":\"PropertyValueSpecification\",\"valueRequired\":true,\"valueName\":\"search_term_string\"}}],\"inLanguage\":\"de\"},{\"@type\":\"Organization\",\"@id\":\"https:\\\/\\\/www.venisecollection.com\\\/de#organization\",\"name\":\"VENISE COLLECTION\",\"url\":\"https:\\\/\\\/www.venisecollection.com\\\/de\",\"logo\":{\"@type\":\"ImageObject\",\"inLanguage\":\"de\",\"@id\":\"https:\\\/\\\/www.venisecollection.com\\\/de#\\\/schema\\\/logo\\\/image\\\/\",\"url\":\"https:\\\/\\\/www.venisecollection.com\\\/cdn\\\/seo.png\",\"contentUrl\":\"https:\\\/\\\/www.venisecollection.com\\\/cdn\\\/seo.png\",\"width\":1080,\"height\":1080,\"caption\":\"VENISE COLLECTION\"},\"image\":{\"@id\":\"https:\\\/\\\/www.venisecollection.com\\\/de#\\\/schema\\\/logo\\\/image\\\/\"},\"sameAs\":[\"https:\\\/\\\/www.instagram.com\\\/venisecollection\\\/\",\"https:\\\/\\\/fr.pinterest.com\\\/venisecollection\\\/\"]}]}<\/script>\n<!-- \/ Yoast SEO plugin. -->","yoast_head_json":{"title":"Talloria Westernstiefel - VENISE COLLECTION","robots":{"index":"index","follow":"follow","max-snippet":"max-snippet:-1","max-image-preview":"max-image-preview:large","max-video-preview":"max-video-preview:-1"},"canonical":"https:\/\/www.venisecollection.com\/de\/shop\/women\/santiags\/talloria-westernstiefel","og_locale":"de_DE","og_type":"article","og_title":"Talloria Westernstiefel - VENISE COLLECTION","og_description":"Der Talloria Westernstiefel definiert Western Chic mit einem k\u00fchnen, femininen Flair neu. Dieser hohe Stiefel ist aus glattem, schwarzem Leder gefertigt und mit warmen, braunen Wildledereins\u00e4tzen versehen. Er zieht mit seiner markanten Silhouette alle Blicke auf sich. Der hohe Schaft und die spitze Zehenpartie verl\u00e4ngern das Bein, w\u00e4hrend der ausgestellte, hohe Absatz eine moderne Note &hellip;","og_url":"https:\/\/www.venisecollection.com\/de\/shop\/women\/santiags\/talloria-westernstiefel","og_site_name":"VENISE COLLECTION","article_modified_time":"2026-04-17T00:39:37+00:00","og_image":[{"width":1280,"height":1588,"url":"https:\/\/www.venisecollection.com\/cdn\/image.psd.webp","type":"image\/webp"}],"twitter_card":"summary_large_image","twitter_misc":{"Gesch\u00e4tzte Lesezeit":"1\u00a0Minute"},"schema":{"@context":"https:\/\/schema.org","@graph":[{"@type":"WebPage","@id":"https:\/\/www.venisecollection.com\/de\/shop\/women\/santiags\/talloria-westernstiefel","url":"https:\/\/www.venisecollection.com\/de\/shop\/women\/santiags\/talloria-westernstiefel","name":"Talloria Westernstiefel - VENISE COLLECTION","isPartOf":{"@id":"https:\/\/www.venisecollection.com\/de#website"},"primaryImageOfPage":{"@id":"https:\/\/www.venisecollection.com\/de\/shop\/women\/santiags\/talloria-westernstiefel#primaryimage"},"image":{"@id":"https:\/\/www.venisecollection.com\/de\/shop\/women\/santiags\/talloria-westernstiefel#primaryimage"},"thumbnailUrl":"https:\/\/www.venisecollection.com\/cdn\/image.psd.webp","datePublished":"2025-12-23T16:01:00+00:00","dateModified":"2026-04-17T00:39:37+00:00","breadcrumb":{"@id":"https:\/\/www.venisecollection.com\/de\/shop\/women\/santiags\/talloria-westernstiefel#breadcrumb"},"inLanguage":"de","potentialAction":[{"@type":"ReadAction","target":["https:\/\/www.venisecollection.com\/de\/shop\/women\/santiags\/talloria-westernstiefel"]}]},{"@type":"ImageObject","inLanguage":"de","@id":"https:\/\/www.venisecollection.com\/de\/shop\/women\/santiags\/talloria-westernstiefel#primaryimage","url":"https:\/\/www.venisecollection.com\/cdn\/image.psd.webp","contentUrl":"https:\/\/www.venisecollection.com\/cdn\/image.psd.webp","width":1280,"height":1588},{"@type":"BreadcrumbList","@id":"https:\/\/www.venisecollection.com\/de\/shop\/women\/santiags\/talloria-westernstiefel#breadcrumb","itemListElement":[{"@type":"ListItem","position":1,"name":"Home","item":"https:\/\/www.venisecollection.com\/de\/shop"},{"@type":"ListItem","position":2,"name":"Startseite","item":"https:\/\/www.venisecollection.com\/de\/shop"},{"@type":"ListItem","position":3,"name":"Talloria Westernstiefel"}]},{"@type":"WebSite","@id":"https:\/\/www.venisecollection.com\/de#website","url":"https:\/\/www.venisecollection.com\/de","name":"VENISE COLLECTION","description":"","publisher":{"@id":"https:\/\/www.venisecollection.com\/de#organization"},"potentialAction":[{"@type":"SearchAction","target":{"@type":"EntryPoint","urlTemplate":"https:\/\/www.venisecollection.com\/de?s={search_term_string}"},"query-input":{"@type":"PropertyValueSpecification","valueRequired":true,"valueName":"search_term_string"}}],"inLanguage":"de"},{"@type":"Organization","@id":"https:\/\/www.venisecollection.com\/de#organization","name":"VENISE COLLECTION","url":"https:\/\/www.venisecollection.com\/de","logo":{"@type":"ImageObject","inLanguage":"de","@id":"https:\/\/www.venisecollection.com\/de#\/schema\/logo\/image\/","url":"https:\/\/www.venisecollection.com\/cdn\/seo.png","contentUrl":"https:\/\/www.venisecollection.com\/cdn\/seo.png","width":1080,"height":1080,"caption":"VENISE COLLECTION"},"image":{"@id":"https:\/\/www.venisecollection.com\/de#\/schema\/logo\/image\/"},"sameAs":["https:\/\/www.instagram.com\/venisecollection\/","https:\/\/fr.pinterest.com\/venisecollection\/"]}]}},"_links":{"self":[{"href":"https:\/\/www.venisecollection.com\/de\/wp-json\/wp\/v2\/product\/7637","targetHints":{"allow":["GET"]}}],"collection":[{"href":"https:\/\/www.venisecollection.com\/de\/wp-json\/wp\/v2\/product"}],"about":[{"href":"https:\/\/www.venisecollection.com\/de\/wp-json\/wp\/v2\/types\/product"}],"wp:featuredmedia":[{"embeddable":true,"href":"https:\/\/www.venisecollection.com\/de\/wp-json\/wp\/v2\/media\/7638"}],"wp:attachment":[{"href":"https:\/\/www.venisecollection.com\/de\/wp-json\/wp\/v2\/media?parent=7637"}],"wp:term":[{"taxonomy":"product_brand","embeddable":true,"href":"https:\/\/www.venisecollection.com\/de\/wp-json\/wp\/v2\/product_brand?post=7637"},{"taxonomy":"product_cat","embeddable":true,"href":"https:\/\/www.venisecollection.com\/de\/wp-json\/wp\/v2\/product_cat?post=7637"},{"taxonomy":"product_tag","embeddable":true,"href":"https:\/\/www.venisecollection.com\/de\/wp-json\/wp\/v2\/product_tag?post=7637"}],"curies":[{"name":"wp","href":"https:\/\/api.w.org\/{rel}","templated":true}]}}