{"id":7650,"date":"2025-11-20T16:11:49","date_gmt":"2025-11-20T16:11:49","guid":{"rendered":"https:\/\/www.venisecollection.com\/shop\/women\/unkategorisiert\/paul-smith-atlanta\/"},"modified":"2026-04-16T00:37:47","modified_gmt":"2026-04-16T00:37:47","slug":"paul-smith-atlanta","status":"publish","type":"product","link":"https:\/\/www.venisecollection.com\/de\/shop\/women\/sneakers\/paul-smith-atlanta","title":{"rendered":"Paul Smith Atlanta"},"content":{"rendered":"<p style=\"text-align: justify;\" data-start=\"1285\" data-end=\"1653\">Die Atlanta Trainers von Paul Smith bieten ein raffiniertes, feminines Sneaker-Erlebnis f\u00fcr Damen, die Wert auf Qualit\u00e4t, Komfort und zeitloses Design legen. Diese aus hochwertigem Leder gefertigten Trainer, deren Inspiration aus der klassischen Lauf\u00e4sthetik stammt, eignen sich perfekt f\u00fcr den urbanen Alltag. <\/p>\n<p style=\"text-align: justify;\" data-start=\"1846\" data-end=\"1861\">Merkmale: Feminines Design, das sich auf klassische Laufstile bezieht \u2013 Obermaterial aus Premium-Leder und sorgf\u00e4ltig ausgew\u00e4hlte Materialien f\u00fcr Strapazierf\u00e4higkeit und Komfort \u2013 Robuste Gummisohle, optimiert f\u00fcr lange Tragezeiten und urbanen Einsatz \u2013 Paul Smith Branding als Zeichen au\u00dfergew\u00f6hnlicher Handwerkskunst.<\/p>\n","protected":false},"excerpt":{"rendered":"<p>Die Atlanta Trainers von Paul Smith bieten ein raffiniertes, feminines Sneaker-Erlebnis f\u00fcr Damen, die Wert auf Qualit\u00e4t, Komfort und zeitloses Design legen. Diese aus hochwertigem Leder gefertigten Trainer, deren Inspiration aus der klassischen Lauf\u00e4sthetik stammt, eignen sich perfekt f\u00fcr den urbanen Alltag. Merkmale: Feminines Design, das sich auf klassische Laufstile bezieht \u2013 Obermaterial aus Premium-Leder &hellip;<\/p>\n","protected":false},"featured_media":7655,"template":"","meta":[],"product_brand":[67],"product_cat":[66],"product_tag":[],"class_list":{"0":"post-7650","1":"product","2":"type-product","3":"status-publish","4":"has-post-thumbnail","6":"product_brand-paul-smith","7":"product_cat-sneakers","9":"first","10":"instock","11":"shipping-taxable","12":"purchasable","13":"product-type-variable","14":"has-default-attributes"},"yoast_head":"<!-- This site is optimized with the Yoast SEO plugin v27.4 - https:\/\/yoast.com\/product\/yoast-seo-wordpress\/ -->\n<title>Paul Smith Atlanta - VENISE COLLECTION<\/title>\n<meta name=\"robots\" content=\"index, follow, max-snippet:-1, max-image-preview:large, max-video-preview:-1\" \/>\n<link rel=\"canonical\" href=\"https:\/\/www.venisecollection.com\/de\/shop\/women\/sneakers\/paul-smith-atlanta\" \/>\n<meta property=\"og:locale\" content=\"de_DE\" \/>\n<meta property=\"og:type\" content=\"article\" \/>\n<meta property=\"og:title\" content=\"Paul Smith Atlanta - VENISE COLLECTION\" \/>\n<meta property=\"og:description\" content=\"Die Atlanta Trainers von Paul Smith bieten ein raffiniertes, feminines Sneaker-Erlebnis f\u00fcr Damen, die Wert auf Qualit\u00e4t, Komfort und zeitloses Design legen. Diese aus hochwertigem Leder gefertigten Trainer, deren Inspiration aus der klassischen Lauf\u00e4sthetik stammt, eignen sich perfekt f\u00fcr den urbanen Alltag. Merkmale: Feminines Design, das sich auf klassische Laufstile bezieht \u2013 Obermaterial aus Premium-Leder &hellip;\" \/>\n<meta property=\"og:url\" content=\"https:\/\/www.venisecollection.com\/de\/shop\/women\/sneakers\/paul-smith-atlanta\" \/>\n<meta property=\"og:site_name\" content=\"VENISE COLLECTION\" \/>\n<meta property=\"article:modified_time\" content=\"2026-04-16T00:37:47+00:00\" \/>\n<meta property=\"og:image\" content=\"https:\/\/www.venisecollection.com\/cdn\/image-109.webp\" \/>\n\t<meta property=\"og:image:width\" content=\"1280\" \/>\n\t<meta property=\"og:image:height\" content=\"1588\" \/>\n\t<meta property=\"og:image:type\" content=\"image\/webp\" \/>\n<meta name=\"twitter:card\" content=\"summary_large_image\" \/>\n<script type=\"application\/ld+json\" class=\"yoast-schema-graph\">{\"@context\":\"https:\\\/\\\/schema.org\",\"@graph\":[{\"@type\":\"WebPage\",\"@id\":\"https:\\\/\\\/www.venisecollection.com\\\/de\\\/shop\\\/women\\\/sneakers\\\/paul-smith-atlanta\",\"url\":\"https:\\\/\\\/www.venisecollection.com\\\/de\\\/shop\\\/women\\\/sneakers\\\/paul-smith-atlanta\",\"name\":\"Paul Smith Atlanta - VENISE COLLECTION\",\"isPartOf\":{\"@id\":\"https:\\\/\\\/www.venisecollection.com\\\/de#website\"},\"primaryImageOfPage\":{\"@id\":\"https:\\\/\\\/www.venisecollection.com\\\/de\\\/shop\\\/women\\\/sneakers\\\/paul-smith-atlanta#primaryimage\"},\"image\":{\"@id\":\"https:\\\/\\\/www.venisecollection.com\\\/de\\\/shop\\\/women\\\/sneakers\\\/paul-smith-atlanta#primaryimage\"},\"thumbnailUrl\":\"https:\\\/\\\/www.venisecollection.com\\\/cdn\\\/image-109.webp\",\"datePublished\":\"2025-11-20T16:11:49+00:00\",\"dateModified\":\"2026-04-16T00:37:47+00:00\",\"breadcrumb\":{\"@id\":\"https:\\\/\\\/www.venisecollection.com\\\/de\\\/shop\\\/women\\\/sneakers\\\/paul-smith-atlanta#breadcrumb\"},\"inLanguage\":\"de\",\"potentialAction\":[{\"@type\":\"ReadAction\",\"target\":[\"https:\\\/\\\/www.venisecollection.com\\\/de\\\/shop\\\/women\\\/sneakers\\\/paul-smith-atlanta\"]}]},{\"@type\":\"ImageObject\",\"inLanguage\":\"de\",\"@id\":\"https:\\\/\\\/www.venisecollection.com\\\/de\\\/shop\\\/women\\\/sneakers\\\/paul-smith-atlanta#primaryimage\",\"url\":\"https:\\\/\\\/www.venisecollection.com\\\/cdn\\\/image-109.webp\",\"contentUrl\":\"https:\\\/\\\/www.venisecollection.com\\\/cdn\\\/image-109.webp\",\"width\":1280,\"height\":1588},{\"@type\":\"BreadcrumbList\",\"@id\":\"https:\\\/\\\/www.venisecollection.com\\\/de\\\/shop\\\/women\\\/sneakers\\\/paul-smith-atlanta#breadcrumb\",\"itemListElement\":[{\"@type\":\"ListItem\",\"position\":1,\"name\":\"Home\",\"item\":\"https:\\\/\\\/www.venisecollection.com\\\/de\\\/shop\"},{\"@type\":\"ListItem\",\"position\":2,\"name\":\"Startseite\",\"item\":\"https:\\\/\\\/www.venisecollection.com\\\/de\\\/shop\"},{\"@type\":\"ListItem\",\"position\":3,\"name\":\"Paul Smith Atlanta\"}]},{\"@type\":\"WebSite\",\"@id\":\"https:\\\/\\\/www.venisecollection.com\\\/de#website\",\"url\":\"https:\\\/\\\/www.venisecollection.com\\\/de\",\"name\":\"VENISE COLLECTION\",\"description\":\"\",\"publisher\":{\"@id\":\"https:\\\/\\\/www.venisecollection.com\\\/de#organization\"},\"potentialAction\":[{\"@type\":\"SearchAction\",\"target\":{\"@type\":\"EntryPoint\",\"urlTemplate\":\"https:\\\/\\\/www.venisecollection.com\\\/de?s={search_term_string}\"},\"query-input\":{\"@type\":\"PropertyValueSpecification\",\"valueRequired\":true,\"valueName\":\"search_term_string\"}}],\"inLanguage\":\"de\"},{\"@type\":\"Organization\",\"@id\":\"https:\\\/\\\/www.venisecollection.com\\\/de#organization\",\"name\":\"VENISE COLLECTION\",\"url\":\"https:\\\/\\\/www.venisecollection.com\\\/de\",\"logo\":{\"@type\":\"ImageObject\",\"inLanguage\":\"de\",\"@id\":\"https:\\\/\\\/www.venisecollection.com\\\/de#\\\/schema\\\/logo\\\/image\\\/\",\"url\":\"https:\\\/\\\/www.venisecollection.com\\\/cdn\\\/seo.png\",\"contentUrl\":\"https:\\\/\\\/www.venisecollection.com\\\/cdn\\\/seo.png\",\"width\":1080,\"height\":1080,\"caption\":\"VENISE COLLECTION\"},\"image\":{\"@id\":\"https:\\\/\\\/www.venisecollection.com\\\/de#\\\/schema\\\/logo\\\/image\\\/\"},\"sameAs\":[\"https:\\\/\\\/www.instagram.com\\\/venisecollection\\\/\",\"https:\\\/\\\/fr.pinterest.com\\\/venisecollection\\\/\"]}]}<\/script>\n<!-- \/ Yoast SEO plugin. -->","yoast_head_json":{"title":"Paul Smith Atlanta - VENISE COLLECTION","robots":{"index":"index","follow":"follow","max-snippet":"max-snippet:-1","max-image-preview":"max-image-preview:large","max-video-preview":"max-video-preview:-1"},"canonical":"https:\/\/www.venisecollection.com\/de\/shop\/women\/sneakers\/paul-smith-atlanta","og_locale":"de_DE","og_type":"article","og_title":"Paul Smith Atlanta - VENISE COLLECTION","og_description":"Die Atlanta Trainers von Paul Smith bieten ein raffiniertes, feminines Sneaker-Erlebnis f\u00fcr Damen, die Wert auf Qualit\u00e4t, Komfort und zeitloses Design legen. Diese aus hochwertigem Leder gefertigten Trainer, deren Inspiration aus der klassischen Lauf\u00e4sthetik stammt, eignen sich perfekt f\u00fcr den urbanen Alltag. Merkmale: Feminines Design, das sich auf klassische Laufstile bezieht \u2013 Obermaterial aus Premium-Leder &hellip;","og_url":"https:\/\/www.venisecollection.com\/de\/shop\/women\/sneakers\/paul-smith-atlanta","og_site_name":"VENISE COLLECTION","article_modified_time":"2026-04-16T00:37:47+00:00","og_image":[{"width":1280,"height":1588,"url":"https:\/\/www.venisecollection.com\/cdn\/image-109.webp","type":"image\/webp"}],"twitter_card":"summary_large_image","schema":{"@context":"https:\/\/schema.org","@graph":[{"@type":"WebPage","@id":"https:\/\/www.venisecollection.com\/de\/shop\/women\/sneakers\/paul-smith-atlanta","url":"https:\/\/www.venisecollection.com\/de\/shop\/women\/sneakers\/paul-smith-atlanta","name":"Paul Smith Atlanta - VENISE COLLECTION","isPartOf":{"@id":"https:\/\/www.venisecollection.com\/de#website"},"primaryImageOfPage":{"@id":"https:\/\/www.venisecollection.com\/de\/shop\/women\/sneakers\/paul-smith-atlanta#primaryimage"},"image":{"@id":"https:\/\/www.venisecollection.com\/de\/shop\/women\/sneakers\/paul-smith-atlanta#primaryimage"},"thumbnailUrl":"https:\/\/www.venisecollection.com\/cdn\/image-109.webp","datePublished":"2025-11-20T16:11:49+00:00","dateModified":"2026-04-16T00:37:47+00:00","breadcrumb":{"@id":"https:\/\/www.venisecollection.com\/de\/shop\/women\/sneakers\/paul-smith-atlanta#breadcrumb"},"inLanguage":"de","potentialAction":[{"@type":"ReadAction","target":["https:\/\/www.venisecollection.com\/de\/shop\/women\/sneakers\/paul-smith-atlanta"]}]},{"@type":"ImageObject","inLanguage":"de","@id":"https:\/\/www.venisecollection.com\/de\/shop\/women\/sneakers\/paul-smith-atlanta#primaryimage","url":"https:\/\/www.venisecollection.com\/cdn\/image-109.webp","contentUrl":"https:\/\/www.venisecollection.com\/cdn\/image-109.webp","width":1280,"height":1588},{"@type":"BreadcrumbList","@id":"https:\/\/www.venisecollection.com\/de\/shop\/women\/sneakers\/paul-smith-atlanta#breadcrumb","itemListElement":[{"@type":"ListItem","position":1,"name":"Home","item":"https:\/\/www.venisecollection.com\/de\/shop"},{"@type":"ListItem","position":2,"name":"Startseite","item":"https:\/\/www.venisecollection.com\/de\/shop"},{"@type":"ListItem","position":3,"name":"Paul Smith Atlanta"}]},{"@type":"WebSite","@id":"https:\/\/www.venisecollection.com\/de#website","url":"https:\/\/www.venisecollection.com\/de","name":"VENISE COLLECTION","description":"","publisher":{"@id":"https:\/\/www.venisecollection.com\/de#organization"},"potentialAction":[{"@type":"SearchAction","target":{"@type":"EntryPoint","urlTemplate":"https:\/\/www.venisecollection.com\/de?s={search_term_string}"},"query-input":{"@type":"PropertyValueSpecification","valueRequired":true,"valueName":"search_term_string"}}],"inLanguage":"de"},{"@type":"Organization","@id":"https:\/\/www.venisecollection.com\/de#organization","name":"VENISE COLLECTION","url":"https:\/\/www.venisecollection.com\/de","logo":{"@type":"ImageObject","inLanguage":"de","@id":"https:\/\/www.venisecollection.com\/de#\/schema\/logo\/image\/","url":"https:\/\/www.venisecollection.com\/cdn\/seo.png","contentUrl":"https:\/\/www.venisecollection.com\/cdn\/seo.png","width":1080,"height":1080,"caption":"VENISE COLLECTION"},"image":{"@id":"https:\/\/www.venisecollection.com\/de#\/schema\/logo\/image\/"},"sameAs":["https:\/\/www.instagram.com\/venisecollection\/","https:\/\/fr.pinterest.com\/venisecollection\/"]}]}},"_links":{"self":[{"href":"https:\/\/www.venisecollection.com\/de\/wp-json\/wp\/v2\/product\/7650","targetHints":{"allow":["GET"]}}],"collection":[{"href":"https:\/\/www.venisecollection.com\/de\/wp-json\/wp\/v2\/product"}],"about":[{"href":"https:\/\/www.venisecollection.com\/de\/wp-json\/wp\/v2\/types\/product"}],"wp:featuredmedia":[{"embeddable":true,"href":"https:\/\/www.venisecollection.com\/de\/wp-json\/wp\/v2\/media\/7655"}],"wp:attachment":[{"href":"https:\/\/www.venisecollection.com\/de\/wp-json\/wp\/v2\/media?parent=7650"}],"wp:term":[{"taxonomy":"product_brand","embeddable":true,"href":"https:\/\/www.venisecollection.com\/de\/wp-json\/wp\/v2\/product_brand?post=7650"},{"taxonomy":"product_cat","embeddable":true,"href":"https:\/\/www.venisecollection.com\/de\/wp-json\/wp\/v2\/product_cat?post=7650"},{"taxonomy":"product_tag","embeddable":true,"href":"https:\/\/www.venisecollection.com\/de\/wp-json\/wp\/v2\/product_tag?post=7650"}],"curies":[{"name":"wp","href":"https:\/\/api.w.org\/{rel}","templated":true}]}}