{"id":7677,"date":"2025-11-20T16:11:46","date_gmt":"2025-11-20T16:11:46","guid":{"rendered":"https:\/\/www.venisecollection.com\/shop\/women\/unkategorisiert\/paul-smith-sneaker\/"},"modified":"2025-12-26T15:05:57","modified_gmt":"2025-12-26T15:05:57","slug":"paul-smith-sneaker","status":"publish","type":"product","link":"https:\/\/www.venisecollection.com\/de\/shop\/women\/sneakers\/paul-smith-sneaker","title":{"rendered":"Paul Smith Sneaker"},"content":{"rendered":"<p style=\"text-align: justify;\" data-start=\"1320\" data-end=\"1618\">Die Paul Smith Sneaker definieren den allt\u00e4glichen Luxus f\u00fcr Damen mit ihrem eleganten Design und der hochwertigen Verarbeitung neu. Diese Damen-Sneaker werden aus hochwertigem Leder gefertigt und mit einer strapazierf\u00e4higen Gummisohle ausgestattet. Sie bieten die perfekte Mischung aus Eleganz, Komfort und Haltbarkeit. <\/p>\n<p style=\"text-align: justify;\" data-start=\"1620\" data-end=\"1819\">Ihre neutralen Farbt\u00f6ne und die minimalistische Silhouette machen sie vielseitig genug, um sie mit l\u00e4ssigen oder elegant-l\u00e4ssigen Outfits zu kombinieren, w\u00e4hrend die dezenten Details die ikonische britische Eleganz von Paul Smith verk\u00f6rpern.<\/p>\n<p style=\"text-align: justify;\" data-start=\"1905\" data-end=\"1920\">Eigenschaften: Feminines Design, das Schlichtheit und modernen Stil vereint \u2013 Obermaterial aus hochwertigem Leder und rutschfeste Gummisohle f\u00fcr dauerhaften Komfort \u2013 Fachm\u00e4nnische Verarbeitung von Paul Smith f\u00fcr raffinierte Eleganz \u2013 Ideal f\u00fcr den t\u00e4glichen Gebrauch, B\u00fcro-Looks oder urbanen Chic.<\/p>\n<p style=\"text-align: justify;\" data-start=\"2182\" data-end=\"2298\">F\u00fcr Damen, die stilvolle, bequeme und zeitlose Sneaker suchen, sind die Paul Smith Sneaker die perfekte Wahl.<\/p>\n","protected":false},"excerpt":{"rendered":"<p>Die Paul Smith Sneaker definieren den allt\u00e4glichen Luxus f\u00fcr Damen mit ihrem eleganten Design und der hochwertigen Verarbeitung neu. Diese Damen-Sneaker werden aus hochwertigem Leder gefertigt und mit einer strapazierf\u00e4higen Gummisohle ausgestattet. Sie bieten die perfekte Mischung aus Eleganz, Komfort und Haltbarkeit. Ihre neutralen Farbt\u00f6ne und die minimalistische Silhouette machen sie vielseitig genug, um sie &hellip;<\/p>\n","protected":false},"featured_media":7684,"template":"","meta":[],"product_brand":[354],"product_cat":[114],"product_tag":[],"class_list":{"0":"post-7677","1":"product","2":"type-product","3":"status-publish","4":"has-post-thumbnail","6":"product_brand-paul-smith","7":"product_cat-sneakers","9":"first","10":"instock","11":"shipping-taxable","12":"purchasable","13":"product-type-variable","14":"has-default-attributes"},"yoast_head":"<!-- This site is optimized with the Yoast SEO plugin v27.4 - https:\/\/yoast.com\/product\/yoast-seo-wordpress\/ -->\n<title>Paul Smith Sneaker - VENISE COLLECTION<\/title>\n<meta name=\"robots\" content=\"index, follow, max-snippet:-1, max-image-preview:large, max-video-preview:-1\" \/>\n<link rel=\"canonical\" href=\"https:\/\/www.venisecollection.com\/de\/shop\/women\/sneakers\/paul-smith-sneaker\" \/>\n<meta property=\"og:locale\" content=\"de_DE\" \/>\n<meta property=\"og:type\" content=\"article\" \/>\n<meta property=\"og:title\" content=\"Paul Smith Sneaker - VENISE COLLECTION\" \/>\n<meta property=\"og:description\" content=\"Die Paul Smith Sneaker definieren den allt\u00e4glichen Luxus f\u00fcr Damen mit ihrem eleganten Design und der hochwertigen Verarbeitung neu. Diese Damen-Sneaker werden aus hochwertigem Leder gefertigt und mit einer strapazierf\u00e4higen Gummisohle ausgestattet. Sie bieten die perfekte Mischung aus Eleganz, Komfort und Haltbarkeit. Ihre neutralen Farbt\u00f6ne und die minimalistische Silhouette machen sie vielseitig genug, um sie &hellip;\" \/>\n<meta property=\"og:url\" content=\"https:\/\/www.venisecollection.com\/de\/shop\/women\/sneakers\/paul-smith-sneaker\" \/>\n<meta property=\"og:site_name\" content=\"VENISE COLLECTION\" \/>\n<meta property=\"article:modified_time\" content=\"2025-12-26T15:05:57+00:00\" \/>\n<meta property=\"og:image\" content=\"https:\/\/www.venisecollection.com\/cdn\/image-103.webp\" \/>\n\t<meta property=\"og:image:width\" content=\"1280\" \/>\n\t<meta property=\"og:image:height\" content=\"1588\" \/>\n\t<meta property=\"og:image:type\" content=\"image\/webp\" \/>\n<meta name=\"twitter:card\" content=\"summary_large_image\" \/>\n<meta name=\"twitter:label1\" content=\"Gesch\u00e4tzte Lesezeit\" \/>\n\t<meta name=\"twitter:data1\" content=\"1\u00a0Minute\" \/>\n<script type=\"application\/ld+json\" class=\"yoast-schema-graph\">{\"@context\":\"https:\\\/\\\/schema.org\",\"@graph\":[{\"@type\":\"WebPage\",\"@id\":\"https:\\\/\\\/www.venisecollection.com\\\/de\\\/shop\\\/women\\\/sneakers\\\/paul-smith-sneaker\",\"url\":\"https:\\\/\\\/www.venisecollection.com\\\/de\\\/shop\\\/women\\\/sneakers\\\/paul-smith-sneaker\",\"name\":\"Paul Smith Sneaker - VENISE COLLECTION\",\"isPartOf\":{\"@id\":\"https:\\\/\\\/www.venisecollection.com\\\/de#website\"},\"primaryImageOfPage\":{\"@id\":\"https:\\\/\\\/www.venisecollection.com\\\/de\\\/shop\\\/women\\\/sneakers\\\/paul-smith-sneaker#primaryimage\"},\"image\":{\"@id\":\"https:\\\/\\\/www.venisecollection.com\\\/de\\\/shop\\\/women\\\/sneakers\\\/paul-smith-sneaker#primaryimage\"},\"thumbnailUrl\":\"https:\\\/\\\/www.venisecollection.com\\\/cdn\\\/image-103.webp\",\"datePublished\":\"2025-11-20T16:11:46+00:00\",\"dateModified\":\"2025-12-26T15:05:57+00:00\",\"breadcrumb\":{\"@id\":\"https:\\\/\\\/www.venisecollection.com\\\/de\\\/shop\\\/women\\\/sneakers\\\/paul-smith-sneaker#breadcrumb\"},\"inLanguage\":\"de\",\"potentialAction\":[{\"@type\":\"ReadAction\",\"target\":[\"https:\\\/\\\/www.venisecollection.com\\\/de\\\/shop\\\/women\\\/sneakers\\\/paul-smith-sneaker\"]}]},{\"@type\":\"ImageObject\",\"inLanguage\":\"de\",\"@id\":\"https:\\\/\\\/www.venisecollection.com\\\/de\\\/shop\\\/women\\\/sneakers\\\/paul-smith-sneaker#primaryimage\",\"url\":\"https:\\\/\\\/www.venisecollection.com\\\/cdn\\\/image-103.webp\",\"contentUrl\":\"https:\\\/\\\/www.venisecollection.com\\\/cdn\\\/image-103.webp\",\"width\":1280,\"height\":1588},{\"@type\":\"BreadcrumbList\",\"@id\":\"https:\\\/\\\/www.venisecollection.com\\\/de\\\/shop\\\/women\\\/sneakers\\\/paul-smith-sneaker#breadcrumb\",\"itemListElement\":[{\"@type\":\"ListItem\",\"position\":1,\"name\":\"Home\",\"item\":\"https:\\\/\\\/www.venisecollection.com\\\/de\\\/shop\"},{\"@type\":\"ListItem\",\"position\":2,\"name\":\"Startseite\",\"item\":\"https:\\\/\\\/www.venisecollection.com\\\/de\\\/shop\"},{\"@type\":\"ListItem\",\"position\":3,\"name\":\"Paul Smith Sneaker\"}]},{\"@type\":\"WebSite\",\"@id\":\"https:\\\/\\\/www.venisecollection.com\\\/de#website\",\"url\":\"https:\\\/\\\/www.venisecollection.com\\\/de\",\"name\":\"VENISE COLLECTION\",\"description\":\"\",\"publisher\":{\"@id\":\"https:\\\/\\\/www.venisecollection.com\\\/de#organization\"},\"potentialAction\":[{\"@type\":\"SearchAction\",\"target\":{\"@type\":\"EntryPoint\",\"urlTemplate\":\"https:\\\/\\\/www.venisecollection.com\\\/de?s={search_term_string}\"},\"query-input\":{\"@type\":\"PropertyValueSpecification\",\"valueRequired\":true,\"valueName\":\"search_term_string\"}}],\"inLanguage\":\"de\"},{\"@type\":\"Organization\",\"@id\":\"https:\\\/\\\/www.venisecollection.com\\\/de#organization\",\"name\":\"VENISE COLLECTION\",\"url\":\"https:\\\/\\\/www.venisecollection.com\\\/de\",\"logo\":{\"@type\":\"ImageObject\",\"inLanguage\":\"de\",\"@id\":\"https:\\\/\\\/www.venisecollection.com\\\/de#\\\/schema\\\/logo\\\/image\\\/\",\"url\":\"https:\\\/\\\/www.venisecollection.com\\\/cdn\\\/seo.png\",\"contentUrl\":\"https:\\\/\\\/www.venisecollection.com\\\/cdn\\\/seo.png\",\"width\":1080,\"height\":1080,\"caption\":\"VENISE COLLECTION\"},\"image\":{\"@id\":\"https:\\\/\\\/www.venisecollection.com\\\/de#\\\/schema\\\/logo\\\/image\\\/\"},\"sameAs\":[\"https:\\\/\\\/www.instagram.com\\\/venisecollection\\\/\",\"https:\\\/\\\/fr.pinterest.com\\\/venisecollection\\\/\"]}]}<\/script>\n<!-- \/ Yoast SEO plugin. -->","yoast_head_json":{"title":"Paul Smith Sneaker - VENISE COLLECTION","robots":{"index":"index","follow":"follow","max-snippet":"max-snippet:-1","max-image-preview":"max-image-preview:large","max-video-preview":"max-video-preview:-1"},"canonical":"https:\/\/www.venisecollection.com\/de\/shop\/women\/sneakers\/paul-smith-sneaker","og_locale":"de_DE","og_type":"article","og_title":"Paul Smith Sneaker - VENISE COLLECTION","og_description":"Die Paul Smith Sneaker definieren den allt\u00e4glichen Luxus f\u00fcr Damen mit ihrem eleganten Design und der hochwertigen Verarbeitung neu. Diese Damen-Sneaker werden aus hochwertigem Leder gefertigt und mit einer strapazierf\u00e4higen Gummisohle ausgestattet. Sie bieten die perfekte Mischung aus Eleganz, Komfort und Haltbarkeit. Ihre neutralen Farbt\u00f6ne und die minimalistische Silhouette machen sie vielseitig genug, um sie &hellip;","og_url":"https:\/\/www.venisecollection.com\/de\/shop\/women\/sneakers\/paul-smith-sneaker","og_site_name":"VENISE COLLECTION","article_modified_time":"2025-12-26T15:05:57+00:00","og_image":[{"width":1280,"height":1588,"url":"https:\/\/www.venisecollection.com\/cdn\/image-103.webp","type":"image\/webp"}],"twitter_card":"summary_large_image","twitter_misc":{"Gesch\u00e4tzte Lesezeit":"1\u00a0Minute"},"schema":{"@context":"https:\/\/schema.org","@graph":[{"@type":"WebPage","@id":"https:\/\/www.venisecollection.com\/de\/shop\/women\/sneakers\/paul-smith-sneaker","url":"https:\/\/www.venisecollection.com\/de\/shop\/women\/sneakers\/paul-smith-sneaker","name":"Paul Smith Sneaker - VENISE COLLECTION","isPartOf":{"@id":"https:\/\/www.venisecollection.com\/de#website"},"primaryImageOfPage":{"@id":"https:\/\/www.venisecollection.com\/de\/shop\/women\/sneakers\/paul-smith-sneaker#primaryimage"},"image":{"@id":"https:\/\/www.venisecollection.com\/de\/shop\/women\/sneakers\/paul-smith-sneaker#primaryimage"},"thumbnailUrl":"https:\/\/www.venisecollection.com\/cdn\/image-103.webp","datePublished":"2025-11-20T16:11:46+00:00","dateModified":"2025-12-26T15:05:57+00:00","breadcrumb":{"@id":"https:\/\/www.venisecollection.com\/de\/shop\/women\/sneakers\/paul-smith-sneaker#breadcrumb"},"inLanguage":"de","potentialAction":[{"@type":"ReadAction","target":["https:\/\/www.venisecollection.com\/de\/shop\/women\/sneakers\/paul-smith-sneaker"]}]},{"@type":"ImageObject","inLanguage":"de","@id":"https:\/\/www.venisecollection.com\/de\/shop\/women\/sneakers\/paul-smith-sneaker#primaryimage","url":"https:\/\/www.venisecollection.com\/cdn\/image-103.webp","contentUrl":"https:\/\/www.venisecollection.com\/cdn\/image-103.webp","width":1280,"height":1588},{"@type":"BreadcrumbList","@id":"https:\/\/www.venisecollection.com\/de\/shop\/women\/sneakers\/paul-smith-sneaker#breadcrumb","itemListElement":[{"@type":"ListItem","position":1,"name":"Home","item":"https:\/\/www.venisecollection.com\/de\/shop"},{"@type":"ListItem","position":2,"name":"Startseite","item":"https:\/\/www.venisecollection.com\/de\/shop"},{"@type":"ListItem","position":3,"name":"Paul Smith Sneaker"}]},{"@type":"WebSite","@id":"https:\/\/www.venisecollection.com\/de#website","url":"https:\/\/www.venisecollection.com\/de","name":"VENISE COLLECTION","description":"","publisher":{"@id":"https:\/\/www.venisecollection.com\/de#organization"},"potentialAction":[{"@type":"SearchAction","target":{"@type":"EntryPoint","urlTemplate":"https:\/\/www.venisecollection.com\/de?s={search_term_string}"},"query-input":{"@type":"PropertyValueSpecification","valueRequired":true,"valueName":"search_term_string"}}],"inLanguage":"de"},{"@type":"Organization","@id":"https:\/\/www.venisecollection.com\/de#organization","name":"VENISE COLLECTION","url":"https:\/\/www.venisecollection.com\/de","logo":{"@type":"ImageObject","inLanguage":"de","@id":"https:\/\/www.venisecollection.com\/de#\/schema\/logo\/image\/","url":"https:\/\/www.venisecollection.com\/cdn\/seo.png","contentUrl":"https:\/\/www.venisecollection.com\/cdn\/seo.png","width":1080,"height":1080,"caption":"VENISE COLLECTION"},"image":{"@id":"https:\/\/www.venisecollection.com\/de#\/schema\/logo\/image\/"},"sameAs":["https:\/\/www.instagram.com\/venisecollection\/","https:\/\/fr.pinterest.com\/venisecollection\/"]}]}},"_links":{"self":[{"href":"https:\/\/www.venisecollection.com\/de\/wp-json\/wp\/v2\/product\/7677","targetHints":{"allow":["GET"]}}],"collection":[{"href":"https:\/\/www.venisecollection.com\/de\/wp-json\/wp\/v2\/product"}],"about":[{"href":"https:\/\/www.venisecollection.com\/de\/wp-json\/wp\/v2\/types\/product"}],"wp:featuredmedia":[{"embeddable":true,"href":"https:\/\/www.venisecollection.com\/de\/wp-json\/wp\/v2\/media\/7684"}],"wp:attachment":[{"href":"https:\/\/www.venisecollection.com\/de\/wp-json\/wp\/v2\/media?parent=7677"}],"wp:term":[{"taxonomy":"product_brand","embeddable":true,"href":"https:\/\/www.venisecollection.com\/de\/wp-json\/wp\/v2\/product_brand?post=7677"},{"taxonomy":"product_cat","embeddable":true,"href":"https:\/\/www.venisecollection.com\/de\/wp-json\/wp\/v2\/product_cat?post=7677"},{"taxonomy":"product_tag","embeddable":true,"href":"https:\/\/www.venisecollection.com\/de\/wp-json\/wp\/v2\/product_tag?post=7677"}],"curies":[{"name":"wp","href":"https:\/\/api.w.org\/{rel}","templated":true}]}}