{"id":7784,"date":"2025-12-23T16:11:05","date_gmt":"2025-12-23T16:11:05","guid":{"rendered":"https:\/\/www.venisecollection.com\/shop\/women\/unkategorisiert\/elena-iachi-santiags-sac-nero\/"},"modified":"2025-11-28T15:24:25","modified_gmt":"2025-11-28T15:24:25","slug":"elena-iachi-santiags-sac-nero","status":"publish","type":"product","link":"https:\/\/www.venisecollection.com\/de\/shop\/women\/santiags\/elena-iachi-santiags-sac-nero","title":{"rendered":"ELENA IACHI Santiags Sac Nero"},"content":{"rendered":"<p style=\"text-align: justify;\" data-start=\"1001\" data-end=\"1051\">Die ELENA IACHI Santiags Sac Nero Stiefeletten aus schwarzem Leder verk\u00f6rpern zeitlose italienische Eleganz. Mit einer spitzen Zehenpartie, praktischen seitlichen Zuglaschen und einem 6,5 cm hohen Absatz bieten sie Raffinesse und Komfort in perfekter Harmonie. <\/p>\n<p style=\"text-align: justify;\" data-start=\"1053\" data-end=\"1525\">Diese Stiefel werden vollst\u00e4ndig aus hochwertigem Leder mit einer Ledersohle gefertigt und unterstreichen die au\u00dfergew\u00f6hnliche italienische Handwerkskunst. Sie eignen sich ideal, um sowohl l\u00e4ssige als auch elegante Outfits aufzuwerten. <\/p>\n","protected":false},"excerpt":{"rendered":"<p>Die ELENA IACHI Santiags Sac Nero Stiefeletten aus schwarzem Leder verk\u00f6rpern zeitlose italienische Eleganz. Mit einer spitzen Zehenpartie, praktischen seitlichen Zuglaschen und einem 6,5 cm hohen Absatz bieten sie Raffinesse und Komfort in perfekter Harmonie. Diese Stiefel werden vollst\u00e4ndig aus hochwertigem Leder mit einer Ledersohle gefertigt und unterstreichen die au\u00dfergew\u00f6hnliche italienische Handwerkskunst. Sie eignen sich &hellip;<\/p>\n","protected":false},"featured_media":7797,"template":"","meta":[],"product_brand":[357],"product_cat":[116],"product_tag":[],"class_list":{"0":"post-7784","1":"product","2":"type-product","3":"status-publish","4":"has-post-thumbnail","6":"product_brand-venise-collection","7":"product_cat-santiags","9":"first","10":"instock","11":"shipping-taxable","12":"purchasable","13":"product-type-variable","14":"has-default-attributes"},"yoast_head":"<!-- This site is optimized with the Yoast SEO plugin v27.4 - https:\/\/yoast.com\/product\/yoast-seo-wordpress\/ -->\n<title>ELENA IACHI Santiags Sac Nero - VENISE COLLECTION<\/title>\n<meta name=\"robots\" content=\"index, follow, max-snippet:-1, max-image-preview:large, max-video-preview:-1\" \/>\n<link rel=\"canonical\" href=\"https:\/\/www.venisecollection.com\/de\/shop\/women\/santiags\/elena-iachi-santiags-sac-nero\" \/>\n<meta property=\"og:locale\" content=\"de_DE\" \/>\n<meta property=\"og:type\" content=\"article\" \/>\n<meta property=\"og:title\" content=\"ELENA IACHI Santiags Sac Nero - VENISE COLLECTION\" \/>\n<meta property=\"og:description\" content=\"Die ELENA IACHI Santiags Sac Nero Stiefeletten aus schwarzem Leder verk\u00f6rpern zeitlose italienische Eleganz. Mit einer spitzen Zehenpartie, praktischen seitlichen Zuglaschen und einem 6,5 cm hohen Absatz bieten sie Raffinesse und Komfort in perfekter Harmonie. Diese Stiefel werden vollst\u00e4ndig aus hochwertigem Leder mit einer Ledersohle gefertigt und unterstreichen die au\u00dfergew\u00f6hnliche italienische Handwerkskunst. Sie eignen sich &hellip;\" \/>\n<meta property=\"og:url\" content=\"https:\/\/www.venisecollection.com\/de\/shop\/women\/santiags\/elena-iachi-santiags-sac-nero\" \/>\n<meta property=\"og:site_name\" content=\"VENISE COLLECTION\" \/>\n<meta property=\"og:image\" content=\"https:\/\/www.venisecollection.com\/cdn\/image.psd-139.webp\" \/>\n\t<meta property=\"og:image:width\" content=\"1280\" \/>\n\t<meta property=\"og:image:height\" content=\"1588\" \/>\n\t<meta property=\"og:image:type\" content=\"image\/webp\" \/>\n<meta name=\"twitter:card\" content=\"summary_large_image\" \/>\n<script type=\"application\/ld+json\" class=\"yoast-schema-graph\">{\"@context\":\"https:\\\/\\\/schema.org\",\"@graph\":[{\"@type\":\"WebPage\",\"@id\":\"https:\\\/\\\/www.venisecollection.com\\\/de\\\/shop\\\/women\\\/santiags\\\/elena-iachi-santiags-sac-nero\",\"url\":\"https:\\\/\\\/www.venisecollection.com\\\/de\\\/shop\\\/women\\\/santiags\\\/elena-iachi-santiags-sac-nero\",\"name\":\"ELENA IACHI Santiags Sac Nero - VENISE COLLECTION\",\"isPartOf\":{\"@id\":\"https:\\\/\\\/www.venisecollection.com\\\/de#website\"},\"primaryImageOfPage\":{\"@id\":\"https:\\\/\\\/www.venisecollection.com\\\/de\\\/shop\\\/women\\\/santiags\\\/elena-iachi-santiags-sac-nero#primaryimage\"},\"image\":{\"@id\":\"https:\\\/\\\/www.venisecollection.com\\\/de\\\/shop\\\/women\\\/santiags\\\/elena-iachi-santiags-sac-nero#primaryimage\"},\"thumbnailUrl\":\"https:\\\/\\\/www.venisecollection.com\\\/cdn\\\/image.psd-139.webp\",\"datePublished\":\"2025-12-23T16:11:05+00:00\",\"breadcrumb\":{\"@id\":\"https:\\\/\\\/www.venisecollection.com\\\/de\\\/shop\\\/women\\\/santiags\\\/elena-iachi-santiags-sac-nero#breadcrumb\"},\"inLanguage\":\"de\",\"potentialAction\":[{\"@type\":\"ReadAction\",\"target\":[\"https:\\\/\\\/www.venisecollection.com\\\/de\\\/shop\\\/women\\\/santiags\\\/elena-iachi-santiags-sac-nero\"]}]},{\"@type\":\"ImageObject\",\"inLanguage\":\"de\",\"@id\":\"https:\\\/\\\/www.venisecollection.com\\\/de\\\/shop\\\/women\\\/santiags\\\/elena-iachi-santiags-sac-nero#primaryimage\",\"url\":\"https:\\\/\\\/www.venisecollection.com\\\/cdn\\\/image.psd-139.webp\",\"contentUrl\":\"https:\\\/\\\/www.venisecollection.com\\\/cdn\\\/image.psd-139.webp\",\"width\":1280,\"height\":1588},{\"@type\":\"BreadcrumbList\",\"@id\":\"https:\\\/\\\/www.venisecollection.com\\\/de\\\/shop\\\/women\\\/santiags\\\/elena-iachi-santiags-sac-nero#breadcrumb\",\"itemListElement\":[{\"@type\":\"ListItem\",\"position\":1,\"name\":\"Home\",\"item\":\"https:\\\/\\\/www.venisecollection.com\\\/de\\\/shop\"},{\"@type\":\"ListItem\",\"position\":2,\"name\":\"Startseite\",\"item\":\"https:\\\/\\\/www.venisecollection.com\\\/de\\\/shop\"},{\"@type\":\"ListItem\",\"position\":3,\"name\":\"ELENA IACHI Santiags Sac Nero\"}]},{\"@type\":\"WebSite\",\"@id\":\"https:\\\/\\\/www.venisecollection.com\\\/de#website\",\"url\":\"https:\\\/\\\/www.venisecollection.com\\\/de\",\"name\":\"VENISE COLLECTION\",\"description\":\"\",\"publisher\":{\"@id\":\"https:\\\/\\\/www.venisecollection.com\\\/de#organization\"},\"potentialAction\":[{\"@type\":\"SearchAction\",\"target\":{\"@type\":\"EntryPoint\",\"urlTemplate\":\"https:\\\/\\\/www.venisecollection.com\\\/de?s={search_term_string}\"},\"query-input\":{\"@type\":\"PropertyValueSpecification\",\"valueRequired\":true,\"valueName\":\"search_term_string\"}}],\"inLanguage\":\"de\"},{\"@type\":\"Organization\",\"@id\":\"https:\\\/\\\/www.venisecollection.com\\\/de#organization\",\"name\":\"VENISE COLLECTION\",\"url\":\"https:\\\/\\\/www.venisecollection.com\\\/de\",\"logo\":{\"@type\":\"ImageObject\",\"inLanguage\":\"de\",\"@id\":\"https:\\\/\\\/www.venisecollection.com\\\/de#\\\/schema\\\/logo\\\/image\\\/\",\"url\":\"https:\\\/\\\/www.venisecollection.com\\\/cdn\\\/seo.png\",\"contentUrl\":\"https:\\\/\\\/www.venisecollection.com\\\/cdn\\\/seo.png\",\"width\":1080,\"height\":1080,\"caption\":\"VENISE COLLECTION\"},\"image\":{\"@id\":\"https:\\\/\\\/www.venisecollection.com\\\/de#\\\/schema\\\/logo\\\/image\\\/\"},\"sameAs\":[\"https:\\\/\\\/www.instagram.com\\\/venisecollection\\\/\",\"https:\\\/\\\/fr.pinterest.com\\\/venisecollection\\\/\"]}]}<\/script>\n<!-- \/ Yoast SEO plugin. -->","yoast_head_json":{"title":"ELENA IACHI Santiags Sac Nero - VENISE COLLECTION","robots":{"index":"index","follow":"follow","max-snippet":"max-snippet:-1","max-image-preview":"max-image-preview:large","max-video-preview":"max-video-preview:-1"},"canonical":"https:\/\/www.venisecollection.com\/de\/shop\/women\/santiags\/elena-iachi-santiags-sac-nero","og_locale":"de_DE","og_type":"article","og_title":"ELENA IACHI Santiags Sac Nero - VENISE COLLECTION","og_description":"Die ELENA IACHI Santiags Sac Nero Stiefeletten aus schwarzem Leder verk\u00f6rpern zeitlose italienische Eleganz. Mit einer spitzen Zehenpartie, praktischen seitlichen Zuglaschen und einem 6,5 cm hohen Absatz bieten sie Raffinesse und Komfort in perfekter Harmonie. Diese Stiefel werden vollst\u00e4ndig aus hochwertigem Leder mit einer Ledersohle gefertigt und unterstreichen die au\u00dfergew\u00f6hnliche italienische Handwerkskunst. Sie eignen sich &hellip;","og_url":"https:\/\/www.venisecollection.com\/de\/shop\/women\/santiags\/elena-iachi-santiags-sac-nero","og_site_name":"VENISE COLLECTION","og_image":[{"width":1280,"height":1588,"url":"https:\/\/www.venisecollection.com\/cdn\/image.psd-139.webp","type":"image\/webp"}],"twitter_card":"summary_large_image","schema":{"@context":"https:\/\/schema.org","@graph":[{"@type":"WebPage","@id":"https:\/\/www.venisecollection.com\/de\/shop\/women\/santiags\/elena-iachi-santiags-sac-nero","url":"https:\/\/www.venisecollection.com\/de\/shop\/women\/santiags\/elena-iachi-santiags-sac-nero","name":"ELENA IACHI Santiags Sac Nero - VENISE COLLECTION","isPartOf":{"@id":"https:\/\/www.venisecollection.com\/de#website"},"primaryImageOfPage":{"@id":"https:\/\/www.venisecollection.com\/de\/shop\/women\/santiags\/elena-iachi-santiags-sac-nero#primaryimage"},"image":{"@id":"https:\/\/www.venisecollection.com\/de\/shop\/women\/santiags\/elena-iachi-santiags-sac-nero#primaryimage"},"thumbnailUrl":"https:\/\/www.venisecollection.com\/cdn\/image.psd-139.webp","datePublished":"2025-12-23T16:11:05+00:00","breadcrumb":{"@id":"https:\/\/www.venisecollection.com\/de\/shop\/women\/santiags\/elena-iachi-santiags-sac-nero#breadcrumb"},"inLanguage":"de","potentialAction":[{"@type":"ReadAction","target":["https:\/\/www.venisecollection.com\/de\/shop\/women\/santiags\/elena-iachi-santiags-sac-nero"]}]},{"@type":"ImageObject","inLanguage":"de","@id":"https:\/\/www.venisecollection.com\/de\/shop\/women\/santiags\/elena-iachi-santiags-sac-nero#primaryimage","url":"https:\/\/www.venisecollection.com\/cdn\/image.psd-139.webp","contentUrl":"https:\/\/www.venisecollection.com\/cdn\/image.psd-139.webp","width":1280,"height":1588},{"@type":"BreadcrumbList","@id":"https:\/\/www.venisecollection.com\/de\/shop\/women\/santiags\/elena-iachi-santiags-sac-nero#breadcrumb","itemListElement":[{"@type":"ListItem","position":1,"name":"Home","item":"https:\/\/www.venisecollection.com\/de\/shop"},{"@type":"ListItem","position":2,"name":"Startseite","item":"https:\/\/www.venisecollection.com\/de\/shop"},{"@type":"ListItem","position":3,"name":"ELENA IACHI Santiags Sac Nero"}]},{"@type":"WebSite","@id":"https:\/\/www.venisecollection.com\/de#website","url":"https:\/\/www.venisecollection.com\/de","name":"VENISE COLLECTION","description":"","publisher":{"@id":"https:\/\/www.venisecollection.com\/de#organization"},"potentialAction":[{"@type":"SearchAction","target":{"@type":"EntryPoint","urlTemplate":"https:\/\/www.venisecollection.com\/de?s={search_term_string}"},"query-input":{"@type":"PropertyValueSpecification","valueRequired":true,"valueName":"search_term_string"}}],"inLanguage":"de"},{"@type":"Organization","@id":"https:\/\/www.venisecollection.com\/de#organization","name":"VENISE COLLECTION","url":"https:\/\/www.venisecollection.com\/de","logo":{"@type":"ImageObject","inLanguage":"de","@id":"https:\/\/www.venisecollection.com\/de#\/schema\/logo\/image\/","url":"https:\/\/www.venisecollection.com\/cdn\/seo.png","contentUrl":"https:\/\/www.venisecollection.com\/cdn\/seo.png","width":1080,"height":1080,"caption":"VENISE COLLECTION"},"image":{"@id":"https:\/\/www.venisecollection.com\/de#\/schema\/logo\/image\/"},"sameAs":["https:\/\/www.instagram.com\/venisecollection\/","https:\/\/fr.pinterest.com\/venisecollection\/"]}]}},"_links":{"self":[{"href":"https:\/\/www.venisecollection.com\/de\/wp-json\/wp\/v2\/product\/7784","targetHints":{"allow":["GET"]}}],"collection":[{"href":"https:\/\/www.venisecollection.com\/de\/wp-json\/wp\/v2\/product"}],"about":[{"href":"https:\/\/www.venisecollection.com\/de\/wp-json\/wp\/v2\/types\/product"}],"wp:featuredmedia":[{"embeddable":true,"href":"https:\/\/www.venisecollection.com\/de\/wp-json\/wp\/v2\/media\/7797"}],"wp:attachment":[{"href":"https:\/\/www.venisecollection.com\/de\/wp-json\/wp\/v2\/media?parent=7784"}],"wp:term":[{"taxonomy":"product_brand","embeddable":true,"href":"https:\/\/www.venisecollection.com\/de\/wp-json\/wp\/v2\/product_brand?post=7784"},{"taxonomy":"product_cat","embeddable":true,"href":"https:\/\/www.venisecollection.com\/de\/wp-json\/wp\/v2\/product_cat?post=7784"},{"taxonomy":"product_tag","embeddable":true,"href":"https:\/\/www.venisecollection.com\/de\/wp-json\/wp\/v2\/product_tag?post=7784"}],"curies":[{"name":"wp","href":"https:\/\/api.w.org\/{rel}","templated":true}]}}