{"id":7800,"date":"2025-12-20T16:11:08","date_gmt":"2025-12-20T16:11:08","guid":{"rendered":"https:\/\/www.venisecollection.com\/shop\/women\/unkategorisiert\/elena-iachi-nature-nero-2\/"},"modified":"2025-11-28T15:24:18","modified_gmt":"2025-11-28T15:24:18","slug":"elena-iachi-nature-nero-2","status":"publish","type":"product","link":"https:\/\/www.venisecollection.com\/de\/shop\/women\/santiags\/elena-iachi-nature-nero-2","title":{"rendered":"ELENA IACHI nature nero"},"content":{"rendered":"<p style=\"text-align: justify;\" data-start=\"967\" data-end=\"1011\">Die schwarzen Lederstiefeletten ELENA IACHI Nature Nero vereinen K\u00fchnheit mit italienischer Eleganz. Mit spitzer Zehenpartie, praktischem Seitenrei\u00dfverschluss und einem 9 cm hohen Kegelabsatz bieten sie einen raffinierten Look mit dauerhaftem Komfort. <\/p>\n<p style=\"text-align: justify;\" data-start=\"1013\" data-end=\"1492\">Vollst\u00e4ndig aus hochwertigem Leder gefertigt, mit Lederfutter und Ledersohle, sind diese Stiefel ein Beispiel f\u00fcr au\u00dfergew\u00f6hnliche italienische Handwerkskunst. Perfekt, um sowohl urbane als auch elegante Outfits aufzuwerten. <\/p>\n","protected":false},"excerpt":{"rendered":"<p>Die schwarzen Lederstiefeletten ELENA IACHI Nature Nero vereinen K\u00fchnheit mit italienischer Eleganz. Mit spitzer Zehenpartie, praktischem Seitenrei\u00dfverschluss und einem 9 cm hohen Kegelabsatz bieten sie einen raffinierten Look mit dauerhaftem Komfort. Vollst\u00e4ndig aus hochwertigem Leder gefertigt, mit Lederfutter und Ledersohle, sind diese Stiefel ein Beispiel f\u00fcr au\u00dfergew\u00f6hnliche italienische Handwerkskunst. Perfekt, um sowohl urbane als auch &hellip;<\/p>\n","protected":false},"featured_media":7808,"template":"","meta":[],"product_brand":[351],"product_cat":[116],"product_tag":[],"class_list":{"0":"post-7800","1":"product","2":"type-product","3":"status-publish","4":"has-post-thumbnail","6":"product_brand-elena-iachi","7":"product_cat-santiags","9":"first","10":"instock","11":"shipping-taxable","12":"purchasable","13":"product-type-variable","14":"has-default-attributes"},"yoast_head":"<!-- This site is optimized with the Yoast SEO plugin v27.4 - https:\/\/yoast.com\/product\/yoast-seo-wordpress\/ -->\n<title>ELENA IACHI nature nero - VENISE COLLECTION<\/title>\n<meta name=\"robots\" content=\"index, follow, max-snippet:-1, max-image-preview:large, max-video-preview:-1\" \/>\n<link rel=\"canonical\" href=\"https:\/\/www.venisecollection.com\/de\/shop\/women\/santiags\/elena-iachi-nature-nero-2\" \/>\n<meta property=\"og:locale\" content=\"de_DE\" \/>\n<meta property=\"og:type\" content=\"article\" \/>\n<meta property=\"og:title\" content=\"ELENA IACHI nature nero - VENISE COLLECTION\" \/>\n<meta property=\"og:description\" content=\"Die schwarzen Lederstiefeletten ELENA IACHI Nature Nero vereinen K\u00fchnheit mit italienischer Eleganz. Mit spitzer Zehenpartie, praktischem Seitenrei\u00dfverschluss und einem 9 cm hohen Kegelabsatz bieten sie einen raffinierten Look mit dauerhaftem Komfort. Vollst\u00e4ndig aus hochwertigem Leder gefertigt, mit Lederfutter und Ledersohle, sind diese Stiefel ein Beispiel f\u00fcr au\u00dfergew\u00f6hnliche italienische Handwerkskunst. Perfekt, um sowohl urbane als auch &hellip;\" \/>\n<meta property=\"og:url\" content=\"https:\/\/www.venisecollection.com\/de\/shop\/women\/santiags\/elena-iachi-nature-nero-2\" \/>\n<meta property=\"og:site_name\" content=\"VENISE COLLECTION\" \/>\n<meta property=\"og:image\" content=\"https:\/\/www.venisecollection.com\/cdn\/image.psd-135.webp\" \/>\n\t<meta property=\"og:image:width\" content=\"1280\" \/>\n\t<meta property=\"og:image:height\" content=\"1588\" \/>\n\t<meta property=\"og:image:type\" content=\"image\/webp\" \/>\n<meta name=\"twitter:card\" content=\"summary_large_image\" \/>\n<script type=\"application\/ld+json\" class=\"yoast-schema-graph\">{\"@context\":\"https:\\\/\\\/schema.org\",\"@graph\":[{\"@type\":\"WebPage\",\"@id\":\"https:\\\/\\\/www.venisecollection.com\\\/de\\\/shop\\\/women\\\/santiags\\\/elena-iachi-nature-nero-2\",\"url\":\"https:\\\/\\\/www.venisecollection.com\\\/de\\\/shop\\\/women\\\/santiags\\\/elena-iachi-nature-nero-2\",\"name\":\"ELENA IACHI nature nero - VENISE COLLECTION\",\"isPartOf\":{\"@id\":\"https:\\\/\\\/www.venisecollection.com\\\/de#website\"},\"primaryImageOfPage\":{\"@id\":\"https:\\\/\\\/www.venisecollection.com\\\/de\\\/shop\\\/women\\\/santiags\\\/elena-iachi-nature-nero-2#primaryimage\"},\"image\":{\"@id\":\"https:\\\/\\\/www.venisecollection.com\\\/de\\\/shop\\\/women\\\/santiags\\\/elena-iachi-nature-nero-2#primaryimage\"},\"thumbnailUrl\":\"https:\\\/\\\/www.venisecollection.com\\\/cdn\\\/image.psd-135.webp\",\"datePublished\":\"2025-12-20T16:11:08+00:00\",\"breadcrumb\":{\"@id\":\"https:\\\/\\\/www.venisecollection.com\\\/de\\\/shop\\\/women\\\/santiags\\\/elena-iachi-nature-nero-2#breadcrumb\"},\"inLanguage\":\"de\",\"potentialAction\":[{\"@type\":\"ReadAction\",\"target\":[\"https:\\\/\\\/www.venisecollection.com\\\/de\\\/shop\\\/women\\\/santiags\\\/elena-iachi-nature-nero-2\"]}]},{\"@type\":\"ImageObject\",\"inLanguage\":\"de\",\"@id\":\"https:\\\/\\\/www.venisecollection.com\\\/de\\\/shop\\\/women\\\/santiags\\\/elena-iachi-nature-nero-2#primaryimage\",\"url\":\"https:\\\/\\\/www.venisecollection.com\\\/cdn\\\/image.psd-135.webp\",\"contentUrl\":\"https:\\\/\\\/www.venisecollection.com\\\/cdn\\\/image.psd-135.webp\",\"width\":1280,\"height\":1588},{\"@type\":\"BreadcrumbList\",\"@id\":\"https:\\\/\\\/www.venisecollection.com\\\/de\\\/shop\\\/women\\\/santiags\\\/elena-iachi-nature-nero-2#breadcrumb\",\"itemListElement\":[{\"@type\":\"ListItem\",\"position\":1,\"name\":\"Home\",\"item\":\"https:\\\/\\\/www.venisecollection.com\\\/de\\\/shop\"},{\"@type\":\"ListItem\",\"position\":2,\"name\":\"Startseite\",\"item\":\"https:\\\/\\\/www.venisecollection.com\\\/de\\\/shop\"},{\"@type\":\"ListItem\",\"position\":3,\"name\":\"ELENA IACHI nature nero\"}]},{\"@type\":\"WebSite\",\"@id\":\"https:\\\/\\\/www.venisecollection.com\\\/de#website\",\"url\":\"https:\\\/\\\/www.venisecollection.com\\\/de\",\"name\":\"VENISE COLLECTION\",\"description\":\"\",\"publisher\":{\"@id\":\"https:\\\/\\\/www.venisecollection.com\\\/de#organization\"},\"potentialAction\":[{\"@type\":\"SearchAction\",\"target\":{\"@type\":\"EntryPoint\",\"urlTemplate\":\"https:\\\/\\\/www.venisecollection.com\\\/de?s={search_term_string}\"},\"query-input\":{\"@type\":\"PropertyValueSpecification\",\"valueRequired\":true,\"valueName\":\"search_term_string\"}}],\"inLanguage\":\"de\"},{\"@type\":\"Organization\",\"@id\":\"https:\\\/\\\/www.venisecollection.com\\\/de#organization\",\"name\":\"VENISE COLLECTION\",\"url\":\"https:\\\/\\\/www.venisecollection.com\\\/de\",\"logo\":{\"@type\":\"ImageObject\",\"inLanguage\":\"de\",\"@id\":\"https:\\\/\\\/www.venisecollection.com\\\/de#\\\/schema\\\/logo\\\/image\\\/\",\"url\":\"https:\\\/\\\/www.venisecollection.com\\\/cdn\\\/seo.png\",\"contentUrl\":\"https:\\\/\\\/www.venisecollection.com\\\/cdn\\\/seo.png\",\"width\":1080,\"height\":1080,\"caption\":\"VENISE COLLECTION\"},\"image\":{\"@id\":\"https:\\\/\\\/www.venisecollection.com\\\/de#\\\/schema\\\/logo\\\/image\\\/\"},\"sameAs\":[\"https:\\\/\\\/www.instagram.com\\\/venisecollection\\\/\",\"https:\\\/\\\/fr.pinterest.com\\\/venisecollection\\\/\"]}]}<\/script>\n<!-- \/ Yoast SEO plugin. -->","yoast_head_json":{"title":"ELENA IACHI nature nero - VENISE COLLECTION","robots":{"index":"index","follow":"follow","max-snippet":"max-snippet:-1","max-image-preview":"max-image-preview:large","max-video-preview":"max-video-preview:-1"},"canonical":"https:\/\/www.venisecollection.com\/de\/shop\/women\/santiags\/elena-iachi-nature-nero-2","og_locale":"de_DE","og_type":"article","og_title":"ELENA IACHI nature nero - VENISE COLLECTION","og_description":"Die schwarzen Lederstiefeletten ELENA IACHI Nature Nero vereinen K\u00fchnheit mit italienischer Eleganz. Mit spitzer Zehenpartie, praktischem Seitenrei\u00dfverschluss und einem 9 cm hohen Kegelabsatz bieten sie einen raffinierten Look mit dauerhaftem Komfort. Vollst\u00e4ndig aus hochwertigem Leder gefertigt, mit Lederfutter und Ledersohle, sind diese Stiefel ein Beispiel f\u00fcr au\u00dfergew\u00f6hnliche italienische Handwerkskunst. Perfekt, um sowohl urbane als auch &hellip;","og_url":"https:\/\/www.venisecollection.com\/de\/shop\/women\/santiags\/elena-iachi-nature-nero-2","og_site_name":"VENISE COLLECTION","og_image":[{"width":1280,"height":1588,"url":"https:\/\/www.venisecollection.com\/cdn\/image.psd-135.webp","type":"image\/webp"}],"twitter_card":"summary_large_image","schema":{"@context":"https:\/\/schema.org","@graph":[{"@type":"WebPage","@id":"https:\/\/www.venisecollection.com\/de\/shop\/women\/santiags\/elena-iachi-nature-nero-2","url":"https:\/\/www.venisecollection.com\/de\/shop\/women\/santiags\/elena-iachi-nature-nero-2","name":"ELENA IACHI nature nero - VENISE COLLECTION","isPartOf":{"@id":"https:\/\/www.venisecollection.com\/de#website"},"primaryImageOfPage":{"@id":"https:\/\/www.venisecollection.com\/de\/shop\/women\/santiags\/elena-iachi-nature-nero-2#primaryimage"},"image":{"@id":"https:\/\/www.venisecollection.com\/de\/shop\/women\/santiags\/elena-iachi-nature-nero-2#primaryimage"},"thumbnailUrl":"https:\/\/www.venisecollection.com\/cdn\/image.psd-135.webp","datePublished":"2025-12-20T16:11:08+00:00","breadcrumb":{"@id":"https:\/\/www.venisecollection.com\/de\/shop\/women\/santiags\/elena-iachi-nature-nero-2#breadcrumb"},"inLanguage":"de","potentialAction":[{"@type":"ReadAction","target":["https:\/\/www.venisecollection.com\/de\/shop\/women\/santiags\/elena-iachi-nature-nero-2"]}]},{"@type":"ImageObject","inLanguage":"de","@id":"https:\/\/www.venisecollection.com\/de\/shop\/women\/santiags\/elena-iachi-nature-nero-2#primaryimage","url":"https:\/\/www.venisecollection.com\/cdn\/image.psd-135.webp","contentUrl":"https:\/\/www.venisecollection.com\/cdn\/image.psd-135.webp","width":1280,"height":1588},{"@type":"BreadcrumbList","@id":"https:\/\/www.venisecollection.com\/de\/shop\/women\/santiags\/elena-iachi-nature-nero-2#breadcrumb","itemListElement":[{"@type":"ListItem","position":1,"name":"Home","item":"https:\/\/www.venisecollection.com\/de\/shop"},{"@type":"ListItem","position":2,"name":"Startseite","item":"https:\/\/www.venisecollection.com\/de\/shop"},{"@type":"ListItem","position":3,"name":"ELENA IACHI nature nero"}]},{"@type":"WebSite","@id":"https:\/\/www.venisecollection.com\/de#website","url":"https:\/\/www.venisecollection.com\/de","name":"VENISE COLLECTION","description":"","publisher":{"@id":"https:\/\/www.venisecollection.com\/de#organization"},"potentialAction":[{"@type":"SearchAction","target":{"@type":"EntryPoint","urlTemplate":"https:\/\/www.venisecollection.com\/de?s={search_term_string}"},"query-input":{"@type":"PropertyValueSpecification","valueRequired":true,"valueName":"search_term_string"}}],"inLanguage":"de"},{"@type":"Organization","@id":"https:\/\/www.venisecollection.com\/de#organization","name":"VENISE COLLECTION","url":"https:\/\/www.venisecollection.com\/de","logo":{"@type":"ImageObject","inLanguage":"de","@id":"https:\/\/www.venisecollection.com\/de#\/schema\/logo\/image\/","url":"https:\/\/www.venisecollection.com\/cdn\/seo.png","contentUrl":"https:\/\/www.venisecollection.com\/cdn\/seo.png","width":1080,"height":1080,"caption":"VENISE COLLECTION"},"image":{"@id":"https:\/\/www.venisecollection.com\/de#\/schema\/logo\/image\/"},"sameAs":["https:\/\/www.instagram.com\/venisecollection\/","https:\/\/fr.pinterest.com\/venisecollection\/"]}]}},"_links":{"self":[{"href":"https:\/\/www.venisecollection.com\/de\/wp-json\/wp\/v2\/product\/7800","targetHints":{"allow":["GET"]}}],"collection":[{"href":"https:\/\/www.venisecollection.com\/de\/wp-json\/wp\/v2\/product"}],"about":[{"href":"https:\/\/www.venisecollection.com\/de\/wp-json\/wp\/v2\/types\/product"}],"wp:featuredmedia":[{"embeddable":true,"href":"https:\/\/www.venisecollection.com\/de\/wp-json\/wp\/v2\/media\/7808"}],"wp:attachment":[{"href":"https:\/\/www.venisecollection.com\/de\/wp-json\/wp\/v2\/media?parent=7800"}],"wp:term":[{"taxonomy":"product_brand","embeddable":true,"href":"https:\/\/www.venisecollection.com\/de\/wp-json\/wp\/v2\/product_brand?post=7800"},{"taxonomy":"product_cat","embeddable":true,"href":"https:\/\/www.venisecollection.com\/de\/wp-json\/wp\/v2\/product_cat?post=7800"},{"taxonomy":"product_tag","embeddable":true,"href":"https:\/\/www.venisecollection.com\/de\/wp-json\/wp\/v2\/product_tag?post=7800"}],"curies":[{"name":"wp","href":"https:\/\/api.w.org\/{rel}","templated":true}]}}