{"id":7834,"date":"2025-11-20T16:10:32","date_gmt":"2025-11-20T16:10:32","guid":{"rendered":"https:\/\/www.venisecollection.com\/shop\/women\/unkategorisiert\/lares-camoscio-prugna\/"},"modified":"2025-12-26T15:05:47","modified_gmt":"2025-12-26T15:05:47","slug":"lares-camoscio-prugna","status":"publish","type":"product","link":"https:\/\/www.venisecollection.com\/de\/shop\/women\/stiefel\/lares-camoscio-prugna","title":{"rendered":"LARES CAMOSCIO PRUGNA"},"content":{"rendered":"<p style=\"text-align: justify;\">Die VENISE LARES CAMOSCIO PRUGNA Damenstiefel sind aus weichem pflaumenfarbenem Wildleder gefertigt und verf\u00fcgen \u00fcber ein schwarzes Ripsband-Fransendetail, was ihnen einen einzigartigen und stilvollen Touch verleiht.<\/p>\n<p style=\"text-align: justify;\">Der 6 cm hohe Absatz sorgt f\u00fcr eine dezente Erh\u00f6hung, wobei der ganzt\u00e4gige Komfort erhalten bleibt, was diese Stiefel ideal f\u00fcr den Alltag und f\u00fcr elegantere Anl\u00e4sse macht. Eine rutschfeste Sohle und eine Standardpassform gew\u00e4hrleisten Stabilit\u00e4t und Leichtigkeit bei jedem Schritt. <\/p>\n","protected":false},"excerpt":{"rendered":"<p>Die VENISE LARES CAMOSCIO PRUGNA Damenstiefel sind aus weichem pflaumenfarbenem Wildleder gefertigt und verf\u00fcgen \u00fcber ein schwarzes Ripsband-Fransendetail, was ihnen einen einzigartigen und stilvollen Touch verleiht. Der 6 cm hohe Absatz sorgt f\u00fcr eine dezente Erh\u00f6hung, wobei der ganzt\u00e4gige Komfort erhalten bleibt, was diese Stiefel ideal f\u00fcr den Alltag und f\u00fcr elegantere Anl\u00e4sse macht. Eine &hellip;<\/p>\n","protected":false},"featured_media":7841,"template":"","meta":[],"product_brand":[357],"product_cat":[115],"product_tag":[],"class_list":{"0":"post-7834","1":"product","2":"type-product","3":"status-publish","4":"has-post-thumbnail","6":"product_brand-venise-collection","7":"product_cat-stiefel","9":"first","10":"instock","11":"shipping-taxable","12":"purchasable","13":"product-type-variable","14":"has-default-attributes"},"yoast_head":"<!-- This site is optimized with the Yoast SEO plugin v27.4 - https:\/\/yoast.com\/product\/yoast-seo-wordpress\/ -->\n<title>LARES CAMOSCIO PRUGNA - VENISE COLLECTION<\/title>\n<meta name=\"robots\" content=\"index, follow, max-snippet:-1, max-image-preview:large, max-video-preview:-1\" \/>\n<link rel=\"canonical\" href=\"https:\/\/www.venisecollection.com\/de\/shop\/women\/stiefel\/lares-camoscio-prugna\" \/>\n<meta property=\"og:locale\" content=\"de_DE\" \/>\n<meta property=\"og:type\" content=\"article\" \/>\n<meta property=\"og:title\" content=\"LARES CAMOSCIO PRUGNA - VENISE COLLECTION\" \/>\n<meta property=\"og:description\" content=\"Die VENISE LARES CAMOSCIO PRUGNA Damenstiefel sind aus weichem pflaumenfarbenem Wildleder gefertigt und verf\u00fcgen \u00fcber ein schwarzes Ripsband-Fransendetail, was ihnen einen einzigartigen und stilvollen Touch verleiht. Der 6 cm hohe Absatz sorgt f\u00fcr eine dezente Erh\u00f6hung, wobei der ganzt\u00e4gige Komfort erhalten bleibt, was diese Stiefel ideal f\u00fcr den Alltag und f\u00fcr elegantere Anl\u00e4sse macht. Eine &hellip;\" \/>\n<meta property=\"og:url\" content=\"https:\/\/www.venisecollection.com\/de\/shop\/women\/stiefel\/lares-camoscio-prugna\" \/>\n<meta property=\"og:site_name\" content=\"VENISE COLLECTION\" \/>\n<meta property=\"article:modified_time\" content=\"2025-12-26T15:05:47+00:00\" \/>\n<meta property=\"og:image\" content=\"https:\/\/www.venisecollection.com\/cdn\/image.psd-143.webp\" \/>\n\t<meta property=\"og:image:width\" content=\"1280\" \/>\n\t<meta property=\"og:image:height\" content=\"1588\" \/>\n\t<meta property=\"og:image:type\" content=\"image\/webp\" \/>\n<meta name=\"twitter:card\" content=\"summary_large_image\" \/>\n<script type=\"application\/ld+json\" class=\"yoast-schema-graph\">{\"@context\":\"https:\\\/\\\/schema.org\",\"@graph\":[{\"@type\":\"WebPage\",\"@id\":\"https:\\\/\\\/www.venisecollection.com\\\/de\\\/shop\\\/women\\\/stiefel\\\/lares-camoscio-prugna\",\"url\":\"https:\\\/\\\/www.venisecollection.com\\\/de\\\/shop\\\/women\\\/stiefel\\\/lares-camoscio-prugna\",\"name\":\"LARES CAMOSCIO PRUGNA - VENISE COLLECTION\",\"isPartOf\":{\"@id\":\"https:\\\/\\\/www.venisecollection.com\\\/de#website\"},\"primaryImageOfPage\":{\"@id\":\"https:\\\/\\\/www.venisecollection.com\\\/de\\\/shop\\\/women\\\/stiefel\\\/lares-camoscio-prugna#primaryimage\"},\"image\":{\"@id\":\"https:\\\/\\\/www.venisecollection.com\\\/de\\\/shop\\\/women\\\/stiefel\\\/lares-camoscio-prugna#primaryimage\"},\"thumbnailUrl\":\"https:\\\/\\\/www.venisecollection.com\\\/cdn\\\/image.psd-143.webp\",\"datePublished\":\"2025-11-20T16:10:32+00:00\",\"dateModified\":\"2025-12-26T15:05:47+00:00\",\"breadcrumb\":{\"@id\":\"https:\\\/\\\/www.venisecollection.com\\\/de\\\/shop\\\/women\\\/stiefel\\\/lares-camoscio-prugna#breadcrumb\"},\"inLanguage\":\"de\",\"potentialAction\":[{\"@type\":\"ReadAction\",\"target\":[\"https:\\\/\\\/www.venisecollection.com\\\/de\\\/shop\\\/women\\\/stiefel\\\/lares-camoscio-prugna\"]}]},{\"@type\":\"ImageObject\",\"inLanguage\":\"de\",\"@id\":\"https:\\\/\\\/www.venisecollection.com\\\/de\\\/shop\\\/women\\\/stiefel\\\/lares-camoscio-prugna#primaryimage\",\"url\":\"https:\\\/\\\/www.venisecollection.com\\\/cdn\\\/image.psd-143.webp\",\"contentUrl\":\"https:\\\/\\\/www.venisecollection.com\\\/cdn\\\/image.psd-143.webp\",\"width\":1280,\"height\":1588},{\"@type\":\"BreadcrumbList\",\"@id\":\"https:\\\/\\\/www.venisecollection.com\\\/de\\\/shop\\\/women\\\/stiefel\\\/lares-camoscio-prugna#breadcrumb\",\"itemListElement\":[{\"@type\":\"ListItem\",\"position\":1,\"name\":\"Home\",\"item\":\"https:\\\/\\\/www.venisecollection.com\\\/de\\\/shop\"},{\"@type\":\"ListItem\",\"position\":2,\"name\":\"Startseite\",\"item\":\"https:\\\/\\\/www.venisecollection.com\\\/de\\\/shop\"},{\"@type\":\"ListItem\",\"position\":3,\"name\":\"LARES CAMOSCIO PRUGNA\"}]},{\"@type\":\"WebSite\",\"@id\":\"https:\\\/\\\/www.venisecollection.com\\\/de#website\",\"url\":\"https:\\\/\\\/www.venisecollection.com\\\/de\",\"name\":\"VENISE COLLECTION\",\"description\":\"\",\"publisher\":{\"@id\":\"https:\\\/\\\/www.venisecollection.com\\\/de#organization\"},\"potentialAction\":[{\"@type\":\"SearchAction\",\"target\":{\"@type\":\"EntryPoint\",\"urlTemplate\":\"https:\\\/\\\/www.venisecollection.com\\\/de?s={search_term_string}\"},\"query-input\":{\"@type\":\"PropertyValueSpecification\",\"valueRequired\":true,\"valueName\":\"search_term_string\"}}],\"inLanguage\":\"de\"},{\"@type\":\"Organization\",\"@id\":\"https:\\\/\\\/www.venisecollection.com\\\/de#organization\",\"name\":\"VENISE COLLECTION\",\"url\":\"https:\\\/\\\/www.venisecollection.com\\\/de\",\"logo\":{\"@type\":\"ImageObject\",\"inLanguage\":\"de\",\"@id\":\"https:\\\/\\\/www.venisecollection.com\\\/de#\\\/schema\\\/logo\\\/image\\\/\",\"url\":\"https:\\\/\\\/www.venisecollection.com\\\/cdn\\\/seo.png\",\"contentUrl\":\"https:\\\/\\\/www.venisecollection.com\\\/cdn\\\/seo.png\",\"width\":1080,\"height\":1080,\"caption\":\"VENISE COLLECTION\"},\"image\":{\"@id\":\"https:\\\/\\\/www.venisecollection.com\\\/de#\\\/schema\\\/logo\\\/image\\\/\"},\"sameAs\":[\"https:\\\/\\\/www.instagram.com\\\/venisecollection\\\/\",\"https:\\\/\\\/fr.pinterest.com\\\/venisecollection\\\/\"]}]}<\/script>\n<!-- \/ Yoast SEO plugin. -->","yoast_head_json":{"title":"LARES CAMOSCIO PRUGNA - VENISE COLLECTION","robots":{"index":"index","follow":"follow","max-snippet":"max-snippet:-1","max-image-preview":"max-image-preview:large","max-video-preview":"max-video-preview:-1"},"canonical":"https:\/\/www.venisecollection.com\/de\/shop\/women\/stiefel\/lares-camoscio-prugna","og_locale":"de_DE","og_type":"article","og_title":"LARES CAMOSCIO PRUGNA - VENISE COLLECTION","og_description":"Die VENISE LARES CAMOSCIO PRUGNA Damenstiefel sind aus weichem pflaumenfarbenem Wildleder gefertigt und verf\u00fcgen \u00fcber ein schwarzes Ripsband-Fransendetail, was ihnen einen einzigartigen und stilvollen Touch verleiht. Der 6 cm hohe Absatz sorgt f\u00fcr eine dezente Erh\u00f6hung, wobei der ganzt\u00e4gige Komfort erhalten bleibt, was diese Stiefel ideal f\u00fcr den Alltag und f\u00fcr elegantere Anl\u00e4sse macht. Eine &hellip;","og_url":"https:\/\/www.venisecollection.com\/de\/shop\/women\/stiefel\/lares-camoscio-prugna","og_site_name":"VENISE COLLECTION","article_modified_time":"2025-12-26T15:05:47+00:00","og_image":[{"width":1280,"height":1588,"url":"https:\/\/www.venisecollection.com\/cdn\/image.psd-143.webp","type":"image\/webp"}],"twitter_card":"summary_large_image","schema":{"@context":"https:\/\/schema.org","@graph":[{"@type":"WebPage","@id":"https:\/\/www.venisecollection.com\/de\/shop\/women\/stiefel\/lares-camoscio-prugna","url":"https:\/\/www.venisecollection.com\/de\/shop\/women\/stiefel\/lares-camoscio-prugna","name":"LARES CAMOSCIO PRUGNA - VENISE COLLECTION","isPartOf":{"@id":"https:\/\/www.venisecollection.com\/de#website"},"primaryImageOfPage":{"@id":"https:\/\/www.venisecollection.com\/de\/shop\/women\/stiefel\/lares-camoscio-prugna#primaryimage"},"image":{"@id":"https:\/\/www.venisecollection.com\/de\/shop\/women\/stiefel\/lares-camoscio-prugna#primaryimage"},"thumbnailUrl":"https:\/\/www.venisecollection.com\/cdn\/image.psd-143.webp","datePublished":"2025-11-20T16:10:32+00:00","dateModified":"2025-12-26T15:05:47+00:00","breadcrumb":{"@id":"https:\/\/www.venisecollection.com\/de\/shop\/women\/stiefel\/lares-camoscio-prugna#breadcrumb"},"inLanguage":"de","potentialAction":[{"@type":"ReadAction","target":["https:\/\/www.venisecollection.com\/de\/shop\/women\/stiefel\/lares-camoscio-prugna"]}]},{"@type":"ImageObject","inLanguage":"de","@id":"https:\/\/www.venisecollection.com\/de\/shop\/women\/stiefel\/lares-camoscio-prugna#primaryimage","url":"https:\/\/www.venisecollection.com\/cdn\/image.psd-143.webp","contentUrl":"https:\/\/www.venisecollection.com\/cdn\/image.psd-143.webp","width":1280,"height":1588},{"@type":"BreadcrumbList","@id":"https:\/\/www.venisecollection.com\/de\/shop\/women\/stiefel\/lares-camoscio-prugna#breadcrumb","itemListElement":[{"@type":"ListItem","position":1,"name":"Home","item":"https:\/\/www.venisecollection.com\/de\/shop"},{"@type":"ListItem","position":2,"name":"Startseite","item":"https:\/\/www.venisecollection.com\/de\/shop"},{"@type":"ListItem","position":3,"name":"LARES CAMOSCIO PRUGNA"}]},{"@type":"WebSite","@id":"https:\/\/www.venisecollection.com\/de#website","url":"https:\/\/www.venisecollection.com\/de","name":"VENISE COLLECTION","description":"","publisher":{"@id":"https:\/\/www.venisecollection.com\/de#organization"},"potentialAction":[{"@type":"SearchAction","target":{"@type":"EntryPoint","urlTemplate":"https:\/\/www.venisecollection.com\/de?s={search_term_string}"},"query-input":{"@type":"PropertyValueSpecification","valueRequired":true,"valueName":"search_term_string"}}],"inLanguage":"de"},{"@type":"Organization","@id":"https:\/\/www.venisecollection.com\/de#organization","name":"VENISE COLLECTION","url":"https:\/\/www.venisecollection.com\/de","logo":{"@type":"ImageObject","inLanguage":"de","@id":"https:\/\/www.venisecollection.com\/de#\/schema\/logo\/image\/","url":"https:\/\/www.venisecollection.com\/cdn\/seo.png","contentUrl":"https:\/\/www.venisecollection.com\/cdn\/seo.png","width":1080,"height":1080,"caption":"VENISE COLLECTION"},"image":{"@id":"https:\/\/www.venisecollection.com\/de#\/schema\/logo\/image\/"},"sameAs":["https:\/\/www.instagram.com\/venisecollection\/","https:\/\/fr.pinterest.com\/venisecollection\/"]}]}},"_links":{"self":[{"href":"https:\/\/www.venisecollection.com\/de\/wp-json\/wp\/v2\/product\/7834","targetHints":{"allow":["GET"]}}],"collection":[{"href":"https:\/\/www.venisecollection.com\/de\/wp-json\/wp\/v2\/product"}],"about":[{"href":"https:\/\/www.venisecollection.com\/de\/wp-json\/wp\/v2\/types\/product"}],"wp:featuredmedia":[{"embeddable":true,"href":"https:\/\/www.venisecollection.com\/de\/wp-json\/wp\/v2\/media\/7841"}],"wp:attachment":[{"href":"https:\/\/www.venisecollection.com\/de\/wp-json\/wp\/v2\/media?parent=7834"}],"wp:term":[{"taxonomy":"product_brand","embeddable":true,"href":"https:\/\/www.venisecollection.com\/de\/wp-json\/wp\/v2\/product_brand?post=7834"},{"taxonomy":"product_cat","embeddable":true,"href":"https:\/\/www.venisecollection.com\/de\/wp-json\/wp\/v2\/product_cat?post=7834"},{"taxonomy":"product_tag","embeddable":true,"href":"https:\/\/www.venisecollection.com\/de\/wp-json\/wp\/v2\/product_tag?post=7834"}],"curies":[{"name":"wp","href":"https:\/\/api.w.org\/{rel}","templated":true}]}}