{"id":7854,"date":"2025-11-20T15:59:16","date_gmt":"2025-11-20T15:59:16","guid":{"rendered":"https:\/\/www.venisecollection.com\/shop\/women\/unkategorisiert\/sander-moc\/"},"modified":"2026-04-30T00:45:58","modified_gmt":"2026-04-30T00:45:58","slug":"sander-moc","status":"publish","type":"product","link":"https:\/\/www.venisecollection.com\/de\/shop\/women\/loafers-and-derbies\/sander-moc","title":{"rendered":"SANDER MOC"},"content":{"rendered":"<p style=\"text-align: justify;\" data-start=\"192\" data-end=\"661\">Die SANDER MOC Schn\u00fcrschuhe vereinen feminine Eleganz mit allt\u00e4glicher Funktionalit\u00e4t. Gefertigt aus hochwertigem sandfarbenem Leder mit feinen Mokassin-Nahtdetails, bieten sie eine runde Zehenpartie, einen niedrigen Absatz und eine strapazierf\u00e4hige Sohle f\u00fcr dauerhaften Komfort. <\/p>\n<p style=\"text-align: justify;\" data-start=\"192\" data-end=\"661\">Das weiche Lederfutter sorgt f\u00fcr Atmungsaktivit\u00e4t und sanfte W\u00e4rme, wodurch sie sich ideal f\u00fcr zwanglose Ausfl\u00fcge und elegante Looks eignen. Eine zeitlose Wahl f\u00fcr Frauen, die anspruchsvolle und vielseitige Lederschn\u00fcrschuhe mit einer modernen Note suchen. <\/p>\n","protected":false},"excerpt":{"rendered":"<p>Die SANDER MOC Schn\u00fcrschuhe vereinen feminine Eleganz mit allt\u00e4glicher Funktionalit\u00e4t. Gefertigt aus hochwertigem sandfarbenem Leder mit feinen Mokassin-Nahtdetails, bieten sie eine runde Zehenpartie, einen niedrigen Absatz und eine strapazierf\u00e4hige Sohle f\u00fcr dauerhaften Komfort. Das weiche Lederfutter sorgt f\u00fcr Atmungsaktivit\u00e4t und sanfte W\u00e4rme, wodurch sie sich ideal f\u00fcr zwanglose Ausfl\u00fcge und elegante Looks eignen. Eine zeitlose &hellip;<\/p>\n","protected":false},"featured_media":7855,"template":"","meta":[],"product_brand":[69],"product_cat":[72],"product_tag":[],"class_list":{"0":"post-7854","1":"product","2":"type-product","3":"status-publish","4":"has-post-thumbnail","6":"product_brand-venise-collection","7":"product_cat-loafers-and-derbies","9":"first","10":"instock","11":"shipping-taxable","12":"purchasable","13":"product-type-variable","14":"has-default-attributes"},"yoast_head":"<!-- This site is optimized with the Yoast SEO plugin v27.5 - https:\/\/yoast.com\/product\/yoast-seo-wordpress\/ -->\n<title>SANDER MOC - VENISE COLLECTION<\/title>\n<meta name=\"robots\" content=\"index, follow, max-snippet:-1, max-image-preview:large, max-video-preview:-1\" \/>\n<link rel=\"canonical\" href=\"https:\/\/www.venisecollection.com\/de\/shop\/women\/loafers-and-derbies\/sander-moc\" \/>\n<meta property=\"og:locale\" content=\"de_DE\" \/>\n<meta property=\"og:type\" content=\"article\" \/>\n<meta property=\"og:title\" content=\"SANDER MOC - VENISE COLLECTION\" \/>\n<meta property=\"og:description\" content=\"Die SANDER MOC Schn\u00fcrschuhe vereinen feminine Eleganz mit allt\u00e4glicher Funktionalit\u00e4t. Gefertigt aus hochwertigem sandfarbenem Leder mit feinen Mokassin-Nahtdetails, bieten sie eine runde Zehenpartie, einen niedrigen Absatz und eine strapazierf\u00e4hige Sohle f\u00fcr dauerhaften Komfort. Das weiche Lederfutter sorgt f\u00fcr Atmungsaktivit\u00e4t und sanfte W\u00e4rme, wodurch sie sich ideal f\u00fcr zwanglose Ausfl\u00fcge und elegante Looks eignen. Eine zeitlose &hellip;\" \/>\n<meta property=\"og:url\" content=\"https:\/\/www.venisecollection.com\/de\/shop\/women\/loafers-and-derbies\/sander-moc\" \/>\n<meta property=\"og:site_name\" content=\"VENISE COLLECTION\" \/>\n<meta property=\"article:modified_time\" content=\"2026-04-30T00:45:58+00:00\" \/>\n<meta property=\"og:image\" content=\"https:\/\/www.venisecollection.com\/cdn\/image-24-1-17.webp\" \/>\n\t<meta property=\"og:image:width\" content=\"1280\" \/>\n\t<meta property=\"og:image:height\" content=\"1588\" \/>\n\t<meta property=\"og:image:type\" content=\"image\/webp\" \/>\n<meta name=\"twitter:card\" content=\"summary_large_image\" \/>\n<script type=\"application\/ld+json\" class=\"yoast-schema-graph\">{\"@context\":\"https:\\\/\\\/schema.org\",\"@graph\":[{\"@type\":\"WebPage\",\"@id\":\"https:\\\/\\\/www.venisecollection.com\\\/de\\\/shop\\\/women\\\/loafers-and-derbies\\\/sander-moc\",\"url\":\"https:\\\/\\\/www.venisecollection.com\\\/de\\\/shop\\\/women\\\/loafers-and-derbies\\\/sander-moc\",\"name\":\"SANDER MOC - VENISE COLLECTION\",\"isPartOf\":{\"@id\":\"https:\\\/\\\/www.venisecollection.com\\\/de#website\"},\"primaryImageOfPage\":{\"@id\":\"https:\\\/\\\/www.venisecollection.com\\\/de\\\/shop\\\/women\\\/loafers-and-derbies\\\/sander-moc#primaryimage\"},\"image\":{\"@id\":\"https:\\\/\\\/www.venisecollection.com\\\/de\\\/shop\\\/women\\\/loafers-and-derbies\\\/sander-moc#primaryimage\"},\"thumbnailUrl\":\"https:\\\/\\\/www.venisecollection.com\\\/cdn\\\/image-24-1-17.webp\",\"datePublished\":\"2025-11-20T15:59:16+00:00\",\"dateModified\":\"2026-04-30T00:45:58+00:00\",\"breadcrumb\":{\"@id\":\"https:\\\/\\\/www.venisecollection.com\\\/de\\\/shop\\\/women\\\/loafers-and-derbies\\\/sander-moc#breadcrumb\"},\"inLanguage\":\"de\",\"potentialAction\":[{\"@type\":\"ReadAction\",\"target\":[\"https:\\\/\\\/www.venisecollection.com\\\/de\\\/shop\\\/women\\\/loafers-and-derbies\\\/sander-moc\"]}]},{\"@type\":\"ImageObject\",\"inLanguage\":\"de\",\"@id\":\"https:\\\/\\\/www.venisecollection.com\\\/de\\\/shop\\\/women\\\/loafers-and-derbies\\\/sander-moc#primaryimage\",\"url\":\"https:\\\/\\\/www.venisecollection.com\\\/cdn\\\/image-24-1-17.webp\",\"contentUrl\":\"https:\\\/\\\/www.venisecollection.com\\\/cdn\\\/image-24-1-17.webp\",\"width\":1280,\"height\":1588},{\"@type\":\"BreadcrumbList\",\"@id\":\"https:\\\/\\\/www.venisecollection.com\\\/de\\\/shop\\\/women\\\/loafers-and-derbies\\\/sander-moc#breadcrumb\",\"itemListElement\":[{\"@type\":\"ListItem\",\"position\":1,\"name\":\"Home\",\"item\":\"https:\\\/\\\/www.venisecollection.com\\\/de\\\/shop\"},{\"@type\":\"ListItem\",\"position\":2,\"name\":\"Startseite\",\"item\":\"https:\\\/\\\/www.venisecollection.com\\\/de\\\/shop\"},{\"@type\":\"ListItem\",\"position\":3,\"name\":\"SANDER MOC\"}]},{\"@type\":\"WebSite\",\"@id\":\"https:\\\/\\\/www.venisecollection.com\\\/de#website\",\"url\":\"https:\\\/\\\/www.venisecollection.com\\\/de\",\"name\":\"VENISE COLLECTION\",\"description\":\"\",\"publisher\":{\"@id\":\"https:\\\/\\\/www.venisecollection.com\\\/de#organization\"},\"potentialAction\":[{\"@type\":\"SearchAction\",\"target\":{\"@type\":\"EntryPoint\",\"urlTemplate\":\"https:\\\/\\\/www.venisecollection.com\\\/de?s={search_term_string}\"},\"query-input\":{\"@type\":\"PropertyValueSpecification\",\"valueRequired\":true,\"valueName\":\"search_term_string\"}}],\"inLanguage\":\"de\"},{\"@type\":\"Organization\",\"@id\":\"https:\\\/\\\/www.venisecollection.com\\\/de#organization\",\"name\":\"VENISE COLLECTION\",\"url\":\"https:\\\/\\\/www.venisecollection.com\\\/de\",\"logo\":{\"@type\":\"ImageObject\",\"inLanguage\":\"de\",\"@id\":\"https:\\\/\\\/www.venisecollection.com\\\/de#\\\/schema\\\/logo\\\/image\\\/\",\"url\":\"https:\\\/\\\/www.venisecollection.com\\\/cdn\\\/seo.png\",\"contentUrl\":\"https:\\\/\\\/www.venisecollection.com\\\/cdn\\\/seo.png\",\"width\":1080,\"height\":1080,\"caption\":\"VENISE COLLECTION\"},\"image\":{\"@id\":\"https:\\\/\\\/www.venisecollection.com\\\/de#\\\/schema\\\/logo\\\/image\\\/\"},\"sameAs\":[\"https:\\\/\\\/www.instagram.com\\\/venisecollection\\\/\",\"https:\\\/\\\/fr.pinterest.com\\\/venisecollection\\\/\"]}]}<\/script>\n<!-- \/ Yoast SEO plugin. -->","yoast_head_json":{"title":"SANDER MOC - VENISE COLLECTION","robots":{"index":"index","follow":"follow","max-snippet":"max-snippet:-1","max-image-preview":"max-image-preview:large","max-video-preview":"max-video-preview:-1"},"canonical":"https:\/\/www.venisecollection.com\/de\/shop\/women\/loafers-and-derbies\/sander-moc","og_locale":"de_DE","og_type":"article","og_title":"SANDER MOC - VENISE COLLECTION","og_description":"Die SANDER MOC Schn\u00fcrschuhe vereinen feminine Eleganz mit allt\u00e4glicher Funktionalit\u00e4t. Gefertigt aus hochwertigem sandfarbenem Leder mit feinen Mokassin-Nahtdetails, bieten sie eine runde Zehenpartie, einen niedrigen Absatz und eine strapazierf\u00e4hige Sohle f\u00fcr dauerhaften Komfort. Das weiche Lederfutter sorgt f\u00fcr Atmungsaktivit\u00e4t und sanfte W\u00e4rme, wodurch sie sich ideal f\u00fcr zwanglose Ausfl\u00fcge und elegante Looks eignen. Eine zeitlose &hellip;","og_url":"https:\/\/www.venisecollection.com\/de\/shop\/women\/loafers-and-derbies\/sander-moc","og_site_name":"VENISE COLLECTION","article_modified_time":"2026-04-30T00:45:58+00:00","og_image":[{"width":1280,"height":1588,"url":"https:\/\/www.venisecollection.com\/cdn\/image-24-1-17.webp","type":"image\/webp"}],"twitter_card":"summary_large_image","schema":{"@context":"https:\/\/schema.org","@graph":[{"@type":"WebPage","@id":"https:\/\/www.venisecollection.com\/de\/shop\/women\/loafers-and-derbies\/sander-moc","url":"https:\/\/www.venisecollection.com\/de\/shop\/women\/loafers-and-derbies\/sander-moc","name":"SANDER MOC - VENISE COLLECTION","isPartOf":{"@id":"https:\/\/www.venisecollection.com\/de#website"},"primaryImageOfPage":{"@id":"https:\/\/www.venisecollection.com\/de\/shop\/women\/loafers-and-derbies\/sander-moc#primaryimage"},"image":{"@id":"https:\/\/www.venisecollection.com\/de\/shop\/women\/loafers-and-derbies\/sander-moc#primaryimage"},"thumbnailUrl":"https:\/\/www.venisecollection.com\/cdn\/image-24-1-17.webp","datePublished":"2025-11-20T15:59:16+00:00","dateModified":"2026-04-30T00:45:58+00:00","breadcrumb":{"@id":"https:\/\/www.venisecollection.com\/de\/shop\/women\/loafers-and-derbies\/sander-moc#breadcrumb"},"inLanguage":"de","potentialAction":[{"@type":"ReadAction","target":["https:\/\/www.venisecollection.com\/de\/shop\/women\/loafers-and-derbies\/sander-moc"]}]},{"@type":"ImageObject","inLanguage":"de","@id":"https:\/\/www.venisecollection.com\/de\/shop\/women\/loafers-and-derbies\/sander-moc#primaryimage","url":"https:\/\/www.venisecollection.com\/cdn\/image-24-1-17.webp","contentUrl":"https:\/\/www.venisecollection.com\/cdn\/image-24-1-17.webp","width":1280,"height":1588},{"@type":"BreadcrumbList","@id":"https:\/\/www.venisecollection.com\/de\/shop\/women\/loafers-and-derbies\/sander-moc#breadcrumb","itemListElement":[{"@type":"ListItem","position":1,"name":"Home","item":"https:\/\/www.venisecollection.com\/de\/shop"},{"@type":"ListItem","position":2,"name":"Startseite","item":"https:\/\/www.venisecollection.com\/de\/shop"},{"@type":"ListItem","position":3,"name":"SANDER MOC"}]},{"@type":"WebSite","@id":"https:\/\/www.venisecollection.com\/de#website","url":"https:\/\/www.venisecollection.com\/de","name":"VENISE COLLECTION","description":"","publisher":{"@id":"https:\/\/www.venisecollection.com\/de#organization"},"potentialAction":[{"@type":"SearchAction","target":{"@type":"EntryPoint","urlTemplate":"https:\/\/www.venisecollection.com\/de?s={search_term_string}"},"query-input":{"@type":"PropertyValueSpecification","valueRequired":true,"valueName":"search_term_string"}}],"inLanguage":"de"},{"@type":"Organization","@id":"https:\/\/www.venisecollection.com\/de#organization","name":"VENISE COLLECTION","url":"https:\/\/www.venisecollection.com\/de","logo":{"@type":"ImageObject","inLanguage":"de","@id":"https:\/\/www.venisecollection.com\/de#\/schema\/logo\/image\/","url":"https:\/\/www.venisecollection.com\/cdn\/seo.png","contentUrl":"https:\/\/www.venisecollection.com\/cdn\/seo.png","width":1080,"height":1080,"caption":"VENISE COLLECTION"},"image":{"@id":"https:\/\/www.venisecollection.com\/de#\/schema\/logo\/image\/"},"sameAs":["https:\/\/www.instagram.com\/venisecollection\/","https:\/\/fr.pinterest.com\/venisecollection\/"]}]}},"_links":{"self":[{"href":"https:\/\/www.venisecollection.com\/de\/wp-json\/wp\/v2\/product\/7854","targetHints":{"allow":["GET"]}}],"collection":[{"href":"https:\/\/www.venisecollection.com\/de\/wp-json\/wp\/v2\/product"}],"about":[{"href":"https:\/\/www.venisecollection.com\/de\/wp-json\/wp\/v2\/types\/product"}],"wp:featuredmedia":[{"embeddable":true,"href":"https:\/\/www.venisecollection.com\/de\/wp-json\/wp\/v2\/media\/7855"}],"wp:attachment":[{"href":"https:\/\/www.venisecollection.com\/de\/wp-json\/wp\/v2\/media?parent=7854"}],"wp:term":[{"taxonomy":"product_brand","embeddable":true,"href":"https:\/\/www.venisecollection.com\/de\/wp-json\/wp\/v2\/product_brand?post=7854"},{"taxonomy":"product_cat","embeddable":true,"href":"https:\/\/www.venisecollection.com\/de\/wp-json\/wp\/v2\/product_cat?post=7854"},{"taxonomy":"product_tag","embeddable":true,"href":"https:\/\/www.venisecollection.com\/de\/wp-json\/wp\/v2\/product_tag?post=7854"}],"curies":[{"name":"wp","href":"https:\/\/api.w.org\/{rel}","templated":true}]}}