{"id":7926,"date":"2025-11-20T15:58:49","date_gmt":"2025-11-20T15:58:49","guid":{"rendered":"https:\/\/www.venisecollection.com\/shop\/women\/unkategorisiert\/aliora-stiefel\/"},"modified":"2026-04-30T00:50:02","modified_gmt":"2026-04-30T00:50:02","slug":"aliora-stiefel","status":"publish","type":"product","link":"https:\/\/www.venisecollection.com\/de\/shop\/women\/boots\/aliora-stiefel","title":{"rendered":"Aliora Stiefel"},"content":{"rendered":"<p style=\"text-align: justify;\" data-start=\"1136\" data-end=\"1506\">Die \u201eAliora\u201c-Stiefel von Tory Burch vereinen raffinierte Handwerkskunst mit einem modernen Touch. Gefertigt aus hochwertigem Leder und strukturiertem Tweed, verf\u00fcgen diese Stiefel \u00fcber einen warmen Lammfellkragen, eine robuste Profilsohle und ein vielseitiges Schn\u00fcrdesign. Perfekt sowohl f\u00fcr urbane Looks als auch f\u00fcr Outdoor-inspirierten Chic, werten sie jedes Outfit auf, von ma\u00dfgeschneiderten Hosen bis hin zu knielangen R\u00f6cken.  <\/p>\n","protected":false},"excerpt":{"rendered":"<p>Die \u201eAliora\u201c-Stiefel von Tory Burch vereinen raffinierte Handwerkskunst mit einem modernen Touch. Gefertigt aus hochwertigem Leder und strukturiertem Tweed, verf\u00fcgen diese Stiefel \u00fcber einen warmen Lammfellkragen, eine robuste Profilsohle und ein vielseitiges Schn\u00fcrdesign. Perfekt sowohl f\u00fcr urbane Looks als auch f\u00fcr Outdoor-inspirierten Chic, werten sie jedes Outfit auf, von ma\u00dfgeschneiderten Hosen bis hin zu knielangen &hellip;<\/p>\n","protected":false},"featured_media":7931,"template":"","meta":[],"product_brand":[69],"product_cat":[63],"product_tag":[],"class_list":{"0":"post-7926","1":"product","2":"type-product","3":"status-publish","4":"has-post-thumbnail","6":"product_brand-venise-collection","7":"product_cat-boots","9":"first","10":"instock","11":"shipping-taxable","12":"purchasable","13":"product-type-variable","14":"has-default-attributes"},"yoast_head":"<!-- This site is optimized with the Yoast SEO plugin v27.5 - https:\/\/yoast.com\/product\/yoast-seo-wordpress\/ -->\n<title>Aliora Stiefel - VENISE COLLECTION<\/title>\n<meta name=\"robots\" content=\"index, follow, max-snippet:-1, max-image-preview:large, max-video-preview:-1\" \/>\n<link rel=\"canonical\" href=\"https:\/\/www.venisecollection.com\/de\/shop\/women\/boots\/aliora-stiefel\" \/>\n<meta property=\"og:locale\" content=\"de_DE\" \/>\n<meta property=\"og:type\" content=\"article\" \/>\n<meta property=\"og:title\" content=\"Aliora Stiefel - VENISE COLLECTION\" \/>\n<meta property=\"og:description\" content=\"Die \u201eAliora\u201c-Stiefel von Tory Burch vereinen raffinierte Handwerkskunst mit einem modernen Touch. Gefertigt aus hochwertigem Leder und strukturiertem Tweed, verf\u00fcgen diese Stiefel \u00fcber einen warmen Lammfellkragen, eine robuste Profilsohle und ein vielseitiges Schn\u00fcrdesign. Perfekt sowohl f\u00fcr urbane Looks als auch f\u00fcr Outdoor-inspirierten Chic, werten sie jedes Outfit auf, von ma\u00dfgeschneiderten Hosen bis hin zu knielangen &hellip;\" \/>\n<meta property=\"og:url\" content=\"https:\/\/www.venisecollection.com\/de\/shop\/women\/boots\/aliora-stiefel\" \/>\n<meta property=\"og:site_name\" content=\"VENISE COLLECTION\" \/>\n<meta property=\"article:modified_time\" content=\"2026-04-30T00:50:02+00:00\" \/>\n<meta property=\"og:image\" content=\"https:\/\/www.venisecollection.com\/cdn\/image-24-1-13.webp\" \/>\n\t<meta property=\"og:image:width\" content=\"1280\" \/>\n\t<meta property=\"og:image:height\" content=\"1588\" \/>\n\t<meta property=\"og:image:type\" content=\"image\/webp\" \/>\n<meta name=\"twitter:card\" content=\"summary_large_image\" \/>\n<script type=\"application\/ld+json\" class=\"yoast-schema-graph\">{\"@context\":\"https:\\\/\\\/schema.org\",\"@graph\":[{\"@type\":\"WebPage\",\"@id\":\"https:\\\/\\\/www.venisecollection.com\\\/de\\\/shop\\\/women\\\/boots\\\/aliora-stiefel\",\"url\":\"https:\\\/\\\/www.venisecollection.com\\\/de\\\/shop\\\/women\\\/boots\\\/aliora-stiefel\",\"name\":\"Aliora Stiefel - VENISE COLLECTION\",\"isPartOf\":{\"@id\":\"https:\\\/\\\/www.venisecollection.com\\\/de#website\"},\"primaryImageOfPage\":{\"@id\":\"https:\\\/\\\/www.venisecollection.com\\\/de\\\/shop\\\/women\\\/boots\\\/aliora-stiefel#primaryimage\"},\"image\":{\"@id\":\"https:\\\/\\\/www.venisecollection.com\\\/de\\\/shop\\\/women\\\/boots\\\/aliora-stiefel#primaryimage\"},\"thumbnailUrl\":\"https:\\\/\\\/www.venisecollection.com\\\/cdn\\\/image-24-1-13.webp\",\"datePublished\":\"2025-11-20T15:58:49+00:00\",\"dateModified\":\"2026-04-30T00:50:02+00:00\",\"breadcrumb\":{\"@id\":\"https:\\\/\\\/www.venisecollection.com\\\/de\\\/shop\\\/women\\\/boots\\\/aliora-stiefel#breadcrumb\"},\"inLanguage\":\"de\",\"potentialAction\":[{\"@type\":\"ReadAction\",\"target\":[\"https:\\\/\\\/www.venisecollection.com\\\/de\\\/shop\\\/women\\\/boots\\\/aliora-stiefel\"]}]},{\"@type\":\"ImageObject\",\"inLanguage\":\"de\",\"@id\":\"https:\\\/\\\/www.venisecollection.com\\\/de\\\/shop\\\/women\\\/boots\\\/aliora-stiefel#primaryimage\",\"url\":\"https:\\\/\\\/www.venisecollection.com\\\/cdn\\\/image-24-1-13.webp\",\"contentUrl\":\"https:\\\/\\\/www.venisecollection.com\\\/cdn\\\/image-24-1-13.webp\",\"width\":1280,\"height\":1588},{\"@type\":\"BreadcrumbList\",\"@id\":\"https:\\\/\\\/www.venisecollection.com\\\/de\\\/shop\\\/women\\\/boots\\\/aliora-stiefel#breadcrumb\",\"itemListElement\":[{\"@type\":\"ListItem\",\"position\":1,\"name\":\"Home\",\"item\":\"https:\\\/\\\/www.venisecollection.com\\\/de\\\/shop\"},{\"@type\":\"ListItem\",\"position\":2,\"name\":\"Startseite\",\"item\":\"https:\\\/\\\/www.venisecollection.com\\\/de\\\/shop\"},{\"@type\":\"ListItem\",\"position\":3,\"name\":\"Aliora Stiefel\"}]},{\"@type\":\"WebSite\",\"@id\":\"https:\\\/\\\/www.venisecollection.com\\\/de#website\",\"url\":\"https:\\\/\\\/www.venisecollection.com\\\/de\",\"name\":\"VENISE COLLECTION\",\"description\":\"\",\"publisher\":{\"@id\":\"https:\\\/\\\/www.venisecollection.com\\\/de#organization\"},\"potentialAction\":[{\"@type\":\"SearchAction\",\"target\":{\"@type\":\"EntryPoint\",\"urlTemplate\":\"https:\\\/\\\/www.venisecollection.com\\\/de?s={search_term_string}\"},\"query-input\":{\"@type\":\"PropertyValueSpecification\",\"valueRequired\":true,\"valueName\":\"search_term_string\"}}],\"inLanguage\":\"de\"},{\"@type\":\"Organization\",\"@id\":\"https:\\\/\\\/www.venisecollection.com\\\/de#organization\",\"name\":\"VENISE COLLECTION\",\"url\":\"https:\\\/\\\/www.venisecollection.com\\\/de\",\"logo\":{\"@type\":\"ImageObject\",\"inLanguage\":\"de\",\"@id\":\"https:\\\/\\\/www.venisecollection.com\\\/de#\\\/schema\\\/logo\\\/image\\\/\",\"url\":\"https:\\\/\\\/www.venisecollection.com\\\/cdn\\\/seo.png\",\"contentUrl\":\"https:\\\/\\\/www.venisecollection.com\\\/cdn\\\/seo.png\",\"width\":1080,\"height\":1080,\"caption\":\"VENISE COLLECTION\"},\"image\":{\"@id\":\"https:\\\/\\\/www.venisecollection.com\\\/de#\\\/schema\\\/logo\\\/image\\\/\"},\"sameAs\":[\"https:\\\/\\\/www.instagram.com\\\/venisecollection\\\/\",\"https:\\\/\\\/fr.pinterest.com\\\/venisecollection\\\/\"]}]}<\/script>\n<!-- \/ Yoast SEO plugin. -->","yoast_head_json":{"title":"Aliora Stiefel - VENISE COLLECTION","robots":{"index":"index","follow":"follow","max-snippet":"max-snippet:-1","max-image-preview":"max-image-preview:large","max-video-preview":"max-video-preview:-1"},"canonical":"https:\/\/www.venisecollection.com\/de\/shop\/women\/boots\/aliora-stiefel","og_locale":"de_DE","og_type":"article","og_title":"Aliora Stiefel - VENISE COLLECTION","og_description":"Die \u201eAliora\u201c-Stiefel von Tory Burch vereinen raffinierte Handwerkskunst mit einem modernen Touch. Gefertigt aus hochwertigem Leder und strukturiertem Tweed, verf\u00fcgen diese Stiefel \u00fcber einen warmen Lammfellkragen, eine robuste Profilsohle und ein vielseitiges Schn\u00fcrdesign. Perfekt sowohl f\u00fcr urbane Looks als auch f\u00fcr Outdoor-inspirierten Chic, werten sie jedes Outfit auf, von ma\u00dfgeschneiderten Hosen bis hin zu knielangen &hellip;","og_url":"https:\/\/www.venisecollection.com\/de\/shop\/women\/boots\/aliora-stiefel","og_site_name":"VENISE COLLECTION","article_modified_time":"2026-04-30T00:50:02+00:00","og_image":[{"width":1280,"height":1588,"url":"https:\/\/www.venisecollection.com\/cdn\/image-24-1-13.webp","type":"image\/webp"}],"twitter_card":"summary_large_image","schema":{"@context":"https:\/\/schema.org","@graph":[{"@type":"WebPage","@id":"https:\/\/www.venisecollection.com\/de\/shop\/women\/boots\/aliora-stiefel","url":"https:\/\/www.venisecollection.com\/de\/shop\/women\/boots\/aliora-stiefel","name":"Aliora Stiefel - VENISE COLLECTION","isPartOf":{"@id":"https:\/\/www.venisecollection.com\/de#website"},"primaryImageOfPage":{"@id":"https:\/\/www.venisecollection.com\/de\/shop\/women\/boots\/aliora-stiefel#primaryimage"},"image":{"@id":"https:\/\/www.venisecollection.com\/de\/shop\/women\/boots\/aliora-stiefel#primaryimage"},"thumbnailUrl":"https:\/\/www.venisecollection.com\/cdn\/image-24-1-13.webp","datePublished":"2025-11-20T15:58:49+00:00","dateModified":"2026-04-30T00:50:02+00:00","breadcrumb":{"@id":"https:\/\/www.venisecollection.com\/de\/shop\/women\/boots\/aliora-stiefel#breadcrumb"},"inLanguage":"de","potentialAction":[{"@type":"ReadAction","target":["https:\/\/www.venisecollection.com\/de\/shop\/women\/boots\/aliora-stiefel"]}]},{"@type":"ImageObject","inLanguage":"de","@id":"https:\/\/www.venisecollection.com\/de\/shop\/women\/boots\/aliora-stiefel#primaryimage","url":"https:\/\/www.venisecollection.com\/cdn\/image-24-1-13.webp","contentUrl":"https:\/\/www.venisecollection.com\/cdn\/image-24-1-13.webp","width":1280,"height":1588},{"@type":"BreadcrumbList","@id":"https:\/\/www.venisecollection.com\/de\/shop\/women\/boots\/aliora-stiefel#breadcrumb","itemListElement":[{"@type":"ListItem","position":1,"name":"Home","item":"https:\/\/www.venisecollection.com\/de\/shop"},{"@type":"ListItem","position":2,"name":"Startseite","item":"https:\/\/www.venisecollection.com\/de\/shop"},{"@type":"ListItem","position":3,"name":"Aliora Stiefel"}]},{"@type":"WebSite","@id":"https:\/\/www.venisecollection.com\/de#website","url":"https:\/\/www.venisecollection.com\/de","name":"VENISE COLLECTION","description":"","publisher":{"@id":"https:\/\/www.venisecollection.com\/de#organization"},"potentialAction":[{"@type":"SearchAction","target":{"@type":"EntryPoint","urlTemplate":"https:\/\/www.venisecollection.com\/de?s={search_term_string}"},"query-input":{"@type":"PropertyValueSpecification","valueRequired":true,"valueName":"search_term_string"}}],"inLanguage":"de"},{"@type":"Organization","@id":"https:\/\/www.venisecollection.com\/de#organization","name":"VENISE COLLECTION","url":"https:\/\/www.venisecollection.com\/de","logo":{"@type":"ImageObject","inLanguage":"de","@id":"https:\/\/www.venisecollection.com\/de#\/schema\/logo\/image\/","url":"https:\/\/www.venisecollection.com\/cdn\/seo.png","contentUrl":"https:\/\/www.venisecollection.com\/cdn\/seo.png","width":1080,"height":1080,"caption":"VENISE COLLECTION"},"image":{"@id":"https:\/\/www.venisecollection.com\/de#\/schema\/logo\/image\/"},"sameAs":["https:\/\/www.instagram.com\/venisecollection\/","https:\/\/fr.pinterest.com\/venisecollection\/"]}]}},"_links":{"self":[{"href":"https:\/\/www.venisecollection.com\/de\/wp-json\/wp\/v2\/product\/7926","targetHints":{"allow":["GET"]}}],"collection":[{"href":"https:\/\/www.venisecollection.com\/de\/wp-json\/wp\/v2\/product"}],"about":[{"href":"https:\/\/www.venisecollection.com\/de\/wp-json\/wp\/v2\/types\/product"}],"wp:featuredmedia":[{"embeddable":true,"href":"https:\/\/www.venisecollection.com\/de\/wp-json\/wp\/v2\/media\/7931"}],"wp:attachment":[{"href":"https:\/\/www.venisecollection.com\/de\/wp-json\/wp\/v2\/media?parent=7926"}],"wp:term":[{"taxonomy":"product_brand","embeddable":true,"href":"https:\/\/www.venisecollection.com\/de\/wp-json\/wp\/v2\/product_brand?post=7926"},{"taxonomy":"product_cat","embeddable":true,"href":"https:\/\/www.venisecollection.com\/de\/wp-json\/wp\/v2\/product_cat?post=7926"},{"taxonomy":"product_tag","embeddable":true,"href":"https:\/\/www.venisecollection.com\/de\/wp-json\/wp\/v2\/product_tag?post=7926"}],"curies":[{"name":"wp","href":"https:\/\/api.w.org\/{rel}","templated":true}]}}