{"id":7971,"date":"2025-12-20T15:59:57","date_gmt":"2025-12-20T15:59:57","guid":{"rendered":"https:\/\/www.venisecollection.com\/shop\/women\/unkategorisiert\/veloria\/"},"modified":"2026-04-29T01:39:12","modified_gmt":"2026-04-29T01:39:12","slug":"veloria","status":"publish","type":"product","link":"https:\/\/www.venisecollection.com\/de\/shop\/women\/loafer-und-derbys\/veloria","title":{"rendered":"Veloria"},"content":{"rendered":"<p style=\"text-align: justify;\">Tauchen Sie ein in raffinierte Eleganz mit den Veloria Loafern, einer zeitlosen Mischung aus klassischem Stil und moderner Raffinesse. Gefertigt aus edlem bordeauxrotem Samt, zeichnen sich diese Loafer durch ein charakteristisches Horsebit-Detail, eine runde Zehenpartie und einen bequemen, niedrigen Blockabsatz aus. <\/p>\n<p style=\"text-align: justify;\">Das Lederfutter und die gebrandete Innensohle gew\u00e4hrleisten dauerhaften Komfort und Langlebigkeit, w\u00e4hrend das Slip-on-Design m\u00fchelosen Chic f\u00fcr jeden Anlass bietet. Perfekt f\u00fcr Frauen, die vielseitige Eleganz mit einem luxuri\u00f6sen Touch suchen. <\/p>\n","protected":false},"excerpt":{"rendered":"<p>Tauchen Sie ein in raffinierte Eleganz mit den Veloria Loafern, einer zeitlosen Mischung aus klassischem Stil und moderner Raffinesse. Gefertigt aus edlem bordeauxrotem Samt, zeichnen sich diese Loafer durch ein charakteristisches Horsebit-Detail, eine runde Zehenpartie und einen bequemen, niedrigen Blockabsatz aus. Das Lederfutter und die gebrandete Innensohle gew\u00e4hrleisten dauerhaften Komfort und Langlebigkeit, w\u00e4hrend das Slip-on-Design &hellip;<\/p>\n","protected":false},"featured_media":7975,"template":"","meta":[],"product_brand":[360,357],"product_cat":[125],"product_tag":[],"class_list":{"0":"post-7971","1":"product","2":"type-product","3":"status-publish","4":"has-post-thumbnail","6":"product_brand-roberto-festa","7":"product_brand-venise-collection","8":"product_cat-loafer-und-derbys","10":"first","11":"instock","12":"shipping-taxable","13":"purchasable","14":"product-type-variable","15":"has-default-attributes"},"yoast_head":"<!-- This site is optimized with the Yoast SEO plugin v27.5 - https:\/\/yoast.com\/product\/yoast-seo-wordpress\/ -->\n<title>Veloria - VENISE COLLECTION<\/title>\n<meta name=\"robots\" content=\"index, follow, max-snippet:-1, max-image-preview:large, max-video-preview:-1\" \/>\n<link rel=\"canonical\" href=\"https:\/\/www.venisecollection.com\/de\/shop\/women\/loafer-und-derbys\/veloria\" \/>\n<meta property=\"og:locale\" content=\"de_DE\" \/>\n<meta property=\"og:type\" content=\"article\" \/>\n<meta property=\"og:title\" content=\"Veloria - VENISE COLLECTION\" \/>\n<meta property=\"og:description\" content=\"Tauchen Sie ein in raffinierte Eleganz mit den Veloria Loafern, einer zeitlosen Mischung aus klassischem Stil und moderner Raffinesse. Gefertigt aus edlem bordeauxrotem Samt, zeichnen sich diese Loafer durch ein charakteristisches Horsebit-Detail, eine runde Zehenpartie und einen bequemen, niedrigen Blockabsatz aus. Das Lederfutter und die gebrandete Innensohle gew\u00e4hrleisten dauerhaften Komfort und Langlebigkeit, w\u00e4hrend das Slip-on-Design &hellip;\" \/>\n<meta property=\"og:url\" content=\"https:\/\/www.venisecollection.com\/de\/shop\/women\/loafer-und-derbys\/veloria\" \/>\n<meta property=\"og:site_name\" content=\"VENISE COLLECTION\" \/>\n<meta property=\"article:modified_time\" content=\"2026-04-29T01:39:12+00:00\" \/>\n<meta property=\"og:image\" content=\"https:\/\/www.venisecollection.com\/cdn\/image-24-1-5-2.webp\" \/>\n\t<meta property=\"og:image:width\" content=\"1280\" \/>\n\t<meta property=\"og:image:height\" content=\"1588\" \/>\n\t<meta property=\"og:image:type\" content=\"image\/webp\" \/>\n<meta name=\"twitter:card\" content=\"summary_large_image\" \/>\n<script type=\"application\/ld+json\" class=\"yoast-schema-graph\">{\"@context\":\"https:\\\/\\\/schema.org\",\"@graph\":[{\"@type\":\"WebPage\",\"@id\":\"https:\\\/\\\/www.venisecollection.com\\\/de\\\/shop\\\/women\\\/loafer-und-derbys\\\/veloria\",\"url\":\"https:\\\/\\\/www.venisecollection.com\\\/de\\\/shop\\\/women\\\/loafer-und-derbys\\\/veloria\",\"name\":\"Veloria - VENISE COLLECTION\",\"isPartOf\":{\"@id\":\"https:\\\/\\\/www.venisecollection.com\\\/de#website\"},\"primaryImageOfPage\":{\"@id\":\"https:\\\/\\\/www.venisecollection.com\\\/de\\\/shop\\\/women\\\/loafer-und-derbys\\\/veloria#primaryimage\"},\"image\":{\"@id\":\"https:\\\/\\\/www.venisecollection.com\\\/de\\\/shop\\\/women\\\/loafer-und-derbys\\\/veloria#primaryimage\"},\"thumbnailUrl\":\"https:\\\/\\\/www.venisecollection.com\\\/cdn\\\/image-24-1-5-2.webp\",\"datePublished\":\"2025-12-20T15:59:57+00:00\",\"dateModified\":\"2026-04-29T01:39:12+00:00\",\"breadcrumb\":{\"@id\":\"https:\\\/\\\/www.venisecollection.com\\\/de\\\/shop\\\/women\\\/loafer-und-derbys\\\/veloria#breadcrumb\"},\"inLanguage\":\"de\",\"potentialAction\":[{\"@type\":\"ReadAction\",\"target\":[\"https:\\\/\\\/www.venisecollection.com\\\/de\\\/shop\\\/women\\\/loafer-und-derbys\\\/veloria\"]}]},{\"@type\":\"ImageObject\",\"inLanguage\":\"de\",\"@id\":\"https:\\\/\\\/www.venisecollection.com\\\/de\\\/shop\\\/women\\\/loafer-und-derbys\\\/veloria#primaryimage\",\"url\":\"https:\\\/\\\/www.venisecollection.com\\\/cdn\\\/image-24-1-5-2.webp\",\"contentUrl\":\"https:\\\/\\\/www.venisecollection.com\\\/cdn\\\/image-24-1-5-2.webp\",\"width\":1280,\"height\":1588},{\"@type\":\"BreadcrumbList\",\"@id\":\"https:\\\/\\\/www.venisecollection.com\\\/de\\\/shop\\\/women\\\/loafer-und-derbys\\\/veloria#breadcrumb\",\"itemListElement\":[{\"@type\":\"ListItem\",\"position\":1,\"name\":\"Home\",\"item\":\"https:\\\/\\\/www.venisecollection.com\\\/de\\\/shop\"},{\"@type\":\"ListItem\",\"position\":2,\"name\":\"Startseite\",\"item\":\"https:\\\/\\\/www.venisecollection.com\\\/de\\\/shop\"},{\"@type\":\"ListItem\",\"position\":3,\"name\":\"Veloria\"}]},{\"@type\":\"WebSite\",\"@id\":\"https:\\\/\\\/www.venisecollection.com\\\/de#website\",\"url\":\"https:\\\/\\\/www.venisecollection.com\\\/de\",\"name\":\"VENISE COLLECTION\",\"description\":\"\",\"publisher\":{\"@id\":\"https:\\\/\\\/www.venisecollection.com\\\/de#organization\"},\"potentialAction\":[{\"@type\":\"SearchAction\",\"target\":{\"@type\":\"EntryPoint\",\"urlTemplate\":\"https:\\\/\\\/www.venisecollection.com\\\/de?s={search_term_string}\"},\"query-input\":{\"@type\":\"PropertyValueSpecification\",\"valueRequired\":true,\"valueName\":\"search_term_string\"}}],\"inLanguage\":\"de\"},{\"@type\":\"Organization\",\"@id\":\"https:\\\/\\\/www.venisecollection.com\\\/de#organization\",\"name\":\"VENISE COLLECTION\",\"url\":\"https:\\\/\\\/www.venisecollection.com\\\/de\",\"logo\":{\"@type\":\"ImageObject\",\"inLanguage\":\"de\",\"@id\":\"https:\\\/\\\/www.venisecollection.com\\\/de#\\\/schema\\\/logo\\\/image\\\/\",\"url\":\"https:\\\/\\\/www.venisecollection.com\\\/cdn\\\/seo.png\",\"contentUrl\":\"https:\\\/\\\/www.venisecollection.com\\\/cdn\\\/seo.png\",\"width\":1080,\"height\":1080,\"caption\":\"VENISE COLLECTION\"},\"image\":{\"@id\":\"https:\\\/\\\/www.venisecollection.com\\\/de#\\\/schema\\\/logo\\\/image\\\/\"},\"sameAs\":[\"https:\\\/\\\/www.instagram.com\\\/venisecollection\\\/\",\"https:\\\/\\\/fr.pinterest.com\\\/venisecollection\\\/\"]}]}<\/script>\n<!-- \/ Yoast SEO plugin. -->","yoast_head_json":{"title":"Veloria - VENISE COLLECTION","robots":{"index":"index","follow":"follow","max-snippet":"max-snippet:-1","max-image-preview":"max-image-preview:large","max-video-preview":"max-video-preview:-1"},"canonical":"https:\/\/www.venisecollection.com\/de\/shop\/women\/loafer-und-derbys\/veloria","og_locale":"de_DE","og_type":"article","og_title":"Veloria - VENISE COLLECTION","og_description":"Tauchen Sie ein in raffinierte Eleganz mit den Veloria Loafern, einer zeitlosen Mischung aus klassischem Stil und moderner Raffinesse. Gefertigt aus edlem bordeauxrotem Samt, zeichnen sich diese Loafer durch ein charakteristisches Horsebit-Detail, eine runde Zehenpartie und einen bequemen, niedrigen Blockabsatz aus. Das Lederfutter und die gebrandete Innensohle gew\u00e4hrleisten dauerhaften Komfort und Langlebigkeit, w\u00e4hrend das Slip-on-Design &hellip;","og_url":"https:\/\/www.venisecollection.com\/de\/shop\/women\/loafer-und-derbys\/veloria","og_site_name":"VENISE COLLECTION","article_modified_time":"2026-04-29T01:39:12+00:00","og_image":[{"width":1280,"height":1588,"url":"https:\/\/www.venisecollection.com\/cdn\/image-24-1-5-2.webp","type":"image\/webp"}],"twitter_card":"summary_large_image","schema":{"@context":"https:\/\/schema.org","@graph":[{"@type":"WebPage","@id":"https:\/\/www.venisecollection.com\/de\/shop\/women\/loafer-und-derbys\/veloria","url":"https:\/\/www.venisecollection.com\/de\/shop\/women\/loafer-und-derbys\/veloria","name":"Veloria - VENISE COLLECTION","isPartOf":{"@id":"https:\/\/www.venisecollection.com\/de#website"},"primaryImageOfPage":{"@id":"https:\/\/www.venisecollection.com\/de\/shop\/women\/loafer-und-derbys\/veloria#primaryimage"},"image":{"@id":"https:\/\/www.venisecollection.com\/de\/shop\/women\/loafer-und-derbys\/veloria#primaryimage"},"thumbnailUrl":"https:\/\/www.venisecollection.com\/cdn\/image-24-1-5-2.webp","datePublished":"2025-12-20T15:59:57+00:00","dateModified":"2026-04-29T01:39:12+00:00","breadcrumb":{"@id":"https:\/\/www.venisecollection.com\/de\/shop\/women\/loafer-und-derbys\/veloria#breadcrumb"},"inLanguage":"de","potentialAction":[{"@type":"ReadAction","target":["https:\/\/www.venisecollection.com\/de\/shop\/women\/loafer-und-derbys\/veloria"]}]},{"@type":"ImageObject","inLanguage":"de","@id":"https:\/\/www.venisecollection.com\/de\/shop\/women\/loafer-und-derbys\/veloria#primaryimage","url":"https:\/\/www.venisecollection.com\/cdn\/image-24-1-5-2.webp","contentUrl":"https:\/\/www.venisecollection.com\/cdn\/image-24-1-5-2.webp","width":1280,"height":1588},{"@type":"BreadcrumbList","@id":"https:\/\/www.venisecollection.com\/de\/shop\/women\/loafer-und-derbys\/veloria#breadcrumb","itemListElement":[{"@type":"ListItem","position":1,"name":"Home","item":"https:\/\/www.venisecollection.com\/de\/shop"},{"@type":"ListItem","position":2,"name":"Startseite","item":"https:\/\/www.venisecollection.com\/de\/shop"},{"@type":"ListItem","position":3,"name":"Veloria"}]},{"@type":"WebSite","@id":"https:\/\/www.venisecollection.com\/de#website","url":"https:\/\/www.venisecollection.com\/de","name":"VENISE COLLECTION","description":"","publisher":{"@id":"https:\/\/www.venisecollection.com\/de#organization"},"potentialAction":[{"@type":"SearchAction","target":{"@type":"EntryPoint","urlTemplate":"https:\/\/www.venisecollection.com\/de?s={search_term_string}"},"query-input":{"@type":"PropertyValueSpecification","valueRequired":true,"valueName":"search_term_string"}}],"inLanguage":"de"},{"@type":"Organization","@id":"https:\/\/www.venisecollection.com\/de#organization","name":"VENISE COLLECTION","url":"https:\/\/www.venisecollection.com\/de","logo":{"@type":"ImageObject","inLanguage":"de","@id":"https:\/\/www.venisecollection.com\/de#\/schema\/logo\/image\/","url":"https:\/\/www.venisecollection.com\/cdn\/seo.png","contentUrl":"https:\/\/www.venisecollection.com\/cdn\/seo.png","width":1080,"height":1080,"caption":"VENISE COLLECTION"},"image":{"@id":"https:\/\/www.venisecollection.com\/de#\/schema\/logo\/image\/"},"sameAs":["https:\/\/www.instagram.com\/venisecollection\/","https:\/\/fr.pinterest.com\/venisecollection\/"]}]}},"_links":{"self":[{"href":"https:\/\/www.venisecollection.com\/de\/wp-json\/wp\/v2\/product\/7971","targetHints":{"allow":["GET"]}}],"collection":[{"href":"https:\/\/www.venisecollection.com\/de\/wp-json\/wp\/v2\/product"}],"about":[{"href":"https:\/\/www.venisecollection.com\/de\/wp-json\/wp\/v2\/types\/product"}],"wp:featuredmedia":[{"embeddable":true,"href":"https:\/\/www.venisecollection.com\/de\/wp-json\/wp\/v2\/media\/7975"}],"wp:attachment":[{"href":"https:\/\/www.venisecollection.com\/de\/wp-json\/wp\/v2\/media?parent=7971"}],"wp:term":[{"taxonomy":"product_brand","embeddable":true,"href":"https:\/\/www.venisecollection.com\/de\/wp-json\/wp\/v2\/product_brand?post=7971"},{"taxonomy":"product_cat","embeddable":true,"href":"https:\/\/www.venisecollection.com\/de\/wp-json\/wp\/v2\/product_cat?post=7971"},{"taxonomy":"product_tag","embeddable":true,"href":"https:\/\/www.venisecollection.com\/de\/wp-json\/wp\/v2\/product_tag?post=7971"}],"curies":[{"name":"wp","href":"https:\/\/api.w.org\/{rel}","templated":true}]}}