{"id":7992,"date":"2025-11-20T15:59:52","date_gmt":"2025-11-20T15:59:52","guid":{"rendered":"https:\/\/www.venisecollection.com\/shop\/women\/unkategorisiert\/leopardia\/"},"modified":"2026-04-30T00:50:09","modified_gmt":"2026-04-30T00:50:09","slug":"leopardia","status":"publish","type":"product","link":"https:\/\/www.venisecollection.com\/de\/shop\/women\/loafers-and-derbies\/leopardia","title":{"rendered":"Leopardia"},"content":{"rendered":"<p style=\"text-align: justify;\" data-start=\"1632\" data-end=\"2171\">Die Mokassins Leopardia verbinden klassische Eleganz mit einem k\u00fchnen, modernen Touch. Gefertigt aus hochwertigem Kunstleder, zeichnen sich diese Damen-Loafer durch ein auff\u00e4lliges Leopardenmuster auf der Vorderseite aus, f\u00fcr einen schicken, modischen Akzent. <\/p>\n<p style=\"text-align: justify;\" data-start=\"1632\" data-end=\"2171\">Das Innere ist vollst\u00e4ndig mit glattem Synthetikmaterial gef\u00fcttert, f\u00fcr dauerhaften Komfort, w\u00e4hrend die dicke, rutschfeste Gummilaufsohle Stabilit\u00e4t und Halt auf jeder Oberfl\u00e4che gew\u00e4hrleistet.<br data-start=\"2037\" data-end=\"2040\">Mit ihrer Kombination aus Stil und Komfort sind diese Mokassins perfekt f\u00fcr den Alltag, B\u00fcro-Looks oder l\u00e4ssige Wochenend-Outfits.<\/p>\n<p style=\"text-align: justify;\" data-start=\"2198\" data-end=\"2224\">Stil: Damen-Mokassins \u2013 Obermaterial: 100 % Synthetikmaterial \u2013 Futter &amp; Innensohle: 100 % Synthetikmaterial \u2013 Laufsohle: 100 % Synthetik, rutschfest \u2013 Muster: Leoparden-Frontpanel \u2013 Farbe: Gl\u00e4nzendes Schwarz mit naturfarbenen Details \u2013 Absatzh\u00f6he: Ca. 4 cm <\/p>\n","protected":false},"excerpt":{"rendered":"<p>Die Mokassins Leopardia verbinden klassische Eleganz mit einem k\u00fchnen, modernen Touch. Gefertigt aus hochwertigem Kunstleder, zeichnen sich diese Damen-Loafer durch ein auff\u00e4lliges Leopardenmuster auf der Vorderseite aus, f\u00fcr einen schicken, modischen Akzent. Das Innere ist vollst\u00e4ndig mit glattem Synthetikmaterial gef\u00fcttert, f\u00fcr dauerhaften Komfort, w\u00e4hrend die dicke, rutschfeste Gummilaufsohle Stabilit\u00e4t und Halt auf jeder Oberfl\u00e4che gew\u00e4hrleistet.Mit &hellip;<\/p>\n","protected":false},"featured_media":7994,"template":"","meta":[],"product_brand":[69],"product_cat":[72],"product_tag":[],"class_list":{"0":"post-7992","1":"product","2":"type-product","3":"status-publish","4":"has-post-thumbnail","6":"product_brand-venise-collection","7":"product_cat-loafers-and-derbies","9":"first","10":"instock","11":"shipping-taxable","12":"purchasable","13":"product-type-variable","14":"has-default-attributes"},"yoast_head":"<!-- This site is optimized with the Yoast SEO plugin v27.5 - https:\/\/yoast.com\/product\/yoast-seo-wordpress\/ -->\n<title>Leopardia - VENISE COLLECTION<\/title>\n<meta name=\"robots\" content=\"index, follow, max-snippet:-1, max-image-preview:large, max-video-preview:-1\" \/>\n<link rel=\"canonical\" href=\"https:\/\/www.venisecollection.com\/de\/shop\/women\/loafers-and-derbies\/leopardia\" \/>\n<meta property=\"og:locale\" content=\"de_DE\" \/>\n<meta property=\"og:type\" content=\"article\" \/>\n<meta property=\"og:title\" content=\"Leopardia - VENISE COLLECTION\" \/>\n<meta property=\"og:description\" content=\"Die Mokassins Leopardia verbinden klassische Eleganz mit einem k\u00fchnen, modernen Touch. Gefertigt aus hochwertigem Kunstleder, zeichnen sich diese Damen-Loafer durch ein auff\u00e4lliges Leopardenmuster auf der Vorderseite aus, f\u00fcr einen schicken, modischen Akzent. Das Innere ist vollst\u00e4ndig mit glattem Synthetikmaterial gef\u00fcttert, f\u00fcr dauerhaften Komfort, w\u00e4hrend die dicke, rutschfeste Gummilaufsohle Stabilit\u00e4t und Halt auf jeder Oberfl\u00e4che gew\u00e4hrleistet.Mit &hellip;\" \/>\n<meta property=\"og:url\" content=\"https:\/\/www.venisecollection.com\/de\/shop\/women\/loafers-and-derbies\/leopardia\" \/>\n<meta property=\"og:site_name\" content=\"VENISE COLLECTION\" \/>\n<meta property=\"article:modified_time\" content=\"2026-04-30T00:50:09+00:00\" \/>\n<meta property=\"og:image\" content=\"https:\/\/www.venisecollection.com\/cdn\/image-24-1-10-1.webp\" \/>\n\t<meta property=\"og:image:width\" content=\"1280\" \/>\n\t<meta property=\"og:image:height\" content=\"1588\" \/>\n\t<meta property=\"og:image:type\" content=\"image\/webp\" \/>\n<meta name=\"twitter:card\" content=\"summary_large_image\" \/>\n<meta name=\"twitter:label1\" content=\"Gesch\u00e4tzte Lesezeit\" \/>\n\t<meta name=\"twitter:data1\" content=\"1\u00a0Minute\" \/>\n<script type=\"application\/ld+json\" class=\"yoast-schema-graph\">{\"@context\":\"https:\\\/\\\/schema.org\",\"@graph\":[{\"@type\":\"WebPage\",\"@id\":\"https:\\\/\\\/www.venisecollection.com\\\/de\\\/shop\\\/women\\\/loafers-and-derbies\\\/leopardia\",\"url\":\"https:\\\/\\\/www.venisecollection.com\\\/de\\\/shop\\\/women\\\/loafers-and-derbies\\\/leopardia\",\"name\":\"Leopardia - VENISE COLLECTION\",\"isPartOf\":{\"@id\":\"https:\\\/\\\/www.venisecollection.com\\\/de#website\"},\"primaryImageOfPage\":{\"@id\":\"https:\\\/\\\/www.venisecollection.com\\\/de\\\/shop\\\/women\\\/loafers-and-derbies\\\/leopardia#primaryimage\"},\"image\":{\"@id\":\"https:\\\/\\\/www.venisecollection.com\\\/de\\\/shop\\\/women\\\/loafers-and-derbies\\\/leopardia#primaryimage\"},\"thumbnailUrl\":\"https:\\\/\\\/www.venisecollection.com\\\/cdn\\\/image-24-1-10-1.webp\",\"datePublished\":\"2025-11-20T15:59:52+00:00\",\"dateModified\":\"2026-04-30T00:50:09+00:00\",\"breadcrumb\":{\"@id\":\"https:\\\/\\\/www.venisecollection.com\\\/de\\\/shop\\\/women\\\/loafers-and-derbies\\\/leopardia#breadcrumb\"},\"inLanguage\":\"de\",\"potentialAction\":[{\"@type\":\"ReadAction\",\"target\":[\"https:\\\/\\\/www.venisecollection.com\\\/de\\\/shop\\\/women\\\/loafers-and-derbies\\\/leopardia\"]}]},{\"@type\":\"ImageObject\",\"inLanguage\":\"de\",\"@id\":\"https:\\\/\\\/www.venisecollection.com\\\/de\\\/shop\\\/women\\\/loafers-and-derbies\\\/leopardia#primaryimage\",\"url\":\"https:\\\/\\\/www.venisecollection.com\\\/cdn\\\/image-24-1-10-1.webp\",\"contentUrl\":\"https:\\\/\\\/www.venisecollection.com\\\/cdn\\\/image-24-1-10-1.webp\",\"width\":1280,\"height\":1588},{\"@type\":\"BreadcrumbList\",\"@id\":\"https:\\\/\\\/www.venisecollection.com\\\/de\\\/shop\\\/women\\\/loafers-and-derbies\\\/leopardia#breadcrumb\",\"itemListElement\":[{\"@type\":\"ListItem\",\"position\":1,\"name\":\"Home\",\"item\":\"https:\\\/\\\/www.venisecollection.com\\\/de\\\/shop\"},{\"@type\":\"ListItem\",\"position\":2,\"name\":\"Startseite\",\"item\":\"https:\\\/\\\/www.venisecollection.com\\\/de\\\/shop\"},{\"@type\":\"ListItem\",\"position\":3,\"name\":\"Leopardia\"}]},{\"@type\":\"WebSite\",\"@id\":\"https:\\\/\\\/www.venisecollection.com\\\/de#website\",\"url\":\"https:\\\/\\\/www.venisecollection.com\\\/de\",\"name\":\"VENISE COLLECTION\",\"description\":\"\",\"publisher\":{\"@id\":\"https:\\\/\\\/www.venisecollection.com\\\/de#organization\"},\"potentialAction\":[{\"@type\":\"SearchAction\",\"target\":{\"@type\":\"EntryPoint\",\"urlTemplate\":\"https:\\\/\\\/www.venisecollection.com\\\/de?s={search_term_string}\"},\"query-input\":{\"@type\":\"PropertyValueSpecification\",\"valueRequired\":true,\"valueName\":\"search_term_string\"}}],\"inLanguage\":\"de\"},{\"@type\":\"Organization\",\"@id\":\"https:\\\/\\\/www.venisecollection.com\\\/de#organization\",\"name\":\"VENISE COLLECTION\",\"url\":\"https:\\\/\\\/www.venisecollection.com\\\/de\",\"logo\":{\"@type\":\"ImageObject\",\"inLanguage\":\"de\",\"@id\":\"https:\\\/\\\/www.venisecollection.com\\\/de#\\\/schema\\\/logo\\\/image\\\/\",\"url\":\"https:\\\/\\\/www.venisecollection.com\\\/cdn\\\/seo.png\",\"contentUrl\":\"https:\\\/\\\/www.venisecollection.com\\\/cdn\\\/seo.png\",\"width\":1080,\"height\":1080,\"caption\":\"VENISE COLLECTION\"},\"image\":{\"@id\":\"https:\\\/\\\/www.venisecollection.com\\\/de#\\\/schema\\\/logo\\\/image\\\/\"},\"sameAs\":[\"https:\\\/\\\/www.instagram.com\\\/venisecollection\\\/\",\"https:\\\/\\\/fr.pinterest.com\\\/venisecollection\\\/\"]}]}<\/script>\n<!-- \/ Yoast SEO plugin. -->","yoast_head_json":{"title":"Leopardia - VENISE COLLECTION","robots":{"index":"index","follow":"follow","max-snippet":"max-snippet:-1","max-image-preview":"max-image-preview:large","max-video-preview":"max-video-preview:-1"},"canonical":"https:\/\/www.venisecollection.com\/de\/shop\/women\/loafers-and-derbies\/leopardia","og_locale":"de_DE","og_type":"article","og_title":"Leopardia - VENISE COLLECTION","og_description":"Die Mokassins Leopardia verbinden klassische Eleganz mit einem k\u00fchnen, modernen Touch. Gefertigt aus hochwertigem Kunstleder, zeichnen sich diese Damen-Loafer durch ein auff\u00e4lliges Leopardenmuster auf der Vorderseite aus, f\u00fcr einen schicken, modischen Akzent. Das Innere ist vollst\u00e4ndig mit glattem Synthetikmaterial gef\u00fcttert, f\u00fcr dauerhaften Komfort, w\u00e4hrend die dicke, rutschfeste Gummilaufsohle Stabilit\u00e4t und Halt auf jeder Oberfl\u00e4che gew\u00e4hrleistet.Mit &hellip;","og_url":"https:\/\/www.venisecollection.com\/de\/shop\/women\/loafers-and-derbies\/leopardia","og_site_name":"VENISE COLLECTION","article_modified_time":"2026-04-30T00:50:09+00:00","og_image":[{"width":1280,"height":1588,"url":"https:\/\/www.venisecollection.com\/cdn\/image-24-1-10-1.webp","type":"image\/webp"}],"twitter_card":"summary_large_image","twitter_misc":{"Gesch\u00e4tzte Lesezeit":"1\u00a0Minute"},"schema":{"@context":"https:\/\/schema.org","@graph":[{"@type":"WebPage","@id":"https:\/\/www.venisecollection.com\/de\/shop\/women\/loafers-and-derbies\/leopardia","url":"https:\/\/www.venisecollection.com\/de\/shop\/women\/loafers-and-derbies\/leopardia","name":"Leopardia - VENISE COLLECTION","isPartOf":{"@id":"https:\/\/www.venisecollection.com\/de#website"},"primaryImageOfPage":{"@id":"https:\/\/www.venisecollection.com\/de\/shop\/women\/loafers-and-derbies\/leopardia#primaryimage"},"image":{"@id":"https:\/\/www.venisecollection.com\/de\/shop\/women\/loafers-and-derbies\/leopardia#primaryimage"},"thumbnailUrl":"https:\/\/www.venisecollection.com\/cdn\/image-24-1-10-1.webp","datePublished":"2025-11-20T15:59:52+00:00","dateModified":"2026-04-30T00:50:09+00:00","breadcrumb":{"@id":"https:\/\/www.venisecollection.com\/de\/shop\/women\/loafers-and-derbies\/leopardia#breadcrumb"},"inLanguage":"de","potentialAction":[{"@type":"ReadAction","target":["https:\/\/www.venisecollection.com\/de\/shop\/women\/loafers-and-derbies\/leopardia"]}]},{"@type":"ImageObject","inLanguage":"de","@id":"https:\/\/www.venisecollection.com\/de\/shop\/women\/loafers-and-derbies\/leopardia#primaryimage","url":"https:\/\/www.venisecollection.com\/cdn\/image-24-1-10-1.webp","contentUrl":"https:\/\/www.venisecollection.com\/cdn\/image-24-1-10-1.webp","width":1280,"height":1588},{"@type":"BreadcrumbList","@id":"https:\/\/www.venisecollection.com\/de\/shop\/women\/loafers-and-derbies\/leopardia#breadcrumb","itemListElement":[{"@type":"ListItem","position":1,"name":"Home","item":"https:\/\/www.venisecollection.com\/de\/shop"},{"@type":"ListItem","position":2,"name":"Startseite","item":"https:\/\/www.venisecollection.com\/de\/shop"},{"@type":"ListItem","position":3,"name":"Leopardia"}]},{"@type":"WebSite","@id":"https:\/\/www.venisecollection.com\/de#website","url":"https:\/\/www.venisecollection.com\/de","name":"VENISE COLLECTION","description":"","publisher":{"@id":"https:\/\/www.venisecollection.com\/de#organization"},"potentialAction":[{"@type":"SearchAction","target":{"@type":"EntryPoint","urlTemplate":"https:\/\/www.venisecollection.com\/de?s={search_term_string}"},"query-input":{"@type":"PropertyValueSpecification","valueRequired":true,"valueName":"search_term_string"}}],"inLanguage":"de"},{"@type":"Organization","@id":"https:\/\/www.venisecollection.com\/de#organization","name":"VENISE COLLECTION","url":"https:\/\/www.venisecollection.com\/de","logo":{"@type":"ImageObject","inLanguage":"de","@id":"https:\/\/www.venisecollection.com\/de#\/schema\/logo\/image\/","url":"https:\/\/www.venisecollection.com\/cdn\/seo.png","contentUrl":"https:\/\/www.venisecollection.com\/cdn\/seo.png","width":1080,"height":1080,"caption":"VENISE COLLECTION"},"image":{"@id":"https:\/\/www.venisecollection.com\/de#\/schema\/logo\/image\/"},"sameAs":["https:\/\/www.instagram.com\/venisecollection\/","https:\/\/fr.pinterest.com\/venisecollection\/"]}]}},"_links":{"self":[{"href":"https:\/\/www.venisecollection.com\/de\/wp-json\/wp\/v2\/product\/7992","targetHints":{"allow":["GET"]}}],"collection":[{"href":"https:\/\/www.venisecollection.com\/de\/wp-json\/wp\/v2\/product"}],"about":[{"href":"https:\/\/www.venisecollection.com\/de\/wp-json\/wp\/v2\/types\/product"}],"wp:featuredmedia":[{"embeddable":true,"href":"https:\/\/www.venisecollection.com\/de\/wp-json\/wp\/v2\/media\/7994"}],"wp:attachment":[{"href":"https:\/\/www.venisecollection.com\/de\/wp-json\/wp\/v2\/media?parent=7992"}],"wp:term":[{"taxonomy":"product_brand","embeddable":true,"href":"https:\/\/www.venisecollection.com\/de\/wp-json\/wp\/v2\/product_brand?post=7992"},{"taxonomy":"product_cat","embeddable":true,"href":"https:\/\/www.venisecollection.com\/de\/wp-json\/wp\/v2\/product_cat?post=7992"},{"taxonomy":"product_tag","embeddable":true,"href":"https:\/\/www.venisecollection.com\/de\/wp-json\/wp\/v2\/product_tag?post=7992"}],"curies":[{"name":"wp","href":"https:\/\/api.w.org\/{rel}","templated":true}]}}