{"id":8080,"date":"2025-11-20T15:50:15","date_gmt":"2025-11-20T15:50:15","guid":{"rendered":"https:\/\/www.venisecollection.com\/shop\/women\/unkategorisiert\/sade-violett-sneaker\/"},"modified":"2026-04-15T00:16:22","modified_gmt":"2026-04-15T00:16:22","slug":"sade-violett-sneaker","status":"publish","type":"product","link":"https:\/\/www.venisecollection.com\/de\/shop\/women\/sneakers\/sade-violett-sneaker","title":{"rendered":"SADE Violett-Sneaker"},"content":{"rendered":"<p style=\"text-align: justify;\" data-pm-slice=\"1 3 []\">Gefertigt aus hochwertigem wei\u00dfem Leder, verf\u00fcgt dieses Modell \u00fcber eine gl\u00e4nzende silberne Metallic-Zehenkappe und eine auff\u00e4llige, irisierende violette Fersenlasche f\u00fcr einen markanten Kontrast.<\/p>\n<p style=\"text-align: justify;\">Mit edlen Ripsband-Schn\u00fcrsenkeln und einer 2 cm hohen Kreppgummi-Sohle gew\u00e4hrleistet er ganzt\u00e4gigen Komfort, ohne dabei die zeitgen\u00f6ssische Eleganz zu beeintr\u00e4chtigen. Perfekt, um l\u00e4ssige Looks aufzuwerten oder die Formalit\u00e4t ma\u00dfgeschneiderter Outfits aufzulockern, ist dieser Sneaker die ideale Wahl f\u00fcr selbstbewusste, moderne Frauen. <\/p>\n<p style=\"text-align: justify;\">Details: Farbe: Wei\u00df\/Violett\/Silber \u2013 Silberne Metallic-Zehenkappe \u2013 Irisierendes violettes Fersendetail \u2013 Obermaterial: Leder und Samt \u2013 Futter: 100 % Leder \u2013 Schn\u00fcrsenkel: Wei\u00dfes Ripsband \u2013 Sohle: Kreppgummi, 2 cm \u2013 Hergestellt in Italien<\/p>\n","protected":false},"excerpt":{"rendered":"<p>Gefertigt aus hochwertigem wei\u00dfem Leder, verf\u00fcgt dieses Modell \u00fcber eine gl\u00e4nzende silberne Metallic-Zehenkappe und eine auff\u00e4llige, irisierende violette Fersenlasche f\u00fcr einen markanten Kontrast. Mit edlen Ripsband-Schn\u00fcrsenkeln und einer 2 cm hohen Kreppgummi-Sohle gew\u00e4hrleistet er ganzt\u00e4gigen Komfort, ohne dabei die zeitgen\u00f6ssische Eleganz zu beeintr\u00e4chtigen. Perfekt, um l\u00e4ssige Looks aufzuwerten oder die Formalit\u00e4t ma\u00dfgeschneiderter Outfits aufzulockern, ist &hellip;<\/p>\n","protected":false},"featured_media":8082,"template":"","meta":[],"product_brand":[79],"product_cat":[66],"product_tag":[],"class_list":{"0":"post-8080","1":"product","2":"type-product","3":"status-publish","4":"has-post-thumbnail","6":"product_brand-agl","7":"product_cat-sneakers","9":"first","10":"instock","11":"shipping-taxable","12":"purchasable","13":"product-type-variable","14":"has-default-attributes"},"yoast_head":"<!-- This site is optimized with the Yoast SEO plugin v27.4 - https:\/\/yoast.com\/product\/yoast-seo-wordpress\/ -->\n<title>SADE Violett-Sneaker - VENISE COLLECTION<\/title>\n<meta name=\"robots\" content=\"index, follow, max-snippet:-1, max-image-preview:large, max-video-preview:-1\" \/>\n<link rel=\"canonical\" href=\"https:\/\/www.venisecollection.com\/de\/shop\/women\/sneakers\/sade-violett-sneaker\" \/>\n<meta property=\"og:locale\" content=\"de_DE\" \/>\n<meta property=\"og:type\" content=\"article\" \/>\n<meta property=\"og:title\" content=\"SADE Violett-Sneaker - VENISE COLLECTION\" \/>\n<meta property=\"og:description\" content=\"Gefertigt aus hochwertigem wei\u00dfem Leder, verf\u00fcgt dieses Modell \u00fcber eine gl\u00e4nzende silberne Metallic-Zehenkappe und eine auff\u00e4llige, irisierende violette Fersenlasche f\u00fcr einen markanten Kontrast. Mit edlen Ripsband-Schn\u00fcrsenkeln und einer 2 cm hohen Kreppgummi-Sohle gew\u00e4hrleistet er ganzt\u00e4gigen Komfort, ohne dabei die zeitgen\u00f6ssische Eleganz zu beeintr\u00e4chtigen. Perfekt, um l\u00e4ssige Looks aufzuwerten oder die Formalit\u00e4t ma\u00dfgeschneiderter Outfits aufzulockern, ist &hellip;\" \/>\n<meta property=\"og:url\" content=\"https:\/\/www.venisecollection.com\/de\/shop\/women\/sneakers\/sade-violett-sneaker\" \/>\n<meta property=\"og:site_name\" content=\"VENISE COLLECTION\" \/>\n<meta property=\"article:modified_time\" content=\"2026-04-15T00:16:22+00:00\" \/>\n<meta property=\"og:image\" content=\"https:\/\/www.venisecollection.com\/cdn\/image-25.webp\" \/>\n\t<meta property=\"og:image:width\" content=\"1280\" \/>\n\t<meta property=\"og:image:height\" content=\"1588\" \/>\n\t<meta property=\"og:image:type\" content=\"image\/webp\" \/>\n<meta name=\"twitter:card\" content=\"summary_large_image\" \/>\n<meta name=\"twitter:label1\" content=\"Gesch\u00e4tzte Lesezeit\" \/>\n\t<meta name=\"twitter:data1\" content=\"1\u00a0Minute\" \/>\n<script type=\"application\/ld+json\" class=\"yoast-schema-graph\">{\"@context\":\"https:\\\/\\\/schema.org\",\"@graph\":[{\"@type\":\"WebPage\",\"@id\":\"https:\\\/\\\/www.venisecollection.com\\\/de\\\/shop\\\/women\\\/sneakers\\\/sade-violett-sneaker\",\"url\":\"https:\\\/\\\/www.venisecollection.com\\\/de\\\/shop\\\/women\\\/sneakers\\\/sade-violett-sneaker\",\"name\":\"SADE Violett-Sneaker - VENISE COLLECTION\",\"isPartOf\":{\"@id\":\"https:\\\/\\\/www.venisecollection.com\\\/de#website\"},\"primaryImageOfPage\":{\"@id\":\"https:\\\/\\\/www.venisecollection.com\\\/de\\\/shop\\\/women\\\/sneakers\\\/sade-violett-sneaker#primaryimage\"},\"image\":{\"@id\":\"https:\\\/\\\/www.venisecollection.com\\\/de\\\/shop\\\/women\\\/sneakers\\\/sade-violett-sneaker#primaryimage\"},\"thumbnailUrl\":\"https:\\\/\\\/www.venisecollection.com\\\/cdn\\\/image-25.webp\",\"datePublished\":\"2025-11-20T15:50:15+00:00\",\"dateModified\":\"2026-04-15T00:16:22+00:00\",\"breadcrumb\":{\"@id\":\"https:\\\/\\\/www.venisecollection.com\\\/de\\\/shop\\\/women\\\/sneakers\\\/sade-violett-sneaker#breadcrumb\"},\"inLanguage\":\"de\",\"potentialAction\":[{\"@type\":\"ReadAction\",\"target\":[\"https:\\\/\\\/www.venisecollection.com\\\/de\\\/shop\\\/women\\\/sneakers\\\/sade-violett-sneaker\"]}]},{\"@type\":\"ImageObject\",\"inLanguage\":\"de\",\"@id\":\"https:\\\/\\\/www.venisecollection.com\\\/de\\\/shop\\\/women\\\/sneakers\\\/sade-violett-sneaker#primaryimage\",\"url\":\"https:\\\/\\\/www.venisecollection.com\\\/cdn\\\/image-25.webp\",\"contentUrl\":\"https:\\\/\\\/www.venisecollection.com\\\/cdn\\\/image-25.webp\",\"width\":1280,\"height\":1588},{\"@type\":\"BreadcrumbList\",\"@id\":\"https:\\\/\\\/www.venisecollection.com\\\/de\\\/shop\\\/women\\\/sneakers\\\/sade-violett-sneaker#breadcrumb\",\"itemListElement\":[{\"@type\":\"ListItem\",\"position\":1,\"name\":\"Home\",\"item\":\"https:\\\/\\\/www.venisecollection.com\\\/de\\\/shop\"},{\"@type\":\"ListItem\",\"position\":2,\"name\":\"Startseite\",\"item\":\"https:\\\/\\\/www.venisecollection.com\\\/de\\\/shop\"},{\"@type\":\"ListItem\",\"position\":3,\"name\":\"SADE Violett-Sneaker\"}]},{\"@type\":\"WebSite\",\"@id\":\"https:\\\/\\\/www.venisecollection.com\\\/de#website\",\"url\":\"https:\\\/\\\/www.venisecollection.com\\\/de\",\"name\":\"VENISE COLLECTION\",\"description\":\"\",\"publisher\":{\"@id\":\"https:\\\/\\\/www.venisecollection.com\\\/de#organization\"},\"potentialAction\":[{\"@type\":\"SearchAction\",\"target\":{\"@type\":\"EntryPoint\",\"urlTemplate\":\"https:\\\/\\\/www.venisecollection.com\\\/de?s={search_term_string}\"},\"query-input\":{\"@type\":\"PropertyValueSpecification\",\"valueRequired\":true,\"valueName\":\"search_term_string\"}}],\"inLanguage\":\"de\"},{\"@type\":\"Organization\",\"@id\":\"https:\\\/\\\/www.venisecollection.com\\\/de#organization\",\"name\":\"VENISE COLLECTION\",\"url\":\"https:\\\/\\\/www.venisecollection.com\\\/de\",\"logo\":{\"@type\":\"ImageObject\",\"inLanguage\":\"de\",\"@id\":\"https:\\\/\\\/www.venisecollection.com\\\/de#\\\/schema\\\/logo\\\/image\\\/\",\"url\":\"https:\\\/\\\/www.venisecollection.com\\\/cdn\\\/seo.png\",\"contentUrl\":\"https:\\\/\\\/www.venisecollection.com\\\/cdn\\\/seo.png\",\"width\":1080,\"height\":1080,\"caption\":\"VENISE COLLECTION\"},\"image\":{\"@id\":\"https:\\\/\\\/www.venisecollection.com\\\/de#\\\/schema\\\/logo\\\/image\\\/\"},\"sameAs\":[\"https:\\\/\\\/www.instagram.com\\\/venisecollection\\\/\",\"https:\\\/\\\/fr.pinterest.com\\\/venisecollection\\\/\"]}]}<\/script>\n<!-- \/ Yoast SEO plugin. -->","yoast_head_json":{"title":"SADE Violett-Sneaker - VENISE COLLECTION","robots":{"index":"index","follow":"follow","max-snippet":"max-snippet:-1","max-image-preview":"max-image-preview:large","max-video-preview":"max-video-preview:-1"},"canonical":"https:\/\/www.venisecollection.com\/de\/shop\/women\/sneakers\/sade-violett-sneaker","og_locale":"de_DE","og_type":"article","og_title":"SADE Violett-Sneaker - VENISE COLLECTION","og_description":"Gefertigt aus hochwertigem wei\u00dfem Leder, verf\u00fcgt dieses Modell \u00fcber eine gl\u00e4nzende silberne Metallic-Zehenkappe und eine auff\u00e4llige, irisierende violette Fersenlasche f\u00fcr einen markanten Kontrast. Mit edlen Ripsband-Schn\u00fcrsenkeln und einer 2 cm hohen Kreppgummi-Sohle gew\u00e4hrleistet er ganzt\u00e4gigen Komfort, ohne dabei die zeitgen\u00f6ssische Eleganz zu beeintr\u00e4chtigen. Perfekt, um l\u00e4ssige Looks aufzuwerten oder die Formalit\u00e4t ma\u00dfgeschneiderter Outfits aufzulockern, ist &hellip;","og_url":"https:\/\/www.venisecollection.com\/de\/shop\/women\/sneakers\/sade-violett-sneaker","og_site_name":"VENISE COLLECTION","article_modified_time":"2026-04-15T00:16:22+00:00","og_image":[{"width":1280,"height":1588,"url":"https:\/\/www.venisecollection.com\/cdn\/image-25.webp","type":"image\/webp"}],"twitter_card":"summary_large_image","twitter_misc":{"Gesch\u00e4tzte Lesezeit":"1\u00a0Minute"},"schema":{"@context":"https:\/\/schema.org","@graph":[{"@type":"WebPage","@id":"https:\/\/www.venisecollection.com\/de\/shop\/women\/sneakers\/sade-violett-sneaker","url":"https:\/\/www.venisecollection.com\/de\/shop\/women\/sneakers\/sade-violett-sneaker","name":"SADE Violett-Sneaker - VENISE COLLECTION","isPartOf":{"@id":"https:\/\/www.venisecollection.com\/de#website"},"primaryImageOfPage":{"@id":"https:\/\/www.venisecollection.com\/de\/shop\/women\/sneakers\/sade-violett-sneaker#primaryimage"},"image":{"@id":"https:\/\/www.venisecollection.com\/de\/shop\/women\/sneakers\/sade-violett-sneaker#primaryimage"},"thumbnailUrl":"https:\/\/www.venisecollection.com\/cdn\/image-25.webp","datePublished":"2025-11-20T15:50:15+00:00","dateModified":"2026-04-15T00:16:22+00:00","breadcrumb":{"@id":"https:\/\/www.venisecollection.com\/de\/shop\/women\/sneakers\/sade-violett-sneaker#breadcrumb"},"inLanguage":"de","potentialAction":[{"@type":"ReadAction","target":["https:\/\/www.venisecollection.com\/de\/shop\/women\/sneakers\/sade-violett-sneaker"]}]},{"@type":"ImageObject","inLanguage":"de","@id":"https:\/\/www.venisecollection.com\/de\/shop\/women\/sneakers\/sade-violett-sneaker#primaryimage","url":"https:\/\/www.venisecollection.com\/cdn\/image-25.webp","contentUrl":"https:\/\/www.venisecollection.com\/cdn\/image-25.webp","width":1280,"height":1588},{"@type":"BreadcrumbList","@id":"https:\/\/www.venisecollection.com\/de\/shop\/women\/sneakers\/sade-violett-sneaker#breadcrumb","itemListElement":[{"@type":"ListItem","position":1,"name":"Home","item":"https:\/\/www.venisecollection.com\/de\/shop"},{"@type":"ListItem","position":2,"name":"Startseite","item":"https:\/\/www.venisecollection.com\/de\/shop"},{"@type":"ListItem","position":3,"name":"SADE Violett-Sneaker"}]},{"@type":"WebSite","@id":"https:\/\/www.venisecollection.com\/de#website","url":"https:\/\/www.venisecollection.com\/de","name":"VENISE COLLECTION","description":"","publisher":{"@id":"https:\/\/www.venisecollection.com\/de#organization"},"potentialAction":[{"@type":"SearchAction","target":{"@type":"EntryPoint","urlTemplate":"https:\/\/www.venisecollection.com\/de?s={search_term_string}"},"query-input":{"@type":"PropertyValueSpecification","valueRequired":true,"valueName":"search_term_string"}}],"inLanguage":"de"},{"@type":"Organization","@id":"https:\/\/www.venisecollection.com\/de#organization","name":"VENISE COLLECTION","url":"https:\/\/www.venisecollection.com\/de","logo":{"@type":"ImageObject","inLanguage":"de","@id":"https:\/\/www.venisecollection.com\/de#\/schema\/logo\/image\/","url":"https:\/\/www.venisecollection.com\/cdn\/seo.png","contentUrl":"https:\/\/www.venisecollection.com\/cdn\/seo.png","width":1080,"height":1080,"caption":"VENISE COLLECTION"},"image":{"@id":"https:\/\/www.venisecollection.com\/de#\/schema\/logo\/image\/"},"sameAs":["https:\/\/www.instagram.com\/venisecollection\/","https:\/\/fr.pinterest.com\/venisecollection\/"]}]}},"_links":{"self":[{"href":"https:\/\/www.venisecollection.com\/de\/wp-json\/wp\/v2\/product\/8080","targetHints":{"allow":["GET"]}}],"collection":[{"href":"https:\/\/www.venisecollection.com\/de\/wp-json\/wp\/v2\/product"}],"about":[{"href":"https:\/\/www.venisecollection.com\/de\/wp-json\/wp\/v2\/types\/product"}],"wp:featuredmedia":[{"embeddable":true,"href":"https:\/\/www.venisecollection.com\/de\/wp-json\/wp\/v2\/media\/8082"}],"wp:attachment":[{"href":"https:\/\/www.venisecollection.com\/de\/wp-json\/wp\/v2\/media?parent=8080"}],"wp:term":[{"taxonomy":"product_brand","embeddable":true,"href":"https:\/\/www.venisecollection.com\/de\/wp-json\/wp\/v2\/product_brand?post=8080"},{"taxonomy":"product_cat","embeddable":true,"href":"https:\/\/www.venisecollection.com\/de\/wp-json\/wp\/v2\/product_cat?post=8080"},{"taxonomy":"product_tag","embeddable":true,"href":"https:\/\/www.venisecollection.com\/de\/wp-json\/wp\/v2\/product_tag?post=8080"}],"curies":[{"name":"wp","href":"https:\/\/api.w.org\/{rel}","templated":true}]}}