{"id":8111,"date":"2025-11-20T15:57:06","date_gmt":"2025-11-20T15:57:06","guid":{"rendered":"https:\/\/www.venisecollection.com\/shop\/women\/unkategorisiert\/paul-smith-dover-sneaker\/"},"modified":"2025-12-26T15:04:17","modified_gmt":"2025-12-26T15:04:17","slug":"paul-smith-dover-sneaker","status":"publish","type":"product","link":"https:\/\/www.venisecollection.com\/de\/shop\/women\/sneakers\/paul-smith-dover-sneaker","title":{"rendered":"Paul Smith Dover Sneaker"},"content":{"rendered":"<p style=\"text-align: justify;\" data-start=\"635\" data-end=\"956\">Die in Portugal gefertigten Dover Sneaker verf\u00fcgen \u00fcber ein Obermaterial aus echtem Leder mit Eins\u00e4tzen aus Kunstfell mit Leopardenmuster. Sie sind in einem Farbblockdesign in Schwarz, Orange und Neutralt\u00f6nen gehalten und vereinen Vintage- und moderne \u00c4sthetik. Ein kontrastierendes Logo und ein gepr\u00e4gtes Branding auf der Gummisohle setzen eine unverkennbare Note. Zus\u00e4tzliche Schn\u00fcrsenkel sind im Lieferumfang enthalten.   <\/p>\n<p style=\"text-align: justify;\" data-start=\"958\" data-end=\"1034\">Materialien: 100 % Leder-Obermaterial, 100 % Gummi-Sohlen, hergestellt in Portugal<\/p>\n","protected":false},"excerpt":{"rendered":"<p>Die in Portugal gefertigten Dover Sneaker verf\u00fcgen \u00fcber ein Obermaterial aus echtem Leder mit Eins\u00e4tzen aus Kunstfell mit Leopardenmuster. Sie sind in einem Farbblockdesign in Schwarz, Orange und Neutralt\u00f6nen gehalten und vereinen Vintage- und moderne \u00c4sthetik. Ein kontrastierendes Logo und ein gepr\u00e4gtes Branding auf der Gummisohle setzen eine unverkennbare Note. Zus\u00e4tzliche Schn\u00fcrsenkel sind im Lieferumfang &hellip;<\/p>\n","protected":false},"featured_media":8126,"template":"","meta":[],"product_brand":[354],"product_cat":[114],"product_tag":[],"class_list":{"0":"post-8111","1":"product","2":"type-product","3":"status-publish","4":"has-post-thumbnail","6":"product_brand-paul-smith","7":"product_cat-sneakers","9":"first","10":"instock","11":"shipping-taxable","12":"purchasable","13":"product-type-variable","14":"has-default-attributes"},"yoast_head":"<!-- This site is optimized with the Yoast SEO plugin v27.4 - https:\/\/yoast.com\/product\/yoast-seo-wordpress\/ -->\n<title>Paul Smith Dover Sneaker - VENISE COLLECTION<\/title>\n<meta name=\"robots\" content=\"index, follow, max-snippet:-1, max-image-preview:large, max-video-preview:-1\" \/>\n<link rel=\"canonical\" href=\"https:\/\/www.venisecollection.com\/de\/shop\/women\/sneakers\/paul-smith-dover-sneaker\" \/>\n<meta property=\"og:locale\" content=\"de_DE\" \/>\n<meta property=\"og:type\" content=\"article\" \/>\n<meta property=\"og:title\" content=\"Paul Smith Dover Sneaker - VENISE COLLECTION\" \/>\n<meta property=\"og:description\" content=\"Die in Portugal gefertigten Dover Sneaker verf\u00fcgen \u00fcber ein Obermaterial aus echtem Leder mit Eins\u00e4tzen aus Kunstfell mit Leopardenmuster. Sie sind in einem Farbblockdesign in Schwarz, Orange und Neutralt\u00f6nen gehalten und vereinen Vintage- und moderne \u00c4sthetik. Ein kontrastierendes Logo und ein gepr\u00e4gtes Branding auf der Gummisohle setzen eine unverkennbare Note. Zus\u00e4tzliche Schn\u00fcrsenkel sind im Lieferumfang &hellip;\" \/>\n<meta property=\"og:url\" content=\"https:\/\/www.venisecollection.com\/de\/shop\/women\/sneakers\/paul-smith-dover-sneaker\" \/>\n<meta property=\"og:site_name\" content=\"VENISE COLLECTION\" \/>\n<meta property=\"article:modified_time\" content=\"2025-12-26T15:04:17+00:00\" \/>\n<meta property=\"og:image\" content=\"https:\/\/www.venisecollection.com\/cdn\/image.psd-256.webp\" \/>\n\t<meta property=\"og:image:width\" content=\"1280\" \/>\n\t<meta property=\"og:image:height\" content=\"1588\" \/>\n\t<meta property=\"og:image:type\" content=\"image\/webp\" \/>\n<meta name=\"twitter:card\" content=\"summary_large_image\" \/>\n<script type=\"application\/ld+json\" class=\"yoast-schema-graph\">{\"@context\":\"https:\\\/\\\/schema.org\",\"@graph\":[{\"@type\":\"WebPage\",\"@id\":\"https:\\\/\\\/www.venisecollection.com\\\/de\\\/shop\\\/women\\\/sneakers\\\/paul-smith-dover-sneaker\",\"url\":\"https:\\\/\\\/www.venisecollection.com\\\/de\\\/shop\\\/women\\\/sneakers\\\/paul-smith-dover-sneaker\",\"name\":\"Paul Smith Dover Sneaker - VENISE COLLECTION\",\"isPartOf\":{\"@id\":\"https:\\\/\\\/www.venisecollection.com\\\/de#website\"},\"primaryImageOfPage\":{\"@id\":\"https:\\\/\\\/www.venisecollection.com\\\/de\\\/shop\\\/women\\\/sneakers\\\/paul-smith-dover-sneaker#primaryimage\"},\"image\":{\"@id\":\"https:\\\/\\\/www.venisecollection.com\\\/de\\\/shop\\\/women\\\/sneakers\\\/paul-smith-dover-sneaker#primaryimage\"},\"thumbnailUrl\":\"https:\\\/\\\/www.venisecollection.com\\\/cdn\\\/image.psd-256.webp\",\"datePublished\":\"2025-11-20T15:57:06+00:00\",\"dateModified\":\"2025-12-26T15:04:17+00:00\",\"breadcrumb\":{\"@id\":\"https:\\\/\\\/www.venisecollection.com\\\/de\\\/shop\\\/women\\\/sneakers\\\/paul-smith-dover-sneaker#breadcrumb\"},\"inLanguage\":\"de\",\"potentialAction\":[{\"@type\":\"ReadAction\",\"target\":[\"https:\\\/\\\/www.venisecollection.com\\\/de\\\/shop\\\/women\\\/sneakers\\\/paul-smith-dover-sneaker\"]}]},{\"@type\":\"ImageObject\",\"inLanguage\":\"de\",\"@id\":\"https:\\\/\\\/www.venisecollection.com\\\/de\\\/shop\\\/women\\\/sneakers\\\/paul-smith-dover-sneaker#primaryimage\",\"url\":\"https:\\\/\\\/www.venisecollection.com\\\/cdn\\\/image.psd-256.webp\",\"contentUrl\":\"https:\\\/\\\/www.venisecollection.com\\\/cdn\\\/image.psd-256.webp\",\"width\":1280,\"height\":1588},{\"@type\":\"BreadcrumbList\",\"@id\":\"https:\\\/\\\/www.venisecollection.com\\\/de\\\/shop\\\/women\\\/sneakers\\\/paul-smith-dover-sneaker#breadcrumb\",\"itemListElement\":[{\"@type\":\"ListItem\",\"position\":1,\"name\":\"Home\",\"item\":\"https:\\\/\\\/www.venisecollection.com\\\/de\\\/shop\"},{\"@type\":\"ListItem\",\"position\":2,\"name\":\"Startseite\",\"item\":\"https:\\\/\\\/www.venisecollection.com\\\/de\\\/shop\"},{\"@type\":\"ListItem\",\"position\":3,\"name\":\"Paul Smith Dover Sneaker\"}]},{\"@type\":\"WebSite\",\"@id\":\"https:\\\/\\\/www.venisecollection.com\\\/de#website\",\"url\":\"https:\\\/\\\/www.venisecollection.com\\\/de\",\"name\":\"VENISE COLLECTION\",\"description\":\"\",\"publisher\":{\"@id\":\"https:\\\/\\\/www.venisecollection.com\\\/de#organization\"},\"potentialAction\":[{\"@type\":\"SearchAction\",\"target\":{\"@type\":\"EntryPoint\",\"urlTemplate\":\"https:\\\/\\\/www.venisecollection.com\\\/de?s={search_term_string}\"},\"query-input\":{\"@type\":\"PropertyValueSpecification\",\"valueRequired\":true,\"valueName\":\"search_term_string\"}}],\"inLanguage\":\"de\"},{\"@type\":\"Organization\",\"@id\":\"https:\\\/\\\/www.venisecollection.com\\\/de#organization\",\"name\":\"VENISE COLLECTION\",\"url\":\"https:\\\/\\\/www.venisecollection.com\\\/de\",\"logo\":{\"@type\":\"ImageObject\",\"inLanguage\":\"de\",\"@id\":\"https:\\\/\\\/www.venisecollection.com\\\/de#\\\/schema\\\/logo\\\/image\\\/\",\"url\":\"https:\\\/\\\/www.venisecollection.com\\\/cdn\\\/seo.png\",\"contentUrl\":\"https:\\\/\\\/www.venisecollection.com\\\/cdn\\\/seo.png\",\"width\":1080,\"height\":1080,\"caption\":\"VENISE COLLECTION\"},\"image\":{\"@id\":\"https:\\\/\\\/www.venisecollection.com\\\/de#\\\/schema\\\/logo\\\/image\\\/\"},\"sameAs\":[\"https:\\\/\\\/www.instagram.com\\\/venisecollection\\\/\",\"https:\\\/\\\/fr.pinterest.com\\\/venisecollection\\\/\"]}]}<\/script>\n<!-- \/ Yoast SEO plugin. -->","yoast_head_json":{"title":"Paul Smith Dover Sneaker - VENISE COLLECTION","robots":{"index":"index","follow":"follow","max-snippet":"max-snippet:-1","max-image-preview":"max-image-preview:large","max-video-preview":"max-video-preview:-1"},"canonical":"https:\/\/www.venisecollection.com\/de\/shop\/women\/sneakers\/paul-smith-dover-sneaker","og_locale":"de_DE","og_type":"article","og_title":"Paul Smith Dover Sneaker - VENISE COLLECTION","og_description":"Die in Portugal gefertigten Dover Sneaker verf\u00fcgen \u00fcber ein Obermaterial aus echtem Leder mit Eins\u00e4tzen aus Kunstfell mit Leopardenmuster. Sie sind in einem Farbblockdesign in Schwarz, Orange und Neutralt\u00f6nen gehalten und vereinen Vintage- und moderne \u00c4sthetik. Ein kontrastierendes Logo und ein gepr\u00e4gtes Branding auf der Gummisohle setzen eine unverkennbare Note. Zus\u00e4tzliche Schn\u00fcrsenkel sind im Lieferumfang &hellip;","og_url":"https:\/\/www.venisecollection.com\/de\/shop\/women\/sneakers\/paul-smith-dover-sneaker","og_site_name":"VENISE COLLECTION","article_modified_time":"2025-12-26T15:04:17+00:00","og_image":[{"width":1280,"height":1588,"url":"https:\/\/www.venisecollection.com\/cdn\/image.psd-256.webp","type":"image\/webp"}],"twitter_card":"summary_large_image","schema":{"@context":"https:\/\/schema.org","@graph":[{"@type":"WebPage","@id":"https:\/\/www.venisecollection.com\/de\/shop\/women\/sneakers\/paul-smith-dover-sneaker","url":"https:\/\/www.venisecollection.com\/de\/shop\/women\/sneakers\/paul-smith-dover-sneaker","name":"Paul Smith Dover Sneaker - VENISE COLLECTION","isPartOf":{"@id":"https:\/\/www.venisecollection.com\/de#website"},"primaryImageOfPage":{"@id":"https:\/\/www.venisecollection.com\/de\/shop\/women\/sneakers\/paul-smith-dover-sneaker#primaryimage"},"image":{"@id":"https:\/\/www.venisecollection.com\/de\/shop\/women\/sneakers\/paul-smith-dover-sneaker#primaryimage"},"thumbnailUrl":"https:\/\/www.venisecollection.com\/cdn\/image.psd-256.webp","datePublished":"2025-11-20T15:57:06+00:00","dateModified":"2025-12-26T15:04:17+00:00","breadcrumb":{"@id":"https:\/\/www.venisecollection.com\/de\/shop\/women\/sneakers\/paul-smith-dover-sneaker#breadcrumb"},"inLanguage":"de","potentialAction":[{"@type":"ReadAction","target":["https:\/\/www.venisecollection.com\/de\/shop\/women\/sneakers\/paul-smith-dover-sneaker"]}]},{"@type":"ImageObject","inLanguage":"de","@id":"https:\/\/www.venisecollection.com\/de\/shop\/women\/sneakers\/paul-smith-dover-sneaker#primaryimage","url":"https:\/\/www.venisecollection.com\/cdn\/image.psd-256.webp","contentUrl":"https:\/\/www.venisecollection.com\/cdn\/image.psd-256.webp","width":1280,"height":1588},{"@type":"BreadcrumbList","@id":"https:\/\/www.venisecollection.com\/de\/shop\/women\/sneakers\/paul-smith-dover-sneaker#breadcrumb","itemListElement":[{"@type":"ListItem","position":1,"name":"Home","item":"https:\/\/www.venisecollection.com\/de\/shop"},{"@type":"ListItem","position":2,"name":"Startseite","item":"https:\/\/www.venisecollection.com\/de\/shop"},{"@type":"ListItem","position":3,"name":"Paul Smith Dover Sneaker"}]},{"@type":"WebSite","@id":"https:\/\/www.venisecollection.com\/de#website","url":"https:\/\/www.venisecollection.com\/de","name":"VENISE COLLECTION","description":"","publisher":{"@id":"https:\/\/www.venisecollection.com\/de#organization"},"potentialAction":[{"@type":"SearchAction","target":{"@type":"EntryPoint","urlTemplate":"https:\/\/www.venisecollection.com\/de?s={search_term_string}"},"query-input":{"@type":"PropertyValueSpecification","valueRequired":true,"valueName":"search_term_string"}}],"inLanguage":"de"},{"@type":"Organization","@id":"https:\/\/www.venisecollection.com\/de#organization","name":"VENISE COLLECTION","url":"https:\/\/www.venisecollection.com\/de","logo":{"@type":"ImageObject","inLanguage":"de","@id":"https:\/\/www.venisecollection.com\/de#\/schema\/logo\/image\/","url":"https:\/\/www.venisecollection.com\/cdn\/seo.png","contentUrl":"https:\/\/www.venisecollection.com\/cdn\/seo.png","width":1080,"height":1080,"caption":"VENISE COLLECTION"},"image":{"@id":"https:\/\/www.venisecollection.com\/de#\/schema\/logo\/image\/"},"sameAs":["https:\/\/www.instagram.com\/venisecollection\/","https:\/\/fr.pinterest.com\/venisecollection\/"]}]}},"_links":{"self":[{"href":"https:\/\/www.venisecollection.com\/de\/wp-json\/wp\/v2\/product\/8111","targetHints":{"allow":["GET"]}}],"collection":[{"href":"https:\/\/www.venisecollection.com\/de\/wp-json\/wp\/v2\/product"}],"about":[{"href":"https:\/\/www.venisecollection.com\/de\/wp-json\/wp\/v2\/types\/product"}],"wp:featuredmedia":[{"embeddable":true,"href":"https:\/\/www.venisecollection.com\/de\/wp-json\/wp\/v2\/media\/8126"}],"wp:attachment":[{"href":"https:\/\/www.venisecollection.com\/de\/wp-json\/wp\/v2\/media?parent=8111"}],"wp:term":[{"taxonomy":"product_brand","embeddable":true,"href":"https:\/\/www.venisecollection.com\/de\/wp-json\/wp\/v2\/product_brand?post=8111"},{"taxonomy":"product_cat","embeddable":true,"href":"https:\/\/www.venisecollection.com\/de\/wp-json\/wp\/v2\/product_cat?post=8111"},{"taxonomy":"product_tag","embeddable":true,"href":"https:\/\/www.venisecollection.com\/de\/wp-json\/wp\/v2\/product_tag?post=8111"}],"curies":[{"name":"wp","href":"https:\/\/api.w.org\/{rel}","templated":true}]}}