{"id":8134,"date":"2025-11-20T15:50:19","date_gmt":"2025-11-20T15:50:19","guid":{"rendered":"https:\/\/www.venisecollection.com\/shop\/women\/unkategorisiert\/emilie-blassgelb\/"},"modified":"2025-12-26T15:04:22","modified_gmt":"2025-12-26T15:04:22","slug":"emilie-blassgelb","status":"publish","type":"product","link":"https:\/\/www.venisecollection.com\/de\/shop\/women\/sneakers\/emilie-blassgelb","title":{"rendered":"Emilie Blassgelb"},"content":{"rendered":"<p style=\"text-align: justify;\" data-start=\"926\" data-end=\"1365\">Betreten Sie die Welt des Stils mit den Emilie Low-Top-Sneakers, die in Italien aus glattem, wei\u00dfem Kalbsleder mit einer hellgelben, kontrastierenden Fersenlasche gefertigt wurden.<\/p>\n<p style=\"text-align: justify;\" data-start=\"926\" data-end=\"1365\">Diese klobigen Schn\u00fcr-Sneakers verf\u00fcgen \u00fcber farbenfrohe Schn\u00fcrsenkel, ein gepr\u00e4gtes Logo auf der R\u00fcckseite und ein rundes Zehendesign. Die gepolsterte Gummiprofilsohle sorgt f\u00fcr Komfort und Strapazierf\u00e4higkeit, w\u00e4hrend die Innensohle mit Markenlogo einen dezenten luxuri\u00f6sen Touch verleiht. Ideal f\u00fcr Trendsetter, die einen modernen und dennoch vielseitigen Sneaker f\u00fcr jeden Tag suchen.  <\/p>\n","protected":false},"excerpt":{"rendered":"<p>Betreten Sie die Welt des Stils mit den Emilie Low-Top-Sneakers, die in Italien aus glattem, wei\u00dfem Kalbsleder mit einer hellgelben, kontrastierenden Fersenlasche gefertigt wurden. Diese klobigen Schn\u00fcr-Sneakers verf\u00fcgen \u00fcber farbenfrohe Schn\u00fcrsenkel, ein gepr\u00e4gtes Logo auf der R\u00fcckseite und ein rundes Zehendesign. Die gepolsterte Gummiprofilsohle sorgt f\u00fcr Komfort und Strapazierf\u00e4higkeit, w\u00e4hrend die Innensohle mit Markenlogo einen &hellip;<\/p>\n","protected":false},"featured_media":8135,"template":"","meta":[],"product_brand":[373],"product_cat":[114],"product_tag":[],"class_list":{"0":"post-8134","1":"product","2":"type-product","3":"status-publish","4":"has-post-thumbnail","6":"product_brand-agl","7":"product_cat-sneakers","9":"first","10":"outofstock","11":"shipping-taxable","12":"product-type-variable"},"yoast_head":"<!-- This site is optimized with the Yoast SEO plugin v27.4 - https:\/\/yoast.com\/product\/yoast-seo-wordpress\/ -->\n<title>Emilie Blassgelb - VENISE COLLECTION<\/title>\n<meta name=\"robots\" content=\"index, follow, max-snippet:-1, max-image-preview:large, max-video-preview:-1\" \/>\n<link rel=\"canonical\" href=\"https:\/\/www.venisecollection.com\/de\/shop\/women\/sneakers\/emilie-blassgelb\" \/>\n<meta property=\"og:locale\" content=\"de_DE\" \/>\n<meta property=\"og:type\" content=\"article\" \/>\n<meta property=\"og:title\" content=\"Emilie Blassgelb - VENISE COLLECTION\" \/>\n<meta property=\"og:description\" content=\"Betreten Sie die Welt des Stils mit den Emilie Low-Top-Sneakers, die in Italien aus glattem, wei\u00dfem Kalbsleder mit einer hellgelben, kontrastierenden Fersenlasche gefertigt wurden. Diese klobigen Schn\u00fcr-Sneakers verf\u00fcgen \u00fcber farbenfrohe Schn\u00fcrsenkel, ein gepr\u00e4gtes Logo auf der R\u00fcckseite und ein rundes Zehendesign. Die gepolsterte Gummiprofilsohle sorgt f\u00fcr Komfort und Strapazierf\u00e4higkeit, w\u00e4hrend die Innensohle mit Markenlogo einen &hellip;\" \/>\n<meta property=\"og:url\" content=\"https:\/\/www.venisecollection.com\/de\/shop\/women\/sneakers\/emilie-blassgelb\" \/>\n<meta property=\"og:site_name\" content=\"VENISE COLLECTION\" \/>\n<meta property=\"article:modified_time\" content=\"2025-12-26T15:04:22+00:00\" \/>\n<meta property=\"og:image\" content=\"https:\/\/www.venisecollection.com\/cdn\/image.psd-81.webp\" \/>\n\t<meta property=\"og:image:width\" content=\"1280\" \/>\n\t<meta property=\"og:image:height\" content=\"1588\" \/>\n\t<meta property=\"og:image:type\" content=\"image\/webp\" \/>\n<meta name=\"twitter:card\" content=\"summary_large_image\" \/>\n<script type=\"application\/ld+json\" class=\"yoast-schema-graph\">{\"@context\":\"https:\\\/\\\/schema.org\",\"@graph\":[{\"@type\":\"WebPage\",\"@id\":\"https:\\\/\\\/www.venisecollection.com\\\/de\\\/shop\\\/women\\\/sneakers\\\/emilie-blassgelb\",\"url\":\"https:\\\/\\\/www.venisecollection.com\\\/de\\\/shop\\\/women\\\/sneakers\\\/emilie-blassgelb\",\"name\":\"Emilie Blassgelb - VENISE COLLECTION\",\"isPartOf\":{\"@id\":\"https:\\\/\\\/www.venisecollection.com\\\/de#website\"},\"primaryImageOfPage\":{\"@id\":\"https:\\\/\\\/www.venisecollection.com\\\/de\\\/shop\\\/women\\\/sneakers\\\/emilie-blassgelb#primaryimage\"},\"image\":{\"@id\":\"https:\\\/\\\/www.venisecollection.com\\\/de\\\/shop\\\/women\\\/sneakers\\\/emilie-blassgelb#primaryimage\"},\"thumbnailUrl\":\"https:\\\/\\\/www.venisecollection.com\\\/cdn\\\/image.psd-81.webp\",\"datePublished\":\"2025-11-20T15:50:19+00:00\",\"dateModified\":\"2025-12-26T15:04:22+00:00\",\"breadcrumb\":{\"@id\":\"https:\\\/\\\/www.venisecollection.com\\\/de\\\/shop\\\/women\\\/sneakers\\\/emilie-blassgelb#breadcrumb\"},\"inLanguage\":\"de\",\"potentialAction\":[{\"@type\":\"ReadAction\",\"target\":[\"https:\\\/\\\/www.venisecollection.com\\\/de\\\/shop\\\/women\\\/sneakers\\\/emilie-blassgelb\"]}]},{\"@type\":\"ImageObject\",\"inLanguage\":\"de\",\"@id\":\"https:\\\/\\\/www.venisecollection.com\\\/de\\\/shop\\\/women\\\/sneakers\\\/emilie-blassgelb#primaryimage\",\"url\":\"https:\\\/\\\/www.venisecollection.com\\\/cdn\\\/image.psd-81.webp\",\"contentUrl\":\"https:\\\/\\\/www.venisecollection.com\\\/cdn\\\/image.psd-81.webp\",\"width\":1280,\"height\":1588},{\"@type\":\"BreadcrumbList\",\"@id\":\"https:\\\/\\\/www.venisecollection.com\\\/de\\\/shop\\\/women\\\/sneakers\\\/emilie-blassgelb#breadcrumb\",\"itemListElement\":[{\"@type\":\"ListItem\",\"position\":1,\"name\":\"Home\",\"item\":\"https:\\\/\\\/www.venisecollection.com\\\/de\\\/shop\"},{\"@type\":\"ListItem\",\"position\":2,\"name\":\"Startseite\",\"item\":\"https:\\\/\\\/www.venisecollection.com\\\/de\\\/shop\"},{\"@type\":\"ListItem\",\"position\":3,\"name\":\"Emilie Blassgelb\"}]},{\"@type\":\"WebSite\",\"@id\":\"https:\\\/\\\/www.venisecollection.com\\\/de#website\",\"url\":\"https:\\\/\\\/www.venisecollection.com\\\/de\",\"name\":\"VENISE COLLECTION\",\"description\":\"\",\"publisher\":{\"@id\":\"https:\\\/\\\/www.venisecollection.com\\\/de#organization\"},\"potentialAction\":[{\"@type\":\"SearchAction\",\"target\":{\"@type\":\"EntryPoint\",\"urlTemplate\":\"https:\\\/\\\/www.venisecollection.com\\\/de?s={search_term_string}\"},\"query-input\":{\"@type\":\"PropertyValueSpecification\",\"valueRequired\":true,\"valueName\":\"search_term_string\"}}],\"inLanguage\":\"de\"},{\"@type\":\"Organization\",\"@id\":\"https:\\\/\\\/www.venisecollection.com\\\/de#organization\",\"name\":\"VENISE COLLECTION\",\"url\":\"https:\\\/\\\/www.venisecollection.com\\\/de\",\"logo\":{\"@type\":\"ImageObject\",\"inLanguage\":\"de\",\"@id\":\"https:\\\/\\\/www.venisecollection.com\\\/de#\\\/schema\\\/logo\\\/image\\\/\",\"url\":\"https:\\\/\\\/www.venisecollection.com\\\/cdn\\\/seo.png\",\"contentUrl\":\"https:\\\/\\\/www.venisecollection.com\\\/cdn\\\/seo.png\",\"width\":1080,\"height\":1080,\"caption\":\"VENISE COLLECTION\"},\"image\":{\"@id\":\"https:\\\/\\\/www.venisecollection.com\\\/de#\\\/schema\\\/logo\\\/image\\\/\"},\"sameAs\":[\"https:\\\/\\\/www.instagram.com\\\/venisecollection\\\/\",\"https:\\\/\\\/fr.pinterest.com\\\/venisecollection\\\/\"]}]}<\/script>\n<!-- \/ Yoast SEO plugin. -->","yoast_head_json":{"title":"Emilie Blassgelb - VENISE COLLECTION","robots":{"index":"index","follow":"follow","max-snippet":"max-snippet:-1","max-image-preview":"max-image-preview:large","max-video-preview":"max-video-preview:-1"},"canonical":"https:\/\/www.venisecollection.com\/de\/shop\/women\/sneakers\/emilie-blassgelb","og_locale":"de_DE","og_type":"article","og_title":"Emilie Blassgelb - VENISE COLLECTION","og_description":"Betreten Sie die Welt des Stils mit den Emilie Low-Top-Sneakers, die in Italien aus glattem, wei\u00dfem Kalbsleder mit einer hellgelben, kontrastierenden Fersenlasche gefertigt wurden. Diese klobigen Schn\u00fcr-Sneakers verf\u00fcgen \u00fcber farbenfrohe Schn\u00fcrsenkel, ein gepr\u00e4gtes Logo auf der R\u00fcckseite und ein rundes Zehendesign. Die gepolsterte Gummiprofilsohle sorgt f\u00fcr Komfort und Strapazierf\u00e4higkeit, w\u00e4hrend die Innensohle mit Markenlogo einen &hellip;","og_url":"https:\/\/www.venisecollection.com\/de\/shop\/women\/sneakers\/emilie-blassgelb","og_site_name":"VENISE COLLECTION","article_modified_time":"2025-12-26T15:04:22+00:00","og_image":[{"width":1280,"height":1588,"url":"https:\/\/www.venisecollection.com\/cdn\/image.psd-81.webp","type":"image\/webp"}],"twitter_card":"summary_large_image","schema":{"@context":"https:\/\/schema.org","@graph":[{"@type":"WebPage","@id":"https:\/\/www.venisecollection.com\/de\/shop\/women\/sneakers\/emilie-blassgelb","url":"https:\/\/www.venisecollection.com\/de\/shop\/women\/sneakers\/emilie-blassgelb","name":"Emilie Blassgelb - VENISE COLLECTION","isPartOf":{"@id":"https:\/\/www.venisecollection.com\/de#website"},"primaryImageOfPage":{"@id":"https:\/\/www.venisecollection.com\/de\/shop\/women\/sneakers\/emilie-blassgelb#primaryimage"},"image":{"@id":"https:\/\/www.venisecollection.com\/de\/shop\/women\/sneakers\/emilie-blassgelb#primaryimage"},"thumbnailUrl":"https:\/\/www.venisecollection.com\/cdn\/image.psd-81.webp","datePublished":"2025-11-20T15:50:19+00:00","dateModified":"2025-12-26T15:04:22+00:00","breadcrumb":{"@id":"https:\/\/www.venisecollection.com\/de\/shop\/women\/sneakers\/emilie-blassgelb#breadcrumb"},"inLanguage":"de","potentialAction":[{"@type":"ReadAction","target":["https:\/\/www.venisecollection.com\/de\/shop\/women\/sneakers\/emilie-blassgelb"]}]},{"@type":"ImageObject","inLanguage":"de","@id":"https:\/\/www.venisecollection.com\/de\/shop\/women\/sneakers\/emilie-blassgelb#primaryimage","url":"https:\/\/www.venisecollection.com\/cdn\/image.psd-81.webp","contentUrl":"https:\/\/www.venisecollection.com\/cdn\/image.psd-81.webp","width":1280,"height":1588},{"@type":"BreadcrumbList","@id":"https:\/\/www.venisecollection.com\/de\/shop\/women\/sneakers\/emilie-blassgelb#breadcrumb","itemListElement":[{"@type":"ListItem","position":1,"name":"Home","item":"https:\/\/www.venisecollection.com\/de\/shop"},{"@type":"ListItem","position":2,"name":"Startseite","item":"https:\/\/www.venisecollection.com\/de\/shop"},{"@type":"ListItem","position":3,"name":"Emilie Blassgelb"}]},{"@type":"WebSite","@id":"https:\/\/www.venisecollection.com\/de#website","url":"https:\/\/www.venisecollection.com\/de","name":"VENISE COLLECTION","description":"","publisher":{"@id":"https:\/\/www.venisecollection.com\/de#organization"},"potentialAction":[{"@type":"SearchAction","target":{"@type":"EntryPoint","urlTemplate":"https:\/\/www.venisecollection.com\/de?s={search_term_string}"},"query-input":{"@type":"PropertyValueSpecification","valueRequired":true,"valueName":"search_term_string"}}],"inLanguage":"de"},{"@type":"Organization","@id":"https:\/\/www.venisecollection.com\/de#organization","name":"VENISE COLLECTION","url":"https:\/\/www.venisecollection.com\/de","logo":{"@type":"ImageObject","inLanguage":"de","@id":"https:\/\/www.venisecollection.com\/de#\/schema\/logo\/image\/","url":"https:\/\/www.venisecollection.com\/cdn\/seo.png","contentUrl":"https:\/\/www.venisecollection.com\/cdn\/seo.png","width":1080,"height":1080,"caption":"VENISE COLLECTION"},"image":{"@id":"https:\/\/www.venisecollection.com\/de#\/schema\/logo\/image\/"},"sameAs":["https:\/\/www.instagram.com\/venisecollection\/","https:\/\/fr.pinterest.com\/venisecollection\/"]}]}},"_links":{"self":[{"href":"https:\/\/www.venisecollection.com\/de\/wp-json\/wp\/v2\/product\/8134","targetHints":{"allow":["GET"]}}],"collection":[{"href":"https:\/\/www.venisecollection.com\/de\/wp-json\/wp\/v2\/product"}],"about":[{"href":"https:\/\/www.venisecollection.com\/de\/wp-json\/wp\/v2\/types\/product"}],"wp:featuredmedia":[{"embeddable":true,"href":"https:\/\/www.venisecollection.com\/de\/wp-json\/wp\/v2\/media\/8135"}],"wp:attachment":[{"href":"https:\/\/www.venisecollection.com\/de\/wp-json\/wp\/v2\/media?parent=8134"}],"wp:term":[{"taxonomy":"product_brand","embeddable":true,"href":"https:\/\/www.venisecollection.com\/de\/wp-json\/wp\/v2\/product_brand?post=8134"},{"taxonomy":"product_cat","embeddable":true,"href":"https:\/\/www.venisecollection.com\/de\/wp-json\/wp\/v2\/product_cat?post=8134"},{"taxonomy":"product_tag","embeddable":true,"href":"https:\/\/www.venisecollection.com\/de\/wp-json\/wp\/v2\/product_tag?post=8134"}],"curies":[{"name":"wp","href":"https:\/\/api.w.org\/{rel}","templated":true}]}}