{"id":8164,"date":"2025-11-20T15:57:35","date_gmt":"2025-11-20T15:57:35","guid":{"rendered":"https:\/\/www.venisecollection.com\/shop\/women\/unkategorisiert\/winter-lammfell-stiefeletten\/"},"modified":"2025-12-26T15:04:36","modified_gmt":"2025-12-26T15:04:36","slug":"winter-lammfell-stiefeletten","status":"publish","type":"product","link":"https:\/\/www.venisecollection.com\/de\/shop\/women\/stiefel\/winter-lammfell-stiefeletten","title":{"rendered":"Winter-Lammfell-Stiefeletten"},"content":{"rendered":"<p style=\"text-align: justify;\" data-start=\"1290\" data-end=\"1706\">Bleiben Sie an k\u00e4lteren Tagen gem\u00fctlich mit diesen Winterstiefeletten aus hochwertigem Lammfell. Das Obermaterial aus wasserdichtem Veloursleder vom Kalb wird mit einer ultraleichten, luftgesch\u00e4umten Gummisohle kombiniert, die traditionellen Stil mit modernem Komfort vereint. Eine Lammfell-Innensohle und -Futter sorgen f\u00fcr W\u00e4rme und Weichheit, w\u00e4hrend der 4 cm hohe Absatz und das 3 cm hohe Plateau vorne f\u00fcr einen stabilen Auftritt sorgen. Entworfen und hergestellt in Italien.   <\/p>\n<p style=\"text-align: justify;\" data-start=\"1708\" data-end=\"1726\">Obermaterial: Wasserdichtes Veloursleder vom Kalb \u2013 Futter &amp; Innensohle: Echtes Lammfell (gewendetes Schaffell) \u2013 Sohle: Ultraleichter, luftgesch\u00e4umter Gummi \u2013 Absatz: 4 cm | Vorne: 3 cm \u2013 Hergestellt in Italien<\/p>\n","protected":false},"excerpt":{"rendered":"<p>Bleiben Sie an k\u00e4lteren Tagen gem\u00fctlich mit diesen Winterstiefeletten aus hochwertigem Lammfell. Das Obermaterial aus wasserdichtem Veloursleder vom Kalb wird mit einer ultraleichten, luftgesch\u00e4umten Gummisohle kombiniert, die traditionellen Stil mit modernem Komfort vereint. Eine Lammfell-Innensohle und -Futter sorgen f\u00fcr W\u00e4rme und Weichheit, w\u00e4hrend der 4 cm hohe Absatz und das 3 cm hohe Plateau vorne &hellip;<\/p>\n","protected":false},"featured_media":8166,"template":"","meta":[],"product_brand":[373],"product_cat":[115],"product_tag":[],"class_list":{"0":"post-8164","1":"product","2":"type-product","3":"status-publish","4":"has-post-thumbnail","6":"product_brand-agl","7":"product_cat-stiefel","9":"first","10":"outofstock","11":"shipping-taxable","12":"product-type-variable","13":"has-default-attributes"},"yoast_head":"<!-- This site is optimized with the Yoast SEO plugin v27.4 - https:\/\/yoast.com\/product\/yoast-seo-wordpress\/ -->\n<title>Winter-Lammfell-Stiefeletten - VENISE COLLECTION<\/title>\n<meta name=\"robots\" content=\"index, follow, max-snippet:-1, max-image-preview:large, max-video-preview:-1\" \/>\n<link rel=\"canonical\" href=\"https:\/\/www.venisecollection.com\/de\/shop\/women\/stiefel\/winter-lammfell-stiefeletten\" \/>\n<meta property=\"og:locale\" content=\"de_DE\" \/>\n<meta property=\"og:type\" content=\"article\" \/>\n<meta property=\"og:title\" content=\"Winter-Lammfell-Stiefeletten - VENISE COLLECTION\" \/>\n<meta property=\"og:description\" content=\"Bleiben Sie an k\u00e4lteren Tagen gem\u00fctlich mit diesen Winterstiefeletten aus hochwertigem Lammfell. Das Obermaterial aus wasserdichtem Veloursleder vom Kalb wird mit einer ultraleichten, luftgesch\u00e4umten Gummisohle kombiniert, die traditionellen Stil mit modernem Komfort vereint. Eine Lammfell-Innensohle und -Futter sorgen f\u00fcr W\u00e4rme und Weichheit, w\u00e4hrend der 4 cm hohe Absatz und das 3 cm hohe Plateau vorne &hellip;\" \/>\n<meta property=\"og:url\" content=\"https:\/\/www.venisecollection.com\/de\/shop\/women\/stiefel\/winter-lammfell-stiefeletten\" \/>\n<meta property=\"og:site_name\" content=\"VENISE COLLECTION\" \/>\n<meta property=\"article:modified_time\" content=\"2025-12-26T15:04:36+00:00\" \/>\n<meta property=\"og:image\" content=\"https:\/\/www.venisecollection.com\/cdn\/image-28-1.webp\" \/>\n\t<meta property=\"og:image:width\" content=\"1280\" \/>\n\t<meta property=\"og:image:height\" content=\"1588\" \/>\n\t<meta property=\"og:image:type\" content=\"image\/webp\" \/>\n<meta name=\"twitter:card\" content=\"summary_large_image\" \/>\n<script type=\"application\/ld+json\" class=\"yoast-schema-graph\">{\"@context\":\"https:\\\/\\\/schema.org\",\"@graph\":[{\"@type\":\"WebPage\",\"@id\":\"https:\\\/\\\/www.venisecollection.com\\\/de\\\/shop\\\/women\\\/stiefel\\\/winter-lammfell-stiefeletten\",\"url\":\"https:\\\/\\\/www.venisecollection.com\\\/de\\\/shop\\\/women\\\/stiefel\\\/winter-lammfell-stiefeletten\",\"name\":\"Winter-Lammfell-Stiefeletten - VENISE COLLECTION\",\"isPartOf\":{\"@id\":\"https:\\\/\\\/www.venisecollection.com\\\/de#website\"},\"primaryImageOfPage\":{\"@id\":\"https:\\\/\\\/www.venisecollection.com\\\/de\\\/shop\\\/women\\\/stiefel\\\/winter-lammfell-stiefeletten#primaryimage\"},\"image\":{\"@id\":\"https:\\\/\\\/www.venisecollection.com\\\/de\\\/shop\\\/women\\\/stiefel\\\/winter-lammfell-stiefeletten#primaryimage\"},\"thumbnailUrl\":\"https:\\\/\\\/www.venisecollection.com\\\/cdn\\\/image-28-1.webp\",\"datePublished\":\"2025-11-20T15:57:35+00:00\",\"dateModified\":\"2025-12-26T15:04:36+00:00\",\"breadcrumb\":{\"@id\":\"https:\\\/\\\/www.venisecollection.com\\\/de\\\/shop\\\/women\\\/stiefel\\\/winter-lammfell-stiefeletten#breadcrumb\"},\"inLanguage\":\"de\",\"potentialAction\":[{\"@type\":\"ReadAction\",\"target\":[\"https:\\\/\\\/www.venisecollection.com\\\/de\\\/shop\\\/women\\\/stiefel\\\/winter-lammfell-stiefeletten\"]}]},{\"@type\":\"ImageObject\",\"inLanguage\":\"de\",\"@id\":\"https:\\\/\\\/www.venisecollection.com\\\/de\\\/shop\\\/women\\\/stiefel\\\/winter-lammfell-stiefeletten#primaryimage\",\"url\":\"https:\\\/\\\/www.venisecollection.com\\\/cdn\\\/image-28-1.webp\",\"contentUrl\":\"https:\\\/\\\/www.venisecollection.com\\\/cdn\\\/image-28-1.webp\",\"width\":1280,\"height\":1588},{\"@type\":\"BreadcrumbList\",\"@id\":\"https:\\\/\\\/www.venisecollection.com\\\/de\\\/shop\\\/women\\\/stiefel\\\/winter-lammfell-stiefeletten#breadcrumb\",\"itemListElement\":[{\"@type\":\"ListItem\",\"position\":1,\"name\":\"Home\",\"item\":\"https:\\\/\\\/www.venisecollection.com\\\/de\\\/shop\"},{\"@type\":\"ListItem\",\"position\":2,\"name\":\"Startseite\",\"item\":\"https:\\\/\\\/www.venisecollection.com\\\/de\\\/shop\"},{\"@type\":\"ListItem\",\"position\":3,\"name\":\"Winter-Lammfell-Stiefeletten\"}]},{\"@type\":\"WebSite\",\"@id\":\"https:\\\/\\\/www.venisecollection.com\\\/de#website\",\"url\":\"https:\\\/\\\/www.venisecollection.com\\\/de\",\"name\":\"VENISE COLLECTION\",\"description\":\"\",\"publisher\":{\"@id\":\"https:\\\/\\\/www.venisecollection.com\\\/de#organization\"},\"potentialAction\":[{\"@type\":\"SearchAction\",\"target\":{\"@type\":\"EntryPoint\",\"urlTemplate\":\"https:\\\/\\\/www.venisecollection.com\\\/de?s={search_term_string}\"},\"query-input\":{\"@type\":\"PropertyValueSpecification\",\"valueRequired\":true,\"valueName\":\"search_term_string\"}}],\"inLanguage\":\"de\"},{\"@type\":\"Organization\",\"@id\":\"https:\\\/\\\/www.venisecollection.com\\\/de#organization\",\"name\":\"VENISE COLLECTION\",\"url\":\"https:\\\/\\\/www.venisecollection.com\\\/de\",\"logo\":{\"@type\":\"ImageObject\",\"inLanguage\":\"de\",\"@id\":\"https:\\\/\\\/www.venisecollection.com\\\/de#\\\/schema\\\/logo\\\/image\\\/\",\"url\":\"https:\\\/\\\/www.venisecollection.com\\\/cdn\\\/seo.png\",\"contentUrl\":\"https:\\\/\\\/www.venisecollection.com\\\/cdn\\\/seo.png\",\"width\":1080,\"height\":1080,\"caption\":\"VENISE COLLECTION\"},\"image\":{\"@id\":\"https:\\\/\\\/www.venisecollection.com\\\/de#\\\/schema\\\/logo\\\/image\\\/\"},\"sameAs\":[\"https:\\\/\\\/www.instagram.com\\\/venisecollection\\\/\",\"https:\\\/\\\/fr.pinterest.com\\\/venisecollection\\\/\"]}]}<\/script>\n<!-- \/ Yoast SEO plugin. -->","yoast_head_json":{"title":"Winter-Lammfell-Stiefeletten - VENISE COLLECTION","robots":{"index":"index","follow":"follow","max-snippet":"max-snippet:-1","max-image-preview":"max-image-preview:large","max-video-preview":"max-video-preview:-1"},"canonical":"https:\/\/www.venisecollection.com\/de\/shop\/women\/stiefel\/winter-lammfell-stiefeletten","og_locale":"de_DE","og_type":"article","og_title":"Winter-Lammfell-Stiefeletten - VENISE COLLECTION","og_description":"Bleiben Sie an k\u00e4lteren Tagen gem\u00fctlich mit diesen Winterstiefeletten aus hochwertigem Lammfell. Das Obermaterial aus wasserdichtem Veloursleder vom Kalb wird mit einer ultraleichten, luftgesch\u00e4umten Gummisohle kombiniert, die traditionellen Stil mit modernem Komfort vereint. Eine Lammfell-Innensohle und -Futter sorgen f\u00fcr W\u00e4rme und Weichheit, w\u00e4hrend der 4 cm hohe Absatz und das 3 cm hohe Plateau vorne &hellip;","og_url":"https:\/\/www.venisecollection.com\/de\/shop\/women\/stiefel\/winter-lammfell-stiefeletten","og_site_name":"VENISE COLLECTION","article_modified_time":"2025-12-26T15:04:36+00:00","og_image":[{"width":1280,"height":1588,"url":"https:\/\/www.venisecollection.com\/cdn\/image-28-1.webp","type":"image\/webp"}],"twitter_card":"summary_large_image","schema":{"@context":"https:\/\/schema.org","@graph":[{"@type":"WebPage","@id":"https:\/\/www.venisecollection.com\/de\/shop\/women\/stiefel\/winter-lammfell-stiefeletten","url":"https:\/\/www.venisecollection.com\/de\/shop\/women\/stiefel\/winter-lammfell-stiefeletten","name":"Winter-Lammfell-Stiefeletten - VENISE COLLECTION","isPartOf":{"@id":"https:\/\/www.venisecollection.com\/de#website"},"primaryImageOfPage":{"@id":"https:\/\/www.venisecollection.com\/de\/shop\/women\/stiefel\/winter-lammfell-stiefeletten#primaryimage"},"image":{"@id":"https:\/\/www.venisecollection.com\/de\/shop\/women\/stiefel\/winter-lammfell-stiefeletten#primaryimage"},"thumbnailUrl":"https:\/\/www.venisecollection.com\/cdn\/image-28-1.webp","datePublished":"2025-11-20T15:57:35+00:00","dateModified":"2025-12-26T15:04:36+00:00","breadcrumb":{"@id":"https:\/\/www.venisecollection.com\/de\/shop\/women\/stiefel\/winter-lammfell-stiefeletten#breadcrumb"},"inLanguage":"de","potentialAction":[{"@type":"ReadAction","target":["https:\/\/www.venisecollection.com\/de\/shop\/women\/stiefel\/winter-lammfell-stiefeletten"]}]},{"@type":"ImageObject","inLanguage":"de","@id":"https:\/\/www.venisecollection.com\/de\/shop\/women\/stiefel\/winter-lammfell-stiefeletten#primaryimage","url":"https:\/\/www.venisecollection.com\/cdn\/image-28-1.webp","contentUrl":"https:\/\/www.venisecollection.com\/cdn\/image-28-1.webp","width":1280,"height":1588},{"@type":"BreadcrumbList","@id":"https:\/\/www.venisecollection.com\/de\/shop\/women\/stiefel\/winter-lammfell-stiefeletten#breadcrumb","itemListElement":[{"@type":"ListItem","position":1,"name":"Home","item":"https:\/\/www.venisecollection.com\/de\/shop"},{"@type":"ListItem","position":2,"name":"Startseite","item":"https:\/\/www.venisecollection.com\/de\/shop"},{"@type":"ListItem","position":3,"name":"Winter-Lammfell-Stiefeletten"}]},{"@type":"WebSite","@id":"https:\/\/www.venisecollection.com\/de#website","url":"https:\/\/www.venisecollection.com\/de","name":"VENISE COLLECTION","description":"","publisher":{"@id":"https:\/\/www.venisecollection.com\/de#organization"},"potentialAction":[{"@type":"SearchAction","target":{"@type":"EntryPoint","urlTemplate":"https:\/\/www.venisecollection.com\/de?s={search_term_string}"},"query-input":{"@type":"PropertyValueSpecification","valueRequired":true,"valueName":"search_term_string"}}],"inLanguage":"de"},{"@type":"Organization","@id":"https:\/\/www.venisecollection.com\/de#organization","name":"VENISE COLLECTION","url":"https:\/\/www.venisecollection.com\/de","logo":{"@type":"ImageObject","inLanguage":"de","@id":"https:\/\/www.venisecollection.com\/de#\/schema\/logo\/image\/","url":"https:\/\/www.venisecollection.com\/cdn\/seo.png","contentUrl":"https:\/\/www.venisecollection.com\/cdn\/seo.png","width":1080,"height":1080,"caption":"VENISE COLLECTION"},"image":{"@id":"https:\/\/www.venisecollection.com\/de#\/schema\/logo\/image\/"},"sameAs":["https:\/\/www.instagram.com\/venisecollection\/","https:\/\/fr.pinterest.com\/venisecollection\/"]}]}},"_links":{"self":[{"href":"https:\/\/www.venisecollection.com\/de\/wp-json\/wp\/v2\/product\/8164","targetHints":{"allow":["GET"]}}],"collection":[{"href":"https:\/\/www.venisecollection.com\/de\/wp-json\/wp\/v2\/product"}],"about":[{"href":"https:\/\/www.venisecollection.com\/de\/wp-json\/wp\/v2\/types\/product"}],"wp:featuredmedia":[{"embeddable":true,"href":"https:\/\/www.venisecollection.com\/de\/wp-json\/wp\/v2\/media\/8166"}],"wp:attachment":[{"href":"https:\/\/www.venisecollection.com\/de\/wp-json\/wp\/v2\/media?parent=8164"}],"wp:term":[{"taxonomy":"product_brand","embeddable":true,"href":"https:\/\/www.venisecollection.com\/de\/wp-json\/wp\/v2\/product_brand?post=8164"},{"taxonomy":"product_cat","embeddable":true,"href":"https:\/\/www.venisecollection.com\/de\/wp-json\/wp\/v2\/product_cat?post=8164"},{"taxonomy":"product_tag","embeddable":true,"href":"https:\/\/www.venisecollection.com\/de\/wp-json\/wp\/v2\/product_tag?post=8164"}],"curies":[{"name":"wp","href":"https:\/\/api.w.org\/{rel}","templated":true}]}}