{"id":8187,"date":"2025-11-20T15:57:09","date_gmt":"2025-11-20T15:57:09","guid":{"rendered":"https:\/\/www.venisecollection.com\/shop\/women\/unkategorisiert\/ballerinas-aus-bedrucktem-satin\/"},"modified":"2025-12-26T15:04:33","modified_gmt":"2025-12-26T15:04:33","slug":"ballerinas-aus-bedrucktem-satin","status":"publish","type":"product","link":"https:\/\/www.venisecollection.com\/de\/shop\/women\/ballerinas\/ballerinas-aus-bedrucktem-satin","title":{"rendered":"Ballerinas aus bedrucktem Satin"},"content":{"rendered":"<p style=\"text-align: justify;\" data-start=\"167\" data-end=\"490\">Diese raffinierten und eleganten Ballerinas aus bedrucktem Satin zeichnen sich durch ein Obermaterial aus glattem, bedrucktem Satin aus, das durch ein weiches Lederinterieur und eine strapazierf\u00e4hige Ledersohle erg\u00e4nzt wird. Sie sind auf ganzt\u00e4gigen Komfort ausgelegt und verf\u00fcgen \u00fcber eine gepolsterte Innensohle aus Leder und einen dezenten 10-mm-Absatz f\u00fcr einen leichten Auftritt. Perfekt f\u00fcr zwanglose und schicke Anl\u00e4sse.  <\/p>\n","protected":false},"excerpt":{"rendered":"<p>Diese raffinierten und eleganten Ballerinas aus bedrucktem Satin zeichnen sich durch ein Obermaterial aus glattem, bedrucktem Satin aus, das durch ein weiches Lederinterieur und eine strapazierf\u00e4hige Ledersohle erg\u00e4nzt wird. Sie sind auf ganzt\u00e4gigen Komfort ausgelegt und verf\u00fcgen \u00fcber eine gepolsterte Innensohle aus Leder und einen dezenten 10-mm-Absatz f\u00fcr einen leichten Auftritt. Perfekt f\u00fcr zwanglose und &hellip;<\/p>\n","protected":false},"featured_media":8195,"template":"","meta":[],"product_brand":[351],"product_cat":[111],"product_tag":[],"class_list":{"0":"post-8187","1":"product","2":"type-product","3":"status-publish","4":"has-post-thumbnail","6":"product_brand-elena-iachi","7":"product_cat-ballerinas","9":"first","10":"instock","11":"shipping-taxable","12":"purchasable","13":"product-type-variable","14":"has-default-attributes"},"yoast_head":"<!-- This site is optimized with the Yoast SEO plugin v27.4 - https:\/\/yoast.com\/product\/yoast-seo-wordpress\/ -->\n<title>Ballerinas aus bedrucktem Satin - VENISE COLLECTION<\/title>\n<meta name=\"robots\" content=\"index, follow, max-snippet:-1, max-image-preview:large, max-video-preview:-1\" \/>\n<link rel=\"canonical\" href=\"https:\/\/www.venisecollection.com\/de\/shop\/women\/ballerinas\/ballerinas-aus-bedrucktem-satin\" \/>\n<meta property=\"og:locale\" content=\"de_DE\" \/>\n<meta property=\"og:type\" content=\"article\" \/>\n<meta property=\"og:title\" content=\"Ballerinas aus bedrucktem Satin - VENISE COLLECTION\" \/>\n<meta property=\"og:description\" content=\"Diese raffinierten und eleganten Ballerinas aus bedrucktem Satin zeichnen sich durch ein Obermaterial aus glattem, bedrucktem Satin aus, das durch ein weiches Lederinterieur und eine strapazierf\u00e4hige Ledersohle erg\u00e4nzt wird. Sie sind auf ganzt\u00e4gigen Komfort ausgelegt und verf\u00fcgen \u00fcber eine gepolsterte Innensohle aus Leder und einen dezenten 10-mm-Absatz f\u00fcr einen leichten Auftritt. Perfekt f\u00fcr zwanglose und &hellip;\" \/>\n<meta property=\"og:url\" content=\"https:\/\/www.venisecollection.com\/de\/shop\/women\/ballerinas\/ballerinas-aus-bedrucktem-satin\" \/>\n<meta property=\"og:site_name\" content=\"VENISE COLLECTION\" \/>\n<meta property=\"article:modified_time\" content=\"2025-12-26T15:04:33+00:00\" \/>\n<meta property=\"og:image\" content=\"https:\/\/www.venisecollection.com\/cdn\/product-pendant-lamp-21.webp\" \/>\n\t<meta property=\"og:image:width\" content=\"1280\" \/>\n\t<meta property=\"og:image:height\" content=\"1588\" \/>\n\t<meta property=\"og:image:type\" content=\"image\/webp\" \/>\n<meta name=\"twitter:card\" content=\"summary_large_image\" \/>\n<script type=\"application\/ld+json\" class=\"yoast-schema-graph\">{\"@context\":\"https:\\\/\\\/schema.org\",\"@graph\":[{\"@type\":\"WebPage\",\"@id\":\"https:\\\/\\\/www.venisecollection.com\\\/de\\\/shop\\\/women\\\/ballerinas\\\/ballerinas-aus-bedrucktem-satin\",\"url\":\"https:\\\/\\\/www.venisecollection.com\\\/de\\\/shop\\\/women\\\/ballerinas\\\/ballerinas-aus-bedrucktem-satin\",\"name\":\"Ballerinas aus bedrucktem Satin - VENISE COLLECTION\",\"isPartOf\":{\"@id\":\"https:\\\/\\\/www.venisecollection.com\\\/de#website\"},\"primaryImageOfPage\":{\"@id\":\"https:\\\/\\\/www.venisecollection.com\\\/de\\\/shop\\\/women\\\/ballerinas\\\/ballerinas-aus-bedrucktem-satin#primaryimage\"},\"image\":{\"@id\":\"https:\\\/\\\/www.venisecollection.com\\\/de\\\/shop\\\/women\\\/ballerinas\\\/ballerinas-aus-bedrucktem-satin#primaryimage\"},\"thumbnailUrl\":\"https:\\\/\\\/www.venisecollection.com\\\/cdn\\\/product-pendant-lamp-21.webp\",\"datePublished\":\"2025-11-20T15:57:09+00:00\",\"dateModified\":\"2025-12-26T15:04:33+00:00\",\"breadcrumb\":{\"@id\":\"https:\\\/\\\/www.venisecollection.com\\\/de\\\/shop\\\/women\\\/ballerinas\\\/ballerinas-aus-bedrucktem-satin#breadcrumb\"},\"inLanguage\":\"de\",\"potentialAction\":[{\"@type\":\"ReadAction\",\"target\":[\"https:\\\/\\\/www.venisecollection.com\\\/de\\\/shop\\\/women\\\/ballerinas\\\/ballerinas-aus-bedrucktem-satin\"]}]},{\"@type\":\"ImageObject\",\"inLanguage\":\"de\",\"@id\":\"https:\\\/\\\/www.venisecollection.com\\\/de\\\/shop\\\/women\\\/ballerinas\\\/ballerinas-aus-bedrucktem-satin#primaryimage\",\"url\":\"https:\\\/\\\/www.venisecollection.com\\\/cdn\\\/product-pendant-lamp-21.webp\",\"contentUrl\":\"https:\\\/\\\/www.venisecollection.com\\\/cdn\\\/product-pendant-lamp-21.webp\",\"width\":1280,\"height\":1588},{\"@type\":\"BreadcrumbList\",\"@id\":\"https:\\\/\\\/www.venisecollection.com\\\/de\\\/shop\\\/women\\\/ballerinas\\\/ballerinas-aus-bedrucktem-satin#breadcrumb\",\"itemListElement\":[{\"@type\":\"ListItem\",\"position\":1,\"name\":\"Home\",\"item\":\"https:\\\/\\\/www.venisecollection.com\\\/de\\\/shop\"},{\"@type\":\"ListItem\",\"position\":2,\"name\":\"Startseite\",\"item\":\"https:\\\/\\\/www.venisecollection.com\\\/de\\\/shop\"},{\"@type\":\"ListItem\",\"position\":3,\"name\":\"Ballerinas aus bedrucktem Satin\"}]},{\"@type\":\"WebSite\",\"@id\":\"https:\\\/\\\/www.venisecollection.com\\\/de#website\",\"url\":\"https:\\\/\\\/www.venisecollection.com\\\/de\",\"name\":\"VENISE COLLECTION\",\"description\":\"\",\"publisher\":{\"@id\":\"https:\\\/\\\/www.venisecollection.com\\\/de#organization\"},\"potentialAction\":[{\"@type\":\"SearchAction\",\"target\":{\"@type\":\"EntryPoint\",\"urlTemplate\":\"https:\\\/\\\/www.venisecollection.com\\\/de?s={search_term_string}\"},\"query-input\":{\"@type\":\"PropertyValueSpecification\",\"valueRequired\":true,\"valueName\":\"search_term_string\"}}],\"inLanguage\":\"de\"},{\"@type\":\"Organization\",\"@id\":\"https:\\\/\\\/www.venisecollection.com\\\/de#organization\",\"name\":\"VENISE COLLECTION\",\"url\":\"https:\\\/\\\/www.venisecollection.com\\\/de\",\"logo\":{\"@type\":\"ImageObject\",\"inLanguage\":\"de\",\"@id\":\"https:\\\/\\\/www.venisecollection.com\\\/de#\\\/schema\\\/logo\\\/image\\\/\",\"url\":\"https:\\\/\\\/www.venisecollection.com\\\/cdn\\\/seo.png\",\"contentUrl\":\"https:\\\/\\\/www.venisecollection.com\\\/cdn\\\/seo.png\",\"width\":1080,\"height\":1080,\"caption\":\"VENISE COLLECTION\"},\"image\":{\"@id\":\"https:\\\/\\\/www.venisecollection.com\\\/de#\\\/schema\\\/logo\\\/image\\\/\"},\"sameAs\":[\"https:\\\/\\\/www.instagram.com\\\/venisecollection\\\/\",\"https:\\\/\\\/fr.pinterest.com\\\/venisecollection\\\/\"]}]}<\/script>\n<!-- \/ Yoast SEO plugin. -->","yoast_head_json":{"title":"Ballerinas aus bedrucktem Satin - VENISE COLLECTION","robots":{"index":"index","follow":"follow","max-snippet":"max-snippet:-1","max-image-preview":"max-image-preview:large","max-video-preview":"max-video-preview:-1"},"canonical":"https:\/\/www.venisecollection.com\/de\/shop\/women\/ballerinas\/ballerinas-aus-bedrucktem-satin","og_locale":"de_DE","og_type":"article","og_title":"Ballerinas aus bedrucktem Satin - VENISE COLLECTION","og_description":"Diese raffinierten und eleganten Ballerinas aus bedrucktem Satin zeichnen sich durch ein Obermaterial aus glattem, bedrucktem Satin aus, das durch ein weiches Lederinterieur und eine strapazierf\u00e4hige Ledersohle erg\u00e4nzt wird. Sie sind auf ganzt\u00e4gigen Komfort ausgelegt und verf\u00fcgen \u00fcber eine gepolsterte Innensohle aus Leder und einen dezenten 10-mm-Absatz f\u00fcr einen leichten Auftritt. Perfekt f\u00fcr zwanglose und &hellip;","og_url":"https:\/\/www.venisecollection.com\/de\/shop\/women\/ballerinas\/ballerinas-aus-bedrucktem-satin","og_site_name":"VENISE COLLECTION","article_modified_time":"2025-12-26T15:04:33+00:00","og_image":[{"width":1280,"height":1588,"url":"https:\/\/www.venisecollection.com\/cdn\/product-pendant-lamp-21.webp","type":"image\/webp"}],"twitter_card":"summary_large_image","schema":{"@context":"https:\/\/schema.org","@graph":[{"@type":"WebPage","@id":"https:\/\/www.venisecollection.com\/de\/shop\/women\/ballerinas\/ballerinas-aus-bedrucktem-satin","url":"https:\/\/www.venisecollection.com\/de\/shop\/women\/ballerinas\/ballerinas-aus-bedrucktem-satin","name":"Ballerinas aus bedrucktem Satin - VENISE COLLECTION","isPartOf":{"@id":"https:\/\/www.venisecollection.com\/de#website"},"primaryImageOfPage":{"@id":"https:\/\/www.venisecollection.com\/de\/shop\/women\/ballerinas\/ballerinas-aus-bedrucktem-satin#primaryimage"},"image":{"@id":"https:\/\/www.venisecollection.com\/de\/shop\/women\/ballerinas\/ballerinas-aus-bedrucktem-satin#primaryimage"},"thumbnailUrl":"https:\/\/www.venisecollection.com\/cdn\/product-pendant-lamp-21.webp","datePublished":"2025-11-20T15:57:09+00:00","dateModified":"2025-12-26T15:04:33+00:00","breadcrumb":{"@id":"https:\/\/www.venisecollection.com\/de\/shop\/women\/ballerinas\/ballerinas-aus-bedrucktem-satin#breadcrumb"},"inLanguage":"de","potentialAction":[{"@type":"ReadAction","target":["https:\/\/www.venisecollection.com\/de\/shop\/women\/ballerinas\/ballerinas-aus-bedrucktem-satin"]}]},{"@type":"ImageObject","inLanguage":"de","@id":"https:\/\/www.venisecollection.com\/de\/shop\/women\/ballerinas\/ballerinas-aus-bedrucktem-satin#primaryimage","url":"https:\/\/www.venisecollection.com\/cdn\/product-pendant-lamp-21.webp","contentUrl":"https:\/\/www.venisecollection.com\/cdn\/product-pendant-lamp-21.webp","width":1280,"height":1588},{"@type":"BreadcrumbList","@id":"https:\/\/www.venisecollection.com\/de\/shop\/women\/ballerinas\/ballerinas-aus-bedrucktem-satin#breadcrumb","itemListElement":[{"@type":"ListItem","position":1,"name":"Home","item":"https:\/\/www.venisecollection.com\/de\/shop"},{"@type":"ListItem","position":2,"name":"Startseite","item":"https:\/\/www.venisecollection.com\/de\/shop"},{"@type":"ListItem","position":3,"name":"Ballerinas aus bedrucktem Satin"}]},{"@type":"WebSite","@id":"https:\/\/www.venisecollection.com\/de#website","url":"https:\/\/www.venisecollection.com\/de","name":"VENISE COLLECTION","description":"","publisher":{"@id":"https:\/\/www.venisecollection.com\/de#organization"},"potentialAction":[{"@type":"SearchAction","target":{"@type":"EntryPoint","urlTemplate":"https:\/\/www.venisecollection.com\/de?s={search_term_string}"},"query-input":{"@type":"PropertyValueSpecification","valueRequired":true,"valueName":"search_term_string"}}],"inLanguage":"de"},{"@type":"Organization","@id":"https:\/\/www.venisecollection.com\/de#organization","name":"VENISE COLLECTION","url":"https:\/\/www.venisecollection.com\/de","logo":{"@type":"ImageObject","inLanguage":"de","@id":"https:\/\/www.venisecollection.com\/de#\/schema\/logo\/image\/","url":"https:\/\/www.venisecollection.com\/cdn\/seo.png","contentUrl":"https:\/\/www.venisecollection.com\/cdn\/seo.png","width":1080,"height":1080,"caption":"VENISE COLLECTION"},"image":{"@id":"https:\/\/www.venisecollection.com\/de#\/schema\/logo\/image\/"},"sameAs":["https:\/\/www.instagram.com\/venisecollection\/","https:\/\/fr.pinterest.com\/venisecollection\/"]}]}},"_links":{"self":[{"href":"https:\/\/www.venisecollection.com\/de\/wp-json\/wp\/v2\/product\/8187","targetHints":{"allow":["GET"]}}],"collection":[{"href":"https:\/\/www.venisecollection.com\/de\/wp-json\/wp\/v2\/product"}],"about":[{"href":"https:\/\/www.venisecollection.com\/de\/wp-json\/wp\/v2\/types\/product"}],"wp:featuredmedia":[{"embeddable":true,"href":"https:\/\/www.venisecollection.com\/de\/wp-json\/wp\/v2\/media\/8195"}],"wp:attachment":[{"href":"https:\/\/www.venisecollection.com\/de\/wp-json\/wp\/v2\/media?parent=8187"}],"wp:term":[{"taxonomy":"product_brand","embeddable":true,"href":"https:\/\/www.venisecollection.com\/de\/wp-json\/wp\/v2\/product_brand?post=8187"},{"taxonomy":"product_cat","embeddable":true,"href":"https:\/\/www.venisecollection.com\/de\/wp-json\/wp\/v2\/product_cat?post=8187"},{"taxonomy":"product_tag","embeddable":true,"href":"https:\/\/www.venisecollection.com\/de\/wp-json\/wp\/v2\/product_tag?post=8187"}],"curies":[{"name":"wp","href":"https:\/\/api.w.org\/{rel}","templated":true}]}}