{"id":8211,"date":"2025-11-20T15:58:06","date_gmt":"2025-11-20T15:58:06","guid":{"rendered":"https:\/\/www.venisecollection.com\/shop\/women\/unkategorisiert\/venise-seraphine\/"},"modified":"2026-04-15T00:16:22","modified_gmt":"2026-04-15T00:16:22","slug":"venise-seraphine","status":"publish","type":"product","link":"https:\/\/www.venisecollection.com\/de\/shop\/women\/mary-jane\/venise-seraphine","title":{"rendered":"VENISE Seraphine"},"content":{"rendered":"<p style=\"text-align: justify;\" data-start=\"1837\" data-end=\"2216\">Die VENISE Seraphine Mary Janes verbinden zeitlosen Charme mit modernem Komfort. Entworfen mit einer eckigen Spitze und einem stabilen Blockabsatz, bieten sie m\u00fchelosen Stil und ganzt\u00e4gigen Tragekomfort. <\/p>\n<p style=\"text-align: justify;\" data-start=\"1837\" data-end=\"2216\">Gefertigt aus hochwertigem Kunstleder, verf\u00fcgen sie \u00fcber ein warmes Futter, ideal f\u00fcr k\u00fchlere Jahreszeiten. Der raffinierte Riemen mit Schnalle und elastischem Einsatz gew\u00e4hrleistet einen sicheren und eleganten Sitz. <\/p>\n","protected":false},"excerpt":{"rendered":"<p>Die VENISE Seraphine Mary Janes verbinden zeitlosen Charme mit modernem Komfort. Entworfen mit einer eckigen Spitze und einem stabilen Blockabsatz, bieten sie m\u00fchelosen Stil und ganzt\u00e4gigen Tragekomfort. Gefertigt aus hochwertigem Kunstleder, verf\u00fcgen sie \u00fcber ein warmes Futter, ideal f\u00fcr k\u00fchlere Jahreszeiten. Der raffinierte Riemen mit Schnalle und elastischem Einsatz gew\u00e4hrleistet einen sicheren und eleganten Sitz.<\/p>\n","protected":false},"featured_media":8218,"template":"","meta":[],"product_brand":[69],"product_cat":[70],"product_tag":[],"class_list":{"0":"post-8211","1":"product","2":"type-product","3":"status-publish","4":"has-post-thumbnail","6":"product_brand-venise-collection","7":"product_cat-mary-jane","9":"first","10":"instock","11":"shipping-taxable","12":"purchasable","13":"product-type-variable","14":"has-default-attributes"},"yoast_head":"<!-- This site is optimized with the Yoast SEO plugin v27.4 - https:\/\/yoast.com\/product\/yoast-seo-wordpress\/ -->\n<title>VENISE Seraphine - VENISE COLLECTION<\/title>\n<meta name=\"robots\" content=\"index, follow, max-snippet:-1, max-image-preview:large, max-video-preview:-1\" \/>\n<link rel=\"canonical\" href=\"https:\/\/www.venisecollection.com\/de\/shop\/women\/mary-jane\/venise-seraphine\" \/>\n<meta property=\"og:locale\" content=\"de_DE\" \/>\n<meta property=\"og:type\" content=\"article\" \/>\n<meta property=\"og:title\" content=\"VENISE Seraphine - VENISE COLLECTION\" \/>\n<meta property=\"og:description\" content=\"Die VENISE Seraphine Mary Janes verbinden zeitlosen Charme mit modernem Komfort. Entworfen mit einer eckigen Spitze und einem stabilen Blockabsatz, bieten sie m\u00fchelosen Stil und ganzt\u00e4gigen Tragekomfort. Gefertigt aus hochwertigem Kunstleder, verf\u00fcgen sie \u00fcber ein warmes Futter, ideal f\u00fcr k\u00fchlere Jahreszeiten. Der raffinierte Riemen mit Schnalle und elastischem Einsatz gew\u00e4hrleistet einen sicheren und eleganten Sitz.\" \/>\n<meta property=\"og:url\" content=\"https:\/\/www.venisecollection.com\/de\/shop\/women\/mary-jane\/venise-seraphine\" \/>\n<meta property=\"og:site_name\" content=\"VENISE COLLECTION\" \/>\n<meta property=\"article:modified_time\" content=\"2026-04-15T00:16:22+00:00\" \/>\n<meta property=\"og:image\" content=\"https:\/\/www.venisecollection.com\/cdn\/image.psd-267.webp\" \/>\n\t<meta property=\"og:image:width\" content=\"1280\" \/>\n\t<meta property=\"og:image:height\" content=\"1588\" \/>\n\t<meta property=\"og:image:type\" content=\"image\/webp\" \/>\n<meta name=\"twitter:card\" content=\"summary_large_image\" \/>\n<script type=\"application\/ld+json\" class=\"yoast-schema-graph\">{\"@context\":\"https:\\\/\\\/schema.org\",\"@graph\":[{\"@type\":\"WebPage\",\"@id\":\"https:\\\/\\\/www.venisecollection.com\\\/de\\\/shop\\\/women\\\/mary-jane\\\/venise-seraphine\",\"url\":\"https:\\\/\\\/www.venisecollection.com\\\/de\\\/shop\\\/women\\\/mary-jane\\\/venise-seraphine\",\"name\":\"VENISE Seraphine - VENISE COLLECTION\",\"isPartOf\":{\"@id\":\"https:\\\/\\\/www.venisecollection.com\\\/de#website\"},\"primaryImageOfPage\":{\"@id\":\"https:\\\/\\\/www.venisecollection.com\\\/de\\\/shop\\\/women\\\/mary-jane\\\/venise-seraphine#primaryimage\"},\"image\":{\"@id\":\"https:\\\/\\\/www.venisecollection.com\\\/de\\\/shop\\\/women\\\/mary-jane\\\/venise-seraphine#primaryimage\"},\"thumbnailUrl\":\"https:\\\/\\\/www.venisecollection.com\\\/cdn\\\/image.psd-267.webp\",\"datePublished\":\"2025-11-20T15:58:06+00:00\",\"dateModified\":\"2026-04-15T00:16:22+00:00\",\"breadcrumb\":{\"@id\":\"https:\\\/\\\/www.venisecollection.com\\\/de\\\/shop\\\/women\\\/mary-jane\\\/venise-seraphine#breadcrumb\"},\"inLanguage\":\"de\",\"potentialAction\":[{\"@type\":\"ReadAction\",\"target\":[\"https:\\\/\\\/www.venisecollection.com\\\/de\\\/shop\\\/women\\\/mary-jane\\\/venise-seraphine\"]}]},{\"@type\":\"ImageObject\",\"inLanguage\":\"de\",\"@id\":\"https:\\\/\\\/www.venisecollection.com\\\/de\\\/shop\\\/women\\\/mary-jane\\\/venise-seraphine#primaryimage\",\"url\":\"https:\\\/\\\/www.venisecollection.com\\\/cdn\\\/image.psd-267.webp\",\"contentUrl\":\"https:\\\/\\\/www.venisecollection.com\\\/cdn\\\/image.psd-267.webp\",\"width\":1280,\"height\":1588},{\"@type\":\"BreadcrumbList\",\"@id\":\"https:\\\/\\\/www.venisecollection.com\\\/de\\\/shop\\\/women\\\/mary-jane\\\/venise-seraphine#breadcrumb\",\"itemListElement\":[{\"@type\":\"ListItem\",\"position\":1,\"name\":\"Home\",\"item\":\"https:\\\/\\\/www.venisecollection.com\\\/de\\\/shop\"},{\"@type\":\"ListItem\",\"position\":2,\"name\":\"Startseite\",\"item\":\"https:\\\/\\\/www.venisecollection.com\\\/de\\\/shop\"},{\"@type\":\"ListItem\",\"position\":3,\"name\":\"VENISE Seraphine\"}]},{\"@type\":\"WebSite\",\"@id\":\"https:\\\/\\\/www.venisecollection.com\\\/de#website\",\"url\":\"https:\\\/\\\/www.venisecollection.com\\\/de\",\"name\":\"VENISE COLLECTION\",\"description\":\"\",\"publisher\":{\"@id\":\"https:\\\/\\\/www.venisecollection.com\\\/de#organization\"},\"potentialAction\":[{\"@type\":\"SearchAction\",\"target\":{\"@type\":\"EntryPoint\",\"urlTemplate\":\"https:\\\/\\\/www.venisecollection.com\\\/de?s={search_term_string}\"},\"query-input\":{\"@type\":\"PropertyValueSpecification\",\"valueRequired\":true,\"valueName\":\"search_term_string\"}}],\"inLanguage\":\"de\"},{\"@type\":\"Organization\",\"@id\":\"https:\\\/\\\/www.venisecollection.com\\\/de#organization\",\"name\":\"VENISE COLLECTION\",\"url\":\"https:\\\/\\\/www.venisecollection.com\\\/de\",\"logo\":{\"@type\":\"ImageObject\",\"inLanguage\":\"de\",\"@id\":\"https:\\\/\\\/www.venisecollection.com\\\/de#\\\/schema\\\/logo\\\/image\\\/\",\"url\":\"https:\\\/\\\/www.venisecollection.com\\\/cdn\\\/seo.png\",\"contentUrl\":\"https:\\\/\\\/www.venisecollection.com\\\/cdn\\\/seo.png\",\"width\":1080,\"height\":1080,\"caption\":\"VENISE COLLECTION\"},\"image\":{\"@id\":\"https:\\\/\\\/www.venisecollection.com\\\/de#\\\/schema\\\/logo\\\/image\\\/\"},\"sameAs\":[\"https:\\\/\\\/www.instagram.com\\\/venisecollection\\\/\",\"https:\\\/\\\/fr.pinterest.com\\\/venisecollection\\\/\"]}]}<\/script>\n<!-- \/ Yoast SEO plugin. -->","yoast_head_json":{"title":"VENISE Seraphine - VENISE COLLECTION","robots":{"index":"index","follow":"follow","max-snippet":"max-snippet:-1","max-image-preview":"max-image-preview:large","max-video-preview":"max-video-preview:-1"},"canonical":"https:\/\/www.venisecollection.com\/de\/shop\/women\/mary-jane\/venise-seraphine","og_locale":"de_DE","og_type":"article","og_title":"VENISE Seraphine - VENISE COLLECTION","og_description":"Die VENISE Seraphine Mary Janes verbinden zeitlosen Charme mit modernem Komfort. Entworfen mit einer eckigen Spitze und einem stabilen Blockabsatz, bieten sie m\u00fchelosen Stil und ganzt\u00e4gigen Tragekomfort. Gefertigt aus hochwertigem Kunstleder, verf\u00fcgen sie \u00fcber ein warmes Futter, ideal f\u00fcr k\u00fchlere Jahreszeiten. Der raffinierte Riemen mit Schnalle und elastischem Einsatz gew\u00e4hrleistet einen sicheren und eleganten Sitz.","og_url":"https:\/\/www.venisecollection.com\/de\/shop\/women\/mary-jane\/venise-seraphine","og_site_name":"VENISE COLLECTION","article_modified_time":"2026-04-15T00:16:22+00:00","og_image":[{"width":1280,"height":1588,"url":"https:\/\/www.venisecollection.com\/cdn\/image.psd-267.webp","type":"image\/webp"}],"twitter_card":"summary_large_image","schema":{"@context":"https:\/\/schema.org","@graph":[{"@type":"WebPage","@id":"https:\/\/www.venisecollection.com\/de\/shop\/women\/mary-jane\/venise-seraphine","url":"https:\/\/www.venisecollection.com\/de\/shop\/women\/mary-jane\/venise-seraphine","name":"VENISE Seraphine - VENISE COLLECTION","isPartOf":{"@id":"https:\/\/www.venisecollection.com\/de#website"},"primaryImageOfPage":{"@id":"https:\/\/www.venisecollection.com\/de\/shop\/women\/mary-jane\/venise-seraphine#primaryimage"},"image":{"@id":"https:\/\/www.venisecollection.com\/de\/shop\/women\/mary-jane\/venise-seraphine#primaryimage"},"thumbnailUrl":"https:\/\/www.venisecollection.com\/cdn\/image.psd-267.webp","datePublished":"2025-11-20T15:58:06+00:00","dateModified":"2026-04-15T00:16:22+00:00","breadcrumb":{"@id":"https:\/\/www.venisecollection.com\/de\/shop\/women\/mary-jane\/venise-seraphine#breadcrumb"},"inLanguage":"de","potentialAction":[{"@type":"ReadAction","target":["https:\/\/www.venisecollection.com\/de\/shop\/women\/mary-jane\/venise-seraphine"]}]},{"@type":"ImageObject","inLanguage":"de","@id":"https:\/\/www.venisecollection.com\/de\/shop\/women\/mary-jane\/venise-seraphine#primaryimage","url":"https:\/\/www.venisecollection.com\/cdn\/image.psd-267.webp","contentUrl":"https:\/\/www.venisecollection.com\/cdn\/image.psd-267.webp","width":1280,"height":1588},{"@type":"BreadcrumbList","@id":"https:\/\/www.venisecollection.com\/de\/shop\/women\/mary-jane\/venise-seraphine#breadcrumb","itemListElement":[{"@type":"ListItem","position":1,"name":"Home","item":"https:\/\/www.venisecollection.com\/de\/shop"},{"@type":"ListItem","position":2,"name":"Startseite","item":"https:\/\/www.venisecollection.com\/de\/shop"},{"@type":"ListItem","position":3,"name":"VENISE Seraphine"}]},{"@type":"WebSite","@id":"https:\/\/www.venisecollection.com\/de#website","url":"https:\/\/www.venisecollection.com\/de","name":"VENISE COLLECTION","description":"","publisher":{"@id":"https:\/\/www.venisecollection.com\/de#organization"},"potentialAction":[{"@type":"SearchAction","target":{"@type":"EntryPoint","urlTemplate":"https:\/\/www.venisecollection.com\/de?s={search_term_string}"},"query-input":{"@type":"PropertyValueSpecification","valueRequired":true,"valueName":"search_term_string"}}],"inLanguage":"de"},{"@type":"Organization","@id":"https:\/\/www.venisecollection.com\/de#organization","name":"VENISE COLLECTION","url":"https:\/\/www.venisecollection.com\/de","logo":{"@type":"ImageObject","inLanguage":"de","@id":"https:\/\/www.venisecollection.com\/de#\/schema\/logo\/image\/","url":"https:\/\/www.venisecollection.com\/cdn\/seo.png","contentUrl":"https:\/\/www.venisecollection.com\/cdn\/seo.png","width":1080,"height":1080,"caption":"VENISE COLLECTION"},"image":{"@id":"https:\/\/www.venisecollection.com\/de#\/schema\/logo\/image\/"},"sameAs":["https:\/\/www.instagram.com\/venisecollection\/","https:\/\/fr.pinterest.com\/venisecollection\/"]}]}},"_links":{"self":[{"href":"https:\/\/www.venisecollection.com\/de\/wp-json\/wp\/v2\/product\/8211","targetHints":{"allow":["GET"]}}],"collection":[{"href":"https:\/\/www.venisecollection.com\/de\/wp-json\/wp\/v2\/product"}],"about":[{"href":"https:\/\/www.venisecollection.com\/de\/wp-json\/wp\/v2\/types\/product"}],"wp:featuredmedia":[{"embeddable":true,"href":"https:\/\/www.venisecollection.com\/de\/wp-json\/wp\/v2\/media\/8218"}],"wp:attachment":[{"href":"https:\/\/www.venisecollection.com\/de\/wp-json\/wp\/v2\/media?parent=8211"}],"wp:term":[{"taxonomy":"product_brand","embeddable":true,"href":"https:\/\/www.venisecollection.com\/de\/wp-json\/wp\/v2\/product_brand?post=8211"},{"taxonomy":"product_cat","embeddable":true,"href":"https:\/\/www.venisecollection.com\/de\/wp-json\/wp\/v2\/product_cat?post=8211"},{"taxonomy":"product_tag","embeddable":true,"href":"https:\/\/www.venisecollection.com\/de\/wp-json\/wp\/v2\/product_tag?post=8211"}],"curies":[{"name":"wp","href":"https:\/\/api.w.org\/{rel}","templated":true}]}}