{"id":8236,"date":"2025-11-20T15:57:33","date_gmt":"2025-11-20T15:57:33","guid":{"rendered":"https:\/\/www.venisecollection.com\/shop\/women\/unkategorisiert\/leichte-plateausohle\/"},"modified":"2025-12-26T15:04:28","modified_gmt":"2025-12-26T15:04:28","slug":"leichte-plateausohle","status":"publish","type":"product","link":"https:\/\/www.venisecollection.com\/de\/shop\/women\/stiefel\/leichte-plateausohle","title":{"rendered":"Leichte Plateausohle"},"content":{"rendered":"<p style=\"text-align: justify;\" data-start=\"316\" data-end=\"782\">Betreten Sie moderne Eleganz mit diesen Wildleder-Stiefeletten mit elastischen Eins\u00e4tzen an der Seite und einer Zuglasche hinten f\u00fcr einfaches Anziehen. Entworfen mit einer markanten, zeitgem\u00e4\u00dfen Silhouette, sind sie aus wasserabweisendem Kalbsleder gefertigt und ruhen auf einer ultraleichten, luftexpandierten Gummisohle. <\/p>\n<p style=\"text-align: justify;\" data-start=\"316\" data-end=\"782\">Eine atmungsaktive Innensohle mit Aktivkohle sorgt f\u00fcr Komfort, w\u00e4hrend das Plateau und der Absatz f\u00fcr einen dezenten Auftritt sorgen, ohne die Stabilit\u00e4t zu beeintr\u00e4chtigen. Fachm\u00e4nnisch entworfen und hergestellt in Italien. <\/p>\n<p style=\"text-align: justify;\" data-start=\"784\" data-end=\"802\">Obermaterial: Wasserabweisendes Wildleder-Kalbsleder \u2013 Seitliche elastische Eins\u00e4tze &amp; Zuglasche hinten \u2013 Lederinnensohle mit atmungsaktiver Aktivkohle \u2013 Ultraleichte, luftexpandierte Gummisohle \u2013 Plateau: 5 cm | Absatz: 6,5 cm \u2013 Hergestellt in Italien<\/p>\n","protected":false},"excerpt":{"rendered":"<p>Betreten Sie moderne Eleganz mit diesen Wildleder-Stiefeletten mit elastischen Eins\u00e4tzen an der Seite und einer Zuglasche hinten f\u00fcr einfaches Anziehen. Entworfen mit einer markanten, zeitgem\u00e4\u00dfen Silhouette, sind sie aus wasserabweisendem Kalbsleder gefertigt und ruhen auf einer ultraleichten, luftexpandierten Gummisohle. Eine atmungsaktive Innensohle mit Aktivkohle sorgt f\u00fcr Komfort, w\u00e4hrend das Plateau und der Absatz f\u00fcr einen &hellip;<\/p>\n","protected":false},"featured_media":8238,"template":"","meta":[],"product_brand":[373],"product_cat":[115],"product_tag":[],"class_list":{"0":"post-8236","1":"product","2":"type-product","3":"status-publish","4":"has-post-thumbnail","6":"product_brand-agl","7":"product_cat-stiefel","9":"first","10":"outofstock","11":"shipping-taxable","12":"product-type-variable","13":"has-default-attributes"},"yoast_head":"<!-- This site is optimized with the Yoast SEO plugin v27.4 - https:\/\/yoast.com\/product\/yoast-seo-wordpress\/ -->\n<title>Leichte Plateausohle - VENISE COLLECTION<\/title>\n<meta name=\"robots\" content=\"index, follow, max-snippet:-1, max-image-preview:large, max-video-preview:-1\" \/>\n<link rel=\"canonical\" href=\"https:\/\/www.venisecollection.com\/de\/shop\/women\/stiefel\/leichte-plateausohle\" \/>\n<meta property=\"og:locale\" content=\"de_DE\" \/>\n<meta property=\"og:type\" content=\"article\" \/>\n<meta property=\"og:title\" content=\"Leichte Plateausohle - VENISE COLLECTION\" \/>\n<meta property=\"og:description\" content=\"Betreten Sie moderne Eleganz mit diesen Wildleder-Stiefeletten mit elastischen Eins\u00e4tzen an der Seite und einer Zuglasche hinten f\u00fcr einfaches Anziehen. Entworfen mit einer markanten, zeitgem\u00e4\u00dfen Silhouette, sind sie aus wasserabweisendem Kalbsleder gefertigt und ruhen auf einer ultraleichten, luftexpandierten Gummisohle. Eine atmungsaktive Innensohle mit Aktivkohle sorgt f\u00fcr Komfort, w\u00e4hrend das Plateau und der Absatz f\u00fcr einen &hellip;\" \/>\n<meta property=\"og:url\" content=\"https:\/\/www.venisecollection.com\/de\/shop\/women\/stiefel\/leichte-plateausohle\" \/>\n<meta property=\"og:site_name\" content=\"VENISE COLLECTION\" \/>\n<meta property=\"article:modified_time\" content=\"2025-12-26T15:04:28+00:00\" \/>\n<meta property=\"og:image\" content=\"https:\/\/www.venisecollection.com\/cdn\/image-24-1-8.webp\" \/>\n\t<meta property=\"og:image:width\" content=\"1280\" \/>\n\t<meta property=\"og:image:height\" content=\"1588\" \/>\n\t<meta property=\"og:image:type\" content=\"image\/webp\" \/>\n<meta name=\"twitter:card\" content=\"summary_large_image\" \/>\n<meta name=\"twitter:label1\" content=\"Gesch\u00e4tzte Lesezeit\" \/>\n\t<meta name=\"twitter:data1\" content=\"1\u00a0Minute\" \/>\n<script type=\"application\/ld+json\" class=\"yoast-schema-graph\">{\"@context\":\"https:\\\/\\\/schema.org\",\"@graph\":[{\"@type\":\"WebPage\",\"@id\":\"https:\\\/\\\/www.venisecollection.com\\\/de\\\/shop\\\/women\\\/stiefel\\\/leichte-plateausohle\",\"url\":\"https:\\\/\\\/www.venisecollection.com\\\/de\\\/shop\\\/women\\\/stiefel\\\/leichte-plateausohle\",\"name\":\"Leichte Plateausohle - VENISE COLLECTION\",\"isPartOf\":{\"@id\":\"https:\\\/\\\/www.venisecollection.com\\\/de#website\"},\"primaryImageOfPage\":{\"@id\":\"https:\\\/\\\/www.venisecollection.com\\\/de\\\/shop\\\/women\\\/stiefel\\\/leichte-plateausohle#primaryimage\"},\"image\":{\"@id\":\"https:\\\/\\\/www.venisecollection.com\\\/de\\\/shop\\\/women\\\/stiefel\\\/leichte-plateausohle#primaryimage\"},\"thumbnailUrl\":\"https:\\\/\\\/www.venisecollection.com\\\/cdn\\\/image-24-1-8.webp\",\"datePublished\":\"2025-11-20T15:57:33+00:00\",\"dateModified\":\"2025-12-26T15:04:28+00:00\",\"breadcrumb\":{\"@id\":\"https:\\\/\\\/www.venisecollection.com\\\/de\\\/shop\\\/women\\\/stiefel\\\/leichte-plateausohle#breadcrumb\"},\"inLanguage\":\"de\",\"potentialAction\":[{\"@type\":\"ReadAction\",\"target\":[\"https:\\\/\\\/www.venisecollection.com\\\/de\\\/shop\\\/women\\\/stiefel\\\/leichte-plateausohle\"]}]},{\"@type\":\"ImageObject\",\"inLanguage\":\"de\",\"@id\":\"https:\\\/\\\/www.venisecollection.com\\\/de\\\/shop\\\/women\\\/stiefel\\\/leichte-plateausohle#primaryimage\",\"url\":\"https:\\\/\\\/www.venisecollection.com\\\/cdn\\\/image-24-1-8.webp\",\"contentUrl\":\"https:\\\/\\\/www.venisecollection.com\\\/cdn\\\/image-24-1-8.webp\",\"width\":1280,\"height\":1588},{\"@type\":\"BreadcrumbList\",\"@id\":\"https:\\\/\\\/www.venisecollection.com\\\/de\\\/shop\\\/women\\\/stiefel\\\/leichte-plateausohle#breadcrumb\",\"itemListElement\":[{\"@type\":\"ListItem\",\"position\":1,\"name\":\"Home\",\"item\":\"https:\\\/\\\/www.venisecollection.com\\\/de\\\/shop\"},{\"@type\":\"ListItem\",\"position\":2,\"name\":\"Startseite\",\"item\":\"https:\\\/\\\/www.venisecollection.com\\\/de\\\/shop\"},{\"@type\":\"ListItem\",\"position\":3,\"name\":\"Leichte Plateausohle\"}]},{\"@type\":\"WebSite\",\"@id\":\"https:\\\/\\\/www.venisecollection.com\\\/de#website\",\"url\":\"https:\\\/\\\/www.venisecollection.com\\\/de\",\"name\":\"VENISE COLLECTION\",\"description\":\"\",\"publisher\":{\"@id\":\"https:\\\/\\\/www.venisecollection.com\\\/de#organization\"},\"potentialAction\":[{\"@type\":\"SearchAction\",\"target\":{\"@type\":\"EntryPoint\",\"urlTemplate\":\"https:\\\/\\\/www.venisecollection.com\\\/de?s={search_term_string}\"},\"query-input\":{\"@type\":\"PropertyValueSpecification\",\"valueRequired\":true,\"valueName\":\"search_term_string\"}}],\"inLanguage\":\"de\"},{\"@type\":\"Organization\",\"@id\":\"https:\\\/\\\/www.venisecollection.com\\\/de#organization\",\"name\":\"VENISE COLLECTION\",\"url\":\"https:\\\/\\\/www.venisecollection.com\\\/de\",\"logo\":{\"@type\":\"ImageObject\",\"inLanguage\":\"de\",\"@id\":\"https:\\\/\\\/www.venisecollection.com\\\/de#\\\/schema\\\/logo\\\/image\\\/\",\"url\":\"https:\\\/\\\/www.venisecollection.com\\\/cdn\\\/seo.png\",\"contentUrl\":\"https:\\\/\\\/www.venisecollection.com\\\/cdn\\\/seo.png\",\"width\":1080,\"height\":1080,\"caption\":\"VENISE COLLECTION\"},\"image\":{\"@id\":\"https:\\\/\\\/www.venisecollection.com\\\/de#\\\/schema\\\/logo\\\/image\\\/\"},\"sameAs\":[\"https:\\\/\\\/www.instagram.com\\\/venisecollection\\\/\",\"https:\\\/\\\/fr.pinterest.com\\\/venisecollection\\\/\"]}]}<\/script>\n<!-- \/ Yoast SEO plugin. -->","yoast_head_json":{"title":"Leichte Plateausohle - VENISE COLLECTION","robots":{"index":"index","follow":"follow","max-snippet":"max-snippet:-1","max-image-preview":"max-image-preview:large","max-video-preview":"max-video-preview:-1"},"canonical":"https:\/\/www.venisecollection.com\/de\/shop\/women\/stiefel\/leichte-plateausohle","og_locale":"de_DE","og_type":"article","og_title":"Leichte Plateausohle - VENISE COLLECTION","og_description":"Betreten Sie moderne Eleganz mit diesen Wildleder-Stiefeletten mit elastischen Eins\u00e4tzen an der Seite und einer Zuglasche hinten f\u00fcr einfaches Anziehen. Entworfen mit einer markanten, zeitgem\u00e4\u00dfen Silhouette, sind sie aus wasserabweisendem Kalbsleder gefertigt und ruhen auf einer ultraleichten, luftexpandierten Gummisohle. Eine atmungsaktive Innensohle mit Aktivkohle sorgt f\u00fcr Komfort, w\u00e4hrend das Plateau und der Absatz f\u00fcr einen &hellip;","og_url":"https:\/\/www.venisecollection.com\/de\/shop\/women\/stiefel\/leichte-plateausohle","og_site_name":"VENISE COLLECTION","article_modified_time":"2025-12-26T15:04:28+00:00","og_image":[{"width":1280,"height":1588,"url":"https:\/\/www.venisecollection.com\/cdn\/image-24-1-8.webp","type":"image\/webp"}],"twitter_card":"summary_large_image","twitter_misc":{"Gesch\u00e4tzte Lesezeit":"1\u00a0Minute"},"schema":{"@context":"https:\/\/schema.org","@graph":[{"@type":"WebPage","@id":"https:\/\/www.venisecollection.com\/de\/shop\/women\/stiefel\/leichte-plateausohle","url":"https:\/\/www.venisecollection.com\/de\/shop\/women\/stiefel\/leichte-plateausohle","name":"Leichte Plateausohle - VENISE COLLECTION","isPartOf":{"@id":"https:\/\/www.venisecollection.com\/de#website"},"primaryImageOfPage":{"@id":"https:\/\/www.venisecollection.com\/de\/shop\/women\/stiefel\/leichte-plateausohle#primaryimage"},"image":{"@id":"https:\/\/www.venisecollection.com\/de\/shop\/women\/stiefel\/leichte-plateausohle#primaryimage"},"thumbnailUrl":"https:\/\/www.venisecollection.com\/cdn\/image-24-1-8.webp","datePublished":"2025-11-20T15:57:33+00:00","dateModified":"2025-12-26T15:04:28+00:00","breadcrumb":{"@id":"https:\/\/www.venisecollection.com\/de\/shop\/women\/stiefel\/leichte-plateausohle#breadcrumb"},"inLanguage":"de","potentialAction":[{"@type":"ReadAction","target":["https:\/\/www.venisecollection.com\/de\/shop\/women\/stiefel\/leichte-plateausohle"]}]},{"@type":"ImageObject","inLanguage":"de","@id":"https:\/\/www.venisecollection.com\/de\/shop\/women\/stiefel\/leichte-plateausohle#primaryimage","url":"https:\/\/www.venisecollection.com\/cdn\/image-24-1-8.webp","contentUrl":"https:\/\/www.venisecollection.com\/cdn\/image-24-1-8.webp","width":1280,"height":1588},{"@type":"BreadcrumbList","@id":"https:\/\/www.venisecollection.com\/de\/shop\/women\/stiefel\/leichte-plateausohle#breadcrumb","itemListElement":[{"@type":"ListItem","position":1,"name":"Home","item":"https:\/\/www.venisecollection.com\/de\/shop"},{"@type":"ListItem","position":2,"name":"Startseite","item":"https:\/\/www.venisecollection.com\/de\/shop"},{"@type":"ListItem","position":3,"name":"Leichte Plateausohle"}]},{"@type":"WebSite","@id":"https:\/\/www.venisecollection.com\/de#website","url":"https:\/\/www.venisecollection.com\/de","name":"VENISE COLLECTION","description":"","publisher":{"@id":"https:\/\/www.venisecollection.com\/de#organization"},"potentialAction":[{"@type":"SearchAction","target":{"@type":"EntryPoint","urlTemplate":"https:\/\/www.venisecollection.com\/de?s={search_term_string}"},"query-input":{"@type":"PropertyValueSpecification","valueRequired":true,"valueName":"search_term_string"}}],"inLanguage":"de"},{"@type":"Organization","@id":"https:\/\/www.venisecollection.com\/de#organization","name":"VENISE COLLECTION","url":"https:\/\/www.venisecollection.com\/de","logo":{"@type":"ImageObject","inLanguage":"de","@id":"https:\/\/www.venisecollection.com\/de#\/schema\/logo\/image\/","url":"https:\/\/www.venisecollection.com\/cdn\/seo.png","contentUrl":"https:\/\/www.venisecollection.com\/cdn\/seo.png","width":1080,"height":1080,"caption":"VENISE COLLECTION"},"image":{"@id":"https:\/\/www.venisecollection.com\/de#\/schema\/logo\/image\/"},"sameAs":["https:\/\/www.instagram.com\/venisecollection\/","https:\/\/fr.pinterest.com\/venisecollection\/"]}]}},"_links":{"self":[{"href":"https:\/\/www.venisecollection.com\/de\/wp-json\/wp\/v2\/product\/8236","targetHints":{"allow":["GET"]}}],"collection":[{"href":"https:\/\/www.venisecollection.com\/de\/wp-json\/wp\/v2\/product"}],"about":[{"href":"https:\/\/www.venisecollection.com\/de\/wp-json\/wp\/v2\/types\/product"}],"wp:featuredmedia":[{"embeddable":true,"href":"https:\/\/www.venisecollection.com\/de\/wp-json\/wp\/v2\/media\/8238"}],"wp:attachment":[{"href":"https:\/\/www.venisecollection.com\/de\/wp-json\/wp\/v2\/media?parent=8236"}],"wp:term":[{"taxonomy":"product_brand","embeddable":true,"href":"https:\/\/www.venisecollection.com\/de\/wp-json\/wp\/v2\/product_brand?post=8236"},{"taxonomy":"product_cat","embeddable":true,"href":"https:\/\/www.venisecollection.com\/de\/wp-json\/wp\/v2\/product_cat?post=8236"},{"taxonomy":"product_tag","embeddable":true,"href":"https:\/\/www.venisecollection.com\/de\/wp-json\/wp\/v2\/product_tag?post=8236"}],"curies":[{"name":"wp","href":"https:\/\/api.w.org\/{rel}","templated":true}]}}