{"id":8237,"date":"2025-12-20T15:58:10","date_gmt":"2025-12-20T15:58:10","guid":{"rendered":"https:\/\/www.venisecollection.com\/shop\/women\/unkategorisiert\/cavalia-stiefel\/"},"modified":"2026-04-30T00:50:14","modified_gmt":"2026-04-30T00:50:14","slug":"cavalia-stiefel","status":"publish","type":"product","link":"https:\/\/www.venisecollection.com\/de\/shop\/women\/tall-boots\/cavalia-stiefel","title":{"rendered":"CAVALIA Stiefel"},"content":{"rendered":"<p style=\"text-align: justify;\" data-start=\"1357\" data-end=\"1636\">Betreten Sie die B\u00fchne der k\u00fchnen Eleganz mit diesen klobigen Leder-Ankle-Boots. Mit einer Profilsohle und einem 8 cm hohen, lederbezogenen Absatz vereinen sie modernes Design mit ganzt\u00e4giger Stabilit\u00e4t. Die seitlichen elastischen Eins\u00e4tze und die Zuglasche hinten gew\u00e4hrleisten m\u00fcheloses Tragen und Komfort.  <\/p>\n<p style=\"text-align: justify;\" data-start=\"1357\" data-end=\"1636\"><br data-start=\"1956\" data-end=\"1959\">Verwenden Sie Lederreiniger nur, wenn es unbedingt erforderlich ist. Pflegen Sie das Leder mit einer weichen Creme, Wachs oder einer Polierpaste. Vermeiden Sie fl\u00fcssige Poliermittel, da diese das Leder austrocknen. Lassen Sie die Schuhe 10 Minuten ruhen, b\u00fcrsten Sie sie mit einer speziellen Schuhb\u00fcrste und polieren Sie sie abschlie\u00dfend mit einem weichen Tuch, um einen dauerhaften Glanz zu erzielen.   <\/p>\n","protected":false},"excerpt":{"rendered":"<p>Betreten Sie die B\u00fchne der k\u00fchnen Eleganz mit diesen klobigen Leder-Ankle-Boots. Mit einer Profilsohle und einem 8 cm hohen, lederbezogenen Absatz vereinen sie modernes Design mit ganzt\u00e4giger Stabilit\u00e4t. Die seitlichen elastischen Eins\u00e4tze und die Zuglasche hinten gew\u00e4hrleisten m\u00fcheloses Tragen und Komfort. Verwenden Sie Lederreiniger nur, wenn es unbedingt erforderlich ist. Pflegen Sie das Leder mit &hellip;<\/p>\n","protected":false},"featured_media":8256,"template":"","meta":[],"product_brand":[79],"product_cat":[71],"product_tag":[],"class_list":{"0":"post-8237","1":"product","2":"type-product","3":"status-publish","4":"has-post-thumbnail","6":"product_brand-agl","7":"product_cat-tall-boots","9":"first","10":"instock","11":"shipping-taxable","12":"purchasable","13":"product-type-variable","14":"has-default-attributes"},"yoast_head":"<!-- This site is optimized with the Yoast SEO plugin v27.5 - https:\/\/yoast.com\/product\/yoast-seo-wordpress\/ -->\n<title>CAVALIA Stiefel - VENISE COLLECTION<\/title>\n<meta name=\"robots\" content=\"index, follow, max-snippet:-1, max-image-preview:large, max-video-preview:-1\" \/>\n<link rel=\"canonical\" href=\"https:\/\/www.venisecollection.com\/de\/shop\/women\/tall-boots\/cavalia-stiefel\" \/>\n<meta property=\"og:locale\" content=\"de_DE\" \/>\n<meta property=\"og:type\" content=\"article\" \/>\n<meta property=\"og:title\" content=\"CAVALIA Stiefel - VENISE COLLECTION\" \/>\n<meta property=\"og:description\" content=\"Betreten Sie die B\u00fchne der k\u00fchnen Eleganz mit diesen klobigen Leder-Ankle-Boots. Mit einer Profilsohle und einem 8 cm hohen, lederbezogenen Absatz vereinen sie modernes Design mit ganzt\u00e4giger Stabilit\u00e4t. Die seitlichen elastischen Eins\u00e4tze und die Zuglasche hinten gew\u00e4hrleisten m\u00fcheloses Tragen und Komfort. Verwenden Sie Lederreiniger nur, wenn es unbedingt erforderlich ist. Pflegen Sie das Leder mit &hellip;\" \/>\n<meta property=\"og:url\" content=\"https:\/\/www.venisecollection.com\/de\/shop\/women\/tall-boots\/cavalia-stiefel\" \/>\n<meta property=\"og:site_name\" content=\"VENISE COLLECTION\" \/>\n<meta property=\"article:modified_time\" content=\"2026-04-30T00:50:14+00:00\" \/>\n<meta property=\"og:image\" content=\"https:\/\/www.venisecollection.com\/cdn\/image.psd-262.webp\" \/>\n\t<meta property=\"og:image:width\" content=\"1280\" \/>\n\t<meta property=\"og:image:height\" content=\"1588\" \/>\n\t<meta property=\"og:image:type\" content=\"image\/webp\" \/>\n<meta name=\"twitter:card\" content=\"summary_large_image\" \/>\n<meta name=\"twitter:label1\" content=\"Gesch\u00e4tzte Lesezeit\" \/>\n\t<meta name=\"twitter:data1\" content=\"1\u00a0Minute\" \/>\n<script type=\"application\/ld+json\" class=\"yoast-schema-graph\">{\"@context\":\"https:\\\/\\\/schema.org\",\"@graph\":[{\"@type\":\"WebPage\",\"@id\":\"https:\\\/\\\/www.venisecollection.com\\\/de\\\/shop\\\/women\\\/tall-boots\\\/cavalia-stiefel\",\"url\":\"https:\\\/\\\/www.venisecollection.com\\\/de\\\/shop\\\/women\\\/tall-boots\\\/cavalia-stiefel\",\"name\":\"CAVALIA Stiefel - VENISE COLLECTION\",\"isPartOf\":{\"@id\":\"https:\\\/\\\/www.venisecollection.com\\\/de#website\"},\"primaryImageOfPage\":{\"@id\":\"https:\\\/\\\/www.venisecollection.com\\\/de\\\/shop\\\/women\\\/tall-boots\\\/cavalia-stiefel#primaryimage\"},\"image\":{\"@id\":\"https:\\\/\\\/www.venisecollection.com\\\/de\\\/shop\\\/women\\\/tall-boots\\\/cavalia-stiefel#primaryimage\"},\"thumbnailUrl\":\"https:\\\/\\\/www.venisecollection.com\\\/cdn\\\/image.psd-262.webp\",\"datePublished\":\"2025-12-20T15:58:10+00:00\",\"dateModified\":\"2026-04-30T00:50:14+00:00\",\"breadcrumb\":{\"@id\":\"https:\\\/\\\/www.venisecollection.com\\\/de\\\/shop\\\/women\\\/tall-boots\\\/cavalia-stiefel#breadcrumb\"},\"inLanguage\":\"de\",\"potentialAction\":[{\"@type\":\"ReadAction\",\"target\":[\"https:\\\/\\\/www.venisecollection.com\\\/de\\\/shop\\\/women\\\/tall-boots\\\/cavalia-stiefel\"]}]},{\"@type\":\"ImageObject\",\"inLanguage\":\"de\",\"@id\":\"https:\\\/\\\/www.venisecollection.com\\\/de\\\/shop\\\/women\\\/tall-boots\\\/cavalia-stiefel#primaryimage\",\"url\":\"https:\\\/\\\/www.venisecollection.com\\\/cdn\\\/image.psd-262.webp\",\"contentUrl\":\"https:\\\/\\\/www.venisecollection.com\\\/cdn\\\/image.psd-262.webp\",\"width\":1280,\"height\":1588},{\"@type\":\"BreadcrumbList\",\"@id\":\"https:\\\/\\\/www.venisecollection.com\\\/de\\\/shop\\\/women\\\/tall-boots\\\/cavalia-stiefel#breadcrumb\",\"itemListElement\":[{\"@type\":\"ListItem\",\"position\":1,\"name\":\"Home\",\"item\":\"https:\\\/\\\/www.venisecollection.com\\\/de\\\/shop\"},{\"@type\":\"ListItem\",\"position\":2,\"name\":\"Startseite\",\"item\":\"https:\\\/\\\/www.venisecollection.com\\\/de\\\/shop\"},{\"@type\":\"ListItem\",\"position\":3,\"name\":\"CAVALIA Stiefel\"}]},{\"@type\":\"WebSite\",\"@id\":\"https:\\\/\\\/www.venisecollection.com\\\/de#website\",\"url\":\"https:\\\/\\\/www.venisecollection.com\\\/de\",\"name\":\"VENISE COLLECTION\",\"description\":\"\",\"publisher\":{\"@id\":\"https:\\\/\\\/www.venisecollection.com\\\/de#organization\"},\"potentialAction\":[{\"@type\":\"SearchAction\",\"target\":{\"@type\":\"EntryPoint\",\"urlTemplate\":\"https:\\\/\\\/www.venisecollection.com\\\/de?s={search_term_string}\"},\"query-input\":{\"@type\":\"PropertyValueSpecification\",\"valueRequired\":true,\"valueName\":\"search_term_string\"}}],\"inLanguage\":\"de\"},{\"@type\":\"Organization\",\"@id\":\"https:\\\/\\\/www.venisecollection.com\\\/de#organization\",\"name\":\"VENISE COLLECTION\",\"url\":\"https:\\\/\\\/www.venisecollection.com\\\/de\",\"logo\":{\"@type\":\"ImageObject\",\"inLanguage\":\"de\",\"@id\":\"https:\\\/\\\/www.venisecollection.com\\\/de#\\\/schema\\\/logo\\\/image\\\/\",\"url\":\"https:\\\/\\\/www.venisecollection.com\\\/cdn\\\/seo.png\",\"contentUrl\":\"https:\\\/\\\/www.venisecollection.com\\\/cdn\\\/seo.png\",\"width\":1080,\"height\":1080,\"caption\":\"VENISE COLLECTION\"},\"image\":{\"@id\":\"https:\\\/\\\/www.venisecollection.com\\\/de#\\\/schema\\\/logo\\\/image\\\/\"},\"sameAs\":[\"https:\\\/\\\/www.instagram.com\\\/venisecollection\\\/\",\"https:\\\/\\\/fr.pinterest.com\\\/venisecollection\\\/\"]}]}<\/script>\n<!-- \/ Yoast SEO plugin. -->","yoast_head_json":{"title":"CAVALIA Stiefel - VENISE COLLECTION","robots":{"index":"index","follow":"follow","max-snippet":"max-snippet:-1","max-image-preview":"max-image-preview:large","max-video-preview":"max-video-preview:-1"},"canonical":"https:\/\/www.venisecollection.com\/de\/shop\/women\/tall-boots\/cavalia-stiefel","og_locale":"de_DE","og_type":"article","og_title":"CAVALIA Stiefel - VENISE COLLECTION","og_description":"Betreten Sie die B\u00fchne der k\u00fchnen Eleganz mit diesen klobigen Leder-Ankle-Boots. Mit einer Profilsohle und einem 8 cm hohen, lederbezogenen Absatz vereinen sie modernes Design mit ganzt\u00e4giger Stabilit\u00e4t. Die seitlichen elastischen Eins\u00e4tze und die Zuglasche hinten gew\u00e4hrleisten m\u00fcheloses Tragen und Komfort. Verwenden Sie Lederreiniger nur, wenn es unbedingt erforderlich ist. Pflegen Sie das Leder mit &hellip;","og_url":"https:\/\/www.venisecollection.com\/de\/shop\/women\/tall-boots\/cavalia-stiefel","og_site_name":"VENISE COLLECTION","article_modified_time":"2026-04-30T00:50:14+00:00","og_image":[{"width":1280,"height":1588,"url":"https:\/\/www.venisecollection.com\/cdn\/image.psd-262.webp","type":"image\/webp"}],"twitter_card":"summary_large_image","twitter_misc":{"Gesch\u00e4tzte Lesezeit":"1\u00a0Minute"},"schema":{"@context":"https:\/\/schema.org","@graph":[{"@type":"WebPage","@id":"https:\/\/www.venisecollection.com\/de\/shop\/women\/tall-boots\/cavalia-stiefel","url":"https:\/\/www.venisecollection.com\/de\/shop\/women\/tall-boots\/cavalia-stiefel","name":"CAVALIA Stiefel - VENISE COLLECTION","isPartOf":{"@id":"https:\/\/www.venisecollection.com\/de#website"},"primaryImageOfPage":{"@id":"https:\/\/www.venisecollection.com\/de\/shop\/women\/tall-boots\/cavalia-stiefel#primaryimage"},"image":{"@id":"https:\/\/www.venisecollection.com\/de\/shop\/women\/tall-boots\/cavalia-stiefel#primaryimage"},"thumbnailUrl":"https:\/\/www.venisecollection.com\/cdn\/image.psd-262.webp","datePublished":"2025-12-20T15:58:10+00:00","dateModified":"2026-04-30T00:50:14+00:00","breadcrumb":{"@id":"https:\/\/www.venisecollection.com\/de\/shop\/women\/tall-boots\/cavalia-stiefel#breadcrumb"},"inLanguage":"de","potentialAction":[{"@type":"ReadAction","target":["https:\/\/www.venisecollection.com\/de\/shop\/women\/tall-boots\/cavalia-stiefel"]}]},{"@type":"ImageObject","inLanguage":"de","@id":"https:\/\/www.venisecollection.com\/de\/shop\/women\/tall-boots\/cavalia-stiefel#primaryimage","url":"https:\/\/www.venisecollection.com\/cdn\/image.psd-262.webp","contentUrl":"https:\/\/www.venisecollection.com\/cdn\/image.psd-262.webp","width":1280,"height":1588},{"@type":"BreadcrumbList","@id":"https:\/\/www.venisecollection.com\/de\/shop\/women\/tall-boots\/cavalia-stiefel#breadcrumb","itemListElement":[{"@type":"ListItem","position":1,"name":"Home","item":"https:\/\/www.venisecollection.com\/de\/shop"},{"@type":"ListItem","position":2,"name":"Startseite","item":"https:\/\/www.venisecollection.com\/de\/shop"},{"@type":"ListItem","position":3,"name":"CAVALIA Stiefel"}]},{"@type":"WebSite","@id":"https:\/\/www.venisecollection.com\/de#website","url":"https:\/\/www.venisecollection.com\/de","name":"VENISE COLLECTION","description":"","publisher":{"@id":"https:\/\/www.venisecollection.com\/de#organization"},"potentialAction":[{"@type":"SearchAction","target":{"@type":"EntryPoint","urlTemplate":"https:\/\/www.venisecollection.com\/de?s={search_term_string}"},"query-input":{"@type":"PropertyValueSpecification","valueRequired":true,"valueName":"search_term_string"}}],"inLanguage":"de"},{"@type":"Organization","@id":"https:\/\/www.venisecollection.com\/de#organization","name":"VENISE COLLECTION","url":"https:\/\/www.venisecollection.com\/de","logo":{"@type":"ImageObject","inLanguage":"de","@id":"https:\/\/www.venisecollection.com\/de#\/schema\/logo\/image\/","url":"https:\/\/www.venisecollection.com\/cdn\/seo.png","contentUrl":"https:\/\/www.venisecollection.com\/cdn\/seo.png","width":1080,"height":1080,"caption":"VENISE COLLECTION"},"image":{"@id":"https:\/\/www.venisecollection.com\/de#\/schema\/logo\/image\/"},"sameAs":["https:\/\/www.instagram.com\/venisecollection\/","https:\/\/fr.pinterest.com\/venisecollection\/"]}]}},"_links":{"self":[{"href":"https:\/\/www.venisecollection.com\/de\/wp-json\/wp\/v2\/product\/8237","targetHints":{"allow":["GET"]}}],"collection":[{"href":"https:\/\/www.venisecollection.com\/de\/wp-json\/wp\/v2\/product"}],"about":[{"href":"https:\/\/www.venisecollection.com\/de\/wp-json\/wp\/v2\/types\/product"}],"wp:featuredmedia":[{"embeddable":true,"href":"https:\/\/www.venisecollection.com\/de\/wp-json\/wp\/v2\/media\/8256"}],"wp:attachment":[{"href":"https:\/\/www.venisecollection.com\/de\/wp-json\/wp\/v2\/media?parent=8237"}],"wp:term":[{"taxonomy":"product_brand","embeddable":true,"href":"https:\/\/www.venisecollection.com\/de\/wp-json\/wp\/v2\/product_brand?post=8237"},{"taxonomy":"product_cat","embeddable":true,"href":"https:\/\/www.venisecollection.com\/de\/wp-json\/wp\/v2\/product_cat?post=8237"},{"taxonomy":"product_tag","embeddable":true,"href":"https:\/\/www.venisecollection.com\/de\/wp-json\/wp\/v2\/product_tag?post=8237"}],"curies":[{"name":"wp","href":"https:\/\/api.w.org\/{rel}","templated":true}]}}