{"id":16581,"date":"2025-12-30T17:25:56","date_gmt":"2025-12-30T17:25:56","guid":{"rendered":"https:\/\/www.venisecollection.com\/?post_type=product&#038;p=16581"},"modified":"2025-12-30T17:43:08","modified_gmt":"2025-12-30T17:43:08","slug":"navy-striped-pointed-slingbacks","status":"publish","type":"product","link":"https:\/\/www.venisecollection.com\/es\/shop\/women\/zapatos-de-salon\/navy-striped-pointed-slingbacks","title":{"rendered":"Navy Striped Pointed Slingbacks"},"content":{"rendered":"<p data-path-to-node=\"33\">Los <b data-path-to-node=\"33\" data-index-in-node=\"42\">Navy Striped Pointed Slingbacks<\/b> traen la elegancia del Mediterr\u00e1neo a tu armario.<\/p>\n<ul data-path-to-node=\"34\">\n<li>\n<p data-path-to-node=\"34,0,0\"><b data-path-to-node=\"34,0,0\" data-index-in-node=\"0\">Dise\u00f1o Gr\u00e1fico:<\/b> El estampado de rayas en zig-zag (chevron) estiliza el pie y a\u00f1ade un toque din\u00e1mico.<\/p>\n<\/li>\n<li>\n<p data-path-to-node=\"34,1,0\"><b data-path-to-node=\"34,1,0\" data-index-in-node=\"0\">Punta Fina:<\/b> Aporta formalidad y elegancia, ideal para ocasiones especiales.<\/p>\n<\/li>\n<li>\n<p data-path-to-node=\"34,2,0\"><b data-path-to-node=\"34,2,0\" data-index-in-node=\"0\">Tac\u00f3n Kitten:<\/b> Un tac\u00f3n fino y sensato que estiliza sin cansar el pie.<\/p>\n<\/li>\n<li>\n<p data-path-to-node=\"34,3,0\"><b data-path-to-node=\"34,3,0\" data-index-in-node=\"0\">Detalles de Calidad:<\/b> Correa trasera de piel azul marino con hebilla ajustable.<\/p>\n<\/li>\n<li>\n<p data-path-to-node=\"34,4,0\"><b data-path-to-node=\"34,4,0\" data-index-in-node=\"0\">Versatilidad:<\/b> Comb\u00ednalos con pantalones capri blancos o faldas fluidas para un look impecable.<\/p>\n<\/li>\n<\/ul>\n","protected":false},"excerpt":{"rendered":"<p>Los Navy Striped Pointed Slingbacks traen la elegancia del Mediterr\u00e1neo a tu armario. Dise\u00f1o Gr\u00e1fico: El estampado de rayas en zig-zag (chevron) estiliza el pie y a\u00f1ade un toque din\u00e1mico. Punta Fina: Aporta formalidad y elegancia, ideal para ocasiones especiales. Tac\u00f3n Kitten: Un tac\u00f3n fino y sensato que estiliza sin cansar el pie. Detalles de &hellip;<\/p>\n","protected":false},"featured_media":16681,"template":"","meta":[],"product_brand":[358],"product_cat":[119],"product_tag":[],"class_list":{"0":"post-16581","1":"product","2":"type-product","3":"status-publish","4":"has-post-thumbnail","6":"product_brand-venise-collection","7":"product_cat-zapatos-de-salon","9":"first","10":"instock","11":"shipping-taxable","12":"purchasable","13":"product-type-variable","14":"has-default-attributes"},"yoast_head":"<!-- This site is optimized with the Yoast SEO plugin v27.3 - https:\/\/yoast.com\/product\/yoast-seo-wordpress\/ -->\n<title>Navy Striped Pointed Slingbacks - VENISE COLLECTION<\/title>\n<meta name=\"robots\" content=\"index, follow, max-snippet:-1, max-image-preview:large, max-video-preview:-1\" \/>\n<link rel=\"canonical\" href=\"https:\/\/www.venisecollection.com\/es\/shop\/women\/zapatos-de-salon\/navy-striped-pointed-slingbacks\" \/>\n<meta property=\"og:locale\" content=\"es_ES\" \/>\n<meta property=\"og:type\" content=\"article\" \/>\n<meta property=\"og:title\" content=\"Navy Striped Pointed Slingbacks - VENISE COLLECTION\" \/>\n<meta property=\"og:description\" content=\"Los Navy Striped Pointed Slingbacks traen la elegancia del Mediterr\u00e1neo a tu armario. Dise\u00f1o Gr\u00e1fico: El estampado de rayas en zig-zag (chevron) estiliza el pie y a\u00f1ade un toque din\u00e1mico. Punta Fina: Aporta formalidad y elegancia, ideal para ocasiones especiales. Tac\u00f3n Kitten: Un tac\u00f3n fino y sensato que estiliza sin cansar el pie. Detalles de &hellip;\" \/>\n<meta property=\"og:url\" content=\"https:\/\/www.venisecollection.com\/es\/shop\/women\/zapatos-de-salon\/navy-striped-pointed-slingbacks\" \/>\n<meta property=\"og:site_name\" content=\"VENISE COLLECTION\" \/>\n<meta property=\"article:modified_time\" content=\"2025-12-30T17:43:08+00:00\" \/>\n<meta property=\"og:image\" content=\"https:\/\/www.venisecollection.com\/cdn\/image-35.webp\" \/>\n\t<meta property=\"og:image:width\" content=\"1280\" \/>\n\t<meta property=\"og:image:height\" content=\"1588\" \/>\n\t<meta property=\"og:image:type\" content=\"image\/webp\" \/>\n<meta name=\"twitter:card\" content=\"summary_large_image\" \/>\n<meta name=\"twitter:label1\" content=\"Tiempo de lectura\" \/>\n\t<meta name=\"twitter:data1\" content=\"1 minuto\" \/>\n<script type=\"application\/ld+json\" class=\"yoast-schema-graph\">{\"@context\":\"https:\\\/\\\/schema.org\",\"@graph\":[{\"@type\":\"WebPage\",\"@id\":\"https:\\\/\\\/www.venisecollection.com\\\/es\\\/shop\\\/women\\\/zapatos-de-salon\\\/navy-striped-pointed-slingbacks\",\"url\":\"https:\\\/\\\/www.venisecollection.com\\\/es\\\/shop\\\/women\\\/zapatos-de-salon\\\/navy-striped-pointed-slingbacks\",\"name\":\"Navy Striped Pointed Slingbacks - VENISE COLLECTION\",\"isPartOf\":{\"@id\":\"https:\\\/\\\/www.venisecollection.com\\\/es#website\"},\"primaryImageOfPage\":{\"@id\":\"https:\\\/\\\/www.venisecollection.com\\\/es\\\/shop\\\/women\\\/zapatos-de-salon\\\/navy-striped-pointed-slingbacks#primaryimage\"},\"image\":{\"@id\":\"https:\\\/\\\/www.venisecollection.com\\\/es\\\/shop\\\/women\\\/zapatos-de-salon\\\/navy-striped-pointed-slingbacks#primaryimage\"},\"thumbnailUrl\":\"https:\\\/\\\/www.venisecollection.com\\\/cdn\\\/image-35.webp\",\"datePublished\":\"2025-12-30T17:25:56+00:00\",\"dateModified\":\"2025-12-30T17:43:08+00:00\",\"breadcrumb\":{\"@id\":\"https:\\\/\\\/www.venisecollection.com\\\/es\\\/shop\\\/women\\\/zapatos-de-salon\\\/navy-striped-pointed-slingbacks#breadcrumb\"},\"inLanguage\":\"es\",\"potentialAction\":[{\"@type\":\"ReadAction\",\"target\":[\"https:\\\/\\\/www.venisecollection.com\\\/es\\\/shop\\\/women\\\/zapatos-de-salon\\\/navy-striped-pointed-slingbacks\"]}]},{\"@type\":\"ImageObject\",\"inLanguage\":\"es\",\"@id\":\"https:\\\/\\\/www.venisecollection.com\\\/es\\\/shop\\\/women\\\/zapatos-de-salon\\\/navy-striped-pointed-slingbacks#primaryimage\",\"url\":\"https:\\\/\\\/www.venisecollection.com\\\/cdn\\\/image-35.webp\",\"contentUrl\":\"https:\\\/\\\/www.venisecollection.com\\\/cdn\\\/image-35.webp\",\"width\":1280,\"height\":1588},{\"@type\":\"BreadcrumbList\",\"@id\":\"https:\\\/\\\/www.venisecollection.com\\\/es\\\/shop\\\/women\\\/zapatos-de-salon\\\/navy-striped-pointed-slingbacks#breadcrumb\",\"itemListElement\":[{\"@type\":\"ListItem\",\"position\":1,\"name\":\"Home\",\"item\":\"https:\\\/\\\/www.venisecollection.com\\\/es\\\/tienda\"},{\"@type\":\"ListItem\",\"position\":2,\"name\":\"Inicio\",\"item\":\"https:\\\/\\\/www.venisecollection.com\\\/es\\\/tienda\"},{\"@type\":\"ListItem\",\"position\":3,\"name\":\"Navy Striped Pointed Slingbacks\"}]},{\"@type\":\"WebSite\",\"@id\":\"https:\\\/\\\/www.venisecollection.com\\\/es#website\",\"url\":\"https:\\\/\\\/www.venisecollection.com\\\/es\",\"name\":\"VENISE COLLECTION\",\"description\":\"\",\"publisher\":{\"@id\":\"https:\\\/\\\/www.venisecollection.com\\\/es#organization\"},\"potentialAction\":[{\"@type\":\"SearchAction\",\"target\":{\"@type\":\"EntryPoint\",\"urlTemplate\":\"https:\\\/\\\/www.venisecollection.com\\\/es?s={search_term_string}\"},\"query-input\":{\"@type\":\"PropertyValueSpecification\",\"valueRequired\":true,\"valueName\":\"search_term_string\"}}],\"inLanguage\":\"es\"},{\"@type\":\"Organization\",\"@id\":\"https:\\\/\\\/www.venisecollection.com\\\/es#organization\",\"name\":\"VENISE COLLECTION\",\"url\":\"https:\\\/\\\/www.venisecollection.com\\\/es\",\"logo\":{\"@type\":\"ImageObject\",\"inLanguage\":\"es\",\"@id\":\"https:\\\/\\\/www.venisecollection.com\\\/es#\\\/schema\\\/logo\\\/image\\\/\",\"url\":\"https:\\\/\\\/www.venisecollection.com\\\/cdn\\\/seo.png\",\"contentUrl\":\"https:\\\/\\\/www.venisecollection.com\\\/cdn\\\/seo.png\",\"width\":1080,\"height\":1080,\"caption\":\"VENISE COLLECTION\"},\"image\":{\"@id\":\"https:\\\/\\\/www.venisecollection.com\\\/es#\\\/schema\\\/logo\\\/image\\\/\"},\"sameAs\":[\"https:\\\/\\\/www.instagram.com\\\/venisecollection\\\/\",\"https:\\\/\\\/fr.pinterest.com\\\/venisecollection\\\/\"]}]}<\/script>\n<!-- \/ Yoast SEO plugin. -->","yoast_head_json":{"title":"Navy Striped Pointed Slingbacks - VENISE COLLECTION","robots":{"index":"index","follow":"follow","max-snippet":"max-snippet:-1","max-image-preview":"max-image-preview:large","max-video-preview":"max-video-preview:-1"},"canonical":"https:\/\/www.venisecollection.com\/es\/shop\/women\/zapatos-de-salon\/navy-striped-pointed-slingbacks","og_locale":"es_ES","og_type":"article","og_title":"Navy Striped Pointed Slingbacks - VENISE COLLECTION","og_description":"Los Navy Striped Pointed Slingbacks traen la elegancia del Mediterr\u00e1neo a tu armario. Dise\u00f1o Gr\u00e1fico: El estampado de rayas en zig-zag (chevron) estiliza el pie y a\u00f1ade un toque din\u00e1mico. Punta Fina: Aporta formalidad y elegancia, ideal para ocasiones especiales. Tac\u00f3n Kitten: Un tac\u00f3n fino y sensato que estiliza sin cansar el pie. Detalles de &hellip;","og_url":"https:\/\/www.venisecollection.com\/es\/shop\/women\/zapatos-de-salon\/navy-striped-pointed-slingbacks","og_site_name":"VENISE COLLECTION","article_modified_time":"2025-12-30T17:43:08+00:00","og_image":[{"width":1280,"height":1588,"url":"https:\/\/www.venisecollection.com\/cdn\/image-35.webp","type":"image\/webp"}],"twitter_card":"summary_large_image","twitter_misc":{"Tiempo de lectura":"1 minuto"},"schema":{"@context":"https:\/\/schema.org","@graph":[{"@type":"WebPage","@id":"https:\/\/www.venisecollection.com\/es\/shop\/women\/zapatos-de-salon\/navy-striped-pointed-slingbacks","url":"https:\/\/www.venisecollection.com\/es\/shop\/women\/zapatos-de-salon\/navy-striped-pointed-slingbacks","name":"Navy Striped Pointed Slingbacks - VENISE COLLECTION","isPartOf":{"@id":"https:\/\/www.venisecollection.com\/es#website"},"primaryImageOfPage":{"@id":"https:\/\/www.venisecollection.com\/es\/shop\/women\/zapatos-de-salon\/navy-striped-pointed-slingbacks#primaryimage"},"image":{"@id":"https:\/\/www.venisecollection.com\/es\/shop\/women\/zapatos-de-salon\/navy-striped-pointed-slingbacks#primaryimage"},"thumbnailUrl":"https:\/\/www.venisecollection.com\/cdn\/image-35.webp","datePublished":"2025-12-30T17:25:56+00:00","dateModified":"2025-12-30T17:43:08+00:00","breadcrumb":{"@id":"https:\/\/www.venisecollection.com\/es\/shop\/women\/zapatos-de-salon\/navy-striped-pointed-slingbacks#breadcrumb"},"inLanguage":"es","potentialAction":[{"@type":"ReadAction","target":["https:\/\/www.venisecollection.com\/es\/shop\/women\/zapatos-de-salon\/navy-striped-pointed-slingbacks"]}]},{"@type":"ImageObject","inLanguage":"es","@id":"https:\/\/www.venisecollection.com\/es\/shop\/women\/zapatos-de-salon\/navy-striped-pointed-slingbacks#primaryimage","url":"https:\/\/www.venisecollection.com\/cdn\/image-35.webp","contentUrl":"https:\/\/www.venisecollection.com\/cdn\/image-35.webp","width":1280,"height":1588},{"@type":"BreadcrumbList","@id":"https:\/\/www.venisecollection.com\/es\/shop\/women\/zapatos-de-salon\/navy-striped-pointed-slingbacks#breadcrumb","itemListElement":[{"@type":"ListItem","position":1,"name":"Home","item":"https:\/\/www.venisecollection.com\/es\/tienda"},{"@type":"ListItem","position":2,"name":"Inicio","item":"https:\/\/www.venisecollection.com\/es\/tienda"},{"@type":"ListItem","position":3,"name":"Navy Striped Pointed Slingbacks"}]},{"@type":"WebSite","@id":"https:\/\/www.venisecollection.com\/es#website","url":"https:\/\/www.venisecollection.com\/es","name":"VENISE COLLECTION","description":"","publisher":{"@id":"https:\/\/www.venisecollection.com\/es#organization"},"potentialAction":[{"@type":"SearchAction","target":{"@type":"EntryPoint","urlTemplate":"https:\/\/www.venisecollection.com\/es?s={search_term_string}"},"query-input":{"@type":"PropertyValueSpecification","valueRequired":true,"valueName":"search_term_string"}}],"inLanguage":"es"},{"@type":"Organization","@id":"https:\/\/www.venisecollection.com\/es#organization","name":"VENISE COLLECTION","url":"https:\/\/www.venisecollection.com\/es","logo":{"@type":"ImageObject","inLanguage":"es","@id":"https:\/\/www.venisecollection.com\/es#\/schema\/logo\/image\/","url":"https:\/\/www.venisecollection.com\/cdn\/seo.png","contentUrl":"https:\/\/www.venisecollection.com\/cdn\/seo.png","width":1080,"height":1080,"caption":"VENISE COLLECTION"},"image":{"@id":"https:\/\/www.venisecollection.com\/es#\/schema\/logo\/image\/"},"sameAs":["https:\/\/www.instagram.com\/venisecollection\/","https:\/\/fr.pinterest.com\/venisecollection\/"]}]}},"_links":{"self":[{"href":"https:\/\/www.venisecollection.com\/es\/wp-json\/wp\/v2\/product\/16581","targetHints":{"allow":["GET"]}}],"collection":[{"href":"https:\/\/www.venisecollection.com\/es\/wp-json\/wp\/v2\/product"}],"about":[{"href":"https:\/\/www.venisecollection.com\/es\/wp-json\/wp\/v2\/types\/product"}],"wp:featuredmedia":[{"embeddable":true,"href":"https:\/\/www.venisecollection.com\/es\/wp-json\/wp\/v2\/media\/16681"}],"wp:attachment":[{"href":"https:\/\/www.venisecollection.com\/es\/wp-json\/wp\/v2\/media?parent=16581"}],"wp:term":[{"taxonomy":"product_brand","embeddable":true,"href":"https:\/\/www.venisecollection.com\/es\/wp-json\/wp\/v2\/product_brand?post=16581"},{"taxonomy":"product_cat","embeddable":true,"href":"https:\/\/www.venisecollection.com\/es\/wp-json\/wp\/v2\/product_cat?post=16581"},{"taxonomy":"product_tag","embeddable":true,"href":"https:\/\/www.venisecollection.com\/es\/wp-json\/wp\/v2\/product_tag?post=16581"}],"curies":[{"name":"wp","href":"https:\/\/api.w.org\/{rel}","templated":true}]}}