{"id":16958,"date":"2026-01-05T14:52:36","date_gmt":"2026-01-05T14:52:36","guid":{"rendered":"https:\/\/www.venisecollection.com\/?post_type=product&#038;p=16958"},"modified":"2026-01-05T15:00:28","modified_gmt":"2026-01-05T15:00:28","slug":"magdas-summer-cuoio","status":"publish","type":"product","link":"https:\/\/www.venisecollection.com\/es\/shop\/women\/zapatos-de-salon\/magdas-summer-cuoio","title":{"rendered":"MAGDAS SUMMER CUOIO"},"content":{"rendered":"<p data-path-to-node=\"30\">Los <b data-path-to-node=\"30\" data-index-in-node=\"42\">MAGDAS SUMMER CUOIO<\/b> evocan el estilo relajado y chic del Mediterr\u00e1neo.<\/p>\n<ul data-path-to-node=\"31\">\n<li>\n<p data-path-to-node=\"31,0,0\"><b data-path-to-node=\"31,0,0\" data-index-in-node=\"0\">Paleta C\u00e1lida:<\/b> El color Cuoio (tabaco\/co\u00f1ac) aporta calidez y es incre\u00edblemente f\u00e1cil de combinar con tonos tierra y blancos.<\/p>\n<\/li>\n<li>\n<p data-path-to-node=\"31,1,0\"><b data-path-to-node=\"31,1,0\" data-index-in-node=\"0\">Dise\u00f1o Texturizado:<\/b> El patr\u00f3n de rayas diagonales a\u00f1ade dinamismo sin perder la elegancia cl\u00e1sica.<\/p>\n<\/li>\n<li>\n<p data-path-to-node=\"31,2,0\"><b data-path-to-node=\"31,2,0\" data-index-in-node=\"0\">Tac\u00f3n C\u00f3modo:<\/b> Su tac\u00f3n ancho permite caminar con total seguridad y confort durante todo el d\u00eda.<\/p>\n<\/li>\n<li>\n<p data-path-to-node=\"31,3,0\"><b data-path-to-node=\"31,3,0\" data-index-in-node=\"0\">Detalles de Piel:<\/b> La correa trasera ajustable y los bordes en piel garantizan un ajuste perfecto y duradero.<\/p>\n<\/li>\n<\/ul>\n","protected":false},"excerpt":{"rendered":"<p>Los MAGDAS SUMMER CUOIO evocan el estilo relajado y chic del Mediterr\u00e1neo. Paleta C\u00e1lida: El color Cuoio (tabaco\/co\u00f1ac) aporta calidez y es incre\u00edblemente f\u00e1cil de combinar con tonos tierra y blancos. Dise\u00f1o Texturizado: El patr\u00f3n de rayas diagonales a\u00f1ade dinamismo sin perder la elegancia cl\u00e1sica. Tac\u00f3n C\u00f3modo: Su tac\u00f3n ancho permite caminar con total seguridad &hellip;<\/p>\n","protected":false},"featured_media":17008,"template":"","meta":[],"product_brand":[358],"product_cat":[119],"product_tag":[],"class_list":{"0":"post-16958","1":"product","2":"type-product","3":"status-publish","4":"has-post-thumbnail","6":"product_brand-venise-collection","7":"product_cat-zapatos-de-salon","9":"first","10":"instock","11":"shipping-taxable","12":"purchasable","13":"product-type-variable","14":"has-default-attributes"},"yoast_head":"<!-- This site is optimized with the Yoast SEO plugin v27.3 - https:\/\/yoast.com\/product\/yoast-seo-wordpress\/ -->\n<title>MAGDAS SUMMER CUOIO - VENISE COLLECTION<\/title>\n<meta name=\"robots\" content=\"index, follow, max-snippet:-1, max-image-preview:large, max-video-preview:-1\" \/>\n<link rel=\"canonical\" href=\"https:\/\/www.venisecollection.com\/es\/shop\/women\/zapatos-de-salon\/magdas-summer-cuoio\" \/>\n<meta property=\"og:locale\" content=\"es_ES\" \/>\n<meta property=\"og:type\" content=\"article\" \/>\n<meta property=\"og:title\" content=\"MAGDAS SUMMER CUOIO - VENISE COLLECTION\" \/>\n<meta property=\"og:description\" content=\"Los MAGDAS SUMMER CUOIO evocan el estilo relajado y chic del Mediterr\u00e1neo. Paleta C\u00e1lida: El color Cuoio (tabaco\/co\u00f1ac) aporta calidez y es incre\u00edblemente f\u00e1cil de combinar con tonos tierra y blancos. Dise\u00f1o Texturizado: El patr\u00f3n de rayas diagonales a\u00f1ade dinamismo sin perder la elegancia cl\u00e1sica. Tac\u00f3n C\u00f3modo: Su tac\u00f3n ancho permite caminar con total seguridad &hellip;\" \/>\n<meta property=\"og:url\" content=\"https:\/\/www.venisecollection.com\/es\/shop\/women\/zapatos-de-salon\/magdas-summer-cuoio\" \/>\n<meta property=\"og:site_name\" content=\"VENISE COLLECTION\" \/>\n<meta property=\"article:modified_time\" content=\"2026-01-05T15:00:28+00:00\" \/>\n<meta property=\"og:image\" content=\"https:\/\/www.venisecollection.com\/cdn\/image-40.webp\" \/>\n\t<meta property=\"og:image:width\" content=\"1280\" \/>\n\t<meta property=\"og:image:height\" content=\"1588\" \/>\n\t<meta property=\"og:image:type\" content=\"image\/webp\" \/>\n<meta name=\"twitter:card\" content=\"summary_large_image\" \/>\n<meta name=\"twitter:label1\" content=\"Tiempo de lectura\" \/>\n\t<meta name=\"twitter:data1\" content=\"1 minuto\" \/>\n<script type=\"application\/ld+json\" class=\"yoast-schema-graph\">{\"@context\":\"https:\\\/\\\/schema.org\",\"@graph\":[{\"@type\":\"WebPage\",\"@id\":\"https:\\\/\\\/www.venisecollection.com\\\/es\\\/shop\\\/women\\\/zapatos-de-salon\\\/magdas-summer-cuoio\",\"url\":\"https:\\\/\\\/www.venisecollection.com\\\/es\\\/shop\\\/women\\\/zapatos-de-salon\\\/magdas-summer-cuoio\",\"name\":\"MAGDAS SUMMER CUOIO - VENISE COLLECTION\",\"isPartOf\":{\"@id\":\"https:\\\/\\\/www.venisecollection.com\\\/es#website\"},\"primaryImageOfPage\":{\"@id\":\"https:\\\/\\\/www.venisecollection.com\\\/es\\\/shop\\\/women\\\/zapatos-de-salon\\\/magdas-summer-cuoio#primaryimage\"},\"image\":{\"@id\":\"https:\\\/\\\/www.venisecollection.com\\\/es\\\/shop\\\/women\\\/zapatos-de-salon\\\/magdas-summer-cuoio#primaryimage\"},\"thumbnailUrl\":\"https:\\\/\\\/www.venisecollection.com\\\/cdn\\\/image-40.webp\",\"datePublished\":\"2026-01-05T14:52:36+00:00\",\"dateModified\":\"2026-01-05T15:00:28+00:00\",\"breadcrumb\":{\"@id\":\"https:\\\/\\\/www.venisecollection.com\\\/es\\\/shop\\\/women\\\/zapatos-de-salon\\\/magdas-summer-cuoio#breadcrumb\"},\"inLanguage\":\"es\",\"potentialAction\":[{\"@type\":\"ReadAction\",\"target\":[\"https:\\\/\\\/www.venisecollection.com\\\/es\\\/shop\\\/women\\\/zapatos-de-salon\\\/magdas-summer-cuoio\"]}]},{\"@type\":\"ImageObject\",\"inLanguage\":\"es\",\"@id\":\"https:\\\/\\\/www.venisecollection.com\\\/es\\\/shop\\\/women\\\/zapatos-de-salon\\\/magdas-summer-cuoio#primaryimage\",\"url\":\"https:\\\/\\\/www.venisecollection.com\\\/cdn\\\/image-40.webp\",\"contentUrl\":\"https:\\\/\\\/www.venisecollection.com\\\/cdn\\\/image-40.webp\",\"width\":1280,\"height\":1588},{\"@type\":\"BreadcrumbList\",\"@id\":\"https:\\\/\\\/www.venisecollection.com\\\/es\\\/shop\\\/women\\\/zapatos-de-salon\\\/magdas-summer-cuoio#breadcrumb\",\"itemListElement\":[{\"@type\":\"ListItem\",\"position\":1,\"name\":\"Home\",\"item\":\"https:\\\/\\\/www.venisecollection.com\\\/es\\\/tienda\"},{\"@type\":\"ListItem\",\"position\":2,\"name\":\"Inicio\",\"item\":\"https:\\\/\\\/www.venisecollection.com\\\/es\\\/tienda\"},{\"@type\":\"ListItem\",\"position\":3,\"name\":\"MAGDAS SUMMER CUOIO\"}]},{\"@type\":\"WebSite\",\"@id\":\"https:\\\/\\\/www.venisecollection.com\\\/es#website\",\"url\":\"https:\\\/\\\/www.venisecollection.com\\\/es\",\"name\":\"VENISE COLLECTION\",\"description\":\"\",\"publisher\":{\"@id\":\"https:\\\/\\\/www.venisecollection.com\\\/es#organization\"},\"potentialAction\":[{\"@type\":\"SearchAction\",\"target\":{\"@type\":\"EntryPoint\",\"urlTemplate\":\"https:\\\/\\\/www.venisecollection.com\\\/es?s={search_term_string}\"},\"query-input\":{\"@type\":\"PropertyValueSpecification\",\"valueRequired\":true,\"valueName\":\"search_term_string\"}}],\"inLanguage\":\"es\"},{\"@type\":\"Organization\",\"@id\":\"https:\\\/\\\/www.venisecollection.com\\\/es#organization\",\"name\":\"VENISE COLLECTION\",\"url\":\"https:\\\/\\\/www.venisecollection.com\\\/es\",\"logo\":{\"@type\":\"ImageObject\",\"inLanguage\":\"es\",\"@id\":\"https:\\\/\\\/www.venisecollection.com\\\/es#\\\/schema\\\/logo\\\/image\\\/\",\"url\":\"https:\\\/\\\/www.venisecollection.com\\\/cdn\\\/seo.png\",\"contentUrl\":\"https:\\\/\\\/www.venisecollection.com\\\/cdn\\\/seo.png\",\"width\":1080,\"height\":1080,\"caption\":\"VENISE COLLECTION\"},\"image\":{\"@id\":\"https:\\\/\\\/www.venisecollection.com\\\/es#\\\/schema\\\/logo\\\/image\\\/\"},\"sameAs\":[\"https:\\\/\\\/www.instagram.com\\\/venisecollection\\\/\",\"https:\\\/\\\/fr.pinterest.com\\\/venisecollection\\\/\"]}]}<\/script>\n<!-- \/ Yoast SEO plugin. -->","yoast_head_json":{"title":"MAGDAS SUMMER CUOIO - VENISE COLLECTION","robots":{"index":"index","follow":"follow","max-snippet":"max-snippet:-1","max-image-preview":"max-image-preview:large","max-video-preview":"max-video-preview:-1"},"canonical":"https:\/\/www.venisecollection.com\/es\/shop\/women\/zapatos-de-salon\/magdas-summer-cuoio","og_locale":"es_ES","og_type":"article","og_title":"MAGDAS SUMMER CUOIO - VENISE COLLECTION","og_description":"Los MAGDAS SUMMER CUOIO evocan el estilo relajado y chic del Mediterr\u00e1neo. Paleta C\u00e1lida: El color Cuoio (tabaco\/co\u00f1ac) aporta calidez y es incre\u00edblemente f\u00e1cil de combinar con tonos tierra y blancos. Dise\u00f1o Texturizado: El patr\u00f3n de rayas diagonales a\u00f1ade dinamismo sin perder la elegancia cl\u00e1sica. Tac\u00f3n C\u00f3modo: Su tac\u00f3n ancho permite caminar con total seguridad &hellip;","og_url":"https:\/\/www.venisecollection.com\/es\/shop\/women\/zapatos-de-salon\/magdas-summer-cuoio","og_site_name":"VENISE COLLECTION","article_modified_time":"2026-01-05T15:00:28+00:00","og_image":[{"width":1280,"height":1588,"url":"https:\/\/www.venisecollection.com\/cdn\/image-40.webp","type":"image\/webp"}],"twitter_card":"summary_large_image","twitter_misc":{"Tiempo de lectura":"1 minuto"},"schema":{"@context":"https:\/\/schema.org","@graph":[{"@type":"WebPage","@id":"https:\/\/www.venisecollection.com\/es\/shop\/women\/zapatos-de-salon\/magdas-summer-cuoio","url":"https:\/\/www.venisecollection.com\/es\/shop\/women\/zapatos-de-salon\/magdas-summer-cuoio","name":"MAGDAS SUMMER CUOIO - VENISE COLLECTION","isPartOf":{"@id":"https:\/\/www.venisecollection.com\/es#website"},"primaryImageOfPage":{"@id":"https:\/\/www.venisecollection.com\/es\/shop\/women\/zapatos-de-salon\/magdas-summer-cuoio#primaryimage"},"image":{"@id":"https:\/\/www.venisecollection.com\/es\/shop\/women\/zapatos-de-salon\/magdas-summer-cuoio#primaryimage"},"thumbnailUrl":"https:\/\/www.venisecollection.com\/cdn\/image-40.webp","datePublished":"2026-01-05T14:52:36+00:00","dateModified":"2026-01-05T15:00:28+00:00","breadcrumb":{"@id":"https:\/\/www.venisecollection.com\/es\/shop\/women\/zapatos-de-salon\/magdas-summer-cuoio#breadcrumb"},"inLanguage":"es","potentialAction":[{"@type":"ReadAction","target":["https:\/\/www.venisecollection.com\/es\/shop\/women\/zapatos-de-salon\/magdas-summer-cuoio"]}]},{"@type":"ImageObject","inLanguage":"es","@id":"https:\/\/www.venisecollection.com\/es\/shop\/women\/zapatos-de-salon\/magdas-summer-cuoio#primaryimage","url":"https:\/\/www.venisecollection.com\/cdn\/image-40.webp","contentUrl":"https:\/\/www.venisecollection.com\/cdn\/image-40.webp","width":1280,"height":1588},{"@type":"BreadcrumbList","@id":"https:\/\/www.venisecollection.com\/es\/shop\/women\/zapatos-de-salon\/magdas-summer-cuoio#breadcrumb","itemListElement":[{"@type":"ListItem","position":1,"name":"Home","item":"https:\/\/www.venisecollection.com\/es\/tienda"},{"@type":"ListItem","position":2,"name":"Inicio","item":"https:\/\/www.venisecollection.com\/es\/tienda"},{"@type":"ListItem","position":3,"name":"MAGDAS SUMMER CUOIO"}]},{"@type":"WebSite","@id":"https:\/\/www.venisecollection.com\/es#website","url":"https:\/\/www.venisecollection.com\/es","name":"VENISE COLLECTION","description":"","publisher":{"@id":"https:\/\/www.venisecollection.com\/es#organization"},"potentialAction":[{"@type":"SearchAction","target":{"@type":"EntryPoint","urlTemplate":"https:\/\/www.venisecollection.com\/es?s={search_term_string}"},"query-input":{"@type":"PropertyValueSpecification","valueRequired":true,"valueName":"search_term_string"}}],"inLanguage":"es"},{"@type":"Organization","@id":"https:\/\/www.venisecollection.com\/es#organization","name":"VENISE COLLECTION","url":"https:\/\/www.venisecollection.com\/es","logo":{"@type":"ImageObject","inLanguage":"es","@id":"https:\/\/www.venisecollection.com\/es#\/schema\/logo\/image\/","url":"https:\/\/www.venisecollection.com\/cdn\/seo.png","contentUrl":"https:\/\/www.venisecollection.com\/cdn\/seo.png","width":1080,"height":1080,"caption":"VENISE COLLECTION"},"image":{"@id":"https:\/\/www.venisecollection.com\/es#\/schema\/logo\/image\/"},"sameAs":["https:\/\/www.instagram.com\/venisecollection\/","https:\/\/fr.pinterest.com\/venisecollection\/"]}]}},"_links":{"self":[{"href":"https:\/\/www.venisecollection.com\/es\/wp-json\/wp\/v2\/product\/16958","targetHints":{"allow":["GET"]}}],"collection":[{"href":"https:\/\/www.venisecollection.com\/es\/wp-json\/wp\/v2\/product"}],"about":[{"href":"https:\/\/www.venisecollection.com\/es\/wp-json\/wp\/v2\/types\/product"}],"wp:featuredmedia":[{"embeddable":true,"href":"https:\/\/www.venisecollection.com\/es\/wp-json\/wp\/v2\/media\/17008"}],"wp:attachment":[{"href":"https:\/\/www.venisecollection.com\/es\/wp-json\/wp\/v2\/media?parent=16958"}],"wp:term":[{"taxonomy":"product_brand","embeddable":true,"href":"https:\/\/www.venisecollection.com\/es\/wp-json\/wp\/v2\/product_brand?post=16958"},{"taxonomy":"product_cat","embeddable":true,"href":"https:\/\/www.venisecollection.com\/es\/wp-json\/wp\/v2\/product_cat?post=16958"},{"taxonomy":"product_tag","embeddable":true,"href":"https:\/\/www.venisecollection.com\/es\/wp-json\/wp\/v2\/product_tag?post=16958"}],"curies":[{"name":"wp","href":"https:\/\/api.w.org\/{rel}","templated":true}]}}