{"id":17692,"date":"2026-01-21T16:38:50","date_gmt":"2026-01-21T16:38:50","guid":{"rendered":"https:\/\/www.venisecollection.com\/?post_type=product&#038;p=17692"},"modified":"2026-05-05T00:32:21","modified_gmt":"2026-05-05T00:32:21","slug":"elena-iachi-frange","status":"publish","type":"product","link":"https:\/\/www.venisecollection.com\/es\/shop\/women\/santiags\/elena-iachi-frange","title":{"rendered":"ELENA IACHI FRANGE"},"content":{"rendered":"<p data-path-to-node=\"35\">Siente el esp\u00edritu del oeste con un toque de lujo italiano. Las botas <b data-path-to-node=\"35\" data-index-in-node=\"88\">Elena Iachi Frange<\/b> reinventan la cl\u00e1sica silueta Santiag. Fabricadas en ante suave de primera calidad en un tono <b data-path-to-node=\"35\" data-index-in-node=\"201\">Tabacco (Marr\u00f3n Kaki)<\/b>, estas botas destacan por sus largos flecos laterales que a\u00f1aden movimiento y estilo a cada paso.<\/p>\n<p data-path-to-node=\"36\"><b data-path-to-node=\"36\" data-index-in-node=\"0\">Caracter\u00edsticas Principales:<\/b><\/p>\n<ul data-path-to-node=\"37\">\n<li>\n<p data-path-to-node=\"37,0,0\"><b data-path-to-node=\"37,0,0\" data-index-in-node=\"0\">Material:<\/b> Ante genuino de alta calidad.<\/p>\n<\/li>\n<li>\n<p data-path-to-node=\"37,1,0\"><b data-path-to-node=\"37,1,0\" data-index-in-node=\"0\">Color:<\/b> Tabacco \/ Kaki.<\/p>\n<\/li>\n<li>\n<p data-path-to-node=\"37,2,0\"><b data-path-to-node=\"37,2,0\" data-index-in-node=\"0\">Estilo:<\/b> Cowboy moderno con flecos.<\/p>\n<\/li>\n<\/ul>\n","protected":false},"excerpt":{"rendered":"<p>Siente el esp\u00edritu del oeste con un toque de lujo italiano. Las botas Elena Iachi Frange reinventan la cl\u00e1sica silueta Santiag. Fabricadas en ante suave de primera calidad en un tono Tabacco (Marr\u00f3n Kaki), estas botas destacan por sus largos flecos laterales que a\u00f1aden movimiento y estilo a cada paso. Caracter\u00edsticas Principales: Material: Ante genuino &hellip;<\/p>\n","protected":false},"featured_media":17719,"template":"","meta":[],"product_brand":[350],"product_cat":[107],"product_tag":[],"class_list":{"0":"post-17692","1":"product","2":"type-product","3":"status-publish","4":"has-post-thumbnail","6":"product_brand-elena-iachi","7":"product_cat-santiags","9":"first","10":"instock","11":"shipping-taxable","12":"purchasable","13":"product-type-variable"},"yoast_head":"<!-- This site is optimized with the Yoast SEO plugin v27.5 - https:\/\/yoast.com\/product\/yoast-seo-wordpress\/ -->\n<title>ELENA IACHI FRANGE - VENISE COLLECTION<\/title>\n<meta name=\"robots\" content=\"index, follow, max-snippet:-1, max-image-preview:large, max-video-preview:-1\" \/>\n<link rel=\"canonical\" href=\"https:\/\/www.venisecollection.com\/es\/shop\/women\/santiags\/elena-iachi-frange\" \/>\n<meta property=\"og:locale\" content=\"es_ES\" \/>\n<meta property=\"og:type\" content=\"article\" \/>\n<meta property=\"og:title\" content=\"ELENA IACHI FRANGE - VENISE COLLECTION\" \/>\n<meta property=\"og:description\" content=\"Siente el esp\u00edritu del oeste con un toque de lujo italiano. Las botas Elena Iachi Frange reinventan la cl\u00e1sica silueta Santiag. Fabricadas en ante suave de primera calidad en un tono Tabacco (Marr\u00f3n Kaki), estas botas destacan por sus largos flecos laterales que a\u00f1aden movimiento y estilo a cada paso. Caracter\u00edsticas Principales: Material: Ante genuino &hellip;\" \/>\n<meta property=\"og:url\" content=\"https:\/\/www.venisecollection.com\/es\/shop\/women\/santiags\/elena-iachi-frange\" \/>\n<meta property=\"og:site_name\" content=\"VENISE COLLECTION\" \/>\n<meta property=\"article:modified_time\" content=\"2026-05-05T00:32:21+00:00\" \/>\n<meta property=\"og:image\" content=\"https:\/\/www.venisecollection.com\/cdn\/image-68-1.webp\" \/>\n\t<meta property=\"og:image:width\" content=\"1280\" \/>\n\t<meta property=\"og:image:height\" content=\"1588\" \/>\n\t<meta property=\"og:image:type\" content=\"image\/webp\" \/>\n<meta name=\"twitter:card\" content=\"summary_large_image\" \/>\n<meta name=\"twitter:label1\" content=\"Tiempo de lectura\" \/>\n\t<meta name=\"twitter:data1\" content=\"1 minuto\" \/>\n<script type=\"application\/ld+json\" class=\"yoast-schema-graph\">{\"@context\":\"https:\\\/\\\/schema.org\",\"@graph\":[{\"@type\":\"WebPage\",\"@id\":\"https:\\\/\\\/www.venisecollection.com\\\/es\\\/shop\\\/women\\\/santiags\\\/elena-iachi-frange\",\"url\":\"https:\\\/\\\/www.venisecollection.com\\\/es\\\/shop\\\/women\\\/santiags\\\/elena-iachi-frange\",\"name\":\"ELENA IACHI FRANGE - VENISE COLLECTION\",\"isPartOf\":{\"@id\":\"https:\\\/\\\/www.venisecollection.com\\\/es#website\"},\"primaryImageOfPage\":{\"@id\":\"https:\\\/\\\/www.venisecollection.com\\\/es\\\/shop\\\/women\\\/santiags\\\/elena-iachi-frange#primaryimage\"},\"image\":{\"@id\":\"https:\\\/\\\/www.venisecollection.com\\\/es\\\/shop\\\/women\\\/santiags\\\/elena-iachi-frange#primaryimage\"},\"thumbnailUrl\":\"https:\\\/\\\/www.venisecollection.com\\\/cdn\\\/image-68-1.webp\",\"datePublished\":\"2026-01-21T16:38:50+00:00\",\"dateModified\":\"2026-05-05T00:32:21+00:00\",\"breadcrumb\":{\"@id\":\"https:\\\/\\\/www.venisecollection.com\\\/es\\\/shop\\\/women\\\/santiags\\\/elena-iachi-frange#breadcrumb\"},\"inLanguage\":\"es\",\"potentialAction\":[{\"@type\":\"ReadAction\",\"target\":[\"https:\\\/\\\/www.venisecollection.com\\\/es\\\/shop\\\/women\\\/santiags\\\/elena-iachi-frange\"]}]},{\"@type\":\"ImageObject\",\"inLanguage\":\"es\",\"@id\":\"https:\\\/\\\/www.venisecollection.com\\\/es\\\/shop\\\/women\\\/santiags\\\/elena-iachi-frange#primaryimage\",\"url\":\"https:\\\/\\\/www.venisecollection.com\\\/cdn\\\/image-68-1.webp\",\"contentUrl\":\"https:\\\/\\\/www.venisecollection.com\\\/cdn\\\/image-68-1.webp\",\"width\":1280,\"height\":1588},{\"@type\":\"BreadcrumbList\",\"@id\":\"https:\\\/\\\/www.venisecollection.com\\\/es\\\/shop\\\/women\\\/santiags\\\/elena-iachi-frange#breadcrumb\",\"itemListElement\":[{\"@type\":\"ListItem\",\"position\":1,\"name\":\"Home\",\"item\":\"https:\\\/\\\/www.venisecollection.com\\\/es\\\/tienda\"},{\"@type\":\"ListItem\",\"position\":2,\"name\":\"Inicio\",\"item\":\"https:\\\/\\\/www.venisecollection.com\\\/es\\\/tienda\"},{\"@type\":\"ListItem\",\"position\":3,\"name\":\"ELENA IACHI FRANGE\"}]},{\"@type\":\"WebSite\",\"@id\":\"https:\\\/\\\/www.venisecollection.com\\\/es#website\",\"url\":\"https:\\\/\\\/www.venisecollection.com\\\/es\",\"name\":\"VENISE COLLECTION\",\"description\":\"\",\"publisher\":{\"@id\":\"https:\\\/\\\/www.venisecollection.com\\\/es#organization\"},\"potentialAction\":[{\"@type\":\"SearchAction\",\"target\":{\"@type\":\"EntryPoint\",\"urlTemplate\":\"https:\\\/\\\/www.venisecollection.com\\\/es?s={search_term_string}\"},\"query-input\":{\"@type\":\"PropertyValueSpecification\",\"valueRequired\":true,\"valueName\":\"search_term_string\"}}],\"inLanguage\":\"es\"},{\"@type\":\"Organization\",\"@id\":\"https:\\\/\\\/www.venisecollection.com\\\/es#organization\",\"name\":\"VENISE COLLECTION\",\"url\":\"https:\\\/\\\/www.venisecollection.com\\\/es\",\"logo\":{\"@type\":\"ImageObject\",\"inLanguage\":\"es\",\"@id\":\"https:\\\/\\\/www.venisecollection.com\\\/es#\\\/schema\\\/logo\\\/image\\\/\",\"url\":\"https:\\\/\\\/www.venisecollection.com\\\/cdn\\\/seo.png\",\"contentUrl\":\"https:\\\/\\\/www.venisecollection.com\\\/cdn\\\/seo.png\",\"width\":1080,\"height\":1080,\"caption\":\"VENISE COLLECTION\"},\"image\":{\"@id\":\"https:\\\/\\\/www.venisecollection.com\\\/es#\\\/schema\\\/logo\\\/image\\\/\"},\"sameAs\":[\"https:\\\/\\\/www.instagram.com\\\/venisecollection\\\/\",\"https:\\\/\\\/fr.pinterest.com\\\/venisecollection\\\/\"]}]}<\/script>\n<!-- \/ Yoast SEO plugin. -->","yoast_head_json":{"title":"ELENA IACHI FRANGE - VENISE COLLECTION","robots":{"index":"index","follow":"follow","max-snippet":"max-snippet:-1","max-image-preview":"max-image-preview:large","max-video-preview":"max-video-preview:-1"},"canonical":"https:\/\/www.venisecollection.com\/es\/shop\/women\/santiags\/elena-iachi-frange","og_locale":"es_ES","og_type":"article","og_title":"ELENA IACHI FRANGE - VENISE COLLECTION","og_description":"Siente el esp\u00edritu del oeste con un toque de lujo italiano. Las botas Elena Iachi Frange reinventan la cl\u00e1sica silueta Santiag. Fabricadas en ante suave de primera calidad en un tono Tabacco (Marr\u00f3n Kaki), estas botas destacan por sus largos flecos laterales que a\u00f1aden movimiento y estilo a cada paso. Caracter\u00edsticas Principales: Material: Ante genuino &hellip;","og_url":"https:\/\/www.venisecollection.com\/es\/shop\/women\/santiags\/elena-iachi-frange","og_site_name":"VENISE COLLECTION","article_modified_time":"2026-05-05T00:32:21+00:00","og_image":[{"width":1280,"height":1588,"url":"https:\/\/www.venisecollection.com\/cdn\/image-68-1.webp","type":"image\/webp"}],"twitter_card":"summary_large_image","twitter_misc":{"Tiempo de lectura":"1 minuto"},"schema":{"@context":"https:\/\/schema.org","@graph":[{"@type":"WebPage","@id":"https:\/\/www.venisecollection.com\/es\/shop\/women\/santiags\/elena-iachi-frange","url":"https:\/\/www.venisecollection.com\/es\/shop\/women\/santiags\/elena-iachi-frange","name":"ELENA IACHI FRANGE - VENISE COLLECTION","isPartOf":{"@id":"https:\/\/www.venisecollection.com\/es#website"},"primaryImageOfPage":{"@id":"https:\/\/www.venisecollection.com\/es\/shop\/women\/santiags\/elena-iachi-frange#primaryimage"},"image":{"@id":"https:\/\/www.venisecollection.com\/es\/shop\/women\/santiags\/elena-iachi-frange#primaryimage"},"thumbnailUrl":"https:\/\/www.venisecollection.com\/cdn\/image-68-1.webp","datePublished":"2026-01-21T16:38:50+00:00","dateModified":"2026-05-05T00:32:21+00:00","breadcrumb":{"@id":"https:\/\/www.venisecollection.com\/es\/shop\/women\/santiags\/elena-iachi-frange#breadcrumb"},"inLanguage":"es","potentialAction":[{"@type":"ReadAction","target":["https:\/\/www.venisecollection.com\/es\/shop\/women\/santiags\/elena-iachi-frange"]}]},{"@type":"ImageObject","inLanguage":"es","@id":"https:\/\/www.venisecollection.com\/es\/shop\/women\/santiags\/elena-iachi-frange#primaryimage","url":"https:\/\/www.venisecollection.com\/cdn\/image-68-1.webp","contentUrl":"https:\/\/www.venisecollection.com\/cdn\/image-68-1.webp","width":1280,"height":1588},{"@type":"BreadcrumbList","@id":"https:\/\/www.venisecollection.com\/es\/shop\/women\/santiags\/elena-iachi-frange#breadcrumb","itemListElement":[{"@type":"ListItem","position":1,"name":"Home","item":"https:\/\/www.venisecollection.com\/es\/tienda"},{"@type":"ListItem","position":2,"name":"Inicio","item":"https:\/\/www.venisecollection.com\/es\/tienda"},{"@type":"ListItem","position":3,"name":"ELENA IACHI FRANGE"}]},{"@type":"WebSite","@id":"https:\/\/www.venisecollection.com\/es#website","url":"https:\/\/www.venisecollection.com\/es","name":"VENISE COLLECTION","description":"","publisher":{"@id":"https:\/\/www.venisecollection.com\/es#organization"},"potentialAction":[{"@type":"SearchAction","target":{"@type":"EntryPoint","urlTemplate":"https:\/\/www.venisecollection.com\/es?s={search_term_string}"},"query-input":{"@type":"PropertyValueSpecification","valueRequired":true,"valueName":"search_term_string"}}],"inLanguage":"es"},{"@type":"Organization","@id":"https:\/\/www.venisecollection.com\/es#organization","name":"VENISE COLLECTION","url":"https:\/\/www.venisecollection.com\/es","logo":{"@type":"ImageObject","inLanguage":"es","@id":"https:\/\/www.venisecollection.com\/es#\/schema\/logo\/image\/","url":"https:\/\/www.venisecollection.com\/cdn\/seo.png","contentUrl":"https:\/\/www.venisecollection.com\/cdn\/seo.png","width":1080,"height":1080,"caption":"VENISE COLLECTION"},"image":{"@id":"https:\/\/www.venisecollection.com\/es#\/schema\/logo\/image\/"},"sameAs":["https:\/\/www.instagram.com\/venisecollection\/","https:\/\/fr.pinterest.com\/venisecollection\/"]}]}},"_links":{"self":[{"href":"https:\/\/www.venisecollection.com\/es\/wp-json\/wp\/v2\/product\/17692","targetHints":{"allow":["GET"]}}],"collection":[{"href":"https:\/\/www.venisecollection.com\/es\/wp-json\/wp\/v2\/product"}],"about":[{"href":"https:\/\/www.venisecollection.com\/es\/wp-json\/wp\/v2\/types\/product"}],"wp:featuredmedia":[{"embeddable":true,"href":"https:\/\/www.venisecollection.com\/es\/wp-json\/wp\/v2\/media\/17719"}],"wp:attachment":[{"href":"https:\/\/www.venisecollection.com\/es\/wp-json\/wp\/v2\/media?parent=17692"}],"wp:term":[{"taxonomy":"product_brand","embeddable":true,"href":"https:\/\/www.venisecollection.com\/es\/wp-json\/wp\/v2\/product_brand?post=17692"},{"taxonomy":"product_cat","embeddable":true,"href":"https:\/\/www.venisecollection.com\/es\/wp-json\/wp\/v2\/product_cat?post=17692"},{"taxonomy":"product_tag","embeddable":true,"href":"https:\/\/www.venisecollection.com\/es\/wp-json\/wp\/v2\/product_tag?post=17692"}],"curies":[{"name":"wp","href":"https:\/\/api.w.org\/{rel}","templated":true}]}}