{"id":21872,"date":"2026-03-10T15:54:19","date_gmt":"2026-03-10T15:54:19","guid":{"rendered":"https:\/\/www.venisecollection.com\/?post_type=product&#038;p=21872"},"modified":"2026-03-10T16:09:16","modified_gmt":"2026-03-10T16:09:16","slug":"lapin-white-lea-ther","status":"publish","type":"product","link":"https:\/\/www.venisecollection.com\/es\/shop\/women\/zapatillas\/lapin-white-lea-ther","title":{"rendered":"LAPIN WHITE LEA THER"},"content":{"rendered":"<p data-path-to-node=\"22\">Recibe la nueva temporada con un toque de distinci\u00f3n art\u00edstica. Estas zapatillas de Paul Smith reinventan el cl\u00e1sico calzado blanco con un vibrante estampado floral multicolor que parece un lienzo en movimiento. Confeccionadas en cuero de primera calidad, ofrecen la mezcla perfecta entre lujo y sofisticaci\u00f3n casual.<\/p>\n<p data-path-to-node=\"23\"><b data-path-to-node=\"23\" data-index-in-node=\"0\">Caracter\u00edsticas Destacadas:<\/b><\/p>\n<ul data-path-to-node=\"24\">\n<li>\n<p data-path-to-node=\"24,0,0\"><b data-path-to-node=\"24,0,0\" data-index-in-node=\"0\">Colecci\u00f3n New Season<\/b><\/p>\n<\/li>\n<li>\n<p data-path-to-node=\"24,1,0\"><b data-path-to-node=\"24,1,0\" data-index-in-node=\"0\">Parte Superior de Cuero Premium:<\/b> Calidad superior para una mayor durabilidad.<\/p>\n<\/li>\n<li>\n<p data-path-to-node=\"24,2,0\"><b data-path-to-node=\"24,2,0\" data-index-in-node=\"0\">Estampado Floral Creativo:<\/b> El dise\u00f1o ic\u00f3nico y audaz de Paul Smith.<\/p>\n<\/li>\n<li>\n<p data-path-to-node=\"24,3,0\"><b data-path-to-node=\"24,3,0\" data-index-in-node=\"0\">Silueta Cl\u00e1sica:<\/b> Punta redonda y suela plana para una comodidad total.<\/p>\n<\/li>\n<li>\n<p data-path-to-node=\"24,4,0\"><b data-path-to-node=\"24,4,0\" data-index-in-node=\"0\">Cierre:<\/b> Cordones frontales.<\/p>\n<\/li>\n<li>\n<p data-path-to-node=\"24,5,0\"><b data-path-to-node=\"24,5,0\" data-index-in-node=\"0\">Color:<\/b> Blanco con detalles multicolores.<\/p>\n<\/li>\n<\/ul>\n","protected":false},"excerpt":{"rendered":"<p>Recibe la nueva temporada con un toque de distinci\u00f3n art\u00edstica. Estas zapatillas de Paul Smith reinventan el cl\u00e1sico calzado blanco con un vibrante estampado floral multicolor que parece un lienzo en movimiento. Confeccionadas en cuero de primera calidad, ofrecen la mezcla perfecta entre lujo y sofisticaci\u00f3n casual. Caracter\u00edsticas Destacadas: Colecci\u00f3n New Season Parte Superior de &hellip;<\/p>\n","protected":false},"featured_media":21917,"template":"","meta":[],"product_brand":[355],"product_cat":[121],"product_tag":[],"class_list":{"0":"post-21872","1":"product","2":"type-product","3":"status-publish","4":"has-post-thumbnail","6":"product_brand-paul-smith","7":"product_cat-zapatillas","9":"first","10":"instock","11":"shipping-taxable","12":"purchasable","13":"product-type-variable"},"yoast_head":"<!-- This site is optimized with the Yoast SEO plugin v27.5 - https:\/\/yoast.com\/product\/yoast-seo-wordpress\/ -->\n<title>LAPIN WHITE LEA THER - VENISE COLLECTION<\/title>\n<meta name=\"robots\" content=\"index, follow, max-snippet:-1, max-image-preview:large, max-video-preview:-1\" \/>\n<link rel=\"canonical\" href=\"https:\/\/www.venisecollection.com\/es\/shop\/women\/zapatillas\/lapin-white-lea-ther\" \/>\n<meta property=\"og:locale\" content=\"es_ES\" \/>\n<meta property=\"og:type\" content=\"article\" \/>\n<meta property=\"og:title\" content=\"LAPIN WHITE LEA THER - VENISE COLLECTION\" \/>\n<meta property=\"og:description\" content=\"Recibe la nueva temporada con un toque de distinci\u00f3n art\u00edstica. Estas zapatillas de Paul Smith reinventan el cl\u00e1sico calzado blanco con un vibrante estampado floral multicolor que parece un lienzo en movimiento. Confeccionadas en cuero de primera calidad, ofrecen la mezcla perfecta entre lujo y sofisticaci\u00f3n casual. Caracter\u00edsticas Destacadas: Colecci\u00f3n New Season Parte Superior de &hellip;\" \/>\n<meta property=\"og:url\" content=\"https:\/\/www.venisecollection.com\/es\/shop\/women\/zapatillas\/lapin-white-lea-ther\" \/>\n<meta property=\"og:site_name\" content=\"VENISE COLLECTION\" \/>\n<meta property=\"article:modified_time\" content=\"2026-03-10T16:09:16+00:00\" \/>\n<meta property=\"og:image\" content=\"https:\/\/www.venisecollection.com\/cdn\/image.psd-46.webp\" \/>\n\t<meta property=\"og:image:width\" content=\"1280\" \/>\n\t<meta property=\"og:image:height\" content=\"1588\" \/>\n\t<meta property=\"og:image:type\" content=\"image\/webp\" \/>\n<meta name=\"twitter:card\" content=\"summary_large_image\" \/>\n<meta name=\"twitter:label1\" content=\"Tiempo de lectura\" \/>\n\t<meta name=\"twitter:data1\" content=\"1 minuto\" \/>\n<script type=\"application\/ld+json\" class=\"yoast-schema-graph\">{\"@context\":\"https:\\\/\\\/schema.org\",\"@graph\":[{\"@type\":\"WebPage\",\"@id\":\"https:\\\/\\\/www.venisecollection.com\\\/es\\\/shop\\\/women\\\/zapatillas\\\/lapin-white-lea-ther\",\"url\":\"https:\\\/\\\/www.venisecollection.com\\\/es\\\/shop\\\/women\\\/zapatillas\\\/lapin-white-lea-ther\",\"name\":\"LAPIN WHITE LEA THER - VENISE COLLECTION\",\"isPartOf\":{\"@id\":\"https:\\\/\\\/www.venisecollection.com\\\/es#website\"},\"primaryImageOfPage\":{\"@id\":\"https:\\\/\\\/www.venisecollection.com\\\/es\\\/shop\\\/women\\\/zapatillas\\\/lapin-white-lea-ther#primaryimage\"},\"image\":{\"@id\":\"https:\\\/\\\/www.venisecollection.com\\\/es\\\/shop\\\/women\\\/zapatillas\\\/lapin-white-lea-ther#primaryimage\"},\"thumbnailUrl\":\"https:\\\/\\\/www.venisecollection.com\\\/cdn\\\/image.psd-46.webp\",\"datePublished\":\"2026-03-10T15:54:19+00:00\",\"dateModified\":\"2026-03-10T16:09:16+00:00\",\"breadcrumb\":{\"@id\":\"https:\\\/\\\/www.venisecollection.com\\\/es\\\/shop\\\/women\\\/zapatillas\\\/lapin-white-lea-ther#breadcrumb\"},\"inLanguage\":\"es\",\"potentialAction\":[{\"@type\":\"ReadAction\",\"target\":[\"https:\\\/\\\/www.venisecollection.com\\\/es\\\/shop\\\/women\\\/zapatillas\\\/lapin-white-lea-ther\"]}]},{\"@type\":\"ImageObject\",\"inLanguage\":\"es\",\"@id\":\"https:\\\/\\\/www.venisecollection.com\\\/es\\\/shop\\\/women\\\/zapatillas\\\/lapin-white-lea-ther#primaryimage\",\"url\":\"https:\\\/\\\/www.venisecollection.com\\\/cdn\\\/image.psd-46.webp\",\"contentUrl\":\"https:\\\/\\\/www.venisecollection.com\\\/cdn\\\/image.psd-46.webp\",\"width\":1280,\"height\":1588},{\"@type\":\"BreadcrumbList\",\"@id\":\"https:\\\/\\\/www.venisecollection.com\\\/es\\\/shop\\\/women\\\/zapatillas\\\/lapin-white-lea-ther#breadcrumb\",\"itemListElement\":[{\"@type\":\"ListItem\",\"position\":1,\"name\":\"Home\",\"item\":\"https:\\\/\\\/www.venisecollection.com\\\/es\\\/tienda\"},{\"@type\":\"ListItem\",\"position\":2,\"name\":\"Inicio\",\"item\":\"https:\\\/\\\/www.venisecollection.com\\\/es\\\/tienda\"},{\"@type\":\"ListItem\",\"position\":3,\"name\":\"LAPIN WHITE LEA THER\"}]},{\"@type\":\"WebSite\",\"@id\":\"https:\\\/\\\/www.venisecollection.com\\\/es#website\",\"url\":\"https:\\\/\\\/www.venisecollection.com\\\/es\",\"name\":\"VENISE COLLECTION\",\"description\":\"\",\"publisher\":{\"@id\":\"https:\\\/\\\/www.venisecollection.com\\\/es#organization\"},\"potentialAction\":[{\"@type\":\"SearchAction\",\"target\":{\"@type\":\"EntryPoint\",\"urlTemplate\":\"https:\\\/\\\/www.venisecollection.com\\\/es?s={search_term_string}\"},\"query-input\":{\"@type\":\"PropertyValueSpecification\",\"valueRequired\":true,\"valueName\":\"search_term_string\"}}],\"inLanguage\":\"es\"},{\"@type\":\"Organization\",\"@id\":\"https:\\\/\\\/www.venisecollection.com\\\/es#organization\",\"name\":\"VENISE COLLECTION\",\"url\":\"https:\\\/\\\/www.venisecollection.com\\\/es\",\"logo\":{\"@type\":\"ImageObject\",\"inLanguage\":\"es\",\"@id\":\"https:\\\/\\\/www.venisecollection.com\\\/es#\\\/schema\\\/logo\\\/image\\\/\",\"url\":\"https:\\\/\\\/www.venisecollection.com\\\/cdn\\\/seo.png\",\"contentUrl\":\"https:\\\/\\\/www.venisecollection.com\\\/cdn\\\/seo.png\",\"width\":1080,\"height\":1080,\"caption\":\"VENISE COLLECTION\"},\"image\":{\"@id\":\"https:\\\/\\\/www.venisecollection.com\\\/es#\\\/schema\\\/logo\\\/image\\\/\"},\"sameAs\":[\"https:\\\/\\\/www.instagram.com\\\/venisecollection\\\/\",\"https:\\\/\\\/fr.pinterest.com\\\/venisecollection\\\/\"]}]}<\/script>\n<!-- \/ Yoast SEO plugin. -->","yoast_head_json":{"title":"LAPIN WHITE LEA THER - VENISE COLLECTION","robots":{"index":"index","follow":"follow","max-snippet":"max-snippet:-1","max-image-preview":"max-image-preview:large","max-video-preview":"max-video-preview:-1"},"canonical":"https:\/\/www.venisecollection.com\/es\/shop\/women\/zapatillas\/lapin-white-lea-ther","og_locale":"es_ES","og_type":"article","og_title":"LAPIN WHITE LEA THER - VENISE COLLECTION","og_description":"Recibe la nueva temporada con un toque de distinci\u00f3n art\u00edstica. Estas zapatillas de Paul Smith reinventan el cl\u00e1sico calzado blanco con un vibrante estampado floral multicolor que parece un lienzo en movimiento. Confeccionadas en cuero de primera calidad, ofrecen la mezcla perfecta entre lujo y sofisticaci\u00f3n casual. Caracter\u00edsticas Destacadas: Colecci\u00f3n New Season Parte Superior de &hellip;","og_url":"https:\/\/www.venisecollection.com\/es\/shop\/women\/zapatillas\/lapin-white-lea-ther","og_site_name":"VENISE COLLECTION","article_modified_time":"2026-03-10T16:09:16+00:00","og_image":[{"width":1280,"height":1588,"url":"https:\/\/www.venisecollection.com\/cdn\/image.psd-46.webp","type":"image\/webp"}],"twitter_card":"summary_large_image","twitter_misc":{"Tiempo de lectura":"1 minuto"},"schema":{"@context":"https:\/\/schema.org","@graph":[{"@type":"WebPage","@id":"https:\/\/www.venisecollection.com\/es\/shop\/women\/zapatillas\/lapin-white-lea-ther","url":"https:\/\/www.venisecollection.com\/es\/shop\/women\/zapatillas\/lapin-white-lea-ther","name":"LAPIN WHITE LEA THER - VENISE COLLECTION","isPartOf":{"@id":"https:\/\/www.venisecollection.com\/es#website"},"primaryImageOfPage":{"@id":"https:\/\/www.venisecollection.com\/es\/shop\/women\/zapatillas\/lapin-white-lea-ther#primaryimage"},"image":{"@id":"https:\/\/www.venisecollection.com\/es\/shop\/women\/zapatillas\/lapin-white-lea-ther#primaryimage"},"thumbnailUrl":"https:\/\/www.venisecollection.com\/cdn\/image.psd-46.webp","datePublished":"2026-03-10T15:54:19+00:00","dateModified":"2026-03-10T16:09:16+00:00","breadcrumb":{"@id":"https:\/\/www.venisecollection.com\/es\/shop\/women\/zapatillas\/lapin-white-lea-ther#breadcrumb"},"inLanguage":"es","potentialAction":[{"@type":"ReadAction","target":["https:\/\/www.venisecollection.com\/es\/shop\/women\/zapatillas\/lapin-white-lea-ther"]}]},{"@type":"ImageObject","inLanguage":"es","@id":"https:\/\/www.venisecollection.com\/es\/shop\/women\/zapatillas\/lapin-white-lea-ther#primaryimage","url":"https:\/\/www.venisecollection.com\/cdn\/image.psd-46.webp","contentUrl":"https:\/\/www.venisecollection.com\/cdn\/image.psd-46.webp","width":1280,"height":1588},{"@type":"BreadcrumbList","@id":"https:\/\/www.venisecollection.com\/es\/shop\/women\/zapatillas\/lapin-white-lea-ther#breadcrumb","itemListElement":[{"@type":"ListItem","position":1,"name":"Home","item":"https:\/\/www.venisecollection.com\/es\/tienda"},{"@type":"ListItem","position":2,"name":"Inicio","item":"https:\/\/www.venisecollection.com\/es\/tienda"},{"@type":"ListItem","position":3,"name":"LAPIN WHITE LEA THER"}]},{"@type":"WebSite","@id":"https:\/\/www.venisecollection.com\/es#website","url":"https:\/\/www.venisecollection.com\/es","name":"VENISE COLLECTION","description":"","publisher":{"@id":"https:\/\/www.venisecollection.com\/es#organization"},"potentialAction":[{"@type":"SearchAction","target":{"@type":"EntryPoint","urlTemplate":"https:\/\/www.venisecollection.com\/es?s={search_term_string}"},"query-input":{"@type":"PropertyValueSpecification","valueRequired":true,"valueName":"search_term_string"}}],"inLanguage":"es"},{"@type":"Organization","@id":"https:\/\/www.venisecollection.com\/es#organization","name":"VENISE COLLECTION","url":"https:\/\/www.venisecollection.com\/es","logo":{"@type":"ImageObject","inLanguage":"es","@id":"https:\/\/www.venisecollection.com\/es#\/schema\/logo\/image\/","url":"https:\/\/www.venisecollection.com\/cdn\/seo.png","contentUrl":"https:\/\/www.venisecollection.com\/cdn\/seo.png","width":1080,"height":1080,"caption":"VENISE COLLECTION"},"image":{"@id":"https:\/\/www.venisecollection.com\/es#\/schema\/logo\/image\/"},"sameAs":["https:\/\/www.instagram.com\/venisecollection\/","https:\/\/fr.pinterest.com\/venisecollection\/"]}]}},"_links":{"self":[{"href":"https:\/\/www.venisecollection.com\/es\/wp-json\/wp\/v2\/product\/21872","targetHints":{"allow":["GET"]}}],"collection":[{"href":"https:\/\/www.venisecollection.com\/es\/wp-json\/wp\/v2\/product"}],"about":[{"href":"https:\/\/www.venisecollection.com\/es\/wp-json\/wp\/v2\/types\/product"}],"wp:featuredmedia":[{"embeddable":true,"href":"https:\/\/www.venisecollection.com\/es\/wp-json\/wp\/v2\/media\/21917"}],"wp:attachment":[{"href":"https:\/\/www.venisecollection.com\/es\/wp-json\/wp\/v2\/media?parent=21872"}],"wp:term":[{"taxonomy":"product_brand","embeddable":true,"href":"https:\/\/www.venisecollection.com\/es\/wp-json\/wp\/v2\/product_brand?post=21872"},{"taxonomy":"product_cat","embeddable":true,"href":"https:\/\/www.venisecollection.com\/es\/wp-json\/wp\/v2\/product_cat?post=21872"},{"taxonomy":"product_tag","embeddable":true,"href":"https:\/\/www.venisecollection.com\/es\/wp-json\/wp\/v2\/product_tag?post=21872"}],"curies":[{"name":"wp","href":"https:\/\/api.w.org\/{rel}","templated":true}]}}