{"id":22246,"date":"2026-03-23T13:48:32","date_gmt":"2026-03-23T13:48:32","guid":{"rendered":"https:\/\/www.venisecollection.com\/?post_type=product&#038;p=22246"},"modified":"2026-03-23T14:02:01","modified_gmt":"2026-03-23T14:02:01","slug":"710-nappa-nero","status":"publish","type":"product","link":"https:\/\/www.venisecollection.com\/es\/shop\/women\/sandalia\/710-nappa-nero","title":{"rendered":"710 NAPPA NERO"},"content":{"rendered":"<p data-path-to-node=\"16\">Encarna la elegancia audaz con la <b data-path-to-node=\"16\" data-index-in-node=\"326\">Sandalia 710 Nappa Nero<\/b> de VENISE COLLECTION. Confeccionadas en cuero napa negro de primera calidad, estas elegantes sandalias para mujer est\u00e1n dise\u00f1adas para destacar en cualquier ocasi\u00f3n. La sofisticada punta cuadrada y el delicado ribete blanco en contraste crean una silueta excepcionalmente moderna.<\/p>\n<p data-path-to-node=\"17\">El verdadero protagonista de este dise\u00f1o es su llamativo tac\u00f3n ancho. Presenta un divertido patr\u00f3n retro de lunares en blanco y negro en el exterior, que esconde un llamativo interior en color rosa. Aseguradas con una correa de tobillo ajustable y una cl\u00e1sica hebilla dorada, estos tacones c\u00f3modos y llenos de estilo son el complemento perfecto para elevar tu ropa de noche o darle un toque \u00fanico a tu look de d\u00eda.<\/p>\n","protected":false},"excerpt":{"rendered":"<p>Encarna la elegancia audaz con la Sandalia 710 Nappa Nero de VENISE COLLECTION. Confeccionadas en cuero napa negro de primera calidad, estas elegantes sandalias para mujer est\u00e1n dise\u00f1adas para destacar en cualquier ocasi\u00f3n. La sofisticada punta cuadrada y el delicado ribete blanco en contraste crean una silueta excepcionalmente moderna. El verdadero protagonista de este dise\u00f1o &hellip;<\/p>\n","protected":false},"featured_media":22269,"template":"","meta":[],"product_brand":[358],"product_cat":[332],"product_tag":[],"class_list":{"0":"post-22246","1":"product","2":"type-product","3":"status-publish","4":"has-post-thumbnail","6":"product_brand-venise-collection","7":"product_cat-sandalia","9":"first","10":"instock","11":"shipping-taxable","12":"purchasable","13":"product-type-variable","14":"has-default-attributes"},"yoast_head":"<!-- This site is optimized with the Yoast SEO plugin v27.5 - https:\/\/yoast.com\/product\/yoast-seo-wordpress\/ -->\n<title>Sandalias de Cuero Negro Elegantes para Mujer<\/title>\n<meta name=\"robots\" content=\"index, follow, max-snippet:-1, max-image-preview:large, max-video-preview:-1\" \/>\n<link rel=\"canonical\" href=\"https:\/\/www.venisecollection.com\/es\/shop\/women\/sandalia\/710-nappa-nero\" \/>\n<meta property=\"og:locale\" content=\"es_ES\" \/>\n<meta property=\"og:type\" content=\"article\" \/>\n<meta property=\"og:title\" content=\"Sandalias de Cuero Negro Elegantes para Mujer\" \/>\n<meta property=\"og:description\" content=\"Encarna la elegancia audaz con la Sandalia 710 Nappa Nero de VENISE COLLECTION. Confeccionadas en cuero napa negro de primera calidad, estas elegantes sandalias para mujer est\u00e1n dise\u00f1adas para destacar en cualquier ocasi\u00f3n. La sofisticada punta cuadrada y el delicado ribete blanco en contraste crean una silueta excepcionalmente moderna. El verdadero protagonista de este dise\u00f1o &hellip;\" \/>\n<meta property=\"og:url\" content=\"https:\/\/www.venisecollection.com\/es\/shop\/women\/sandalia\/710-nappa-nero\" \/>\n<meta property=\"og:site_name\" content=\"VENISE COLLECTION\" \/>\n<meta property=\"article:modified_time\" content=\"2026-03-23T14:02:01+00:00\" \/>\n<meta property=\"og:image\" content=\"https:\/\/www.venisecollection.com\/cdn\/image-158-1.webp\" \/>\n\t<meta property=\"og:image:width\" content=\"1280\" \/>\n\t<meta property=\"og:image:height\" content=\"1588\" \/>\n\t<meta property=\"og:image:type\" content=\"image\/webp\" \/>\n<meta name=\"twitter:card\" content=\"summary_large_image\" \/>\n<meta name=\"twitter:label1\" content=\"Tiempo de lectura\" \/>\n\t<meta name=\"twitter:data1\" content=\"1 minuto\" \/>\n<script type=\"application\/ld+json\" class=\"yoast-schema-graph\">{\"@context\":\"https:\\\/\\\/schema.org\",\"@graph\":[{\"@type\":\"WebPage\",\"@id\":\"https:\\\/\\\/www.venisecollection.com\\\/es\\\/shop\\\/women\\\/sandalia\\\/710-nappa-nero\",\"url\":\"https:\\\/\\\/www.venisecollection.com\\\/es\\\/shop\\\/women\\\/sandalia\\\/710-nappa-nero\",\"name\":\"Sandalias de Cuero Negro Elegantes para Mujer\",\"isPartOf\":{\"@id\":\"https:\\\/\\\/www.venisecollection.com\\\/es#website\"},\"primaryImageOfPage\":{\"@id\":\"https:\\\/\\\/www.venisecollection.com\\\/es\\\/shop\\\/women\\\/sandalia\\\/710-nappa-nero#primaryimage\"},\"image\":{\"@id\":\"https:\\\/\\\/www.venisecollection.com\\\/es\\\/shop\\\/women\\\/sandalia\\\/710-nappa-nero#primaryimage\"},\"thumbnailUrl\":\"https:\\\/\\\/www.venisecollection.com\\\/cdn\\\/image-158-1.webp\",\"datePublished\":\"2026-03-23T13:48:32+00:00\",\"dateModified\":\"2026-03-23T14:02:01+00:00\",\"breadcrumb\":{\"@id\":\"https:\\\/\\\/www.venisecollection.com\\\/es\\\/shop\\\/women\\\/sandalia\\\/710-nappa-nero#breadcrumb\"},\"inLanguage\":\"es\",\"potentialAction\":[{\"@type\":\"ReadAction\",\"target\":[\"https:\\\/\\\/www.venisecollection.com\\\/es\\\/shop\\\/women\\\/sandalia\\\/710-nappa-nero\"]}]},{\"@type\":\"ImageObject\",\"inLanguage\":\"es\",\"@id\":\"https:\\\/\\\/www.venisecollection.com\\\/es\\\/shop\\\/women\\\/sandalia\\\/710-nappa-nero#primaryimage\",\"url\":\"https:\\\/\\\/www.venisecollection.com\\\/cdn\\\/image-158-1.webp\",\"contentUrl\":\"https:\\\/\\\/www.venisecollection.com\\\/cdn\\\/image-158-1.webp\",\"width\":1280,\"height\":1588},{\"@type\":\"BreadcrumbList\",\"@id\":\"https:\\\/\\\/www.venisecollection.com\\\/es\\\/shop\\\/women\\\/sandalia\\\/710-nappa-nero#breadcrumb\",\"itemListElement\":[{\"@type\":\"ListItem\",\"position\":1,\"name\":\"Home\",\"item\":\"https:\\\/\\\/www.venisecollection.com\\\/es\\\/tienda\"},{\"@type\":\"ListItem\",\"position\":2,\"name\":\"Inicio\",\"item\":\"https:\\\/\\\/www.venisecollection.com\\\/es\\\/tienda\"},{\"@type\":\"ListItem\",\"position\":3,\"name\":\"710 NAPPA NERO\"}]},{\"@type\":\"WebSite\",\"@id\":\"https:\\\/\\\/www.venisecollection.com\\\/es#website\",\"url\":\"https:\\\/\\\/www.venisecollection.com\\\/es\",\"name\":\"VENISE COLLECTION\",\"description\":\"\",\"publisher\":{\"@id\":\"https:\\\/\\\/www.venisecollection.com\\\/es#organization\"},\"potentialAction\":[{\"@type\":\"SearchAction\",\"target\":{\"@type\":\"EntryPoint\",\"urlTemplate\":\"https:\\\/\\\/www.venisecollection.com\\\/es?s={search_term_string}\"},\"query-input\":{\"@type\":\"PropertyValueSpecification\",\"valueRequired\":true,\"valueName\":\"search_term_string\"}}],\"inLanguage\":\"es\"},{\"@type\":\"Organization\",\"@id\":\"https:\\\/\\\/www.venisecollection.com\\\/es#organization\",\"name\":\"VENISE COLLECTION\",\"url\":\"https:\\\/\\\/www.venisecollection.com\\\/es\",\"logo\":{\"@type\":\"ImageObject\",\"inLanguage\":\"es\",\"@id\":\"https:\\\/\\\/www.venisecollection.com\\\/es#\\\/schema\\\/logo\\\/image\\\/\",\"url\":\"https:\\\/\\\/www.venisecollection.com\\\/cdn\\\/seo.png\",\"contentUrl\":\"https:\\\/\\\/www.venisecollection.com\\\/cdn\\\/seo.png\",\"width\":1080,\"height\":1080,\"caption\":\"VENISE COLLECTION\"},\"image\":{\"@id\":\"https:\\\/\\\/www.venisecollection.com\\\/es#\\\/schema\\\/logo\\\/image\\\/\"},\"sameAs\":[\"https:\\\/\\\/www.instagram.com\\\/venisecollection\\\/\",\"https:\\\/\\\/fr.pinterest.com\\\/venisecollection\\\/\"]}]}<\/script>\n<!-- \/ Yoast SEO plugin. -->","yoast_head_json":{"title":"Sandalias de Cuero Negro Elegantes para Mujer","robots":{"index":"index","follow":"follow","max-snippet":"max-snippet:-1","max-image-preview":"max-image-preview:large","max-video-preview":"max-video-preview:-1"},"canonical":"https:\/\/www.venisecollection.com\/es\/shop\/women\/sandalia\/710-nappa-nero","og_locale":"es_ES","og_type":"article","og_title":"Sandalias de Cuero Negro Elegantes para Mujer","og_description":"Encarna la elegancia audaz con la Sandalia 710 Nappa Nero de VENISE COLLECTION. Confeccionadas en cuero napa negro de primera calidad, estas elegantes sandalias para mujer est\u00e1n dise\u00f1adas para destacar en cualquier ocasi\u00f3n. La sofisticada punta cuadrada y el delicado ribete blanco en contraste crean una silueta excepcionalmente moderna. El verdadero protagonista de este dise\u00f1o &hellip;","og_url":"https:\/\/www.venisecollection.com\/es\/shop\/women\/sandalia\/710-nappa-nero","og_site_name":"VENISE COLLECTION","article_modified_time":"2026-03-23T14:02:01+00:00","og_image":[{"width":1280,"height":1588,"url":"https:\/\/www.venisecollection.com\/cdn\/image-158-1.webp","type":"image\/webp"}],"twitter_card":"summary_large_image","twitter_misc":{"Tiempo de lectura":"1 minuto"},"schema":{"@context":"https:\/\/schema.org","@graph":[{"@type":"WebPage","@id":"https:\/\/www.venisecollection.com\/es\/shop\/women\/sandalia\/710-nappa-nero","url":"https:\/\/www.venisecollection.com\/es\/shop\/women\/sandalia\/710-nappa-nero","name":"Sandalias de Cuero Negro Elegantes para Mujer","isPartOf":{"@id":"https:\/\/www.venisecollection.com\/es#website"},"primaryImageOfPage":{"@id":"https:\/\/www.venisecollection.com\/es\/shop\/women\/sandalia\/710-nappa-nero#primaryimage"},"image":{"@id":"https:\/\/www.venisecollection.com\/es\/shop\/women\/sandalia\/710-nappa-nero#primaryimage"},"thumbnailUrl":"https:\/\/www.venisecollection.com\/cdn\/image-158-1.webp","datePublished":"2026-03-23T13:48:32+00:00","dateModified":"2026-03-23T14:02:01+00:00","breadcrumb":{"@id":"https:\/\/www.venisecollection.com\/es\/shop\/women\/sandalia\/710-nappa-nero#breadcrumb"},"inLanguage":"es","potentialAction":[{"@type":"ReadAction","target":["https:\/\/www.venisecollection.com\/es\/shop\/women\/sandalia\/710-nappa-nero"]}]},{"@type":"ImageObject","inLanguage":"es","@id":"https:\/\/www.venisecollection.com\/es\/shop\/women\/sandalia\/710-nappa-nero#primaryimage","url":"https:\/\/www.venisecollection.com\/cdn\/image-158-1.webp","contentUrl":"https:\/\/www.venisecollection.com\/cdn\/image-158-1.webp","width":1280,"height":1588},{"@type":"BreadcrumbList","@id":"https:\/\/www.venisecollection.com\/es\/shop\/women\/sandalia\/710-nappa-nero#breadcrumb","itemListElement":[{"@type":"ListItem","position":1,"name":"Home","item":"https:\/\/www.venisecollection.com\/es\/tienda"},{"@type":"ListItem","position":2,"name":"Inicio","item":"https:\/\/www.venisecollection.com\/es\/tienda"},{"@type":"ListItem","position":3,"name":"710 NAPPA NERO"}]},{"@type":"WebSite","@id":"https:\/\/www.venisecollection.com\/es#website","url":"https:\/\/www.venisecollection.com\/es","name":"VENISE COLLECTION","description":"","publisher":{"@id":"https:\/\/www.venisecollection.com\/es#organization"},"potentialAction":[{"@type":"SearchAction","target":{"@type":"EntryPoint","urlTemplate":"https:\/\/www.venisecollection.com\/es?s={search_term_string}"},"query-input":{"@type":"PropertyValueSpecification","valueRequired":true,"valueName":"search_term_string"}}],"inLanguage":"es"},{"@type":"Organization","@id":"https:\/\/www.venisecollection.com\/es#organization","name":"VENISE COLLECTION","url":"https:\/\/www.venisecollection.com\/es","logo":{"@type":"ImageObject","inLanguage":"es","@id":"https:\/\/www.venisecollection.com\/es#\/schema\/logo\/image\/","url":"https:\/\/www.venisecollection.com\/cdn\/seo.png","contentUrl":"https:\/\/www.venisecollection.com\/cdn\/seo.png","width":1080,"height":1080,"caption":"VENISE COLLECTION"},"image":{"@id":"https:\/\/www.venisecollection.com\/es#\/schema\/logo\/image\/"},"sameAs":["https:\/\/www.instagram.com\/venisecollection\/","https:\/\/fr.pinterest.com\/venisecollection\/"]}]}},"_links":{"self":[{"href":"https:\/\/www.venisecollection.com\/es\/wp-json\/wp\/v2\/product\/22246","targetHints":{"allow":["GET"]}}],"collection":[{"href":"https:\/\/www.venisecollection.com\/es\/wp-json\/wp\/v2\/product"}],"about":[{"href":"https:\/\/www.venisecollection.com\/es\/wp-json\/wp\/v2\/types\/product"}],"wp:featuredmedia":[{"embeddable":true,"href":"https:\/\/www.venisecollection.com\/es\/wp-json\/wp\/v2\/media\/22269"}],"wp:attachment":[{"href":"https:\/\/www.venisecollection.com\/es\/wp-json\/wp\/v2\/media?parent=22246"}],"wp:term":[{"taxonomy":"product_brand","embeddable":true,"href":"https:\/\/www.venisecollection.com\/es\/wp-json\/wp\/v2\/product_brand?post=22246"},{"taxonomy":"product_cat","embeddable":true,"href":"https:\/\/www.venisecollection.com\/es\/wp-json\/wp\/v2\/product_cat?post=22246"},{"taxonomy":"product_tag","embeddable":true,"href":"https:\/\/www.venisecollection.com\/es\/wp-json\/wp\/v2\/product_tag?post=22246"}],"curies":[{"name":"wp","href":"https:\/\/api.w.org\/{rel}","templated":true}]}}