{"id":22461,"date":"2026-03-24T16:15:26","date_gmt":"2026-03-24T16:15:26","guid":{"rendered":"https:\/\/www.venisecollection.com\/?post_type=product&#038;p=22461"},"modified":"2026-03-24T16:55:13","modified_gmt":"2026-03-24T16:55:13","slug":"ss25-kill-bill","status":"publish","type":"product","link":"https:\/\/www.venisecollection.com\/es\/shop\/women\/zapatillas\/ss25-kill-bill","title":{"rendered":"SS26 KILL BILL CAPPUCCINO"},"content":{"rendered":"<p data-path-to-node=\"19\">Eleva tu armario de uso diario con la <b data-path-to-node=\"19\" data-index-in-node=\"296\">zapatilla KillBill<\/b> de <b data-path-to-node=\"19\" data-index-in-node=\"318\">ASH<\/b>. Confeccionadas en un rico ante color caramelo, estas deportivas para mujer de inspiraci\u00f3n retro combinan a la perfecci\u00f3n la est\u00e9tica vintage con el confort moderno. El dise\u00f1o destaca por sus emblem\u00e1ticas costuras geom\u00e9tricas en los laterales y cordones blancos en contraste que complementan a la perfecci\u00f3n la distintiva leng\u00fceta blanca con el logotipo.<\/p>\n<p data-path-to-node=\"20\">En su interior, la zapatilla est\u00e1 pensada para llevarla todo el d\u00eda, ofreciendo un forro de tela transpirable combinado con una plantilla de cuero de primera calidad. La parte posterior est\u00e1 sutilmente acentuada con un suave parche de cuero beige con el logo, a\u00f1adiendo un toque refinado a la silueta deportiva. Rematadas con una resistente suela de goma que proporciona una c\u00f3moda altura de 2 cm, estas zapatillas son perfectas para combinar sin esfuerzo con vaqueros, vestidos fluidos o ropa casual arreglada.<\/p>\n<ul data-path-to-node=\"21\">\n<li>\n<p data-path-to-node=\"21,0,0\"><b data-path-to-node=\"21,0,0\" data-index-in-node=\"0\">Material exterior:<\/b> Ante color caramelo con cordones blancos<\/p>\n<\/li>\n<li>\n<p data-path-to-node=\"21,1,0\"><b data-path-to-node=\"21,1,0\" data-index-in-node=\"0\">Forro y Plantilla:<\/b> Forro de tela y plantilla de cuero premium<\/p>\n<\/li>\n<li>\n<p data-path-to-node=\"21,2,0\"><b data-path-to-node=\"21,2,0\" data-index-in-node=\"0\">Detalles:<\/b> Leng\u00fceta blanca con logo y detalle de tal\u00f3n en cuero beige suave<\/p>\n<\/li>\n<li>\n<p data-path-to-node=\"21,3,0\"><b data-path-to-node=\"21,3,0\" data-index-in-node=\"0\">Suela:<\/b> Goma duradera<\/p>\n<\/li>\n<li>\n<p data-path-to-node=\"21,4,0\"><b data-path-to-node=\"21,4,0\" data-index-in-node=\"0\">Altura:<\/b> 2 cm<\/p>\n<\/li>\n<\/ul>\n","protected":false},"excerpt":{"rendered":"<p>Eleva tu armario de uso diario con la zapatilla KillBill de ASH. Confeccionadas en un rico ante color caramelo, estas deportivas para mujer de inspiraci\u00f3n retro combinan a la perfecci\u00f3n la est\u00e9tica vintage con el confort moderno. El dise\u00f1o destaca por sus emblem\u00e1ticas costuras geom\u00e9tricas en los laterales y cordones blancos en contraste que complementan &hellip;<\/p>\n","protected":false},"featured_media":22490,"template":"","meta":[],"product_brand":[392],"product_cat":[121],"product_tag":[],"class_list":{"0":"post-22461","1":"product","2":"type-product","3":"status-publish","4":"has-post-thumbnail","6":"product_brand-ash","7":"product_cat-zapatillas","9":"first","10":"instock","11":"shipping-taxable","12":"purchasable","13":"product-type-variable","14":"has-default-attributes"},"yoast_head":"<!-- This site is optimized with the Yoast SEO plugin v27.5 - https:\/\/yoast.com\/product\/yoast-seo-wordpress\/ -->\n<title>Zapatillas de Ante Caramelo Mujer<\/title>\n<meta name=\"robots\" content=\"index, follow, max-snippet:-1, max-image-preview:large, max-video-preview:-1\" \/>\n<link rel=\"canonical\" href=\"https:\/\/www.venisecollection.com\/es\/shop\/women\/zapatillas\/ss25-kill-bill\" \/>\n<meta property=\"og:locale\" content=\"es_ES\" \/>\n<meta property=\"og:type\" content=\"article\" \/>\n<meta property=\"og:title\" content=\"Zapatillas de Ante Caramelo Mujer\" \/>\n<meta property=\"og:description\" content=\"Eleva tu armario de uso diario con la zapatilla KillBill de ASH. Confeccionadas en un rico ante color caramelo, estas deportivas para mujer de inspiraci\u00f3n retro combinan a la perfecci\u00f3n la est\u00e9tica vintage con el confort moderno. El dise\u00f1o destaca por sus emblem\u00e1ticas costuras geom\u00e9tricas en los laterales y cordones blancos en contraste que complementan &hellip;\" \/>\n<meta property=\"og:url\" content=\"https:\/\/www.venisecollection.com\/es\/shop\/women\/zapatillas\/ss25-kill-bill\" \/>\n<meta property=\"og:site_name\" content=\"VENISE COLLECTION\" \/>\n<meta property=\"article:modified_time\" content=\"2026-03-24T16:55:13+00:00\" \/>\n<meta property=\"og:image\" content=\"https:\/\/www.venisecollection.com\/cdn\/image-162-13.webp\" \/>\n\t<meta property=\"og:image:width\" content=\"1280\" \/>\n\t<meta property=\"og:image:height\" content=\"1588\" \/>\n\t<meta property=\"og:image:type\" content=\"image\/webp\" \/>\n<meta name=\"twitter:card\" content=\"summary_large_image\" \/>\n<meta name=\"twitter:label1\" content=\"Tiempo de lectura\" \/>\n\t<meta name=\"twitter:data1\" content=\"2 minuto\" \/>\n<script type=\"application\/ld+json\" class=\"yoast-schema-graph\">{\"@context\":\"https:\\\/\\\/schema.org\",\"@graph\":[{\"@type\":\"WebPage\",\"@id\":\"https:\\\/\\\/www.venisecollection.com\\\/es\\\/shop\\\/women\\\/zapatillas\\\/ss25-kill-bill\",\"url\":\"https:\\\/\\\/www.venisecollection.com\\\/es\\\/shop\\\/women\\\/zapatillas\\\/ss25-kill-bill\",\"name\":\"Zapatillas de Ante Caramelo Mujer\",\"isPartOf\":{\"@id\":\"https:\\\/\\\/www.venisecollection.com\\\/es#website\"},\"primaryImageOfPage\":{\"@id\":\"https:\\\/\\\/www.venisecollection.com\\\/es\\\/shop\\\/women\\\/zapatillas\\\/ss25-kill-bill#primaryimage\"},\"image\":{\"@id\":\"https:\\\/\\\/www.venisecollection.com\\\/es\\\/shop\\\/women\\\/zapatillas\\\/ss25-kill-bill#primaryimage\"},\"thumbnailUrl\":\"https:\\\/\\\/www.venisecollection.com\\\/cdn\\\/image-162-13.webp\",\"datePublished\":\"2026-03-24T16:15:26+00:00\",\"dateModified\":\"2026-03-24T16:55:13+00:00\",\"breadcrumb\":{\"@id\":\"https:\\\/\\\/www.venisecollection.com\\\/es\\\/shop\\\/women\\\/zapatillas\\\/ss25-kill-bill#breadcrumb\"},\"inLanguage\":\"es\",\"potentialAction\":[{\"@type\":\"ReadAction\",\"target\":[\"https:\\\/\\\/www.venisecollection.com\\\/es\\\/shop\\\/women\\\/zapatillas\\\/ss25-kill-bill\"]}]},{\"@type\":\"ImageObject\",\"inLanguage\":\"es\",\"@id\":\"https:\\\/\\\/www.venisecollection.com\\\/es\\\/shop\\\/women\\\/zapatillas\\\/ss25-kill-bill#primaryimage\",\"url\":\"https:\\\/\\\/www.venisecollection.com\\\/cdn\\\/image-162-13.webp\",\"contentUrl\":\"https:\\\/\\\/www.venisecollection.com\\\/cdn\\\/image-162-13.webp\",\"width\":1280,\"height\":1588},{\"@type\":\"BreadcrumbList\",\"@id\":\"https:\\\/\\\/www.venisecollection.com\\\/es\\\/shop\\\/women\\\/zapatillas\\\/ss25-kill-bill#breadcrumb\",\"itemListElement\":[{\"@type\":\"ListItem\",\"position\":1,\"name\":\"Home\",\"item\":\"https:\\\/\\\/www.venisecollection.com\\\/es\\\/tienda\"},{\"@type\":\"ListItem\",\"position\":2,\"name\":\"Inicio\",\"item\":\"https:\\\/\\\/www.venisecollection.com\\\/es\\\/tienda\"},{\"@type\":\"ListItem\",\"position\":3,\"name\":\"SS26 KILL BILL CAPPUCCINO\"}]},{\"@type\":\"WebSite\",\"@id\":\"https:\\\/\\\/www.venisecollection.com\\\/es#website\",\"url\":\"https:\\\/\\\/www.venisecollection.com\\\/es\",\"name\":\"VENISE COLLECTION\",\"description\":\"\",\"publisher\":{\"@id\":\"https:\\\/\\\/www.venisecollection.com\\\/es#organization\"},\"potentialAction\":[{\"@type\":\"SearchAction\",\"target\":{\"@type\":\"EntryPoint\",\"urlTemplate\":\"https:\\\/\\\/www.venisecollection.com\\\/es?s={search_term_string}\"},\"query-input\":{\"@type\":\"PropertyValueSpecification\",\"valueRequired\":true,\"valueName\":\"search_term_string\"}}],\"inLanguage\":\"es\"},{\"@type\":\"Organization\",\"@id\":\"https:\\\/\\\/www.venisecollection.com\\\/es#organization\",\"name\":\"VENISE COLLECTION\",\"url\":\"https:\\\/\\\/www.venisecollection.com\\\/es\",\"logo\":{\"@type\":\"ImageObject\",\"inLanguage\":\"es\",\"@id\":\"https:\\\/\\\/www.venisecollection.com\\\/es#\\\/schema\\\/logo\\\/image\\\/\",\"url\":\"https:\\\/\\\/www.venisecollection.com\\\/cdn\\\/seo.png\",\"contentUrl\":\"https:\\\/\\\/www.venisecollection.com\\\/cdn\\\/seo.png\",\"width\":1080,\"height\":1080,\"caption\":\"VENISE COLLECTION\"},\"image\":{\"@id\":\"https:\\\/\\\/www.venisecollection.com\\\/es#\\\/schema\\\/logo\\\/image\\\/\"},\"sameAs\":[\"https:\\\/\\\/www.instagram.com\\\/venisecollection\\\/\",\"https:\\\/\\\/fr.pinterest.com\\\/venisecollection\\\/\"]}]}<\/script>\n<!-- \/ Yoast SEO plugin. -->","yoast_head_json":{"title":"Zapatillas de Ante Caramelo Mujer","robots":{"index":"index","follow":"follow","max-snippet":"max-snippet:-1","max-image-preview":"max-image-preview:large","max-video-preview":"max-video-preview:-1"},"canonical":"https:\/\/www.venisecollection.com\/es\/shop\/women\/zapatillas\/ss25-kill-bill","og_locale":"es_ES","og_type":"article","og_title":"Zapatillas de Ante Caramelo Mujer","og_description":"Eleva tu armario de uso diario con la zapatilla KillBill de ASH. Confeccionadas en un rico ante color caramelo, estas deportivas para mujer de inspiraci\u00f3n retro combinan a la perfecci\u00f3n la est\u00e9tica vintage con el confort moderno. El dise\u00f1o destaca por sus emblem\u00e1ticas costuras geom\u00e9tricas en los laterales y cordones blancos en contraste que complementan &hellip;","og_url":"https:\/\/www.venisecollection.com\/es\/shop\/women\/zapatillas\/ss25-kill-bill","og_site_name":"VENISE COLLECTION","article_modified_time":"2026-03-24T16:55:13+00:00","og_image":[{"width":1280,"height":1588,"url":"https:\/\/www.venisecollection.com\/cdn\/image-162-13.webp","type":"image\/webp"}],"twitter_card":"summary_large_image","twitter_misc":{"Tiempo de lectura":"2 minuto"},"schema":{"@context":"https:\/\/schema.org","@graph":[{"@type":"WebPage","@id":"https:\/\/www.venisecollection.com\/es\/shop\/women\/zapatillas\/ss25-kill-bill","url":"https:\/\/www.venisecollection.com\/es\/shop\/women\/zapatillas\/ss25-kill-bill","name":"Zapatillas de Ante Caramelo Mujer","isPartOf":{"@id":"https:\/\/www.venisecollection.com\/es#website"},"primaryImageOfPage":{"@id":"https:\/\/www.venisecollection.com\/es\/shop\/women\/zapatillas\/ss25-kill-bill#primaryimage"},"image":{"@id":"https:\/\/www.venisecollection.com\/es\/shop\/women\/zapatillas\/ss25-kill-bill#primaryimage"},"thumbnailUrl":"https:\/\/www.venisecollection.com\/cdn\/image-162-13.webp","datePublished":"2026-03-24T16:15:26+00:00","dateModified":"2026-03-24T16:55:13+00:00","breadcrumb":{"@id":"https:\/\/www.venisecollection.com\/es\/shop\/women\/zapatillas\/ss25-kill-bill#breadcrumb"},"inLanguage":"es","potentialAction":[{"@type":"ReadAction","target":["https:\/\/www.venisecollection.com\/es\/shop\/women\/zapatillas\/ss25-kill-bill"]}]},{"@type":"ImageObject","inLanguage":"es","@id":"https:\/\/www.venisecollection.com\/es\/shop\/women\/zapatillas\/ss25-kill-bill#primaryimage","url":"https:\/\/www.venisecollection.com\/cdn\/image-162-13.webp","contentUrl":"https:\/\/www.venisecollection.com\/cdn\/image-162-13.webp","width":1280,"height":1588},{"@type":"BreadcrumbList","@id":"https:\/\/www.venisecollection.com\/es\/shop\/women\/zapatillas\/ss25-kill-bill#breadcrumb","itemListElement":[{"@type":"ListItem","position":1,"name":"Home","item":"https:\/\/www.venisecollection.com\/es\/tienda"},{"@type":"ListItem","position":2,"name":"Inicio","item":"https:\/\/www.venisecollection.com\/es\/tienda"},{"@type":"ListItem","position":3,"name":"SS26 KILL BILL CAPPUCCINO"}]},{"@type":"WebSite","@id":"https:\/\/www.venisecollection.com\/es#website","url":"https:\/\/www.venisecollection.com\/es","name":"VENISE COLLECTION","description":"","publisher":{"@id":"https:\/\/www.venisecollection.com\/es#organization"},"potentialAction":[{"@type":"SearchAction","target":{"@type":"EntryPoint","urlTemplate":"https:\/\/www.venisecollection.com\/es?s={search_term_string}"},"query-input":{"@type":"PropertyValueSpecification","valueRequired":true,"valueName":"search_term_string"}}],"inLanguage":"es"},{"@type":"Organization","@id":"https:\/\/www.venisecollection.com\/es#organization","name":"VENISE COLLECTION","url":"https:\/\/www.venisecollection.com\/es","logo":{"@type":"ImageObject","inLanguage":"es","@id":"https:\/\/www.venisecollection.com\/es#\/schema\/logo\/image\/","url":"https:\/\/www.venisecollection.com\/cdn\/seo.png","contentUrl":"https:\/\/www.venisecollection.com\/cdn\/seo.png","width":1080,"height":1080,"caption":"VENISE COLLECTION"},"image":{"@id":"https:\/\/www.venisecollection.com\/es#\/schema\/logo\/image\/"},"sameAs":["https:\/\/www.instagram.com\/venisecollection\/","https:\/\/fr.pinterest.com\/venisecollection\/"]}]}},"_links":{"self":[{"href":"https:\/\/www.venisecollection.com\/es\/wp-json\/wp\/v2\/product\/22461","targetHints":{"allow":["GET"]}}],"collection":[{"href":"https:\/\/www.venisecollection.com\/es\/wp-json\/wp\/v2\/product"}],"about":[{"href":"https:\/\/www.venisecollection.com\/es\/wp-json\/wp\/v2\/types\/product"}],"wp:featuredmedia":[{"embeddable":true,"href":"https:\/\/www.venisecollection.com\/es\/wp-json\/wp\/v2\/media\/22490"}],"wp:attachment":[{"href":"https:\/\/www.venisecollection.com\/es\/wp-json\/wp\/v2\/media?parent=22461"}],"wp:term":[{"taxonomy":"product_brand","embeddable":true,"href":"https:\/\/www.venisecollection.com\/es\/wp-json\/wp\/v2\/product_brand?post=22461"},{"taxonomy":"product_cat","embeddable":true,"href":"https:\/\/www.venisecollection.com\/es\/wp-json\/wp\/v2\/product_cat?post=22461"},{"taxonomy":"product_tag","embeddable":true,"href":"https:\/\/www.venisecollection.com\/es\/wp-json\/wp\/v2\/product_tag?post=22461"}],"curies":[{"name":"wp","href":"https:\/\/api.w.org\/{rel}","templated":true}]}}