{"id":22522,"date":"2026-03-24T16:44:16","date_gmt":"2026-03-24T16:44:16","guid":{"rendered":"https:\/\/www.venisecollection.com\/?post_type=product&#038;p=22522"},"modified":"2026-03-24T16:52:56","modified_gmt":"2026-03-24T16:52:56","slug":"ss26-kill-bill-silver","status":"publish","type":"product","link":"https:\/\/www.venisecollection.com\/es\/shop\/women\/zapatillas\/ss26-kill-bill-silver","title":{"rendered":"SS26 KILL BILL SILVER"},"content":{"rendered":"<p data-path-to-node=\"18\">Marca tendencia con la <b data-path-to-node=\"18\" data-index-in-node=\"288\">zapatilla KillBill Silver<\/b> de <b data-path-to-node=\"18\" data-index-in-node=\"317\">ASH<\/b>. Tomando la cl\u00e1sica silueta de running retro y actualiz\u00e1ndola con un toque futurista, estas deportivas para mujer est\u00e1n confeccionadas en un llamativo cuero plateado metalizado. La parte superior luminosa est\u00e1 bellamente detallada con las emblem\u00e1ticas costuras geom\u00e9tricas, fusionando a la perfecci\u00f3n el dise\u00f1o vintage con el estilo urbano contempor\u00e1neo.<\/p>\n<p data-path-to-node=\"19\">Estas zapatillas cuentan con gruesos cordones trenzados en color crudo que complementan a la perfecci\u00f3n el suave parche de cuero beige en el tal\u00f3n, creando una paleta de colores sofisticada. Dise\u00f1adas para ofrecer comodidad durante todo el d\u00eda, el interior cuenta con un forro de tela transpirable y una plantilla de cuero de primera calidad. Asentadas sobre una resistente suela de goma en tonos claros con una c\u00f3moda altura de 2 cm y el logotipo de ASH, estas zapatillas son perfectas para a\u00f1adir un toque de glamour a tu ropa vaquera o vestidos casuales.<\/p>\n<ul data-path-to-node=\"20\">\n<li>\n<p data-path-to-node=\"20,0,0\"><b data-path-to-node=\"20,0,0\" data-index-in-node=\"0\">Material exterior:<\/b> Cuero plateado metalizado de alto brillo<\/p>\n<\/li>\n<li>\n<p data-path-to-node=\"20,1,0\"><b data-path-to-node=\"20,1,0\" data-index-in-node=\"0\">Forro y Plantilla:<\/b> Forro de tela y plantilla de cuero premium<\/p>\n<\/li>\n<li>\n<p data-path-to-node=\"20,2,0\"><b data-path-to-node=\"20,2,0\" data-index-in-node=\"0\">Detalles:<\/b> Cordones trenzados crudos y detalle de tal\u00f3n en cuero beige suave<\/p>\n<\/li>\n<li>\n<p data-path-to-node=\"20,3,0\"><b data-path-to-node=\"20,3,0\" data-index-in-node=\"0\">Suela:<\/b> Goma duradera en tono claro<\/p>\n<\/li>\n<li>\n<p data-path-to-node=\"20,4,0\"><b data-path-to-node=\"20,4,0\" data-index-in-node=\"0\">Altura:<\/b> 2 cm<\/p>\n<\/li>\n<\/ul>\n","protected":false},"excerpt":{"rendered":"<p>Marca tendencia con la zapatilla KillBill Silver de ASH. Tomando la cl\u00e1sica silueta de running retro y actualiz\u00e1ndola con un toque futurista, estas deportivas para mujer est\u00e1n confeccionadas en un llamativo cuero plateado metalizado. La parte superior luminosa est\u00e1 bellamente detallada con las emblem\u00e1ticas costuras geom\u00e9tricas, fusionando a la perfecci\u00f3n el dise\u00f1o vintage con el &hellip;<\/p>\n","protected":false},"featured_media":22550,"template":"","meta":[],"product_brand":[392],"product_cat":[121],"product_tag":[],"class_list":{"0":"post-22522","1":"product","2":"type-product","3":"status-publish","4":"has-post-thumbnail","6":"product_brand-ash","7":"product_cat-zapatillas","9":"first","10":"instock","11":"shipping-taxable","12":"purchasable","13":"product-type-variable","14":"has-default-attributes"},"yoast_head":"<!-- This site is optimized with the Yoast SEO plugin v27.5 - https:\/\/yoast.com\/product\/yoast-seo-wordpress\/ -->\n<title>Zapatillas Plateadas Metalizadas Mujer ASH KillBill Silver Sneakers<\/title>\n<meta name=\"robots\" content=\"index, follow, max-snippet:-1, max-image-preview:large, max-video-preview:-1\" \/>\n<link rel=\"canonical\" href=\"https:\/\/www.venisecollection.com\/es\/shop\/women\/zapatillas\/ss26-kill-bill-silver\" \/>\n<meta property=\"og:locale\" content=\"es_ES\" \/>\n<meta property=\"og:type\" content=\"article\" \/>\n<meta property=\"og:title\" content=\"Zapatillas Plateadas Metalizadas Mujer ASH KillBill Silver Sneakers\" \/>\n<meta property=\"og:description\" content=\"Marca tendencia con la zapatilla KillBill Silver de ASH. Tomando la cl\u00e1sica silueta de running retro y actualiz\u00e1ndola con un toque futurista, estas deportivas para mujer est\u00e1n confeccionadas en un llamativo cuero plateado metalizado. La parte superior luminosa est\u00e1 bellamente detallada con las emblem\u00e1ticas costuras geom\u00e9tricas, fusionando a la perfecci\u00f3n el dise\u00f1o vintage con el &hellip;\" \/>\n<meta property=\"og:url\" content=\"https:\/\/www.venisecollection.com\/es\/shop\/women\/zapatillas\/ss26-kill-bill-silver\" \/>\n<meta property=\"og:site_name\" content=\"VENISE COLLECTION\" \/>\n<meta property=\"article:modified_time\" content=\"2026-03-24T16:52:56+00:00\" \/>\n<meta property=\"og:image\" content=\"https:\/\/www.venisecollection.com\/cdn\/image-162-18.webp\" \/>\n\t<meta property=\"og:image:width\" content=\"1280\" \/>\n\t<meta property=\"og:image:height\" content=\"1588\" \/>\n\t<meta property=\"og:image:type\" content=\"image\/webp\" \/>\n<meta name=\"twitter:card\" content=\"summary_large_image\" \/>\n<meta name=\"twitter:label1\" content=\"Tiempo de lectura\" \/>\n\t<meta name=\"twitter:data1\" content=\"2 minuto\" \/>\n<script type=\"application\/ld+json\" class=\"yoast-schema-graph\">{\"@context\":\"https:\\\/\\\/schema.org\",\"@graph\":[{\"@type\":\"WebPage\",\"@id\":\"https:\\\/\\\/www.venisecollection.com\\\/es\\\/shop\\\/women\\\/zapatillas\\\/ss26-kill-bill-silver\",\"url\":\"https:\\\/\\\/www.venisecollection.com\\\/es\\\/shop\\\/women\\\/zapatillas\\\/ss26-kill-bill-silver\",\"name\":\"Zapatillas Plateadas Metalizadas Mujer ASH KillBill Silver Sneakers\",\"isPartOf\":{\"@id\":\"https:\\\/\\\/www.venisecollection.com\\\/es#website\"},\"primaryImageOfPage\":{\"@id\":\"https:\\\/\\\/www.venisecollection.com\\\/es\\\/shop\\\/women\\\/zapatillas\\\/ss26-kill-bill-silver#primaryimage\"},\"image\":{\"@id\":\"https:\\\/\\\/www.venisecollection.com\\\/es\\\/shop\\\/women\\\/zapatillas\\\/ss26-kill-bill-silver#primaryimage\"},\"thumbnailUrl\":\"https:\\\/\\\/www.venisecollection.com\\\/cdn\\\/image-162-18.webp\",\"datePublished\":\"2026-03-24T16:44:16+00:00\",\"dateModified\":\"2026-03-24T16:52:56+00:00\",\"breadcrumb\":{\"@id\":\"https:\\\/\\\/www.venisecollection.com\\\/es\\\/shop\\\/women\\\/zapatillas\\\/ss26-kill-bill-silver#breadcrumb\"},\"inLanguage\":\"es\",\"potentialAction\":[{\"@type\":\"ReadAction\",\"target\":[\"https:\\\/\\\/www.venisecollection.com\\\/es\\\/shop\\\/women\\\/zapatillas\\\/ss26-kill-bill-silver\"]}]},{\"@type\":\"ImageObject\",\"inLanguage\":\"es\",\"@id\":\"https:\\\/\\\/www.venisecollection.com\\\/es\\\/shop\\\/women\\\/zapatillas\\\/ss26-kill-bill-silver#primaryimage\",\"url\":\"https:\\\/\\\/www.venisecollection.com\\\/cdn\\\/image-162-18.webp\",\"contentUrl\":\"https:\\\/\\\/www.venisecollection.com\\\/cdn\\\/image-162-18.webp\",\"width\":1280,\"height\":1588},{\"@type\":\"BreadcrumbList\",\"@id\":\"https:\\\/\\\/www.venisecollection.com\\\/es\\\/shop\\\/women\\\/zapatillas\\\/ss26-kill-bill-silver#breadcrumb\",\"itemListElement\":[{\"@type\":\"ListItem\",\"position\":1,\"name\":\"Home\",\"item\":\"https:\\\/\\\/www.venisecollection.com\\\/es\\\/tienda\"},{\"@type\":\"ListItem\",\"position\":2,\"name\":\"Inicio\",\"item\":\"https:\\\/\\\/www.venisecollection.com\\\/es\\\/tienda\"},{\"@type\":\"ListItem\",\"position\":3,\"name\":\"SS26 KILL BILL SILVER\"}]},{\"@type\":\"WebSite\",\"@id\":\"https:\\\/\\\/www.venisecollection.com\\\/es#website\",\"url\":\"https:\\\/\\\/www.venisecollection.com\\\/es\",\"name\":\"VENISE COLLECTION\",\"description\":\"\",\"publisher\":{\"@id\":\"https:\\\/\\\/www.venisecollection.com\\\/es#organization\"},\"potentialAction\":[{\"@type\":\"SearchAction\",\"target\":{\"@type\":\"EntryPoint\",\"urlTemplate\":\"https:\\\/\\\/www.venisecollection.com\\\/es?s={search_term_string}\"},\"query-input\":{\"@type\":\"PropertyValueSpecification\",\"valueRequired\":true,\"valueName\":\"search_term_string\"}}],\"inLanguage\":\"es\"},{\"@type\":\"Organization\",\"@id\":\"https:\\\/\\\/www.venisecollection.com\\\/es#organization\",\"name\":\"VENISE COLLECTION\",\"url\":\"https:\\\/\\\/www.venisecollection.com\\\/es\",\"logo\":{\"@type\":\"ImageObject\",\"inLanguage\":\"es\",\"@id\":\"https:\\\/\\\/www.venisecollection.com\\\/es#\\\/schema\\\/logo\\\/image\\\/\",\"url\":\"https:\\\/\\\/www.venisecollection.com\\\/cdn\\\/seo.png\",\"contentUrl\":\"https:\\\/\\\/www.venisecollection.com\\\/cdn\\\/seo.png\",\"width\":1080,\"height\":1080,\"caption\":\"VENISE COLLECTION\"},\"image\":{\"@id\":\"https:\\\/\\\/www.venisecollection.com\\\/es#\\\/schema\\\/logo\\\/image\\\/\"},\"sameAs\":[\"https:\\\/\\\/www.instagram.com\\\/venisecollection\\\/\",\"https:\\\/\\\/fr.pinterest.com\\\/venisecollection\\\/\"]}]}<\/script>\n<!-- \/ Yoast SEO plugin. -->","yoast_head_json":{"title":"Zapatillas Plateadas Metalizadas Mujer ASH KillBill Silver Sneakers","robots":{"index":"index","follow":"follow","max-snippet":"max-snippet:-1","max-image-preview":"max-image-preview:large","max-video-preview":"max-video-preview:-1"},"canonical":"https:\/\/www.venisecollection.com\/es\/shop\/women\/zapatillas\/ss26-kill-bill-silver","og_locale":"es_ES","og_type":"article","og_title":"Zapatillas Plateadas Metalizadas Mujer ASH KillBill Silver Sneakers","og_description":"Marca tendencia con la zapatilla KillBill Silver de ASH. Tomando la cl\u00e1sica silueta de running retro y actualiz\u00e1ndola con un toque futurista, estas deportivas para mujer est\u00e1n confeccionadas en un llamativo cuero plateado metalizado. La parte superior luminosa est\u00e1 bellamente detallada con las emblem\u00e1ticas costuras geom\u00e9tricas, fusionando a la perfecci\u00f3n el dise\u00f1o vintage con el &hellip;","og_url":"https:\/\/www.venisecollection.com\/es\/shop\/women\/zapatillas\/ss26-kill-bill-silver","og_site_name":"VENISE COLLECTION","article_modified_time":"2026-03-24T16:52:56+00:00","og_image":[{"width":1280,"height":1588,"url":"https:\/\/www.venisecollection.com\/cdn\/image-162-18.webp","type":"image\/webp"}],"twitter_card":"summary_large_image","twitter_misc":{"Tiempo de lectura":"2 minuto"},"schema":{"@context":"https:\/\/schema.org","@graph":[{"@type":"WebPage","@id":"https:\/\/www.venisecollection.com\/es\/shop\/women\/zapatillas\/ss26-kill-bill-silver","url":"https:\/\/www.venisecollection.com\/es\/shop\/women\/zapatillas\/ss26-kill-bill-silver","name":"Zapatillas Plateadas Metalizadas Mujer ASH KillBill Silver Sneakers","isPartOf":{"@id":"https:\/\/www.venisecollection.com\/es#website"},"primaryImageOfPage":{"@id":"https:\/\/www.venisecollection.com\/es\/shop\/women\/zapatillas\/ss26-kill-bill-silver#primaryimage"},"image":{"@id":"https:\/\/www.venisecollection.com\/es\/shop\/women\/zapatillas\/ss26-kill-bill-silver#primaryimage"},"thumbnailUrl":"https:\/\/www.venisecollection.com\/cdn\/image-162-18.webp","datePublished":"2026-03-24T16:44:16+00:00","dateModified":"2026-03-24T16:52:56+00:00","breadcrumb":{"@id":"https:\/\/www.venisecollection.com\/es\/shop\/women\/zapatillas\/ss26-kill-bill-silver#breadcrumb"},"inLanguage":"es","potentialAction":[{"@type":"ReadAction","target":["https:\/\/www.venisecollection.com\/es\/shop\/women\/zapatillas\/ss26-kill-bill-silver"]}]},{"@type":"ImageObject","inLanguage":"es","@id":"https:\/\/www.venisecollection.com\/es\/shop\/women\/zapatillas\/ss26-kill-bill-silver#primaryimage","url":"https:\/\/www.venisecollection.com\/cdn\/image-162-18.webp","contentUrl":"https:\/\/www.venisecollection.com\/cdn\/image-162-18.webp","width":1280,"height":1588},{"@type":"BreadcrumbList","@id":"https:\/\/www.venisecollection.com\/es\/shop\/women\/zapatillas\/ss26-kill-bill-silver#breadcrumb","itemListElement":[{"@type":"ListItem","position":1,"name":"Home","item":"https:\/\/www.venisecollection.com\/es\/tienda"},{"@type":"ListItem","position":2,"name":"Inicio","item":"https:\/\/www.venisecollection.com\/es\/tienda"},{"@type":"ListItem","position":3,"name":"SS26 KILL BILL SILVER"}]},{"@type":"WebSite","@id":"https:\/\/www.venisecollection.com\/es#website","url":"https:\/\/www.venisecollection.com\/es","name":"VENISE COLLECTION","description":"","publisher":{"@id":"https:\/\/www.venisecollection.com\/es#organization"},"potentialAction":[{"@type":"SearchAction","target":{"@type":"EntryPoint","urlTemplate":"https:\/\/www.venisecollection.com\/es?s={search_term_string}"},"query-input":{"@type":"PropertyValueSpecification","valueRequired":true,"valueName":"search_term_string"}}],"inLanguage":"es"},{"@type":"Organization","@id":"https:\/\/www.venisecollection.com\/es#organization","name":"VENISE COLLECTION","url":"https:\/\/www.venisecollection.com\/es","logo":{"@type":"ImageObject","inLanguage":"es","@id":"https:\/\/www.venisecollection.com\/es#\/schema\/logo\/image\/","url":"https:\/\/www.venisecollection.com\/cdn\/seo.png","contentUrl":"https:\/\/www.venisecollection.com\/cdn\/seo.png","width":1080,"height":1080,"caption":"VENISE COLLECTION"},"image":{"@id":"https:\/\/www.venisecollection.com\/es#\/schema\/logo\/image\/"},"sameAs":["https:\/\/www.instagram.com\/venisecollection\/","https:\/\/fr.pinterest.com\/venisecollection\/"]}]}},"_links":{"self":[{"href":"https:\/\/www.venisecollection.com\/es\/wp-json\/wp\/v2\/product\/22522","targetHints":{"allow":["GET"]}}],"collection":[{"href":"https:\/\/www.venisecollection.com\/es\/wp-json\/wp\/v2\/product"}],"about":[{"href":"https:\/\/www.venisecollection.com\/es\/wp-json\/wp\/v2\/types\/product"}],"wp:featuredmedia":[{"embeddable":true,"href":"https:\/\/www.venisecollection.com\/es\/wp-json\/wp\/v2\/media\/22550"}],"wp:attachment":[{"href":"https:\/\/www.venisecollection.com\/es\/wp-json\/wp\/v2\/media?parent=22522"}],"wp:term":[{"taxonomy":"product_brand","embeddable":true,"href":"https:\/\/www.venisecollection.com\/es\/wp-json\/wp\/v2\/product_brand?post=22522"},{"taxonomy":"product_cat","embeddable":true,"href":"https:\/\/www.venisecollection.com\/es\/wp-json\/wp\/v2\/product_cat?post=22522"},{"taxonomy":"product_tag","embeddable":true,"href":"https:\/\/www.venisecollection.com\/es\/wp-json\/wp\/v2\/product_tag?post=22522"}],"curies":[{"name":"wp","href":"https:\/\/api.w.org\/{rel}","templated":true}]}}