{"id":22651,"date":"2026-03-24T17:44:18","date_gmt":"2026-03-24T17:44:18","guid":{"rendered":"https:\/\/www.venisecollection.com\/?post_type=product&#038;p=22651"},"modified":"2026-03-24T17:54:25","modified_gmt":"2026-03-24T17:54:25","slug":"ss26-play-tajine","status":"publish","type":"product","link":"https:\/\/www.venisecollection.com\/es\/shop\/women\/sandalia\/ss26-play-tajine","title":{"rendered":"SS26 PLAY TAJINE"},"content":{"rendered":"<p data-path-to-node=\"18\">A\u00f1ade un toque de glamour rockero a tu armario de verano con las <b data-path-to-node=\"18\" data-index-in-node=\"341\">sandalias ASH PLAY<\/b>. Estas llamativas sandalias planas de estilo gladiador est\u00e1n confeccionadas en cuero marr\u00f3n de primera calidad con un acabado suave. El dise\u00f1o est\u00e1 profusamente adornado con grandes tachuelas doradas redondeadas que recorren las tiras y, como detalle distintivo, envuelven tambi\u00e9n la base del tac\u00f3n.<\/p>\n<p data-path-to-node=\"19\">Dise\u00f1adas para ofrecer un estilo audaz sin renunciar a la comodidad premium, estas sandalias cuentan con m\u00faltiples tiras de tobillo ajustables con hebillas de lat\u00f3n de inspiraci\u00f3n vintage. El interior, totalmente forrado en cuero, y la suave plantilla tambi\u00e9n de cuero proporcionan una excelente transpirabilidad. Asentadas sobre una suela de goma muy duradera con un sutil y pr\u00e1ctico tac\u00f3n de 1,8 cm, las ASH PLAY son las compa\u00f1eras perfectas para shorts vaqueros, looks de festival o para darle un toque rebelde a un vestido de verano delicado.<\/p>\n<ul data-path-to-node=\"20\">\n<li>\n<p data-path-to-node=\"20,0,0\"><b data-path-to-node=\"20,0,0\" data-index-in-node=\"0\">Exterior:<\/b> Cuero marr\u00f3n premium<\/p>\n<\/li>\n<li>\n<p data-path-to-node=\"20,1,0\"><b data-path-to-node=\"20,1,0\" data-index-in-node=\"0\">Forro y Plantilla:<\/b> 100% Cuero genuino<\/p>\n<\/li>\n<li>\n<p data-path-to-node=\"20,2,0\"><b data-path-to-node=\"20,2,0\" data-index-in-node=\"0\">Suela:<\/b> Goma duradera<\/p>\n<\/li>\n<li>\n<p data-path-to-node=\"20,3,0\"><b data-path-to-node=\"20,3,0\" data-index-in-node=\"0\">Altura del Tac\u00f3n:<\/b> 1,8 cm<\/p>\n<\/li>\n<li>\n<p data-path-to-node=\"20,4,0\"><b data-path-to-node=\"20,4,0\" data-index-in-node=\"0\">Detalles:<\/b> Silueta de gladiador con pesadas tachuelas doradas y cierre de m\u00faltiples hebillas<\/p>\n<\/li>\n<\/ul>\n","protected":false},"excerpt":{"rendered":"<p>A\u00f1ade un toque de glamour rockero a tu armario de verano con las sandalias ASH PLAY. Estas llamativas sandalias planas de estilo gladiador est\u00e1n confeccionadas en cuero marr\u00f3n de primera calidad con un acabado suave. El dise\u00f1o est\u00e1 profusamente adornado con grandes tachuelas doradas redondeadas que recorren las tiras y, como detalle distintivo, envuelven tambi\u00e9n &hellip;<\/p>\n","protected":false},"featured_media":22679,"template":"","meta":[],"product_brand":[392],"product_cat":[332],"product_tag":[],"class_list":{"0":"post-22651","1":"product","2":"type-product","3":"status-publish","4":"has-post-thumbnail","6":"product_brand-ash","7":"product_cat-sandalia","9":"first","10":"instock","11":"shipping-taxable","12":"purchasable","13":"product-type-variable","14":"has-default-attributes"},"yoast_head":"<!-- This site is optimized with the Yoast SEO plugin v27.5 - https:\/\/yoast.com\/product\/yoast-seo-wordpress\/ -->\n<title>Sandalias Gladiadoras de Cuero Marr\u00f3n con Tachuelas ASH PLAY<\/title>\n<meta name=\"robots\" content=\"index, follow, max-snippet:-1, max-image-preview:large, max-video-preview:-1\" \/>\n<link rel=\"canonical\" href=\"https:\/\/www.venisecollection.com\/es\/shop\/women\/sandalia\/ss26-play-tajine\" \/>\n<meta property=\"og:locale\" content=\"es_ES\" \/>\n<meta property=\"og:type\" content=\"article\" \/>\n<meta property=\"og:title\" content=\"Sandalias Gladiadoras de Cuero Marr\u00f3n con Tachuelas ASH PLAY\" \/>\n<meta property=\"og:description\" content=\"A\u00f1ade un toque de glamour rockero a tu armario de verano con las sandalias ASH PLAY. Estas llamativas sandalias planas de estilo gladiador est\u00e1n confeccionadas en cuero marr\u00f3n de primera calidad con un acabado suave. El dise\u00f1o est\u00e1 profusamente adornado con grandes tachuelas doradas redondeadas que recorren las tiras y, como detalle distintivo, envuelven tambi\u00e9n &hellip;\" \/>\n<meta property=\"og:url\" content=\"https:\/\/www.venisecollection.com\/es\/shop\/women\/sandalia\/ss26-play-tajine\" \/>\n<meta property=\"og:site_name\" content=\"VENISE COLLECTION\" \/>\n<meta property=\"article:modified_time\" content=\"2026-03-24T17:54:25+00:00\" \/>\n<meta property=\"og:image\" content=\"https:\/\/www.venisecollection.com\/cdn\/image-162-29.webp\" \/>\n\t<meta property=\"og:image:width\" content=\"1280\" \/>\n\t<meta property=\"og:image:height\" content=\"1588\" \/>\n\t<meta property=\"og:image:type\" content=\"image\/webp\" \/>\n<meta name=\"twitter:card\" content=\"summary_large_image\" \/>\n<meta name=\"twitter:label1\" content=\"Tiempo de lectura\" \/>\n\t<meta name=\"twitter:data1\" content=\"1 minuto\" \/>\n<script type=\"application\/ld+json\" class=\"yoast-schema-graph\">{\"@context\":\"https:\\\/\\\/schema.org\",\"@graph\":[{\"@type\":\"WebPage\",\"@id\":\"https:\\\/\\\/www.venisecollection.com\\\/es\\\/shop\\\/women\\\/sandalia\\\/ss26-play-tajine\",\"url\":\"https:\\\/\\\/www.venisecollection.com\\\/es\\\/shop\\\/women\\\/sandalia\\\/ss26-play-tajine\",\"name\":\"Sandalias Gladiadoras de Cuero Marr\u00f3n con Tachuelas ASH PLAY\",\"isPartOf\":{\"@id\":\"https:\\\/\\\/www.venisecollection.com\\\/es#website\"},\"primaryImageOfPage\":{\"@id\":\"https:\\\/\\\/www.venisecollection.com\\\/es\\\/shop\\\/women\\\/sandalia\\\/ss26-play-tajine#primaryimage\"},\"image\":{\"@id\":\"https:\\\/\\\/www.venisecollection.com\\\/es\\\/shop\\\/women\\\/sandalia\\\/ss26-play-tajine#primaryimage\"},\"thumbnailUrl\":\"https:\\\/\\\/www.venisecollection.com\\\/cdn\\\/image-162-29.webp\",\"datePublished\":\"2026-03-24T17:44:18+00:00\",\"dateModified\":\"2026-03-24T17:54:25+00:00\",\"breadcrumb\":{\"@id\":\"https:\\\/\\\/www.venisecollection.com\\\/es\\\/shop\\\/women\\\/sandalia\\\/ss26-play-tajine#breadcrumb\"},\"inLanguage\":\"es\",\"potentialAction\":[{\"@type\":\"ReadAction\",\"target\":[\"https:\\\/\\\/www.venisecollection.com\\\/es\\\/shop\\\/women\\\/sandalia\\\/ss26-play-tajine\"]}]},{\"@type\":\"ImageObject\",\"inLanguage\":\"es\",\"@id\":\"https:\\\/\\\/www.venisecollection.com\\\/es\\\/shop\\\/women\\\/sandalia\\\/ss26-play-tajine#primaryimage\",\"url\":\"https:\\\/\\\/www.venisecollection.com\\\/cdn\\\/image-162-29.webp\",\"contentUrl\":\"https:\\\/\\\/www.venisecollection.com\\\/cdn\\\/image-162-29.webp\",\"width\":1280,\"height\":1588},{\"@type\":\"BreadcrumbList\",\"@id\":\"https:\\\/\\\/www.venisecollection.com\\\/es\\\/shop\\\/women\\\/sandalia\\\/ss26-play-tajine#breadcrumb\",\"itemListElement\":[{\"@type\":\"ListItem\",\"position\":1,\"name\":\"Home\",\"item\":\"https:\\\/\\\/www.venisecollection.com\\\/es\\\/tienda\"},{\"@type\":\"ListItem\",\"position\":2,\"name\":\"Inicio\",\"item\":\"https:\\\/\\\/www.venisecollection.com\\\/es\\\/tienda\"},{\"@type\":\"ListItem\",\"position\":3,\"name\":\"SS26 PLAY TAJINE\"}]},{\"@type\":\"WebSite\",\"@id\":\"https:\\\/\\\/www.venisecollection.com\\\/es#website\",\"url\":\"https:\\\/\\\/www.venisecollection.com\\\/es\",\"name\":\"VENISE COLLECTION\",\"description\":\"\",\"publisher\":{\"@id\":\"https:\\\/\\\/www.venisecollection.com\\\/es#organization\"},\"potentialAction\":[{\"@type\":\"SearchAction\",\"target\":{\"@type\":\"EntryPoint\",\"urlTemplate\":\"https:\\\/\\\/www.venisecollection.com\\\/es?s={search_term_string}\"},\"query-input\":{\"@type\":\"PropertyValueSpecification\",\"valueRequired\":true,\"valueName\":\"search_term_string\"}}],\"inLanguage\":\"es\"},{\"@type\":\"Organization\",\"@id\":\"https:\\\/\\\/www.venisecollection.com\\\/es#organization\",\"name\":\"VENISE COLLECTION\",\"url\":\"https:\\\/\\\/www.venisecollection.com\\\/es\",\"logo\":{\"@type\":\"ImageObject\",\"inLanguage\":\"es\",\"@id\":\"https:\\\/\\\/www.venisecollection.com\\\/es#\\\/schema\\\/logo\\\/image\\\/\",\"url\":\"https:\\\/\\\/www.venisecollection.com\\\/cdn\\\/seo.png\",\"contentUrl\":\"https:\\\/\\\/www.venisecollection.com\\\/cdn\\\/seo.png\",\"width\":1080,\"height\":1080,\"caption\":\"VENISE COLLECTION\"},\"image\":{\"@id\":\"https:\\\/\\\/www.venisecollection.com\\\/es#\\\/schema\\\/logo\\\/image\\\/\"},\"sameAs\":[\"https:\\\/\\\/www.instagram.com\\\/venisecollection\\\/\",\"https:\\\/\\\/fr.pinterest.com\\\/venisecollection\\\/\"]}]}<\/script>\n<!-- \/ Yoast SEO plugin. -->","yoast_head_json":{"title":"Sandalias Gladiadoras de Cuero Marr\u00f3n con Tachuelas ASH PLAY","robots":{"index":"index","follow":"follow","max-snippet":"max-snippet:-1","max-image-preview":"max-image-preview:large","max-video-preview":"max-video-preview:-1"},"canonical":"https:\/\/www.venisecollection.com\/es\/shop\/women\/sandalia\/ss26-play-tajine","og_locale":"es_ES","og_type":"article","og_title":"Sandalias Gladiadoras de Cuero Marr\u00f3n con Tachuelas ASH PLAY","og_description":"A\u00f1ade un toque de glamour rockero a tu armario de verano con las sandalias ASH PLAY. Estas llamativas sandalias planas de estilo gladiador est\u00e1n confeccionadas en cuero marr\u00f3n de primera calidad con un acabado suave. El dise\u00f1o est\u00e1 profusamente adornado con grandes tachuelas doradas redondeadas que recorren las tiras y, como detalle distintivo, envuelven tambi\u00e9n &hellip;","og_url":"https:\/\/www.venisecollection.com\/es\/shop\/women\/sandalia\/ss26-play-tajine","og_site_name":"VENISE COLLECTION","article_modified_time":"2026-03-24T17:54:25+00:00","og_image":[{"width":1280,"height":1588,"url":"https:\/\/www.venisecollection.com\/cdn\/image-162-29.webp","type":"image\/webp"}],"twitter_card":"summary_large_image","twitter_misc":{"Tiempo de lectura":"1 minuto"},"schema":{"@context":"https:\/\/schema.org","@graph":[{"@type":"WebPage","@id":"https:\/\/www.venisecollection.com\/es\/shop\/women\/sandalia\/ss26-play-tajine","url":"https:\/\/www.venisecollection.com\/es\/shop\/women\/sandalia\/ss26-play-tajine","name":"Sandalias Gladiadoras de Cuero Marr\u00f3n con Tachuelas ASH PLAY","isPartOf":{"@id":"https:\/\/www.venisecollection.com\/es#website"},"primaryImageOfPage":{"@id":"https:\/\/www.venisecollection.com\/es\/shop\/women\/sandalia\/ss26-play-tajine#primaryimage"},"image":{"@id":"https:\/\/www.venisecollection.com\/es\/shop\/women\/sandalia\/ss26-play-tajine#primaryimage"},"thumbnailUrl":"https:\/\/www.venisecollection.com\/cdn\/image-162-29.webp","datePublished":"2026-03-24T17:44:18+00:00","dateModified":"2026-03-24T17:54:25+00:00","breadcrumb":{"@id":"https:\/\/www.venisecollection.com\/es\/shop\/women\/sandalia\/ss26-play-tajine#breadcrumb"},"inLanguage":"es","potentialAction":[{"@type":"ReadAction","target":["https:\/\/www.venisecollection.com\/es\/shop\/women\/sandalia\/ss26-play-tajine"]}]},{"@type":"ImageObject","inLanguage":"es","@id":"https:\/\/www.venisecollection.com\/es\/shop\/women\/sandalia\/ss26-play-tajine#primaryimage","url":"https:\/\/www.venisecollection.com\/cdn\/image-162-29.webp","contentUrl":"https:\/\/www.venisecollection.com\/cdn\/image-162-29.webp","width":1280,"height":1588},{"@type":"BreadcrumbList","@id":"https:\/\/www.venisecollection.com\/es\/shop\/women\/sandalia\/ss26-play-tajine#breadcrumb","itemListElement":[{"@type":"ListItem","position":1,"name":"Home","item":"https:\/\/www.venisecollection.com\/es\/tienda"},{"@type":"ListItem","position":2,"name":"Inicio","item":"https:\/\/www.venisecollection.com\/es\/tienda"},{"@type":"ListItem","position":3,"name":"SS26 PLAY TAJINE"}]},{"@type":"WebSite","@id":"https:\/\/www.venisecollection.com\/es#website","url":"https:\/\/www.venisecollection.com\/es","name":"VENISE COLLECTION","description":"","publisher":{"@id":"https:\/\/www.venisecollection.com\/es#organization"},"potentialAction":[{"@type":"SearchAction","target":{"@type":"EntryPoint","urlTemplate":"https:\/\/www.venisecollection.com\/es?s={search_term_string}"},"query-input":{"@type":"PropertyValueSpecification","valueRequired":true,"valueName":"search_term_string"}}],"inLanguage":"es"},{"@type":"Organization","@id":"https:\/\/www.venisecollection.com\/es#organization","name":"VENISE COLLECTION","url":"https:\/\/www.venisecollection.com\/es","logo":{"@type":"ImageObject","inLanguage":"es","@id":"https:\/\/www.venisecollection.com\/es#\/schema\/logo\/image\/","url":"https:\/\/www.venisecollection.com\/cdn\/seo.png","contentUrl":"https:\/\/www.venisecollection.com\/cdn\/seo.png","width":1080,"height":1080,"caption":"VENISE COLLECTION"},"image":{"@id":"https:\/\/www.venisecollection.com\/es#\/schema\/logo\/image\/"},"sameAs":["https:\/\/www.instagram.com\/venisecollection\/","https:\/\/fr.pinterest.com\/venisecollection\/"]}]}},"_links":{"self":[{"href":"https:\/\/www.venisecollection.com\/es\/wp-json\/wp\/v2\/product\/22651","targetHints":{"allow":["GET"]}}],"collection":[{"href":"https:\/\/www.venisecollection.com\/es\/wp-json\/wp\/v2\/product"}],"about":[{"href":"https:\/\/www.venisecollection.com\/es\/wp-json\/wp\/v2\/types\/product"}],"wp:featuredmedia":[{"embeddable":true,"href":"https:\/\/www.venisecollection.com\/es\/wp-json\/wp\/v2\/media\/22679"}],"wp:attachment":[{"href":"https:\/\/www.venisecollection.com\/es\/wp-json\/wp\/v2\/media?parent=22651"}],"wp:term":[{"taxonomy":"product_brand","embeddable":true,"href":"https:\/\/www.venisecollection.com\/es\/wp-json\/wp\/v2\/product_brand?post=22651"},{"taxonomy":"product_cat","embeddable":true,"href":"https:\/\/www.venisecollection.com\/es\/wp-json\/wp\/v2\/product_cat?post=22651"},{"taxonomy":"product_tag","embeddable":true,"href":"https:\/\/www.venisecollection.com\/es\/wp-json\/wp\/v2\/product_tag?post=22651"}],"curies":[{"name":"wp","href":"https:\/\/api.w.org\/{rel}","templated":true}]}}