{"id":22837,"date":"2026-03-27T16:12:40","date_gmt":"2026-03-27T16:12:40","guid":{"rendered":"https:\/\/www.venisecollection.com\/?post_type=product&#038;p=22837"},"modified":"2026-03-27T16:36:07","modified_gmt":"2026-03-27T16:36:07","slug":"2045-hymalaya-tabacco-158","status":"publish","type":"product","link":"https:\/\/www.venisecollection.com\/es\/shop\/women\/mule\/2045-hymalaya-tabacco-158","title":{"rendered":"2045 HYMALAYA TABACCO 158"},"content":{"rendered":"<p data-path-to-node=\"19\">Eleve su vestuario con el elegante y sofisticado <b data-path-to-node=\"19\" data-index-in-node=\"327\">mule 2045 Hymalaya Tabacco 158<\/b> de VENISE COLLECTION. Elaborado artesanalmente con 100% ante de piel genuina en un c\u00e1lido tono tabaco, este zapato es una lecci\u00f3n magistral de estilo italiano sin esfuerzo. El dise\u00f1o presenta una favorecedora punta afilada que alarga el pie, mientras que un delicado tac\u00f3n de aguja medio ofrece la altura justa para la comodidad durante todo el d\u00eda. Una llamativa y gran hebilla dorada decorativa adorna una correa de ante sobre el empeine, a\u00f1adiendo un toque de glamour audaz a la silueta sobria. Perfecto para combinar con pantalones de sastre, vaqueros o su vestido favorito, este mule es una pieza vers\u00e1til e imprescindible.<\/p>\n<ul data-path-to-node=\"20\">\n<li>\n<p data-path-to-node=\"20,0,0\"><b data-path-to-node=\"20,0,0\" data-index-in-node=\"0\">Material:<\/b> 100% Ante de Piel Genuina<\/p>\n<\/li>\n<li>\n<p data-path-to-node=\"20,1,0\"><b data-path-to-node=\"20,1,0\" data-index-in-node=\"0\">Estilo:<\/b> Mule con punta afilada (deslizante)<\/p>\n<\/li>\n<li>\n<p data-path-to-node=\"20,2,0\"><b data-path-to-node=\"20,2,0\" data-index-in-node=\"0\">Tac\u00f3n:<\/b> Tac\u00f3n de aguja medio<\/p>\n<\/li>\n<li>\n<p data-path-to-node=\"20,3,0\"><b data-path-to-node=\"20,3,0\" data-index-in-node=\"0\">D\u00e9talles:<\/b> Gran hebilla dorada decorativa<\/p>\n<\/li>\n<li>\n<p data-path-to-node=\"20,4,0\"><b data-path-to-node=\"20,4,0\" data-index-in-node=\"0\">Color:<\/b> Tabacco (Marr\u00f3n C\u00e1lido)<\/p>\n<\/li>\n<\/ul>\n","protected":false},"excerpt":{"rendered":"<p>Eleve su vestuario con el elegante y sofisticado mule 2045 Hymalaya Tabacco 158 de VENISE COLLECTION. Elaborado artesanalmente con 100% ante de piel genuina en un c\u00e1lido tono tabaco, este zapato es una lecci\u00f3n magistral de estilo italiano sin esfuerzo. El dise\u00f1o presenta una favorecedora punta afilada que alarga el pie, mientras que un delicado &hellip;<\/p>\n","protected":false},"featured_media":22861,"template":"","meta":[],"product_brand":[358],"product_cat":[327],"product_tag":[],"class_list":{"0":"post-22837","1":"product","2":"type-product","3":"status-publish","4":"has-post-thumbnail","6":"product_brand-venise-collection","7":"product_cat-mule","9":"first","10":"instock","11":"shipping-taxable","12":"purchasable","13":"product-type-variable","14":"has-default-attributes"},"yoast_head":"<!-- This site is optimized with the Yoast SEO plugin v27.6 - https:\/\/yoast.com\/product\/yoast-seo-wordpress\/ -->\n<title>Mule de Ante Color Tabaco con Hebilla Dorada<\/title>\n<meta name=\"robots\" content=\"index, follow, max-snippet:-1, max-image-preview:large, max-video-preview:-1\" \/>\n<link rel=\"canonical\" href=\"https:\/\/www.venisecollection.com\/es\/shop\/women\/mule\/2045-hymalaya-tabacco-158\" \/>\n<meta property=\"og:locale\" content=\"es_ES\" \/>\n<meta property=\"og:type\" content=\"article\" \/>\n<meta property=\"og:title\" content=\"Mule de Ante Color Tabaco con Hebilla Dorada\" \/>\n<meta property=\"og:description\" content=\"Eleve su vestuario con el elegante y sofisticado mule 2045 Hymalaya Tabacco 158 de VENISE COLLECTION. Elaborado artesanalmente con 100% ante de piel genuina en un c\u00e1lido tono tabaco, este zapato es una lecci\u00f3n magistral de estilo italiano sin esfuerzo. El dise\u00f1o presenta una favorecedora punta afilada que alarga el pie, mientras que un delicado &hellip;\" \/>\n<meta property=\"og:url\" content=\"https:\/\/www.venisecollection.com\/es\/shop\/women\/mule\/2045-hymalaya-tabacco-158\" \/>\n<meta property=\"og:site_name\" content=\"VENISE COLLECTION\" \/>\n<meta property=\"article:modified_time\" content=\"2026-03-27T16:36:07+00:00\" \/>\n<meta property=\"og:image\" content=\"https:\/\/www.venisecollection.com\/cdn\/image-162-39.webp\" \/>\n\t<meta property=\"og:image:width\" content=\"1280\" \/>\n\t<meta property=\"og:image:height\" content=\"1588\" \/>\n\t<meta property=\"og:image:type\" content=\"image\/webp\" \/>\n<meta name=\"twitter:card\" content=\"summary_large_image\" \/>\n<meta name=\"twitter:label1\" content=\"Tiempo de lectura\" \/>\n\t<meta name=\"twitter:data1\" content=\"1 minuto\" \/>\n<script type=\"application\/ld+json\" class=\"yoast-schema-graph\">{\"@context\":\"https:\\\/\\\/schema.org\",\"@graph\":[{\"@type\":\"WebPage\",\"@id\":\"https:\\\/\\\/www.venisecollection.com\\\/es\\\/shop\\\/women\\\/mule\\\/2045-hymalaya-tabacco-158\",\"url\":\"https:\\\/\\\/www.venisecollection.com\\\/es\\\/shop\\\/women\\\/mule\\\/2045-hymalaya-tabacco-158\",\"name\":\"Mule de Ante Color Tabaco con Hebilla Dorada\",\"isPartOf\":{\"@id\":\"https:\\\/\\\/www.venisecollection.com\\\/es#website\"},\"primaryImageOfPage\":{\"@id\":\"https:\\\/\\\/www.venisecollection.com\\\/es\\\/shop\\\/women\\\/mule\\\/2045-hymalaya-tabacco-158#primaryimage\"},\"image\":{\"@id\":\"https:\\\/\\\/www.venisecollection.com\\\/es\\\/shop\\\/women\\\/mule\\\/2045-hymalaya-tabacco-158#primaryimage\"},\"thumbnailUrl\":\"https:\\\/\\\/www.venisecollection.com\\\/cdn\\\/image-162-39.webp\",\"datePublished\":\"2026-03-27T16:12:40+00:00\",\"dateModified\":\"2026-03-27T16:36:07+00:00\",\"breadcrumb\":{\"@id\":\"https:\\\/\\\/www.venisecollection.com\\\/es\\\/shop\\\/women\\\/mule\\\/2045-hymalaya-tabacco-158#breadcrumb\"},\"inLanguage\":\"es\",\"potentialAction\":[{\"@type\":\"ReadAction\",\"target\":[\"https:\\\/\\\/www.venisecollection.com\\\/es\\\/shop\\\/women\\\/mule\\\/2045-hymalaya-tabacco-158\"]}]},{\"@type\":\"ImageObject\",\"inLanguage\":\"es\",\"@id\":\"https:\\\/\\\/www.venisecollection.com\\\/es\\\/shop\\\/women\\\/mule\\\/2045-hymalaya-tabacco-158#primaryimage\",\"url\":\"https:\\\/\\\/www.venisecollection.com\\\/cdn\\\/image-162-39.webp\",\"contentUrl\":\"https:\\\/\\\/www.venisecollection.com\\\/cdn\\\/image-162-39.webp\",\"width\":1280,\"height\":1588},{\"@type\":\"BreadcrumbList\",\"@id\":\"https:\\\/\\\/www.venisecollection.com\\\/es\\\/shop\\\/women\\\/mule\\\/2045-hymalaya-tabacco-158#breadcrumb\",\"itemListElement\":[{\"@type\":\"ListItem\",\"position\":1,\"name\":\"Home\",\"item\":\"https:\\\/\\\/www.venisecollection.com\\\/es\\\/tienda\"},{\"@type\":\"ListItem\",\"position\":2,\"name\":\"Inicio\",\"item\":\"https:\\\/\\\/www.venisecollection.com\\\/es\\\/tienda\"},{\"@type\":\"ListItem\",\"position\":3,\"name\":\"2045 HYMALAYA TABACCO 158\"}]},{\"@type\":\"WebSite\",\"@id\":\"https:\\\/\\\/www.venisecollection.com\\\/es#website\",\"url\":\"https:\\\/\\\/www.venisecollection.com\\\/es\",\"name\":\"VENISE COLLECTION\",\"description\":\"\",\"publisher\":{\"@id\":\"https:\\\/\\\/www.venisecollection.com\\\/es#organization\"},\"potentialAction\":[{\"@type\":\"SearchAction\",\"target\":{\"@type\":\"EntryPoint\",\"urlTemplate\":\"https:\\\/\\\/www.venisecollection.com\\\/es?s={search_term_string}\"},\"query-input\":{\"@type\":\"PropertyValueSpecification\",\"valueRequired\":true,\"valueName\":\"search_term_string\"}}],\"inLanguage\":\"es\"},{\"@type\":\"Organization\",\"@id\":\"https:\\\/\\\/www.venisecollection.com\\\/es#organization\",\"name\":\"VENISE COLLECTION\",\"url\":\"https:\\\/\\\/www.venisecollection.com\\\/es\",\"logo\":{\"@type\":\"ImageObject\",\"inLanguage\":\"es\",\"@id\":\"https:\\\/\\\/www.venisecollection.com\\\/es#\\\/schema\\\/logo\\\/image\\\/\",\"url\":\"https:\\\/\\\/www.venisecollection.com\\\/cdn\\\/seo.png\",\"contentUrl\":\"https:\\\/\\\/www.venisecollection.com\\\/cdn\\\/seo.png\",\"width\":1080,\"height\":1080,\"caption\":\"VENISE COLLECTION\"},\"image\":{\"@id\":\"https:\\\/\\\/www.venisecollection.com\\\/es#\\\/schema\\\/logo\\\/image\\\/\"},\"sameAs\":[\"https:\\\/\\\/www.instagram.com\\\/venisecollection\\\/\",\"https:\\\/\\\/fr.pinterest.com\\\/venisecollection\\\/\"]}]}<\/script>\n<!-- \/ Yoast SEO plugin. -->","yoast_head_json":{"title":"Mule de Ante Color Tabaco con Hebilla Dorada","robots":{"index":"index","follow":"follow","max-snippet":"max-snippet:-1","max-image-preview":"max-image-preview:large","max-video-preview":"max-video-preview:-1"},"canonical":"https:\/\/www.venisecollection.com\/es\/shop\/women\/mule\/2045-hymalaya-tabacco-158","og_locale":"es_ES","og_type":"article","og_title":"Mule de Ante Color Tabaco con Hebilla Dorada","og_description":"Eleve su vestuario con el elegante y sofisticado mule 2045 Hymalaya Tabacco 158 de VENISE COLLECTION. Elaborado artesanalmente con 100% ante de piel genuina en un c\u00e1lido tono tabaco, este zapato es una lecci\u00f3n magistral de estilo italiano sin esfuerzo. El dise\u00f1o presenta una favorecedora punta afilada que alarga el pie, mientras que un delicado &hellip;","og_url":"https:\/\/www.venisecollection.com\/es\/shop\/women\/mule\/2045-hymalaya-tabacco-158","og_site_name":"VENISE COLLECTION","article_modified_time":"2026-03-27T16:36:07+00:00","og_image":[{"width":1280,"height":1588,"url":"https:\/\/www.venisecollection.com\/cdn\/image-162-39.webp","type":"image\/webp"}],"twitter_card":"summary_large_image","twitter_misc":{"Tiempo de lectura":"1 minuto"},"schema":{"@context":"https:\/\/schema.org","@graph":[{"@type":"WebPage","@id":"https:\/\/www.venisecollection.com\/es\/shop\/women\/mule\/2045-hymalaya-tabacco-158","url":"https:\/\/www.venisecollection.com\/es\/shop\/women\/mule\/2045-hymalaya-tabacco-158","name":"Mule de Ante Color Tabaco con Hebilla Dorada","isPartOf":{"@id":"https:\/\/www.venisecollection.com\/es#website"},"primaryImageOfPage":{"@id":"https:\/\/www.venisecollection.com\/es\/shop\/women\/mule\/2045-hymalaya-tabacco-158#primaryimage"},"image":{"@id":"https:\/\/www.venisecollection.com\/es\/shop\/women\/mule\/2045-hymalaya-tabacco-158#primaryimage"},"thumbnailUrl":"https:\/\/www.venisecollection.com\/cdn\/image-162-39.webp","datePublished":"2026-03-27T16:12:40+00:00","dateModified":"2026-03-27T16:36:07+00:00","breadcrumb":{"@id":"https:\/\/www.venisecollection.com\/es\/shop\/women\/mule\/2045-hymalaya-tabacco-158#breadcrumb"},"inLanguage":"es","potentialAction":[{"@type":"ReadAction","target":["https:\/\/www.venisecollection.com\/es\/shop\/women\/mule\/2045-hymalaya-tabacco-158"]}]},{"@type":"ImageObject","inLanguage":"es","@id":"https:\/\/www.venisecollection.com\/es\/shop\/women\/mule\/2045-hymalaya-tabacco-158#primaryimage","url":"https:\/\/www.venisecollection.com\/cdn\/image-162-39.webp","contentUrl":"https:\/\/www.venisecollection.com\/cdn\/image-162-39.webp","width":1280,"height":1588},{"@type":"BreadcrumbList","@id":"https:\/\/www.venisecollection.com\/es\/shop\/women\/mule\/2045-hymalaya-tabacco-158#breadcrumb","itemListElement":[{"@type":"ListItem","position":1,"name":"Home","item":"https:\/\/www.venisecollection.com\/es\/tienda"},{"@type":"ListItem","position":2,"name":"Inicio","item":"https:\/\/www.venisecollection.com\/es\/tienda"},{"@type":"ListItem","position":3,"name":"2045 HYMALAYA TABACCO 158"}]},{"@type":"WebSite","@id":"https:\/\/www.venisecollection.com\/es#website","url":"https:\/\/www.venisecollection.com\/es","name":"VENISE COLLECTION","description":"","publisher":{"@id":"https:\/\/www.venisecollection.com\/es#organization"},"potentialAction":[{"@type":"SearchAction","target":{"@type":"EntryPoint","urlTemplate":"https:\/\/www.venisecollection.com\/es?s={search_term_string}"},"query-input":{"@type":"PropertyValueSpecification","valueRequired":true,"valueName":"search_term_string"}}],"inLanguage":"es"},{"@type":"Organization","@id":"https:\/\/www.venisecollection.com\/es#organization","name":"VENISE COLLECTION","url":"https:\/\/www.venisecollection.com\/es","logo":{"@type":"ImageObject","inLanguage":"es","@id":"https:\/\/www.venisecollection.com\/es#\/schema\/logo\/image\/","url":"https:\/\/www.venisecollection.com\/cdn\/seo.png","contentUrl":"https:\/\/www.venisecollection.com\/cdn\/seo.png","width":1080,"height":1080,"caption":"VENISE COLLECTION"},"image":{"@id":"https:\/\/www.venisecollection.com\/es#\/schema\/logo\/image\/"},"sameAs":["https:\/\/www.instagram.com\/venisecollection\/","https:\/\/fr.pinterest.com\/venisecollection\/"]}]}},"_links":{"self":[{"href":"https:\/\/www.venisecollection.com\/es\/wp-json\/wp\/v2\/product\/22837","targetHints":{"allow":["GET"]}}],"collection":[{"href":"https:\/\/www.venisecollection.com\/es\/wp-json\/wp\/v2\/product"}],"about":[{"href":"https:\/\/www.venisecollection.com\/es\/wp-json\/wp\/v2\/types\/product"}],"wp:featuredmedia":[{"embeddable":true,"href":"https:\/\/www.venisecollection.com\/es\/wp-json\/wp\/v2\/media\/22861"}],"wp:attachment":[{"href":"https:\/\/www.venisecollection.com\/es\/wp-json\/wp\/v2\/media?parent=22837"}],"wp:term":[{"taxonomy":"product_brand","embeddable":true,"href":"https:\/\/www.venisecollection.com\/es\/wp-json\/wp\/v2\/product_brand?post=22837"},{"taxonomy":"product_cat","embeddable":true,"href":"https:\/\/www.venisecollection.com\/es\/wp-json\/wp\/v2\/product_cat?post=22837"},{"taxonomy":"product_tag","embeddable":true,"href":"https:\/\/www.venisecollection.com\/es\/wp-json\/wp\/v2\/product_tag?post=22837"}],"curies":[{"name":"wp","href":"https:\/\/api.w.org\/{rel}","templated":true}]}}