{"id":23363,"date":"2026-04-03T16:45:22","date_gmt":"2026-04-03T16:45:22","guid":{"rendered":"https:\/\/www.venisecollection.com\/?post_type=product&#038;p=23363"},"modified":"2026-04-03T16:53:17","modified_gmt":"2026-04-03T16:53:17","slug":"2609-79-miss-multicolor","status":"publish","type":"product","link":"https:\/\/www.venisecollection.com\/es\/shop\/women\/sandalia\/2609-79-miss-multicolor","title":{"rendered":"2609-79 MISS MULTICOLOR"},"content":{"rendered":"<p data-path-to-node=\"23\">Marca la diferencia esta temporada con las <b data-path-to-node=\"23\" data-index-in-node=\"301\">sandalias 2609-79<\/b> de <b data-path-to-node=\"23\" data-index-in-node=\"322\">VENISE COLLECTION<\/b>. Orgullosamente <b data-path-to-node=\"23\" data-index-in-node=\"356\">fabricado en Italia<\/b>, este calzado exclusivo de Edici\u00f3n Limitada fusiona la belleza artesanal con la practicidad diaria. La parte superior exterior est\u00e1 confeccionada en tela de alta calidad que muestra un vibrante patr\u00f3n geom\u00e9trico en zigzag multicolor, capturando a la perfecci\u00f3n una est\u00e9tica boho chic.<\/p>\n<p data-path-to-node=\"24\">Priorizando tu comodidad, el interior est\u00e1 totalmente forrado con cuero genuino de primera calidad, asegurando una sensaci\u00f3n suave y transpirable. El dise\u00f1o altamente funcional cuenta con dos correas anchas con cierres de velcro ocultos, lo que permite un ajuste totalmente personalizado y seguro. Estas elegantes sandalias se asientan sobre una suela gruesa y texturizada con un acabado r\u00fastico similar al corcho y una plantilla ergon\u00f3mica contorneada que proporciona un soporte excepcional para llevarlas todo el d\u00eda.<\/p>\n<ul data-path-to-node=\"25\">\n<li>\n<p data-path-to-node=\"25,0,0\"><b data-path-to-node=\"25,0,0\" data-index-in-node=\"0\">Caracter\u00edstica Especial:<\/b> Edici\u00f3n Limitada Exclusiva<\/p>\n<\/li>\n<li>\n<p data-path-to-node=\"25,1,0\"><b data-path-to-node=\"25,1,0\" data-index-in-node=\"0\">Origen:<\/b> Hecho en Italia (Made in Italy)<\/p>\n<\/li>\n<li>\n<p data-path-to-node=\"25,2,0\"><b data-path-to-node=\"25,2,0\" data-index-in-node=\"0\">Material Exterior:<\/b> Tela de primera calidad con patr\u00f3n geom\u00e9trico colorido<\/p>\n<\/li>\n<li>\n<p data-path-to-node=\"25,3,0\"><b data-path-to-node=\"25,3,0\" data-index-in-node=\"0\">Forro Interior:<\/b> 100% Cuero Genuino<\/p>\n<\/li>\n<li>\n<p data-path-to-node=\"25,4,0\"><b data-path-to-node=\"25,4,0\" data-index-in-node=\"0\">Suela:<\/b> Suela de plataforma texturizada y ergon\u00f3mica<\/p>\n<\/li>\n<li>\n<p data-path-to-node=\"25,5,0\"><b data-path-to-node=\"25,5,0\" data-index-in-node=\"0\">Cierre:<\/b> Dos correas ajustables<\/p>\n<\/li>\n<\/ul>\n","protected":false},"excerpt":{"rendered":"<p>Marca la diferencia esta temporada con las sandalias 2609-79 de VENISE COLLECTION. Orgullosamente fabricado en Italia, este calzado exclusivo de Edici\u00f3n Limitada fusiona la belleza artesanal con la practicidad diaria. La parte superior exterior est\u00e1 confeccionada en tela de alta calidad que muestra un vibrante patr\u00f3n geom\u00e9trico en zigzag multicolor, capturando a la perfecci\u00f3n una &hellip;<\/p>\n","protected":false},"featured_media":23386,"template":"","meta":[],"product_brand":[358],"product_cat":[332],"product_tag":[],"class_list":{"0":"post-23363","1":"product","2":"type-product","3":"status-publish","4":"has-post-thumbnail","6":"product_brand-venise-collection","7":"product_cat-sandalia","9":"first","10":"instock","11":"shipping-taxable","12":"purchasable","13":"product-type-variable","14":"has-default-attributes"},"yoast_head":"<!-- This site is optimized with the Yoast SEO plugin v27.3 - https:\/\/yoast.com\/product\/yoast-seo-wordpress\/ -->\n<title>Sandalias Pala Boho Edici\u00f3n Limitada<\/title>\n<meta name=\"robots\" content=\"index, follow, max-snippet:-1, max-image-preview:large, max-video-preview:-1\" \/>\n<link rel=\"canonical\" href=\"https:\/\/www.venisecollection.com\/es\/shop\/women\/sandalia\/2609-79-miss-multicolor\" \/>\n<meta property=\"og:locale\" content=\"es_ES\" \/>\n<meta property=\"og:type\" content=\"article\" \/>\n<meta property=\"og:title\" content=\"Sandalias Pala Boho Edici\u00f3n Limitada\" \/>\n<meta property=\"og:description\" content=\"Marca la diferencia esta temporada con las sandalias 2609-79 de VENISE COLLECTION. Orgullosamente fabricado en Italia, este calzado exclusivo de Edici\u00f3n Limitada fusiona la belleza artesanal con la practicidad diaria. La parte superior exterior est\u00e1 confeccionada en tela de alta calidad que muestra un vibrante patr\u00f3n geom\u00e9trico en zigzag multicolor, capturando a la perfecci\u00f3n una &hellip;\" \/>\n<meta property=\"og:url\" content=\"https:\/\/www.venisecollection.com\/es\/shop\/women\/sandalia\/2609-79-miss-multicolor\" \/>\n<meta property=\"og:site_name\" content=\"VENISE COLLECTION\" \/>\n<meta property=\"article:modified_time\" content=\"2026-04-03T16:53:17+00:00\" \/>\n<meta property=\"og:image\" content=\"https:\/\/www.venisecollection.com\/cdn\/image-175-1.webp\" \/>\n\t<meta property=\"og:image:width\" content=\"1280\" \/>\n\t<meta property=\"og:image:height\" content=\"1588\" \/>\n\t<meta property=\"og:image:type\" content=\"image\/webp\" \/>\n<meta name=\"twitter:card\" content=\"summary_large_image\" \/>\n<meta name=\"twitter:label1\" content=\"Tiempo de lectura\" \/>\n\t<meta name=\"twitter:data1\" content=\"1 minuto\" \/>\n<script type=\"application\/ld+json\" class=\"yoast-schema-graph\">{\"@context\":\"https:\\\/\\\/schema.org\",\"@graph\":[{\"@type\":\"WebPage\",\"@id\":\"https:\\\/\\\/www.venisecollection.com\\\/es\\\/shop\\\/women\\\/sandalia\\\/2609-79-miss-multicolor\",\"url\":\"https:\\\/\\\/www.venisecollection.com\\\/es\\\/shop\\\/women\\\/sandalia\\\/2609-79-miss-multicolor\",\"name\":\"Sandalias Pala Boho Edici\u00f3n Limitada\",\"isPartOf\":{\"@id\":\"https:\\\/\\\/www.venisecollection.com\\\/es#website\"},\"primaryImageOfPage\":{\"@id\":\"https:\\\/\\\/www.venisecollection.com\\\/es\\\/shop\\\/women\\\/sandalia\\\/2609-79-miss-multicolor#primaryimage\"},\"image\":{\"@id\":\"https:\\\/\\\/www.venisecollection.com\\\/es\\\/shop\\\/women\\\/sandalia\\\/2609-79-miss-multicolor#primaryimage\"},\"thumbnailUrl\":\"https:\\\/\\\/www.venisecollection.com\\\/cdn\\\/image-175-1.webp\",\"datePublished\":\"2026-04-03T16:45:22+00:00\",\"dateModified\":\"2026-04-03T16:53:17+00:00\",\"breadcrumb\":{\"@id\":\"https:\\\/\\\/www.venisecollection.com\\\/es\\\/shop\\\/women\\\/sandalia\\\/2609-79-miss-multicolor#breadcrumb\"},\"inLanguage\":\"es\",\"potentialAction\":[{\"@type\":\"ReadAction\",\"target\":[\"https:\\\/\\\/www.venisecollection.com\\\/es\\\/shop\\\/women\\\/sandalia\\\/2609-79-miss-multicolor\"]}]},{\"@type\":\"ImageObject\",\"inLanguage\":\"es\",\"@id\":\"https:\\\/\\\/www.venisecollection.com\\\/es\\\/shop\\\/women\\\/sandalia\\\/2609-79-miss-multicolor#primaryimage\",\"url\":\"https:\\\/\\\/www.venisecollection.com\\\/cdn\\\/image-175-1.webp\",\"contentUrl\":\"https:\\\/\\\/www.venisecollection.com\\\/cdn\\\/image-175-1.webp\",\"width\":1280,\"height\":1588},{\"@type\":\"BreadcrumbList\",\"@id\":\"https:\\\/\\\/www.venisecollection.com\\\/es\\\/shop\\\/women\\\/sandalia\\\/2609-79-miss-multicolor#breadcrumb\",\"itemListElement\":[{\"@type\":\"ListItem\",\"position\":1,\"name\":\"Home\",\"item\":\"https:\\\/\\\/www.venisecollection.com\\\/es\\\/tienda\"},{\"@type\":\"ListItem\",\"position\":2,\"name\":\"Inicio\",\"item\":\"https:\\\/\\\/www.venisecollection.com\\\/es\\\/tienda\"},{\"@type\":\"ListItem\",\"position\":3,\"name\":\"2609-79 MISS MULTICOLOR\"}]},{\"@type\":\"WebSite\",\"@id\":\"https:\\\/\\\/www.venisecollection.com\\\/es#website\",\"url\":\"https:\\\/\\\/www.venisecollection.com\\\/es\",\"name\":\"VENISE COLLECTION\",\"description\":\"\",\"publisher\":{\"@id\":\"https:\\\/\\\/www.venisecollection.com\\\/es#organization\"},\"potentialAction\":[{\"@type\":\"SearchAction\",\"target\":{\"@type\":\"EntryPoint\",\"urlTemplate\":\"https:\\\/\\\/www.venisecollection.com\\\/es?s={search_term_string}\"},\"query-input\":{\"@type\":\"PropertyValueSpecification\",\"valueRequired\":true,\"valueName\":\"search_term_string\"}}],\"inLanguage\":\"es\"},{\"@type\":\"Organization\",\"@id\":\"https:\\\/\\\/www.venisecollection.com\\\/es#organization\",\"name\":\"VENISE COLLECTION\",\"url\":\"https:\\\/\\\/www.venisecollection.com\\\/es\",\"logo\":{\"@type\":\"ImageObject\",\"inLanguage\":\"es\",\"@id\":\"https:\\\/\\\/www.venisecollection.com\\\/es#\\\/schema\\\/logo\\\/image\\\/\",\"url\":\"https:\\\/\\\/www.venisecollection.com\\\/cdn\\\/seo.png\",\"contentUrl\":\"https:\\\/\\\/www.venisecollection.com\\\/cdn\\\/seo.png\",\"width\":1080,\"height\":1080,\"caption\":\"VENISE COLLECTION\"},\"image\":{\"@id\":\"https:\\\/\\\/www.venisecollection.com\\\/es#\\\/schema\\\/logo\\\/image\\\/\"},\"sameAs\":[\"https:\\\/\\\/www.instagram.com\\\/venisecollection\\\/\",\"https:\\\/\\\/fr.pinterest.com\\\/venisecollection\\\/\"]}]}<\/script>\n<!-- \/ Yoast SEO plugin. -->","yoast_head_json":{"title":"Sandalias Pala Boho Edici\u00f3n Limitada","robots":{"index":"index","follow":"follow","max-snippet":"max-snippet:-1","max-image-preview":"max-image-preview:large","max-video-preview":"max-video-preview:-1"},"canonical":"https:\/\/www.venisecollection.com\/es\/shop\/women\/sandalia\/2609-79-miss-multicolor","og_locale":"es_ES","og_type":"article","og_title":"Sandalias Pala Boho Edici\u00f3n Limitada","og_description":"Marca la diferencia esta temporada con las sandalias 2609-79 de VENISE COLLECTION. Orgullosamente fabricado en Italia, este calzado exclusivo de Edici\u00f3n Limitada fusiona la belleza artesanal con la practicidad diaria. La parte superior exterior est\u00e1 confeccionada en tela de alta calidad que muestra un vibrante patr\u00f3n geom\u00e9trico en zigzag multicolor, capturando a la perfecci\u00f3n una &hellip;","og_url":"https:\/\/www.venisecollection.com\/es\/shop\/women\/sandalia\/2609-79-miss-multicolor","og_site_name":"VENISE COLLECTION","article_modified_time":"2026-04-03T16:53:17+00:00","og_image":[{"width":1280,"height":1588,"url":"https:\/\/www.venisecollection.com\/cdn\/image-175-1.webp","type":"image\/webp"}],"twitter_card":"summary_large_image","twitter_misc":{"Tiempo de lectura":"1 minuto"},"schema":{"@context":"https:\/\/schema.org","@graph":[{"@type":"WebPage","@id":"https:\/\/www.venisecollection.com\/es\/shop\/women\/sandalia\/2609-79-miss-multicolor","url":"https:\/\/www.venisecollection.com\/es\/shop\/women\/sandalia\/2609-79-miss-multicolor","name":"Sandalias Pala Boho Edici\u00f3n Limitada","isPartOf":{"@id":"https:\/\/www.venisecollection.com\/es#website"},"primaryImageOfPage":{"@id":"https:\/\/www.venisecollection.com\/es\/shop\/women\/sandalia\/2609-79-miss-multicolor#primaryimage"},"image":{"@id":"https:\/\/www.venisecollection.com\/es\/shop\/women\/sandalia\/2609-79-miss-multicolor#primaryimage"},"thumbnailUrl":"https:\/\/www.venisecollection.com\/cdn\/image-175-1.webp","datePublished":"2026-04-03T16:45:22+00:00","dateModified":"2026-04-03T16:53:17+00:00","breadcrumb":{"@id":"https:\/\/www.venisecollection.com\/es\/shop\/women\/sandalia\/2609-79-miss-multicolor#breadcrumb"},"inLanguage":"es","potentialAction":[{"@type":"ReadAction","target":["https:\/\/www.venisecollection.com\/es\/shop\/women\/sandalia\/2609-79-miss-multicolor"]}]},{"@type":"ImageObject","inLanguage":"es","@id":"https:\/\/www.venisecollection.com\/es\/shop\/women\/sandalia\/2609-79-miss-multicolor#primaryimage","url":"https:\/\/www.venisecollection.com\/cdn\/image-175-1.webp","contentUrl":"https:\/\/www.venisecollection.com\/cdn\/image-175-1.webp","width":1280,"height":1588},{"@type":"BreadcrumbList","@id":"https:\/\/www.venisecollection.com\/es\/shop\/women\/sandalia\/2609-79-miss-multicolor#breadcrumb","itemListElement":[{"@type":"ListItem","position":1,"name":"Home","item":"https:\/\/www.venisecollection.com\/es\/tienda"},{"@type":"ListItem","position":2,"name":"Inicio","item":"https:\/\/www.venisecollection.com\/es\/tienda"},{"@type":"ListItem","position":3,"name":"2609-79 MISS MULTICOLOR"}]},{"@type":"WebSite","@id":"https:\/\/www.venisecollection.com\/es#website","url":"https:\/\/www.venisecollection.com\/es","name":"VENISE COLLECTION","description":"","publisher":{"@id":"https:\/\/www.venisecollection.com\/es#organization"},"potentialAction":[{"@type":"SearchAction","target":{"@type":"EntryPoint","urlTemplate":"https:\/\/www.venisecollection.com\/es?s={search_term_string}"},"query-input":{"@type":"PropertyValueSpecification","valueRequired":true,"valueName":"search_term_string"}}],"inLanguage":"es"},{"@type":"Organization","@id":"https:\/\/www.venisecollection.com\/es#organization","name":"VENISE COLLECTION","url":"https:\/\/www.venisecollection.com\/es","logo":{"@type":"ImageObject","inLanguage":"es","@id":"https:\/\/www.venisecollection.com\/es#\/schema\/logo\/image\/","url":"https:\/\/www.venisecollection.com\/cdn\/seo.png","contentUrl":"https:\/\/www.venisecollection.com\/cdn\/seo.png","width":1080,"height":1080,"caption":"VENISE COLLECTION"},"image":{"@id":"https:\/\/www.venisecollection.com\/es#\/schema\/logo\/image\/"},"sameAs":["https:\/\/www.instagram.com\/venisecollection\/","https:\/\/fr.pinterest.com\/venisecollection\/"]}]}},"_links":{"self":[{"href":"https:\/\/www.venisecollection.com\/es\/wp-json\/wp\/v2\/product\/23363","targetHints":{"allow":["GET"]}}],"collection":[{"href":"https:\/\/www.venisecollection.com\/es\/wp-json\/wp\/v2\/product"}],"about":[{"href":"https:\/\/www.venisecollection.com\/es\/wp-json\/wp\/v2\/types\/product"}],"wp:featuredmedia":[{"embeddable":true,"href":"https:\/\/www.venisecollection.com\/es\/wp-json\/wp\/v2\/media\/23386"}],"wp:attachment":[{"href":"https:\/\/www.venisecollection.com\/es\/wp-json\/wp\/v2\/media?parent=23363"}],"wp:term":[{"taxonomy":"product_brand","embeddable":true,"href":"https:\/\/www.venisecollection.com\/es\/wp-json\/wp\/v2\/product_brand?post=23363"},{"taxonomy":"product_cat","embeddable":true,"href":"https:\/\/www.venisecollection.com\/es\/wp-json\/wp\/v2\/product_cat?post=23363"},{"taxonomy":"product_tag","embeddable":true,"href":"https:\/\/www.venisecollection.com\/es\/wp-json\/wp\/v2\/product_tag?post=23363"}],"curies":[{"name":"wp","href":"https:\/\/api.w.org\/{rel}","templated":true}]}}