{"id":23598,"date":"2026-04-07T11:54:05","date_gmt":"2026-04-07T11:54:05","guid":{"rendered":"https:\/\/www.venisecollection.com\/?post_type=product&#038;p=23598"},"modified":"2026-04-07T12:00:27","modified_gmt":"2026-04-07T12:00:27","slug":"1582-511-miss-multicolor","status":"publish","type":"product","link":"https:\/\/www.venisecollection.com\/es\/shop\/women\/sandalia\/1582-511-miss-multicolor","title":{"rendered":"1582-511 MISS. MULTICOLOR"},"content":{"rendered":"<p data-path-to-node=\"23\">A\u00f1ade un toque de color vibrante a tu armario de verano con las <b data-path-to-node=\"23\" data-index-in-node=\"361\">sandalias de plataforma 1582-511 MISS. MULTICOLOR<\/b> de <b data-path-to-node=\"23\" data-index-in-node=\"414\">VENISE COLLECTION<\/b>. Orgullosamente <b data-path-to-node=\"23\" data-index-in-node=\"448\">fabricadas en Italia<\/b>, estas elegantes sandalias combinan a la perfecci\u00f3n una est\u00e9tica boho relajada con la comodidad deportiva del d\u00eda a d\u00eda. La llamativa parte superior est\u00e1 confeccionada en tela tejida de alta calidad, mostrando un patr\u00f3n geom\u00e9trico en zigzag multicolor muy din\u00e1mico que destaca maravillosamente.<\/p>\n<p data-path-to-node=\"24\">Dise\u00f1ada para un uso seguro y c\u00f3modo, la sandalia cuenta con una correa ancha en la puntera y una correa de tobillo ajustable con una resistente hebilla de metal. La base de este zapato es su incre\u00edblemente c\u00f3moda suela de plataforma de m\u00faltiples capas. Con una plantilla acolchada, una entresuela de tonos neutros y una suela exterior blanca gruesa con ranuras de flexi\u00f3n profundas, proporciona una excelente absorci\u00f3n de impactos y tracci\u00f3n para caminar todo el d\u00eda.<\/p>\n<ul data-path-to-node=\"25\">\n<li>\n<p data-path-to-node=\"25,0,0\"><b data-path-to-node=\"25,0,0\" data-index-in-node=\"0\">Origen:<\/b> Hecho en Italia (Made in Italy)<\/p>\n<\/li>\n<li>\n<p data-path-to-node=\"25,1,0\"><b data-path-to-node=\"25,1,0\" data-index-in-node=\"0\">Estilo:<\/b> Sandalia de Plataforma Deportiva Boho<\/p>\n<\/li>\n<li>\n<p data-path-to-node=\"25,2,0\"><b data-path-to-node=\"25,2,0\" data-index-in-node=\"0\">Material Superior:<\/b> Tela tejida con un patr\u00f3n en zigzag multicolor<\/p>\n<\/li>\n<li>\n<p data-path-to-node=\"25,3,0\"><b data-path-to-node=\"25,3,0\" data-index-in-node=\"0\">Suela:<\/b> Plataforma multicapa con ranuras de flexi\u00f3n profundas<\/p>\n<\/li>\n<li>\n<p data-path-to-node=\"25,4,0\"><b data-path-to-node=\"25,4,0\" data-index-in-node=\"0\">Cierre:<\/b> Correa de tobillo ajustable con hebilla de metal<\/p>\n<\/li>\n<\/ul>\n","protected":false},"excerpt":{"rendered":"<p>A\u00f1ade un toque de color vibrante a tu armario de verano con las sandalias de plataforma 1582-511 MISS. MULTICOLOR de VENISE COLLECTION. Orgullosamente fabricadas en Italia, estas elegantes sandalias combinan a la perfecci\u00f3n una est\u00e9tica boho relajada con la comodidad deportiva del d\u00eda a d\u00eda. La llamativa parte superior est\u00e1 confeccionada en tela tejida de &hellip;<\/p>\n","protected":false},"featured_media":23611,"template":"","meta":[],"product_brand":[358],"product_cat":[332],"product_tag":[],"class_list":{"0":"post-23598","1":"product","2":"type-product","3":"status-publish","4":"has-post-thumbnail","6":"product_brand-venise-collection","7":"product_cat-sandalia","9":"first","10":"instock","11":"shipping-taxable","12":"purchasable","13":"product-type-variable"},"yoast_head":"<!-- This site is optimized with the Yoast SEO plugin v27.3 - https:\/\/yoast.com\/product\/yoast-seo-wordpress\/ -->\n<title>Sandalias de Plataforma de Tela Boho - Miss Multicolor<\/title>\n<meta name=\"robots\" content=\"index, follow, max-snippet:-1, max-image-preview:large, max-video-preview:-1\" \/>\n<link rel=\"canonical\" href=\"https:\/\/www.venisecollection.com\/es\/shop\/women\/sandalia\/1582-511-miss-multicolor\" \/>\n<meta property=\"og:locale\" content=\"es_ES\" \/>\n<meta property=\"og:type\" content=\"article\" \/>\n<meta property=\"og:title\" content=\"Sandalias de Plataforma de Tela Boho - Miss Multicolor\" \/>\n<meta property=\"og:description\" content=\"A\u00f1ade un toque de color vibrante a tu armario de verano con las sandalias de plataforma 1582-511 MISS. MULTICOLOR de VENISE COLLECTION. Orgullosamente fabricadas en Italia, estas elegantes sandalias combinan a la perfecci\u00f3n una est\u00e9tica boho relajada con la comodidad deportiva del d\u00eda a d\u00eda. La llamativa parte superior est\u00e1 confeccionada en tela tejida de &hellip;\" \/>\n<meta property=\"og:url\" content=\"https:\/\/www.venisecollection.com\/es\/shop\/women\/sandalia\/1582-511-miss-multicolor\" \/>\n<meta property=\"og:site_name\" content=\"VENISE COLLECTION\" \/>\n<meta property=\"article:modified_time\" content=\"2026-04-07T12:00:27+00:00\" \/>\n<meta property=\"og:image\" content=\"https:\/\/www.venisecollection.com\/cdn\/image-193-1.webp\" \/>\n\t<meta property=\"og:image:width\" content=\"1280\" \/>\n\t<meta property=\"og:image:height\" content=\"1588\" \/>\n\t<meta property=\"og:image:type\" content=\"image\/webp\" \/>\n<meta name=\"twitter:card\" content=\"summary_large_image\" \/>\n<meta name=\"twitter:label1\" content=\"Tiempo de lectura\" \/>\n\t<meta name=\"twitter:data1\" content=\"2 minuto\" \/>\n<script type=\"application\/ld+json\" class=\"yoast-schema-graph\">{\"@context\":\"https:\\\/\\\/schema.org\",\"@graph\":[{\"@type\":\"WebPage\",\"@id\":\"https:\\\/\\\/www.venisecollection.com\\\/es\\\/shop\\\/women\\\/sandalia\\\/1582-511-miss-multicolor\",\"url\":\"https:\\\/\\\/www.venisecollection.com\\\/es\\\/shop\\\/women\\\/sandalia\\\/1582-511-miss-multicolor\",\"name\":\"Sandalias de Plataforma de Tela Boho - Miss Multicolor\",\"isPartOf\":{\"@id\":\"https:\\\/\\\/www.venisecollection.com\\\/es#website\"},\"primaryImageOfPage\":{\"@id\":\"https:\\\/\\\/www.venisecollection.com\\\/es\\\/shop\\\/women\\\/sandalia\\\/1582-511-miss-multicolor#primaryimage\"},\"image\":{\"@id\":\"https:\\\/\\\/www.venisecollection.com\\\/es\\\/shop\\\/women\\\/sandalia\\\/1582-511-miss-multicolor#primaryimage\"},\"thumbnailUrl\":\"https:\\\/\\\/www.venisecollection.com\\\/cdn\\\/image-193-1.webp\",\"datePublished\":\"2026-04-07T11:54:05+00:00\",\"dateModified\":\"2026-04-07T12:00:27+00:00\",\"breadcrumb\":{\"@id\":\"https:\\\/\\\/www.venisecollection.com\\\/es\\\/shop\\\/women\\\/sandalia\\\/1582-511-miss-multicolor#breadcrumb\"},\"inLanguage\":\"es\",\"potentialAction\":[{\"@type\":\"ReadAction\",\"target\":[\"https:\\\/\\\/www.venisecollection.com\\\/es\\\/shop\\\/women\\\/sandalia\\\/1582-511-miss-multicolor\"]}]},{\"@type\":\"ImageObject\",\"inLanguage\":\"es\",\"@id\":\"https:\\\/\\\/www.venisecollection.com\\\/es\\\/shop\\\/women\\\/sandalia\\\/1582-511-miss-multicolor#primaryimage\",\"url\":\"https:\\\/\\\/www.venisecollection.com\\\/cdn\\\/image-193-1.webp\",\"contentUrl\":\"https:\\\/\\\/www.venisecollection.com\\\/cdn\\\/image-193-1.webp\",\"width\":1280,\"height\":1588},{\"@type\":\"BreadcrumbList\",\"@id\":\"https:\\\/\\\/www.venisecollection.com\\\/es\\\/shop\\\/women\\\/sandalia\\\/1582-511-miss-multicolor#breadcrumb\",\"itemListElement\":[{\"@type\":\"ListItem\",\"position\":1,\"name\":\"Home\",\"item\":\"https:\\\/\\\/www.venisecollection.com\\\/es\\\/tienda\"},{\"@type\":\"ListItem\",\"position\":2,\"name\":\"Inicio\",\"item\":\"https:\\\/\\\/www.venisecollection.com\\\/es\\\/tienda\"},{\"@type\":\"ListItem\",\"position\":3,\"name\":\"1582-511 MISS. MULTICOLOR\"}]},{\"@type\":\"WebSite\",\"@id\":\"https:\\\/\\\/www.venisecollection.com\\\/es#website\",\"url\":\"https:\\\/\\\/www.venisecollection.com\\\/es\",\"name\":\"VENISE COLLECTION\",\"description\":\"\",\"publisher\":{\"@id\":\"https:\\\/\\\/www.venisecollection.com\\\/es#organization\"},\"potentialAction\":[{\"@type\":\"SearchAction\",\"target\":{\"@type\":\"EntryPoint\",\"urlTemplate\":\"https:\\\/\\\/www.venisecollection.com\\\/es?s={search_term_string}\"},\"query-input\":{\"@type\":\"PropertyValueSpecification\",\"valueRequired\":true,\"valueName\":\"search_term_string\"}}],\"inLanguage\":\"es\"},{\"@type\":\"Organization\",\"@id\":\"https:\\\/\\\/www.venisecollection.com\\\/es#organization\",\"name\":\"VENISE COLLECTION\",\"url\":\"https:\\\/\\\/www.venisecollection.com\\\/es\",\"logo\":{\"@type\":\"ImageObject\",\"inLanguage\":\"es\",\"@id\":\"https:\\\/\\\/www.venisecollection.com\\\/es#\\\/schema\\\/logo\\\/image\\\/\",\"url\":\"https:\\\/\\\/www.venisecollection.com\\\/cdn\\\/seo.png\",\"contentUrl\":\"https:\\\/\\\/www.venisecollection.com\\\/cdn\\\/seo.png\",\"width\":1080,\"height\":1080,\"caption\":\"VENISE COLLECTION\"},\"image\":{\"@id\":\"https:\\\/\\\/www.venisecollection.com\\\/es#\\\/schema\\\/logo\\\/image\\\/\"},\"sameAs\":[\"https:\\\/\\\/www.instagram.com\\\/venisecollection\\\/\",\"https:\\\/\\\/fr.pinterest.com\\\/venisecollection\\\/\"]}]}<\/script>\n<!-- \/ Yoast SEO plugin. -->","yoast_head_json":{"title":"Sandalias de Plataforma de Tela Boho - Miss Multicolor","robots":{"index":"index","follow":"follow","max-snippet":"max-snippet:-1","max-image-preview":"max-image-preview:large","max-video-preview":"max-video-preview:-1"},"canonical":"https:\/\/www.venisecollection.com\/es\/shop\/women\/sandalia\/1582-511-miss-multicolor","og_locale":"es_ES","og_type":"article","og_title":"Sandalias de Plataforma de Tela Boho - Miss Multicolor","og_description":"A\u00f1ade un toque de color vibrante a tu armario de verano con las sandalias de plataforma 1582-511 MISS. MULTICOLOR de VENISE COLLECTION. Orgullosamente fabricadas en Italia, estas elegantes sandalias combinan a la perfecci\u00f3n una est\u00e9tica boho relajada con la comodidad deportiva del d\u00eda a d\u00eda. La llamativa parte superior est\u00e1 confeccionada en tela tejida de &hellip;","og_url":"https:\/\/www.venisecollection.com\/es\/shop\/women\/sandalia\/1582-511-miss-multicolor","og_site_name":"VENISE COLLECTION","article_modified_time":"2026-04-07T12:00:27+00:00","og_image":[{"width":1280,"height":1588,"url":"https:\/\/www.venisecollection.com\/cdn\/image-193-1.webp","type":"image\/webp"}],"twitter_card":"summary_large_image","twitter_misc":{"Tiempo de lectura":"2 minuto"},"schema":{"@context":"https:\/\/schema.org","@graph":[{"@type":"WebPage","@id":"https:\/\/www.venisecollection.com\/es\/shop\/women\/sandalia\/1582-511-miss-multicolor","url":"https:\/\/www.venisecollection.com\/es\/shop\/women\/sandalia\/1582-511-miss-multicolor","name":"Sandalias de Plataforma de Tela Boho - Miss Multicolor","isPartOf":{"@id":"https:\/\/www.venisecollection.com\/es#website"},"primaryImageOfPage":{"@id":"https:\/\/www.venisecollection.com\/es\/shop\/women\/sandalia\/1582-511-miss-multicolor#primaryimage"},"image":{"@id":"https:\/\/www.venisecollection.com\/es\/shop\/women\/sandalia\/1582-511-miss-multicolor#primaryimage"},"thumbnailUrl":"https:\/\/www.venisecollection.com\/cdn\/image-193-1.webp","datePublished":"2026-04-07T11:54:05+00:00","dateModified":"2026-04-07T12:00:27+00:00","breadcrumb":{"@id":"https:\/\/www.venisecollection.com\/es\/shop\/women\/sandalia\/1582-511-miss-multicolor#breadcrumb"},"inLanguage":"es","potentialAction":[{"@type":"ReadAction","target":["https:\/\/www.venisecollection.com\/es\/shop\/women\/sandalia\/1582-511-miss-multicolor"]}]},{"@type":"ImageObject","inLanguage":"es","@id":"https:\/\/www.venisecollection.com\/es\/shop\/women\/sandalia\/1582-511-miss-multicolor#primaryimage","url":"https:\/\/www.venisecollection.com\/cdn\/image-193-1.webp","contentUrl":"https:\/\/www.venisecollection.com\/cdn\/image-193-1.webp","width":1280,"height":1588},{"@type":"BreadcrumbList","@id":"https:\/\/www.venisecollection.com\/es\/shop\/women\/sandalia\/1582-511-miss-multicolor#breadcrumb","itemListElement":[{"@type":"ListItem","position":1,"name":"Home","item":"https:\/\/www.venisecollection.com\/es\/tienda"},{"@type":"ListItem","position":2,"name":"Inicio","item":"https:\/\/www.venisecollection.com\/es\/tienda"},{"@type":"ListItem","position":3,"name":"1582-511 MISS. MULTICOLOR"}]},{"@type":"WebSite","@id":"https:\/\/www.venisecollection.com\/es#website","url":"https:\/\/www.venisecollection.com\/es","name":"VENISE COLLECTION","description":"","publisher":{"@id":"https:\/\/www.venisecollection.com\/es#organization"},"potentialAction":[{"@type":"SearchAction","target":{"@type":"EntryPoint","urlTemplate":"https:\/\/www.venisecollection.com\/es?s={search_term_string}"},"query-input":{"@type":"PropertyValueSpecification","valueRequired":true,"valueName":"search_term_string"}}],"inLanguage":"es"},{"@type":"Organization","@id":"https:\/\/www.venisecollection.com\/es#organization","name":"VENISE COLLECTION","url":"https:\/\/www.venisecollection.com\/es","logo":{"@type":"ImageObject","inLanguage":"es","@id":"https:\/\/www.venisecollection.com\/es#\/schema\/logo\/image\/","url":"https:\/\/www.venisecollection.com\/cdn\/seo.png","contentUrl":"https:\/\/www.venisecollection.com\/cdn\/seo.png","width":1080,"height":1080,"caption":"VENISE COLLECTION"},"image":{"@id":"https:\/\/www.venisecollection.com\/es#\/schema\/logo\/image\/"},"sameAs":["https:\/\/www.instagram.com\/venisecollection\/","https:\/\/fr.pinterest.com\/venisecollection\/"]}]}},"_links":{"self":[{"href":"https:\/\/www.venisecollection.com\/es\/wp-json\/wp\/v2\/product\/23598","targetHints":{"allow":["GET"]}}],"collection":[{"href":"https:\/\/www.venisecollection.com\/es\/wp-json\/wp\/v2\/product"}],"about":[{"href":"https:\/\/www.venisecollection.com\/es\/wp-json\/wp\/v2\/types\/product"}],"wp:featuredmedia":[{"embeddable":true,"href":"https:\/\/www.venisecollection.com\/es\/wp-json\/wp\/v2\/media\/23611"}],"wp:attachment":[{"href":"https:\/\/www.venisecollection.com\/es\/wp-json\/wp\/v2\/media?parent=23598"}],"wp:term":[{"taxonomy":"product_brand","embeddable":true,"href":"https:\/\/www.venisecollection.com\/es\/wp-json\/wp\/v2\/product_brand?post=23598"},{"taxonomy":"product_cat","embeddable":true,"href":"https:\/\/www.venisecollection.com\/es\/wp-json\/wp\/v2\/product_cat?post=23598"},{"taxonomy":"product_tag","embeddable":true,"href":"https:\/\/www.venisecollection.com\/es\/wp-json\/wp\/v2\/product_tag?post=23598"}],"curies":[{"name":"wp","href":"https:\/\/api.w.org\/{rel}","templated":true}]}}