{"id":23675,"date":"2026-04-07T15:15:21","date_gmt":"2026-04-07T15:15:21","guid":{"rendered":"https:\/\/www.venisecollection.com\/?post_type=product&#038;p=23675"},"modified":"2026-04-07T15:27:15","modified_gmt":"2026-04-07T15:27:15","slug":"ash-eva-black","status":"publish","type":"product","link":"https:\/\/www.venisecollection.com\/es\/shop\/women\/sandalia\/ash-eva-black","title":{"rendered":"ASH EVA BLACK"},"content":{"rendered":"<p data-path-to-node=\"24\">Eleva tu armario contempor\u00e1neo con las sofisticadas <b data-path-to-node=\"24\" data-index-in-node=\"312\">sandalias EVA BLACK<\/b> de <b data-path-to-node=\"24\" data-index-in-node=\"335\">ASH<\/b>. Estas sandalias chic y sin esfuerzo est\u00e1n confeccionadas en suave cuero napa negro, destacando por un empeine de m\u00faltiples bandas bellamente fruncido (ruched) que a\u00f1ade un toque de textura voluminosa y estilo moderno.<\/p>\n<p data-path-to-node=\"25\">Siguiendo las tendencias actuales, la sandalia presenta una pronunciada punta cuadrada que proporciona una silueta moderna y un ajuste c\u00f3modo. El tac\u00f3n ancho de 2,55 pulgadas, elegantemente curvado, ofrece la cantidad perfecta de altura al tiempo que garantiza la estabilidad y la comodidad durante todo el d\u00eda. Rematadas con una duradera suela de goma, estas sandalias sin cordones son el calzado vers\u00e1til definitivo, combinando a la perfecci\u00f3n con cualquier prenda, desde pantalones de sastre hasta tus vestidos de noche favoritos.<\/p>\n<ul data-path-to-node=\"26\">\n<li>\n<p data-path-to-node=\"26,0,0\"><b data-path-to-node=\"26,0,0\" data-index-in-node=\"0\">Material Superior:<\/b> Cuero napa negro de primera calidad con dise\u00f1o fruncido<\/p>\n<\/li>\n<li>\n<p data-path-to-node=\"26,1,0\"><b data-path-to-node=\"26,1,0\" data-index-in-node=\"0\">Estilo:<\/b> Sandalia sin cierres (Slip-on) con moderna punta cuadrada<\/p>\n<\/li>\n<li>\n<p data-path-to-node=\"26,2,0\"><b data-path-to-node=\"26,2,0\" data-index-in-node=\"0\">Altura del Tac\u00f3n:<\/b> Tac\u00f3n ancho curvado de 2,55 pulgadas<\/p>\n<\/li>\n<li>\n<p data-path-to-node=\"26,3,0\"><b data-path-to-node=\"26,3,0\" data-index-in-node=\"0\">Forro y Suela:<\/b> Forro 80% sint\u00e9tico, 20% cuero con suela de goma duradera<\/p>\n<\/li>\n<li>\n<p data-path-to-node=\"26,4,0\"><b data-path-to-node=\"26,4,0\" data-index-in-node=\"0\">Cuidado:<\/b> Limpiar solo las manchas (Spot clean)<\/p>\n<\/li>\n<\/ul>\n","protected":false},"excerpt":{"rendered":"<p>Eleva tu armario contempor\u00e1neo con las sofisticadas sandalias EVA BLACK de ASH. Estas sandalias chic y sin esfuerzo est\u00e1n confeccionadas en suave cuero napa negro, destacando por un empeine de m\u00faltiples bandas bellamente fruncido (ruched) que a\u00f1ade un toque de textura voluminosa y estilo moderno. Siguiendo las tendencias actuales, la sandalia presenta una pronunciada punta &hellip;<\/p>\n","protected":false},"featured_media":23703,"template":"","meta":[],"product_brand":[392],"product_cat":[332],"product_tag":[],"class_list":{"0":"post-23675","1":"product","2":"type-product","3":"status-publish","4":"has-post-thumbnail","6":"product_brand-ash","7":"product_cat-sandalia","9":"first","10":"instock","11":"shipping-taxable","12":"purchasable","13":"product-type-variable","14":"has-default-attributes"},"yoast_head":"<!-- This site is optimized with the Yoast SEO plugin v27.3 - https:\/\/yoast.com\/product\/yoast-seo-wordpress\/ -->\n<title>Sandalias de Cuero Negro con Tac\u00f3n Ancho - ASH EVA BLACK<\/title>\n<meta name=\"robots\" content=\"index, follow, max-snippet:-1, max-image-preview:large, max-video-preview:-1\" \/>\n<link rel=\"canonical\" href=\"https:\/\/www.venisecollection.com\/es\/shop\/women\/sandalia\/ash-eva-black\" \/>\n<meta property=\"og:locale\" content=\"es_ES\" \/>\n<meta property=\"og:type\" content=\"article\" \/>\n<meta property=\"og:title\" content=\"Sandalias de Cuero Negro con Tac\u00f3n Ancho - ASH EVA BLACK\" \/>\n<meta property=\"og:description\" content=\"Eleva tu armario contempor\u00e1neo con las sofisticadas sandalias EVA BLACK de ASH. Estas sandalias chic y sin esfuerzo est\u00e1n confeccionadas en suave cuero napa negro, destacando por un empeine de m\u00faltiples bandas bellamente fruncido (ruched) que a\u00f1ade un toque de textura voluminosa y estilo moderno. Siguiendo las tendencias actuales, la sandalia presenta una pronunciada punta &hellip;\" \/>\n<meta property=\"og:url\" content=\"https:\/\/www.venisecollection.com\/es\/shop\/women\/sandalia\/ash-eva-black\" \/>\n<meta property=\"og:site_name\" content=\"VENISE COLLECTION\" \/>\n<meta property=\"article:modified_time\" content=\"2026-04-07T15:27:15+00:00\" \/>\n<meta property=\"og:image\" content=\"https:\/\/www.venisecollection.com\/cdn\/image-198-1.webp\" \/>\n\t<meta property=\"og:image:width\" content=\"1280\" \/>\n\t<meta property=\"og:image:height\" content=\"1588\" \/>\n\t<meta property=\"og:image:type\" content=\"image\/webp\" \/>\n<meta name=\"twitter:card\" content=\"summary_large_image\" \/>\n<meta name=\"twitter:label1\" content=\"Tiempo de lectura\" \/>\n\t<meta name=\"twitter:data1\" content=\"1 minuto\" \/>\n<script type=\"application\/ld+json\" class=\"yoast-schema-graph\">{\"@context\":\"https:\\\/\\\/schema.org\",\"@graph\":[{\"@type\":\"WebPage\",\"@id\":\"https:\\\/\\\/www.venisecollection.com\\\/es\\\/shop\\\/women\\\/sandalia\\\/ash-eva-black\",\"url\":\"https:\\\/\\\/www.venisecollection.com\\\/es\\\/shop\\\/women\\\/sandalia\\\/ash-eva-black\",\"name\":\"Sandalias de Cuero Negro con Tac\u00f3n Ancho - ASH EVA BLACK\",\"isPartOf\":{\"@id\":\"https:\\\/\\\/www.venisecollection.com\\\/es#website\"},\"primaryImageOfPage\":{\"@id\":\"https:\\\/\\\/www.venisecollection.com\\\/es\\\/shop\\\/women\\\/sandalia\\\/ash-eva-black#primaryimage\"},\"image\":{\"@id\":\"https:\\\/\\\/www.venisecollection.com\\\/es\\\/shop\\\/women\\\/sandalia\\\/ash-eva-black#primaryimage\"},\"thumbnailUrl\":\"https:\\\/\\\/www.venisecollection.com\\\/cdn\\\/image-198-1.webp\",\"datePublished\":\"2026-04-07T15:15:21+00:00\",\"dateModified\":\"2026-04-07T15:27:15+00:00\",\"breadcrumb\":{\"@id\":\"https:\\\/\\\/www.venisecollection.com\\\/es\\\/shop\\\/women\\\/sandalia\\\/ash-eva-black#breadcrumb\"},\"inLanguage\":\"es\",\"potentialAction\":[{\"@type\":\"ReadAction\",\"target\":[\"https:\\\/\\\/www.venisecollection.com\\\/es\\\/shop\\\/women\\\/sandalia\\\/ash-eva-black\"]}]},{\"@type\":\"ImageObject\",\"inLanguage\":\"es\",\"@id\":\"https:\\\/\\\/www.venisecollection.com\\\/es\\\/shop\\\/women\\\/sandalia\\\/ash-eva-black#primaryimage\",\"url\":\"https:\\\/\\\/www.venisecollection.com\\\/cdn\\\/image-198-1.webp\",\"contentUrl\":\"https:\\\/\\\/www.venisecollection.com\\\/cdn\\\/image-198-1.webp\",\"width\":1280,\"height\":1588},{\"@type\":\"BreadcrumbList\",\"@id\":\"https:\\\/\\\/www.venisecollection.com\\\/es\\\/shop\\\/women\\\/sandalia\\\/ash-eva-black#breadcrumb\",\"itemListElement\":[{\"@type\":\"ListItem\",\"position\":1,\"name\":\"Home\",\"item\":\"https:\\\/\\\/www.venisecollection.com\\\/es\\\/tienda\"},{\"@type\":\"ListItem\",\"position\":2,\"name\":\"Inicio\",\"item\":\"https:\\\/\\\/www.venisecollection.com\\\/es\\\/tienda\"},{\"@type\":\"ListItem\",\"position\":3,\"name\":\"ASH EVA BLACK\"}]},{\"@type\":\"WebSite\",\"@id\":\"https:\\\/\\\/www.venisecollection.com\\\/es#website\",\"url\":\"https:\\\/\\\/www.venisecollection.com\\\/es\",\"name\":\"VENISE COLLECTION\",\"description\":\"\",\"publisher\":{\"@id\":\"https:\\\/\\\/www.venisecollection.com\\\/es#organization\"},\"potentialAction\":[{\"@type\":\"SearchAction\",\"target\":{\"@type\":\"EntryPoint\",\"urlTemplate\":\"https:\\\/\\\/www.venisecollection.com\\\/es?s={search_term_string}\"},\"query-input\":{\"@type\":\"PropertyValueSpecification\",\"valueRequired\":true,\"valueName\":\"search_term_string\"}}],\"inLanguage\":\"es\"},{\"@type\":\"Organization\",\"@id\":\"https:\\\/\\\/www.venisecollection.com\\\/es#organization\",\"name\":\"VENISE COLLECTION\",\"url\":\"https:\\\/\\\/www.venisecollection.com\\\/es\",\"logo\":{\"@type\":\"ImageObject\",\"inLanguage\":\"es\",\"@id\":\"https:\\\/\\\/www.venisecollection.com\\\/es#\\\/schema\\\/logo\\\/image\\\/\",\"url\":\"https:\\\/\\\/www.venisecollection.com\\\/cdn\\\/seo.png\",\"contentUrl\":\"https:\\\/\\\/www.venisecollection.com\\\/cdn\\\/seo.png\",\"width\":1080,\"height\":1080,\"caption\":\"VENISE COLLECTION\"},\"image\":{\"@id\":\"https:\\\/\\\/www.venisecollection.com\\\/es#\\\/schema\\\/logo\\\/image\\\/\"},\"sameAs\":[\"https:\\\/\\\/www.instagram.com\\\/venisecollection\\\/\",\"https:\\\/\\\/fr.pinterest.com\\\/venisecollection\\\/\"]}]}<\/script>\n<!-- \/ Yoast SEO plugin. -->","yoast_head_json":{"title":"Sandalias de Cuero Negro con Tac\u00f3n Ancho - ASH EVA BLACK","robots":{"index":"index","follow":"follow","max-snippet":"max-snippet:-1","max-image-preview":"max-image-preview:large","max-video-preview":"max-video-preview:-1"},"canonical":"https:\/\/www.venisecollection.com\/es\/shop\/women\/sandalia\/ash-eva-black","og_locale":"es_ES","og_type":"article","og_title":"Sandalias de Cuero Negro con Tac\u00f3n Ancho - ASH EVA BLACK","og_description":"Eleva tu armario contempor\u00e1neo con las sofisticadas sandalias EVA BLACK de ASH. Estas sandalias chic y sin esfuerzo est\u00e1n confeccionadas en suave cuero napa negro, destacando por un empeine de m\u00faltiples bandas bellamente fruncido (ruched) que a\u00f1ade un toque de textura voluminosa y estilo moderno. Siguiendo las tendencias actuales, la sandalia presenta una pronunciada punta &hellip;","og_url":"https:\/\/www.venisecollection.com\/es\/shop\/women\/sandalia\/ash-eva-black","og_site_name":"VENISE COLLECTION","article_modified_time":"2026-04-07T15:27:15+00:00","og_image":[{"width":1280,"height":1588,"url":"https:\/\/www.venisecollection.com\/cdn\/image-198-1.webp","type":"image\/webp"}],"twitter_card":"summary_large_image","twitter_misc":{"Tiempo de lectura":"1 minuto"},"schema":{"@context":"https:\/\/schema.org","@graph":[{"@type":"WebPage","@id":"https:\/\/www.venisecollection.com\/es\/shop\/women\/sandalia\/ash-eva-black","url":"https:\/\/www.venisecollection.com\/es\/shop\/women\/sandalia\/ash-eva-black","name":"Sandalias de Cuero Negro con Tac\u00f3n Ancho - ASH EVA BLACK","isPartOf":{"@id":"https:\/\/www.venisecollection.com\/es#website"},"primaryImageOfPage":{"@id":"https:\/\/www.venisecollection.com\/es\/shop\/women\/sandalia\/ash-eva-black#primaryimage"},"image":{"@id":"https:\/\/www.venisecollection.com\/es\/shop\/women\/sandalia\/ash-eva-black#primaryimage"},"thumbnailUrl":"https:\/\/www.venisecollection.com\/cdn\/image-198-1.webp","datePublished":"2026-04-07T15:15:21+00:00","dateModified":"2026-04-07T15:27:15+00:00","breadcrumb":{"@id":"https:\/\/www.venisecollection.com\/es\/shop\/women\/sandalia\/ash-eva-black#breadcrumb"},"inLanguage":"es","potentialAction":[{"@type":"ReadAction","target":["https:\/\/www.venisecollection.com\/es\/shop\/women\/sandalia\/ash-eva-black"]}]},{"@type":"ImageObject","inLanguage":"es","@id":"https:\/\/www.venisecollection.com\/es\/shop\/women\/sandalia\/ash-eva-black#primaryimage","url":"https:\/\/www.venisecollection.com\/cdn\/image-198-1.webp","contentUrl":"https:\/\/www.venisecollection.com\/cdn\/image-198-1.webp","width":1280,"height":1588},{"@type":"BreadcrumbList","@id":"https:\/\/www.venisecollection.com\/es\/shop\/women\/sandalia\/ash-eva-black#breadcrumb","itemListElement":[{"@type":"ListItem","position":1,"name":"Home","item":"https:\/\/www.venisecollection.com\/es\/tienda"},{"@type":"ListItem","position":2,"name":"Inicio","item":"https:\/\/www.venisecollection.com\/es\/tienda"},{"@type":"ListItem","position":3,"name":"ASH EVA BLACK"}]},{"@type":"WebSite","@id":"https:\/\/www.venisecollection.com\/es#website","url":"https:\/\/www.venisecollection.com\/es","name":"VENISE COLLECTION","description":"","publisher":{"@id":"https:\/\/www.venisecollection.com\/es#organization"},"potentialAction":[{"@type":"SearchAction","target":{"@type":"EntryPoint","urlTemplate":"https:\/\/www.venisecollection.com\/es?s={search_term_string}"},"query-input":{"@type":"PropertyValueSpecification","valueRequired":true,"valueName":"search_term_string"}}],"inLanguage":"es"},{"@type":"Organization","@id":"https:\/\/www.venisecollection.com\/es#organization","name":"VENISE COLLECTION","url":"https:\/\/www.venisecollection.com\/es","logo":{"@type":"ImageObject","inLanguage":"es","@id":"https:\/\/www.venisecollection.com\/es#\/schema\/logo\/image\/","url":"https:\/\/www.venisecollection.com\/cdn\/seo.png","contentUrl":"https:\/\/www.venisecollection.com\/cdn\/seo.png","width":1080,"height":1080,"caption":"VENISE COLLECTION"},"image":{"@id":"https:\/\/www.venisecollection.com\/es#\/schema\/logo\/image\/"},"sameAs":["https:\/\/www.instagram.com\/venisecollection\/","https:\/\/fr.pinterest.com\/venisecollection\/"]}]}},"_links":{"self":[{"href":"https:\/\/www.venisecollection.com\/es\/wp-json\/wp\/v2\/product\/23675","targetHints":{"allow":["GET"]}}],"collection":[{"href":"https:\/\/www.venisecollection.com\/es\/wp-json\/wp\/v2\/product"}],"about":[{"href":"https:\/\/www.venisecollection.com\/es\/wp-json\/wp\/v2\/types\/product"}],"wp:featuredmedia":[{"embeddable":true,"href":"https:\/\/www.venisecollection.com\/es\/wp-json\/wp\/v2\/media\/23703"}],"wp:attachment":[{"href":"https:\/\/www.venisecollection.com\/es\/wp-json\/wp\/v2\/media?parent=23675"}],"wp:term":[{"taxonomy":"product_brand","embeddable":true,"href":"https:\/\/www.venisecollection.com\/es\/wp-json\/wp\/v2\/product_brand?post=23675"},{"taxonomy":"product_cat","embeddable":true,"href":"https:\/\/www.venisecollection.com\/es\/wp-json\/wp\/v2\/product_cat?post=23675"},{"taxonomy":"product_tag","embeddable":true,"href":"https:\/\/www.venisecollection.com\/es\/wp-json\/wp\/v2\/product_tag?post=23675"}],"curies":[{"name":"wp","href":"https:\/\/api.w.org\/{rel}","templated":true}]}}