{"id":23754,"date":"2026-04-08T15:26:44","date_gmt":"2026-04-08T15:26:44","guid":{"rendered":"https:\/\/www.venisecollection.com\/?post_type=product&#038;p=23754"},"modified":"2026-04-08T16:35:23","modified_gmt":"2026-04-08T16:35:23","slug":"a-k1573sp-vivien","status":"publish","type":"product","link":"https:\/\/www.venisecollection.com\/es\/shop\/women\/sandalia\/a-k1573sp-vivien","title":{"rendered":"A-K1573SP-VIVIEN"},"content":{"rendered":"<p data-path-to-node=\"23\">Convi\u00e9rtete en el centro de todas las miradas con las impresionantes <b data-path-to-node=\"23\" data-index-in-node=\"347\">sandalias VIVIEN<\/b> de <b data-path-to-node=\"23\" data-index-in-node=\"367\">VENISE COLLECTION<\/b>. Orgullosamente <b data-path-to-node=\"23\" data-index-in-node=\"401\">fabricados en Italia<\/b>, estos elegantes zapatos de vestir est\u00e1n confeccionados en cuero de primera calidad con un llamativo acabado metalizado plateado y un sutil brillo iridiscente. El dise\u00f1o destaca por una tira frontal \u00fanica y elegantemente festoneada (ondulada) que enmarca maravillosamente los dedos y a\u00f1ade un toque de encanto femenino.<\/p>\n<p data-path-to-node=\"24\">Dise\u00f1ada para bailar toda la noche, la sandalia VIVIEN se asienta sobre un tac\u00f3n ancho resistente y c\u00f3modo. La plantilla negra en contraste aporta un toque moderno al dise\u00f1o, mientras que la tira ajustable del tobillo con una delicada hebilla plateada asegura un ajuste seguro y personalizado. Estos zapatos radiantes son la elecci\u00f3n definitiva para bodas, galas o para realzar tu atuendo de noche.<\/p>\n<ul data-path-to-node=\"25\">\n<li>\n<p data-path-to-node=\"25,0,0\"><b data-path-to-node=\"25,0,0\" data-index-in-node=\"0\">Material Superior:<\/b> Cuero de primera calidad con acabado plateado metalizado<\/p>\n<\/li>\n<li>\n<p data-path-to-node=\"25,1,0\"><b data-path-to-node=\"25,1,0\" data-index-in-node=\"0\">Origen:<\/b> Hecho en Italia (Made in Italy)<\/p>\n<\/li>\n<li>\n<p data-path-to-node=\"25,2,0\"><b data-path-to-node=\"25,2,0\" data-index-in-node=\"0\">Detalles de Dise\u00f1o:<\/b> Tira frontal festoneada\/ondulada y plantilla negra en contraste<\/p>\n<\/li>\n<li>\n<p data-path-to-node=\"25,3,0\"><b data-path-to-node=\"25,3,0\" data-index-in-node=\"0\">Tac\u00f3n:<\/b> Tac\u00f3n ancho c\u00f3modo y estable<\/p>\n<\/li>\n<li>\n<p data-path-to-node=\"25,4,0\"><b data-path-to-node=\"25,4,0\" data-index-in-node=\"0\">Cierre:<\/b> Tira de tobillo ajustable con hebilla<\/p>\n<\/li>\n<\/ul>\n","protected":false},"excerpt":{"rendered":"<p>Convi\u00e9rtete en el centro de todas las miradas con las impresionantes sandalias VIVIEN de VENISE COLLECTION. Orgullosamente fabricados en Italia, estos elegantes zapatos de vestir est\u00e1n confeccionados en cuero de primera calidad con un llamativo acabado metalizado plateado y un sutil brillo iridiscente. El dise\u00f1o destaca por una tira frontal \u00fanica y elegantemente festoneada (ondulada) &hellip;<\/p>\n","protected":false},"featured_media":23785,"template":"","meta":[],"product_brand":[392],"product_cat":[332],"product_tag":[],"class_list":{"0":"post-23754","1":"product","2":"type-product","3":"status-publish","4":"has-post-thumbnail","6":"product_brand-ash","7":"product_cat-sandalia","9":"first","10":"instock","11":"shipping-taxable","12":"purchasable","13":"product-type-variable","14":"has-default-attributes"},"yoast_head":"<!-- This site is optimized with the Yoast SEO plugin v27.3 - https:\/\/yoast.com\/product\/yoast-seo-wordpress\/ -->\n<title>VIVIEN - Sandalias de Cuero Plateado Metalizado con Tac\u00f3n Ancho<\/title>\n<meta name=\"robots\" content=\"index, follow, max-snippet:-1, max-image-preview:large, max-video-preview:-1\" \/>\n<link rel=\"canonical\" href=\"https:\/\/www.venisecollection.com\/es\/shop\/women\/sandalia\/a-k1573sp-vivien\" \/>\n<meta property=\"og:locale\" content=\"es_ES\" \/>\n<meta property=\"og:type\" content=\"article\" \/>\n<meta property=\"og:title\" content=\"VIVIEN - Sandalias de Cuero Plateado Metalizado con Tac\u00f3n Ancho\" \/>\n<meta property=\"og:description\" content=\"Convi\u00e9rtete en el centro de todas las miradas con las impresionantes sandalias VIVIEN de VENISE COLLECTION. Orgullosamente fabricados en Italia, estos elegantes zapatos de vestir est\u00e1n confeccionados en cuero de primera calidad con un llamativo acabado metalizado plateado y un sutil brillo iridiscente. El dise\u00f1o destaca por una tira frontal \u00fanica y elegantemente festoneada (ondulada) &hellip;\" \/>\n<meta property=\"og:url\" content=\"https:\/\/www.venisecollection.com\/es\/shop\/women\/sandalia\/a-k1573sp-vivien\" \/>\n<meta property=\"og:site_name\" content=\"VENISE COLLECTION\" \/>\n<meta property=\"article:modified_time\" content=\"2026-04-08T16:35:23+00:00\" \/>\n<meta property=\"og:image\" content=\"https:\/\/www.venisecollection.com\/cdn\/image-203-1.webp\" \/>\n\t<meta property=\"og:image:width\" content=\"1280\" \/>\n\t<meta property=\"og:image:height\" content=\"1588\" \/>\n\t<meta property=\"og:image:type\" content=\"image\/webp\" \/>\n<meta name=\"twitter:card\" content=\"summary_large_image\" \/>\n<meta name=\"twitter:label1\" content=\"Tiempo de lectura\" \/>\n\t<meta name=\"twitter:data1\" content=\"1 minuto\" \/>\n<script type=\"application\/ld+json\" class=\"yoast-schema-graph\">{\"@context\":\"https:\\\/\\\/schema.org\",\"@graph\":[{\"@type\":\"WebPage\",\"@id\":\"https:\\\/\\\/www.venisecollection.com\\\/es\\\/shop\\\/women\\\/sandalia\\\/a-k1573sp-vivien\",\"url\":\"https:\\\/\\\/www.venisecollection.com\\\/es\\\/shop\\\/women\\\/sandalia\\\/a-k1573sp-vivien\",\"name\":\"VIVIEN - Sandalias de Cuero Plateado Metalizado con Tac\u00f3n Ancho\",\"isPartOf\":{\"@id\":\"https:\\\/\\\/www.venisecollection.com\\\/es#website\"},\"primaryImageOfPage\":{\"@id\":\"https:\\\/\\\/www.venisecollection.com\\\/es\\\/shop\\\/women\\\/sandalia\\\/a-k1573sp-vivien#primaryimage\"},\"image\":{\"@id\":\"https:\\\/\\\/www.venisecollection.com\\\/es\\\/shop\\\/women\\\/sandalia\\\/a-k1573sp-vivien#primaryimage\"},\"thumbnailUrl\":\"https:\\\/\\\/www.venisecollection.com\\\/cdn\\\/image-203-1.webp\",\"datePublished\":\"2026-04-08T15:26:44+00:00\",\"dateModified\":\"2026-04-08T16:35:23+00:00\",\"breadcrumb\":{\"@id\":\"https:\\\/\\\/www.venisecollection.com\\\/es\\\/shop\\\/women\\\/sandalia\\\/a-k1573sp-vivien#breadcrumb\"},\"inLanguage\":\"es\",\"potentialAction\":[{\"@type\":\"ReadAction\",\"target\":[\"https:\\\/\\\/www.venisecollection.com\\\/es\\\/shop\\\/women\\\/sandalia\\\/a-k1573sp-vivien\"]}]},{\"@type\":\"ImageObject\",\"inLanguage\":\"es\",\"@id\":\"https:\\\/\\\/www.venisecollection.com\\\/es\\\/shop\\\/women\\\/sandalia\\\/a-k1573sp-vivien#primaryimage\",\"url\":\"https:\\\/\\\/www.venisecollection.com\\\/cdn\\\/image-203-1.webp\",\"contentUrl\":\"https:\\\/\\\/www.venisecollection.com\\\/cdn\\\/image-203-1.webp\",\"width\":1280,\"height\":1588},{\"@type\":\"BreadcrumbList\",\"@id\":\"https:\\\/\\\/www.venisecollection.com\\\/es\\\/shop\\\/women\\\/sandalia\\\/a-k1573sp-vivien#breadcrumb\",\"itemListElement\":[{\"@type\":\"ListItem\",\"position\":1,\"name\":\"Home\",\"item\":\"https:\\\/\\\/www.venisecollection.com\\\/es\\\/tienda\"},{\"@type\":\"ListItem\",\"position\":2,\"name\":\"Inicio\",\"item\":\"https:\\\/\\\/www.venisecollection.com\\\/es\\\/tienda\"},{\"@type\":\"ListItem\",\"position\":3,\"name\":\"A-K1573SP-VIVIEN\"}]},{\"@type\":\"WebSite\",\"@id\":\"https:\\\/\\\/www.venisecollection.com\\\/es#website\",\"url\":\"https:\\\/\\\/www.venisecollection.com\\\/es\",\"name\":\"VENISE COLLECTION\",\"description\":\"\",\"publisher\":{\"@id\":\"https:\\\/\\\/www.venisecollection.com\\\/es#organization\"},\"potentialAction\":[{\"@type\":\"SearchAction\",\"target\":{\"@type\":\"EntryPoint\",\"urlTemplate\":\"https:\\\/\\\/www.venisecollection.com\\\/es?s={search_term_string}\"},\"query-input\":{\"@type\":\"PropertyValueSpecification\",\"valueRequired\":true,\"valueName\":\"search_term_string\"}}],\"inLanguage\":\"es\"},{\"@type\":\"Organization\",\"@id\":\"https:\\\/\\\/www.venisecollection.com\\\/es#organization\",\"name\":\"VENISE COLLECTION\",\"url\":\"https:\\\/\\\/www.venisecollection.com\\\/es\",\"logo\":{\"@type\":\"ImageObject\",\"inLanguage\":\"es\",\"@id\":\"https:\\\/\\\/www.venisecollection.com\\\/es#\\\/schema\\\/logo\\\/image\\\/\",\"url\":\"https:\\\/\\\/www.venisecollection.com\\\/cdn\\\/seo.png\",\"contentUrl\":\"https:\\\/\\\/www.venisecollection.com\\\/cdn\\\/seo.png\",\"width\":1080,\"height\":1080,\"caption\":\"VENISE COLLECTION\"},\"image\":{\"@id\":\"https:\\\/\\\/www.venisecollection.com\\\/es#\\\/schema\\\/logo\\\/image\\\/\"},\"sameAs\":[\"https:\\\/\\\/www.instagram.com\\\/venisecollection\\\/\",\"https:\\\/\\\/fr.pinterest.com\\\/venisecollection\\\/\"]}]}<\/script>\n<!-- \/ Yoast SEO plugin. -->","yoast_head_json":{"title":"VIVIEN - Sandalias de Cuero Plateado Metalizado con Tac\u00f3n Ancho","robots":{"index":"index","follow":"follow","max-snippet":"max-snippet:-1","max-image-preview":"max-image-preview:large","max-video-preview":"max-video-preview:-1"},"canonical":"https:\/\/www.venisecollection.com\/es\/shop\/women\/sandalia\/a-k1573sp-vivien","og_locale":"es_ES","og_type":"article","og_title":"VIVIEN - Sandalias de Cuero Plateado Metalizado con Tac\u00f3n Ancho","og_description":"Convi\u00e9rtete en el centro de todas las miradas con las impresionantes sandalias VIVIEN de VENISE COLLECTION. Orgullosamente fabricados en Italia, estos elegantes zapatos de vestir est\u00e1n confeccionados en cuero de primera calidad con un llamativo acabado metalizado plateado y un sutil brillo iridiscente. El dise\u00f1o destaca por una tira frontal \u00fanica y elegantemente festoneada (ondulada) &hellip;","og_url":"https:\/\/www.venisecollection.com\/es\/shop\/women\/sandalia\/a-k1573sp-vivien","og_site_name":"VENISE COLLECTION","article_modified_time":"2026-04-08T16:35:23+00:00","og_image":[{"width":1280,"height":1588,"url":"https:\/\/www.venisecollection.com\/cdn\/image-203-1.webp","type":"image\/webp"}],"twitter_card":"summary_large_image","twitter_misc":{"Tiempo de lectura":"1 minuto"},"schema":{"@context":"https:\/\/schema.org","@graph":[{"@type":"WebPage","@id":"https:\/\/www.venisecollection.com\/es\/shop\/women\/sandalia\/a-k1573sp-vivien","url":"https:\/\/www.venisecollection.com\/es\/shop\/women\/sandalia\/a-k1573sp-vivien","name":"VIVIEN - Sandalias de Cuero Plateado Metalizado con Tac\u00f3n Ancho","isPartOf":{"@id":"https:\/\/www.venisecollection.com\/es#website"},"primaryImageOfPage":{"@id":"https:\/\/www.venisecollection.com\/es\/shop\/women\/sandalia\/a-k1573sp-vivien#primaryimage"},"image":{"@id":"https:\/\/www.venisecollection.com\/es\/shop\/women\/sandalia\/a-k1573sp-vivien#primaryimage"},"thumbnailUrl":"https:\/\/www.venisecollection.com\/cdn\/image-203-1.webp","datePublished":"2026-04-08T15:26:44+00:00","dateModified":"2026-04-08T16:35:23+00:00","breadcrumb":{"@id":"https:\/\/www.venisecollection.com\/es\/shop\/women\/sandalia\/a-k1573sp-vivien#breadcrumb"},"inLanguage":"es","potentialAction":[{"@type":"ReadAction","target":["https:\/\/www.venisecollection.com\/es\/shop\/women\/sandalia\/a-k1573sp-vivien"]}]},{"@type":"ImageObject","inLanguage":"es","@id":"https:\/\/www.venisecollection.com\/es\/shop\/women\/sandalia\/a-k1573sp-vivien#primaryimage","url":"https:\/\/www.venisecollection.com\/cdn\/image-203-1.webp","contentUrl":"https:\/\/www.venisecollection.com\/cdn\/image-203-1.webp","width":1280,"height":1588},{"@type":"BreadcrumbList","@id":"https:\/\/www.venisecollection.com\/es\/shop\/women\/sandalia\/a-k1573sp-vivien#breadcrumb","itemListElement":[{"@type":"ListItem","position":1,"name":"Home","item":"https:\/\/www.venisecollection.com\/es\/tienda"},{"@type":"ListItem","position":2,"name":"Inicio","item":"https:\/\/www.venisecollection.com\/es\/tienda"},{"@type":"ListItem","position":3,"name":"A-K1573SP-VIVIEN"}]},{"@type":"WebSite","@id":"https:\/\/www.venisecollection.com\/es#website","url":"https:\/\/www.venisecollection.com\/es","name":"VENISE COLLECTION","description":"","publisher":{"@id":"https:\/\/www.venisecollection.com\/es#organization"},"potentialAction":[{"@type":"SearchAction","target":{"@type":"EntryPoint","urlTemplate":"https:\/\/www.venisecollection.com\/es?s={search_term_string}"},"query-input":{"@type":"PropertyValueSpecification","valueRequired":true,"valueName":"search_term_string"}}],"inLanguage":"es"},{"@type":"Organization","@id":"https:\/\/www.venisecollection.com\/es#organization","name":"VENISE COLLECTION","url":"https:\/\/www.venisecollection.com\/es","logo":{"@type":"ImageObject","inLanguage":"es","@id":"https:\/\/www.venisecollection.com\/es#\/schema\/logo\/image\/","url":"https:\/\/www.venisecollection.com\/cdn\/seo.png","contentUrl":"https:\/\/www.venisecollection.com\/cdn\/seo.png","width":1080,"height":1080,"caption":"VENISE COLLECTION"},"image":{"@id":"https:\/\/www.venisecollection.com\/es#\/schema\/logo\/image\/"},"sameAs":["https:\/\/www.instagram.com\/venisecollection\/","https:\/\/fr.pinterest.com\/venisecollection\/"]}]}},"_links":{"self":[{"href":"https:\/\/www.venisecollection.com\/es\/wp-json\/wp\/v2\/product\/23754","targetHints":{"allow":["GET"]}}],"collection":[{"href":"https:\/\/www.venisecollection.com\/es\/wp-json\/wp\/v2\/product"}],"about":[{"href":"https:\/\/www.venisecollection.com\/es\/wp-json\/wp\/v2\/types\/product"}],"wp:featuredmedia":[{"embeddable":true,"href":"https:\/\/www.venisecollection.com\/es\/wp-json\/wp\/v2\/media\/23785"}],"wp:attachment":[{"href":"https:\/\/www.venisecollection.com\/es\/wp-json\/wp\/v2\/media?parent=23754"}],"wp:term":[{"taxonomy":"product_brand","embeddable":true,"href":"https:\/\/www.venisecollection.com\/es\/wp-json\/wp\/v2\/product_brand?post=23754"},{"taxonomy":"product_cat","embeddable":true,"href":"https:\/\/www.venisecollection.com\/es\/wp-json\/wp\/v2\/product_cat?post=23754"},{"taxonomy":"product_tag","embeddable":true,"href":"https:\/\/www.venisecollection.com\/es\/wp-json\/wp\/v2\/product_tag?post=23754"}],"curies":[{"name":"wp","href":"https:\/\/api.w.org\/{rel}","templated":true}]}}