{"id":24087,"date":"2026-04-14T15:53:55","date_gmt":"2026-04-14T15:53:55","guid":{"rendered":"https:\/\/www.venisecollection.com\/?post_type=product&#038;p=24087"},"modified":"2026-04-14T16:01:12","modified_gmt":"2026-04-14T16:01:12","slug":"054-camoscio-bordo","status":"publish","type":"product","link":"https:\/\/www.venisecollection.com\/es\/shop\/women\/sandalia\/054-camoscio-bordo","title":{"rendered":"054 CAMOSCIO BORDO"},"content":{"rendered":"<p data-path-to-node=\"23\">Ad\u00e9ntrate en la elegancia art\u00edstica y sin esfuerzo con las <b data-path-to-node=\"23\" data-index-in-node=\"337\">Sandalias Mule Boho Tejidas<\/b> de <b data-path-to-node=\"23\" data-index-in-node=\"368\">VENISE COLLECTION<\/b>. Orgullosamente <b data-path-to-node=\"23\" data-index-in-node=\"402\">fabricados en Italia<\/b>, estos zapatos sin cordones equilibran a la perfecci\u00f3n un dise\u00f1o de inspiraci\u00f3n vintage con la comodidad diaria. La llamativa parte superior presenta una rica tela tejida y texturizada con un patr\u00f3n geom\u00e9trico que combina maravillosamente tonos de rojo oscuro\/burdeos, azul brillante y crema.<\/p>\n<p data-path-to-node=\"24\">Dise\u00f1ada para ofrecer una comodidad superior, la plantilla est\u00e1 confeccionada en suave ante color burdeos, proporcionando una base suave y transpirable para tus pies. Esta silueta bohemia se asienta sobre un robusto tac\u00f3n ancho bajo de estilo madera clara, inspirado en los zuecos cl\u00e1sicos, que ofrece una excelente estabilidad y un encanto r\u00fastico. Estos mules f\u00e1ciles de calzar son la pieza estrella perfecta para combinar con pantalones de lino claro o tus vestidos de verano favoritos.<\/p>\n<ul data-path-to-node=\"25\">\n<li>\n<p data-path-to-node=\"25,0,0\"><b data-path-to-node=\"25,0,0\" data-index-in-node=\"0\">Origen:<\/b> Hecho en Italia (Made in Italy)<\/p>\n<\/li>\n<li>\n<p data-path-to-node=\"25,1,0\"><b data-path-to-node=\"25,1,0\" data-index-in-node=\"0\">Estilo:<\/b> Mule sin cierres estilo Boho \/ Estilo Zueco<\/p>\n<\/li>\n<li>\n<p data-path-to-node=\"25,2,0\"><b data-path-to-node=\"25,2,0\" data-index-in-node=\"0\">Material Superior:<\/b> Tela tejida texturizada con patr\u00f3n geom\u00e9trico (Burdeos\/Azul\/Crema)<\/p>\n<\/li>\n<li>\n<p data-path-to-node=\"25,3,0\"><b data-path-to-node=\"25,3,0\" data-index-in-node=\"0\">Plantilla:<\/b> Ante genuino color burdeos<\/p>\n<\/li>\n<li>\n<p data-path-to-node=\"25,4,0\"><b data-path-to-node=\"25,4,0\" data-index-in-node=\"0\">Suela\/Tac\u00f3n:<\/b> Tac\u00f3n ancho bajo de estilo madera clara<\/p>\n<\/li>\n<\/ul>\n","protected":false},"excerpt":{"rendered":"<p>Ad\u00e9ntrate en la elegancia art\u00edstica y sin esfuerzo con las Sandalias Mule Boho Tejidas de VENISE COLLECTION. Orgullosamente fabricados en Italia, estos zapatos sin cordones equilibran a la perfecci\u00f3n un dise\u00f1o de inspiraci\u00f3n vintage con la comodidad diaria. La llamativa parte superior presenta una rica tela tejida y texturizada con un patr\u00f3n geom\u00e9trico que combina &hellip;<\/p>\n","protected":false},"featured_media":24110,"template":"","meta":[],"product_brand":[358],"product_cat":[332],"product_tag":[],"class_list":{"0":"post-24087","1":"product","2":"type-product","3":"status-publish","4":"has-post-thumbnail","6":"product_brand-venise-collection","7":"product_cat-sandalia","9":"first","10":"instock","11":"shipping-taxable","12":"purchasable","13":"product-type-variable","14":"has-default-attributes"},"yoast_head":"<!-- This site is optimized with the Yoast SEO plugin v27.4 - https:\/\/yoast.com\/product\/yoast-seo-wordpress\/ -->\n<title>Sandalias Mule Boho Tejidas Rojo y Azul Hecho en Italia<\/title>\n<meta name=\"robots\" content=\"index, follow, max-snippet:-1, max-image-preview:large, max-video-preview:-1\" \/>\n<link rel=\"canonical\" href=\"https:\/\/www.venisecollection.com\/es\/shop\/women\/sandalia\/054-camoscio-bordo\" \/>\n<meta property=\"og:locale\" content=\"es_ES\" \/>\n<meta property=\"og:type\" content=\"article\" \/>\n<meta property=\"og:title\" content=\"Sandalias Mule Boho Tejidas Rojo y Azul Hecho en Italia\" \/>\n<meta property=\"og:description\" content=\"Ad\u00e9ntrate en la elegancia art\u00edstica y sin esfuerzo con las Sandalias Mule Boho Tejidas de VENISE COLLECTION. Orgullosamente fabricados en Italia, estos zapatos sin cordones equilibran a la perfecci\u00f3n un dise\u00f1o de inspiraci\u00f3n vintage con la comodidad diaria. La llamativa parte superior presenta una rica tela tejida y texturizada con un patr\u00f3n geom\u00e9trico que combina &hellip;\" \/>\n<meta property=\"og:url\" content=\"https:\/\/www.venisecollection.com\/es\/shop\/women\/sandalia\/054-camoscio-bordo\" \/>\n<meta property=\"og:site_name\" content=\"VENISE COLLECTION\" \/>\n<meta property=\"article:modified_time\" content=\"2026-04-14T16:01:12+00:00\" \/>\n<meta property=\"og:image\" content=\"https:\/\/www.venisecollection.com\/cdn\/image-219.webp\" \/>\n\t<meta property=\"og:image:width\" content=\"1280\" \/>\n\t<meta property=\"og:image:height\" content=\"1588\" \/>\n\t<meta property=\"og:image:type\" content=\"image\/webp\" \/>\n<meta name=\"twitter:card\" content=\"summary_large_image\" \/>\n<meta name=\"twitter:label1\" content=\"Tiempo de lectura\" \/>\n\t<meta name=\"twitter:data1\" content=\"1 minuto\" \/>\n<script type=\"application\/ld+json\" class=\"yoast-schema-graph\">{\"@context\":\"https:\\\/\\\/schema.org\",\"@graph\":[{\"@type\":\"WebPage\",\"@id\":\"https:\\\/\\\/www.venisecollection.com\\\/es\\\/shop\\\/women\\\/sandalia\\\/054-camoscio-bordo\",\"url\":\"https:\\\/\\\/www.venisecollection.com\\\/es\\\/shop\\\/women\\\/sandalia\\\/054-camoscio-bordo\",\"name\":\"Sandalias Mule Boho Tejidas Rojo y Azul Hecho en Italia\",\"isPartOf\":{\"@id\":\"https:\\\/\\\/www.venisecollection.com\\\/es#website\"},\"primaryImageOfPage\":{\"@id\":\"https:\\\/\\\/www.venisecollection.com\\\/es\\\/shop\\\/women\\\/sandalia\\\/054-camoscio-bordo#primaryimage\"},\"image\":{\"@id\":\"https:\\\/\\\/www.venisecollection.com\\\/es\\\/shop\\\/women\\\/sandalia\\\/054-camoscio-bordo#primaryimage\"},\"thumbnailUrl\":\"https:\\\/\\\/www.venisecollection.com\\\/cdn\\\/image-219.webp\",\"datePublished\":\"2026-04-14T15:53:55+00:00\",\"dateModified\":\"2026-04-14T16:01:12+00:00\",\"breadcrumb\":{\"@id\":\"https:\\\/\\\/www.venisecollection.com\\\/es\\\/shop\\\/women\\\/sandalia\\\/054-camoscio-bordo#breadcrumb\"},\"inLanguage\":\"es\",\"potentialAction\":[{\"@type\":\"ReadAction\",\"target\":[\"https:\\\/\\\/www.venisecollection.com\\\/es\\\/shop\\\/women\\\/sandalia\\\/054-camoscio-bordo\"]}]},{\"@type\":\"ImageObject\",\"inLanguage\":\"es\",\"@id\":\"https:\\\/\\\/www.venisecollection.com\\\/es\\\/shop\\\/women\\\/sandalia\\\/054-camoscio-bordo#primaryimage\",\"url\":\"https:\\\/\\\/www.venisecollection.com\\\/cdn\\\/image-219.webp\",\"contentUrl\":\"https:\\\/\\\/www.venisecollection.com\\\/cdn\\\/image-219.webp\",\"width\":1280,\"height\":1588},{\"@type\":\"BreadcrumbList\",\"@id\":\"https:\\\/\\\/www.venisecollection.com\\\/es\\\/shop\\\/women\\\/sandalia\\\/054-camoscio-bordo#breadcrumb\",\"itemListElement\":[{\"@type\":\"ListItem\",\"position\":1,\"name\":\"Home\",\"item\":\"https:\\\/\\\/www.venisecollection.com\\\/es\\\/tienda\"},{\"@type\":\"ListItem\",\"position\":2,\"name\":\"Inicio\",\"item\":\"https:\\\/\\\/www.venisecollection.com\\\/es\\\/tienda\"},{\"@type\":\"ListItem\",\"position\":3,\"name\":\"054 CAMOSCIO BORDO\"}]},{\"@type\":\"WebSite\",\"@id\":\"https:\\\/\\\/www.venisecollection.com\\\/es#website\",\"url\":\"https:\\\/\\\/www.venisecollection.com\\\/es\",\"name\":\"VENISE COLLECTION\",\"description\":\"\",\"publisher\":{\"@id\":\"https:\\\/\\\/www.venisecollection.com\\\/es#organization\"},\"potentialAction\":[{\"@type\":\"SearchAction\",\"target\":{\"@type\":\"EntryPoint\",\"urlTemplate\":\"https:\\\/\\\/www.venisecollection.com\\\/es?s={search_term_string}\"},\"query-input\":{\"@type\":\"PropertyValueSpecification\",\"valueRequired\":true,\"valueName\":\"search_term_string\"}}],\"inLanguage\":\"es\"},{\"@type\":\"Organization\",\"@id\":\"https:\\\/\\\/www.venisecollection.com\\\/es#organization\",\"name\":\"VENISE COLLECTION\",\"url\":\"https:\\\/\\\/www.venisecollection.com\\\/es\",\"logo\":{\"@type\":\"ImageObject\",\"inLanguage\":\"es\",\"@id\":\"https:\\\/\\\/www.venisecollection.com\\\/es#\\\/schema\\\/logo\\\/image\\\/\",\"url\":\"https:\\\/\\\/www.venisecollection.com\\\/cdn\\\/seo.png\",\"contentUrl\":\"https:\\\/\\\/www.venisecollection.com\\\/cdn\\\/seo.png\",\"width\":1080,\"height\":1080,\"caption\":\"VENISE COLLECTION\"},\"image\":{\"@id\":\"https:\\\/\\\/www.venisecollection.com\\\/es#\\\/schema\\\/logo\\\/image\\\/\"},\"sameAs\":[\"https:\\\/\\\/www.instagram.com\\\/venisecollection\\\/\",\"https:\\\/\\\/fr.pinterest.com\\\/venisecollection\\\/\"]}]}<\/script>\n<!-- \/ Yoast SEO plugin. -->","yoast_head_json":{"title":"Sandalias Mule Boho Tejidas Rojo y Azul Hecho en Italia","robots":{"index":"index","follow":"follow","max-snippet":"max-snippet:-1","max-image-preview":"max-image-preview:large","max-video-preview":"max-video-preview:-1"},"canonical":"https:\/\/www.venisecollection.com\/es\/shop\/women\/sandalia\/054-camoscio-bordo","og_locale":"es_ES","og_type":"article","og_title":"Sandalias Mule Boho Tejidas Rojo y Azul Hecho en Italia","og_description":"Ad\u00e9ntrate en la elegancia art\u00edstica y sin esfuerzo con las Sandalias Mule Boho Tejidas de VENISE COLLECTION. Orgullosamente fabricados en Italia, estos zapatos sin cordones equilibran a la perfecci\u00f3n un dise\u00f1o de inspiraci\u00f3n vintage con la comodidad diaria. La llamativa parte superior presenta una rica tela tejida y texturizada con un patr\u00f3n geom\u00e9trico que combina &hellip;","og_url":"https:\/\/www.venisecollection.com\/es\/shop\/women\/sandalia\/054-camoscio-bordo","og_site_name":"VENISE COLLECTION","article_modified_time":"2026-04-14T16:01:12+00:00","og_image":[{"width":1280,"height":1588,"url":"https:\/\/www.venisecollection.com\/cdn\/image-219.webp","type":"image\/webp"}],"twitter_card":"summary_large_image","twitter_misc":{"Tiempo de lectura":"1 minuto"},"schema":{"@context":"https:\/\/schema.org","@graph":[{"@type":"WebPage","@id":"https:\/\/www.venisecollection.com\/es\/shop\/women\/sandalia\/054-camoscio-bordo","url":"https:\/\/www.venisecollection.com\/es\/shop\/women\/sandalia\/054-camoscio-bordo","name":"Sandalias Mule Boho Tejidas Rojo y Azul Hecho en Italia","isPartOf":{"@id":"https:\/\/www.venisecollection.com\/es#website"},"primaryImageOfPage":{"@id":"https:\/\/www.venisecollection.com\/es\/shop\/women\/sandalia\/054-camoscio-bordo#primaryimage"},"image":{"@id":"https:\/\/www.venisecollection.com\/es\/shop\/women\/sandalia\/054-camoscio-bordo#primaryimage"},"thumbnailUrl":"https:\/\/www.venisecollection.com\/cdn\/image-219.webp","datePublished":"2026-04-14T15:53:55+00:00","dateModified":"2026-04-14T16:01:12+00:00","breadcrumb":{"@id":"https:\/\/www.venisecollection.com\/es\/shop\/women\/sandalia\/054-camoscio-bordo#breadcrumb"},"inLanguage":"es","potentialAction":[{"@type":"ReadAction","target":["https:\/\/www.venisecollection.com\/es\/shop\/women\/sandalia\/054-camoscio-bordo"]}]},{"@type":"ImageObject","inLanguage":"es","@id":"https:\/\/www.venisecollection.com\/es\/shop\/women\/sandalia\/054-camoscio-bordo#primaryimage","url":"https:\/\/www.venisecollection.com\/cdn\/image-219.webp","contentUrl":"https:\/\/www.venisecollection.com\/cdn\/image-219.webp","width":1280,"height":1588},{"@type":"BreadcrumbList","@id":"https:\/\/www.venisecollection.com\/es\/shop\/women\/sandalia\/054-camoscio-bordo#breadcrumb","itemListElement":[{"@type":"ListItem","position":1,"name":"Home","item":"https:\/\/www.venisecollection.com\/es\/tienda"},{"@type":"ListItem","position":2,"name":"Inicio","item":"https:\/\/www.venisecollection.com\/es\/tienda"},{"@type":"ListItem","position":3,"name":"054 CAMOSCIO BORDO"}]},{"@type":"WebSite","@id":"https:\/\/www.venisecollection.com\/es#website","url":"https:\/\/www.venisecollection.com\/es","name":"VENISE COLLECTION","description":"","publisher":{"@id":"https:\/\/www.venisecollection.com\/es#organization"},"potentialAction":[{"@type":"SearchAction","target":{"@type":"EntryPoint","urlTemplate":"https:\/\/www.venisecollection.com\/es?s={search_term_string}"},"query-input":{"@type":"PropertyValueSpecification","valueRequired":true,"valueName":"search_term_string"}}],"inLanguage":"es"},{"@type":"Organization","@id":"https:\/\/www.venisecollection.com\/es#organization","name":"VENISE COLLECTION","url":"https:\/\/www.venisecollection.com\/es","logo":{"@type":"ImageObject","inLanguage":"es","@id":"https:\/\/www.venisecollection.com\/es#\/schema\/logo\/image\/","url":"https:\/\/www.venisecollection.com\/cdn\/seo.png","contentUrl":"https:\/\/www.venisecollection.com\/cdn\/seo.png","width":1080,"height":1080,"caption":"VENISE COLLECTION"},"image":{"@id":"https:\/\/www.venisecollection.com\/es#\/schema\/logo\/image\/"},"sameAs":["https:\/\/www.instagram.com\/venisecollection\/","https:\/\/fr.pinterest.com\/venisecollection\/"]}]}},"_links":{"self":[{"href":"https:\/\/www.venisecollection.com\/es\/wp-json\/wp\/v2\/product\/24087","targetHints":{"allow":["GET"]}}],"collection":[{"href":"https:\/\/www.venisecollection.com\/es\/wp-json\/wp\/v2\/product"}],"about":[{"href":"https:\/\/www.venisecollection.com\/es\/wp-json\/wp\/v2\/types\/product"}],"wp:featuredmedia":[{"embeddable":true,"href":"https:\/\/www.venisecollection.com\/es\/wp-json\/wp\/v2\/media\/24110"}],"wp:attachment":[{"href":"https:\/\/www.venisecollection.com\/es\/wp-json\/wp\/v2\/media?parent=24087"}],"wp:term":[{"taxonomy":"product_brand","embeddable":true,"href":"https:\/\/www.venisecollection.com\/es\/wp-json\/wp\/v2\/product_brand?post=24087"},{"taxonomy":"product_cat","embeddable":true,"href":"https:\/\/www.venisecollection.com\/es\/wp-json\/wp\/v2\/product_cat?post=24087"},{"taxonomy":"product_tag","embeddable":true,"href":"https:\/\/www.venisecollection.com\/es\/wp-json\/wp\/v2\/product_tag?post=24087"}],"curies":[{"name":"wp","href":"https:\/\/api.w.org\/{rel}","templated":true}]}}