{"id":24740,"date":"2026-04-20T01:01:54","date_gmt":"2026-04-20T01:01:54","guid":{"rendered":"https:\/\/www.venisecollection.com\/?post_type=product&#038;p=24740"},"modified":"2026-04-20T01:12:20","modified_gmt":"2026-04-20T01:12:20","slug":"toledo-luxor-silver","status":"publish","type":"product","link":"https:\/\/www.venisecollection.com\/es\/shop\/women\/sandalia\/toledo-luxor-silver","title":{"rendered":"TOLEDO LUXOR SILVER"},"content":{"rendered":"<p data-path-to-node=\"24\">Deslumbre con la sofisticaci\u00f3n de las sandalias <b data-path-to-node=\"24\" data-index-in-node=\"61\">TOLEDO LUXOR SILVER<\/b> de <b data-path-to-node=\"24\" data-index-in-node=\"84\">Roberto Festa Milano<\/b>. Estas joyas del calzado destacan por su calidad excepcional, estando fabricadas \u00edntegramente en <b data-path-to-node=\"24\" data-index-in-node=\"202\">piel de ternera al 100%<\/b> (exterior, forro y suela). Esta construcci\u00f3n premium asegura una suavidad superior y una adaptaci\u00f3n perfecta al pie. Con su impresionante broche de cristales y tac\u00f3n de aguja, son la elecci\u00f3n definitiva para quienes buscan el m\u00e1ximo lujo artesanal italiano.<\/p>\n<ul data-path-to-node=\"25\">\n<li>\n<p data-path-to-node=\"25,0,0\"><b data-path-to-node=\"25,0,0\" data-index-in-node=\"0\">Marca:<\/b> Roberto Festa Milano (Hecho en Italia)<\/p>\n<\/li>\n<li>\n<p data-path-to-node=\"25,1,0\"><b data-path-to-node=\"25,1,0\" data-index-in-node=\"0\">Composici\u00f3n:<\/b> Exterior, forro y suela 100% cuero de ternera (veau)<\/p>\n<\/li>\n<li>\n<p data-path-to-node=\"25,2,0\"><b data-path-to-node=\"25,2,0\" data-index-in-node=\"0\">Tac\u00f3n:<\/b> Tac\u00f3n de aguja (Stiletto)<\/p>\n<\/li>\n<li>\n<p data-path-to-node=\"25,3,0\"><b data-path-to-node=\"25,3,0\" data-index-in-node=\"0\">Detalles:<\/b> Adorno de joya con cristales brillantes<\/p>\n<\/li>\n<li>\n<p data-path-to-node=\"25,4,0\"><b data-path-to-node=\"25,4,0\" data-index-in-node=\"0\">Versatilidad:<\/b> Ideales para novias y eventos de etiqueta.<\/p>\n<\/li>\n<\/ul>\n","protected":false},"excerpt":{"rendered":"<p>Deslumbre con la sofisticaci\u00f3n de las sandalias TOLEDO LUXOR SILVER de Roberto Festa Milano. Estas joyas del calzado destacan por su calidad excepcional, estando fabricadas \u00edntegramente en piel de ternera al 100% (exterior, forro y suela). Esta construcci\u00f3n premium asegura una suavidad superior y una adaptaci\u00f3n perfecta al pie. Con su impresionante broche de cristales &hellip;<\/p>\n","protected":false},"featured_media":24767,"template":"","meta":[],"product_brand":[361],"product_cat":[332],"product_tag":[],"class_list":{"0":"post-24740","1":"product","2":"type-product","3":"status-publish","4":"has-post-thumbnail","6":"product_brand-roberto-festa","7":"product_cat-sandalia","9":"first","10":"instock","11":"shipping-taxable","12":"purchasable","13":"product-type-variable","14":"has-default-attributes"},"yoast_head":"<!-- This site is optimized with the Yoast SEO plugin v27.4 - https:\/\/yoast.com\/product\/yoast-seo-wordpress\/ -->\n<title>TOLEDO LUXOR SILVER - Sandalias de Lujo en 100% Piel de Ternera<\/title>\n<meta name=\"robots\" content=\"index, follow, max-snippet:-1, max-image-preview:large, max-video-preview:-1\" \/>\n<link rel=\"canonical\" href=\"https:\/\/www.venisecollection.com\/es\/shop\/women\/sandalia\/toledo-luxor-silver\" \/>\n<meta property=\"og:locale\" content=\"es_ES\" \/>\n<meta property=\"og:type\" content=\"article\" \/>\n<meta property=\"og:title\" content=\"TOLEDO LUXOR SILVER - Sandalias de Lujo en 100% Piel de Ternera\" \/>\n<meta property=\"og:description\" content=\"Deslumbre con la sofisticaci\u00f3n de las sandalias TOLEDO LUXOR SILVER de Roberto Festa Milano. Estas joyas del calzado destacan por su calidad excepcional, estando fabricadas \u00edntegramente en piel de ternera al 100% (exterior, forro y suela). Esta construcci\u00f3n premium asegura una suavidad superior y una adaptaci\u00f3n perfecta al pie. Con su impresionante broche de cristales &hellip;\" \/>\n<meta property=\"og:url\" content=\"https:\/\/www.venisecollection.com\/es\/shop\/women\/sandalia\/toledo-luxor-silver\" \/>\n<meta property=\"og:site_name\" content=\"VENISE COLLECTION\" \/>\n<meta property=\"article:modified_time\" content=\"2026-04-20T01:12:20+00:00\" \/>\n<meta property=\"og:image\" content=\"https:\/\/www.venisecollection.com\/cdn\/image.psd-146.webp\" \/>\n\t<meta property=\"og:image:width\" content=\"1280\" \/>\n\t<meta property=\"og:image:height\" content=\"1588\" \/>\n\t<meta property=\"og:image:type\" content=\"image\/webp\" \/>\n<meta name=\"twitter:card\" content=\"summary_large_image\" \/>\n<meta name=\"twitter:label1\" content=\"Tiempo de lectura\" \/>\n\t<meta name=\"twitter:data1\" content=\"1 minuto\" \/>\n<script type=\"application\/ld+json\" class=\"yoast-schema-graph\">{\"@context\":\"https:\\\/\\\/schema.org\",\"@graph\":[{\"@type\":\"WebPage\",\"@id\":\"https:\\\/\\\/www.venisecollection.com\\\/es\\\/shop\\\/women\\\/sandalia\\\/toledo-luxor-silver\",\"url\":\"https:\\\/\\\/www.venisecollection.com\\\/es\\\/shop\\\/women\\\/sandalia\\\/toledo-luxor-silver\",\"name\":\"TOLEDO LUXOR SILVER - Sandalias de Lujo en 100% Piel de Ternera\",\"isPartOf\":{\"@id\":\"https:\\\/\\\/www.venisecollection.com\\\/es#website\"},\"primaryImageOfPage\":{\"@id\":\"https:\\\/\\\/www.venisecollection.com\\\/es\\\/shop\\\/women\\\/sandalia\\\/toledo-luxor-silver#primaryimage\"},\"image\":{\"@id\":\"https:\\\/\\\/www.venisecollection.com\\\/es\\\/shop\\\/women\\\/sandalia\\\/toledo-luxor-silver#primaryimage\"},\"thumbnailUrl\":\"https:\\\/\\\/www.venisecollection.com\\\/cdn\\\/image.psd-146.webp\",\"datePublished\":\"2026-04-20T01:01:54+00:00\",\"dateModified\":\"2026-04-20T01:12:20+00:00\",\"breadcrumb\":{\"@id\":\"https:\\\/\\\/www.venisecollection.com\\\/es\\\/shop\\\/women\\\/sandalia\\\/toledo-luxor-silver#breadcrumb\"},\"inLanguage\":\"es\",\"potentialAction\":[{\"@type\":\"ReadAction\",\"target\":[\"https:\\\/\\\/www.venisecollection.com\\\/es\\\/shop\\\/women\\\/sandalia\\\/toledo-luxor-silver\"]}]},{\"@type\":\"ImageObject\",\"inLanguage\":\"es\",\"@id\":\"https:\\\/\\\/www.venisecollection.com\\\/es\\\/shop\\\/women\\\/sandalia\\\/toledo-luxor-silver#primaryimage\",\"url\":\"https:\\\/\\\/www.venisecollection.com\\\/cdn\\\/image.psd-146.webp\",\"contentUrl\":\"https:\\\/\\\/www.venisecollection.com\\\/cdn\\\/image.psd-146.webp\",\"width\":1280,\"height\":1588},{\"@type\":\"BreadcrumbList\",\"@id\":\"https:\\\/\\\/www.venisecollection.com\\\/es\\\/shop\\\/women\\\/sandalia\\\/toledo-luxor-silver#breadcrumb\",\"itemListElement\":[{\"@type\":\"ListItem\",\"position\":1,\"name\":\"Home\",\"item\":\"https:\\\/\\\/www.venisecollection.com\\\/es\\\/tienda\"},{\"@type\":\"ListItem\",\"position\":2,\"name\":\"Inicio\",\"item\":\"https:\\\/\\\/www.venisecollection.com\\\/es\\\/tienda\"},{\"@type\":\"ListItem\",\"position\":3,\"name\":\"TOLEDO LUXOR SILVER\"}]},{\"@type\":\"WebSite\",\"@id\":\"https:\\\/\\\/www.venisecollection.com\\\/es#website\",\"url\":\"https:\\\/\\\/www.venisecollection.com\\\/es\",\"name\":\"VENISE COLLECTION\",\"description\":\"\",\"publisher\":{\"@id\":\"https:\\\/\\\/www.venisecollection.com\\\/es#organization\"},\"potentialAction\":[{\"@type\":\"SearchAction\",\"target\":{\"@type\":\"EntryPoint\",\"urlTemplate\":\"https:\\\/\\\/www.venisecollection.com\\\/es?s={search_term_string}\"},\"query-input\":{\"@type\":\"PropertyValueSpecification\",\"valueRequired\":true,\"valueName\":\"search_term_string\"}}],\"inLanguage\":\"es\"},{\"@type\":\"Organization\",\"@id\":\"https:\\\/\\\/www.venisecollection.com\\\/es#organization\",\"name\":\"VENISE COLLECTION\",\"url\":\"https:\\\/\\\/www.venisecollection.com\\\/es\",\"logo\":{\"@type\":\"ImageObject\",\"inLanguage\":\"es\",\"@id\":\"https:\\\/\\\/www.venisecollection.com\\\/es#\\\/schema\\\/logo\\\/image\\\/\",\"url\":\"https:\\\/\\\/www.venisecollection.com\\\/cdn\\\/seo.png\",\"contentUrl\":\"https:\\\/\\\/www.venisecollection.com\\\/cdn\\\/seo.png\",\"width\":1080,\"height\":1080,\"caption\":\"VENISE COLLECTION\"},\"image\":{\"@id\":\"https:\\\/\\\/www.venisecollection.com\\\/es#\\\/schema\\\/logo\\\/image\\\/\"},\"sameAs\":[\"https:\\\/\\\/www.instagram.com\\\/venisecollection\\\/\",\"https:\\\/\\\/fr.pinterest.com\\\/venisecollection\\\/\"]}]}<\/script>\n<!-- \/ Yoast SEO plugin. -->","yoast_head_json":{"title":"TOLEDO LUXOR SILVER - Sandalias de Lujo en 100% Piel de Ternera","robots":{"index":"index","follow":"follow","max-snippet":"max-snippet:-1","max-image-preview":"max-image-preview:large","max-video-preview":"max-video-preview:-1"},"canonical":"https:\/\/www.venisecollection.com\/es\/shop\/women\/sandalia\/toledo-luxor-silver","og_locale":"es_ES","og_type":"article","og_title":"TOLEDO LUXOR SILVER - Sandalias de Lujo en 100% Piel de Ternera","og_description":"Deslumbre con la sofisticaci\u00f3n de las sandalias TOLEDO LUXOR SILVER de Roberto Festa Milano. Estas joyas del calzado destacan por su calidad excepcional, estando fabricadas \u00edntegramente en piel de ternera al 100% (exterior, forro y suela). Esta construcci\u00f3n premium asegura una suavidad superior y una adaptaci\u00f3n perfecta al pie. Con su impresionante broche de cristales &hellip;","og_url":"https:\/\/www.venisecollection.com\/es\/shop\/women\/sandalia\/toledo-luxor-silver","og_site_name":"VENISE COLLECTION","article_modified_time":"2026-04-20T01:12:20+00:00","og_image":[{"width":1280,"height":1588,"url":"https:\/\/www.venisecollection.com\/cdn\/image.psd-146.webp","type":"image\/webp"}],"twitter_card":"summary_large_image","twitter_misc":{"Tiempo de lectura":"1 minuto"},"schema":{"@context":"https:\/\/schema.org","@graph":[{"@type":"WebPage","@id":"https:\/\/www.venisecollection.com\/es\/shop\/women\/sandalia\/toledo-luxor-silver","url":"https:\/\/www.venisecollection.com\/es\/shop\/women\/sandalia\/toledo-luxor-silver","name":"TOLEDO LUXOR SILVER - Sandalias de Lujo en 100% Piel de Ternera","isPartOf":{"@id":"https:\/\/www.venisecollection.com\/es#website"},"primaryImageOfPage":{"@id":"https:\/\/www.venisecollection.com\/es\/shop\/women\/sandalia\/toledo-luxor-silver#primaryimage"},"image":{"@id":"https:\/\/www.venisecollection.com\/es\/shop\/women\/sandalia\/toledo-luxor-silver#primaryimage"},"thumbnailUrl":"https:\/\/www.venisecollection.com\/cdn\/image.psd-146.webp","datePublished":"2026-04-20T01:01:54+00:00","dateModified":"2026-04-20T01:12:20+00:00","breadcrumb":{"@id":"https:\/\/www.venisecollection.com\/es\/shop\/women\/sandalia\/toledo-luxor-silver#breadcrumb"},"inLanguage":"es","potentialAction":[{"@type":"ReadAction","target":["https:\/\/www.venisecollection.com\/es\/shop\/women\/sandalia\/toledo-luxor-silver"]}]},{"@type":"ImageObject","inLanguage":"es","@id":"https:\/\/www.venisecollection.com\/es\/shop\/women\/sandalia\/toledo-luxor-silver#primaryimage","url":"https:\/\/www.venisecollection.com\/cdn\/image.psd-146.webp","contentUrl":"https:\/\/www.venisecollection.com\/cdn\/image.psd-146.webp","width":1280,"height":1588},{"@type":"BreadcrumbList","@id":"https:\/\/www.venisecollection.com\/es\/shop\/women\/sandalia\/toledo-luxor-silver#breadcrumb","itemListElement":[{"@type":"ListItem","position":1,"name":"Home","item":"https:\/\/www.venisecollection.com\/es\/tienda"},{"@type":"ListItem","position":2,"name":"Inicio","item":"https:\/\/www.venisecollection.com\/es\/tienda"},{"@type":"ListItem","position":3,"name":"TOLEDO LUXOR SILVER"}]},{"@type":"WebSite","@id":"https:\/\/www.venisecollection.com\/es#website","url":"https:\/\/www.venisecollection.com\/es","name":"VENISE COLLECTION","description":"","publisher":{"@id":"https:\/\/www.venisecollection.com\/es#organization"},"potentialAction":[{"@type":"SearchAction","target":{"@type":"EntryPoint","urlTemplate":"https:\/\/www.venisecollection.com\/es?s={search_term_string}"},"query-input":{"@type":"PropertyValueSpecification","valueRequired":true,"valueName":"search_term_string"}}],"inLanguage":"es"},{"@type":"Organization","@id":"https:\/\/www.venisecollection.com\/es#organization","name":"VENISE COLLECTION","url":"https:\/\/www.venisecollection.com\/es","logo":{"@type":"ImageObject","inLanguage":"es","@id":"https:\/\/www.venisecollection.com\/es#\/schema\/logo\/image\/","url":"https:\/\/www.venisecollection.com\/cdn\/seo.png","contentUrl":"https:\/\/www.venisecollection.com\/cdn\/seo.png","width":1080,"height":1080,"caption":"VENISE COLLECTION"},"image":{"@id":"https:\/\/www.venisecollection.com\/es#\/schema\/logo\/image\/"},"sameAs":["https:\/\/www.instagram.com\/venisecollection\/","https:\/\/fr.pinterest.com\/venisecollection\/"]}]}},"_links":{"self":[{"href":"https:\/\/www.venisecollection.com\/es\/wp-json\/wp\/v2\/product\/24740","targetHints":{"allow":["GET"]}}],"collection":[{"href":"https:\/\/www.venisecollection.com\/es\/wp-json\/wp\/v2\/product"}],"about":[{"href":"https:\/\/www.venisecollection.com\/es\/wp-json\/wp\/v2\/types\/product"}],"wp:featuredmedia":[{"embeddable":true,"href":"https:\/\/www.venisecollection.com\/es\/wp-json\/wp\/v2\/media\/24767"}],"wp:attachment":[{"href":"https:\/\/www.venisecollection.com\/es\/wp-json\/wp\/v2\/media?parent=24740"}],"wp:term":[{"taxonomy":"product_brand","embeddable":true,"href":"https:\/\/www.venisecollection.com\/es\/wp-json\/wp\/v2\/product_brand?post=24740"},{"taxonomy":"product_cat","embeddable":true,"href":"https:\/\/www.venisecollection.com\/es\/wp-json\/wp\/v2\/product_cat?post=24740"},{"taxonomy":"product_tag","embeddable":true,"href":"https:\/\/www.venisecollection.com\/es\/wp-json\/wp\/v2\/product_tag?post=24740"}],"curies":[{"name":"wp","href":"https:\/\/api.w.org\/{rel}","templated":true}]}}