{"id":25026,"date":"2026-04-21T16:43:04","date_gmt":"2026-04-21T16:43:04","guid":{"rendered":"https:\/\/www.venisecollection.com\/?post_type=product&#038;p=25026"},"modified":"2026-04-21T16:49:18","modified_gmt":"2026-04-21T16:49:18","slug":"11934-argento","status":"publish","type":"product","link":"https:\/\/www.venisecollection.com\/es\/shop\/women\/sandalia\/11934-argento","title":{"rendered":"11934 ARGENTO"},"content":{"rendered":"<p data-path-to-node=\"25\">A\u00f1ade un toque de luz a tu vestuario con las sandalias <b data-path-to-node=\"25\" data-index-in-node=\"68\">11934 ARGENTO<\/b> de <b data-path-to-node=\"25\" data-index-in-node=\"85\">Venise Collection<\/b>. Estas sofisticadas palas planas combinan el cuero metalizado plateado con tiras cruzadas recubiertas enteramente de brillantes cristales de estr\u00e1s. Su dise\u00f1o de puntera cuadrada sigue las tendencias m\u00e1s vanguardistas, garantizando un estilo moderno y una pisada confortable gracias a su plantilla acolchada. Perfectas para resaltar cualquier atuendo veraniego con un acabado met\u00e1lico elegante y distinguido.<\/p>\n<ul data-path-to-node=\"26\">\n<li>\n<p data-path-to-node=\"26,0,0\"><b data-path-to-node=\"26,0,0\" data-index-in-node=\"0\">Marca:<\/b> Venise Collection<\/p>\n<\/li>\n<li>\n<p data-path-to-node=\"26,1,0\"><b data-path-to-node=\"26,1,0\" data-index-in-node=\"0\">Material:<\/b> Cuero metalizado y pedrer\u00eda (strass) de alto brillo<\/p>\n<\/li>\n<li>\n<p data-path-to-node=\"26,2,0\"><b data-path-to-node=\"26,2,0\" data-index-in-node=\"0\">Color:<\/b> Argento (Plata brillante)<\/p>\n<\/li>\n<li>\n<p data-path-to-node=\"26,3,0\"><b data-path-to-node=\"26,3,0\" data-index-in-node=\"0\">Detalles:<\/b> Suela plana de gran comodidad, puntera cuadrada<\/p>\n<\/li>\n<li>\n<p data-path-to-node=\"26,4,0\"><b data-path-to-node=\"26,4,0\" data-index-in-node=\"0\">Versatilidad:<\/b> Comb\u00ednalas con tonos neutros o azules para un contraste espectacular y sofisticado.<\/p>\n<\/li>\n<\/ul>\n","protected":false},"excerpt":{"rendered":"<p>A\u00f1ade un toque de luz a tu vestuario con las sandalias 11934 ARGENTO de Venise Collection. Estas sofisticadas palas planas combinan el cuero metalizado plateado con tiras cruzadas recubiertas enteramente de brillantes cristales de estr\u00e1s. Su dise\u00f1o de puntera cuadrada sigue las tendencias m\u00e1s vanguardistas, garantizando un estilo moderno y una pisada confortable gracias a &hellip;<\/p>\n","protected":false},"featured_media":25049,"template":"","meta":[],"product_brand":[358],"product_cat":[332],"product_tag":[],"class_list":{"0":"post-25026","1":"product","2":"type-product","3":"status-publish","4":"has-post-thumbnail","6":"product_brand-venise-collection","7":"product_cat-sandalia","9":"first","10":"instock","11":"shipping-taxable","12":"purchasable","13":"product-type-variable","14":"has-default-attributes"},"yoast_head":"<!-- This site is optimized with the Yoast SEO plugin v27.4 - https:\/\/yoast.com\/product\/yoast-seo-wordpress\/ -->\n<title>ARGENTO - Sandalias Planas Plateadas con Estr\u00e1s<\/title>\n<meta name=\"robots\" content=\"index, follow, max-snippet:-1, max-image-preview:large, max-video-preview:-1\" \/>\n<link rel=\"canonical\" href=\"https:\/\/www.venisecollection.com\/es\/shop\/women\/sandalia\/11934-argento\" \/>\n<meta property=\"og:locale\" content=\"es_ES\" \/>\n<meta property=\"og:type\" content=\"article\" \/>\n<meta property=\"og:title\" content=\"ARGENTO - Sandalias Planas Plateadas con Estr\u00e1s\" \/>\n<meta property=\"og:description\" content=\"A\u00f1ade un toque de luz a tu vestuario con las sandalias 11934 ARGENTO de Venise Collection. Estas sofisticadas palas planas combinan el cuero metalizado plateado con tiras cruzadas recubiertas enteramente de brillantes cristales de estr\u00e1s. Su dise\u00f1o de puntera cuadrada sigue las tendencias m\u00e1s vanguardistas, garantizando un estilo moderno y una pisada confortable gracias a &hellip;\" \/>\n<meta property=\"og:url\" content=\"https:\/\/www.venisecollection.com\/es\/shop\/women\/sandalia\/11934-argento\" \/>\n<meta property=\"og:site_name\" content=\"VENISE COLLECTION\" \/>\n<meta property=\"article:modified_time\" content=\"2026-04-21T16:49:18+00:00\" \/>\n<meta property=\"og:image\" content=\"https:\/\/www.venisecollection.com\/cdn\/image-231.webp\" \/>\n\t<meta property=\"og:image:width\" content=\"1280\" \/>\n\t<meta property=\"og:image:height\" content=\"1588\" \/>\n\t<meta property=\"og:image:type\" content=\"image\/webp\" \/>\n<meta name=\"twitter:card\" content=\"summary_large_image\" \/>\n<meta name=\"twitter:label1\" content=\"Tiempo de lectura\" \/>\n\t<meta name=\"twitter:data1\" content=\"1 minuto\" \/>\n<script type=\"application\/ld+json\" class=\"yoast-schema-graph\">{\"@context\":\"https:\\\/\\\/schema.org\",\"@graph\":[{\"@type\":\"WebPage\",\"@id\":\"https:\\\/\\\/www.venisecollection.com\\\/es\\\/shop\\\/women\\\/sandalia\\\/11934-argento\",\"url\":\"https:\\\/\\\/www.venisecollection.com\\\/es\\\/shop\\\/women\\\/sandalia\\\/11934-argento\",\"name\":\"ARGENTO - Sandalias Planas Plateadas con Estr\u00e1s\",\"isPartOf\":{\"@id\":\"https:\\\/\\\/www.venisecollection.com\\\/es#website\"},\"primaryImageOfPage\":{\"@id\":\"https:\\\/\\\/www.venisecollection.com\\\/es\\\/shop\\\/women\\\/sandalia\\\/11934-argento#primaryimage\"},\"image\":{\"@id\":\"https:\\\/\\\/www.venisecollection.com\\\/es\\\/shop\\\/women\\\/sandalia\\\/11934-argento#primaryimage\"},\"thumbnailUrl\":\"https:\\\/\\\/www.venisecollection.com\\\/cdn\\\/image-231.webp\",\"datePublished\":\"2026-04-21T16:43:04+00:00\",\"dateModified\":\"2026-04-21T16:49:18+00:00\",\"breadcrumb\":{\"@id\":\"https:\\\/\\\/www.venisecollection.com\\\/es\\\/shop\\\/women\\\/sandalia\\\/11934-argento#breadcrumb\"},\"inLanguage\":\"es\",\"potentialAction\":[{\"@type\":\"ReadAction\",\"target\":[\"https:\\\/\\\/www.venisecollection.com\\\/es\\\/shop\\\/women\\\/sandalia\\\/11934-argento\"]}]},{\"@type\":\"ImageObject\",\"inLanguage\":\"es\",\"@id\":\"https:\\\/\\\/www.venisecollection.com\\\/es\\\/shop\\\/women\\\/sandalia\\\/11934-argento#primaryimage\",\"url\":\"https:\\\/\\\/www.venisecollection.com\\\/cdn\\\/image-231.webp\",\"contentUrl\":\"https:\\\/\\\/www.venisecollection.com\\\/cdn\\\/image-231.webp\",\"width\":1280,\"height\":1588},{\"@type\":\"BreadcrumbList\",\"@id\":\"https:\\\/\\\/www.venisecollection.com\\\/es\\\/shop\\\/women\\\/sandalia\\\/11934-argento#breadcrumb\",\"itemListElement\":[{\"@type\":\"ListItem\",\"position\":1,\"name\":\"Home\",\"item\":\"https:\\\/\\\/www.venisecollection.com\\\/es\\\/tienda\"},{\"@type\":\"ListItem\",\"position\":2,\"name\":\"Inicio\",\"item\":\"https:\\\/\\\/www.venisecollection.com\\\/es\\\/tienda\"},{\"@type\":\"ListItem\",\"position\":3,\"name\":\"11934 ARGENTO\"}]},{\"@type\":\"WebSite\",\"@id\":\"https:\\\/\\\/www.venisecollection.com\\\/es#website\",\"url\":\"https:\\\/\\\/www.venisecollection.com\\\/es\",\"name\":\"VENISE COLLECTION\",\"description\":\"\",\"publisher\":{\"@id\":\"https:\\\/\\\/www.venisecollection.com\\\/es#organization\"},\"potentialAction\":[{\"@type\":\"SearchAction\",\"target\":{\"@type\":\"EntryPoint\",\"urlTemplate\":\"https:\\\/\\\/www.venisecollection.com\\\/es?s={search_term_string}\"},\"query-input\":{\"@type\":\"PropertyValueSpecification\",\"valueRequired\":true,\"valueName\":\"search_term_string\"}}],\"inLanguage\":\"es\"},{\"@type\":\"Organization\",\"@id\":\"https:\\\/\\\/www.venisecollection.com\\\/es#organization\",\"name\":\"VENISE COLLECTION\",\"url\":\"https:\\\/\\\/www.venisecollection.com\\\/es\",\"logo\":{\"@type\":\"ImageObject\",\"inLanguage\":\"es\",\"@id\":\"https:\\\/\\\/www.venisecollection.com\\\/es#\\\/schema\\\/logo\\\/image\\\/\",\"url\":\"https:\\\/\\\/www.venisecollection.com\\\/cdn\\\/seo.png\",\"contentUrl\":\"https:\\\/\\\/www.venisecollection.com\\\/cdn\\\/seo.png\",\"width\":1080,\"height\":1080,\"caption\":\"VENISE COLLECTION\"},\"image\":{\"@id\":\"https:\\\/\\\/www.venisecollection.com\\\/es#\\\/schema\\\/logo\\\/image\\\/\"},\"sameAs\":[\"https:\\\/\\\/www.instagram.com\\\/venisecollection\\\/\",\"https:\\\/\\\/fr.pinterest.com\\\/venisecollection\\\/\"]}]}<\/script>\n<!-- \/ Yoast SEO plugin. -->","yoast_head_json":{"title":"ARGENTO - Sandalias Planas Plateadas con Estr\u00e1s","robots":{"index":"index","follow":"follow","max-snippet":"max-snippet:-1","max-image-preview":"max-image-preview:large","max-video-preview":"max-video-preview:-1"},"canonical":"https:\/\/www.venisecollection.com\/es\/shop\/women\/sandalia\/11934-argento","og_locale":"es_ES","og_type":"article","og_title":"ARGENTO - Sandalias Planas Plateadas con Estr\u00e1s","og_description":"A\u00f1ade un toque de luz a tu vestuario con las sandalias 11934 ARGENTO de Venise Collection. Estas sofisticadas palas planas combinan el cuero metalizado plateado con tiras cruzadas recubiertas enteramente de brillantes cristales de estr\u00e1s. Su dise\u00f1o de puntera cuadrada sigue las tendencias m\u00e1s vanguardistas, garantizando un estilo moderno y una pisada confortable gracias a &hellip;","og_url":"https:\/\/www.venisecollection.com\/es\/shop\/women\/sandalia\/11934-argento","og_site_name":"VENISE COLLECTION","article_modified_time":"2026-04-21T16:49:18+00:00","og_image":[{"width":1280,"height":1588,"url":"https:\/\/www.venisecollection.com\/cdn\/image-231.webp","type":"image\/webp"}],"twitter_card":"summary_large_image","twitter_misc":{"Tiempo de lectura":"1 minuto"},"schema":{"@context":"https:\/\/schema.org","@graph":[{"@type":"WebPage","@id":"https:\/\/www.venisecollection.com\/es\/shop\/women\/sandalia\/11934-argento","url":"https:\/\/www.venisecollection.com\/es\/shop\/women\/sandalia\/11934-argento","name":"ARGENTO - Sandalias Planas Plateadas con Estr\u00e1s","isPartOf":{"@id":"https:\/\/www.venisecollection.com\/es#website"},"primaryImageOfPage":{"@id":"https:\/\/www.venisecollection.com\/es\/shop\/women\/sandalia\/11934-argento#primaryimage"},"image":{"@id":"https:\/\/www.venisecollection.com\/es\/shop\/women\/sandalia\/11934-argento#primaryimage"},"thumbnailUrl":"https:\/\/www.venisecollection.com\/cdn\/image-231.webp","datePublished":"2026-04-21T16:43:04+00:00","dateModified":"2026-04-21T16:49:18+00:00","breadcrumb":{"@id":"https:\/\/www.venisecollection.com\/es\/shop\/women\/sandalia\/11934-argento#breadcrumb"},"inLanguage":"es","potentialAction":[{"@type":"ReadAction","target":["https:\/\/www.venisecollection.com\/es\/shop\/women\/sandalia\/11934-argento"]}]},{"@type":"ImageObject","inLanguage":"es","@id":"https:\/\/www.venisecollection.com\/es\/shop\/women\/sandalia\/11934-argento#primaryimage","url":"https:\/\/www.venisecollection.com\/cdn\/image-231.webp","contentUrl":"https:\/\/www.venisecollection.com\/cdn\/image-231.webp","width":1280,"height":1588},{"@type":"BreadcrumbList","@id":"https:\/\/www.venisecollection.com\/es\/shop\/women\/sandalia\/11934-argento#breadcrumb","itemListElement":[{"@type":"ListItem","position":1,"name":"Home","item":"https:\/\/www.venisecollection.com\/es\/tienda"},{"@type":"ListItem","position":2,"name":"Inicio","item":"https:\/\/www.venisecollection.com\/es\/tienda"},{"@type":"ListItem","position":3,"name":"11934 ARGENTO"}]},{"@type":"WebSite","@id":"https:\/\/www.venisecollection.com\/es#website","url":"https:\/\/www.venisecollection.com\/es","name":"VENISE COLLECTION","description":"","publisher":{"@id":"https:\/\/www.venisecollection.com\/es#organization"},"potentialAction":[{"@type":"SearchAction","target":{"@type":"EntryPoint","urlTemplate":"https:\/\/www.venisecollection.com\/es?s={search_term_string}"},"query-input":{"@type":"PropertyValueSpecification","valueRequired":true,"valueName":"search_term_string"}}],"inLanguage":"es"},{"@type":"Organization","@id":"https:\/\/www.venisecollection.com\/es#organization","name":"VENISE COLLECTION","url":"https:\/\/www.venisecollection.com\/es","logo":{"@type":"ImageObject","inLanguage":"es","@id":"https:\/\/www.venisecollection.com\/es#\/schema\/logo\/image\/","url":"https:\/\/www.venisecollection.com\/cdn\/seo.png","contentUrl":"https:\/\/www.venisecollection.com\/cdn\/seo.png","width":1080,"height":1080,"caption":"VENISE COLLECTION"},"image":{"@id":"https:\/\/www.venisecollection.com\/es#\/schema\/logo\/image\/"},"sameAs":["https:\/\/www.instagram.com\/venisecollection\/","https:\/\/fr.pinterest.com\/venisecollection\/"]}]}},"_links":{"self":[{"href":"https:\/\/www.venisecollection.com\/es\/wp-json\/wp\/v2\/product\/25026","targetHints":{"allow":["GET"]}}],"collection":[{"href":"https:\/\/www.venisecollection.com\/es\/wp-json\/wp\/v2\/product"}],"about":[{"href":"https:\/\/www.venisecollection.com\/es\/wp-json\/wp\/v2\/types\/product"}],"wp:featuredmedia":[{"embeddable":true,"href":"https:\/\/www.venisecollection.com\/es\/wp-json\/wp\/v2\/media\/25049"}],"wp:attachment":[{"href":"https:\/\/www.venisecollection.com\/es\/wp-json\/wp\/v2\/media?parent=25026"}],"wp:term":[{"taxonomy":"product_brand","embeddable":true,"href":"https:\/\/www.venisecollection.com\/es\/wp-json\/wp\/v2\/product_brand?post=25026"},{"taxonomy":"product_cat","embeddable":true,"href":"https:\/\/www.venisecollection.com\/es\/wp-json\/wp\/v2\/product_cat?post=25026"},{"taxonomy":"product_tag","embeddable":true,"href":"https:\/\/www.venisecollection.com\/es\/wp-json\/wp\/v2\/product_tag?post=25026"}],"curies":[{"name":"wp","href":"https:\/\/api.w.org\/{rel}","templated":true}]}}