{"id":25231,"date":"2026-04-22T15:12:14","date_gmt":"2026-04-22T15:12:14","guid":{"rendered":"https:\/\/www.venisecollection.com\/?post_type=product&#038;p=25231"},"modified":"2026-04-22T15:21:15","modified_gmt":"2026-04-22T15:21:15","slug":"mu-sw631003a-cog","status":"publish","type":"product","link":"https:\/\/www.venisecollection.com\/es\/shop\/women\/sabot\/mu-sw631003a-cog","title":{"rendered":"MU.SW631003A COG"},"content":{"rendered":"<p data-path-to-node=\"25\">Eleva tu estilo casual con los sabots de <b data-path-to-node=\"25\" data-index-in-node=\"54\">MOU<\/b>. Fabricados en gamuza premium, estos zapatos de estilo \u00absabot\u00bb presentan el inconfundible pespunte de lana artesanal de la marca. Su suela bio-ergon\u00f3mica y las tiras con hebillas ajustables garantizan una pisada c\u00f3moda y segura. Una pieza vers\u00e1til que combina la esencia r\u00fastica con el lujo contempor\u00e1neo.<\/p>\n<ul data-path-to-node=\"26\">\n<li>\n<p data-path-to-node=\"26,0,0\"><b data-path-to-node=\"26,0,0\" data-index-in-node=\"0\">Modelo:<\/b> Sabot \/ Pala con hebillas<\/p>\n<\/li>\n<li>\n<p data-path-to-node=\"26,1,0\"><b data-path-to-node=\"26,1,0\" data-index-in-node=\"0\">Cuidado:<\/b> Limpiar con un pa\u00f1o seco. Guardar en funda de franela y mantener alejado de fuentes de calor o humedad directa.<\/p>\n<\/li>\n<\/ul>\n","protected":false},"excerpt":{"rendered":"<p>Eleva tu estilo casual con los sabots de MOU. Fabricados en gamuza premium, estos zapatos de estilo \u00absabot\u00bb presentan el inconfundible pespunte de lana artesanal de la marca. Su suela bio-ergon\u00f3mica y las tiras con hebillas ajustables garantizan una pisada c\u00f3moda y segura. Una pieza vers\u00e1til que combina la esencia r\u00fastica con el lujo contempor\u00e1neo. &hellip;<\/p>\n","protected":false},"featured_media":25244,"template":"","meta":[],"product_brand":[387],"product_cat":[345],"product_tag":[],"class_list":{"0":"post-25231","1":"product","2":"type-product","3":"status-publish","4":"has-post-thumbnail","6":"product_brand-mou","7":"product_cat-sabot","9":"first","10":"instock","11":"shipping-taxable","12":"purchasable","13":"product-type-variable","14":"has-default-attributes"},"yoast_head":"<!-- This site is optimized with the Yoast SEO plugin v27.4 - https:\/\/yoast.com\/product\/yoast-seo-wordpress\/ -->\n<title>Sabots Bio Buckle MOU COG en Gamuza Cognac<\/title>\n<meta name=\"robots\" content=\"index, follow, max-snippet:-1, max-image-preview:large, max-video-preview:-1\" \/>\n<link rel=\"canonical\" href=\"https:\/\/www.venisecollection.com\/es\/shop\/women\/sabot\/mu-sw631003a-cog\" \/>\n<meta property=\"og:locale\" content=\"es_ES\" \/>\n<meta property=\"og:type\" content=\"article\" \/>\n<meta property=\"og:title\" content=\"Sabots Bio Buckle MOU COG en Gamuza Cognac\" \/>\n<meta property=\"og:description\" content=\"Eleva tu estilo casual con los sabots de MOU. Fabricados en gamuza premium, estos zapatos de estilo \u00absabot\u00bb presentan el inconfundible pespunte de lana artesanal de la marca. Su suela bio-ergon\u00f3mica y las tiras con hebillas ajustables garantizan una pisada c\u00f3moda y segura. Una pieza vers\u00e1til que combina la esencia r\u00fastica con el lujo contempor\u00e1neo. &hellip;\" \/>\n<meta property=\"og:url\" content=\"https:\/\/www.venisecollection.com\/es\/shop\/women\/sabot\/mu-sw631003a-cog\" \/>\n<meta property=\"og:site_name\" content=\"VENISE COLLECTION\" \/>\n<meta property=\"article:modified_time\" content=\"2026-04-22T15:21:15+00:00\" \/>\n<meta property=\"og:image\" content=\"https:\/\/www.venisecollection.com\/cdn\/image.psd-155-5-2.webp\" \/>\n\t<meta property=\"og:image:width\" content=\"1280\" \/>\n\t<meta property=\"og:image:height\" content=\"1588\" \/>\n\t<meta property=\"og:image:type\" content=\"image\/webp\" \/>\n<meta name=\"twitter:card\" content=\"summary_large_image\" \/>\n<meta name=\"twitter:label1\" content=\"Tiempo de lectura\" \/>\n\t<meta name=\"twitter:data1\" content=\"1 minuto\" \/>\n<script type=\"application\/ld+json\" class=\"yoast-schema-graph\">{\"@context\":\"https:\\\/\\\/schema.org\",\"@graph\":[{\"@type\":\"WebPage\",\"@id\":\"https:\\\/\\\/www.venisecollection.com\\\/es\\\/shop\\\/women\\\/sabot\\\/mu-sw631003a-cog\",\"url\":\"https:\\\/\\\/www.venisecollection.com\\\/es\\\/shop\\\/women\\\/sabot\\\/mu-sw631003a-cog\",\"name\":\"Sabots Bio Buckle MOU COG en Gamuza Cognac\",\"isPartOf\":{\"@id\":\"https:\\\/\\\/www.venisecollection.com\\\/es#website\"},\"primaryImageOfPage\":{\"@id\":\"https:\\\/\\\/www.venisecollection.com\\\/es\\\/shop\\\/women\\\/sabot\\\/mu-sw631003a-cog#primaryimage\"},\"image\":{\"@id\":\"https:\\\/\\\/www.venisecollection.com\\\/es\\\/shop\\\/women\\\/sabot\\\/mu-sw631003a-cog#primaryimage\"},\"thumbnailUrl\":\"https:\\\/\\\/www.venisecollection.com\\\/cdn\\\/image.psd-155-5-2.webp\",\"datePublished\":\"2026-04-22T15:12:14+00:00\",\"dateModified\":\"2026-04-22T15:21:15+00:00\",\"breadcrumb\":{\"@id\":\"https:\\\/\\\/www.venisecollection.com\\\/es\\\/shop\\\/women\\\/sabot\\\/mu-sw631003a-cog#breadcrumb\"},\"inLanguage\":\"es\",\"potentialAction\":[{\"@type\":\"ReadAction\",\"target\":[\"https:\\\/\\\/www.venisecollection.com\\\/es\\\/shop\\\/women\\\/sabot\\\/mu-sw631003a-cog\"]}]},{\"@type\":\"ImageObject\",\"inLanguage\":\"es\",\"@id\":\"https:\\\/\\\/www.venisecollection.com\\\/es\\\/shop\\\/women\\\/sabot\\\/mu-sw631003a-cog#primaryimage\",\"url\":\"https:\\\/\\\/www.venisecollection.com\\\/cdn\\\/image.psd-155-5-2.webp\",\"contentUrl\":\"https:\\\/\\\/www.venisecollection.com\\\/cdn\\\/image.psd-155-5-2.webp\",\"width\":1280,\"height\":1588},{\"@type\":\"BreadcrumbList\",\"@id\":\"https:\\\/\\\/www.venisecollection.com\\\/es\\\/shop\\\/women\\\/sabot\\\/mu-sw631003a-cog#breadcrumb\",\"itemListElement\":[{\"@type\":\"ListItem\",\"position\":1,\"name\":\"Home\",\"item\":\"https:\\\/\\\/www.venisecollection.com\\\/es\\\/tienda\"},{\"@type\":\"ListItem\",\"position\":2,\"name\":\"Inicio\",\"item\":\"https:\\\/\\\/www.venisecollection.com\\\/es\\\/tienda\"},{\"@type\":\"ListItem\",\"position\":3,\"name\":\"MU.SW631003A COG\"}]},{\"@type\":\"WebSite\",\"@id\":\"https:\\\/\\\/www.venisecollection.com\\\/es#website\",\"url\":\"https:\\\/\\\/www.venisecollection.com\\\/es\",\"name\":\"VENISE COLLECTION\",\"description\":\"\",\"publisher\":{\"@id\":\"https:\\\/\\\/www.venisecollection.com\\\/es#organization\"},\"potentialAction\":[{\"@type\":\"SearchAction\",\"target\":{\"@type\":\"EntryPoint\",\"urlTemplate\":\"https:\\\/\\\/www.venisecollection.com\\\/es?s={search_term_string}\"},\"query-input\":{\"@type\":\"PropertyValueSpecification\",\"valueRequired\":true,\"valueName\":\"search_term_string\"}}],\"inLanguage\":\"es\"},{\"@type\":\"Organization\",\"@id\":\"https:\\\/\\\/www.venisecollection.com\\\/es#organization\",\"name\":\"VENISE COLLECTION\",\"url\":\"https:\\\/\\\/www.venisecollection.com\\\/es\",\"logo\":{\"@type\":\"ImageObject\",\"inLanguage\":\"es\",\"@id\":\"https:\\\/\\\/www.venisecollection.com\\\/es#\\\/schema\\\/logo\\\/image\\\/\",\"url\":\"https:\\\/\\\/www.venisecollection.com\\\/cdn\\\/seo.png\",\"contentUrl\":\"https:\\\/\\\/www.venisecollection.com\\\/cdn\\\/seo.png\",\"width\":1080,\"height\":1080,\"caption\":\"VENISE COLLECTION\"},\"image\":{\"@id\":\"https:\\\/\\\/www.venisecollection.com\\\/es#\\\/schema\\\/logo\\\/image\\\/\"},\"sameAs\":[\"https:\\\/\\\/www.instagram.com\\\/venisecollection\\\/\",\"https:\\\/\\\/fr.pinterest.com\\\/venisecollection\\\/\"]}]}<\/script>\n<!-- \/ Yoast SEO plugin. -->","yoast_head_json":{"title":"Sabots Bio Buckle MOU COG en Gamuza Cognac","robots":{"index":"index","follow":"follow","max-snippet":"max-snippet:-1","max-image-preview":"max-image-preview:large","max-video-preview":"max-video-preview:-1"},"canonical":"https:\/\/www.venisecollection.com\/es\/shop\/women\/sabot\/mu-sw631003a-cog","og_locale":"es_ES","og_type":"article","og_title":"Sabots Bio Buckle MOU COG en Gamuza Cognac","og_description":"Eleva tu estilo casual con los sabots de MOU. Fabricados en gamuza premium, estos zapatos de estilo \u00absabot\u00bb presentan el inconfundible pespunte de lana artesanal de la marca. Su suela bio-ergon\u00f3mica y las tiras con hebillas ajustables garantizan una pisada c\u00f3moda y segura. Una pieza vers\u00e1til que combina la esencia r\u00fastica con el lujo contempor\u00e1neo. &hellip;","og_url":"https:\/\/www.venisecollection.com\/es\/shop\/women\/sabot\/mu-sw631003a-cog","og_site_name":"VENISE COLLECTION","article_modified_time":"2026-04-22T15:21:15+00:00","og_image":[{"width":1280,"height":1588,"url":"https:\/\/www.venisecollection.com\/cdn\/image.psd-155-5-2.webp","type":"image\/webp"}],"twitter_card":"summary_large_image","twitter_misc":{"Tiempo de lectura":"1 minuto"},"schema":{"@context":"https:\/\/schema.org","@graph":[{"@type":"WebPage","@id":"https:\/\/www.venisecollection.com\/es\/shop\/women\/sabot\/mu-sw631003a-cog","url":"https:\/\/www.venisecollection.com\/es\/shop\/women\/sabot\/mu-sw631003a-cog","name":"Sabots Bio Buckle MOU COG en Gamuza Cognac","isPartOf":{"@id":"https:\/\/www.venisecollection.com\/es#website"},"primaryImageOfPage":{"@id":"https:\/\/www.venisecollection.com\/es\/shop\/women\/sabot\/mu-sw631003a-cog#primaryimage"},"image":{"@id":"https:\/\/www.venisecollection.com\/es\/shop\/women\/sabot\/mu-sw631003a-cog#primaryimage"},"thumbnailUrl":"https:\/\/www.venisecollection.com\/cdn\/image.psd-155-5-2.webp","datePublished":"2026-04-22T15:12:14+00:00","dateModified":"2026-04-22T15:21:15+00:00","breadcrumb":{"@id":"https:\/\/www.venisecollection.com\/es\/shop\/women\/sabot\/mu-sw631003a-cog#breadcrumb"},"inLanguage":"es","potentialAction":[{"@type":"ReadAction","target":["https:\/\/www.venisecollection.com\/es\/shop\/women\/sabot\/mu-sw631003a-cog"]}]},{"@type":"ImageObject","inLanguage":"es","@id":"https:\/\/www.venisecollection.com\/es\/shop\/women\/sabot\/mu-sw631003a-cog#primaryimage","url":"https:\/\/www.venisecollection.com\/cdn\/image.psd-155-5-2.webp","contentUrl":"https:\/\/www.venisecollection.com\/cdn\/image.psd-155-5-2.webp","width":1280,"height":1588},{"@type":"BreadcrumbList","@id":"https:\/\/www.venisecollection.com\/es\/shop\/women\/sabot\/mu-sw631003a-cog#breadcrumb","itemListElement":[{"@type":"ListItem","position":1,"name":"Home","item":"https:\/\/www.venisecollection.com\/es\/tienda"},{"@type":"ListItem","position":2,"name":"Inicio","item":"https:\/\/www.venisecollection.com\/es\/tienda"},{"@type":"ListItem","position":3,"name":"MU.SW631003A COG"}]},{"@type":"WebSite","@id":"https:\/\/www.venisecollection.com\/es#website","url":"https:\/\/www.venisecollection.com\/es","name":"VENISE COLLECTION","description":"","publisher":{"@id":"https:\/\/www.venisecollection.com\/es#organization"},"potentialAction":[{"@type":"SearchAction","target":{"@type":"EntryPoint","urlTemplate":"https:\/\/www.venisecollection.com\/es?s={search_term_string}"},"query-input":{"@type":"PropertyValueSpecification","valueRequired":true,"valueName":"search_term_string"}}],"inLanguage":"es"},{"@type":"Organization","@id":"https:\/\/www.venisecollection.com\/es#organization","name":"VENISE COLLECTION","url":"https:\/\/www.venisecollection.com\/es","logo":{"@type":"ImageObject","inLanguage":"es","@id":"https:\/\/www.venisecollection.com\/es#\/schema\/logo\/image\/","url":"https:\/\/www.venisecollection.com\/cdn\/seo.png","contentUrl":"https:\/\/www.venisecollection.com\/cdn\/seo.png","width":1080,"height":1080,"caption":"VENISE COLLECTION"},"image":{"@id":"https:\/\/www.venisecollection.com\/es#\/schema\/logo\/image\/"},"sameAs":["https:\/\/www.instagram.com\/venisecollection\/","https:\/\/fr.pinterest.com\/venisecollection\/"]}]}},"_links":{"self":[{"href":"https:\/\/www.venisecollection.com\/es\/wp-json\/wp\/v2\/product\/25231","targetHints":{"allow":["GET"]}}],"collection":[{"href":"https:\/\/www.venisecollection.com\/es\/wp-json\/wp\/v2\/product"}],"about":[{"href":"https:\/\/www.venisecollection.com\/es\/wp-json\/wp\/v2\/types\/product"}],"wp:featuredmedia":[{"embeddable":true,"href":"https:\/\/www.venisecollection.com\/es\/wp-json\/wp\/v2\/media\/25244"}],"wp:attachment":[{"href":"https:\/\/www.venisecollection.com\/es\/wp-json\/wp\/v2\/media?parent=25231"}],"wp:term":[{"taxonomy":"product_brand","embeddable":true,"href":"https:\/\/www.venisecollection.com\/es\/wp-json\/wp\/v2\/product_brand?post=25231"},{"taxonomy":"product_cat","embeddable":true,"href":"https:\/\/www.venisecollection.com\/es\/wp-json\/wp\/v2\/product_cat?post=25231"},{"taxonomy":"product_tag","embeddable":true,"href":"https:\/\/www.venisecollection.com\/es\/wp-json\/wp\/v2\/product_tag?post=25231"}],"curies":[{"name":"wp","href":"https:\/\/api.w.org\/{rel}","templated":true}]}}