{"id":27118,"date":"2026-05-12T13:26:07","date_gmt":"2026-05-12T13:26:07","guid":{"rendered":"https:\/\/www.venisecollection.com\/?post_type=product&#038;p=27118"},"modified":"2026-05-12T13:40:25","modified_gmt":"2026-05-12T13:40:25","slug":"ja2822-sabotd-rocchetto-cu","status":"publish","type":"product","link":"https:\/\/www.venisecollection.com\/es\/shop\/women\/sandalia\/ja2822-sabotd-rocchetto-cu","title":{"rendered":"JA2822 SABOTD ROCCHETTO CU"},"content":{"rendered":"<p data-path-to-node=\"25\">Sofisticaci\u00f3n y calidez se unen en las sandalias de tac\u00f3n <b data-path-to-node=\"25\" data-index-in-node=\"71\">Love Moschino Sabot Rocchetto<\/b>. Destacan por su parte superior de <b data-path-to-node=\"25\" data-index-in-node=\"136\">textil de crochet<\/b> con un patr\u00f3n artesanal en tonos mostaza, tabaco y crema. El tac\u00f3n de 5,5 cm con forma geom\u00e9trica proporciona una pisada c\u00f3moda y una silueta vanguardista ideal para el verano. Con una plantilla de <b data-path-to-node=\"25\" data-index-in-node=\"352\">cuero natural<\/b> de alta calidad \u0648 el emblem\u00e1tico dije de coraz\u00f3n dorado, estas palas son el accesorio definitivo para elevar cualquier outfit con el sello del lujo italiano.<\/p>\n<ul data-path-to-node=\"26\">\n<li>\n<p data-path-to-node=\"26,0,0\"><b data-path-to-node=\"26,0,0\" data-index-in-node=\"0\">Exterior:<\/b> Textil de crochet premium.<\/p>\n<\/li>\n<li>\n<p data-path-to-node=\"26,1,0\"><b data-path-to-node=\"26,1,0\" data-index-in-node=\"0\">Altura del tac\u00f3n:<\/b> 5,5 cm estilo arquitect\u00f3nico estable.<\/p>\n<\/li>\n<li>\n<p data-path-to-node=\"26,2,0\"><b data-path-to-node=\"26,2,0\" data-index-in-node=\"0\">Detalles:<\/b> Logotipo de coraz\u00f3n dorado, planta de cuero de alta calidad.<\/p>\n<\/li>\n<li>\n<p data-path-to-node=\"26,3,0\"><b data-path-to-node=\"26,3,0\" data-index-in-node=\"0\">Versatilidad:<\/b> Perfectas para combinar con pantalones de lino o faldas vaporosas.<\/p>\n<\/li>\n<\/ul>\n","protected":false},"excerpt":{"rendered":"<p>Sofisticaci\u00f3n y calidez se unen en las sandalias de tac\u00f3n Love Moschino Sabot Rocchetto. Destacan por su parte superior de textil de crochet con un patr\u00f3n artesanal en tonos mostaza, tabaco y crema. El tac\u00f3n de 5,5 cm con forma geom\u00e9trica proporciona una pisada c\u00f3moda y una silueta vanguardista ideal para el verano. Con una &hellip;<\/p>\n","protected":false},"featured_media":27127,"template":"","meta":[],"product_brand":[366],"product_cat":[332],"product_tag":[],"class_list":{"0":"post-27118","1":"product","2":"type-product","3":"status-publish","4":"has-post-thumbnail","6":"product_brand-moschino","7":"product_cat-sandalia","9":"first","10":"instock","11":"shipping-taxable","12":"purchasable","13":"product-type-variable"},"yoast_head":"<!-- This site is optimized with the Yoast SEO plugin v27.6 - https:\/\/yoast.com\/product\/yoast-seo-wordpress\/ -->\n<title>Sandalias de Tac\u00f3n LOVE MOSCHINO de Crochet Mostaza y Crema<\/title>\n<meta name=\"robots\" content=\"index, follow, max-snippet:-1, max-image-preview:large, max-video-preview:-1\" \/>\n<link rel=\"canonical\" href=\"https:\/\/www.venisecollection.com\/es\/shop\/women\/sandalia\/ja2822-sabotd-rocchetto-cu\" \/>\n<meta property=\"og:locale\" content=\"es_ES\" \/>\n<meta property=\"og:type\" content=\"article\" \/>\n<meta property=\"og:title\" content=\"Sandalias de Tac\u00f3n LOVE MOSCHINO de Crochet Mostaza y Crema\" \/>\n<meta property=\"og:description\" content=\"Sofisticaci\u00f3n y calidez se unen en las sandalias de tac\u00f3n Love Moschino Sabot Rocchetto. Destacan por su parte superior de textil de crochet con un patr\u00f3n artesanal en tonos mostaza, tabaco y crema. El tac\u00f3n de 5,5 cm con forma geom\u00e9trica proporciona una pisada c\u00f3moda y una silueta vanguardista ideal para el verano. Con una &hellip;\" \/>\n<meta property=\"og:url\" content=\"https:\/\/www.venisecollection.com\/es\/shop\/women\/sandalia\/ja2822-sabotd-rocchetto-cu\" \/>\n<meta property=\"og:site_name\" content=\"VENISE COLLECTION\" \/>\n<meta property=\"article:modified_time\" content=\"2026-05-12T13:40:25+00:00\" \/>\n<meta property=\"og:image\" content=\"https:\/\/www.venisecollection.com\/cdn\/image-344.webp\" \/>\n\t<meta property=\"og:image:width\" content=\"1280\" \/>\n\t<meta property=\"og:image:height\" content=\"1588\" \/>\n\t<meta property=\"og:image:type\" content=\"image\/webp\" \/>\n<meta name=\"twitter:card\" content=\"summary_large_image\" \/>\n<meta name=\"twitter:label1\" content=\"Tiempo de lectura\" \/>\n\t<meta name=\"twitter:data1\" content=\"1 minuto\" \/>\n<script type=\"application\/ld+json\" class=\"yoast-schema-graph\">{\"@context\":\"https:\\\/\\\/schema.org\",\"@graph\":[{\"@type\":\"WebPage\",\"@id\":\"https:\\\/\\\/www.venisecollection.com\\\/es\\\/shop\\\/women\\\/sandalia\\\/ja2822-sabotd-rocchetto-cu\",\"url\":\"https:\\\/\\\/www.venisecollection.com\\\/es\\\/shop\\\/women\\\/sandalia\\\/ja2822-sabotd-rocchetto-cu\",\"name\":\"Sandalias de Tac\u00f3n LOVE MOSCHINO de Crochet Mostaza y Crema\",\"isPartOf\":{\"@id\":\"https:\\\/\\\/www.venisecollection.com\\\/es#website\"},\"primaryImageOfPage\":{\"@id\":\"https:\\\/\\\/www.venisecollection.com\\\/es\\\/shop\\\/women\\\/sandalia\\\/ja2822-sabotd-rocchetto-cu#primaryimage\"},\"image\":{\"@id\":\"https:\\\/\\\/www.venisecollection.com\\\/es\\\/shop\\\/women\\\/sandalia\\\/ja2822-sabotd-rocchetto-cu#primaryimage\"},\"thumbnailUrl\":\"https:\\\/\\\/www.venisecollection.com\\\/cdn\\\/image-344.webp\",\"datePublished\":\"2026-05-12T13:26:07+00:00\",\"dateModified\":\"2026-05-12T13:40:25+00:00\",\"breadcrumb\":{\"@id\":\"https:\\\/\\\/www.venisecollection.com\\\/es\\\/shop\\\/women\\\/sandalia\\\/ja2822-sabotd-rocchetto-cu#breadcrumb\"},\"inLanguage\":\"es\",\"potentialAction\":[{\"@type\":\"ReadAction\",\"target\":[\"https:\\\/\\\/www.venisecollection.com\\\/es\\\/shop\\\/women\\\/sandalia\\\/ja2822-sabotd-rocchetto-cu\"]}]},{\"@type\":\"ImageObject\",\"inLanguage\":\"es\",\"@id\":\"https:\\\/\\\/www.venisecollection.com\\\/es\\\/shop\\\/women\\\/sandalia\\\/ja2822-sabotd-rocchetto-cu#primaryimage\",\"url\":\"https:\\\/\\\/www.venisecollection.com\\\/cdn\\\/image-344.webp\",\"contentUrl\":\"https:\\\/\\\/www.venisecollection.com\\\/cdn\\\/image-344.webp\",\"width\":1280,\"height\":1588},{\"@type\":\"BreadcrumbList\",\"@id\":\"https:\\\/\\\/www.venisecollection.com\\\/es\\\/shop\\\/women\\\/sandalia\\\/ja2822-sabotd-rocchetto-cu#breadcrumb\",\"itemListElement\":[{\"@type\":\"ListItem\",\"position\":1,\"name\":\"Home\",\"item\":\"https:\\\/\\\/www.venisecollection.com\\\/es\\\/tienda\"},{\"@type\":\"ListItem\",\"position\":2,\"name\":\"Inicio\",\"item\":\"https:\\\/\\\/www.venisecollection.com\\\/es\\\/tienda\"},{\"@type\":\"ListItem\",\"position\":3,\"name\":\"JA2822 SABOTD ROCCHETTO CU\"}]},{\"@type\":\"WebSite\",\"@id\":\"https:\\\/\\\/www.venisecollection.com\\\/es#website\",\"url\":\"https:\\\/\\\/www.venisecollection.com\\\/es\",\"name\":\"VENISE COLLECTION\",\"description\":\"\",\"publisher\":{\"@id\":\"https:\\\/\\\/www.venisecollection.com\\\/es#organization\"},\"potentialAction\":[{\"@type\":\"SearchAction\",\"target\":{\"@type\":\"EntryPoint\",\"urlTemplate\":\"https:\\\/\\\/www.venisecollection.com\\\/es?s={search_term_string}\"},\"query-input\":{\"@type\":\"PropertyValueSpecification\",\"valueRequired\":true,\"valueName\":\"search_term_string\"}}],\"inLanguage\":\"es\"},{\"@type\":\"Organization\",\"@id\":\"https:\\\/\\\/www.venisecollection.com\\\/es#organization\",\"name\":\"VENISE COLLECTION\",\"url\":\"https:\\\/\\\/www.venisecollection.com\\\/es\",\"logo\":{\"@type\":\"ImageObject\",\"inLanguage\":\"es\",\"@id\":\"https:\\\/\\\/www.venisecollection.com\\\/es#\\\/schema\\\/logo\\\/image\\\/\",\"url\":\"https:\\\/\\\/www.venisecollection.com\\\/cdn\\\/seo.png\",\"contentUrl\":\"https:\\\/\\\/www.venisecollection.com\\\/cdn\\\/seo.png\",\"width\":1080,\"height\":1080,\"caption\":\"VENISE COLLECTION\"},\"image\":{\"@id\":\"https:\\\/\\\/www.venisecollection.com\\\/es#\\\/schema\\\/logo\\\/image\\\/\"},\"sameAs\":[\"https:\\\/\\\/www.instagram.com\\\/venisecollection\\\/\",\"https:\\\/\\\/fr.pinterest.com\\\/venisecollection\\\/\"]}]}<\/script>\n<!-- \/ Yoast SEO plugin. -->","yoast_head_json":{"title":"Sandalias de Tac\u00f3n LOVE MOSCHINO de Crochet Mostaza y Crema","robots":{"index":"index","follow":"follow","max-snippet":"max-snippet:-1","max-image-preview":"max-image-preview:large","max-video-preview":"max-video-preview:-1"},"canonical":"https:\/\/www.venisecollection.com\/es\/shop\/women\/sandalia\/ja2822-sabotd-rocchetto-cu","og_locale":"es_ES","og_type":"article","og_title":"Sandalias de Tac\u00f3n LOVE MOSCHINO de Crochet Mostaza y Crema","og_description":"Sofisticaci\u00f3n y calidez se unen en las sandalias de tac\u00f3n Love Moschino Sabot Rocchetto. Destacan por su parte superior de textil de crochet con un patr\u00f3n artesanal en tonos mostaza, tabaco y crema. El tac\u00f3n de 5,5 cm con forma geom\u00e9trica proporciona una pisada c\u00f3moda y una silueta vanguardista ideal para el verano. Con una &hellip;","og_url":"https:\/\/www.venisecollection.com\/es\/shop\/women\/sandalia\/ja2822-sabotd-rocchetto-cu","og_site_name":"VENISE COLLECTION","article_modified_time":"2026-05-12T13:40:25+00:00","og_image":[{"width":1280,"height":1588,"url":"https:\/\/www.venisecollection.com\/cdn\/image-344.webp","type":"image\/webp"}],"twitter_card":"summary_large_image","twitter_misc":{"Tiempo de lectura":"1 minuto"},"schema":{"@context":"https:\/\/schema.org","@graph":[{"@type":"WebPage","@id":"https:\/\/www.venisecollection.com\/es\/shop\/women\/sandalia\/ja2822-sabotd-rocchetto-cu","url":"https:\/\/www.venisecollection.com\/es\/shop\/women\/sandalia\/ja2822-sabotd-rocchetto-cu","name":"Sandalias de Tac\u00f3n LOVE MOSCHINO de Crochet Mostaza y Crema","isPartOf":{"@id":"https:\/\/www.venisecollection.com\/es#website"},"primaryImageOfPage":{"@id":"https:\/\/www.venisecollection.com\/es\/shop\/women\/sandalia\/ja2822-sabotd-rocchetto-cu#primaryimage"},"image":{"@id":"https:\/\/www.venisecollection.com\/es\/shop\/women\/sandalia\/ja2822-sabotd-rocchetto-cu#primaryimage"},"thumbnailUrl":"https:\/\/www.venisecollection.com\/cdn\/image-344.webp","datePublished":"2026-05-12T13:26:07+00:00","dateModified":"2026-05-12T13:40:25+00:00","breadcrumb":{"@id":"https:\/\/www.venisecollection.com\/es\/shop\/women\/sandalia\/ja2822-sabotd-rocchetto-cu#breadcrumb"},"inLanguage":"es","potentialAction":[{"@type":"ReadAction","target":["https:\/\/www.venisecollection.com\/es\/shop\/women\/sandalia\/ja2822-sabotd-rocchetto-cu"]}]},{"@type":"ImageObject","inLanguage":"es","@id":"https:\/\/www.venisecollection.com\/es\/shop\/women\/sandalia\/ja2822-sabotd-rocchetto-cu#primaryimage","url":"https:\/\/www.venisecollection.com\/cdn\/image-344.webp","contentUrl":"https:\/\/www.venisecollection.com\/cdn\/image-344.webp","width":1280,"height":1588},{"@type":"BreadcrumbList","@id":"https:\/\/www.venisecollection.com\/es\/shop\/women\/sandalia\/ja2822-sabotd-rocchetto-cu#breadcrumb","itemListElement":[{"@type":"ListItem","position":1,"name":"Home","item":"https:\/\/www.venisecollection.com\/es\/tienda"},{"@type":"ListItem","position":2,"name":"Inicio","item":"https:\/\/www.venisecollection.com\/es\/tienda"},{"@type":"ListItem","position":3,"name":"JA2822 SABOTD ROCCHETTO CU"}]},{"@type":"WebSite","@id":"https:\/\/www.venisecollection.com\/es#website","url":"https:\/\/www.venisecollection.com\/es","name":"VENISE COLLECTION","description":"","publisher":{"@id":"https:\/\/www.venisecollection.com\/es#organization"},"potentialAction":[{"@type":"SearchAction","target":{"@type":"EntryPoint","urlTemplate":"https:\/\/www.venisecollection.com\/es?s={search_term_string}"},"query-input":{"@type":"PropertyValueSpecification","valueRequired":true,"valueName":"search_term_string"}}],"inLanguage":"es"},{"@type":"Organization","@id":"https:\/\/www.venisecollection.com\/es#organization","name":"VENISE COLLECTION","url":"https:\/\/www.venisecollection.com\/es","logo":{"@type":"ImageObject","inLanguage":"es","@id":"https:\/\/www.venisecollection.com\/es#\/schema\/logo\/image\/","url":"https:\/\/www.venisecollection.com\/cdn\/seo.png","contentUrl":"https:\/\/www.venisecollection.com\/cdn\/seo.png","width":1080,"height":1080,"caption":"VENISE COLLECTION"},"image":{"@id":"https:\/\/www.venisecollection.com\/es#\/schema\/logo\/image\/"},"sameAs":["https:\/\/www.instagram.com\/venisecollection\/","https:\/\/fr.pinterest.com\/venisecollection\/"]}]}},"_links":{"self":[{"href":"https:\/\/www.venisecollection.com\/es\/wp-json\/wp\/v2\/product\/27118","targetHints":{"allow":["GET"]}}],"collection":[{"href":"https:\/\/www.venisecollection.com\/es\/wp-json\/wp\/v2\/product"}],"about":[{"href":"https:\/\/www.venisecollection.com\/es\/wp-json\/wp\/v2\/types\/product"}],"wp:featuredmedia":[{"embeddable":true,"href":"https:\/\/www.venisecollection.com\/es\/wp-json\/wp\/v2\/media\/27127"}],"wp:attachment":[{"href":"https:\/\/www.venisecollection.com\/es\/wp-json\/wp\/v2\/media?parent=27118"}],"wp:term":[{"taxonomy":"product_brand","embeddable":true,"href":"https:\/\/www.venisecollection.com\/es\/wp-json\/wp\/v2\/product_brand?post=27118"},{"taxonomy":"product_cat","embeddable":true,"href":"https:\/\/www.venisecollection.com\/es\/wp-json\/wp\/v2\/product_cat?post=27118"},{"taxonomy":"product_tag","embeddable":true,"href":"https:\/\/www.venisecollection.com\/es\/wp-json\/wp\/v2\/product_tag?post=27118"}],"curies":[{"name":"wp","href":"https:\/\/api.w.org\/{rel}","templated":true}]}}