{"id":5885,"date":"2025-11-20T16:22:26","date_gmt":"2025-11-20T16:22:26","guid":{"rendered":"https:\/\/www.venisecollection.com\/shop\/women\/sin%20categor\u00eda\/venise-catherine-jaguar-miele\/"},"modified":"2026-04-15T01:15:27","modified_gmt":"2026-04-15T01:15:27","slug":"venise-catherine-jaguar-miele","status":"publish","type":"product","link":"https:\/\/www.venisecollection.com\/es\/shop\/women\/zapatos-de-salon\/venise-catherine-jaguar-miele","title":{"rendered":"VENISE CATHERINE JAGUAR MIELE"},"content":{"rendered":"<p style=\"text-align: justify;\" data-start=\"1425\" data-end=\"1920\">D\u00e9jate seducir por el glamour atemporal con el zapato de tac\u00f3n VENISE CATHERINE JAGUAR MIELE para mujer de VENISE COLLECTION. Fabricado en piel de becerro estilo poni con un estampado de jaguar en tonos miel, este elegante zapato aporta sofisticaci\u00f3n y atractivo a cada paso. <\/p>\n<p style=\"text-align: justify;\" data-start=\"1425\" data-end=\"1920\">Su tac\u00f3n alto y esculpido estiliza la silueta, mientras que el dise\u00f1o ergon\u00f3mico del arco garantiza una comodidad duradera. El forro interior de cuero aumenta la suavidad y proporciona un ajuste lujoso, ideal tanto para el d\u00eda como para la noche. <\/p>\n","protected":false},"excerpt":{"rendered":"<p>D\u00e9jate seducir por el glamour atemporal con el zapato de tac\u00f3n VENISE CATHERINE JAGUAR MIELE para mujer de VENISE COLLECTION. Fabricado en piel de becerro estilo poni con un estampado de jaguar en tonos miel, este elegante zapato aporta sofisticaci\u00f3n y atractivo a cada paso. Su tac\u00f3n alto y esculpido estiliza la silueta, mientras que &hellip;<\/p>\n","protected":false},"featured_media":5887,"template":"","meta":[],"product_brand":[358],"product_cat":[119],"product_tag":[],"class_list":{"0":"post-5885","1":"product","2":"type-product","3":"status-publish","4":"has-post-thumbnail","6":"product_brand-venise-collection","7":"product_cat-zapatos-de-salon","9":"first","10":"instock","11":"shipping-taxable","12":"purchasable","13":"product-type-variable","14":"has-default-attributes"},"yoast_head":"<!-- This site is optimized with the Yoast SEO plugin v27.4 - https:\/\/yoast.com\/product\/yoast-seo-wordpress\/ -->\n<title>VENISE CATHERINE JAGUAR MIELE - VENISE COLLECTION<\/title>\n<meta name=\"robots\" content=\"index, follow, max-snippet:-1, max-image-preview:large, max-video-preview:-1\" \/>\n<link rel=\"canonical\" href=\"https:\/\/www.venisecollection.com\/es\/shop\/women\/zapatos-de-salon\/venise-catherine-jaguar-miele\" \/>\n<meta property=\"og:locale\" content=\"es_ES\" \/>\n<meta property=\"og:type\" content=\"article\" \/>\n<meta property=\"og:title\" content=\"VENISE CATHERINE JAGUAR MIELE - VENISE COLLECTION\" \/>\n<meta property=\"og:description\" content=\"D\u00e9jate seducir por el glamour atemporal con el zapato de tac\u00f3n VENISE CATHERINE JAGUAR MIELE para mujer de VENISE COLLECTION. Fabricado en piel de becerro estilo poni con un estampado de jaguar en tonos miel, este elegante zapato aporta sofisticaci\u00f3n y atractivo a cada paso. Su tac\u00f3n alto y esculpido estiliza la silueta, mientras que &hellip;\" \/>\n<meta property=\"og:url\" content=\"https:\/\/www.venisecollection.com\/es\/shop\/women\/zapatos-de-salon\/venise-catherine-jaguar-miele\" \/>\n<meta property=\"og:site_name\" content=\"VENISE COLLECTION\" \/>\n<meta property=\"article:modified_time\" content=\"2026-04-15T01:15:27+00:00\" \/>\n<meta property=\"og:image\" content=\"https:\/\/www.venisecollection.com\/cdn\/image-202.webp\" \/>\n\t<meta property=\"og:image:width\" content=\"1280\" \/>\n\t<meta property=\"og:image:height\" content=\"1588\" \/>\n\t<meta property=\"og:image:type\" content=\"image\/webp\" \/>\n<meta name=\"twitter:card\" content=\"summary_large_image\" \/>\n<script type=\"application\/ld+json\" class=\"yoast-schema-graph\">{\"@context\":\"https:\\\/\\\/schema.org\",\"@graph\":[{\"@type\":\"WebPage\",\"@id\":\"https:\\\/\\\/www.venisecollection.com\\\/es\\\/shop\\\/women\\\/zapatos-de-salon\\\/venise-catherine-jaguar-miele\",\"url\":\"https:\\\/\\\/www.venisecollection.com\\\/es\\\/shop\\\/women\\\/zapatos-de-salon\\\/venise-catherine-jaguar-miele\",\"name\":\"VENISE CATHERINE JAGUAR MIELE - VENISE COLLECTION\",\"isPartOf\":{\"@id\":\"https:\\\/\\\/www.venisecollection.com\\\/es#website\"},\"primaryImageOfPage\":{\"@id\":\"https:\\\/\\\/www.venisecollection.com\\\/es\\\/shop\\\/women\\\/zapatos-de-salon\\\/venise-catherine-jaguar-miele#primaryimage\"},\"image\":{\"@id\":\"https:\\\/\\\/www.venisecollection.com\\\/es\\\/shop\\\/women\\\/zapatos-de-salon\\\/venise-catherine-jaguar-miele#primaryimage\"},\"thumbnailUrl\":\"https:\\\/\\\/www.venisecollection.com\\\/cdn\\\/image-202.webp\",\"datePublished\":\"2025-11-20T16:22:26+00:00\",\"dateModified\":\"2026-04-15T01:15:27+00:00\",\"breadcrumb\":{\"@id\":\"https:\\\/\\\/www.venisecollection.com\\\/es\\\/shop\\\/women\\\/zapatos-de-salon\\\/venise-catherine-jaguar-miele#breadcrumb\"},\"inLanguage\":\"es\",\"potentialAction\":[{\"@type\":\"ReadAction\",\"target\":[\"https:\\\/\\\/www.venisecollection.com\\\/es\\\/shop\\\/women\\\/zapatos-de-salon\\\/venise-catherine-jaguar-miele\"]}]},{\"@type\":\"ImageObject\",\"inLanguage\":\"es\",\"@id\":\"https:\\\/\\\/www.venisecollection.com\\\/es\\\/shop\\\/women\\\/zapatos-de-salon\\\/venise-catherine-jaguar-miele#primaryimage\",\"url\":\"https:\\\/\\\/www.venisecollection.com\\\/cdn\\\/image-202.webp\",\"contentUrl\":\"https:\\\/\\\/www.venisecollection.com\\\/cdn\\\/image-202.webp\",\"width\":1280,\"height\":1588},{\"@type\":\"BreadcrumbList\",\"@id\":\"https:\\\/\\\/www.venisecollection.com\\\/es\\\/shop\\\/women\\\/zapatos-de-salon\\\/venise-catherine-jaguar-miele#breadcrumb\",\"itemListElement\":[{\"@type\":\"ListItem\",\"position\":1,\"name\":\"Home\",\"item\":\"https:\\\/\\\/www.venisecollection.com\\\/es\\\/tienda\"},{\"@type\":\"ListItem\",\"position\":2,\"name\":\"Inicio\",\"item\":\"https:\\\/\\\/www.venisecollection.com\\\/es\\\/tienda\"},{\"@type\":\"ListItem\",\"position\":3,\"name\":\"VENISE CATHERINE JAGUAR MIELE\"}]},{\"@type\":\"WebSite\",\"@id\":\"https:\\\/\\\/www.venisecollection.com\\\/es#website\",\"url\":\"https:\\\/\\\/www.venisecollection.com\\\/es\",\"name\":\"VENISE COLLECTION\",\"description\":\"\",\"publisher\":{\"@id\":\"https:\\\/\\\/www.venisecollection.com\\\/es#organization\"},\"potentialAction\":[{\"@type\":\"SearchAction\",\"target\":{\"@type\":\"EntryPoint\",\"urlTemplate\":\"https:\\\/\\\/www.venisecollection.com\\\/es?s={search_term_string}\"},\"query-input\":{\"@type\":\"PropertyValueSpecification\",\"valueRequired\":true,\"valueName\":\"search_term_string\"}}],\"inLanguage\":\"es\"},{\"@type\":\"Organization\",\"@id\":\"https:\\\/\\\/www.venisecollection.com\\\/es#organization\",\"name\":\"VENISE COLLECTION\",\"url\":\"https:\\\/\\\/www.venisecollection.com\\\/es\",\"logo\":{\"@type\":\"ImageObject\",\"inLanguage\":\"es\",\"@id\":\"https:\\\/\\\/www.venisecollection.com\\\/es#\\\/schema\\\/logo\\\/image\\\/\",\"url\":\"https:\\\/\\\/www.venisecollection.com\\\/cdn\\\/seo.png\",\"contentUrl\":\"https:\\\/\\\/www.venisecollection.com\\\/cdn\\\/seo.png\",\"width\":1080,\"height\":1080,\"caption\":\"VENISE COLLECTION\"},\"image\":{\"@id\":\"https:\\\/\\\/www.venisecollection.com\\\/es#\\\/schema\\\/logo\\\/image\\\/\"},\"sameAs\":[\"https:\\\/\\\/www.instagram.com\\\/venisecollection\\\/\",\"https:\\\/\\\/fr.pinterest.com\\\/venisecollection\\\/\"]}]}<\/script>\n<!-- \/ Yoast SEO plugin. -->","yoast_head_json":{"title":"VENISE CATHERINE JAGUAR MIELE - VENISE COLLECTION","robots":{"index":"index","follow":"follow","max-snippet":"max-snippet:-1","max-image-preview":"max-image-preview:large","max-video-preview":"max-video-preview:-1"},"canonical":"https:\/\/www.venisecollection.com\/es\/shop\/women\/zapatos-de-salon\/venise-catherine-jaguar-miele","og_locale":"es_ES","og_type":"article","og_title":"VENISE CATHERINE JAGUAR MIELE - VENISE COLLECTION","og_description":"D\u00e9jate seducir por el glamour atemporal con el zapato de tac\u00f3n VENISE CATHERINE JAGUAR MIELE para mujer de VENISE COLLECTION. Fabricado en piel de becerro estilo poni con un estampado de jaguar en tonos miel, este elegante zapato aporta sofisticaci\u00f3n y atractivo a cada paso. Su tac\u00f3n alto y esculpido estiliza la silueta, mientras que &hellip;","og_url":"https:\/\/www.venisecollection.com\/es\/shop\/women\/zapatos-de-salon\/venise-catherine-jaguar-miele","og_site_name":"VENISE COLLECTION","article_modified_time":"2026-04-15T01:15:27+00:00","og_image":[{"width":1280,"height":1588,"url":"https:\/\/www.venisecollection.com\/cdn\/image-202.webp","type":"image\/webp"}],"twitter_card":"summary_large_image","schema":{"@context":"https:\/\/schema.org","@graph":[{"@type":"WebPage","@id":"https:\/\/www.venisecollection.com\/es\/shop\/women\/zapatos-de-salon\/venise-catherine-jaguar-miele","url":"https:\/\/www.venisecollection.com\/es\/shop\/women\/zapatos-de-salon\/venise-catherine-jaguar-miele","name":"VENISE CATHERINE JAGUAR MIELE - VENISE COLLECTION","isPartOf":{"@id":"https:\/\/www.venisecollection.com\/es#website"},"primaryImageOfPage":{"@id":"https:\/\/www.venisecollection.com\/es\/shop\/women\/zapatos-de-salon\/venise-catherine-jaguar-miele#primaryimage"},"image":{"@id":"https:\/\/www.venisecollection.com\/es\/shop\/women\/zapatos-de-salon\/venise-catherine-jaguar-miele#primaryimage"},"thumbnailUrl":"https:\/\/www.venisecollection.com\/cdn\/image-202.webp","datePublished":"2025-11-20T16:22:26+00:00","dateModified":"2026-04-15T01:15:27+00:00","breadcrumb":{"@id":"https:\/\/www.venisecollection.com\/es\/shop\/women\/zapatos-de-salon\/venise-catherine-jaguar-miele#breadcrumb"},"inLanguage":"es","potentialAction":[{"@type":"ReadAction","target":["https:\/\/www.venisecollection.com\/es\/shop\/women\/zapatos-de-salon\/venise-catherine-jaguar-miele"]}]},{"@type":"ImageObject","inLanguage":"es","@id":"https:\/\/www.venisecollection.com\/es\/shop\/women\/zapatos-de-salon\/venise-catherine-jaguar-miele#primaryimage","url":"https:\/\/www.venisecollection.com\/cdn\/image-202.webp","contentUrl":"https:\/\/www.venisecollection.com\/cdn\/image-202.webp","width":1280,"height":1588},{"@type":"BreadcrumbList","@id":"https:\/\/www.venisecollection.com\/es\/shop\/women\/zapatos-de-salon\/venise-catherine-jaguar-miele#breadcrumb","itemListElement":[{"@type":"ListItem","position":1,"name":"Home","item":"https:\/\/www.venisecollection.com\/es\/tienda"},{"@type":"ListItem","position":2,"name":"Inicio","item":"https:\/\/www.venisecollection.com\/es\/tienda"},{"@type":"ListItem","position":3,"name":"VENISE CATHERINE JAGUAR MIELE"}]},{"@type":"WebSite","@id":"https:\/\/www.venisecollection.com\/es#website","url":"https:\/\/www.venisecollection.com\/es","name":"VENISE COLLECTION","description":"","publisher":{"@id":"https:\/\/www.venisecollection.com\/es#organization"},"potentialAction":[{"@type":"SearchAction","target":{"@type":"EntryPoint","urlTemplate":"https:\/\/www.venisecollection.com\/es?s={search_term_string}"},"query-input":{"@type":"PropertyValueSpecification","valueRequired":true,"valueName":"search_term_string"}}],"inLanguage":"es"},{"@type":"Organization","@id":"https:\/\/www.venisecollection.com\/es#organization","name":"VENISE COLLECTION","url":"https:\/\/www.venisecollection.com\/es","logo":{"@type":"ImageObject","inLanguage":"es","@id":"https:\/\/www.venisecollection.com\/es#\/schema\/logo\/image\/","url":"https:\/\/www.venisecollection.com\/cdn\/seo.png","contentUrl":"https:\/\/www.venisecollection.com\/cdn\/seo.png","width":1080,"height":1080,"caption":"VENISE COLLECTION"},"image":{"@id":"https:\/\/www.venisecollection.com\/es#\/schema\/logo\/image\/"},"sameAs":["https:\/\/www.instagram.com\/venisecollection\/","https:\/\/fr.pinterest.com\/venisecollection\/"]}]}},"_links":{"self":[{"href":"https:\/\/www.venisecollection.com\/es\/wp-json\/wp\/v2\/product\/5885","targetHints":{"allow":["GET"]}}],"collection":[{"href":"https:\/\/www.venisecollection.com\/es\/wp-json\/wp\/v2\/product"}],"about":[{"href":"https:\/\/www.venisecollection.com\/es\/wp-json\/wp\/v2\/types\/product"}],"wp:featuredmedia":[{"embeddable":true,"href":"https:\/\/www.venisecollection.com\/es\/wp-json\/wp\/v2\/media\/5887"}],"wp:attachment":[{"href":"https:\/\/www.venisecollection.com\/es\/wp-json\/wp\/v2\/media?parent=5885"}],"wp:term":[{"taxonomy":"product_brand","embeddable":true,"href":"https:\/\/www.venisecollection.com\/es\/wp-json\/wp\/v2\/product_brand?post=5885"},{"taxonomy":"product_cat","embeddable":true,"href":"https:\/\/www.venisecollection.com\/es\/wp-json\/wp\/v2\/product_cat?post=5885"},{"taxonomy":"product_tag","embeddable":true,"href":"https:\/\/www.venisecollection.com\/es\/wp-json\/wp\/v2\/product_tag?post=5885"}],"curies":[{"name":"wp","href":"https:\/\/api.w.org\/{rel}","templated":true}]}}