{"id":5898,"date":"2025-11-20T16:21:54","date_gmt":"2025-11-20T16:21:54","guid":{"rendered":"https:\/\/www.venisecollection.com\/shop\/women\/sin%20categor\u00eda\/paul-smith-dover-terracota\/"},"modified":"2026-04-15T01:15:57","modified_gmt":"2026-04-15T01:15:57","slug":"paul-smith-dover-terracota","status":"publish","type":"product","link":"https:\/\/www.venisecollection.com\/es\/shop\/women\/zapatillas\/paul-smith-dover-terracota","title":{"rendered":"Paul Smith DOVER TERRACOTA"},"content":{"rendered":"<p style=\"text-align: justify;\" data-start=\"1407\" data-end=\"1853\">Descubre el encanto refinado de las zapatillas de mujer Paul Smith DOVER TERRACOTA. Confeccionadas en lujoso terciopelo color terracota, este zapato combina la elegancia brit\u00e1nica con la comodidad moderna, perfecto para la temporada oto\u00f1o-invierno 2025-2026. <\/p>\n<p style=\"text-align: justify;\" data-start=\"1407\" data-end=\"1853\">Con una construcci\u00f3n lateral cosida para mayor durabilidad, una suela de goma para mayor flexibilidad y un forro de cuero y textil para mayor transpirabilidad, garantiza comodidad durante todo el d\u00eda con un estilo chic y sin esfuerzo. Las Dover Terracotta combinan a la perfecci\u00f3n con vaqueros, faldas o pantalones a medida, a\u00f1adiendo un toque c\u00e1lido y elegante a tu vestuario. <\/p>\n","protected":false},"excerpt":{"rendered":"<p>Descubre el encanto refinado de las zapatillas de mujer Paul Smith DOVER TERRACOTA. Confeccionadas en lujoso terciopelo color terracota, este zapato combina la elegancia brit\u00e1nica con la comodidad moderna, perfecto para la temporada oto\u00f1o-invierno 2025-2026. Con una construcci\u00f3n lateral cosida para mayor durabilidad, una suela de goma para mayor flexibilidad y un forro de cuero &hellip;<\/p>\n","protected":false},"featured_media":5903,"template":"","meta":[],"product_brand":[355],"product_cat":[121],"product_tag":[],"class_list":{"0":"post-5898","1":"product","2":"type-product","3":"status-publish","4":"has-post-thumbnail","6":"product_brand-paul-smith","7":"product_cat-zapatillas","9":"first","10":"instock","11":"shipping-taxable","12":"purchasable","13":"product-type-variable","14":"has-default-attributes"},"yoast_head":"<!-- This site is optimized with the Yoast SEO plugin v27.4 - https:\/\/yoast.com\/product\/yoast-seo-wordpress\/ -->\n<title>Paul Smith DOVER TERRACOTA - VENISE COLLECTION<\/title>\n<meta name=\"robots\" content=\"index, follow, max-snippet:-1, max-image-preview:large, max-video-preview:-1\" \/>\n<link rel=\"canonical\" href=\"https:\/\/www.venisecollection.com\/es\/shop\/women\/zapatillas\/paul-smith-dover-terracota\" \/>\n<meta property=\"og:locale\" content=\"es_ES\" \/>\n<meta property=\"og:type\" content=\"article\" \/>\n<meta property=\"og:title\" content=\"Paul Smith DOVER TERRACOTA - VENISE COLLECTION\" \/>\n<meta property=\"og:description\" content=\"Descubre el encanto refinado de las zapatillas de mujer Paul Smith DOVER TERRACOTA. Confeccionadas en lujoso terciopelo color terracota, este zapato combina la elegancia brit\u00e1nica con la comodidad moderna, perfecto para la temporada oto\u00f1o-invierno 2025-2026. Con una construcci\u00f3n lateral cosida para mayor durabilidad, una suela de goma para mayor flexibilidad y un forro de cuero &hellip;\" \/>\n<meta property=\"og:url\" content=\"https:\/\/www.venisecollection.com\/es\/shop\/women\/zapatillas\/paul-smith-dover-terracota\" \/>\n<meta property=\"og:site_name\" content=\"VENISE COLLECTION\" \/>\n<meta property=\"article:modified_time\" content=\"2026-04-15T01:15:57+00:00\" \/>\n<meta property=\"og:image\" content=\"https:\/\/www.venisecollection.com\/cdn\/image-193.webp\" \/>\n\t<meta property=\"og:image:width\" content=\"1280\" \/>\n\t<meta property=\"og:image:height\" content=\"1588\" \/>\n\t<meta property=\"og:image:type\" content=\"image\/webp\" \/>\n<meta name=\"twitter:card\" content=\"summary_large_image\" \/>\n<meta name=\"twitter:label1\" content=\"Tiempo de lectura\" \/>\n\t<meta name=\"twitter:data1\" content=\"1 minuto\" \/>\n<script type=\"application\/ld+json\" class=\"yoast-schema-graph\">{\"@context\":\"https:\\\/\\\/schema.org\",\"@graph\":[{\"@type\":\"WebPage\",\"@id\":\"https:\\\/\\\/www.venisecollection.com\\\/es\\\/shop\\\/women\\\/zapatillas\\\/paul-smith-dover-terracota\",\"url\":\"https:\\\/\\\/www.venisecollection.com\\\/es\\\/shop\\\/women\\\/zapatillas\\\/paul-smith-dover-terracota\",\"name\":\"Paul Smith DOVER TERRACOTA - VENISE COLLECTION\",\"isPartOf\":{\"@id\":\"https:\\\/\\\/www.venisecollection.com\\\/es#website\"},\"primaryImageOfPage\":{\"@id\":\"https:\\\/\\\/www.venisecollection.com\\\/es\\\/shop\\\/women\\\/zapatillas\\\/paul-smith-dover-terracota#primaryimage\"},\"image\":{\"@id\":\"https:\\\/\\\/www.venisecollection.com\\\/es\\\/shop\\\/women\\\/zapatillas\\\/paul-smith-dover-terracota#primaryimage\"},\"thumbnailUrl\":\"https:\\\/\\\/www.venisecollection.com\\\/cdn\\\/image-193.webp\",\"datePublished\":\"2025-11-20T16:21:54+00:00\",\"dateModified\":\"2026-04-15T01:15:57+00:00\",\"breadcrumb\":{\"@id\":\"https:\\\/\\\/www.venisecollection.com\\\/es\\\/shop\\\/women\\\/zapatillas\\\/paul-smith-dover-terracota#breadcrumb\"},\"inLanguage\":\"es\",\"potentialAction\":[{\"@type\":\"ReadAction\",\"target\":[\"https:\\\/\\\/www.venisecollection.com\\\/es\\\/shop\\\/women\\\/zapatillas\\\/paul-smith-dover-terracota\"]}]},{\"@type\":\"ImageObject\",\"inLanguage\":\"es\",\"@id\":\"https:\\\/\\\/www.venisecollection.com\\\/es\\\/shop\\\/women\\\/zapatillas\\\/paul-smith-dover-terracota#primaryimage\",\"url\":\"https:\\\/\\\/www.venisecollection.com\\\/cdn\\\/image-193.webp\",\"contentUrl\":\"https:\\\/\\\/www.venisecollection.com\\\/cdn\\\/image-193.webp\",\"width\":1280,\"height\":1588},{\"@type\":\"BreadcrumbList\",\"@id\":\"https:\\\/\\\/www.venisecollection.com\\\/es\\\/shop\\\/women\\\/zapatillas\\\/paul-smith-dover-terracota#breadcrumb\",\"itemListElement\":[{\"@type\":\"ListItem\",\"position\":1,\"name\":\"Home\",\"item\":\"https:\\\/\\\/www.venisecollection.com\\\/es\\\/tienda\"},{\"@type\":\"ListItem\",\"position\":2,\"name\":\"Inicio\",\"item\":\"https:\\\/\\\/www.venisecollection.com\\\/es\\\/tienda\"},{\"@type\":\"ListItem\",\"position\":3,\"name\":\"Paul Smith DOVER TERRACOTA\"}]},{\"@type\":\"WebSite\",\"@id\":\"https:\\\/\\\/www.venisecollection.com\\\/es#website\",\"url\":\"https:\\\/\\\/www.venisecollection.com\\\/es\",\"name\":\"VENISE COLLECTION\",\"description\":\"\",\"publisher\":{\"@id\":\"https:\\\/\\\/www.venisecollection.com\\\/es#organization\"},\"potentialAction\":[{\"@type\":\"SearchAction\",\"target\":{\"@type\":\"EntryPoint\",\"urlTemplate\":\"https:\\\/\\\/www.venisecollection.com\\\/es?s={search_term_string}\"},\"query-input\":{\"@type\":\"PropertyValueSpecification\",\"valueRequired\":true,\"valueName\":\"search_term_string\"}}],\"inLanguage\":\"es\"},{\"@type\":\"Organization\",\"@id\":\"https:\\\/\\\/www.venisecollection.com\\\/es#organization\",\"name\":\"VENISE COLLECTION\",\"url\":\"https:\\\/\\\/www.venisecollection.com\\\/es\",\"logo\":{\"@type\":\"ImageObject\",\"inLanguage\":\"es\",\"@id\":\"https:\\\/\\\/www.venisecollection.com\\\/es#\\\/schema\\\/logo\\\/image\\\/\",\"url\":\"https:\\\/\\\/www.venisecollection.com\\\/cdn\\\/seo.png\",\"contentUrl\":\"https:\\\/\\\/www.venisecollection.com\\\/cdn\\\/seo.png\",\"width\":1080,\"height\":1080,\"caption\":\"VENISE COLLECTION\"},\"image\":{\"@id\":\"https:\\\/\\\/www.venisecollection.com\\\/es#\\\/schema\\\/logo\\\/image\\\/\"},\"sameAs\":[\"https:\\\/\\\/www.instagram.com\\\/venisecollection\\\/\",\"https:\\\/\\\/fr.pinterest.com\\\/venisecollection\\\/\"]}]}<\/script>\n<!-- \/ Yoast SEO plugin. -->","yoast_head_json":{"title":"Paul Smith DOVER TERRACOTA - VENISE COLLECTION","robots":{"index":"index","follow":"follow","max-snippet":"max-snippet:-1","max-image-preview":"max-image-preview:large","max-video-preview":"max-video-preview:-1"},"canonical":"https:\/\/www.venisecollection.com\/es\/shop\/women\/zapatillas\/paul-smith-dover-terracota","og_locale":"es_ES","og_type":"article","og_title":"Paul Smith DOVER TERRACOTA - VENISE COLLECTION","og_description":"Descubre el encanto refinado de las zapatillas de mujer Paul Smith DOVER TERRACOTA. Confeccionadas en lujoso terciopelo color terracota, este zapato combina la elegancia brit\u00e1nica con la comodidad moderna, perfecto para la temporada oto\u00f1o-invierno 2025-2026. Con una construcci\u00f3n lateral cosida para mayor durabilidad, una suela de goma para mayor flexibilidad y un forro de cuero &hellip;","og_url":"https:\/\/www.venisecollection.com\/es\/shop\/women\/zapatillas\/paul-smith-dover-terracota","og_site_name":"VENISE COLLECTION","article_modified_time":"2026-04-15T01:15:57+00:00","og_image":[{"width":1280,"height":1588,"url":"https:\/\/www.venisecollection.com\/cdn\/image-193.webp","type":"image\/webp"}],"twitter_card":"summary_large_image","twitter_misc":{"Tiempo de lectura":"1 minuto"},"schema":{"@context":"https:\/\/schema.org","@graph":[{"@type":"WebPage","@id":"https:\/\/www.venisecollection.com\/es\/shop\/women\/zapatillas\/paul-smith-dover-terracota","url":"https:\/\/www.venisecollection.com\/es\/shop\/women\/zapatillas\/paul-smith-dover-terracota","name":"Paul Smith DOVER TERRACOTA - VENISE COLLECTION","isPartOf":{"@id":"https:\/\/www.venisecollection.com\/es#website"},"primaryImageOfPage":{"@id":"https:\/\/www.venisecollection.com\/es\/shop\/women\/zapatillas\/paul-smith-dover-terracota#primaryimage"},"image":{"@id":"https:\/\/www.venisecollection.com\/es\/shop\/women\/zapatillas\/paul-smith-dover-terracota#primaryimage"},"thumbnailUrl":"https:\/\/www.venisecollection.com\/cdn\/image-193.webp","datePublished":"2025-11-20T16:21:54+00:00","dateModified":"2026-04-15T01:15:57+00:00","breadcrumb":{"@id":"https:\/\/www.venisecollection.com\/es\/shop\/women\/zapatillas\/paul-smith-dover-terracota#breadcrumb"},"inLanguage":"es","potentialAction":[{"@type":"ReadAction","target":["https:\/\/www.venisecollection.com\/es\/shop\/women\/zapatillas\/paul-smith-dover-terracota"]}]},{"@type":"ImageObject","inLanguage":"es","@id":"https:\/\/www.venisecollection.com\/es\/shop\/women\/zapatillas\/paul-smith-dover-terracota#primaryimage","url":"https:\/\/www.venisecollection.com\/cdn\/image-193.webp","contentUrl":"https:\/\/www.venisecollection.com\/cdn\/image-193.webp","width":1280,"height":1588},{"@type":"BreadcrumbList","@id":"https:\/\/www.venisecollection.com\/es\/shop\/women\/zapatillas\/paul-smith-dover-terracota#breadcrumb","itemListElement":[{"@type":"ListItem","position":1,"name":"Home","item":"https:\/\/www.venisecollection.com\/es\/tienda"},{"@type":"ListItem","position":2,"name":"Inicio","item":"https:\/\/www.venisecollection.com\/es\/tienda"},{"@type":"ListItem","position":3,"name":"Paul Smith DOVER TERRACOTA"}]},{"@type":"WebSite","@id":"https:\/\/www.venisecollection.com\/es#website","url":"https:\/\/www.venisecollection.com\/es","name":"VENISE COLLECTION","description":"","publisher":{"@id":"https:\/\/www.venisecollection.com\/es#organization"},"potentialAction":[{"@type":"SearchAction","target":{"@type":"EntryPoint","urlTemplate":"https:\/\/www.venisecollection.com\/es?s={search_term_string}"},"query-input":{"@type":"PropertyValueSpecification","valueRequired":true,"valueName":"search_term_string"}}],"inLanguage":"es"},{"@type":"Organization","@id":"https:\/\/www.venisecollection.com\/es#organization","name":"VENISE COLLECTION","url":"https:\/\/www.venisecollection.com\/es","logo":{"@type":"ImageObject","inLanguage":"es","@id":"https:\/\/www.venisecollection.com\/es#\/schema\/logo\/image\/","url":"https:\/\/www.venisecollection.com\/cdn\/seo.png","contentUrl":"https:\/\/www.venisecollection.com\/cdn\/seo.png","width":1080,"height":1080,"caption":"VENISE COLLECTION"},"image":{"@id":"https:\/\/www.venisecollection.com\/es#\/schema\/logo\/image\/"},"sameAs":["https:\/\/www.instagram.com\/venisecollection\/","https:\/\/fr.pinterest.com\/venisecollection\/"]}]}},"_links":{"self":[{"href":"https:\/\/www.venisecollection.com\/es\/wp-json\/wp\/v2\/product\/5898","targetHints":{"allow":["GET"]}}],"collection":[{"href":"https:\/\/www.venisecollection.com\/es\/wp-json\/wp\/v2\/product"}],"about":[{"href":"https:\/\/www.venisecollection.com\/es\/wp-json\/wp\/v2\/types\/product"}],"wp:featuredmedia":[{"embeddable":true,"href":"https:\/\/www.venisecollection.com\/es\/wp-json\/wp\/v2\/media\/5903"}],"wp:attachment":[{"href":"https:\/\/www.venisecollection.com\/es\/wp-json\/wp\/v2\/media?parent=5898"}],"wp:term":[{"taxonomy":"product_brand","embeddable":true,"href":"https:\/\/www.venisecollection.com\/es\/wp-json\/wp\/v2\/product_brand?post=5898"},{"taxonomy":"product_cat","embeddable":true,"href":"https:\/\/www.venisecollection.com\/es\/wp-json\/wp\/v2\/product_cat?post=5898"},{"taxonomy":"product_tag","embeddable":true,"href":"https:\/\/www.venisecollection.com\/es\/wp-json\/wp\/v2\/product_tag?post=5898"}],"curies":[{"name":"wp","href":"https:\/\/api.w.org\/{rel}","templated":true}]}}