{"id":5965,"date":"2025-11-20T16:20:11","date_gmt":"2025-11-20T16:20:11","guid":{"rendered":"https:\/\/www.venisecollection.com\/shop\/women\/sin%20categor\u00eda\/roberto-festa-commy-nappa-crema\/"},"modified":"2025-12-26T15:07:29","modified_gmt":"2025-12-26T15:07:29","slug":"roberto-festa-commy-nappa-crema","status":"publish","type":"product","link":"https:\/\/www.venisecollection.com\/es\/shop\/women\/botas\/roberto-festa-commy-nappa-crema","title":{"rendered":"ROBERTO FESTA COMMY NAPPA CREMA"},"content":{"rendered":"<p style=\"text-align: justify;\" data-start=\"1095\" data-end=\"1738\">Las botas de mujer ROBERTO FESTA COMMY NAPPA CREMA est\u00e1n confeccionadas en piel napa de primera calidad en un elegante tono crema, mostrando la refinada artesan\u00eda italiana. Dise\u00f1adas con un tac\u00f3n de 8 cm y una pr\u00e1ctica cremallera lateral, estas botas ofrecen sofisticaci\u00f3n y comodidad. <\/p>\n<p style=\"text-align: justify;\" data-start=\"1095\" data-end=\"1738\">Su color crema neutro realza cualquier conjunto, desde elegantes abrigos de invierno hasta vestidos minimalistas, convirti\u00e9ndolas en una pieza esencial en cualquier armario moderno. Perfectas tanto para el uso diario como para ocasiones especiales, encarnan el estilo italiano atemporal con un toque contempor\u00e1neo. <\/p>\n","protected":false},"excerpt":{"rendered":"<p>Las botas de mujer ROBERTO FESTA COMMY NAPPA CREMA est\u00e1n confeccionadas en piel napa de primera calidad en un elegante tono crema, mostrando la refinada artesan\u00eda italiana. Dise\u00f1adas con un tac\u00f3n de 8 cm y una pr\u00e1ctica cremallera lateral, estas botas ofrecen sofisticaci\u00f3n y comodidad. Su color crema neutro realza cualquier conjunto, desde elegantes abrigos &hellip;<\/p>\n","protected":false},"featured_media":5967,"template":"","meta":[],"product_brand":[361],"product_cat":[122],"product_tag":[],"class_list":{"0":"post-5965","1":"product","2":"type-product","3":"status-publish","4":"has-post-thumbnail","6":"product_brand-roberto-festa","7":"product_cat-botas","9":"first","10":"outofstock","11":"shipping-taxable","12":"product-type-variable"},"yoast_head":"<!-- This site is optimized with the Yoast SEO plugin v27.4 - https:\/\/yoast.com\/product\/yoast-seo-wordpress\/ -->\n<title>ROBERTO FESTA COMMY NAPPA CREMA - VENISE COLLECTION<\/title>\n<meta name=\"robots\" content=\"index, follow, max-snippet:-1, max-image-preview:large, max-video-preview:-1\" \/>\n<link rel=\"canonical\" href=\"https:\/\/www.venisecollection.com\/es\/shop\/women\/botas\/roberto-festa-commy-nappa-crema\" \/>\n<meta property=\"og:locale\" content=\"es_ES\" \/>\n<meta property=\"og:type\" content=\"article\" \/>\n<meta property=\"og:title\" content=\"ROBERTO FESTA COMMY NAPPA CREMA - VENISE COLLECTION\" \/>\n<meta property=\"og:description\" content=\"Las botas de mujer ROBERTO FESTA COMMY NAPPA CREMA est\u00e1n confeccionadas en piel napa de primera calidad en un elegante tono crema, mostrando la refinada artesan\u00eda italiana. Dise\u00f1adas con un tac\u00f3n de 8 cm y una pr\u00e1ctica cremallera lateral, estas botas ofrecen sofisticaci\u00f3n y comodidad. Su color crema neutro realza cualquier conjunto, desde elegantes abrigos &hellip;\" \/>\n<meta property=\"og:url\" content=\"https:\/\/www.venisecollection.com\/es\/shop\/women\/botas\/roberto-festa-commy-nappa-crema\" \/>\n<meta property=\"og:site_name\" content=\"VENISE COLLECTION\" \/>\n<meta property=\"article:modified_time\" content=\"2025-12-26T15:07:29+00:00\" \/>\n<meta property=\"og:image\" content=\"https:\/\/www.venisecollection.com\/cdn\/image-162.webp\" \/>\n\t<meta property=\"og:image:width\" content=\"1280\" \/>\n\t<meta property=\"og:image:height\" content=\"1588\" \/>\n\t<meta property=\"og:image:type\" content=\"image\/webp\" \/>\n<meta name=\"twitter:card\" content=\"summary_large_image\" \/>\n<script type=\"application\/ld+json\" class=\"yoast-schema-graph\">{\"@context\":\"https:\\\/\\\/schema.org\",\"@graph\":[{\"@type\":\"WebPage\",\"@id\":\"https:\\\/\\\/www.venisecollection.com\\\/es\\\/shop\\\/women\\\/botas\\\/roberto-festa-commy-nappa-crema\",\"url\":\"https:\\\/\\\/www.venisecollection.com\\\/es\\\/shop\\\/women\\\/botas\\\/roberto-festa-commy-nappa-crema\",\"name\":\"ROBERTO FESTA COMMY NAPPA CREMA - VENISE COLLECTION\",\"isPartOf\":{\"@id\":\"https:\\\/\\\/www.venisecollection.com\\\/es#website\"},\"primaryImageOfPage\":{\"@id\":\"https:\\\/\\\/www.venisecollection.com\\\/es\\\/shop\\\/women\\\/botas\\\/roberto-festa-commy-nappa-crema#primaryimage\"},\"image\":{\"@id\":\"https:\\\/\\\/www.venisecollection.com\\\/es\\\/shop\\\/women\\\/botas\\\/roberto-festa-commy-nappa-crema#primaryimage\"},\"thumbnailUrl\":\"https:\\\/\\\/www.venisecollection.com\\\/cdn\\\/image-162.webp\",\"datePublished\":\"2025-11-20T16:20:11+00:00\",\"dateModified\":\"2025-12-26T15:07:29+00:00\",\"breadcrumb\":{\"@id\":\"https:\\\/\\\/www.venisecollection.com\\\/es\\\/shop\\\/women\\\/botas\\\/roberto-festa-commy-nappa-crema#breadcrumb\"},\"inLanguage\":\"es\",\"potentialAction\":[{\"@type\":\"ReadAction\",\"target\":[\"https:\\\/\\\/www.venisecollection.com\\\/es\\\/shop\\\/women\\\/botas\\\/roberto-festa-commy-nappa-crema\"]}]},{\"@type\":\"ImageObject\",\"inLanguage\":\"es\",\"@id\":\"https:\\\/\\\/www.venisecollection.com\\\/es\\\/shop\\\/women\\\/botas\\\/roberto-festa-commy-nappa-crema#primaryimage\",\"url\":\"https:\\\/\\\/www.venisecollection.com\\\/cdn\\\/image-162.webp\",\"contentUrl\":\"https:\\\/\\\/www.venisecollection.com\\\/cdn\\\/image-162.webp\",\"width\":1280,\"height\":1588},{\"@type\":\"BreadcrumbList\",\"@id\":\"https:\\\/\\\/www.venisecollection.com\\\/es\\\/shop\\\/women\\\/botas\\\/roberto-festa-commy-nappa-crema#breadcrumb\",\"itemListElement\":[{\"@type\":\"ListItem\",\"position\":1,\"name\":\"Home\",\"item\":\"https:\\\/\\\/www.venisecollection.com\\\/es\\\/tienda\"},{\"@type\":\"ListItem\",\"position\":2,\"name\":\"Inicio\",\"item\":\"https:\\\/\\\/www.venisecollection.com\\\/es\\\/tienda\"},{\"@type\":\"ListItem\",\"position\":3,\"name\":\"ROBERTO FESTA COMMY NAPPA CREMA\"}]},{\"@type\":\"WebSite\",\"@id\":\"https:\\\/\\\/www.venisecollection.com\\\/es#website\",\"url\":\"https:\\\/\\\/www.venisecollection.com\\\/es\",\"name\":\"VENISE COLLECTION\",\"description\":\"\",\"publisher\":{\"@id\":\"https:\\\/\\\/www.venisecollection.com\\\/es#organization\"},\"potentialAction\":[{\"@type\":\"SearchAction\",\"target\":{\"@type\":\"EntryPoint\",\"urlTemplate\":\"https:\\\/\\\/www.venisecollection.com\\\/es?s={search_term_string}\"},\"query-input\":{\"@type\":\"PropertyValueSpecification\",\"valueRequired\":true,\"valueName\":\"search_term_string\"}}],\"inLanguage\":\"es\"},{\"@type\":\"Organization\",\"@id\":\"https:\\\/\\\/www.venisecollection.com\\\/es#organization\",\"name\":\"VENISE COLLECTION\",\"url\":\"https:\\\/\\\/www.venisecollection.com\\\/es\",\"logo\":{\"@type\":\"ImageObject\",\"inLanguage\":\"es\",\"@id\":\"https:\\\/\\\/www.venisecollection.com\\\/es#\\\/schema\\\/logo\\\/image\\\/\",\"url\":\"https:\\\/\\\/www.venisecollection.com\\\/cdn\\\/seo.png\",\"contentUrl\":\"https:\\\/\\\/www.venisecollection.com\\\/cdn\\\/seo.png\",\"width\":1080,\"height\":1080,\"caption\":\"VENISE COLLECTION\"},\"image\":{\"@id\":\"https:\\\/\\\/www.venisecollection.com\\\/es#\\\/schema\\\/logo\\\/image\\\/\"},\"sameAs\":[\"https:\\\/\\\/www.instagram.com\\\/venisecollection\\\/\",\"https:\\\/\\\/fr.pinterest.com\\\/venisecollection\\\/\"]}]}<\/script>\n<!-- \/ Yoast SEO plugin. -->","yoast_head_json":{"title":"ROBERTO FESTA COMMY NAPPA CREMA - VENISE COLLECTION","robots":{"index":"index","follow":"follow","max-snippet":"max-snippet:-1","max-image-preview":"max-image-preview:large","max-video-preview":"max-video-preview:-1"},"canonical":"https:\/\/www.venisecollection.com\/es\/shop\/women\/botas\/roberto-festa-commy-nappa-crema","og_locale":"es_ES","og_type":"article","og_title":"ROBERTO FESTA COMMY NAPPA CREMA - VENISE COLLECTION","og_description":"Las botas de mujer ROBERTO FESTA COMMY NAPPA CREMA est\u00e1n confeccionadas en piel napa de primera calidad en un elegante tono crema, mostrando la refinada artesan\u00eda italiana. Dise\u00f1adas con un tac\u00f3n de 8 cm y una pr\u00e1ctica cremallera lateral, estas botas ofrecen sofisticaci\u00f3n y comodidad. Su color crema neutro realza cualquier conjunto, desde elegantes abrigos &hellip;","og_url":"https:\/\/www.venisecollection.com\/es\/shop\/women\/botas\/roberto-festa-commy-nappa-crema","og_site_name":"VENISE COLLECTION","article_modified_time":"2025-12-26T15:07:29+00:00","og_image":[{"width":1280,"height":1588,"url":"https:\/\/www.venisecollection.com\/cdn\/image-162.webp","type":"image\/webp"}],"twitter_card":"summary_large_image","schema":{"@context":"https:\/\/schema.org","@graph":[{"@type":"WebPage","@id":"https:\/\/www.venisecollection.com\/es\/shop\/women\/botas\/roberto-festa-commy-nappa-crema","url":"https:\/\/www.venisecollection.com\/es\/shop\/women\/botas\/roberto-festa-commy-nappa-crema","name":"ROBERTO FESTA COMMY NAPPA CREMA - VENISE COLLECTION","isPartOf":{"@id":"https:\/\/www.venisecollection.com\/es#website"},"primaryImageOfPage":{"@id":"https:\/\/www.venisecollection.com\/es\/shop\/women\/botas\/roberto-festa-commy-nappa-crema#primaryimage"},"image":{"@id":"https:\/\/www.venisecollection.com\/es\/shop\/women\/botas\/roberto-festa-commy-nappa-crema#primaryimage"},"thumbnailUrl":"https:\/\/www.venisecollection.com\/cdn\/image-162.webp","datePublished":"2025-11-20T16:20:11+00:00","dateModified":"2025-12-26T15:07:29+00:00","breadcrumb":{"@id":"https:\/\/www.venisecollection.com\/es\/shop\/women\/botas\/roberto-festa-commy-nappa-crema#breadcrumb"},"inLanguage":"es","potentialAction":[{"@type":"ReadAction","target":["https:\/\/www.venisecollection.com\/es\/shop\/women\/botas\/roberto-festa-commy-nappa-crema"]}]},{"@type":"ImageObject","inLanguage":"es","@id":"https:\/\/www.venisecollection.com\/es\/shop\/women\/botas\/roberto-festa-commy-nappa-crema#primaryimage","url":"https:\/\/www.venisecollection.com\/cdn\/image-162.webp","contentUrl":"https:\/\/www.venisecollection.com\/cdn\/image-162.webp","width":1280,"height":1588},{"@type":"BreadcrumbList","@id":"https:\/\/www.venisecollection.com\/es\/shop\/women\/botas\/roberto-festa-commy-nappa-crema#breadcrumb","itemListElement":[{"@type":"ListItem","position":1,"name":"Home","item":"https:\/\/www.venisecollection.com\/es\/tienda"},{"@type":"ListItem","position":2,"name":"Inicio","item":"https:\/\/www.venisecollection.com\/es\/tienda"},{"@type":"ListItem","position":3,"name":"ROBERTO FESTA COMMY NAPPA CREMA"}]},{"@type":"WebSite","@id":"https:\/\/www.venisecollection.com\/es#website","url":"https:\/\/www.venisecollection.com\/es","name":"VENISE COLLECTION","description":"","publisher":{"@id":"https:\/\/www.venisecollection.com\/es#organization"},"potentialAction":[{"@type":"SearchAction","target":{"@type":"EntryPoint","urlTemplate":"https:\/\/www.venisecollection.com\/es?s={search_term_string}"},"query-input":{"@type":"PropertyValueSpecification","valueRequired":true,"valueName":"search_term_string"}}],"inLanguage":"es"},{"@type":"Organization","@id":"https:\/\/www.venisecollection.com\/es#organization","name":"VENISE COLLECTION","url":"https:\/\/www.venisecollection.com\/es","logo":{"@type":"ImageObject","inLanguage":"es","@id":"https:\/\/www.venisecollection.com\/es#\/schema\/logo\/image\/","url":"https:\/\/www.venisecollection.com\/cdn\/seo.png","contentUrl":"https:\/\/www.venisecollection.com\/cdn\/seo.png","width":1080,"height":1080,"caption":"VENISE COLLECTION"},"image":{"@id":"https:\/\/www.venisecollection.com\/es#\/schema\/logo\/image\/"},"sameAs":["https:\/\/www.instagram.com\/venisecollection\/","https:\/\/fr.pinterest.com\/venisecollection\/"]}]}},"_links":{"self":[{"href":"https:\/\/www.venisecollection.com\/es\/wp-json\/wp\/v2\/product\/5965","targetHints":{"allow":["GET"]}}],"collection":[{"href":"https:\/\/www.venisecollection.com\/es\/wp-json\/wp\/v2\/product"}],"about":[{"href":"https:\/\/www.venisecollection.com\/es\/wp-json\/wp\/v2\/types\/product"}],"wp:featuredmedia":[{"embeddable":true,"href":"https:\/\/www.venisecollection.com\/es\/wp-json\/wp\/v2\/media\/5967"}],"wp:attachment":[{"href":"https:\/\/www.venisecollection.com\/es\/wp-json\/wp\/v2\/media?parent=5965"}],"wp:term":[{"taxonomy":"product_brand","embeddable":true,"href":"https:\/\/www.venisecollection.com\/es\/wp-json\/wp\/v2\/product_brand?post=5965"},{"taxonomy":"product_cat","embeddable":true,"href":"https:\/\/www.venisecollection.com\/es\/wp-json\/wp\/v2\/product_cat?post=5965"},{"taxonomy":"product_tag","embeddable":true,"href":"https:\/\/www.venisecollection.com\/es\/wp-json\/wp\/v2\/product_tag?post=5965"}],"curies":[{"name":"wp","href":"https:\/\/api.w.org\/{rel}","templated":true}]}}